{"id":23711,"date":"2025-07-10T18:23:04","date_gmt":"2025-07-10T18:23:04","guid":{"rendered":"https:\/\/vitablanca.ma\/product\/bain-de-bouche-hygiene-buccale-antibacterienne-500-ml\/"},"modified":"2026-01-27T22:43:26","modified_gmt":"2026-01-27T22:43:26","slug":"bain-de-bouche-hygiene-buccale-antibacterienne-500-ml","status":"publish","type":"product","link":"https:\/\/vitablanca.ma\/en\/product\/bain-de-bouche-hygiene-buccale-antibacterienne-500-ml\/","title":{"rendered":"Mouthwash Antibacterial oral hygiene, 500 ml"},"content":{"rendered":"<ul data-mce-fragment=\"1\">\n<li data-mce-fragment=\"1\">Product Features:Vegan<\/li>\n<li data-mce-fragment=\"1\">Helps prevent bacterial plaque<\/li>\n<li data-mce-fragment=\"1\">Reduces bad breath<\/li>\n<li data-mce-fragment=\"1\">Protects against cavities**<\/li>\n<li data-mce-fragment=\"1\">Contains sodium fluoride: 450 ppm F-<\/li>\n<li data-mce-fragment=\"1\">With mint and aromatic herb aroma<\/li>\n<li data-mce-fragment=\"1\">\u00a0Ethanol-free.<\/li>\n<\/ul>\n<p data-mce-fragment=\"1\">\n<p data-mce-fragment=\"1\">Dontodent alcohol-free* antibacterial oral solution cleans the oral cavity even in hard-to-reach places where a toothbrush can&#039;t reach. With its 6 times more protective formula, it guarantees a perfectly cared for and clean mouth:<\/p>\n<p data-mce-fragment=\"1\">\u2013 Fights dental plaque and bacteria responsible for bad breath<\/p>\n<p data-mce-fragment=\"1\">\u2013 Protects against cavities** and prevents gum problems<\/p>\n<p data-mce-fragment=\"1\">\u2013 Can strengthen enamel<\/p>\n<p data-mce-fragment=\"1\">\u2013 Cares for the oral mucosa with a complex of 4 herbs based on extracts of chamomile, sage, mint and myrrh<\/p>\n<p data-mce-fragment=\"1\">\u2013 Deep cleansing formula with herbal mint aroma<\/p>\n<p data-mce-fragment=\"1\">-Provides lasting respiratory freshness<\/p>\n<p data-mce-fragment=\"1\">After each tooth brushing with about 10-20 ml (see cap) of undiluted Dontodent mouthwash for 30 seconds DO NOT SWALLOW! Do not rinse with water, suitable for children from 12 years old.<\/p>","protected":false},"excerpt":{"rendered":"<p>Caract\u00e9ristiques du produit:v\u00e9gane Aide \u00e0 pr\u00e9venir la plaque dentaire bact\u00e9rienne R\u00e9duit la mauvaise haleine Prot\u00e8ge contre les caries** Contient du fluorure de sodium : 450 ppm F- Avec ar\u00f4me de menthe et d\u2019herbes aromatiques \u00a0Sans \u00e9thanol. La solution buccodentaire antibact\u00e9rienne sans alcool* Dontodent nettoie la cavit\u00e9 buccale m\u00eame dans les endroits difficiles d\u2019acc\u00e8s o\u00f9 la [&hellip;]<\/p>\n","protected":false},"featured_media":23709,"template":"","meta":{"om_disable_all_campaigns":false},"product_brand":[],"product_cat":[15],"product_tag":[6583,6581,6580,6582,6567,6584,6585,6564],"class_list":{"0":"post-23711","1":"product","2":"type-product","3":"status-publish","4":"has-post-thumbnail","6":"product_cat-beaute-sante-complements-alimentaires-soins-et-bien-etre-au-meilleur-prix","7":"product_tag-bain-de-bouche-500-ml","8":"product_tag-bain-de-bouche-antibacterien","9":"product_tag-bain-de-bouche-hygiene-buccale-antibacterienne","10":"product_tag-bain-de-bouche-prevention-plaque","11":"product_tag-haleine-fraiche-longue-duree","12":"product_tag-hygiene-bucco-dentaire-quotidienne","13":"product_tag-protection-gencives-et-dents","14":"product_tag-soin-dents-et-gencives","16":"first","17":"instock","18":"taxable","19":"shipping-taxable","20":"purchasable","21":"product-type-simple"},"yoast_head":"<!-- This site is optimized with the Yoast SEO plugin v27.4 - https:\/\/yoast.com\/product\/yoast-seo-wordpress\/ -->\n<title>Bain de Bouche Hygi\u00e8ne Buccale 500 ml - Maroc Prix<\/title>\n<meta name=\"description\" content=\"Bain de Bouche Hygi\u00e8ne Buccale Antibact\u00e9rienne 500 ml prot\u00e8ge les dents et gencives, pr\u00e9vient la formation de la plaque et assure une haleine fra\u00eeche .\" \/>\n<meta name=\"robots\" content=\"index, follow, max-snippet:-1, max-image-preview:large, max-video-preview:-1\" \/>\n<link rel=\"canonical\" href=\"https:\/\/vitablanca.ma\/en\/product\/bain-de-bouche-hygiene-buccale-antibacterienne-500-ml\/\" \/>\n<meta property=\"og:locale\" content=\"en_US\" \/>\n<meta property=\"og:type\" content=\"article\" \/>\n<meta property=\"og:title\" content=\"Bain de Bouche Hygi\u00e8ne Buccale 500 ml - Maroc Prix\" \/>\n<meta property=\"og:description\" content=\"Bain de Bouche Hygi\u00e8ne Buccale Antibact\u00e9rienne 500 ml prot\u00e8ge les dents et gencives, pr\u00e9vient la formation de la plaque et assure une haleine fra\u00eeche .\" \/>\n<meta property=\"og:url\" content=\"https:\/\/vitablanca.ma\/en\/product\/bain-de-bouche-hygiene-buccale-antibacterienne-500-ml\/\" \/>\n<meta property=\"og:site_name\" content=\"Vitablanca.ma &ndash; Sant&eacute;, vitalit&eacute; et bien-&ecirc;tre pour tous les Marocains\" \/>\n<meta property=\"article:publisher\" content=\"https:\/\/www.facebook.com\/profile.php?id=61576678196717\" \/>\n<meta property=\"article:modified_time\" content=\"2026-01-27T22:43:26+00:00\" \/>\n<meta property=\"og:image\" content=\"https:\/\/vitablanca.ma\/wp-content\/uploads\/2025\/07\/4058172925870-98966411114.png\" \/>\n\t<meta property=\"og:image:width\" content=\"1202\" \/>\n\t<meta property=\"og:image:height\" content=\"1200\" \/>\n\t<meta property=\"og:image:type\" content=\"image\/png\" \/>\n<meta name=\"twitter:card\" content=\"summary_large_image\" \/>\n<meta name=\"twitter:label1\" content=\"Est. reading time\" \/>\n\t<meta name=\"twitter:data1\" content=\"2 minutes\" \/>\n<script type=\"application\/ld+json\" class=\"yoast-schema-graph\">{\"@context\":\"https:\\\/\\\/schema.org\",\"@graph\":[{\"@type\":[\"WebPage\",\"ItemPage\"],\"@id\":\"https:\\\/\\\/vitablanca.ma\\\/produit\\\/bain-de-bouche-hygiene-buccale-antibacterienne-500-ml\\\/\",\"url\":\"https:\\\/\\\/vitablanca.ma\\\/produit\\\/bain-de-bouche-hygiene-buccale-antibacterienne-500-ml\\\/\",\"name\":\"Bain de Bouche Hygi\u00e8ne Buccale 500 ml - Maroc Prix\",\"isPartOf\":{\"@id\":\"https:\\\/\\\/vitablanca.ma\\\/#website\"},\"primaryImageOfPage\":{\"@id\":\"https:\\\/\\\/vitablanca.ma\\\/produit\\\/bain-de-bouche-hygiene-buccale-antibacterienne-500-ml\\\/#primaryimage\"},\"image\":{\"@id\":\"https:\\\/\\\/vitablanca.ma\\\/produit\\\/bain-de-bouche-hygiene-buccale-antibacterienne-500-ml\\\/#primaryimage\"},\"thumbnailUrl\":\"https:\\\/\\\/vitablanca.ma\\\/wp-content\\\/uploads\\\/2025\\\/07\\\/4058172925870-98966411114.png\",\"datePublished\":\"2025-07-10T18:23:04+00:00\",\"dateModified\":\"2026-01-27T22:43:26+00:00\",\"description\":\"Bain de Bouche Hygi\u00e8ne Buccale Antibact\u00e9rienne 500 ml prot\u00e8ge les dents et gencives, pr\u00e9vient la formation de la plaque et assure une haleine fra\u00eeche .\",\"breadcrumb\":{\"@id\":\"https:\\\/\\\/vitablanca.ma\\\/produit\\\/bain-de-bouche-hygiene-buccale-antibacterienne-500-ml\\\/#breadcrumb\"},\"inLanguage\":\"en-US\",\"potentialAction\":[{\"@type\":\"ReadAction\",\"target\":[\"https:\\\/\\\/vitablanca.ma\\\/produit\\\/bain-de-bouche-hygiene-buccale-antibacterienne-500-ml\\\/\"]}]},{\"@type\":\"ImageObject\",\"inLanguage\":\"en-US\",\"@id\":\"https:\\\/\\\/vitablanca.ma\\\/produit\\\/bain-de-bouche-hygiene-buccale-antibacterienne-500-ml\\\/#primaryimage\",\"url\":\"https:\\\/\\\/vitablanca.ma\\\/wp-content\\\/uploads\\\/2025\\\/07\\\/4058172925870-98966411114.png\",\"contentUrl\":\"https:\\\/\\\/vitablanca.ma\\\/wp-content\\\/uploads\\\/2025\\\/07\\\/4058172925870-98966411114.png\",\"width\":1202,\"height\":1200},{\"@type\":\"BreadcrumbList\",\"@id\":\"https:\\\/\\\/vitablanca.ma\\\/produit\\\/bain-de-bouche-hygiene-buccale-antibacterienne-500-ml\\\/#breadcrumb\",\"itemListElement\":[{\"@type\":\"ListItem\",\"position\":1,\"name\":\"Home\",\"item\":\"https:\\\/\\\/vitablanca.ma\\\/\"},{\"@type\":\"ListItem\",\"position\":2,\"name\":\"Tous Les Produits\",\"item\":\"https:\\\/\\\/vitablanca.ma\\\/tous-les-produits\\\/\"},{\"@type\":\"ListItem\",\"position\":3,\"name\":\"Bain de bouche Hygi\u00e8ne buccale antibact\u00e9rienne, 500 ml\"}]},{\"@type\":\"WebSite\",\"@id\":\"https:\\\/\\\/vitablanca.ma\\\/#website\",\"url\":\"https:\\\/\\\/vitablanca.ma\\\/\",\"name\":\"VitaBlanca.ma | Compl\u00e9ments alimentaires, sant\u00e9 & beaut\u00e9 au Maroc\",\"description\":\"vendre vitamines et compl\u00e9ments premium des USA &amp; Canada, Nouvelle Z\u00e9lande,Maroc (NOW Foods, Solgar, Manuka). Livraison rapide partout au Maroc.\",\"publisher\":{\"@id\":\"https:\\\/\\\/vitablanca.ma\\\/#organization\"},\"alternateName\":\"VitaBlanca.ma\",\"potentialAction\":[{\"@type\":\"SearchAction\",\"target\":{\"@type\":\"EntryPoint\",\"urlTemplate\":\"https:\\\/\\\/vitablanca.ma\\\/?s={search_term_string}\"},\"query-input\":{\"@type\":\"PropertyValueSpecification\",\"valueRequired\":true,\"valueName\":\"search_term_string\"}}],\"inLanguage\":\"en-US\"},{\"@type\":\"Organization\",\"@id\":\"https:\\\/\\\/vitablanca.ma\\\/#organization\",\"name\":\"VitaBlanca\",\"url\":\"https:\\\/\\\/vitablanca.ma\\\/\",\"logo\":{\"@type\":\"ImageObject\",\"inLanguage\":\"en-US\",\"@id\":\"https:\\\/\\\/vitablanca.ma\\\/#\\\/schema\\\/logo\\\/image\\\/\",\"url\":\"https:\\\/\\\/vitablanca.ma\\\/wp-content\\\/uploads\\\/2025\\\/05\\\/cropped-vitablanca.png\",\"contentUrl\":\"https:\\\/\\\/vitablanca.ma\\\/wp-content\\\/uploads\\\/2025\\\/05\\\/cropped-vitablanca.png\",\"width\":360,\"height\":67,\"caption\":\"VitaBlanca\"},\"image\":{\"@id\":\"https:\\\/\\\/vitablanca.ma\\\/#\\\/schema\\\/logo\\\/image\\\/\"},\"sameAs\":[\"https:\\\/\\\/www.facebook.com\\\/profile.php?id=61576678196717\",\"https:\\\/\\\/www.tiktok.com\\\/@vitablanca.ma\",\"https:\\\/\\\/www.instagram.com\\\/vitablanca.ma\\\/\"]}]}<\/script>\n<!-- \/ Yoast SEO plugin. -->","yoast_head_json":{"title":"Bain de Bouche Hygi\u00e8ne Buccale 500 ml - Maroc Prix","description":"Bain de Bouche Hygi\u00e8ne Buccale Antibact\u00e9rienne 500 ml prot\u00e8ge les dents et gencives, pr\u00e9vient la formation de la plaque et assure une haleine fra\u00eeche .","robots":{"index":"index","follow":"follow","max-snippet":"max-snippet:-1","max-image-preview":"max-image-preview:large","max-video-preview":"max-video-preview:-1"},"canonical":"https:\/\/vitablanca.ma\/en\/product\/bain-de-bouche-hygiene-buccale-antibacterienne-500-ml\/","og_locale":"en_US","og_type":"article","og_title":"Bain de Bouche Hygi\u00e8ne Buccale 500 ml - Maroc Prix","og_description":"Bain de Bouche Hygi\u00e8ne Buccale Antibact\u00e9rienne 500 ml prot\u00e8ge les dents et gencives, pr\u00e9vient la formation de la plaque et assure une haleine fra\u00eeche .","og_url":"https:\/\/vitablanca.ma\/en\/product\/bain-de-bouche-hygiene-buccale-antibacterienne-500-ml\/","og_site_name":"Vitablanca.ma &ndash; Sant&eacute;, vitalit&eacute; et bien-&ecirc;tre pour tous les Marocains","article_publisher":"https:\/\/www.facebook.com\/profile.php?id=61576678196717","article_modified_time":"2026-01-27T22:43:26+00:00","og_image":[{"width":1202,"height":1200,"url":"https:\/\/vitablanca.ma\/wp-content\/uploads\/2025\/07\/4058172925870-98966411114.png","type":"image\/png"}],"twitter_card":"summary_large_image","twitter_misc":{"Est. reading time":"2 minutes"},"schema":{"@context":"https:\/\/schema.org","@graph":[{"@type":["WebPage","ItemPage"],"@id":"https:\/\/vitablanca.ma\/produit\/bain-de-bouche-hygiene-buccale-antibacterienne-500-ml\/","url":"https:\/\/vitablanca.ma\/produit\/bain-de-bouche-hygiene-buccale-antibacterienne-500-ml\/","name":"Bain de Bouche Hygi\u00e8ne Buccale 500 ml - Maroc Prix","isPartOf":{"@id":"https:\/\/vitablanca.ma\/#website"},"primaryImageOfPage":{"@id":"https:\/\/vitablanca.ma\/produit\/bain-de-bouche-hygiene-buccale-antibacterienne-500-ml\/#primaryimage"},"image":{"@id":"https:\/\/vitablanca.ma\/produit\/bain-de-bouche-hygiene-buccale-antibacterienne-500-ml\/#primaryimage"},"thumbnailUrl":"https:\/\/vitablanca.ma\/wp-content\/uploads\/2025\/07\/4058172925870-98966411114.png","datePublished":"2025-07-10T18:23:04+00:00","dateModified":"2026-01-27T22:43:26+00:00","description":"Bain de Bouche Hygi\u00e8ne Buccale Antibact\u00e9rienne 500 ml prot\u00e8ge les dents et gencives, pr\u00e9vient la formation de la plaque et assure une haleine fra\u00eeche .","breadcrumb":{"@id":"https:\/\/vitablanca.ma\/produit\/bain-de-bouche-hygiene-buccale-antibacterienne-500-ml\/#breadcrumb"},"inLanguage":"en-US","potentialAction":[{"@type":"ReadAction","target":["https:\/\/vitablanca.ma\/produit\/bain-de-bouche-hygiene-buccale-antibacterienne-500-ml\/"]}]},{"@type":"ImageObject","inLanguage":"en-US","@id":"https:\/\/vitablanca.ma\/produit\/bain-de-bouche-hygiene-buccale-antibacterienne-500-ml\/#primaryimage","url":"https:\/\/vitablanca.ma\/wp-content\/uploads\/2025\/07\/4058172925870-98966411114.png","contentUrl":"https:\/\/vitablanca.ma\/wp-content\/uploads\/2025\/07\/4058172925870-98966411114.png","width":1202,"height":1200},{"@type":"BreadcrumbList","@id":"https:\/\/vitablanca.ma\/produit\/bain-de-bouche-hygiene-buccale-antibacterienne-500-ml\/#breadcrumb","itemListElement":[{"@type":"ListItem","position":1,"name":"Home","item":"https:\/\/vitablanca.ma\/"},{"@type":"ListItem","position":2,"name":"Tous Les Produits","item":"https:\/\/vitablanca.ma\/tous-les-produits\/"},{"@type":"ListItem","position":3,"name":"Bain de bouche Hygi\u00e8ne buccale antibact\u00e9rienne, 500 ml"}]},{"@type":"WebSite","@id":"https:\/\/vitablanca.ma\/#website","url":"https:\/\/vitablanca.ma\/","name":"VitaBlanca.ma | Food supplements, health &amp; beauty in Morocco","description":"sell premium vitamins and supplements from USA &amp; Canada, New Zealand, Morocco (NOW Foods, Solgar, Manuka). Fast delivery anywhere in Morocco.","publisher":{"@id":"https:\/\/vitablanca.ma\/#organization"},"alternateName":"VitaBlanca.ma","potentialAction":[{"@type":"SearchAction","target":{"@type":"EntryPoint","urlTemplate":"https:\/\/vitablanca.ma\/?s={search_term_string}"},"query-input":{"@type":"PropertyValueSpecification","valueRequired":true,"valueName":"search_term_string"}}],"inLanguage":"en-US"},{"@type":"Organization","@id":"https:\/\/vitablanca.ma\/#organization","name":"VitaBlanca","url":"https:\/\/vitablanca.ma\/","logo":{"@type":"ImageObject","inLanguage":"en-US","@id":"https:\/\/vitablanca.ma\/#\/schema\/logo\/image\/","url":"https:\/\/vitablanca.ma\/wp-content\/uploads\/2025\/05\/cropped-vitablanca.png","contentUrl":"https:\/\/vitablanca.ma\/wp-content\/uploads\/2025\/05\/cropped-vitablanca.png","width":360,"height":67,"caption":"VitaBlanca"},"image":{"@id":"https:\/\/vitablanca.ma\/#\/schema\/logo\/image\/"},"sameAs":["https:\/\/www.facebook.com\/profile.php?id=61576678196717","https:\/\/www.tiktok.com\/@vitablanca.ma","https:\/\/www.instagram.com\/vitablanca.ma\/"]}]}},"jetpack_sharing_enabled":true,"_links":{"self":[{"href":"https:\/\/vitablanca.ma\/en\/wp-json\/wp\/v2\/product\/23711","targetHints":{"allow":["GET"]}}],"collection":[{"href":"https:\/\/vitablanca.ma\/en\/wp-json\/wp\/v2\/product"}],"about":[{"href":"https:\/\/vitablanca.ma\/en\/wp-json\/wp\/v2\/types\/product"}],"wp:featuredmedia":[{"embeddable":true,"href":"https:\/\/vitablanca.ma\/en\/wp-json\/wp\/v2\/media\/23709"}],"wp:attachment":[{"href":"https:\/\/vitablanca.ma\/en\/wp-json\/wp\/v2\/media?parent=23711"}],"wp:term":[{"taxonomy":"product_brand","embeddable":true,"href":"https:\/\/vitablanca.ma\/en\/wp-json\/wp\/v2\/product_brand?post=23711"},{"taxonomy":"product_cat","embeddable":true,"href":"https:\/\/vitablanca.ma\/en\/wp-json\/wp\/v2\/product_cat?post=23711"},{"taxonomy":"product_tag","embeddable":true,"href":"https:\/\/vitablanca.ma\/en\/wp-json\/wp\/v2\/product_tag?post=23711"}],"curies":[{"name":"wp","href":"https:\/\/api.w.org\/{rel}","templated":true}]}}