{"id":23701,"date":"2025-07-10T18:22:36","date_gmt":"2025-07-10T18:22:36","guid":{"rendered":"https:\/\/vitablanca.ma\/product\/parfum-pour-les-cheveux-beautiful-scent-100-ml\/"},"modified":"2026-01-27T23:20:19","modified_gmt":"2026-01-27T23:20:19","slug":"parfum-pour-les-cheveux-beautiful-scent-100-ml","status":"publish","type":"product","link":"https:\/\/vitablanca.ma\/en\/product\/parfum-pour-les-cheveux-beautiful-scent-100-ml\/","title":{"rendered":"Beautiful Scent Hair Perfume, 100 ml"},"content":{"rendered":"<ul data-mce-fragment=\"1\">\n<li data-mce-fragment=\"1\">Hair Type:Normal Hair<\/li>\n<li data-mce-fragment=\"1\">Product Features:Ammonia-free, silicone-free, sulfate-free, vegan<\/li>\n<li data-mce-fragment=\"1\">With an elegant fragrance<\/li>\n<li data-mce-fragment=\"1\">Every day, the \u201chairdresser\u2019s fresh feeling\u201d.<\/li>\n<li data-mce-fragment=\"1\">For a natural shine<\/li>\n<li data-mce-fragment=\"1\">With panthenol<\/li>\n<\/ul>\n<p data-mce-fragment=\"1\">\n<p data-mce-fragment=\"1\">Balea Professional&#039;s Beautiful Scent hair perfume ensures a long-lasting fragrance experience thanks to its high-quality formula. The elegant fragrance gives hair a &quot;hairdresser&#039;s fresh feeling&quot; every day - without weighing it down. Panthenol makes hair soft and supple, improves detangling, and gives it a natural shine. For long-lasting fragrance and suppleness. Formulated without microplastics or purely synthetic water-soluble polymers.<\/p>\n<p data-mce-fragment=\"1\">\n<p data-mce-fragment=\"1\">Spray the hair perfume as needed from a distance of approximately 20 cm onto dry hair.<\/p>","protected":false},"excerpt":{"rendered":"<p>Type de cheveux:Cheveux normaux Caract\u00e9ristiques du produit:Sans ammoniaque, sans silicone, sans sulfate, v\u00e9g\u00e9talien Avec un parfum \u00e9l\u00e9gant Chaque jour, la \u00ab\u00a0sensation de fra\u00eecheur du coiffeur\u00a0\u00bb. Pour une brillance naturelle Avec du panth\u00e9nol Le parfum pour cheveux Beautiful Scent de Balea Professional assure une exp\u00e9rience olfactive de longue dur\u00e9e gr\u00e2ce \u00e0 sa formule de haute qualit\u00e9. [&hellip;]<\/p>\n","protected":false},"featured_media":23699,"template":"","meta":{"om_disable_all_campaigns":false},"product_brand":[3236],"product_cat":[18],"product_tag":[3237,3240,3238,3239,6601,3241,6598,6603,6596,6599,6604,6600,6602,6597],"class_list":{"0":"post-23701","1":"product","2":"type-product","3":"status-publish","4":"has-post-thumbnail","6":"product_brand-balea-dm-prix-maroc","7":"product_cat-beaute-sante","8":"product_tag-balea","9":"product_tag-balea-dm","10":"product_tag-balea-maroc","11":"product_tag-balea-morocco","12":"product_tag-cheveux-frais-parfumes","13":"product_tag-dm-maroc","14":"product_tag-fragrance-cheveux-longue-duree","15":"product_tag-parfum-cheveux-balea","16":"product_tag-parfum-cheveux-beautiful-scent","17":"product_tag-parfum-cheveux-leger","18":"product_tag-parfum-doux-cheveux","19":"product_tag-soin-parfume-cheveux","20":"product_tag-spray-cheveux-100-ml","21":"product_tag-spray-parfume-cheveux","23":"first","24":"instock","25":"taxable","26":"shipping-taxable","27":"purchasable","28":"product-type-simple"},"yoast_head":"<!-- This site is optimized with the Yoast SEO plugin v27.4 - https:\/\/yoast.com\/product\/yoast-seo-wordpress\/ -->\n<title>Parfum pour les cheveux Beautiful Scent, 100 ml - Maroc Prix<\/title>\n<meta name=\"description\" content=\"Parfum pour les Cheveux Beautiful Scent 100 ml parfume d\u00e9licatement vos cheveux, laissant une fragrance fra\u00eeche et durable. Spray l\u00e9ger\" \/>\n<meta name=\"robots\" content=\"index, follow, max-snippet:-1, max-image-preview:large, max-video-preview:-1\" \/>\n<link rel=\"canonical\" href=\"https:\/\/vitablanca.ma\/en\/product\/parfum-pour-les-cheveux-beautiful-scent-100-ml\/\" \/>\n<meta property=\"og:locale\" content=\"en_US\" \/>\n<meta property=\"og:type\" content=\"article\" \/>\n<meta property=\"og:title\" content=\"Parfum pour les cheveux Beautiful Scent, 100 ml - Maroc Prix\" \/>\n<meta property=\"og:description\" content=\"Parfum pour les Cheveux Beautiful Scent 100 ml parfume d\u00e9licatement vos cheveux, laissant une fragrance fra\u00eeche et durable. Spray l\u00e9ger\" \/>\n<meta property=\"og:url\" content=\"https:\/\/vitablanca.ma\/en\/product\/parfum-pour-les-cheveux-beautiful-scent-100-ml\/\" \/>\n<meta property=\"og:site_name\" content=\"Vitablanca.ma &ndash; Sant&eacute;, vitalit&eacute; et bien-&ecirc;tre pour tous les Marocains\" \/>\n<meta property=\"article:publisher\" content=\"https:\/\/www.facebook.com\/profile.php?id=61576678196717\" \/>\n<meta property=\"article:modified_time\" content=\"2026-01-27T23:20:19+00:00\" \/>\n<meta property=\"og:image\" content=\"https:\/\/vitablanca.ma\/wp-content\/uploads\/2025\/07\/balea-professional-haarparfuem-beau1tiful-scent.jpg\" \/>\n\t<meta property=\"og:image:width\" content=\"1199\" \/>\n\t<meta property=\"og:image:height\" content=\"1200\" \/>\n\t<meta property=\"og:image:type\" content=\"image\/jpeg\" \/>\n<meta name=\"twitter:card\" content=\"summary_large_image\" \/>\n<meta name=\"twitter:label1\" content=\"Est. reading time\" \/>\n\t<meta name=\"twitter:data1\" content=\"1 minute\" \/>\n<script type=\"application\/ld+json\" class=\"yoast-schema-graph\">{\"@context\":\"https:\\\/\\\/schema.org\",\"@graph\":[{\"@type\":[\"WebPage\",\"ItemPage\"],\"@id\":\"https:\\\/\\\/vitablanca.ma\\\/produit\\\/parfum-pour-les-cheveux-beautiful-scent-100-ml\\\/\",\"url\":\"https:\\\/\\\/vitablanca.ma\\\/produit\\\/parfum-pour-les-cheveux-beautiful-scent-100-ml\\\/\",\"name\":\"Parfum pour les cheveux Beautiful Scent, 100 ml - Maroc Prix\",\"isPartOf\":{\"@id\":\"https:\\\/\\\/vitablanca.ma\\\/#website\"},\"primaryImageOfPage\":{\"@id\":\"https:\\\/\\\/vitablanca.ma\\\/produit\\\/parfum-pour-les-cheveux-beautiful-scent-100-ml\\\/#primaryimage\"},\"image\":{\"@id\":\"https:\\\/\\\/vitablanca.ma\\\/produit\\\/parfum-pour-les-cheveux-beautiful-scent-100-ml\\\/#primaryimage\"},\"thumbnailUrl\":\"https:\\\/\\\/vitablanca.ma\\\/wp-content\\\/uploads\\\/2025\\\/07\\\/balea-professional-haarparfuem-beau1tiful-scent.jpg\",\"datePublished\":\"2025-07-10T18:22:36+00:00\",\"dateModified\":\"2026-01-27T23:20:19+00:00\",\"description\":\"Parfum pour les Cheveux Beautiful Scent 100 ml parfume d\u00e9licatement vos cheveux, laissant une fragrance fra\u00eeche et durable. Spray l\u00e9ger\",\"breadcrumb\":{\"@id\":\"https:\\\/\\\/vitablanca.ma\\\/produit\\\/parfum-pour-les-cheveux-beautiful-scent-100-ml\\\/#breadcrumb\"},\"inLanguage\":\"en-US\",\"potentialAction\":[{\"@type\":\"ReadAction\",\"target\":[\"https:\\\/\\\/vitablanca.ma\\\/produit\\\/parfum-pour-les-cheveux-beautiful-scent-100-ml\\\/\"]}]},{\"@type\":\"ImageObject\",\"inLanguage\":\"en-US\",\"@id\":\"https:\\\/\\\/vitablanca.ma\\\/produit\\\/parfum-pour-les-cheveux-beautiful-scent-100-ml\\\/#primaryimage\",\"url\":\"https:\\\/\\\/vitablanca.ma\\\/wp-content\\\/uploads\\\/2025\\\/07\\\/balea-professional-haarparfuem-beau1tiful-scent.jpg\",\"contentUrl\":\"https:\\\/\\\/vitablanca.ma\\\/wp-content\\\/uploads\\\/2025\\\/07\\\/balea-professional-haarparfuem-beau1tiful-scent.jpg\",\"width\":1199,\"height\":1200},{\"@type\":\"BreadcrumbList\",\"@id\":\"https:\\\/\\\/vitablanca.ma\\\/produit\\\/parfum-pour-les-cheveux-beautiful-scent-100-ml\\\/#breadcrumb\",\"itemListElement\":[{\"@type\":\"ListItem\",\"position\":1,\"name\":\"Home\",\"item\":\"https:\\\/\\\/vitablanca.ma\\\/\"},{\"@type\":\"ListItem\",\"position\":2,\"name\":\"Tous Les Produits\",\"item\":\"https:\\\/\\\/vitablanca.ma\\\/tous-les-produits\\\/\"},{\"@type\":\"ListItem\",\"position\":3,\"name\":\"Parfum pour les cheveux Beautiful Scent, 100 ml\"}]},{\"@type\":\"WebSite\",\"@id\":\"https:\\\/\\\/vitablanca.ma\\\/#website\",\"url\":\"https:\\\/\\\/vitablanca.ma\\\/\",\"name\":\"VitaBlanca.ma | Compl\u00e9ments alimentaires, sant\u00e9 & beaut\u00e9 au Maroc\",\"description\":\"vendre vitamines et compl\u00e9ments premium des USA &amp; Canada, Nouvelle Z\u00e9lande,Maroc (NOW Foods, Solgar, Manuka). Livraison rapide partout au Maroc.\",\"publisher\":{\"@id\":\"https:\\\/\\\/vitablanca.ma\\\/#organization\"},\"alternateName\":\"VitaBlanca.ma\",\"potentialAction\":[{\"@type\":\"SearchAction\",\"target\":{\"@type\":\"EntryPoint\",\"urlTemplate\":\"https:\\\/\\\/vitablanca.ma\\\/?s={search_term_string}\"},\"query-input\":{\"@type\":\"PropertyValueSpecification\",\"valueRequired\":true,\"valueName\":\"search_term_string\"}}],\"inLanguage\":\"en-US\"},{\"@type\":\"Organization\",\"@id\":\"https:\\\/\\\/vitablanca.ma\\\/#organization\",\"name\":\"VitaBlanca\",\"url\":\"https:\\\/\\\/vitablanca.ma\\\/\",\"logo\":{\"@type\":\"ImageObject\",\"inLanguage\":\"en-US\",\"@id\":\"https:\\\/\\\/vitablanca.ma\\\/#\\\/schema\\\/logo\\\/image\\\/\",\"url\":\"https:\\\/\\\/vitablanca.ma\\\/wp-content\\\/uploads\\\/2025\\\/05\\\/cropped-vitablanca.png\",\"contentUrl\":\"https:\\\/\\\/vitablanca.ma\\\/wp-content\\\/uploads\\\/2025\\\/05\\\/cropped-vitablanca.png\",\"width\":360,\"height\":67,\"caption\":\"VitaBlanca\"},\"image\":{\"@id\":\"https:\\\/\\\/vitablanca.ma\\\/#\\\/schema\\\/logo\\\/image\\\/\"},\"sameAs\":[\"https:\\\/\\\/www.facebook.com\\\/profile.php?id=61576678196717\",\"https:\\\/\\\/www.tiktok.com\\\/@vitablanca.ma\",\"https:\\\/\\\/www.instagram.com\\\/vitablanca.ma\\\/\"]}]}<\/script>\n<!-- \/ Yoast SEO plugin. -->","yoast_head_json":{"title":"Beautiful Scent Hair Perfume, 100 ml - Morocco Price","description":"Parfum pour les Cheveux Beautiful Scent 100 ml parfume d\u00e9licatement vos cheveux, laissant une fragrance fra\u00eeche et durable. Spray l\u00e9ger","robots":{"index":"index","follow":"follow","max-snippet":"max-snippet:-1","max-image-preview":"max-image-preview:large","max-video-preview":"max-video-preview:-1"},"canonical":"https:\/\/vitablanca.ma\/en\/product\/parfum-pour-les-cheveux-beautiful-scent-100-ml\/","og_locale":"en_US","og_type":"article","og_title":"Parfum pour les cheveux Beautiful Scent, 100 ml - Maroc Prix","og_description":"Parfum pour les Cheveux Beautiful Scent 100 ml parfume d\u00e9licatement vos cheveux, laissant une fragrance fra\u00eeche et durable. Spray l\u00e9ger","og_url":"https:\/\/vitablanca.ma\/en\/product\/parfum-pour-les-cheveux-beautiful-scent-100-ml\/","og_site_name":"Vitablanca.ma &ndash; Sant&eacute;, vitalit&eacute; et bien-&ecirc;tre pour tous les Marocains","article_publisher":"https:\/\/www.facebook.com\/profile.php?id=61576678196717","article_modified_time":"2026-01-27T23:20:19+00:00","og_image":[{"width":1199,"height":1200,"url":"https:\/\/vitablanca.ma\/wp-content\/uploads\/2025\/07\/balea-professional-haarparfuem-beau1tiful-scent.jpg","type":"image\/jpeg"}],"twitter_card":"summary_large_image","twitter_misc":{"Est. reading time":"1 minute"},"schema":{"@context":"https:\/\/schema.org","@graph":[{"@type":["WebPage","ItemPage"],"@id":"https:\/\/vitablanca.ma\/produit\/parfum-pour-les-cheveux-beautiful-scent-100-ml\/","url":"https:\/\/vitablanca.ma\/produit\/parfum-pour-les-cheveux-beautiful-scent-100-ml\/","name":"Beautiful Scent Hair Perfume, 100 ml - Morocco Price","isPartOf":{"@id":"https:\/\/vitablanca.ma\/#website"},"primaryImageOfPage":{"@id":"https:\/\/vitablanca.ma\/produit\/parfum-pour-les-cheveux-beautiful-scent-100-ml\/#primaryimage"},"image":{"@id":"https:\/\/vitablanca.ma\/produit\/parfum-pour-les-cheveux-beautiful-scent-100-ml\/#primaryimage"},"thumbnailUrl":"https:\/\/vitablanca.ma\/wp-content\/uploads\/2025\/07\/balea-professional-haarparfuem-beau1tiful-scent.jpg","datePublished":"2025-07-10T18:22:36+00:00","dateModified":"2026-01-27T23:20:19+00:00","description":"Parfum pour les Cheveux Beautiful Scent 100 ml parfume d\u00e9licatement vos cheveux, laissant une fragrance fra\u00eeche et durable. Spray l\u00e9ger","breadcrumb":{"@id":"https:\/\/vitablanca.ma\/produit\/parfum-pour-les-cheveux-beautiful-scent-100-ml\/#breadcrumb"},"inLanguage":"en-US","potentialAction":[{"@type":"ReadAction","target":["https:\/\/vitablanca.ma\/produit\/parfum-pour-les-cheveux-beautiful-scent-100-ml\/"]}]},{"@type":"ImageObject","inLanguage":"en-US","@id":"https:\/\/vitablanca.ma\/produit\/parfum-pour-les-cheveux-beautiful-scent-100-ml\/#primaryimage","url":"https:\/\/vitablanca.ma\/wp-content\/uploads\/2025\/07\/balea-professional-haarparfuem-beau1tiful-scent.jpg","contentUrl":"https:\/\/vitablanca.ma\/wp-content\/uploads\/2025\/07\/balea-professional-haarparfuem-beau1tiful-scent.jpg","width":1199,"height":1200},{"@type":"BreadcrumbList","@id":"https:\/\/vitablanca.ma\/produit\/parfum-pour-les-cheveux-beautiful-scent-100-ml\/#breadcrumb","itemListElement":[{"@type":"ListItem","position":1,"name":"Home","item":"https:\/\/vitablanca.ma\/"},{"@type":"ListItem","position":2,"name":"Tous Les Produits","item":"https:\/\/vitablanca.ma\/tous-les-produits\/"},{"@type":"ListItem","position":3,"name":"Parfum pour les cheveux Beautiful Scent, 100 ml"}]},{"@type":"WebSite","@id":"https:\/\/vitablanca.ma\/#website","url":"https:\/\/vitablanca.ma\/","name":"VitaBlanca.ma | Food supplements, health &amp; beauty in Morocco","description":"sell premium vitamins and supplements from USA &amp; Canada, New Zealand, Morocco (NOW Foods, Solgar, Manuka). Fast delivery anywhere in Morocco.","publisher":{"@id":"https:\/\/vitablanca.ma\/#organization"},"alternateName":"VitaBlanca.ma","potentialAction":[{"@type":"SearchAction","target":{"@type":"EntryPoint","urlTemplate":"https:\/\/vitablanca.ma\/?s={search_term_string}"},"query-input":{"@type":"PropertyValueSpecification","valueRequired":true,"valueName":"search_term_string"}}],"inLanguage":"en-US"},{"@type":"Organization","@id":"https:\/\/vitablanca.ma\/#organization","name":"VitaBlanca","url":"https:\/\/vitablanca.ma\/","logo":{"@type":"ImageObject","inLanguage":"en-US","@id":"https:\/\/vitablanca.ma\/#\/schema\/logo\/image\/","url":"https:\/\/vitablanca.ma\/wp-content\/uploads\/2025\/05\/cropped-vitablanca.png","contentUrl":"https:\/\/vitablanca.ma\/wp-content\/uploads\/2025\/05\/cropped-vitablanca.png","width":360,"height":67,"caption":"VitaBlanca"},"image":{"@id":"https:\/\/vitablanca.ma\/#\/schema\/logo\/image\/"},"sameAs":["https:\/\/www.facebook.com\/profile.php?id=61576678196717","https:\/\/www.tiktok.com\/@vitablanca.ma","https:\/\/www.instagram.com\/vitablanca.ma\/"]}]}},"jetpack_sharing_enabled":true,"_links":{"self":[{"href":"https:\/\/vitablanca.ma\/en\/wp-json\/wp\/v2\/product\/23701","targetHints":{"allow":["GET"]}}],"collection":[{"href":"https:\/\/vitablanca.ma\/en\/wp-json\/wp\/v2\/product"}],"about":[{"href":"https:\/\/vitablanca.ma\/en\/wp-json\/wp\/v2\/types\/product"}],"wp:featuredmedia":[{"embeddable":true,"href":"https:\/\/vitablanca.ma\/en\/wp-json\/wp\/v2\/media\/23699"}],"wp:attachment":[{"href":"https:\/\/vitablanca.ma\/en\/wp-json\/wp\/v2\/media?parent=23701"}],"wp:term":[{"taxonomy":"product_brand","embeddable":true,"href":"https:\/\/vitablanca.ma\/en\/wp-json\/wp\/v2\/product_brand?post=23701"},{"taxonomy":"product_cat","embeddable":true,"href":"https:\/\/vitablanca.ma\/en\/wp-json\/wp\/v2\/product_cat?post=23701"},{"taxonomy":"product_tag","embeddable":true,"href":"https:\/\/vitablanca.ma\/en\/wp-json\/wp\/v2\/product_tag?post=23701"}],"curies":[{"name":"wp","href":"https:\/\/api.w.org\/{rel}","templated":true}]}}