{"id":23698,"date":"2025-07-10T18:22:30","date_gmt":"2025-07-10T18:22:30","guid":{"rendered":"https:\/\/vitablanca.ma\/product\/parfum-pour-les-cheveux-pure-liberty-100-ml\/"},"modified":"2026-01-27T23:22:42","modified_gmt":"2026-01-27T23:22:42","slug":"parfum-pour-les-cheveux-pure-liberty-100-ml","status":"publish","type":"product","link":"https:\/\/vitablanca.ma\/en\/product\/parfum-pour-les-cheveux-pure-liberty-100-ml\/","title":{"rendered":"Pure Liberty Hair Perfume, 100 ml"},"content":{"rendered":"<ul data-mce-fragment=\"1\">\n<li data-mce-fragment=\"1\">Hair Type:All hair types, normal hair<\/li>\n<li data-mce-fragment=\"1\">Product Features:Vegan<\/li>\n<li data-mce-fragment=\"1\">Texture \/ Consistency \/ Application: Spray<\/li>\n<li data-mce-fragment=\"1\">Luxurious perfume<\/li>\n<li data-mce-fragment=\"1\">Neutralizes odors in hair<\/li>\n<li data-mce-fragment=\"1\">Long-lasting fragrance experience<\/li>\n<li data-mce-fragment=\"1\">Natural shine<\/li>\n<\/ul>\n<p data-mce-fragment=\"1\">\n<p data-mce-fragment=\"1\">Le parfum pour cheveux Pure Liberty de Balea assure une exp\u00e9rience olfactive luxueuse gr\u00e2ce \u00e0 sa composition de parfum noble. Les mauvaises et d\u00e9sagr\u00e9ables odeurs sont neutralis\u00e9es par la technologie brevet\u00e9e FreshPlex\u2122. Pour des cheveux \u00e9l\u00e9gamment parfum\u00e9s et brillants. Formule sans microplastiques ni polym\u00e8res purement synth\u00e9tiques solubles dans l\u2019eau.<\/p>\n<p data-mce-fragment=\"1\">\n<p data-mce-fragment=\"1\">Vaporiser le parfum capillaire selon les besoins, \u00e0 une distance d\u2019environ 20 cm, de mani\u00e8re uniforme sur les cheveux secs.<\/p>","protected":false},"excerpt":{"rendered":"<p>Type de cheveux:Tous types de cheveux, cheveux normaux Caract\u00e9ristiques du produit:Vegan Texture \/ Consistance \/ Application:Spray Parfum luxueux Neutralise les odeurs dans les cheveux Exp\u00e9rience parfum\u00e9e de longue dur\u00e9e Brillance naturelle Le parfum pour cheveux Pure Liberty de Balea assure une exp\u00e9rience olfactive luxueuse gr\u00e2ce \u00e0 sa composition de parfum noble. Les mauvaises et d\u00e9sagr\u00e9ables [&hellip;]<\/p>\n","protected":false},"featured_media":23696,"template":"","meta":{"om_disable_all_campaigns":false},"product_brand":[3236],"product_cat":[18],"product_tag":[3237,3240,3238,3239,6607,3241,6606,6603,6599,6605,6604,6600,6602,6597],"class_list":{"0":"post-23698","1":"product","2":"type-product","3":"status-publish","4":"has-post-thumbnail","6":"product_brand-balea-dm-prix-maroc","7":"product_cat-beaute-sante","8":"product_tag-balea","9":"product_tag-balea-dm","10":"product_tag-balea-maroc","11":"product_tag-balea-morocco","12":"product_tag-cheveux-parfumes-longue-duree","13":"product_tag-dm-maroc","14":"product_tag-fragrance-cheveux-fraiche","15":"product_tag-parfum-cheveux-balea","16":"product_tag-parfum-cheveux-leger","17":"product_tag-parfum-cheveux-pure-liberty","18":"product_tag-parfum-doux-cheveux","19":"product_tag-soin-parfume-cheveux","20":"product_tag-spray-cheveux-100-ml","21":"product_tag-spray-parfume-cheveux","23":"first","24":"instock","25":"taxable","26":"shipping-taxable","27":"purchasable","28":"product-type-simple"},"yoast_head":"<!-- This site is optimized with the Yoast SEO plugin v27.5 - https:\/\/yoast.com\/product\/yoast-seo-wordpress\/ -->\n<title>Parfum pour les cheveux Pure Liberty, 100 ml - Maroc Prix<\/title>\n<meta name=\"description\" content=\"Parfum pour les Cheveux Pure Liberty 100 ml parfume d\u00e9licatement vos cheveux avec une fragrance fra\u00eeche et agr\u00e9able. Spray l\u00e9ger, non gras,\" \/>\n<meta name=\"robots\" content=\"index, follow, max-snippet:-1, max-image-preview:large, max-video-preview:-1\" \/>\n<link rel=\"canonical\" href=\"https:\/\/vitablanca.ma\/en\/product\/parfum-pour-les-cheveux-pure-liberty-100-ml\/\" \/>\n<meta property=\"og:locale\" content=\"en_US\" \/>\n<meta property=\"og:type\" content=\"article\" \/>\n<meta property=\"og:title\" content=\"Parfum pour les cheveux Pure Liberty, 100 ml - Maroc Prix\" \/>\n<meta property=\"og:description\" content=\"Parfum pour les Cheveux Pure Liberty 100 ml parfume d\u00e9licatement vos cheveux avec une fragrance fra\u00eeche et agr\u00e9able. Spray l\u00e9ger, non gras,\" \/>\n<meta property=\"og:url\" content=\"https:\/\/vitablanca.ma\/en\/product\/parfum-pour-les-cheveux-pure-liberty-100-ml\/\" \/>\n<meta property=\"og:site_name\" content=\"Vitablanca.ma &ndash; Sant&eacute;, vitalit&eacute; et bien-&ecirc;tre pour tous les Marocains\" \/>\n<meta property=\"article:publisher\" content=\"https:\/\/www.facebook.com\/profile.php?id=61576678196717\" \/>\n<meta property=\"article:modified_time\" content=\"2026-01-27T23:22:42+00:00\" \/>\n<meta property=\"og:image\" content=\"https:\/\/vitablanca.ma\/wp-content\/uploads\/2025\/07\/balea-haarparfum-pure-liberty.jpg\" \/>\n\t<meta property=\"og:image:width\" content=\"1204\" \/>\n\t<meta property=\"og:image:height\" content=\"1200\" \/>\n\t<meta property=\"og:image:type\" content=\"image\/jpeg\" \/>\n<meta name=\"twitter:card\" content=\"summary_large_image\" \/>\n<meta name=\"twitter:label1\" content=\"Est. reading time\" \/>\n\t<meta name=\"twitter:data1\" content=\"1 minute\" \/>\n<script type=\"application\/ld+json\" class=\"yoast-schema-graph\">{\"@context\":\"https:\\\/\\\/schema.org\",\"@graph\":[{\"@type\":[\"WebPage\",\"ItemPage\"],\"@id\":\"https:\\\/\\\/vitablanca.ma\\\/produit\\\/parfum-pour-les-cheveux-pure-liberty-100-ml\\\/\",\"url\":\"https:\\\/\\\/vitablanca.ma\\\/produit\\\/parfum-pour-les-cheveux-pure-liberty-100-ml\\\/\",\"name\":\"Parfum pour les cheveux Pure Liberty, 100 ml - Maroc Prix\",\"isPartOf\":{\"@id\":\"https:\\\/\\\/vitablanca.ma\\\/#website\"},\"primaryImageOfPage\":{\"@id\":\"https:\\\/\\\/vitablanca.ma\\\/produit\\\/parfum-pour-les-cheveux-pure-liberty-100-ml\\\/#primaryimage\"},\"image\":{\"@id\":\"https:\\\/\\\/vitablanca.ma\\\/produit\\\/parfum-pour-les-cheveux-pure-liberty-100-ml\\\/#primaryimage\"},\"thumbnailUrl\":\"https:\\\/\\\/vitablanca.ma\\\/wp-content\\\/uploads\\\/2025\\\/07\\\/balea-haarparfum-pure-liberty.jpg\",\"datePublished\":\"2025-07-10T18:22:30+00:00\",\"dateModified\":\"2026-01-27T23:22:42+00:00\",\"description\":\"Parfum pour les Cheveux Pure Liberty 100 ml parfume d\u00e9licatement vos cheveux avec une fragrance fra\u00eeche et agr\u00e9able. Spray l\u00e9ger, non gras,\",\"breadcrumb\":{\"@id\":\"https:\\\/\\\/vitablanca.ma\\\/produit\\\/parfum-pour-les-cheveux-pure-liberty-100-ml\\\/#breadcrumb\"},\"inLanguage\":\"en-US\",\"potentialAction\":[{\"@type\":\"ReadAction\",\"target\":[\"https:\\\/\\\/vitablanca.ma\\\/produit\\\/parfum-pour-les-cheveux-pure-liberty-100-ml\\\/\"]}]},{\"@type\":\"ImageObject\",\"inLanguage\":\"en-US\",\"@id\":\"https:\\\/\\\/vitablanca.ma\\\/produit\\\/parfum-pour-les-cheveux-pure-liberty-100-ml\\\/#primaryimage\",\"url\":\"https:\\\/\\\/vitablanca.ma\\\/wp-content\\\/uploads\\\/2025\\\/07\\\/balea-haarparfum-pure-liberty.jpg\",\"contentUrl\":\"https:\\\/\\\/vitablanca.ma\\\/wp-content\\\/uploads\\\/2025\\\/07\\\/balea-haarparfum-pure-liberty.jpg\",\"width\":1204,\"height\":1200},{\"@type\":\"BreadcrumbList\",\"@id\":\"https:\\\/\\\/vitablanca.ma\\\/produit\\\/parfum-pour-les-cheveux-pure-liberty-100-ml\\\/#breadcrumb\",\"itemListElement\":[{\"@type\":\"ListItem\",\"position\":1,\"name\":\"Home\",\"item\":\"https:\\\/\\\/vitablanca.ma\\\/\"},{\"@type\":\"ListItem\",\"position\":2,\"name\":\"Tous Les Produits\",\"item\":\"https:\\\/\\\/vitablanca.ma\\\/tous-les-produits\\\/\"},{\"@type\":\"ListItem\",\"position\":3,\"name\":\"Parfum pour les cheveux Pure Liberty, 100 ml\"}]},{\"@type\":\"WebSite\",\"@id\":\"https:\\\/\\\/vitablanca.ma\\\/#website\",\"url\":\"https:\\\/\\\/vitablanca.ma\\\/\",\"name\":\"VitaBlanca.ma | Compl\u00e9ments alimentaires, sant\u00e9 & beaut\u00e9 au Maroc\",\"description\":\"vendre vitamines et compl\u00e9ments premium des USA &amp; Canada, Nouvelle Z\u00e9lande,Maroc (NOW Foods, Solgar, Manuka). Livraison rapide partout au Maroc.\",\"publisher\":{\"@id\":\"https:\\\/\\\/vitablanca.ma\\\/#organization\"},\"alternateName\":\"VitaBlanca.ma\",\"potentialAction\":[{\"@type\":\"SearchAction\",\"target\":{\"@type\":\"EntryPoint\",\"urlTemplate\":\"https:\\\/\\\/vitablanca.ma\\\/?s={search_term_string}\"},\"query-input\":{\"@type\":\"PropertyValueSpecification\",\"valueRequired\":true,\"valueName\":\"search_term_string\"}}],\"inLanguage\":\"en-US\"},{\"@type\":\"Organization\",\"@id\":\"https:\\\/\\\/vitablanca.ma\\\/#organization\",\"name\":\"VitaBlanca\",\"url\":\"https:\\\/\\\/vitablanca.ma\\\/\",\"logo\":{\"@type\":\"ImageObject\",\"inLanguage\":\"en-US\",\"@id\":\"https:\\\/\\\/vitablanca.ma\\\/#\\\/schema\\\/logo\\\/image\\\/\",\"url\":\"https:\\\/\\\/vitablanca.ma\\\/wp-content\\\/uploads\\\/2025\\\/05\\\/cropped-vitablanca.png\",\"contentUrl\":\"https:\\\/\\\/vitablanca.ma\\\/wp-content\\\/uploads\\\/2025\\\/05\\\/cropped-vitablanca.png\",\"width\":360,\"height\":67,\"caption\":\"VitaBlanca\"},\"image\":{\"@id\":\"https:\\\/\\\/vitablanca.ma\\\/#\\\/schema\\\/logo\\\/image\\\/\"},\"sameAs\":[\"https:\\\/\\\/www.facebook.com\\\/profile.php?id=61576678196717\",\"https:\\\/\\\/www.tiktok.com\\\/@vitablanca.ma\",\"https:\\\/\\\/www.instagram.com\\\/vitablanca.ma\\\/\"]}]}<\/script>\n<!-- \/ Yoast SEO plugin. -->","yoast_head_json":{"title":"Pure Liberty Hair Perfume, 100 ml - Morocco Price","description":"Parfum pour les Cheveux Pure Liberty 100 ml parfume d\u00e9licatement vos cheveux avec une fragrance fra\u00eeche et agr\u00e9able. Spray l\u00e9ger, non gras,","robots":{"index":"index","follow":"follow","max-snippet":"max-snippet:-1","max-image-preview":"max-image-preview:large","max-video-preview":"max-video-preview:-1"},"canonical":"https:\/\/vitablanca.ma\/en\/product\/parfum-pour-les-cheveux-pure-liberty-100-ml\/","og_locale":"en_US","og_type":"article","og_title":"Parfum pour les cheveux Pure Liberty, 100 ml - Maroc Prix","og_description":"Parfum pour les Cheveux Pure Liberty 100 ml parfume d\u00e9licatement vos cheveux avec une fragrance fra\u00eeche et agr\u00e9able. Spray l\u00e9ger, non gras,","og_url":"https:\/\/vitablanca.ma\/en\/product\/parfum-pour-les-cheveux-pure-liberty-100-ml\/","og_site_name":"Vitablanca.ma &ndash; Sant&eacute;, vitalit&eacute; et bien-&ecirc;tre pour tous les Marocains","article_publisher":"https:\/\/www.facebook.com\/profile.php?id=61576678196717","article_modified_time":"2026-01-27T23:22:42+00:00","og_image":[{"width":1204,"height":1200,"url":"https:\/\/vitablanca.ma\/wp-content\/uploads\/2025\/07\/balea-haarparfum-pure-liberty.jpg","type":"image\/jpeg"}],"twitter_card":"summary_large_image","twitter_misc":{"Est. reading time":"1 minute"},"schema":{"@context":"https:\/\/schema.org","@graph":[{"@type":["WebPage","ItemPage"],"@id":"https:\/\/vitablanca.ma\/produit\/parfum-pour-les-cheveux-pure-liberty-100-ml\/","url":"https:\/\/vitablanca.ma\/produit\/parfum-pour-les-cheveux-pure-liberty-100-ml\/","name":"Pure Liberty Hair Perfume, 100 ml - Morocco Price","isPartOf":{"@id":"https:\/\/vitablanca.ma\/#website"},"primaryImageOfPage":{"@id":"https:\/\/vitablanca.ma\/produit\/parfum-pour-les-cheveux-pure-liberty-100-ml\/#primaryimage"},"image":{"@id":"https:\/\/vitablanca.ma\/produit\/parfum-pour-les-cheveux-pure-liberty-100-ml\/#primaryimage"},"thumbnailUrl":"https:\/\/vitablanca.ma\/wp-content\/uploads\/2025\/07\/balea-haarparfum-pure-liberty.jpg","datePublished":"2025-07-10T18:22:30+00:00","dateModified":"2026-01-27T23:22:42+00:00","description":"Parfum pour les Cheveux Pure Liberty 100 ml parfume d\u00e9licatement vos cheveux avec une fragrance fra\u00eeche et agr\u00e9able. Spray l\u00e9ger, non gras,","breadcrumb":{"@id":"https:\/\/vitablanca.ma\/produit\/parfum-pour-les-cheveux-pure-liberty-100-ml\/#breadcrumb"},"inLanguage":"en-US","potentialAction":[{"@type":"ReadAction","target":["https:\/\/vitablanca.ma\/produit\/parfum-pour-les-cheveux-pure-liberty-100-ml\/"]}]},{"@type":"ImageObject","inLanguage":"en-US","@id":"https:\/\/vitablanca.ma\/produit\/parfum-pour-les-cheveux-pure-liberty-100-ml\/#primaryimage","url":"https:\/\/vitablanca.ma\/wp-content\/uploads\/2025\/07\/balea-haarparfum-pure-liberty.jpg","contentUrl":"https:\/\/vitablanca.ma\/wp-content\/uploads\/2025\/07\/balea-haarparfum-pure-liberty.jpg","width":1204,"height":1200},{"@type":"BreadcrumbList","@id":"https:\/\/vitablanca.ma\/produit\/parfum-pour-les-cheveux-pure-liberty-100-ml\/#breadcrumb","itemListElement":[{"@type":"ListItem","position":1,"name":"Home","item":"https:\/\/vitablanca.ma\/"},{"@type":"ListItem","position":2,"name":"Tous Les Produits","item":"https:\/\/vitablanca.ma\/tous-les-produits\/"},{"@type":"ListItem","position":3,"name":"Parfum pour les cheveux Pure Liberty, 100 ml"}]},{"@type":"WebSite","@id":"https:\/\/vitablanca.ma\/#website","url":"https:\/\/vitablanca.ma\/","name":"VitaBlanca.ma | Food supplements, health &amp; beauty in Morocco","description":"sell premium vitamins and supplements from USA &amp; Canada, New Zealand, Morocco (NOW Foods, Solgar, Manuka). Fast delivery anywhere in Morocco.","publisher":{"@id":"https:\/\/vitablanca.ma\/#organization"},"alternateName":"VitaBlanca.ma","potentialAction":[{"@type":"SearchAction","target":{"@type":"EntryPoint","urlTemplate":"https:\/\/vitablanca.ma\/?s={search_term_string}"},"query-input":{"@type":"PropertyValueSpecification","valueRequired":true,"valueName":"search_term_string"}}],"inLanguage":"en-US"},{"@type":"Organization","@id":"https:\/\/vitablanca.ma\/#organization","name":"VitaBlanca","url":"https:\/\/vitablanca.ma\/","logo":{"@type":"ImageObject","inLanguage":"en-US","@id":"https:\/\/vitablanca.ma\/#\/schema\/logo\/image\/","url":"https:\/\/vitablanca.ma\/wp-content\/uploads\/2025\/05\/cropped-vitablanca.png","contentUrl":"https:\/\/vitablanca.ma\/wp-content\/uploads\/2025\/05\/cropped-vitablanca.png","width":360,"height":67,"caption":"VitaBlanca"},"image":{"@id":"https:\/\/vitablanca.ma\/#\/schema\/logo\/image\/"},"sameAs":["https:\/\/www.facebook.com\/profile.php?id=61576678196717","https:\/\/www.tiktok.com\/@vitablanca.ma","https:\/\/www.instagram.com\/vitablanca.ma\/"]}]}},"jetpack_sharing_enabled":true,"_links":{"self":[{"href":"https:\/\/vitablanca.ma\/en\/wp-json\/wp\/v2\/product\/23698","targetHints":{"allow":["GET"]}}],"collection":[{"href":"https:\/\/vitablanca.ma\/en\/wp-json\/wp\/v2\/product"}],"about":[{"href":"https:\/\/vitablanca.ma\/en\/wp-json\/wp\/v2\/types\/product"}],"wp:featuredmedia":[{"embeddable":true,"href":"https:\/\/vitablanca.ma\/en\/wp-json\/wp\/v2\/media\/23696"}],"wp:attachment":[{"href":"https:\/\/vitablanca.ma\/en\/wp-json\/wp\/v2\/media?parent=23698"}],"wp:term":[{"taxonomy":"product_brand","embeddable":true,"href":"https:\/\/vitablanca.ma\/en\/wp-json\/wp\/v2\/product_brand?post=23698"},{"taxonomy":"product_cat","embeddable":true,"href":"https:\/\/vitablanca.ma\/en\/wp-json\/wp\/v2\/product_cat?post=23698"},{"taxonomy":"product_tag","embeddable":true,"href":"https:\/\/vitablanca.ma\/en\/wp-json\/wp\/v2\/product_tag?post=23698"}],"curies":[{"name":"wp","href":"https:\/\/api.w.org\/{rel}","templated":true}]}}