{"id":23691,"date":"2025-07-10T18:22:06","date_gmt":"2025-07-10T18:22:06","guid":{"rendered":"https:\/\/vitablanca.ma\/product\/balea-men-shampooing-a-la-cafeine\/"},"modified":"2026-01-28T00:54:28","modified_gmt":"2026-01-28T00:54:28","slug":"balea-men-caffeine-shampoo","status":"publish","type":"product","link":"https:\/\/vitablanca.ma\/en\/product\/balea-men-caffeine-shampoo\/","title":{"rendered":"Balea MEN \u2013 Caffeine Shampoo"},"content":{"rendered":"<h3>Caffeine boost for tired hair \u2615\u26a1<\/h3>\n<ul>\n<li>Hair Type: Shedding Hair<\/li>\n<li>Effect: Against hair loss, treatment<\/li>\n<li>Alcohol-free, Silicone-free, Vegan<\/li>\n<li>Vegan shampoo<\/li>\n<li>Strengthens weakened hair roots<\/li>\n<li>For stronger, thicker hair<\/li>\n<li>Complex of active substances with caffeine<\/li>\n<li>Silicone and microplastic free<\/li>\n<li>Volume: 250 ml<\/li>\n<\/ul>\n<h4><strong><span style=\"font-size: 11pt; line-height: 104%; font-family: 'Segoe UI Emoji', sans-serif;\">\ud83d\udccc<\/span><span lang=\"EN-US\" style=\"font-size: 11pt; line-height: 104%; font-family: Arial, sans-serif;\"> Product Description<\/span><\/strong><\/h4>\n<p>Balea Men&#039;s Power Effect Caffeine Shampoo effectively combats hair loss thanks to caffeine and coenzyme Q10. The high-quality active ingredients penetrate deep into the hair, helping to prevent hereditary hair loss. Furthermore, its texture is free from microplastics, making it the perfect hair shampoo for stronger, thicker hair.<\/p>\n<h4><strong><span style=\"font-size: 11pt; line-height: 104%; font-family: 'Segoe UI Emoji', sans-serif;\">\ud83d\udca1<\/span><span lang=\"EN-US\" style=\"font-size: 11pt; line-height: 104%; font-family: Arial, sans-serif;\"> Directions for use\u00a0<\/span><\/strong><\/h4>\n<p>Massage thoroughly into damp hair, leave on briefly and rinse thoroughly. Suitable for daily use.<\/p>\n<h4><\/h4>","protected":false},"excerpt":{"rendered":"<p>Caf\u00e9ine boost pour cheveux fatigu\u00e9s \u2615\u26a1 Type de cheveux:Cheveux qui tombent Effet: Contre la chute des cheveux, soin Sans alcool, Sans silicone, V\u00e9g\u00e9talien Shampooing v\u00e9g\u00e9talien Renforce les racines affaiblies des cheveux Pour des cheveux plus forts et plus denses Complexe de substances actives avec de la caf\u00e9ine Sans silicone ni microplastique Volume: 250 ml \ud83d\udccc [&hellip;]<\/p>\n","protected":false},"featured_media":23688,"template":"","meta":{"om_disable_all_campaigns":false},"product_brand":[3236],"product_cat":[18],"product_tag":[3237,3240,3238,6624,3239,6626,3241,6629,6628,6609,6625,6613,6627],"class_list":{"0":"post-23691","1":"product","2":"type-product","3":"status-publish","4":"has-post-thumbnail","6":"product_brand-balea-dm-prix-maroc","7":"product_cat-beaute-sante","8":"product_tag-balea","9":"product_tag-balea-dm","10":"product_tag-balea-maroc","11":"product_tag-balea-men-shampooing-a-la-cafeine","12":"product_tag-balea-morocco","13":"product_tag-cheveux-forts-et-revitalises","14":"product_tag-dm-maroc","15":"product_tag-revitalisation-cheveux-balea","16":"product_tag-shampooing-anti-fatigue-cuir-chevelu","17":"product_tag-shampooing-homme-balea","18":"product_tag-shampooing-stimulant-cheveux","19":"product_tag-shampooing-usage-quotidien-homme","20":"product_tag-soin-cheveux-hommes","22":"first","23":"instock","24":"taxable","25":"shipping-taxable","26":"purchasable","27":"product-type-simple"},"yoast_head":"<!-- This site is optimized with the Yoast SEO plugin v27.4 - https:\/\/yoast.com\/product\/yoast-seo-wordpress\/ -->\n<title>Balea MEN - Shampooing \u00e0 la caf\u00e9ine - Maroc Prix<\/title>\n<meta name=\"description\" content=\"Balea MEN Shampooing \u00e0 la Caf\u00e9ine stimule le cuir chevelu, renforce les cheveux et r\u00e9duit les signes de fatigue capillaire. Shampooing pour hommes,\" \/>\n<meta name=\"robots\" content=\"index, follow, max-snippet:-1, max-image-preview:large, max-video-preview:-1\" \/>\n<link rel=\"canonical\" href=\"https:\/\/vitablanca.ma\/en\/product\/balea-men-caffeine-shampoo\/\" \/>\n<meta property=\"og:locale\" content=\"en_US\" \/>\n<meta property=\"og:type\" content=\"article\" \/>\n<meta property=\"og:title\" content=\"Balea MEN - Shampooing \u00e0 la caf\u00e9ine - Maroc Prix\" \/>\n<meta property=\"og:description\" content=\"Balea MEN Shampooing \u00e0 la Caf\u00e9ine stimule le cuir chevelu, renforce les cheveux et r\u00e9duit les signes de fatigue capillaire. Shampooing pour hommes,\" \/>\n<meta property=\"og:url\" content=\"https:\/\/vitablanca.ma\/en\/product\/balea-men-caffeine-shampoo\/\" \/>\n<meta property=\"og:site_name\" content=\"Vitablanca.ma &ndash; Sant&eacute;, vitalit&eacute; et bien-&ecirc;tre pour tous les Marocains\" \/>\n<meta property=\"article:publisher\" content=\"https:\/\/www.facebook.com\/profile.php?id=61576678196717\" \/>\n<meta property=\"article:modified_time\" content=\"2026-01-28T00:54:28+00:00\" \/>\n<meta property=\"og:image\" content=\"https:\/\/vitablanca.ma\/wp-content\/uploads\/2025\/07\/balea-men-shampoo-power-effect-coffeind.jpg\" \/>\n\t<meta property=\"og:image:width\" content=\"1200\" \/>\n\t<meta property=\"og:image:height\" content=\"1200\" \/>\n\t<meta property=\"og:image:type\" content=\"image\/jpeg\" \/>\n<meta name=\"twitter:card\" content=\"summary_large_image\" \/>\n<meta name=\"twitter:label1\" content=\"Est. reading time\" \/>\n\t<meta name=\"twitter:data1\" content=\"1 minute\" \/>\n<script type=\"application\/ld+json\" class=\"yoast-schema-graph\">{\"@context\":\"https:\\\/\\\/schema.org\",\"@graph\":[{\"@type\":[\"WebPage\",\"ItemPage\"],\"@id\":\"https:\\\/\\\/vitablanca.ma\\\/produit\\\/balea-men-shampooing-a-la-cafeine\\\/\",\"url\":\"https:\\\/\\\/vitablanca.ma\\\/produit\\\/balea-men-shampooing-a-la-cafeine\\\/\",\"name\":\"Balea MEN - Shampooing \u00e0 la caf\u00e9ine - Maroc Prix\",\"isPartOf\":{\"@id\":\"https:\\\/\\\/vitablanca.ma\\\/#website\"},\"primaryImageOfPage\":{\"@id\":\"https:\\\/\\\/vitablanca.ma\\\/produit\\\/balea-men-shampooing-a-la-cafeine\\\/#primaryimage\"},\"image\":{\"@id\":\"https:\\\/\\\/vitablanca.ma\\\/produit\\\/balea-men-shampooing-a-la-cafeine\\\/#primaryimage\"},\"thumbnailUrl\":\"https:\\\/\\\/vitablanca.ma\\\/wp-content\\\/uploads\\\/2025\\\/07\\\/balea-men-shampoo-power-effect-coffeind.jpg\",\"datePublished\":\"2025-07-10T18:22:06+00:00\",\"dateModified\":\"2026-01-28T00:54:28+00:00\",\"description\":\"Balea MEN Shampooing \u00e0 la Caf\u00e9ine stimule le cuir chevelu, renforce les cheveux et r\u00e9duit les signes de fatigue capillaire. Shampooing pour hommes,\",\"breadcrumb\":{\"@id\":\"https:\\\/\\\/vitablanca.ma\\\/produit\\\/balea-men-shampooing-a-la-cafeine\\\/#breadcrumb\"},\"inLanguage\":\"en-US\",\"potentialAction\":[{\"@type\":\"ReadAction\",\"target\":[\"https:\\\/\\\/vitablanca.ma\\\/produit\\\/balea-men-shampooing-a-la-cafeine\\\/\"]}]},{\"@type\":\"ImageObject\",\"inLanguage\":\"en-US\",\"@id\":\"https:\\\/\\\/vitablanca.ma\\\/produit\\\/balea-men-shampooing-a-la-cafeine\\\/#primaryimage\",\"url\":\"https:\\\/\\\/vitablanca.ma\\\/wp-content\\\/uploads\\\/2025\\\/07\\\/balea-men-shampoo-power-effect-coffeind.jpg\",\"contentUrl\":\"https:\\\/\\\/vitablanca.ma\\\/wp-content\\\/uploads\\\/2025\\\/07\\\/balea-men-shampoo-power-effect-coffeind.jpg\",\"width\":1200,\"height\":1200},{\"@type\":\"BreadcrumbList\",\"@id\":\"https:\\\/\\\/vitablanca.ma\\\/produit\\\/balea-men-shampooing-a-la-cafeine\\\/#breadcrumb\",\"itemListElement\":[{\"@type\":\"ListItem\",\"position\":1,\"name\":\"Home\",\"item\":\"https:\\\/\\\/vitablanca.ma\\\/\"},{\"@type\":\"ListItem\",\"position\":2,\"name\":\"Tous Les Produits\",\"item\":\"https:\\\/\\\/vitablanca.ma\\\/tous-les-produits\\\/\"},{\"@type\":\"ListItem\",\"position\":3,\"name\":\"Balea MEN &#8211; Shampooing \u00e0 la caf\u00e9ine\"}]},{\"@type\":\"WebSite\",\"@id\":\"https:\\\/\\\/vitablanca.ma\\\/#website\",\"url\":\"https:\\\/\\\/vitablanca.ma\\\/\",\"name\":\"VitaBlanca.ma | Compl\u00e9ments alimentaires, sant\u00e9 & beaut\u00e9 au Maroc\",\"description\":\"vendre vitamines et compl\u00e9ments premium des USA &amp; Canada, Nouvelle Z\u00e9lande,Maroc (NOW Foods, Solgar, Manuka). Livraison rapide partout au Maroc.\",\"publisher\":{\"@id\":\"https:\\\/\\\/vitablanca.ma\\\/#organization\"},\"alternateName\":\"VitaBlanca.ma\",\"potentialAction\":[{\"@type\":\"SearchAction\",\"target\":{\"@type\":\"EntryPoint\",\"urlTemplate\":\"https:\\\/\\\/vitablanca.ma\\\/?s={search_term_string}\"},\"query-input\":{\"@type\":\"PropertyValueSpecification\",\"valueRequired\":true,\"valueName\":\"search_term_string\"}}],\"inLanguage\":\"en-US\"},{\"@type\":\"Organization\",\"@id\":\"https:\\\/\\\/vitablanca.ma\\\/#organization\",\"name\":\"VitaBlanca\",\"url\":\"https:\\\/\\\/vitablanca.ma\\\/\",\"logo\":{\"@type\":\"ImageObject\",\"inLanguage\":\"en-US\",\"@id\":\"https:\\\/\\\/vitablanca.ma\\\/#\\\/schema\\\/logo\\\/image\\\/\",\"url\":\"https:\\\/\\\/vitablanca.ma\\\/wp-content\\\/uploads\\\/2025\\\/05\\\/cropped-vitablanca.png\",\"contentUrl\":\"https:\\\/\\\/vitablanca.ma\\\/wp-content\\\/uploads\\\/2025\\\/05\\\/cropped-vitablanca.png\",\"width\":360,\"height\":67,\"caption\":\"VitaBlanca\"},\"image\":{\"@id\":\"https:\\\/\\\/vitablanca.ma\\\/#\\\/schema\\\/logo\\\/image\\\/\"},\"sameAs\":[\"https:\\\/\\\/www.facebook.com\\\/profile.php?id=61576678196717\",\"https:\\\/\\\/www.tiktok.com\\\/@vitablanca.ma\",\"https:\\\/\\\/www.instagram.com\\\/vitablanca.ma\\\/\"]}]}<\/script>\n<!-- \/ Yoast SEO plugin. -->","yoast_head_json":{"title":"Balea MEN - Caffeine Shampoo - Morocco Price","description":"Balea MEN Shampooing \u00e0 la Caf\u00e9ine stimule le cuir chevelu, renforce les cheveux et r\u00e9duit les signes de fatigue capillaire. Shampooing pour hommes,","robots":{"index":"index","follow":"follow","max-snippet":"max-snippet:-1","max-image-preview":"max-image-preview:large","max-video-preview":"max-video-preview:-1"},"canonical":"https:\/\/vitablanca.ma\/en\/product\/balea-men-caffeine-shampoo\/","og_locale":"en_US","og_type":"article","og_title":"Balea MEN - Shampooing \u00e0 la caf\u00e9ine - Maroc Prix","og_description":"Balea MEN Shampooing \u00e0 la Caf\u00e9ine stimule le cuir chevelu, renforce les cheveux et r\u00e9duit les signes de fatigue capillaire. Shampooing pour hommes,","og_url":"https:\/\/vitablanca.ma\/en\/product\/balea-men-caffeine-shampoo\/","og_site_name":"Vitablanca.ma &ndash; Sant&eacute;, vitalit&eacute; et bien-&ecirc;tre pour tous les Marocains","article_publisher":"https:\/\/www.facebook.com\/profile.php?id=61576678196717","article_modified_time":"2026-01-28T00:54:28+00:00","og_image":[{"width":1200,"height":1200,"url":"https:\/\/vitablanca.ma\/wp-content\/uploads\/2025\/07\/balea-men-shampoo-power-effect-coffeind.jpg","type":"image\/jpeg"}],"twitter_card":"summary_large_image","twitter_misc":{"Est. reading time":"1 minute"},"schema":{"@context":"https:\/\/schema.org","@graph":[{"@type":["WebPage","ItemPage"],"@id":"https:\/\/vitablanca.ma\/produit\/balea-men-shampooing-a-la-cafeine\/","url":"https:\/\/vitablanca.ma\/produit\/balea-men-shampooing-a-la-cafeine\/","name":"Balea MEN - Caffeine Shampoo - Morocco Price","isPartOf":{"@id":"https:\/\/vitablanca.ma\/#website"},"primaryImageOfPage":{"@id":"https:\/\/vitablanca.ma\/produit\/balea-men-shampooing-a-la-cafeine\/#primaryimage"},"image":{"@id":"https:\/\/vitablanca.ma\/produit\/balea-men-shampooing-a-la-cafeine\/#primaryimage"},"thumbnailUrl":"https:\/\/vitablanca.ma\/wp-content\/uploads\/2025\/07\/balea-men-shampoo-power-effect-coffeind.jpg","datePublished":"2025-07-10T18:22:06+00:00","dateModified":"2026-01-28T00:54:28+00:00","description":"Balea MEN Shampooing \u00e0 la Caf\u00e9ine stimule le cuir chevelu, renforce les cheveux et r\u00e9duit les signes de fatigue capillaire. Shampooing pour hommes,","breadcrumb":{"@id":"https:\/\/vitablanca.ma\/produit\/balea-men-shampooing-a-la-cafeine\/#breadcrumb"},"inLanguage":"en-US","potentialAction":[{"@type":"ReadAction","target":["https:\/\/vitablanca.ma\/produit\/balea-men-shampooing-a-la-cafeine\/"]}]},{"@type":"ImageObject","inLanguage":"en-US","@id":"https:\/\/vitablanca.ma\/produit\/balea-men-shampooing-a-la-cafeine\/#primaryimage","url":"https:\/\/vitablanca.ma\/wp-content\/uploads\/2025\/07\/balea-men-shampoo-power-effect-coffeind.jpg","contentUrl":"https:\/\/vitablanca.ma\/wp-content\/uploads\/2025\/07\/balea-men-shampoo-power-effect-coffeind.jpg","width":1200,"height":1200},{"@type":"BreadcrumbList","@id":"https:\/\/vitablanca.ma\/produit\/balea-men-shampooing-a-la-cafeine\/#breadcrumb","itemListElement":[{"@type":"ListItem","position":1,"name":"Home","item":"https:\/\/vitablanca.ma\/"},{"@type":"ListItem","position":2,"name":"Tous Les Produits","item":"https:\/\/vitablanca.ma\/tous-les-produits\/"},{"@type":"ListItem","position":3,"name":"Balea MEN &#8211; Shampooing \u00e0 la caf\u00e9ine"}]},{"@type":"WebSite","@id":"https:\/\/vitablanca.ma\/#website","url":"https:\/\/vitablanca.ma\/","name":"VitaBlanca.ma | Food supplements, health &amp; beauty in Morocco","description":"sell premium vitamins and supplements from USA &amp; Canada, New Zealand, Morocco (NOW Foods, Solgar, Manuka). Fast delivery anywhere in Morocco.","publisher":{"@id":"https:\/\/vitablanca.ma\/#organization"},"alternateName":"VitaBlanca.ma","potentialAction":[{"@type":"SearchAction","target":{"@type":"EntryPoint","urlTemplate":"https:\/\/vitablanca.ma\/?s={search_term_string}"},"query-input":{"@type":"PropertyValueSpecification","valueRequired":true,"valueName":"search_term_string"}}],"inLanguage":"en-US"},{"@type":"Organization","@id":"https:\/\/vitablanca.ma\/#organization","name":"VitaBlanca","url":"https:\/\/vitablanca.ma\/","logo":{"@type":"ImageObject","inLanguage":"en-US","@id":"https:\/\/vitablanca.ma\/#\/schema\/logo\/image\/","url":"https:\/\/vitablanca.ma\/wp-content\/uploads\/2025\/05\/cropped-vitablanca.png","contentUrl":"https:\/\/vitablanca.ma\/wp-content\/uploads\/2025\/05\/cropped-vitablanca.png","width":360,"height":67,"caption":"VitaBlanca"},"image":{"@id":"https:\/\/vitablanca.ma\/#\/schema\/logo\/image\/"},"sameAs":["https:\/\/www.facebook.com\/profile.php?id=61576678196717","https:\/\/www.tiktok.com\/@vitablanca.ma","https:\/\/www.instagram.com\/vitablanca.ma\/"]}]}},"jetpack_sharing_enabled":true,"_links":{"self":[{"href":"https:\/\/vitablanca.ma\/en\/wp-json\/wp\/v2\/product\/23691","targetHints":{"allow":["GET"]}}],"collection":[{"href":"https:\/\/vitablanca.ma\/en\/wp-json\/wp\/v2\/product"}],"about":[{"href":"https:\/\/vitablanca.ma\/en\/wp-json\/wp\/v2\/types\/product"}],"wp:featuredmedia":[{"embeddable":true,"href":"https:\/\/vitablanca.ma\/en\/wp-json\/wp\/v2\/media\/23688"}],"wp:attachment":[{"href":"https:\/\/vitablanca.ma\/en\/wp-json\/wp\/v2\/media?parent=23691"}],"wp:term":[{"taxonomy":"product_brand","embeddable":true,"href":"https:\/\/vitablanca.ma\/en\/wp-json\/wp\/v2\/product_brand?post=23691"},{"taxonomy":"product_cat","embeddable":true,"href":"https:\/\/vitablanca.ma\/en\/wp-json\/wp\/v2\/product_cat?post=23691"},{"taxonomy":"product_tag","embeddable":true,"href":"https:\/\/vitablanca.ma\/en\/wp-json\/wp\/v2\/product_tag?post=23691"}],"curies":[{"name":"wp","href":"https:\/\/api.w.org\/{rel}","templated":true}]}}