{"id":23687,"date":"2025-07-10T18:21:57","date_gmt":"2025-07-10T18:21:57","guid":{"rendered":"https:\/\/vitablanca.ma\/product\/balea-men-shampooing-antipelliculaire\/"},"modified":"2026-01-27T23:30:01","modified_gmt":"2026-01-27T23:30:01","slug":"balea-men-shampooing-antipelliculaire","status":"publish","type":"product","link":"https:\/\/vitablanca.ma\/en\/product\/balea-men-shampooing-antipelliculaire\/","title":{"rendered":"Balea MEN \u2013 Anti-dandruff shampoo"},"content":{"rendered":"<h3>Powerful anti-dandruff, fast effect \u2728\ud83e\udda0<\/h3>\n<ul>\n<li>Hair Type: Dandruff-Prone Hair<\/li>\n<li>Effect: Anti-dandruff, care<\/li>\n<li>Alcohol-free, Silicone-free, Vegan<\/li>\n<li>Silicone-free anti-dandruff shampoo<\/li>\n<li>Eliminates up to 100 % of visible dandruff<\/li>\n<li>Prevents the formation of new dandruff with regular use<\/li>\n<li>Soothes and refreshes itchy scalp<\/li>\n<li>Free from microplastics and water-soluble synthetic polymers<\/li>\n<li>Volume: 250 ml<\/li>\n<\/ul>\n<h4><strong><span style=\"font-size: 11pt; line-height: 104%; font-family: 'Segoe UI Emoji', sans-serif;\">\ud83d\udccc<\/span><span lang=\"EN-US\" style=\"font-size: 11pt; line-height: 104%; font-family: Arial, sans-serif;\"> Product Description <\/span><\/strong><\/h4>\n<p>Balea MEN Power Effect Anti-Dandruff Shampoo frees your hair from up to 100% of visible flakes from the first use. Its effective formula with octopirox, peppermint, and menthol refreshes and soothes itchy scalps. In addition, regular use prevents the formation of new flakes. The result: dandruff-free hair and a refreshed scalp.<\/p>\n<h4><strong><span style=\"font-size: 11pt; line-height: 104%; font-family: 'Segoe UI Emoji', sans-serif;\">\ud83d\udca1<\/span><span lang=\"EN-US\" style=\"font-size: 11pt; line-height: 104%; font-family: Arial, sans-serif;\"> Directions for use <\/span><\/strong><\/h4>\n<p>Massage thoroughly into damp hair, leave on briefly and rinse thoroughly. Suitable for daily use.<\/p>","protected":false},"excerpt":{"rendered":"<p>Anti-pellicules puissant, effet rapide \u2728\ud83e\udda0 Type de cheveux:Cheveux \u00e0 pellicules Effet:Antipelliculaire, soin Sans alcool, Sans silicone, V\u00e9g\u00e9talien Shampooing antipelliculaire sans silicone \u00c9limine jusqu&rsquo;\u00e0 100 % des pellicules visibles Pr\u00e9vient la formation de nouvelles pellicules en cas d&rsquo;utilisation r\u00e9guli\u00e8re Apaise et rafra\u00eechit le cuir chevelu qui d\u00e9mange Sans microplastiques ni polym\u00e8res synth\u00e9tiques solubles dans l&rsquo;eau Volume: [&hellip;]<\/p>\n","protected":false},"featured_media":23684,"template":"","meta":{"om_disable_all_campaigns":false},"product_brand":[3236],"product_cat":[18],"product_tag":[3237,3240,3238,6614,6608,3239,6612,3241,6610,6615,6609,6613,6611],"class_list":{"0":"post-23687","1":"product","2":"type-product","3":"status-publish","4":"has-post-thumbnail","6":"product_brand-balea-dm-prix-maroc","7":"product_cat-beaute-sante","8":"product_tag-balea","9":"product_tag-balea-dm","10":"product_tag-balea-maroc","11":"product_tag-balea-men-cheveux","12":"product_tag-balea-men-shampooing-antipelliculaire","13":"product_tag-balea-morocco","14":"product_tag-cheveux-propres-et-sains","15":"product_tag-dm-maroc","16":"product_tag-shampooing-anti-pellicules","17":"product_tag-shampooing-demangeaisons-cuir-chevelu","18":"product_tag-shampooing-homme-balea","19":"product_tag-shampooing-usage-quotidien-homme","20":"product_tag-soin-cuir-chevelu-homme","22":"first","23":"instock","24":"taxable","25":"shipping-taxable","26":"purchasable","27":"product-type-simple"},"yoast_head":"<!-- This site is optimized with the Yoast SEO plugin v27.4 - https:\/\/yoast.com\/product\/yoast-seo-wordpress\/ -->\n<title>Balea MEN Shampooing Antipelliculaire - Maroc Prix<\/title>\n<meta name=\"description\" content=\"Balea MEN Shampooing Antipelliculaire \u00e9limine efficacement les pellicules et pr\u00e9vient leur r\u00e9apparition. Shampooing pour hommes,\" \/>\n<meta name=\"robots\" content=\"index, follow, max-snippet:-1, max-image-preview:large, max-video-preview:-1\" \/>\n<link rel=\"canonical\" href=\"https:\/\/vitablanca.ma\/en\/product\/balea-men-shampooing-antipelliculaire\/\" \/>\n<meta property=\"og:locale\" content=\"en_US\" \/>\n<meta property=\"og:type\" content=\"article\" \/>\n<meta property=\"og:title\" content=\"Balea MEN Shampooing Antipelliculaire - Maroc Prix\" \/>\n<meta property=\"og:description\" content=\"Balea MEN Shampooing Antipelliculaire \u00e9limine efficacement les pellicules et pr\u00e9vient leur r\u00e9apparition. Shampooing pour hommes,\" \/>\n<meta property=\"og:url\" content=\"https:\/\/vitablanca.ma\/en\/product\/balea-men-shampooing-antipelliculaire\/\" \/>\n<meta property=\"og:site_name\" content=\"Vitablanca.ma &ndash; Sant&eacute;, vitalit&eacute; et bien-&ecirc;tre pour tous les Marocains\" \/>\n<meta property=\"article:publisher\" content=\"https:\/\/www.facebook.com\/profile.php?id=61576678196717\" \/>\n<meta property=\"article:modified_time\" content=\"2026-01-27T23:30:01+00:00\" \/>\n<meta property=\"og:image\" content=\"https:\/\/vitablanca.ma\/wp-content\/uploads\/2025\/07\/balea-men-anti-schuppen-sham2poo-power-effect.jpg\" \/>\n\t<meta property=\"og:image:width\" content=\"1204\" \/>\n\t<meta property=\"og:image:height\" content=\"1200\" \/>\n\t<meta property=\"og:image:type\" content=\"image\/jpeg\" \/>\n<meta name=\"twitter:card\" content=\"summary_large_image\" \/>\n<meta name=\"twitter:label1\" content=\"Est. reading time\" \/>\n\t<meta name=\"twitter:data1\" content=\"1 minute\" \/>\n<script type=\"application\/ld+json\" class=\"yoast-schema-graph\">{\"@context\":\"https:\\\/\\\/schema.org\",\"@graph\":[{\"@type\":[\"WebPage\",\"ItemPage\"],\"@id\":\"https:\\\/\\\/vitablanca.ma\\\/produit\\\/balea-men-shampooing-antipelliculaire\\\/\",\"url\":\"https:\\\/\\\/vitablanca.ma\\\/produit\\\/balea-men-shampooing-antipelliculaire\\\/\",\"name\":\"Balea MEN Shampooing Antipelliculaire - Maroc Prix\",\"isPartOf\":{\"@id\":\"https:\\\/\\\/vitablanca.ma\\\/#website\"},\"primaryImageOfPage\":{\"@id\":\"https:\\\/\\\/vitablanca.ma\\\/produit\\\/balea-men-shampooing-antipelliculaire\\\/#primaryimage\"},\"image\":{\"@id\":\"https:\\\/\\\/vitablanca.ma\\\/produit\\\/balea-men-shampooing-antipelliculaire\\\/#primaryimage\"},\"thumbnailUrl\":\"https:\\\/\\\/vitablanca.ma\\\/wp-content\\\/uploads\\\/2025\\\/07\\\/balea-men-anti-schuppen-sham2poo-power-effect.jpg\",\"datePublished\":\"2025-07-10T18:21:57+00:00\",\"dateModified\":\"2026-01-27T23:30:01+00:00\",\"description\":\"Balea MEN Shampooing Antipelliculaire \u00e9limine efficacement les pellicules et pr\u00e9vient leur r\u00e9apparition. Shampooing pour hommes,\",\"breadcrumb\":{\"@id\":\"https:\\\/\\\/vitablanca.ma\\\/produit\\\/balea-men-shampooing-antipelliculaire\\\/#breadcrumb\"},\"inLanguage\":\"en-US\",\"potentialAction\":[{\"@type\":\"ReadAction\",\"target\":[\"https:\\\/\\\/vitablanca.ma\\\/produit\\\/balea-men-shampooing-antipelliculaire\\\/\"]}]},{\"@type\":\"ImageObject\",\"inLanguage\":\"en-US\",\"@id\":\"https:\\\/\\\/vitablanca.ma\\\/produit\\\/balea-men-shampooing-antipelliculaire\\\/#primaryimage\",\"url\":\"https:\\\/\\\/vitablanca.ma\\\/wp-content\\\/uploads\\\/2025\\\/07\\\/balea-men-anti-schuppen-sham2poo-power-effect.jpg\",\"contentUrl\":\"https:\\\/\\\/vitablanca.ma\\\/wp-content\\\/uploads\\\/2025\\\/07\\\/balea-men-anti-schuppen-sham2poo-power-effect.jpg\",\"width\":1204,\"height\":1200},{\"@type\":\"BreadcrumbList\",\"@id\":\"https:\\\/\\\/vitablanca.ma\\\/produit\\\/balea-men-shampooing-antipelliculaire\\\/#breadcrumb\",\"itemListElement\":[{\"@type\":\"ListItem\",\"position\":1,\"name\":\"Home\",\"item\":\"https:\\\/\\\/vitablanca.ma\\\/\"},{\"@type\":\"ListItem\",\"position\":2,\"name\":\"Tous Les Produits\",\"item\":\"https:\\\/\\\/vitablanca.ma\\\/tous-les-produits\\\/\"},{\"@type\":\"ListItem\",\"position\":3,\"name\":\"Balea MEN &#8211; Shampooing antipelliculaire\"}]},{\"@type\":\"WebSite\",\"@id\":\"https:\\\/\\\/vitablanca.ma\\\/#website\",\"url\":\"https:\\\/\\\/vitablanca.ma\\\/\",\"name\":\"VitaBlanca.ma | Compl\u00e9ments alimentaires, sant\u00e9 & beaut\u00e9 au Maroc\",\"description\":\"vendre vitamines et compl\u00e9ments premium des USA &amp; Canada, Nouvelle Z\u00e9lande,Maroc (NOW Foods, Solgar, Manuka). Livraison rapide partout au Maroc.\",\"publisher\":{\"@id\":\"https:\\\/\\\/vitablanca.ma\\\/#organization\"},\"alternateName\":\"VitaBlanca.ma\",\"potentialAction\":[{\"@type\":\"SearchAction\",\"target\":{\"@type\":\"EntryPoint\",\"urlTemplate\":\"https:\\\/\\\/vitablanca.ma\\\/?s={search_term_string}\"},\"query-input\":{\"@type\":\"PropertyValueSpecification\",\"valueRequired\":true,\"valueName\":\"search_term_string\"}}],\"inLanguage\":\"en-US\"},{\"@type\":\"Organization\",\"@id\":\"https:\\\/\\\/vitablanca.ma\\\/#organization\",\"name\":\"VitaBlanca\",\"url\":\"https:\\\/\\\/vitablanca.ma\\\/\",\"logo\":{\"@type\":\"ImageObject\",\"inLanguage\":\"en-US\",\"@id\":\"https:\\\/\\\/vitablanca.ma\\\/#\\\/schema\\\/logo\\\/image\\\/\",\"url\":\"https:\\\/\\\/vitablanca.ma\\\/wp-content\\\/uploads\\\/2025\\\/05\\\/cropped-vitablanca.png\",\"contentUrl\":\"https:\\\/\\\/vitablanca.ma\\\/wp-content\\\/uploads\\\/2025\\\/05\\\/cropped-vitablanca.png\",\"width\":360,\"height\":67,\"caption\":\"VitaBlanca\"},\"image\":{\"@id\":\"https:\\\/\\\/vitablanca.ma\\\/#\\\/schema\\\/logo\\\/image\\\/\"},\"sameAs\":[\"https:\\\/\\\/www.facebook.com\\\/profile.php?id=61576678196717\",\"https:\\\/\\\/www.tiktok.com\\\/@vitablanca.ma\",\"https:\\\/\\\/www.instagram.com\\\/vitablanca.ma\\\/\"]}]}<\/script>\n<!-- \/ Yoast SEO plugin. -->","yoast_head_json":{"title":"Balea MEN Shampooing Antipelliculaire - Maroc Prix","description":"Balea MEN Shampooing Antipelliculaire \u00e9limine efficacement les pellicules et pr\u00e9vient leur r\u00e9apparition. Shampooing pour hommes,","robots":{"index":"index","follow":"follow","max-snippet":"max-snippet:-1","max-image-preview":"max-image-preview:large","max-video-preview":"max-video-preview:-1"},"canonical":"https:\/\/vitablanca.ma\/en\/product\/balea-men-shampooing-antipelliculaire\/","og_locale":"en_US","og_type":"article","og_title":"Balea MEN Shampooing Antipelliculaire - Maroc Prix","og_description":"Balea MEN Shampooing Antipelliculaire \u00e9limine efficacement les pellicules et pr\u00e9vient leur r\u00e9apparition. Shampooing pour hommes,","og_url":"https:\/\/vitablanca.ma\/en\/product\/balea-men-shampooing-antipelliculaire\/","og_site_name":"Vitablanca.ma &ndash; Sant&eacute;, vitalit&eacute; et bien-&ecirc;tre pour tous les Marocains","article_publisher":"https:\/\/www.facebook.com\/profile.php?id=61576678196717","article_modified_time":"2026-01-27T23:30:01+00:00","og_image":[{"width":1204,"height":1200,"url":"https:\/\/vitablanca.ma\/wp-content\/uploads\/2025\/07\/balea-men-anti-schuppen-sham2poo-power-effect.jpg","type":"image\/jpeg"}],"twitter_card":"summary_large_image","twitter_misc":{"Est. reading time":"1 minute"},"schema":{"@context":"https:\/\/schema.org","@graph":[{"@type":["WebPage","ItemPage"],"@id":"https:\/\/vitablanca.ma\/produit\/balea-men-shampooing-antipelliculaire\/","url":"https:\/\/vitablanca.ma\/produit\/balea-men-shampooing-antipelliculaire\/","name":"Balea MEN Shampooing Antipelliculaire - Maroc Prix","isPartOf":{"@id":"https:\/\/vitablanca.ma\/#website"},"primaryImageOfPage":{"@id":"https:\/\/vitablanca.ma\/produit\/balea-men-shampooing-antipelliculaire\/#primaryimage"},"image":{"@id":"https:\/\/vitablanca.ma\/produit\/balea-men-shampooing-antipelliculaire\/#primaryimage"},"thumbnailUrl":"https:\/\/vitablanca.ma\/wp-content\/uploads\/2025\/07\/balea-men-anti-schuppen-sham2poo-power-effect.jpg","datePublished":"2025-07-10T18:21:57+00:00","dateModified":"2026-01-27T23:30:01+00:00","description":"Balea MEN Shampooing Antipelliculaire \u00e9limine efficacement les pellicules et pr\u00e9vient leur r\u00e9apparition. Shampooing pour hommes,","breadcrumb":{"@id":"https:\/\/vitablanca.ma\/produit\/balea-men-shampooing-antipelliculaire\/#breadcrumb"},"inLanguage":"en-US","potentialAction":[{"@type":"ReadAction","target":["https:\/\/vitablanca.ma\/produit\/balea-men-shampooing-antipelliculaire\/"]}]},{"@type":"ImageObject","inLanguage":"en-US","@id":"https:\/\/vitablanca.ma\/produit\/balea-men-shampooing-antipelliculaire\/#primaryimage","url":"https:\/\/vitablanca.ma\/wp-content\/uploads\/2025\/07\/balea-men-anti-schuppen-sham2poo-power-effect.jpg","contentUrl":"https:\/\/vitablanca.ma\/wp-content\/uploads\/2025\/07\/balea-men-anti-schuppen-sham2poo-power-effect.jpg","width":1204,"height":1200},{"@type":"BreadcrumbList","@id":"https:\/\/vitablanca.ma\/produit\/balea-men-shampooing-antipelliculaire\/#breadcrumb","itemListElement":[{"@type":"ListItem","position":1,"name":"Home","item":"https:\/\/vitablanca.ma\/"},{"@type":"ListItem","position":2,"name":"Tous Les Produits","item":"https:\/\/vitablanca.ma\/tous-les-produits\/"},{"@type":"ListItem","position":3,"name":"Balea MEN &#8211; Shampooing antipelliculaire"}]},{"@type":"WebSite","@id":"https:\/\/vitablanca.ma\/#website","url":"https:\/\/vitablanca.ma\/","name":"VitaBlanca.ma | Food supplements, health &amp; beauty in Morocco","description":"sell premium vitamins and supplements from USA &amp; Canada, New Zealand, Morocco (NOW Foods, Solgar, Manuka). Fast delivery anywhere in Morocco.","publisher":{"@id":"https:\/\/vitablanca.ma\/#organization"},"alternateName":"VitaBlanca.ma","potentialAction":[{"@type":"SearchAction","target":{"@type":"EntryPoint","urlTemplate":"https:\/\/vitablanca.ma\/?s={search_term_string}"},"query-input":{"@type":"PropertyValueSpecification","valueRequired":true,"valueName":"search_term_string"}}],"inLanguage":"en-US"},{"@type":"Organization","@id":"https:\/\/vitablanca.ma\/#organization","name":"VitaBlanca","url":"https:\/\/vitablanca.ma\/","logo":{"@type":"ImageObject","inLanguage":"en-US","@id":"https:\/\/vitablanca.ma\/#\/schema\/logo\/image\/","url":"https:\/\/vitablanca.ma\/wp-content\/uploads\/2025\/05\/cropped-vitablanca.png","contentUrl":"https:\/\/vitablanca.ma\/wp-content\/uploads\/2025\/05\/cropped-vitablanca.png","width":360,"height":67,"caption":"VitaBlanca"},"image":{"@id":"https:\/\/vitablanca.ma\/#\/schema\/logo\/image\/"},"sameAs":["https:\/\/www.facebook.com\/profile.php?id=61576678196717","https:\/\/www.tiktok.com\/@vitablanca.ma","https:\/\/www.instagram.com\/vitablanca.ma\/"]}]}},"jetpack_sharing_enabled":true,"_links":{"self":[{"href":"https:\/\/vitablanca.ma\/en\/wp-json\/wp\/v2\/product\/23687","targetHints":{"allow":["GET"]}}],"collection":[{"href":"https:\/\/vitablanca.ma\/en\/wp-json\/wp\/v2\/product"}],"about":[{"href":"https:\/\/vitablanca.ma\/en\/wp-json\/wp\/v2\/types\/product"}],"wp:featuredmedia":[{"embeddable":true,"href":"https:\/\/vitablanca.ma\/en\/wp-json\/wp\/v2\/media\/23684"}],"wp:attachment":[{"href":"https:\/\/vitablanca.ma\/en\/wp-json\/wp\/v2\/media?parent=23687"}],"wp:term":[{"taxonomy":"product_brand","embeddable":true,"href":"https:\/\/vitablanca.ma\/en\/wp-json\/wp\/v2\/product_brand?post=23687"},{"taxonomy":"product_cat","embeddable":true,"href":"https:\/\/vitablanca.ma\/en\/wp-json\/wp\/v2\/product_cat?post=23687"},{"taxonomy":"product_tag","embeddable":true,"href":"https:\/\/vitablanca.ma\/en\/wp-json\/wp\/v2\/product_tag?post=23687"}],"curies":[{"name":"wp","href":"https:\/\/api.w.org\/{rel}","templated":true}]}}