{"id":23683,"date":"2025-07-10T18:21:49","date_gmt":"2025-07-10T18:21:49","guid":{"rendered":"https:\/\/vitablanca.ma\/product\/reelle-shampooing-colorant-8-7-blond-caramel\/"},"modified":"2026-01-27T23:35:50","modified_gmt":"2026-01-27T23:35:50","slug":"reelle-shampooing-colorant-8-7-blond-caramel","status":"publish","type":"product","link":"https:\/\/vitablanca.ma\/en\/product\/reelle-shampooing-colorant-8-7-blond-caramel\/","title":{"rendered":"r\u00e9ll&#039;e \u2013 Shampoo coloring 8.7 caramel blonde"},"content":{"rendered":"<h3>\u2728 real 8.7 Caramel Blonde \u2013 Radiance &amp; Softness \ud83d\udc9b<\/h3>\n<ul>\n<li>Hair Type: Normal Hair<\/li>\n<li>Color Level: Washable<\/li>\n<li>Product Features: Ammonia Free, Silicone Free, Vegan<\/li>\n<li>Color: Shades of blonde<\/li>\n<li>Lasts up to 4 shampoos<\/li>\n<li>Brilliant color reflections<\/li>\n<li>Short exposure time<\/li>\n<li>Easy and quick application<\/li>\n<li>Care for silky and shiny hair<\/li>\n<li>14 ml<\/li>\n<\/ul>\n<h4><strong><span style=\"font-size: 11pt; line-height: 104%; font-family: 'Segoe UI Emoji', sans-serif;\">\ud83d\udccc<\/span><span lang=\"EN-US\" style=\"font-size: 11pt; line-height: 104%; font-family: Arial, sans-serif;\"> Product Description<\/span><\/strong><\/h4>\n<p>For a subtle refresh or a slight correction: the coloring shampoo in caramel blonde from r\u00e9ell&#039;e for hair colors from light blonde to light blonde lasts up to 4 shampoos and ensures brilliant color reflections and a silky shine. The coloring shampoo only needs to be applied for a short time and works like a conventional shampoo. The r\u00e9ell&#039;e coloring shampoo is suitable for natural and colored hair. For a radiant and nourishing color refresh.<\/p>\n<h4><strong><span style=\"font-size: 11pt; line-height: 104%; font-family: 'Segoe UI Emoji', sans-serif;\">\ud83d\udca1<\/span><span lang=\"EN-US\" style=\"font-size: 11pt; line-height: 104%; font-family: Arial, sans-serif;\"> Directions for use<\/span><\/strong><\/h4>\n<p>Distribute evenly through damp hair, massage in, and leave on for 5 to 20 minutes. The longer the processing time, the more intense the color result. If necessary, pre-wash with a deep cleansing shampoo. The duration varies depending on the hair type. Then rinse hair thoroughly. For long hair, use 2 packs. Note: Not suitable for gray or white-blonde hair, as the coloring result will vary. For starting hair colors from light blonde to light blondeHair type: Normal hair.<\/p>","protected":false},"excerpt":{"rendered":"<p>\u2728 r\u00e9ell&rsquo;e 8.7 Blond Caramel \u2013 \u00c9clat &amp; Douceur \ud83d\udc9b Type de cheveux: Cheveux normaux Niveau de coloration: Lavable Caract\u00e9ristiques du produit: Sans ammoniaque, Sans silicone, V\u00e9g\u00e9talien Coloration: Nuances de blond Dure jusqu&rsquo;\u00e0 4 shampooings Reflets de couleur \u00e9clatants Temps de pose court Application facile et rapide Soin pour des cheveux soyeux et brillants 14 [&hellip;]<\/p>\n","protected":false},"featured_media":23681,"template":"","meta":{"om_disable_all_campaigns":false},"product_brand":[],"product_cat":[15],"product_tag":[6593,6618,6621,6619,6208,6616,6620,6617,6205],"class_list":{"0":"post-23683","1":"product","2":"type-product","3":"status-publish","4":"has-post-thumbnail","6":"product_cat-beaute-sante-complements-alimentaires-soins-et-bien-etre-au-meilleur-prix","7":"product_tag-cheveux-doux-et-brillants","8":"product_tag-coloration-blond-caramel","9":"product_tag-coloration-cheveux-facile","10":"product_tag-couleur-durable-cheveux","11":"product_tag-reelle-cheveux","12":"product_tag-reelle-shampooing-colorant-8-7-blond-caramel","13":"product_tag-shampooing-blond-caramel","14":"product_tag-shampooing-colorant-cheveux","15":"product_tag-soin-cheveux-colores","17":"first","18":"instock","19":"taxable","20":"shipping-taxable","21":"purchasable","22":"product-type-simple"},"yoast_head":"<!-- This site is optimized with the Yoast SEO plugin v27.4 - https:\/\/yoast.com\/product\/yoast-seo-wordpress\/ -->\n<title>r\u00e9ell\u2019e Shampooing Colorant 8.7 Blond Caramel - Maroc Prix<\/title>\n<meta name=\"description\" content=\"r\u00e9ell\u2019e Shampooing Colorant 8.7 Blond Caramel colore et nourrit les cheveux pour une teinte brillante et uniforme. Couleur longue dur\u00e9e et cheveux doux\" \/>\n<meta name=\"robots\" content=\"index, follow, max-snippet:-1, max-image-preview:large, max-video-preview:-1\" \/>\n<link rel=\"canonical\" href=\"https:\/\/vitablanca.ma\/en\/product\/reelle-shampooing-colorant-8-7-blond-caramel\/\" \/>\n<meta property=\"og:locale\" content=\"en_US\" \/>\n<meta property=\"og:type\" content=\"article\" \/>\n<meta property=\"og:title\" content=\"r\u00e9ell\u2019e Shampooing Colorant 8.7 Blond Caramel - Maroc Prix\" \/>\n<meta property=\"og:description\" content=\"r\u00e9ell\u2019e Shampooing Colorant 8.7 Blond Caramel colore et nourrit les cheveux pour une teinte brillante et uniforme. Couleur longue dur\u00e9e et cheveux doux\" \/>\n<meta property=\"og:url\" content=\"https:\/\/vitablanca.ma\/en\/product\/reelle-shampooing-colorant-8-7-blond-caramel\/\" \/>\n<meta property=\"og:site_name\" content=\"Vitablanca.ma &ndash; Sant&eacute;, vitalit&eacute; et bien-&ecirc;tre pour tous les Marocains\" \/>\n<meta property=\"article:publisher\" content=\"https:\/\/www.facebook.com\/profile.php?id=61576678196717\" \/>\n<meta property=\"article:modified_time\" content=\"2026-01-27T23:35:50+00:00\" \/>\n<meta property=\"og:image\" content=\"https:\/\/vitablanca.ma\/wp-content\/uploads\/2025\/07\/reell-e-toenungsshampoo-8-7-karamellblond.jpg\" \/>\n\t<meta property=\"og:image:width\" content=\"1197\" \/>\n\t<meta property=\"og:image:height\" content=\"1200\" \/>\n\t<meta property=\"og:image:type\" content=\"image\/jpeg\" \/>\n<meta name=\"twitter:card\" content=\"summary_large_image\" \/>\n<meta name=\"twitter:label1\" content=\"Est. reading time\" \/>\n\t<meta name=\"twitter:data1\" content=\"2 minutes\" \/>\n<script type=\"application\/ld+json\" class=\"yoast-schema-graph\">{\"@context\":\"https:\\\/\\\/schema.org\",\"@graph\":[{\"@type\":[\"WebPage\",\"ItemPage\"],\"@id\":\"https:\\\/\\\/vitablanca.ma\\\/produit\\\/reelle-shampooing-colorant-8-7-blond-caramel\\\/\",\"url\":\"https:\\\/\\\/vitablanca.ma\\\/produit\\\/reelle-shampooing-colorant-8-7-blond-caramel\\\/\",\"name\":\"r\u00e9ell\u2019e Shampooing Colorant 8.7 Blond Caramel - Maroc Prix\",\"isPartOf\":{\"@id\":\"https:\\\/\\\/vitablanca.ma\\\/#website\"},\"primaryImageOfPage\":{\"@id\":\"https:\\\/\\\/vitablanca.ma\\\/produit\\\/reelle-shampooing-colorant-8-7-blond-caramel\\\/#primaryimage\"},\"image\":{\"@id\":\"https:\\\/\\\/vitablanca.ma\\\/produit\\\/reelle-shampooing-colorant-8-7-blond-caramel\\\/#primaryimage\"},\"thumbnailUrl\":\"https:\\\/\\\/vitablanca.ma\\\/wp-content\\\/uploads\\\/2025\\\/07\\\/reell-e-toenungsshampoo-8-7-karamellblond.jpg\",\"datePublished\":\"2025-07-10T18:21:49+00:00\",\"dateModified\":\"2026-01-27T23:35:50+00:00\",\"description\":\"r\u00e9ell\u2019e Shampooing Colorant 8.7 Blond Caramel colore et nourrit les cheveux pour une teinte brillante et uniforme. Couleur longue dur\u00e9e et cheveux doux\",\"breadcrumb\":{\"@id\":\"https:\\\/\\\/vitablanca.ma\\\/produit\\\/reelle-shampooing-colorant-8-7-blond-caramel\\\/#breadcrumb\"},\"inLanguage\":\"en-US\",\"potentialAction\":[{\"@type\":\"ReadAction\",\"target\":[\"https:\\\/\\\/vitablanca.ma\\\/produit\\\/reelle-shampooing-colorant-8-7-blond-caramel\\\/\"]}]},{\"@type\":\"ImageObject\",\"inLanguage\":\"en-US\",\"@id\":\"https:\\\/\\\/vitablanca.ma\\\/produit\\\/reelle-shampooing-colorant-8-7-blond-caramel\\\/#primaryimage\",\"url\":\"https:\\\/\\\/vitablanca.ma\\\/wp-content\\\/uploads\\\/2025\\\/07\\\/reell-e-toenungsshampoo-8-7-karamellblond.jpg\",\"contentUrl\":\"https:\\\/\\\/vitablanca.ma\\\/wp-content\\\/uploads\\\/2025\\\/07\\\/reell-e-toenungsshampoo-8-7-karamellblond.jpg\",\"width\":1197,\"height\":1200},{\"@type\":\"BreadcrumbList\",\"@id\":\"https:\\\/\\\/vitablanca.ma\\\/produit\\\/reelle-shampooing-colorant-8-7-blond-caramel\\\/#breadcrumb\",\"itemListElement\":[{\"@type\":\"ListItem\",\"position\":1,\"name\":\"Home\",\"item\":\"https:\\\/\\\/vitablanca.ma\\\/\"},{\"@type\":\"ListItem\",\"position\":2,\"name\":\"Tous Les Produits\",\"item\":\"https:\\\/\\\/vitablanca.ma\\\/tous-les-produits\\\/\"},{\"@type\":\"ListItem\",\"position\":3,\"name\":\"r\u00e9ell&#8217;e &#8211; Shampooing colorant 8.7 blond caramel\"}]},{\"@type\":\"WebSite\",\"@id\":\"https:\\\/\\\/vitablanca.ma\\\/#website\",\"url\":\"https:\\\/\\\/vitablanca.ma\\\/\",\"name\":\"VitaBlanca.ma | Compl\u00e9ments alimentaires, sant\u00e9 & beaut\u00e9 au Maroc\",\"description\":\"vendre vitamines et compl\u00e9ments premium des USA &amp; Canada, Nouvelle Z\u00e9lande,Maroc (NOW Foods, Solgar, Manuka). Livraison rapide partout au Maroc.\",\"publisher\":{\"@id\":\"https:\\\/\\\/vitablanca.ma\\\/#organization\"},\"alternateName\":\"VitaBlanca.ma\",\"potentialAction\":[{\"@type\":\"SearchAction\",\"target\":{\"@type\":\"EntryPoint\",\"urlTemplate\":\"https:\\\/\\\/vitablanca.ma\\\/?s={search_term_string}\"},\"query-input\":{\"@type\":\"PropertyValueSpecification\",\"valueRequired\":true,\"valueName\":\"search_term_string\"}}],\"inLanguage\":\"en-US\"},{\"@type\":\"Organization\",\"@id\":\"https:\\\/\\\/vitablanca.ma\\\/#organization\",\"name\":\"VitaBlanca\",\"url\":\"https:\\\/\\\/vitablanca.ma\\\/\",\"logo\":{\"@type\":\"ImageObject\",\"inLanguage\":\"en-US\",\"@id\":\"https:\\\/\\\/vitablanca.ma\\\/#\\\/schema\\\/logo\\\/image\\\/\",\"url\":\"https:\\\/\\\/vitablanca.ma\\\/wp-content\\\/uploads\\\/2025\\\/05\\\/cropped-vitablanca.png\",\"contentUrl\":\"https:\\\/\\\/vitablanca.ma\\\/wp-content\\\/uploads\\\/2025\\\/05\\\/cropped-vitablanca.png\",\"width\":360,\"height\":67,\"caption\":\"VitaBlanca\"},\"image\":{\"@id\":\"https:\\\/\\\/vitablanca.ma\\\/#\\\/schema\\\/logo\\\/image\\\/\"},\"sameAs\":[\"https:\\\/\\\/www.facebook.com\\\/profile.php?id=61576678196717\",\"https:\\\/\\\/www.tiktok.com\\\/@vitablanca.ma\",\"https:\\\/\\\/www.instagram.com\\\/vitablanca.ma\\\/\"]}]}<\/script>\n<!-- \/ Yoast SEO plugin. -->","yoast_head_json":{"title":"r\u00e9ell\u2019e Shampooing Colorant 8.7 Blond Caramel - Maroc Prix","description":"r\u00e9ell\u2019e Shampooing Colorant 8.7 Blond Caramel colore et nourrit les cheveux pour une teinte brillante et uniforme. Couleur longue dur\u00e9e et cheveux doux","robots":{"index":"index","follow":"follow","max-snippet":"max-snippet:-1","max-image-preview":"max-image-preview:large","max-video-preview":"max-video-preview:-1"},"canonical":"https:\/\/vitablanca.ma\/en\/product\/reelle-shampooing-colorant-8-7-blond-caramel\/","og_locale":"en_US","og_type":"article","og_title":"r\u00e9ell\u2019e Shampooing Colorant 8.7 Blond Caramel - Maroc Prix","og_description":"r\u00e9ell\u2019e Shampooing Colorant 8.7 Blond Caramel colore et nourrit les cheveux pour une teinte brillante et uniforme. Couleur longue dur\u00e9e et cheveux doux","og_url":"https:\/\/vitablanca.ma\/en\/product\/reelle-shampooing-colorant-8-7-blond-caramel\/","og_site_name":"Vitablanca.ma &ndash; Sant&eacute;, vitalit&eacute; et bien-&ecirc;tre pour tous les Marocains","article_publisher":"https:\/\/www.facebook.com\/profile.php?id=61576678196717","article_modified_time":"2026-01-27T23:35:50+00:00","og_image":[{"width":1197,"height":1200,"url":"https:\/\/vitablanca.ma\/wp-content\/uploads\/2025\/07\/reell-e-toenungsshampoo-8-7-karamellblond.jpg","type":"image\/jpeg"}],"twitter_card":"summary_large_image","twitter_misc":{"Est. reading time":"2 minutes"},"schema":{"@context":"https:\/\/schema.org","@graph":[{"@type":["WebPage","ItemPage"],"@id":"https:\/\/vitablanca.ma\/produit\/reelle-shampooing-colorant-8-7-blond-caramel\/","url":"https:\/\/vitablanca.ma\/produit\/reelle-shampooing-colorant-8-7-blond-caramel\/","name":"r\u00e9ell\u2019e Shampooing Colorant 8.7 Blond Caramel - Maroc Prix","isPartOf":{"@id":"https:\/\/vitablanca.ma\/#website"},"primaryImageOfPage":{"@id":"https:\/\/vitablanca.ma\/produit\/reelle-shampooing-colorant-8-7-blond-caramel\/#primaryimage"},"image":{"@id":"https:\/\/vitablanca.ma\/produit\/reelle-shampooing-colorant-8-7-blond-caramel\/#primaryimage"},"thumbnailUrl":"https:\/\/vitablanca.ma\/wp-content\/uploads\/2025\/07\/reell-e-toenungsshampoo-8-7-karamellblond.jpg","datePublished":"2025-07-10T18:21:49+00:00","dateModified":"2026-01-27T23:35:50+00:00","description":"r\u00e9ell\u2019e Shampooing Colorant 8.7 Blond Caramel colore et nourrit les cheveux pour une teinte brillante et uniforme. Couleur longue dur\u00e9e et cheveux doux","breadcrumb":{"@id":"https:\/\/vitablanca.ma\/produit\/reelle-shampooing-colorant-8-7-blond-caramel\/#breadcrumb"},"inLanguage":"en-US","potentialAction":[{"@type":"ReadAction","target":["https:\/\/vitablanca.ma\/produit\/reelle-shampooing-colorant-8-7-blond-caramel\/"]}]},{"@type":"ImageObject","inLanguage":"en-US","@id":"https:\/\/vitablanca.ma\/produit\/reelle-shampooing-colorant-8-7-blond-caramel\/#primaryimage","url":"https:\/\/vitablanca.ma\/wp-content\/uploads\/2025\/07\/reell-e-toenungsshampoo-8-7-karamellblond.jpg","contentUrl":"https:\/\/vitablanca.ma\/wp-content\/uploads\/2025\/07\/reell-e-toenungsshampoo-8-7-karamellblond.jpg","width":1197,"height":1200},{"@type":"BreadcrumbList","@id":"https:\/\/vitablanca.ma\/produit\/reelle-shampooing-colorant-8-7-blond-caramel\/#breadcrumb","itemListElement":[{"@type":"ListItem","position":1,"name":"Home","item":"https:\/\/vitablanca.ma\/"},{"@type":"ListItem","position":2,"name":"Tous Les Produits","item":"https:\/\/vitablanca.ma\/tous-les-produits\/"},{"@type":"ListItem","position":3,"name":"r\u00e9ell&#8217;e &#8211; Shampooing colorant 8.7 blond caramel"}]},{"@type":"WebSite","@id":"https:\/\/vitablanca.ma\/#website","url":"https:\/\/vitablanca.ma\/","name":"VitaBlanca.ma | Food supplements, health &amp; beauty in Morocco","description":"sell premium vitamins and supplements from USA &amp; Canada, New Zealand, Morocco (NOW Foods, Solgar, Manuka). Fast delivery anywhere in Morocco.","publisher":{"@id":"https:\/\/vitablanca.ma\/#organization"},"alternateName":"VitaBlanca.ma","potentialAction":[{"@type":"SearchAction","target":{"@type":"EntryPoint","urlTemplate":"https:\/\/vitablanca.ma\/?s={search_term_string}"},"query-input":{"@type":"PropertyValueSpecification","valueRequired":true,"valueName":"search_term_string"}}],"inLanguage":"en-US"},{"@type":"Organization","@id":"https:\/\/vitablanca.ma\/#organization","name":"VitaBlanca","url":"https:\/\/vitablanca.ma\/","logo":{"@type":"ImageObject","inLanguage":"en-US","@id":"https:\/\/vitablanca.ma\/#\/schema\/logo\/image\/","url":"https:\/\/vitablanca.ma\/wp-content\/uploads\/2025\/05\/cropped-vitablanca.png","contentUrl":"https:\/\/vitablanca.ma\/wp-content\/uploads\/2025\/05\/cropped-vitablanca.png","width":360,"height":67,"caption":"VitaBlanca"},"image":{"@id":"https:\/\/vitablanca.ma\/#\/schema\/logo\/image\/"},"sameAs":["https:\/\/www.facebook.com\/profile.php?id=61576678196717","https:\/\/www.tiktok.com\/@vitablanca.ma","https:\/\/www.instagram.com\/vitablanca.ma\/"]}]}},"jetpack_sharing_enabled":true,"_links":{"self":[{"href":"https:\/\/vitablanca.ma\/en\/wp-json\/wp\/v2\/product\/23683","targetHints":{"allow":["GET"]}}],"collection":[{"href":"https:\/\/vitablanca.ma\/en\/wp-json\/wp\/v2\/product"}],"about":[{"href":"https:\/\/vitablanca.ma\/en\/wp-json\/wp\/v2\/types\/product"}],"wp:featuredmedia":[{"embeddable":true,"href":"https:\/\/vitablanca.ma\/en\/wp-json\/wp\/v2\/media\/23681"}],"wp:attachment":[{"href":"https:\/\/vitablanca.ma\/en\/wp-json\/wp\/v2\/media?parent=23683"}],"wp:term":[{"taxonomy":"product_brand","embeddable":true,"href":"https:\/\/vitablanca.ma\/en\/wp-json\/wp\/v2\/product_brand?post=23683"},{"taxonomy":"product_cat","embeddable":true,"href":"https:\/\/vitablanca.ma\/en\/wp-json\/wp\/v2\/product_cat?post=23683"},{"taxonomy":"product_tag","embeddable":true,"href":"https:\/\/vitablanca.ma\/en\/wp-json\/wp\/v2\/product_tag?post=23683"}],"curies":[{"name":"wp","href":"https:\/\/api.w.org\/{rel}","templated":true}]}}