{"id":23676,"date":"2025-07-10T18:21:34","date_gmt":"2025-07-10T18:21:34","guid":{"rendered":"https:\/\/vitablanca.ma\/product\/balea-soin-des-levres-magic-fairytail\/"},"modified":"2026-01-28T01:01:19","modified_gmt":"2026-01-28T01:01:19","slug":"balea-soin-des-levres-magic-fairytail","status":"publish","type":"product","link":"https:\/\/vitablanca.ma\/en\/product\/balea-soin-des-levres-magic-fairytail\/","title":{"rendered":"Balea \u2013 Magic Fairytail Lip Care"},"content":{"rendered":"<h3><strong data-start=\"352\" data-end=\"408\">Magic Fairytail : douceur & magie au bout des l\u00e8vres\ud83e\uddf4\ud83d\udc8b<\/strong><\/h3>\n<ul>\n<li>Skin Type: All Skin Types<\/li>\n<li>Zone d\u2019application: Visage<\/li>\n<li>Particularly suitable for the face, Alcohol-free, Colouring-free, Preservative-free, Paraben-free, Paraffin\/mineral oil-free<\/li>\n<li>Texture \/ Consistency \/ Application: Stick \/ Crystal<\/li>\n<li>Limited edition<\/li>\n<li>Magical Scent Lip Care Stick<\/li>\n<li>With shea butter and rapeseed oil<\/li>\n<li>Heals and protects<\/li>\n<li>Exempt de microplastiques et d\u2019huiles min\u00e9rales<\/li>\n<\/ul>\n<h4><strong><span style=\"font-size: 11pt; line-height: 104%; font-family: 'Segoe UI Emoji', sans-serif;\">\ud83d\udccc<\/span><span lang=\"EN-US\" style=\"font-size: 11pt; line-height: 104%; font-family: Arial, sans-serif;\"> Product Description <\/span><\/strong><\/h4>\n<p>Avec le soin des l\u00e8vres Magic Fairytale de Balea, vous vous offrez des l\u00e8vres douces comme par magie. Le stick de soin des l\u00e8vres au beurre de karit\u00e9 et \u00e0 l\u2019huile de colza soigne et prot\u00e8ge les l\u00e8vres et les rend en outre douces et souples. De plus, sa formule est exempte de microplastiques et d\u2019huiles min\u00e9rales. Le parfum magique et envo\u00fbtant compl\u00e8te \u00e0 merveille l\u2019exp\u00e9rience de soin.<\/p>\n<h4><strong><span style=\"font-size: 11pt; line-height: 104%; font-family: 'Segoe UI Emoji', sans-serif;\">\ud83d\udca1<\/span><span lang=\"EN-US\" style=\"font-size: 11pt; line-height: 104%; font-family: Arial, sans-serif;\"> Directions for use<\/span><\/strong><\/h4>\n<p><span lang=\"EN-US\" style=\"font-size: 11pt; line-height: 104%; font-family: Arial, sans-serif;\">Apply to lips.<\/span><\/p>","protected":false},"excerpt":{"rendered":"<p>Magic Fairytail : douceur &#038; magie au bout des l\u00e8vres\ud83e\uddf4\ud83d\udc8b Type de peau: Tous les types de peau Zone d\u2019application: Visage Particuli\u00e8rement adapt\u00e9 au visage, Sans alcool, Sans colorant, Sans conservateur, Sans parab\u00e8ne, Sans paraffine \/ huiles min\u00e9rales Texture \/ Consistance \/ Application:Stick \/ Cristal \u00c9dition limit\u00e9e Stick de soin des l\u00e8vres au parfum magique [&hellip;]<\/p>\n","protected":false},"featured_media":23673,"template":"","meta":{"om_disable_all_campaigns":false},"product_brand":[3236],"product_cat":[18],"product_tag":[3237,3240,3238,3239,6637,6631,6641,6639,3241,6640,6638,6632,5797,6642],"class_list":{"0":"post-23676","1":"product","2":"type-product","3":"status-publish","4":"has-post-thumbnail","6":"product_brand-balea-dm-prix-maroc","7":"product_cat-beaute-sante","8":"product_tag-balea","9":"product_tag-balea-dm","10":"product_tag-balea-maroc","11":"product_tag-balea-morocco","12":"product_tag-balea-soin-des-levres-magic-fairytail","13":"product_tag-baume-a-levres-balea","14":"product_tag-baume-levres-doux","15":"product_tag-baume-levres-parfume","16":"product_tag-dm-maroc","17":"product_tag-hydratation-levres-longue-duree","18":"product_tag-levres-douces-et-protegees","19":"product_tag-levres-seches-et-gercees","20":"product_tag-soin-levres-hydratant","21":"product_tag-soin-levres-parfum-feerique","23":"first","24":"instock","25":"taxable","26":"shipping-taxable","27":"purchasable","28":"product-type-simple"},"yoast_head":"<!-- This site is optimized with the Yoast SEO plugin v27.5 - https:\/\/yoast.com\/product\/yoast-seo-wordpress\/ -->\n<title>Balea Soin des l\u00e8vres Magic Fairytail - Maroc Prix<\/title>\n<meta name=\"description\" content=\"Balea Soin des L\u00e8vres Magic Fairytail hydrate, prot\u00e8ge et adoucit les l\u00e8vres. Baume doux et parfum\u00e9 pour un confort et une douceur longue dur\u00e9e.\" \/>\n<meta name=\"robots\" content=\"index, follow, max-snippet:-1, max-image-preview:large, max-video-preview:-1\" \/>\n<link rel=\"canonical\" href=\"https:\/\/vitablanca.ma\/en\/product\/balea-soin-des-levres-magic-fairytail\/\" \/>\n<meta property=\"og:locale\" content=\"en_US\" \/>\n<meta property=\"og:type\" content=\"article\" \/>\n<meta property=\"og:title\" content=\"Balea Soin des l\u00e8vres Magic Fairytail - Maroc Prix\" \/>\n<meta property=\"og:description\" content=\"Balea Soin des L\u00e8vres Magic Fairytail hydrate, prot\u00e8ge et adoucit les l\u00e8vres. Baume doux et parfum\u00e9 pour un confort et une douceur longue dur\u00e9e.\" \/>\n<meta property=\"og:url\" content=\"https:\/\/vitablanca.ma\/en\/product\/balea-soin-des-levres-magic-fairytail\/\" \/>\n<meta property=\"og:site_name\" content=\"Vitablanca.ma &ndash; Sant&eacute;, vitalit&eacute; et bien-&ecirc;tre pour tous les Marocains\" \/>\n<meta property=\"article:publisher\" content=\"https:\/\/www.facebook.com\/profile.php?id=61576678196717\" \/>\n<meta property=\"article:modified_time\" content=\"2026-01-28T01:01:19+00:00\" \/>\n<meta property=\"og:image\" content=\"https:\/\/vitablanca.ma\/wp-content\/uploads\/2025\/07\/balea-lippenpflege-magic-fairyta34il.jpg\" \/>\n\t<meta property=\"og:image:width\" content=\"1201\" \/>\n\t<meta property=\"og:image:height\" content=\"1200\" \/>\n\t<meta property=\"og:image:type\" content=\"image\/jpeg\" \/>\n<meta name=\"twitter:card\" content=\"summary_large_image\" \/>\n<meta name=\"twitter:label1\" content=\"Est. reading time\" \/>\n\t<meta name=\"twitter:data1\" content=\"1 minute\" \/>\n<script type=\"application\/ld+json\" class=\"yoast-schema-graph\">{\"@context\":\"https:\\\/\\\/schema.org\",\"@graph\":[{\"@type\":[\"WebPage\",\"ItemPage\"],\"@id\":\"https:\\\/\\\/vitablanca.ma\\\/produit\\\/balea-soin-des-levres-magic-fairytail\\\/\",\"url\":\"https:\\\/\\\/vitablanca.ma\\\/produit\\\/balea-soin-des-levres-magic-fairytail\\\/\",\"name\":\"Balea Soin des l\u00e8vres Magic Fairytail - Maroc Prix\",\"isPartOf\":{\"@id\":\"https:\\\/\\\/vitablanca.ma\\\/#website\"},\"primaryImageOfPage\":{\"@id\":\"https:\\\/\\\/vitablanca.ma\\\/produit\\\/balea-soin-des-levres-magic-fairytail\\\/#primaryimage\"},\"image\":{\"@id\":\"https:\\\/\\\/vitablanca.ma\\\/produit\\\/balea-soin-des-levres-magic-fairytail\\\/#primaryimage\"},\"thumbnailUrl\":\"https:\\\/\\\/vitablanca.ma\\\/wp-content\\\/uploads\\\/2025\\\/07\\\/balea-lippenpflege-magic-fairyta34il.jpg\",\"datePublished\":\"2025-07-10T18:21:34+00:00\",\"dateModified\":\"2026-01-28T01:01:19+00:00\",\"description\":\"Balea Soin des L\u00e8vres Magic Fairytail hydrate, prot\u00e8ge et adoucit les l\u00e8vres. Baume doux et parfum\u00e9 pour un confort et une douceur longue dur\u00e9e.\",\"breadcrumb\":{\"@id\":\"https:\\\/\\\/vitablanca.ma\\\/produit\\\/balea-soin-des-levres-magic-fairytail\\\/#breadcrumb\"},\"inLanguage\":\"en-US\",\"potentialAction\":[{\"@type\":\"ReadAction\",\"target\":[\"https:\\\/\\\/vitablanca.ma\\\/produit\\\/balea-soin-des-levres-magic-fairytail\\\/\"]}]},{\"@type\":\"ImageObject\",\"inLanguage\":\"en-US\",\"@id\":\"https:\\\/\\\/vitablanca.ma\\\/produit\\\/balea-soin-des-levres-magic-fairytail\\\/#primaryimage\",\"url\":\"https:\\\/\\\/vitablanca.ma\\\/wp-content\\\/uploads\\\/2025\\\/07\\\/balea-lippenpflege-magic-fairyta34il.jpg\",\"contentUrl\":\"https:\\\/\\\/vitablanca.ma\\\/wp-content\\\/uploads\\\/2025\\\/07\\\/balea-lippenpflege-magic-fairyta34il.jpg\",\"width\":1201,\"height\":1200},{\"@type\":\"BreadcrumbList\",\"@id\":\"https:\\\/\\\/vitablanca.ma\\\/produit\\\/balea-soin-des-levres-magic-fairytail\\\/#breadcrumb\",\"itemListElement\":[{\"@type\":\"ListItem\",\"position\":1,\"name\":\"Home\",\"item\":\"https:\\\/\\\/vitablanca.ma\\\/\"},{\"@type\":\"ListItem\",\"position\":2,\"name\":\"Tous Les Produits\",\"item\":\"https:\\\/\\\/vitablanca.ma\\\/tous-les-produits\\\/\"},{\"@type\":\"ListItem\",\"position\":3,\"name\":\"Balea &#8211; Soin des l\u00e8vres Magic Fairytail\"}]},{\"@type\":\"WebSite\",\"@id\":\"https:\\\/\\\/vitablanca.ma\\\/#website\",\"url\":\"https:\\\/\\\/vitablanca.ma\\\/\",\"name\":\"VitaBlanca.ma | Compl\u00e9ments alimentaires, sant\u00e9 & beaut\u00e9 au Maroc\",\"description\":\"vendre vitamines et compl\u00e9ments premium des USA &amp; Canada, Nouvelle Z\u00e9lande,Maroc (NOW Foods, Solgar, Manuka). Livraison rapide partout au Maroc.\",\"publisher\":{\"@id\":\"https:\\\/\\\/vitablanca.ma\\\/#organization\"},\"alternateName\":\"VitaBlanca.ma\",\"potentialAction\":[{\"@type\":\"SearchAction\",\"target\":{\"@type\":\"EntryPoint\",\"urlTemplate\":\"https:\\\/\\\/vitablanca.ma\\\/?s={search_term_string}\"},\"query-input\":{\"@type\":\"PropertyValueSpecification\",\"valueRequired\":true,\"valueName\":\"search_term_string\"}}],\"inLanguage\":\"en-US\"},{\"@type\":\"Organization\",\"@id\":\"https:\\\/\\\/vitablanca.ma\\\/#organization\",\"name\":\"VitaBlanca\",\"url\":\"https:\\\/\\\/vitablanca.ma\\\/\",\"logo\":{\"@type\":\"ImageObject\",\"inLanguage\":\"en-US\",\"@id\":\"https:\\\/\\\/vitablanca.ma\\\/#\\\/schema\\\/logo\\\/image\\\/\",\"url\":\"https:\\\/\\\/vitablanca.ma\\\/wp-content\\\/uploads\\\/2025\\\/05\\\/cropped-vitablanca.png\",\"contentUrl\":\"https:\\\/\\\/vitablanca.ma\\\/wp-content\\\/uploads\\\/2025\\\/05\\\/cropped-vitablanca.png\",\"width\":360,\"height\":67,\"caption\":\"VitaBlanca\"},\"image\":{\"@id\":\"https:\\\/\\\/vitablanca.ma\\\/#\\\/schema\\\/logo\\\/image\\\/\"},\"sameAs\":[\"https:\\\/\\\/www.facebook.com\\\/profile.php?id=61576678196717\",\"https:\\\/\\\/www.tiktok.com\\\/@vitablanca.ma\",\"https:\\\/\\\/www.instagram.com\\\/vitablanca.ma\\\/\"]}]}<\/script>\n<!-- \/ Yoast SEO plugin. -->","yoast_head_json":{"title":"Balea Soin des l\u00e8vres Magic Fairytail - Maroc Prix","description":"Balea Soin des L\u00e8vres Magic Fairytail hydrate, prot\u00e8ge et adoucit les l\u00e8vres. Baume doux et parfum\u00e9 pour un confort et une douceur longue dur\u00e9e.","robots":{"index":"index","follow":"follow","max-snippet":"max-snippet:-1","max-image-preview":"max-image-preview:large","max-video-preview":"max-video-preview:-1"},"canonical":"https:\/\/vitablanca.ma\/en\/product\/balea-soin-des-levres-magic-fairytail\/","og_locale":"en_US","og_type":"article","og_title":"Balea Soin des l\u00e8vres Magic Fairytail - Maroc Prix","og_description":"Balea Soin des L\u00e8vres Magic Fairytail hydrate, prot\u00e8ge et adoucit les l\u00e8vres. Baume doux et parfum\u00e9 pour un confort et une douceur longue dur\u00e9e.","og_url":"https:\/\/vitablanca.ma\/en\/product\/balea-soin-des-levres-magic-fairytail\/","og_site_name":"Vitablanca.ma &ndash; Sant&eacute;, vitalit&eacute; et bien-&ecirc;tre pour tous les Marocains","article_publisher":"https:\/\/www.facebook.com\/profile.php?id=61576678196717","article_modified_time":"2026-01-28T01:01:19+00:00","og_image":[{"width":1201,"height":1200,"url":"https:\/\/vitablanca.ma\/wp-content\/uploads\/2025\/07\/balea-lippenpflege-magic-fairyta34il.jpg","type":"image\/jpeg"}],"twitter_card":"summary_large_image","twitter_misc":{"Est. reading time":"1 minute"},"schema":{"@context":"https:\/\/schema.org","@graph":[{"@type":["WebPage","ItemPage"],"@id":"https:\/\/vitablanca.ma\/produit\/balea-soin-des-levres-magic-fairytail\/","url":"https:\/\/vitablanca.ma\/produit\/balea-soin-des-levres-magic-fairytail\/","name":"Balea Soin des l\u00e8vres Magic Fairytail - Maroc Prix","isPartOf":{"@id":"https:\/\/vitablanca.ma\/#website"},"primaryImageOfPage":{"@id":"https:\/\/vitablanca.ma\/produit\/balea-soin-des-levres-magic-fairytail\/#primaryimage"},"image":{"@id":"https:\/\/vitablanca.ma\/produit\/balea-soin-des-levres-magic-fairytail\/#primaryimage"},"thumbnailUrl":"https:\/\/vitablanca.ma\/wp-content\/uploads\/2025\/07\/balea-lippenpflege-magic-fairyta34il.jpg","datePublished":"2025-07-10T18:21:34+00:00","dateModified":"2026-01-28T01:01:19+00:00","description":"Balea Soin des L\u00e8vres Magic Fairytail hydrate, prot\u00e8ge et adoucit les l\u00e8vres. Baume doux et parfum\u00e9 pour un confort et une douceur longue dur\u00e9e.","breadcrumb":{"@id":"https:\/\/vitablanca.ma\/produit\/balea-soin-des-levres-magic-fairytail\/#breadcrumb"},"inLanguage":"en-US","potentialAction":[{"@type":"ReadAction","target":["https:\/\/vitablanca.ma\/produit\/balea-soin-des-levres-magic-fairytail\/"]}]},{"@type":"ImageObject","inLanguage":"en-US","@id":"https:\/\/vitablanca.ma\/produit\/balea-soin-des-levres-magic-fairytail\/#primaryimage","url":"https:\/\/vitablanca.ma\/wp-content\/uploads\/2025\/07\/balea-lippenpflege-magic-fairyta34il.jpg","contentUrl":"https:\/\/vitablanca.ma\/wp-content\/uploads\/2025\/07\/balea-lippenpflege-magic-fairyta34il.jpg","width":1201,"height":1200},{"@type":"BreadcrumbList","@id":"https:\/\/vitablanca.ma\/produit\/balea-soin-des-levres-magic-fairytail\/#breadcrumb","itemListElement":[{"@type":"ListItem","position":1,"name":"Home","item":"https:\/\/vitablanca.ma\/"},{"@type":"ListItem","position":2,"name":"Tous Les Produits","item":"https:\/\/vitablanca.ma\/tous-les-produits\/"},{"@type":"ListItem","position":3,"name":"Balea &#8211; Soin des l\u00e8vres Magic Fairytail"}]},{"@type":"WebSite","@id":"https:\/\/vitablanca.ma\/#website","url":"https:\/\/vitablanca.ma\/","name":"VitaBlanca.ma | Food supplements, health &amp; beauty in Morocco","description":"sell premium vitamins and supplements from USA &amp; Canada, New Zealand, Morocco (NOW Foods, Solgar, Manuka). Fast delivery anywhere in Morocco.","publisher":{"@id":"https:\/\/vitablanca.ma\/#organization"},"alternateName":"VitaBlanca.ma","potentialAction":[{"@type":"SearchAction","target":{"@type":"EntryPoint","urlTemplate":"https:\/\/vitablanca.ma\/?s={search_term_string}"},"query-input":{"@type":"PropertyValueSpecification","valueRequired":true,"valueName":"search_term_string"}}],"inLanguage":"en-US"},{"@type":"Organization","@id":"https:\/\/vitablanca.ma\/#organization","name":"VitaBlanca","url":"https:\/\/vitablanca.ma\/","logo":{"@type":"ImageObject","inLanguage":"en-US","@id":"https:\/\/vitablanca.ma\/#\/schema\/logo\/image\/","url":"https:\/\/vitablanca.ma\/wp-content\/uploads\/2025\/05\/cropped-vitablanca.png","contentUrl":"https:\/\/vitablanca.ma\/wp-content\/uploads\/2025\/05\/cropped-vitablanca.png","width":360,"height":67,"caption":"VitaBlanca"},"image":{"@id":"https:\/\/vitablanca.ma\/#\/schema\/logo\/image\/"},"sameAs":["https:\/\/www.facebook.com\/profile.php?id=61576678196717","https:\/\/www.tiktok.com\/@vitablanca.ma","https:\/\/www.instagram.com\/vitablanca.ma\/"]}]}},"jetpack_sharing_enabled":true,"_links":{"self":[{"href":"https:\/\/vitablanca.ma\/en\/wp-json\/wp\/v2\/product\/23676","targetHints":{"allow":["GET"]}}],"collection":[{"href":"https:\/\/vitablanca.ma\/en\/wp-json\/wp\/v2\/product"}],"about":[{"href":"https:\/\/vitablanca.ma\/en\/wp-json\/wp\/v2\/types\/product"}],"wp:featuredmedia":[{"embeddable":true,"href":"https:\/\/vitablanca.ma\/en\/wp-json\/wp\/v2\/media\/23673"}],"wp:attachment":[{"href":"https:\/\/vitablanca.ma\/en\/wp-json\/wp\/v2\/media?parent=23676"}],"wp:term":[{"taxonomy":"product_brand","embeddable":true,"href":"https:\/\/vitablanca.ma\/en\/wp-json\/wp\/v2\/product_brand?post=23676"},{"taxonomy":"product_cat","embeddable":true,"href":"https:\/\/vitablanca.ma\/en\/wp-json\/wp\/v2\/product_cat?post=23676"},{"taxonomy":"product_tag","embeddable":true,"href":"https:\/\/vitablanca.ma\/en\/wp-json\/wp\/v2\/product_tag?post=23676"}],"curies":[{"name":"wp","href":"https:\/\/api.w.org\/{rel}","templated":true}]}}