{"id":23672,"date":"2025-07-10T18:21:26","date_gmt":"2025-07-10T18:21:26","guid":{"rendered":"https:\/\/vitablanca.ma\/product\/balea-spray-ultra-volume\/"},"modified":"2026-01-29T23:43:44","modified_gmt":"2026-01-29T23:43:44","slug":"balea-spray-ultra-volume","status":"publish","type":"product","link":"https:\/\/vitablanca.ma\/en\/product\/balea-spray-ultra-volume\/","title":{"rendered":"Balea \u2013 Ultra volume spray"},"content":{"rendered":"<h3>Bouncy, light and stylish hair\ud83d\udc81\u2728<\/h3>\n<ul>\n<li>Hair Type: Normal Hair, Dry Hair, Unruly Hair<\/li>\n<li>Effect: Anti-frizz<\/li>\n<li>Silicone-free, vegan<\/li>\n<li>Volumizing spray<\/li>\n<li>Helps reduce frizz<\/li>\n<li>Provides natural volume<\/li>\n<li>Ideal for fine or limp hair<\/li>\n<li>Silicone-free<\/li>\n<li>Volume: 200 ml<\/li>\n<\/ul>\n<h4><strong><span style=\"font-size: 11pt; line-height: 104%; font-family: 'Segoe UI Emoji', sans-serif;\">\ud83d\udccc<\/span><span lang=\"EN-US\" style=\"font-size: 11pt; line-height: 104%; font-family: Arial, sans-serif;\"> Product Description<\/span><\/strong><\/h4>\n<p>Offrez un nouveau souffle \u00e0 votre chevelure. Le spray ultra volume de Balea est id\u00e9al pour les cheveux fins ou sans force et donne un volume naturel. Gr\u00e2ce au pr\u00e9cieux panth\u00e9nol, chacune de vos m\u00e8ches est soign\u00e9e et b\u00e9n\u00e9ficie en outre d\u2019une protection id\u00e9ale contre les frisottis et les cheveux volants. Pour des cheveux magnifiquement volumineux.<\/p>\n<h4><strong><span style=\"font-size: 11pt; line-height: 104%; font-family: 'Segoe UI Emoji', sans-serif;\">\ud83d\udca1<\/span><span lang=\"EN-US\" style=\"font-size: 11pt; line-height: 104%; font-family: Arial, sans-serif;\"> Directions for use<\/span><\/strong><\/h4>\n<p>Vaporiser sur les racines lav\u00e9es et encore humides avant le s\u00e9chage et r\u00e9partir jusqu\u2019aux longueurs. Cr\u00e9ez plus de volume en s\u00e9chant avec une brosse ronde contre la raie habituelle. Peut \u00e9galement \u00eatre utilis\u00e9 de temps en temps sur cheveux secs pour donner du volume \u00e0 la chevelure.<\/p>","protected":false},"excerpt":{"rendered":"<p>Cheveux gonfl\u00e9s, l\u00e9gers et styl\u00e9s\ud83d\udc81\u2728 Type de cheveux: Cheveux normaux, cheveux secs, cheveux indisciplin\u00e9s Effet:Anti-frisottis Sans silicone, v\u00e9g\u00e9talien Spray volumateur Permet de r\u00e9duire les frisottis Procure un volume naturel Id\u00e9al pour les cheveux fins ou sans force Sans silicone Volume: 200 ml \ud83d\udccc Description du produit Offrez un nouveau souffle \u00e0 votre chevelure. Le spray [&hellip;]<\/p>\n","protected":false},"featured_media":23670,"template":"","meta":{"om_disable_all_campaigns":false},"product_brand":[3236],"product_cat":[18],"product_tag":[3237,6649,3240,3238,3239,5926,6647,3241,6648,6162,6646,6650,6643,6644,6651,6645],"class_list":{"0":"post-23672","1":"product","2":"type-product","3":"status-publish","4":"has-post-thumbnail","6":"product_brand-balea-dm-prix-maroc","7":"product_cat-beaute-sante","8":"product_tag-balea","9":"product_tag-balea-cheveux","10":"product_tag-balea-dm","11":"product_tag-balea-maroc","12":"product_tag-balea-morocco","13":"product_tag-cheveux-fins","14":"product_tag-coiffure-volumineuse","15":"product_tag-dm-maroc","16":"product_tag-produit-coiffant","17":"product_tag-soin-capillaire","18":"product_tag-spray-coiffant","19":"product_tag-spray-leger","20":"product_tag-spray-ultra-volume","21":"product_tag-spray-volume-cheveux","22":"product_tag-tenue-naturelle","23":"product_tag-volume-racines","25":"first","26":"instock","27":"taxable","28":"shipping-taxable","29":"purchasable","30":"product-type-simple"},"yoast_head":"<!-- This site is optimized with the Yoast SEO plugin v27.5 - https:\/\/yoast.com\/product\/yoast-seo-wordpress\/ -->\n<title>Balea Spray Ultra Volume - Maroc Prix<\/title>\n<meta name=\"description\" content=\"Balea Spray Ultra Volume apporte un volume imm\u00e9diat aux cheveux fins sans les alourdir. Spray coiffant l\u00e9ger pour une chevelure dense et naturelle.\" \/>\n<meta name=\"robots\" content=\"index, follow, max-snippet:-1, max-image-preview:large, max-video-preview:-1\" \/>\n<link rel=\"canonical\" href=\"https:\/\/vitablanca.ma\/en\/product\/balea-spray-ultra-volume\/\" \/>\n<meta property=\"og:locale\" content=\"en_US\" \/>\n<meta property=\"og:type\" content=\"article\" \/>\n<meta property=\"og:title\" content=\"Balea Spray Ultra Volume - Maroc Prix\" \/>\n<meta property=\"og:description\" content=\"Balea Spray Ultra Volume apporte un volume imm\u00e9diat aux cheveux fins sans les alourdir. Spray coiffant l\u00e9ger pour une chevelure dense et naturelle.\" \/>\n<meta property=\"og:url\" content=\"https:\/\/vitablanca.ma\/en\/product\/balea-spray-ultra-volume\/\" \/>\n<meta property=\"og:site_name\" content=\"Vitablanca.ma &ndash; Sant&eacute;, vitalit&eacute; et bien-&ecirc;tre pour tous les Marocains\" \/>\n<meta property=\"article:publisher\" content=\"https:\/\/www.facebook.com\/profile.php?id=61576678196717\" \/>\n<meta property=\"article:modified_time\" content=\"2026-01-29T23:43:44+00:00\" \/>\n<meta property=\"og:image\" content=\"https:\/\/vitablanca.ma\/wp-content\/uploads\/2025\/07\/balea-volumenspray-ultra.jpg\" \/>\n\t<meta property=\"og:image:width\" content=\"1203\" \/>\n\t<meta property=\"og:image:height\" content=\"1200\" \/>\n\t<meta property=\"og:image:type\" content=\"image\/jpeg\" \/>\n<meta name=\"twitter:card\" content=\"summary_large_image\" \/>\n<meta name=\"twitter:label1\" content=\"Est. reading time\" \/>\n\t<meta name=\"twitter:data1\" content=\"1 minute\" \/>\n<script type=\"application\/ld+json\" class=\"yoast-schema-graph\">{\"@context\":\"https:\\\/\\\/schema.org\",\"@graph\":[{\"@type\":[\"WebPage\",\"ItemPage\"],\"@id\":\"https:\\\/\\\/vitablanca.ma\\\/produit\\\/balea-spray-ultra-volume\\\/\",\"url\":\"https:\\\/\\\/vitablanca.ma\\\/produit\\\/balea-spray-ultra-volume\\\/\",\"name\":\"Balea Spray Ultra Volume - Maroc Prix\",\"isPartOf\":{\"@id\":\"https:\\\/\\\/vitablanca.ma\\\/#website\"},\"primaryImageOfPage\":{\"@id\":\"https:\\\/\\\/vitablanca.ma\\\/produit\\\/balea-spray-ultra-volume\\\/#primaryimage\"},\"image\":{\"@id\":\"https:\\\/\\\/vitablanca.ma\\\/produit\\\/balea-spray-ultra-volume\\\/#primaryimage\"},\"thumbnailUrl\":\"https:\\\/\\\/vitablanca.ma\\\/wp-content\\\/uploads\\\/2025\\\/07\\\/balea-volumenspray-ultra.jpg\",\"datePublished\":\"2025-07-10T18:21:26+00:00\",\"dateModified\":\"2026-01-29T23:43:44+00:00\",\"description\":\"Balea Spray Ultra Volume apporte un volume imm\u00e9diat aux cheveux fins sans les alourdir. Spray coiffant l\u00e9ger pour une chevelure dense et naturelle.\",\"breadcrumb\":{\"@id\":\"https:\\\/\\\/vitablanca.ma\\\/produit\\\/balea-spray-ultra-volume\\\/#breadcrumb\"},\"inLanguage\":\"en-US\",\"potentialAction\":[{\"@type\":\"ReadAction\",\"target\":[\"https:\\\/\\\/vitablanca.ma\\\/produit\\\/balea-spray-ultra-volume\\\/\"]}]},{\"@type\":\"ImageObject\",\"inLanguage\":\"en-US\",\"@id\":\"https:\\\/\\\/vitablanca.ma\\\/produit\\\/balea-spray-ultra-volume\\\/#primaryimage\",\"url\":\"https:\\\/\\\/vitablanca.ma\\\/wp-content\\\/uploads\\\/2025\\\/07\\\/balea-volumenspray-ultra.jpg\",\"contentUrl\":\"https:\\\/\\\/vitablanca.ma\\\/wp-content\\\/uploads\\\/2025\\\/07\\\/balea-volumenspray-ultra.jpg\",\"width\":1203,\"height\":1200},{\"@type\":\"BreadcrumbList\",\"@id\":\"https:\\\/\\\/vitablanca.ma\\\/produit\\\/balea-spray-ultra-volume\\\/#breadcrumb\",\"itemListElement\":[{\"@type\":\"ListItem\",\"position\":1,\"name\":\"Home\",\"item\":\"https:\\\/\\\/vitablanca.ma\\\/\"},{\"@type\":\"ListItem\",\"position\":2,\"name\":\"Tous Les Produits\",\"item\":\"https:\\\/\\\/vitablanca.ma\\\/tous-les-produits\\\/\"},{\"@type\":\"ListItem\",\"position\":3,\"name\":\"Balea &#8211; Spray ultra volume\"}]},{\"@type\":\"WebSite\",\"@id\":\"https:\\\/\\\/vitablanca.ma\\\/#website\",\"url\":\"https:\\\/\\\/vitablanca.ma\\\/\",\"name\":\"VitaBlanca.ma | Compl\u00e9ments alimentaires, sant\u00e9 & beaut\u00e9 au Maroc\",\"description\":\"vendre vitamines et compl\u00e9ments premium des USA &amp; Canada, Nouvelle Z\u00e9lande,Maroc (NOW Foods, Solgar, Manuka). Livraison rapide partout au Maroc.\",\"publisher\":{\"@id\":\"https:\\\/\\\/vitablanca.ma\\\/#organization\"},\"alternateName\":\"VitaBlanca.ma\",\"potentialAction\":[{\"@type\":\"SearchAction\",\"target\":{\"@type\":\"EntryPoint\",\"urlTemplate\":\"https:\\\/\\\/vitablanca.ma\\\/?s={search_term_string}\"},\"query-input\":{\"@type\":\"PropertyValueSpecification\",\"valueRequired\":true,\"valueName\":\"search_term_string\"}}],\"inLanguage\":\"en-US\"},{\"@type\":\"Organization\",\"@id\":\"https:\\\/\\\/vitablanca.ma\\\/#organization\",\"name\":\"VitaBlanca\",\"url\":\"https:\\\/\\\/vitablanca.ma\\\/\",\"logo\":{\"@type\":\"ImageObject\",\"inLanguage\":\"en-US\",\"@id\":\"https:\\\/\\\/vitablanca.ma\\\/#\\\/schema\\\/logo\\\/image\\\/\",\"url\":\"https:\\\/\\\/vitablanca.ma\\\/wp-content\\\/uploads\\\/2025\\\/05\\\/cropped-vitablanca.png\",\"contentUrl\":\"https:\\\/\\\/vitablanca.ma\\\/wp-content\\\/uploads\\\/2025\\\/05\\\/cropped-vitablanca.png\",\"width\":360,\"height\":67,\"caption\":\"VitaBlanca\"},\"image\":{\"@id\":\"https:\\\/\\\/vitablanca.ma\\\/#\\\/schema\\\/logo\\\/image\\\/\"},\"sameAs\":[\"https:\\\/\\\/www.facebook.com\\\/profile.php?id=61576678196717\",\"https:\\\/\\\/www.tiktok.com\\\/@vitablanca.ma\",\"https:\\\/\\\/www.instagram.com\\\/vitablanca.ma\\\/\"]}]}<\/script>\n<!-- \/ Yoast SEO plugin. -->","yoast_head_json":{"title":"Balea Spray Ultra Volume - Maroc Prix","description":"Balea Spray Ultra Volume apporte un volume imm\u00e9diat aux cheveux fins sans les alourdir. Spray coiffant l\u00e9ger pour une chevelure dense et naturelle.","robots":{"index":"index","follow":"follow","max-snippet":"max-snippet:-1","max-image-preview":"max-image-preview:large","max-video-preview":"max-video-preview:-1"},"canonical":"https:\/\/vitablanca.ma\/en\/product\/balea-spray-ultra-volume\/","og_locale":"en_US","og_type":"article","og_title":"Balea Spray Ultra Volume - Maroc Prix","og_description":"Balea Spray Ultra Volume apporte un volume imm\u00e9diat aux cheveux fins sans les alourdir. Spray coiffant l\u00e9ger pour une chevelure dense et naturelle.","og_url":"https:\/\/vitablanca.ma\/en\/product\/balea-spray-ultra-volume\/","og_site_name":"Vitablanca.ma &ndash; Sant&eacute;, vitalit&eacute; et bien-&ecirc;tre pour tous les Marocains","article_publisher":"https:\/\/www.facebook.com\/profile.php?id=61576678196717","article_modified_time":"2026-01-29T23:43:44+00:00","og_image":[{"width":1203,"height":1200,"url":"https:\/\/vitablanca.ma\/wp-content\/uploads\/2025\/07\/balea-volumenspray-ultra.jpg","type":"image\/jpeg"}],"twitter_card":"summary_large_image","twitter_misc":{"Est. reading time":"1 minute"},"schema":{"@context":"https:\/\/schema.org","@graph":[{"@type":["WebPage","ItemPage"],"@id":"https:\/\/vitablanca.ma\/produit\/balea-spray-ultra-volume\/","url":"https:\/\/vitablanca.ma\/produit\/balea-spray-ultra-volume\/","name":"Balea Spray Ultra Volume - Maroc Prix","isPartOf":{"@id":"https:\/\/vitablanca.ma\/#website"},"primaryImageOfPage":{"@id":"https:\/\/vitablanca.ma\/produit\/balea-spray-ultra-volume\/#primaryimage"},"image":{"@id":"https:\/\/vitablanca.ma\/produit\/balea-spray-ultra-volume\/#primaryimage"},"thumbnailUrl":"https:\/\/vitablanca.ma\/wp-content\/uploads\/2025\/07\/balea-volumenspray-ultra.jpg","datePublished":"2025-07-10T18:21:26+00:00","dateModified":"2026-01-29T23:43:44+00:00","description":"Balea Spray Ultra Volume apporte un volume imm\u00e9diat aux cheveux fins sans les alourdir. Spray coiffant l\u00e9ger pour une chevelure dense et naturelle.","breadcrumb":{"@id":"https:\/\/vitablanca.ma\/produit\/balea-spray-ultra-volume\/#breadcrumb"},"inLanguage":"en-US","potentialAction":[{"@type":"ReadAction","target":["https:\/\/vitablanca.ma\/produit\/balea-spray-ultra-volume\/"]}]},{"@type":"ImageObject","inLanguage":"en-US","@id":"https:\/\/vitablanca.ma\/produit\/balea-spray-ultra-volume\/#primaryimage","url":"https:\/\/vitablanca.ma\/wp-content\/uploads\/2025\/07\/balea-volumenspray-ultra.jpg","contentUrl":"https:\/\/vitablanca.ma\/wp-content\/uploads\/2025\/07\/balea-volumenspray-ultra.jpg","width":1203,"height":1200},{"@type":"BreadcrumbList","@id":"https:\/\/vitablanca.ma\/produit\/balea-spray-ultra-volume\/#breadcrumb","itemListElement":[{"@type":"ListItem","position":1,"name":"Home","item":"https:\/\/vitablanca.ma\/"},{"@type":"ListItem","position":2,"name":"Tous Les Produits","item":"https:\/\/vitablanca.ma\/tous-les-produits\/"},{"@type":"ListItem","position":3,"name":"Balea &#8211; Spray ultra volume"}]},{"@type":"WebSite","@id":"https:\/\/vitablanca.ma\/#website","url":"https:\/\/vitablanca.ma\/","name":"VitaBlanca.ma | Food supplements, health &amp; beauty in Morocco","description":"sell premium vitamins and supplements from USA &amp; Canada, New Zealand, Morocco (NOW Foods, Solgar, Manuka). Fast delivery anywhere in Morocco.","publisher":{"@id":"https:\/\/vitablanca.ma\/#organization"},"alternateName":"VitaBlanca.ma","potentialAction":[{"@type":"SearchAction","target":{"@type":"EntryPoint","urlTemplate":"https:\/\/vitablanca.ma\/?s={search_term_string}"},"query-input":{"@type":"PropertyValueSpecification","valueRequired":true,"valueName":"search_term_string"}}],"inLanguage":"en-US"},{"@type":"Organization","@id":"https:\/\/vitablanca.ma\/#organization","name":"VitaBlanca","url":"https:\/\/vitablanca.ma\/","logo":{"@type":"ImageObject","inLanguage":"en-US","@id":"https:\/\/vitablanca.ma\/#\/schema\/logo\/image\/","url":"https:\/\/vitablanca.ma\/wp-content\/uploads\/2025\/05\/cropped-vitablanca.png","contentUrl":"https:\/\/vitablanca.ma\/wp-content\/uploads\/2025\/05\/cropped-vitablanca.png","width":360,"height":67,"caption":"VitaBlanca"},"image":{"@id":"https:\/\/vitablanca.ma\/#\/schema\/logo\/image\/"},"sameAs":["https:\/\/www.facebook.com\/profile.php?id=61576678196717","https:\/\/www.tiktok.com\/@vitablanca.ma","https:\/\/www.instagram.com\/vitablanca.ma\/"]}]}},"jetpack_sharing_enabled":true,"_links":{"self":[{"href":"https:\/\/vitablanca.ma\/en\/wp-json\/wp\/v2\/product\/23672","targetHints":{"allow":["GET"]}}],"collection":[{"href":"https:\/\/vitablanca.ma\/en\/wp-json\/wp\/v2\/product"}],"about":[{"href":"https:\/\/vitablanca.ma\/en\/wp-json\/wp\/v2\/types\/product"}],"wp:featuredmedia":[{"embeddable":true,"href":"https:\/\/vitablanca.ma\/en\/wp-json\/wp\/v2\/media\/23670"}],"wp:attachment":[{"href":"https:\/\/vitablanca.ma\/en\/wp-json\/wp\/v2\/media?parent=23672"}],"wp:term":[{"taxonomy":"product_brand","embeddable":true,"href":"https:\/\/vitablanca.ma\/en\/wp-json\/wp\/v2\/product_brand?post=23672"},{"taxonomy":"product_cat","embeddable":true,"href":"https:\/\/vitablanca.ma\/en\/wp-json\/wp\/v2\/product_cat?post=23672"},{"taxonomy":"product_tag","embeddable":true,"href":"https:\/\/vitablanca.ma\/en\/wp-json\/wp\/v2\/product_tag?post=23672"}],"curies":[{"name":"wp","href":"https:\/\/api.w.org\/{rel}","templated":true}]}}