{"id":23643,"date":"2025-07-10T18:19:32","date_gmt":"2025-07-10T18:19:32","guid":{"rendered":"https:\/\/vitablanca.ma\/product\/balea-pack-cheveux-croissance-force\/"},"modified":"2026-01-29T23:58:40","modified_gmt":"2026-01-29T23:58:40","slug":"balea-pack-cheveux-croissance-force","status":"publish","type":"product","link":"https:\/\/vitablanca.ma\/en\/product\/balea-pack-cheveux-croissance-force\/","title":{"rendered":"Balea \u2013 Hair Growth &amp; Strength Pack"},"content":{"rendered":"<h3>Revitalized roots, stronger and denser hair \ud83c\udf3f\u2728<\/p>\n<p>\ud83c\udf31 For whom?<\/h3>\n<h3>\u2714\ufe0f Weak, brittle, lifeless hair<\/h3>\n<h3>\u2714\ufe0f Ideal during periods of hair loss or after aggressive treatments<\/h3>\n<h4><strong><span style=\"font-size: 11pt; line-height: 104%; font-family: 'Segoe UI Emoji', sans-serif;\">\ud83d\udccc<\/span><span lang=\"EN-US\" style=\"font-size: 11pt; line-height: 104%; font-family: Arial, sans-serif;\"> Pack Description<\/span><\/strong><\/h4>\n<p>\ud83d\udca7 L\u2019apr\u00e8s-shampooing Croissance + Force de Balea Professional renforce et r\u00e9g\u00e9n\u00e8re les cheveux affaiblis et cassants. La formule puissante soutient et favorise la croissance naturelle des cheveux et peut r\u00e9duire la chute des cheveux.* Pour les cheveux sans force et cassants.<\/p>\n<p>\ud83e\uddfc Balea Professional Growth + Strength Shampoo gently cleanses hair and restores tone and elasticity. Its powerful formula supports and promotes natural hair growth and can reduce hair loss.<\/p>\n<p>\ud83d\udca5 Le s\u00e9rum Croissance + Force de Balea Professional agit directement \u00e0 la racine des cheveux et permet d\u2019obtenir des cheveux plus denses et plus fournis.<\/p>\n<h4><strong><span style=\"font-size: 11pt; line-height: 104%; font-family: 'Segoe UI Emoji', sans-serif;\">\ud83d\udca1<\/span><span lang=\"EN-US\" style=\"font-size: 11pt; line-height: 104%; font-family: Arial, sans-serif;\"> Directions for use<\/span><\/strong><\/h4>\n<ul>\n<li>Le shampooing et L\u2019apr\u00e8s-shampooing: Utilisation normal<\/li>\n<li>Le Serum: Appliquer quotidiennement directement sur le cuir chevelu \u00e0 l\u2019aide de l\u2019embout doseur et masser doucement et uniform\u00e9ment. Ne pas rincer. Coiffer ensuite les cheveux comme d\u2019habitude Comme la phase de croissance des cheveux est g\u00e9n\u00e9ralement tr\u00e8s lente, il est recommand\u00e9 d\u2019utiliser les produits sur une p\u00e9riode d\u2019au moins 12 semaines pour obtenir des effets prouv\u00e9s.<\/li>\n<\/ul>\n<h4><strong><span lang=\"EN-US\" style=\"font-size: 11pt; line-height: 103%; font-family: 'Segoe UI Emoji', sans-serif;\">\u26a0<\/span><span style=\"font-size: 11pt; line-height: 103%; font-family: Arial, sans-serif;\">\ufe0f<\/span><span lang=\"EN-US\" style=\"font-size: 11pt; line-height: 103%; font-family: Arial, sans-serif;\"> Warnings<\/span><\/strong><\/h4>\n<p>Not suitable for children under 3 years due to small parts that may be swallowed.<\/p>\n<h3>Pack consisting of:<\/p>\n<p>\u2013 Shampooing 250 ml<br \/>\n\u2013 Apr\u00e8s-shampooing 200 ml<br \/>\n\u2013 S\u00e9rum 150 ml<\/h3>","protected":false},"excerpt":{"rendered":"<p>Des racines revitalis\u00e9es, des cheveux plus forts et plus denses \ud83c\udf3f\u2728 \ud83c\udf31 Pour qui ? \u2714\ufe0f Cheveux affaiblis, cassants, sans tonus \u2714\ufe0f Id\u00e9al en p\u00e9riode de chute ou apr\u00e8s traitements agressifs \ud83d\udccc Description de Pack \ud83d\udca7 L\u2019apr\u00e8s-shampooing Croissance + Force de Balea Professional renforce et r\u00e9g\u00e9n\u00e8re les cheveux affaiblis et cassants. La formule puissante soutient [&hellip;]<\/p>\n","protected":false},"featured_media":23639,"template":"","meta":{"om_disable_all_campaigns":false},"product_brand":[3236],"product_cat":[18],"product_tag":[6241,3237,3240,3238,3239,6235,6673,3241,6675,6666,6674,6668,6238],"class_list":{"0":"post-23643","1":"product","2":"type-product","3":"status-publish","4":"has-post-thumbnail","6":"product_brand-balea-dm-prix-maroc","7":"product_cat-beaute-sante","8":"product_tag-anti-chute","9":"product_tag-balea","10":"product_tag-balea-dm","11":"product_tag-balea-maroc","12":"product_tag-balea-morocco","13":"product_tag-cheveux-forts","14":"product_tag-croissance-force","15":"product_tag-dm-maroc","16":"product_tag-fibre-capillaire","17":"product_tag-pack-cheveux","18":"product_tag-renforcement-capillaire","19":"product_tag-soins-capillaires","20":"product_tag-stimulation-croissance","22":"first","23":"instock","24":"sale","25":"taxable","26":"shipping-taxable","27":"purchasable","28":"product-type-simple"},"yoast_head":"<!-- This site is optimized with the Yoast SEO plugin v27.5 - https:\/\/yoast.com\/product\/yoast-seo-wordpress\/ -->\n<title>Balea Pack cheveux croissance - forceMaroc Prix<\/title>\n<meta name=\"description\" content=\"Le Pack Cheveux Balea Croissance &amp; Force renforce la fibre capillaire, stimule la croissance et r\u00e9duit la casse. Id\u00e9al pour cheveux fragiles et cassants.\" \/>\n<meta name=\"robots\" content=\"index, follow, max-snippet:-1, max-image-preview:large, max-video-preview:-1\" \/>\n<link rel=\"canonical\" href=\"https:\/\/vitablanca.ma\/en\/product\/balea-pack-cheveux-croissance-force\/\" \/>\n<meta property=\"og:locale\" content=\"en_US\" \/>\n<meta property=\"og:type\" content=\"article\" \/>\n<meta property=\"og:title\" content=\"Balea Pack cheveux croissance - forceMaroc Prix\" \/>\n<meta property=\"og:description\" content=\"Le Pack Cheveux Balea Croissance &amp; Force renforce la fibre capillaire, stimule la croissance et r\u00e9duit la casse. Id\u00e9al pour cheveux fragiles et cassants.\" \/>\n<meta property=\"og:url\" content=\"https:\/\/vitablanca.ma\/en\/product\/balea-pack-cheveux-croissance-force\/\" \/>\n<meta property=\"og:site_name\" content=\"Vitablanca.ma &ndash; Sant&eacute;, vitalit&eacute; et bien-&ecirc;tre pour tous les Marocains\" \/>\n<meta property=\"article:publisher\" content=\"https:\/\/www.facebook.com\/profile.php?id=61576678196717\" \/>\n<meta property=\"article:modified_time\" content=\"2026-01-29T23:58:40+00:00\" \/>\n<meta property=\"og:image\" content=\"https:\/\/vitablanca.ma\/wp-content\/uploads\/2025\/07\/5_1.png\" \/>\n\t<meta property=\"og:image:width\" content=\"1080\" \/>\n\t<meta property=\"og:image:height\" content=\"1080\" \/>\n\t<meta property=\"og:image:type\" content=\"image\/png\" \/>\n<meta name=\"twitter:card\" content=\"summary_large_image\" \/>\n<meta name=\"twitter:label1\" content=\"Est. reading time\" \/>\n\t<meta name=\"twitter:data1\" content=\"2 minutes\" \/>\n<script type=\"application\/ld+json\" class=\"yoast-schema-graph\">{\"@context\":\"https:\\\/\\\/schema.org\",\"@graph\":[{\"@type\":[\"WebPage\",\"ItemPage\"],\"@id\":\"https:\\\/\\\/vitablanca.ma\\\/produit\\\/balea-pack-cheveux-croissance-force\\\/\",\"url\":\"https:\\\/\\\/vitablanca.ma\\\/produit\\\/balea-pack-cheveux-croissance-force\\\/\",\"name\":\"Balea Pack cheveux croissance - forceMaroc Prix\",\"isPartOf\":{\"@id\":\"https:\\\/\\\/vitablanca.ma\\\/#website\"},\"primaryImageOfPage\":{\"@id\":\"https:\\\/\\\/vitablanca.ma\\\/produit\\\/balea-pack-cheveux-croissance-force\\\/#primaryimage\"},\"image\":{\"@id\":\"https:\\\/\\\/vitablanca.ma\\\/produit\\\/balea-pack-cheveux-croissance-force\\\/#primaryimage\"},\"thumbnailUrl\":\"https:\\\/\\\/vitablanca.ma\\\/wp-content\\\/uploads\\\/2025\\\/07\\\/5_1.png\",\"datePublished\":\"2025-07-10T18:19:32+00:00\",\"dateModified\":\"2026-01-29T23:58:40+00:00\",\"description\":\"Le Pack Cheveux Balea Croissance & Force renforce la fibre capillaire, stimule la croissance et r\u00e9duit la casse. Id\u00e9al pour cheveux fragiles et cassants.\",\"breadcrumb\":{\"@id\":\"https:\\\/\\\/vitablanca.ma\\\/produit\\\/balea-pack-cheveux-croissance-force\\\/#breadcrumb\"},\"inLanguage\":\"en-US\",\"potentialAction\":[{\"@type\":\"ReadAction\",\"target\":[\"https:\\\/\\\/vitablanca.ma\\\/produit\\\/balea-pack-cheveux-croissance-force\\\/\"]}]},{\"@type\":\"ImageObject\",\"inLanguage\":\"en-US\",\"@id\":\"https:\\\/\\\/vitablanca.ma\\\/produit\\\/balea-pack-cheveux-croissance-force\\\/#primaryimage\",\"url\":\"https:\\\/\\\/vitablanca.ma\\\/wp-content\\\/uploads\\\/2025\\\/07\\\/5_1.png\",\"contentUrl\":\"https:\\\/\\\/vitablanca.ma\\\/wp-content\\\/uploads\\\/2025\\\/07\\\/5_1.png\",\"width\":1080,\"height\":1080},{\"@type\":\"BreadcrumbList\",\"@id\":\"https:\\\/\\\/vitablanca.ma\\\/produit\\\/balea-pack-cheveux-croissance-force\\\/#breadcrumb\",\"itemListElement\":[{\"@type\":\"ListItem\",\"position\":1,\"name\":\"Home\",\"item\":\"https:\\\/\\\/vitablanca.ma\\\/\"},{\"@type\":\"ListItem\",\"position\":2,\"name\":\"Tous Les Produits\",\"item\":\"https:\\\/\\\/vitablanca.ma\\\/tous-les-produits\\\/\"},{\"@type\":\"ListItem\",\"position\":3,\"name\":\"Balea &#8211; Pack cheveux croissance &amp; force\"}]},{\"@type\":\"WebSite\",\"@id\":\"https:\\\/\\\/vitablanca.ma\\\/#website\",\"url\":\"https:\\\/\\\/vitablanca.ma\\\/\",\"name\":\"VitaBlanca.ma | Compl\u00e9ments alimentaires, sant\u00e9 & beaut\u00e9 au Maroc\",\"description\":\"vendre vitamines et compl\u00e9ments premium des USA &amp; Canada, Nouvelle Z\u00e9lande,Maroc (NOW Foods, Solgar, Manuka). Livraison rapide partout au Maroc.\",\"publisher\":{\"@id\":\"https:\\\/\\\/vitablanca.ma\\\/#organization\"},\"alternateName\":\"VitaBlanca.ma\",\"potentialAction\":[{\"@type\":\"SearchAction\",\"target\":{\"@type\":\"EntryPoint\",\"urlTemplate\":\"https:\\\/\\\/vitablanca.ma\\\/?s={search_term_string}\"},\"query-input\":{\"@type\":\"PropertyValueSpecification\",\"valueRequired\":true,\"valueName\":\"search_term_string\"}}],\"inLanguage\":\"en-US\"},{\"@type\":\"Organization\",\"@id\":\"https:\\\/\\\/vitablanca.ma\\\/#organization\",\"name\":\"VitaBlanca\",\"url\":\"https:\\\/\\\/vitablanca.ma\\\/\",\"logo\":{\"@type\":\"ImageObject\",\"inLanguage\":\"en-US\",\"@id\":\"https:\\\/\\\/vitablanca.ma\\\/#\\\/schema\\\/logo\\\/image\\\/\",\"url\":\"https:\\\/\\\/vitablanca.ma\\\/wp-content\\\/uploads\\\/2025\\\/05\\\/cropped-vitablanca.png\",\"contentUrl\":\"https:\\\/\\\/vitablanca.ma\\\/wp-content\\\/uploads\\\/2025\\\/05\\\/cropped-vitablanca.png\",\"width\":360,\"height\":67,\"caption\":\"VitaBlanca\"},\"image\":{\"@id\":\"https:\\\/\\\/vitablanca.ma\\\/#\\\/schema\\\/logo\\\/image\\\/\"},\"sameAs\":[\"https:\\\/\\\/www.facebook.com\\\/profile.php?id=61576678196717\",\"https:\\\/\\\/www.tiktok.com\\\/@vitablanca.ma\",\"https:\\\/\\\/www.instagram.com\\\/vitablanca.ma\\\/\"]}]}<\/script>\n<!-- \/ Yoast SEO plugin. -->","yoast_head_json":{"title":"Balea Pack cheveux croissance - forceMaroc Prix","description":"Le Pack Cheveux Balea Croissance & Force renforce la fibre capillaire, stimule la croissance et r\u00e9duit la casse. Id\u00e9al pour cheveux fragiles et cassants.","robots":{"index":"index","follow":"follow","max-snippet":"max-snippet:-1","max-image-preview":"max-image-preview:large","max-video-preview":"max-video-preview:-1"},"canonical":"https:\/\/vitablanca.ma\/en\/product\/balea-pack-cheveux-croissance-force\/","og_locale":"en_US","og_type":"article","og_title":"Balea Pack cheveux croissance - forceMaroc Prix","og_description":"Le Pack Cheveux Balea Croissance & Force renforce la fibre capillaire, stimule la croissance et r\u00e9duit la casse. Id\u00e9al pour cheveux fragiles et cassants.","og_url":"https:\/\/vitablanca.ma\/en\/product\/balea-pack-cheveux-croissance-force\/","og_site_name":"Vitablanca.ma &ndash; Sant&eacute;, vitalit&eacute; et bien-&ecirc;tre pour tous les Marocains","article_publisher":"https:\/\/www.facebook.com\/profile.php?id=61576678196717","article_modified_time":"2026-01-29T23:58:40+00:00","og_image":[{"width":1080,"height":1080,"url":"https:\/\/vitablanca.ma\/wp-content\/uploads\/2025\/07\/5_1.png","type":"image\/png"}],"twitter_card":"summary_large_image","twitter_misc":{"Est. reading time":"2 minutes"},"schema":{"@context":"https:\/\/schema.org","@graph":[{"@type":["WebPage","ItemPage"],"@id":"https:\/\/vitablanca.ma\/produit\/balea-pack-cheveux-croissance-force\/","url":"https:\/\/vitablanca.ma\/produit\/balea-pack-cheveux-croissance-force\/","name":"Balea Pack cheveux croissance - forceMaroc Prix","isPartOf":{"@id":"https:\/\/vitablanca.ma\/#website"},"primaryImageOfPage":{"@id":"https:\/\/vitablanca.ma\/produit\/balea-pack-cheveux-croissance-force\/#primaryimage"},"image":{"@id":"https:\/\/vitablanca.ma\/produit\/balea-pack-cheveux-croissance-force\/#primaryimage"},"thumbnailUrl":"https:\/\/vitablanca.ma\/wp-content\/uploads\/2025\/07\/5_1.png","datePublished":"2025-07-10T18:19:32+00:00","dateModified":"2026-01-29T23:58:40+00:00","description":"Le Pack Cheveux Balea Croissance & Force renforce la fibre capillaire, stimule la croissance et r\u00e9duit la casse. Id\u00e9al pour cheveux fragiles et cassants.","breadcrumb":{"@id":"https:\/\/vitablanca.ma\/produit\/balea-pack-cheveux-croissance-force\/#breadcrumb"},"inLanguage":"en-US","potentialAction":[{"@type":"ReadAction","target":["https:\/\/vitablanca.ma\/produit\/balea-pack-cheveux-croissance-force\/"]}]},{"@type":"ImageObject","inLanguage":"en-US","@id":"https:\/\/vitablanca.ma\/produit\/balea-pack-cheveux-croissance-force\/#primaryimage","url":"https:\/\/vitablanca.ma\/wp-content\/uploads\/2025\/07\/5_1.png","contentUrl":"https:\/\/vitablanca.ma\/wp-content\/uploads\/2025\/07\/5_1.png","width":1080,"height":1080},{"@type":"BreadcrumbList","@id":"https:\/\/vitablanca.ma\/produit\/balea-pack-cheveux-croissance-force\/#breadcrumb","itemListElement":[{"@type":"ListItem","position":1,"name":"Home","item":"https:\/\/vitablanca.ma\/"},{"@type":"ListItem","position":2,"name":"Tous Les Produits","item":"https:\/\/vitablanca.ma\/tous-les-produits\/"},{"@type":"ListItem","position":3,"name":"Balea &#8211; Pack cheveux croissance &amp; force"}]},{"@type":"WebSite","@id":"https:\/\/vitablanca.ma\/#website","url":"https:\/\/vitablanca.ma\/","name":"VitaBlanca.ma | Food supplements, health &amp; beauty in Morocco","description":"sell premium vitamins and supplements from USA &amp; Canada, New Zealand, Morocco (NOW Foods, Solgar, Manuka). Fast delivery anywhere in Morocco.","publisher":{"@id":"https:\/\/vitablanca.ma\/#organization"},"alternateName":"VitaBlanca.ma","potentialAction":[{"@type":"SearchAction","target":{"@type":"EntryPoint","urlTemplate":"https:\/\/vitablanca.ma\/?s={search_term_string}"},"query-input":{"@type":"PropertyValueSpecification","valueRequired":true,"valueName":"search_term_string"}}],"inLanguage":"en-US"},{"@type":"Organization","@id":"https:\/\/vitablanca.ma\/#organization","name":"VitaBlanca","url":"https:\/\/vitablanca.ma\/","logo":{"@type":"ImageObject","inLanguage":"en-US","@id":"https:\/\/vitablanca.ma\/#\/schema\/logo\/image\/","url":"https:\/\/vitablanca.ma\/wp-content\/uploads\/2025\/05\/cropped-vitablanca.png","contentUrl":"https:\/\/vitablanca.ma\/wp-content\/uploads\/2025\/05\/cropped-vitablanca.png","width":360,"height":67,"caption":"VitaBlanca"},"image":{"@id":"https:\/\/vitablanca.ma\/#\/schema\/logo\/image\/"},"sameAs":["https:\/\/www.facebook.com\/profile.php?id=61576678196717","https:\/\/www.tiktok.com\/@vitablanca.ma","https:\/\/www.instagram.com\/vitablanca.ma\/"]}]}},"jetpack_sharing_enabled":true,"_links":{"self":[{"href":"https:\/\/vitablanca.ma\/en\/wp-json\/wp\/v2\/product\/23643","targetHints":{"allow":["GET"]}}],"collection":[{"href":"https:\/\/vitablanca.ma\/en\/wp-json\/wp\/v2\/product"}],"about":[{"href":"https:\/\/vitablanca.ma\/en\/wp-json\/wp\/v2\/types\/product"}],"wp:featuredmedia":[{"embeddable":true,"href":"https:\/\/vitablanca.ma\/en\/wp-json\/wp\/v2\/media\/23639"}],"wp:attachment":[{"href":"https:\/\/vitablanca.ma\/en\/wp-json\/wp\/v2\/media?parent=23643"}],"wp:term":[{"taxonomy":"product_brand","embeddable":true,"href":"https:\/\/vitablanca.ma\/en\/wp-json\/wp\/v2\/product_brand?post=23643"},{"taxonomy":"product_cat","embeddable":true,"href":"https:\/\/vitablanca.ma\/en\/wp-json\/wp\/v2\/product_cat?post=23643"},{"taxonomy":"product_tag","embeddable":true,"href":"https:\/\/vitablanca.ma\/en\/wp-json\/wp\/v2\/product_tag?post=23643"}],"curies":[{"name":"wp","href":"https:\/\/api.w.org\/{rel}","templated":true}]}}