{"id":23633,"date":"2025-07-10T18:18:31","date_gmt":"2025-07-10T18:18:31","guid":{"rendered":"https:\/\/vitablanca.ma\/product\/pack-pour-les-dents-fraicheur-blue\/"},"modified":"2026-01-30T00:03:36","modified_gmt":"2026-01-30T00:03:36","slug":"pack-pour-les-dents-fraicheur-blue","status":"publish","type":"product","link":"https:\/\/vitablanca.ma\/en\/product\/pack-pour-les-dents-fraicheur-blue\/","title":{"rendered":"Blue Freshness Tooth Pack"},"content":{"rendered":"<p data-mce-fragment=\"1\">Product 1: Black Shine Activated Charcoal Chewing Gum, 50 pcs.<\/p>\n<ul data-mce-fragment=\"1\">\n<li data-mce-fragment=\"1\">Product Features: Gluten Free, Lactose Free, Preservative Free, Vegan, Vegetarian<\/li>\n<li data-mce-fragment=\"1\">Swiss quality product<\/li>\n<li data-mce-fragment=\"1\">With activated carbon<\/li>\n<li data-mce-fragment=\"1\">With xylitol, peppermint and tea tree oil<\/li>\n<li data-mce-fragment=\"1\">Gluten free<\/li>\n<\/ul>\n<p data-mce-fragment=\"1\">\n<p data-mce-fragment=\"1\">For refreshing chewing pleasure: Dontodent Black Shine chewing gum is a Swiss quality product. The chewing gum with activated charcoal, xylitol, mint and tea tree oil is gluten-free.<\/p>\n<p data-mce-fragment=\"1\">Product 2: Clear Fresh Toothpaste, 125 ml<\/p>\n<ul data-mce-fragment=\"1\">\n<li data-mce-fragment=\"1\">With sugar acid protection \u2013 protects against cavities*.<\/li>\n<li data-mce-fragment=\"1\">Antibacterial with zinc**.<\/li>\n<li data-mce-fragment=\"1\">Removes plaque and protects against tartar buildup<\/li>\n<li data-mce-fragment=\"1\">For long-lasting extra-fresh breath<\/li>\n<li data-mce-fragment=\"1\">Contains sodium fluoride (1,450 ppm F-)<\/li>\n<li data-mce-fragment=\"1\"><span data-mce-fragment=\"1\">Formulated without microplastics or pure water-soluble synthetic polymers.<\/span><\/li>\n<li data-mce-fragment=\"1\"><span data-mce-fragment=\"1\">Suitable for adults only.<\/span><\/li>\n<\/ul>\n<p data-mce-fragment=\"1\">Dontodent Clear Fresh toothpaste leaves your mouth feeling clean and fresh. Mild cleaning agents gently and thoroughly remove plaque. The zinc contained in the product has an antibacterial effect. The pleasantly fresh, minty toothpaste hardens and remineralizes tooth enamel.<\/p>\n<p data-mce-fragment=\"1\">Product 3: Intensive Gum Care Mouthwash, 500 ml.<\/p>\n<ul data-mce-fragment=\"1\">\n<li data-mce-fragment=\"1\"><span data-mce-fragment=\"1\">alcohol-free<\/span><\/li>\n<li data-mce-fragment=\"1\">Scope of application: Gum problems, enamel protection<\/li>\n<li data-mce-fragment=\"1\">Product features: with fluoride, vegan<\/li>\n<li data-mce-fragment=\"1\">Effectively nourishes the gums and oral mucosa and helps prevent gum problems<\/li>\n<li data-mce-fragment=\"1\">Can strengthen enamel and protect against cavities**<\/li>\n<li data-mce-fragment=\"1\">Prevents the formation of dental plaque<\/li>\n<li data-mce-fragment=\"1\">Supports the natural balance of oral flora<\/li>\n<li data-mce-fragment=\"1\">For fresh, long-lasting breath<\/li>\n<li data-mce-fragment=\"1\">ethanol-free<\/li>\n<\/ul>\n<p data-mce-fragment=\"1\">\n<p data-mce-fragment=\"1\">Dontodent Intensive Gum Care alcohol-free mouthwash* has been specially developed for intensive care of the gums and oral mucosa. Thanks to its 6-layer protective formula, it provides a feeling of freshness and care all around the mouth and cleans the oral cavity even in hard-to-reach places where the toothbrush cannot reach. The Intensive Gum Care oral solution can strengthen tooth enamel and protect against cavities***<\/p>\n<p data-mce-fragment=\"1\">Formulation without microplastics and pure water-soluble synthetic polymers.<\/p>\n<p data-mce-fragment=\"1\">After each tooth brushing with about 10-20 ml (see cap) of undiluted Dontodent mouthwash for 30 seconds DO NOT SWALLOW! Do not rinse with water.<\/p>","protected":false},"excerpt":{"rendered":"<p>Produit 1 : Gomme \u00e0 m\u00e2cher Black Shine au charbon actif, 50 pces. Caract\u00e9ristiques du produit : Sans gluten, Sans lactose, Sans conservateurs, V\u00e9g\u00e9talien, V\u00e9g\u00e9tarien Produit de qualit\u00e9 suisse Avec du charbon actif Avec du xylitol, de l&rsquo;huile de menthe poivr\u00e9e et d&rsquo;arbre \u00e0 th\u00e9 Sans gluten Pour un plaisir de mastication rafra\u00eechissant : le [&hellip;]<\/p>\n","protected":false},"featured_media":23629,"template":"","meta":{"om_disable_all_campaigns":false},"product_brand":[],"product_cat":[15],"product_tag":[6678,6249,6682,6679,6677,6683,6676,6257,6681,6680],"class_list":{"0":"post-23633","1":"product","2":"type-product","3":"status-publish","4":"has-post-thumbnail","6":"product_cat-beaute-sante-complements-alimentaires-soins-et-bien-etre-au-meilleur-prix","7":"product_tag-bain-de-bouche","8":"product_tag-dentifrice","9":"product_tag-dents-propres","10":"product_tag-haleine-fraiche","11":"product_tag-hygiene-buccale","12":"product_tag-pack-complet","13":"product_tag-pack-dents-fraicheur","14":"product_tag-protection-gencives","15":"product_tag-routine-dentaire","16":"product_tag-soins-dents","18":"first","19":"instock","20":"sale","21":"taxable","22":"shipping-taxable","23":"purchasable","24":"product-type-simple"},"yoast_head":"<!-- This site is optimized with the Yoast SEO plugin v27.4 - https:\/\/yoast.com\/product\/yoast-seo-wordpress\/ -->\n<title>Pack pour les dents Fra\u00eecheur blue - Maroc Prix<\/title>\n<meta name=\"description\" content=\"Le Pack Cheveux Balea Croissance &amp; Force renforce la fibre capillaire, stimule la croissance et r\u00e9duit la casse. Id\u00e9al pour cheveux fragiles et cassants.\" \/>\n<meta name=\"robots\" content=\"index, follow, max-snippet:-1, max-image-preview:large, max-video-preview:-1\" \/>\n<link rel=\"canonical\" href=\"https:\/\/vitablanca.ma\/en\/product\/pack-pour-les-dents-fraicheur-blue\/\" \/>\n<meta property=\"og:locale\" content=\"en_US\" \/>\n<meta property=\"og:type\" content=\"article\" \/>\n<meta property=\"og:title\" content=\"Pack pour les dents Fra\u00eecheur blue - Maroc Prix\" \/>\n<meta property=\"og:description\" content=\"Le Pack Cheveux Balea Croissance &amp; Force renforce la fibre capillaire, stimule la croissance et r\u00e9duit la casse. Id\u00e9al pour cheveux fragiles et cassants.\" \/>\n<meta property=\"og:url\" content=\"https:\/\/vitablanca.ma\/en\/product\/pack-pour-les-dents-fraicheur-blue\/\" \/>\n<meta property=\"og:site_name\" content=\"Vitablanca.ma &ndash; Sant&eacute;, vitalit&eacute; et bien-&ecirc;tre pour tous les Marocains\" \/>\n<meta property=\"article:publisher\" content=\"https:\/\/www.facebook.com\/profile.php?id=61576678196717\" \/>\n<meta property=\"article:modified_time\" content=\"2026-01-30T00:03:36+00:00\" \/>\n<meta property=\"og:image\" content=\"https:\/\/vitablanca.ma\/wp-content\/uploads\/2025\/07\/17.png\" \/>\n\t<meta property=\"og:image:width\" content=\"1080\" \/>\n\t<meta property=\"og:image:height\" content=\"1080\" \/>\n\t<meta property=\"og:image:type\" content=\"image\/png\" \/>\n<meta name=\"twitter:card\" content=\"summary_large_image\" \/>\n<meta name=\"twitter:label1\" content=\"Est. reading time\" \/>\n\t<meta name=\"twitter:data1\" content=\"3 minutes\" \/>\n<script type=\"application\/ld+json\" class=\"yoast-schema-graph\">{\"@context\":\"https:\\\/\\\/schema.org\",\"@graph\":[{\"@type\":[\"WebPage\",\"ItemPage\"],\"@id\":\"https:\\\/\\\/vitablanca.ma\\\/produit\\\/pack-pour-les-dents-fraicheur-blue\\\/\",\"url\":\"https:\\\/\\\/vitablanca.ma\\\/produit\\\/pack-pour-les-dents-fraicheur-blue\\\/\",\"name\":\"Pack pour les dents Fra\u00eecheur blue - Maroc Prix\",\"isPartOf\":{\"@id\":\"https:\\\/\\\/vitablanca.ma\\\/#website\"},\"primaryImageOfPage\":{\"@id\":\"https:\\\/\\\/vitablanca.ma\\\/produit\\\/pack-pour-les-dents-fraicheur-blue\\\/#primaryimage\"},\"image\":{\"@id\":\"https:\\\/\\\/vitablanca.ma\\\/produit\\\/pack-pour-les-dents-fraicheur-blue\\\/#primaryimage\"},\"thumbnailUrl\":\"https:\\\/\\\/vitablanca.ma\\\/wp-content\\\/uploads\\\/2025\\\/07\\\/17.png\",\"datePublished\":\"2025-07-10T18:18:31+00:00\",\"dateModified\":\"2026-01-30T00:03:36+00:00\",\"description\":\"Le Pack Cheveux Balea Croissance & Force renforce la fibre capillaire, stimule la croissance et r\u00e9duit la casse. Id\u00e9al pour cheveux fragiles et cassants.\",\"breadcrumb\":{\"@id\":\"https:\\\/\\\/vitablanca.ma\\\/produit\\\/pack-pour-les-dents-fraicheur-blue\\\/#breadcrumb\"},\"inLanguage\":\"en-US\",\"potentialAction\":[{\"@type\":\"ReadAction\",\"target\":[\"https:\\\/\\\/vitablanca.ma\\\/produit\\\/pack-pour-les-dents-fraicheur-blue\\\/\"]}]},{\"@type\":\"ImageObject\",\"inLanguage\":\"en-US\",\"@id\":\"https:\\\/\\\/vitablanca.ma\\\/produit\\\/pack-pour-les-dents-fraicheur-blue\\\/#primaryimage\",\"url\":\"https:\\\/\\\/vitablanca.ma\\\/wp-content\\\/uploads\\\/2025\\\/07\\\/17.png\",\"contentUrl\":\"https:\\\/\\\/vitablanca.ma\\\/wp-content\\\/uploads\\\/2025\\\/07\\\/17.png\",\"width\":1080,\"height\":1080},{\"@type\":\"BreadcrumbList\",\"@id\":\"https:\\\/\\\/vitablanca.ma\\\/produit\\\/pack-pour-les-dents-fraicheur-blue\\\/#breadcrumb\",\"itemListElement\":[{\"@type\":\"ListItem\",\"position\":1,\"name\":\"Home\",\"item\":\"https:\\\/\\\/vitablanca.ma\\\/\"},{\"@type\":\"ListItem\",\"position\":2,\"name\":\"Tous Les Produits\",\"item\":\"https:\\\/\\\/vitablanca.ma\\\/tous-les-produits\\\/\"},{\"@type\":\"ListItem\",\"position\":3,\"name\":\"Pack pour les dents Fra\u00eecheur blue\"}]},{\"@type\":\"WebSite\",\"@id\":\"https:\\\/\\\/vitablanca.ma\\\/#website\",\"url\":\"https:\\\/\\\/vitablanca.ma\\\/\",\"name\":\"VitaBlanca.ma | Compl\u00e9ments alimentaires, sant\u00e9 & beaut\u00e9 au Maroc\",\"description\":\"vendre vitamines et compl\u00e9ments premium des USA &amp; Canada, Nouvelle Z\u00e9lande,Maroc (NOW Foods, Solgar, Manuka). Livraison rapide partout au Maroc.\",\"publisher\":{\"@id\":\"https:\\\/\\\/vitablanca.ma\\\/#organization\"},\"alternateName\":\"VitaBlanca.ma\",\"potentialAction\":[{\"@type\":\"SearchAction\",\"target\":{\"@type\":\"EntryPoint\",\"urlTemplate\":\"https:\\\/\\\/vitablanca.ma\\\/?s={search_term_string}\"},\"query-input\":{\"@type\":\"PropertyValueSpecification\",\"valueRequired\":true,\"valueName\":\"search_term_string\"}}],\"inLanguage\":\"en-US\"},{\"@type\":\"Organization\",\"@id\":\"https:\\\/\\\/vitablanca.ma\\\/#organization\",\"name\":\"VitaBlanca\",\"url\":\"https:\\\/\\\/vitablanca.ma\\\/\",\"logo\":{\"@type\":\"ImageObject\",\"inLanguage\":\"en-US\",\"@id\":\"https:\\\/\\\/vitablanca.ma\\\/#\\\/schema\\\/logo\\\/image\\\/\",\"url\":\"https:\\\/\\\/vitablanca.ma\\\/wp-content\\\/uploads\\\/2025\\\/05\\\/cropped-vitablanca.png\",\"contentUrl\":\"https:\\\/\\\/vitablanca.ma\\\/wp-content\\\/uploads\\\/2025\\\/05\\\/cropped-vitablanca.png\",\"width\":360,\"height\":67,\"caption\":\"VitaBlanca\"},\"image\":{\"@id\":\"https:\\\/\\\/vitablanca.ma\\\/#\\\/schema\\\/logo\\\/image\\\/\"},\"sameAs\":[\"https:\\\/\\\/www.facebook.com\\\/profile.php?id=61576678196717\",\"https:\\\/\\\/www.tiktok.com\\\/@vitablanca.ma\",\"https:\\\/\\\/www.instagram.com\\\/vitablanca.ma\\\/\"]}]}<\/script>\n<!-- \/ Yoast SEO plugin. -->","yoast_head_json":{"title":"Freshness Blue Tooth Pack - Morocco Price","description":"Le Pack Cheveux Balea Croissance & Force renforce la fibre capillaire, stimule la croissance et r\u00e9duit la casse. Id\u00e9al pour cheveux fragiles et cassants.","robots":{"index":"index","follow":"follow","max-snippet":"max-snippet:-1","max-image-preview":"max-image-preview:large","max-video-preview":"max-video-preview:-1"},"canonical":"https:\/\/vitablanca.ma\/en\/product\/pack-pour-les-dents-fraicheur-blue\/","og_locale":"en_US","og_type":"article","og_title":"Pack pour les dents Fra\u00eecheur blue - Maroc Prix","og_description":"Le Pack Cheveux Balea Croissance & Force renforce la fibre capillaire, stimule la croissance et r\u00e9duit la casse. Id\u00e9al pour cheveux fragiles et cassants.","og_url":"https:\/\/vitablanca.ma\/en\/product\/pack-pour-les-dents-fraicheur-blue\/","og_site_name":"Vitablanca.ma &ndash; Sant&eacute;, vitalit&eacute; et bien-&ecirc;tre pour tous les Marocains","article_publisher":"https:\/\/www.facebook.com\/profile.php?id=61576678196717","article_modified_time":"2026-01-30T00:03:36+00:00","og_image":[{"width":1080,"height":1080,"url":"https:\/\/vitablanca.ma\/wp-content\/uploads\/2025\/07\/17.png","type":"image\/png"}],"twitter_card":"summary_large_image","twitter_misc":{"Est. reading time":"3 minutes"},"schema":{"@context":"https:\/\/schema.org","@graph":[{"@type":["WebPage","ItemPage"],"@id":"https:\/\/vitablanca.ma\/produit\/pack-pour-les-dents-fraicheur-blue\/","url":"https:\/\/vitablanca.ma\/produit\/pack-pour-les-dents-fraicheur-blue\/","name":"Freshness Blue Tooth Pack - Morocco Price","isPartOf":{"@id":"https:\/\/vitablanca.ma\/#website"},"primaryImageOfPage":{"@id":"https:\/\/vitablanca.ma\/produit\/pack-pour-les-dents-fraicheur-blue\/#primaryimage"},"image":{"@id":"https:\/\/vitablanca.ma\/produit\/pack-pour-les-dents-fraicheur-blue\/#primaryimage"},"thumbnailUrl":"https:\/\/vitablanca.ma\/wp-content\/uploads\/2025\/07\/17.png","datePublished":"2025-07-10T18:18:31+00:00","dateModified":"2026-01-30T00:03:36+00:00","description":"Le Pack Cheveux Balea Croissance & Force renforce la fibre capillaire, stimule la croissance et r\u00e9duit la casse. Id\u00e9al pour cheveux fragiles et cassants.","breadcrumb":{"@id":"https:\/\/vitablanca.ma\/produit\/pack-pour-les-dents-fraicheur-blue\/#breadcrumb"},"inLanguage":"en-US","potentialAction":[{"@type":"ReadAction","target":["https:\/\/vitablanca.ma\/produit\/pack-pour-les-dents-fraicheur-blue\/"]}]},{"@type":"ImageObject","inLanguage":"en-US","@id":"https:\/\/vitablanca.ma\/produit\/pack-pour-les-dents-fraicheur-blue\/#primaryimage","url":"https:\/\/vitablanca.ma\/wp-content\/uploads\/2025\/07\/17.png","contentUrl":"https:\/\/vitablanca.ma\/wp-content\/uploads\/2025\/07\/17.png","width":1080,"height":1080},{"@type":"BreadcrumbList","@id":"https:\/\/vitablanca.ma\/produit\/pack-pour-les-dents-fraicheur-blue\/#breadcrumb","itemListElement":[{"@type":"ListItem","position":1,"name":"Home","item":"https:\/\/vitablanca.ma\/"},{"@type":"ListItem","position":2,"name":"Tous Les Produits","item":"https:\/\/vitablanca.ma\/tous-les-produits\/"},{"@type":"ListItem","position":3,"name":"Pack pour les dents Fra\u00eecheur blue"}]},{"@type":"WebSite","@id":"https:\/\/vitablanca.ma\/#website","url":"https:\/\/vitablanca.ma\/","name":"VitaBlanca.ma | Food supplements, health &amp; beauty in Morocco","description":"sell premium vitamins and supplements from USA &amp; Canada, New Zealand, Morocco (NOW Foods, Solgar, Manuka). Fast delivery anywhere in Morocco.","publisher":{"@id":"https:\/\/vitablanca.ma\/#organization"},"alternateName":"VitaBlanca.ma","potentialAction":[{"@type":"SearchAction","target":{"@type":"EntryPoint","urlTemplate":"https:\/\/vitablanca.ma\/?s={search_term_string}"},"query-input":{"@type":"PropertyValueSpecification","valueRequired":true,"valueName":"search_term_string"}}],"inLanguage":"en-US"},{"@type":"Organization","@id":"https:\/\/vitablanca.ma\/#organization","name":"VitaBlanca","url":"https:\/\/vitablanca.ma\/","logo":{"@type":"ImageObject","inLanguage":"en-US","@id":"https:\/\/vitablanca.ma\/#\/schema\/logo\/image\/","url":"https:\/\/vitablanca.ma\/wp-content\/uploads\/2025\/05\/cropped-vitablanca.png","contentUrl":"https:\/\/vitablanca.ma\/wp-content\/uploads\/2025\/05\/cropped-vitablanca.png","width":360,"height":67,"caption":"VitaBlanca"},"image":{"@id":"https:\/\/vitablanca.ma\/#\/schema\/logo\/image\/"},"sameAs":["https:\/\/www.facebook.com\/profile.php?id=61576678196717","https:\/\/www.tiktok.com\/@vitablanca.ma","https:\/\/www.instagram.com\/vitablanca.ma\/"]}]}},"jetpack_sharing_enabled":true,"_links":{"self":[{"href":"https:\/\/vitablanca.ma\/en\/wp-json\/wp\/v2\/product\/23633","targetHints":{"allow":["GET"]}}],"collection":[{"href":"https:\/\/vitablanca.ma\/en\/wp-json\/wp\/v2\/product"}],"about":[{"href":"https:\/\/vitablanca.ma\/en\/wp-json\/wp\/v2\/types\/product"}],"wp:featuredmedia":[{"embeddable":true,"href":"https:\/\/vitablanca.ma\/en\/wp-json\/wp\/v2\/media\/23629"}],"wp:attachment":[{"href":"https:\/\/vitablanca.ma\/en\/wp-json\/wp\/v2\/media?parent=23633"}],"wp:term":[{"taxonomy":"product_brand","embeddable":true,"href":"https:\/\/vitablanca.ma\/en\/wp-json\/wp\/v2\/product_brand?post=23633"},{"taxonomy":"product_cat","embeddable":true,"href":"https:\/\/vitablanca.ma\/en\/wp-json\/wp\/v2\/product_cat?post=23633"},{"taxonomy":"product_tag","embeddable":true,"href":"https:\/\/vitablanca.ma\/en\/wp-json\/wp\/v2\/product_tag?post=23633"}],"curies":[{"name":"wp","href":"https:\/\/api.w.org\/{rel}","templated":true}]}}