{"id":23628,"date":"2025-07-10T18:17:59","date_gmt":"2025-07-10T18:17:59","guid":{"rendered":"https:\/\/vitablanca.ma\/product\/pack-pour-les-dents-fraicheur-herbes\/"},"modified":"2026-01-30T00:06:55","modified_gmt":"2026-01-30T00:06:55","slug":"pack-pour-les-dents-fraicheur-herbes","status":"publish","type":"product","link":"https:\/\/vitablanca.ma\/en\/product\/pack-pour-les-dents-fraicheur-herbes\/","title":{"rendered":"Herbal Freshness Tooth Pack"},"content":{"rendered":"<p>Product 1: Herbal Toothpaste, 125 ml<\/p>\n<ul data-mce-fragment=\"1\">\n<li data-mce-fragment=\"1\">Protects against cavities* and tartar formation<\/li>\n<li data-mce-fragment=\"1\">Antibacterial with zinc**.<\/li>\n<li data-mce-fragment=\"1\">Removes dental plaque<\/li>\n<li data-mce-fragment=\"1\">Avec des extraits d\u2019herbes s\u00e9lectionn\u00e9s dans la nature<\/li>\n<li data-mce-fragment=\"1\">Contains sodium fluoride (1,450 ppm F-)<\/li>\n<\/ul>\n<p data-mce-fragment=\"1\">\n<p data-mce-fragment=\"1\"><span data-mce-fragment=\"1\">Dontodent Herbal Toothpaste helps strengthen gums and prevents dental problems with regular brushing. Selected plant extracts (eucalyptus, chamomile, myrrh, sage, and mint) give the toothpaste a natural herbal flavor. For complete oral hygiene.<\/span><\/p>\n<p data-mce-fragment=\"1\"><span data-mce-fragment=\"1\">Product 2: Mouthwash Antibacterial Oral Hygiene, 500 ml<\/span><\/p>\n<ul data-mce-fragment=\"1\">\n<li data-mce-fragment=\"1\">Product Features:Vegan<\/li>\n<li data-mce-fragment=\"1\">Helps prevent bacterial plaque<\/li>\n<li data-mce-fragment=\"1\">Reduces bad breath<\/li>\n<li data-mce-fragment=\"1\">Protects against cavities**<\/li>\n<li data-mce-fragment=\"1\">Contains sodium fluoride: 450 ppm F-<\/li>\n<li data-mce-fragment=\"1\">With mint and aromatic herb aroma<\/li>\n<li data-mce-fragment=\"1\">\u00a0Ethanol-free.<\/li>\n<\/ul>\n<p data-mce-fragment=\"1\">\n<p data-mce-fragment=\"1\">Dontodent alcohol-free* antibacterial oral solution cleans the oral cavity even in hard-to-reach places where a toothbrush can&#039;t reach. With its 6 times more protective formula, it guarantees a perfectly cared for and clean mouth:<\/p>\n<p data-mce-fragment=\"1\">\u2013 Combat la plaque dentaire et les bact\u00e9ries responsables de la mauvaise haleine<\/p>\n<p data-mce-fragment=\"1\">\u2013 Prot\u00e8ge contre les caries** et pr\u00e9vient les probl\u00e8mes gingivaux<\/p>\n<p data-mce-fragment=\"1\">\u2013 Peut renforcer l\u2019\u00e9mail<\/p>\n<p data-mce-fragment=\"1\">\u2013 Soigne la muqueuse buccale avec un complexe de 4 herbes \u00e0 base d\u2019extraits de camomille, de sauge, de menthe et de myrrhe<\/p>\n<p data-mce-fragment=\"1\">\u2013 Formule d\u2019hygi\u00e8ne profonde \u00e0 l\u2019ar\u00f4me de menthe aux herbes<\/p>\n<p data-mce-fragment=\"1\">-Provides lasting respiratory freshness<\/p>\n<p data-mce-fragment=\"1\">After each tooth brushing with about 10-20 ml (see cap) of undiluted Dontodent mouthwash for 30 seconds DO NOT SWALLOW! Do not rinse with water, suitable for children from 12 years old.<\/p>\n<p data-mce-fragment=\"1\">Product 3: Black Shine Activated Charcoal Chewing Gum, 50 pcs<\/p>\n<ul data-mce-fragment=\"1\">\n<li data-mce-fragment=\"1\">Product Features: Gluten Free, Lactose Free, Preservative Free, Vegan, Vegetarian<\/li>\n<li data-mce-fragment=\"1\">Swiss quality product<\/li>\n<li data-mce-fragment=\"1\">With activated carbon<\/li>\n<li data-mce-fragment=\"1\">Avec du xylitol, de l\u2019huile de menthe poivr\u00e9e et d\u2019arbre \u00e0 th\u00e9<\/li>\n<li data-mce-fragment=\"1\">Gluten free<\/li>\n<\/ul>\n<p data-mce-fragment=\"1\">\n<p data-mce-fragment=\"1\">Pour un plaisir de mastication rafra\u00eechissant : le chewing-gum Dontodent Black Shine est un produit de qualit\u00e9 suisse. Le chewing-gum au charbon actif, au xylitol, \u00e0 l\u2019huile de menthe et d\u2019arbre \u00e0 th\u00e9 est sans gluten.<\/p>","protected":false},"excerpt":{"rendered":"<p>Produit 1 : Dentifrice aux herbes, 125 ml Prot\u00e8ge contre les caries* et la formation de tartre Antibact\u00e9rien avec du zinc**. \u00c9limine la plaque dentaire Avec des extraits d\u2019herbes s\u00e9lectionn\u00e9s dans la nature Contient du fluorure de sodium (1.450 ppm F-) Le dentifrice aux herbes Dontodent favorise le renforcement des gencives et pr\u00e9vient les probl\u00e8mes [&hellip;]<\/p>\n","protected":false},"featured_media":23624,"template":"","meta":{"om_disable_all_campaigns":false},"product_brand":[],"product_cat":[15],"product_tag":[6689,6685,6688,6679,6677,6687,6684,6691,6690,6686],"class_list":{"0":"post-23628","1":"product","2":"type-product","3":"status-publish","4":"has-post-thumbnail","6":"product_cat-beaute-sante-complements-alimentaires-soins-et-bien-etre-au-meilleur-prix","7":"product_tag-dentifrice-aux-plantes","8":"product_tag-dentifrice-naturel","9":"product_tag-extraits-dherbes","10":"product_tag-haleine-fraiche","11":"product_tag-hygiene-buccale","12":"product_tag-pack-complet-dents","13":"product_tag-pack-dents-fraicheur-herbes","14":"product_tag-protection-dents","15":"product_tag-routine-bucco-dentaire","16":"product_tag-soins-dents-et-gencives","18":"first","19":"instock","20":"sale","21":"taxable","22":"shipping-taxable","23":"purchasable","24":"product-type-simple"},"yoast_head":"<!-- This site is optimized with the Yoast SEO plugin v27.5 - https:\/\/yoast.com\/product\/yoast-seo-wordpress\/ -->\n<title>Pack pour les dents Fra\u00eecheur herbes - Maroc Prix<\/title>\n<meta name=\"description\" content=\"Le Pack pour les dents Fra\u00eecheur Herbes nettoie en profondeur, prot\u00e8ge les dents et gencives, et procure une haleine fra\u00eeche\" \/>\n<meta name=\"robots\" content=\"index, follow, max-snippet:-1, max-image-preview:large, max-video-preview:-1\" \/>\n<link rel=\"canonical\" href=\"https:\/\/vitablanca.ma\/en\/product\/pack-pour-les-dents-fraicheur-herbes\/\" \/>\n<meta property=\"og:locale\" content=\"en_US\" \/>\n<meta property=\"og:type\" content=\"article\" \/>\n<meta property=\"og:title\" content=\"Pack pour les dents Fra\u00eecheur herbes - Maroc Prix\" \/>\n<meta property=\"og:description\" content=\"Le Pack pour les dents Fra\u00eecheur Herbes nettoie en profondeur, prot\u00e8ge les dents et gencives, et procure une haleine fra\u00eeche\" \/>\n<meta property=\"og:url\" content=\"https:\/\/vitablanca.ma\/en\/product\/pack-pour-les-dents-fraicheur-herbes\/\" \/>\n<meta property=\"og:site_name\" content=\"Vitablanca.ma &ndash; Sant&eacute;, vitalit&eacute; et bien-&ecirc;tre pour tous les Marocains\" \/>\n<meta property=\"article:publisher\" content=\"https:\/\/www.facebook.com\/profile.php?id=61576678196717\" \/>\n<meta property=\"article:modified_time\" content=\"2026-01-30T00:06:55+00:00\" \/>\n<meta property=\"og:image\" content=\"https:\/\/vitablanca.ma\/wp-content\/uploads\/2025\/07\/18.png\" \/>\n\t<meta property=\"og:image:width\" content=\"1080\" \/>\n\t<meta property=\"og:image:height\" content=\"1080\" \/>\n\t<meta property=\"og:image:type\" content=\"image\/png\" \/>\n<meta name=\"twitter:card\" content=\"summary_large_image\" \/>\n<meta name=\"twitter:label1\" content=\"Est. reading time\" \/>\n\t<meta name=\"twitter:data1\" content=\"2 minutes\" \/>\n<script type=\"application\/ld+json\" class=\"yoast-schema-graph\">{\"@context\":\"https:\\\/\\\/schema.org\",\"@graph\":[{\"@type\":[\"WebPage\",\"ItemPage\"],\"@id\":\"https:\\\/\\\/vitablanca.ma\\\/produit\\\/pack-pour-les-dents-fraicheur-herbes\\\/\",\"url\":\"https:\\\/\\\/vitablanca.ma\\\/produit\\\/pack-pour-les-dents-fraicheur-herbes\\\/\",\"name\":\"Pack pour les dents Fra\u00eecheur herbes - Maroc Prix\",\"isPartOf\":{\"@id\":\"https:\\\/\\\/vitablanca.ma\\\/#website\"},\"primaryImageOfPage\":{\"@id\":\"https:\\\/\\\/vitablanca.ma\\\/produit\\\/pack-pour-les-dents-fraicheur-herbes\\\/#primaryimage\"},\"image\":{\"@id\":\"https:\\\/\\\/vitablanca.ma\\\/produit\\\/pack-pour-les-dents-fraicheur-herbes\\\/#primaryimage\"},\"thumbnailUrl\":\"https:\\\/\\\/vitablanca.ma\\\/wp-content\\\/uploads\\\/2025\\\/07\\\/18.png\",\"datePublished\":\"2025-07-10T18:17:59+00:00\",\"dateModified\":\"2026-01-30T00:06:55+00:00\",\"description\":\"Le Pack pour les dents Fra\u00eecheur Herbes nettoie en profondeur, prot\u00e8ge les dents et gencives, et procure une haleine fra\u00eeche\",\"breadcrumb\":{\"@id\":\"https:\\\/\\\/vitablanca.ma\\\/produit\\\/pack-pour-les-dents-fraicheur-herbes\\\/#breadcrumb\"},\"inLanguage\":\"en-US\",\"potentialAction\":[{\"@type\":\"ReadAction\",\"target\":[\"https:\\\/\\\/vitablanca.ma\\\/produit\\\/pack-pour-les-dents-fraicheur-herbes\\\/\"]}]},{\"@type\":\"ImageObject\",\"inLanguage\":\"en-US\",\"@id\":\"https:\\\/\\\/vitablanca.ma\\\/produit\\\/pack-pour-les-dents-fraicheur-herbes\\\/#primaryimage\",\"url\":\"https:\\\/\\\/vitablanca.ma\\\/wp-content\\\/uploads\\\/2025\\\/07\\\/18.png\",\"contentUrl\":\"https:\\\/\\\/vitablanca.ma\\\/wp-content\\\/uploads\\\/2025\\\/07\\\/18.png\",\"width\":1080,\"height\":1080},{\"@type\":\"BreadcrumbList\",\"@id\":\"https:\\\/\\\/vitablanca.ma\\\/produit\\\/pack-pour-les-dents-fraicheur-herbes\\\/#breadcrumb\",\"itemListElement\":[{\"@type\":\"ListItem\",\"position\":1,\"name\":\"Home\",\"item\":\"https:\\\/\\\/vitablanca.ma\\\/\"},{\"@type\":\"ListItem\",\"position\":2,\"name\":\"Tous Les Produits\",\"item\":\"https:\\\/\\\/vitablanca.ma\\\/tous-les-produits\\\/\"},{\"@type\":\"ListItem\",\"position\":3,\"name\":\"Pack pour les dents Fra\u00eecheur herbes\"}]},{\"@type\":\"WebSite\",\"@id\":\"https:\\\/\\\/vitablanca.ma\\\/#website\",\"url\":\"https:\\\/\\\/vitablanca.ma\\\/\",\"name\":\"VitaBlanca.ma | Compl\u00e9ments alimentaires, sant\u00e9 & beaut\u00e9 au Maroc\",\"description\":\"vendre vitamines et compl\u00e9ments premium des USA &amp; Canada, Nouvelle Z\u00e9lande,Maroc (NOW Foods, Solgar, Manuka). Livraison rapide partout au Maroc.\",\"publisher\":{\"@id\":\"https:\\\/\\\/vitablanca.ma\\\/#organization\"},\"alternateName\":\"VitaBlanca.ma\",\"potentialAction\":[{\"@type\":\"SearchAction\",\"target\":{\"@type\":\"EntryPoint\",\"urlTemplate\":\"https:\\\/\\\/vitablanca.ma\\\/?s={search_term_string}\"},\"query-input\":{\"@type\":\"PropertyValueSpecification\",\"valueRequired\":true,\"valueName\":\"search_term_string\"}}],\"inLanguage\":\"en-US\"},{\"@type\":\"Organization\",\"@id\":\"https:\\\/\\\/vitablanca.ma\\\/#organization\",\"name\":\"VitaBlanca\",\"url\":\"https:\\\/\\\/vitablanca.ma\\\/\",\"logo\":{\"@type\":\"ImageObject\",\"inLanguage\":\"en-US\",\"@id\":\"https:\\\/\\\/vitablanca.ma\\\/#\\\/schema\\\/logo\\\/image\\\/\",\"url\":\"https:\\\/\\\/vitablanca.ma\\\/wp-content\\\/uploads\\\/2025\\\/05\\\/cropped-vitablanca.png\",\"contentUrl\":\"https:\\\/\\\/vitablanca.ma\\\/wp-content\\\/uploads\\\/2025\\\/05\\\/cropped-vitablanca.png\",\"width\":360,\"height\":67,\"caption\":\"VitaBlanca\"},\"image\":{\"@id\":\"https:\\\/\\\/vitablanca.ma\\\/#\\\/schema\\\/logo\\\/image\\\/\"},\"sameAs\":[\"https:\\\/\\\/www.facebook.com\\\/profile.php?id=61576678196717\",\"https:\\\/\\\/www.tiktok.com\\\/@vitablanca.ma\",\"https:\\\/\\\/www.instagram.com\\\/vitablanca.ma\\\/\"]}]}<\/script>\n<!-- \/ Yoast SEO plugin. -->","yoast_head_json":{"title":"Herbal Freshness Toothpaste Pack - Morocco Price","description":"Le Pack pour les dents Fra\u00eecheur Herbes nettoie en profondeur, prot\u00e8ge les dents et gencives, et procure une haleine fra\u00eeche","robots":{"index":"index","follow":"follow","max-snippet":"max-snippet:-1","max-image-preview":"max-image-preview:large","max-video-preview":"max-video-preview:-1"},"canonical":"https:\/\/vitablanca.ma\/en\/product\/pack-pour-les-dents-fraicheur-herbes\/","og_locale":"en_US","og_type":"article","og_title":"Pack pour les dents Fra\u00eecheur herbes - Maroc Prix","og_description":"Le Pack pour les dents Fra\u00eecheur Herbes nettoie en profondeur, prot\u00e8ge les dents et gencives, et procure une haleine fra\u00eeche","og_url":"https:\/\/vitablanca.ma\/en\/product\/pack-pour-les-dents-fraicheur-herbes\/","og_site_name":"Vitablanca.ma &ndash; Sant&eacute;, vitalit&eacute; et bien-&ecirc;tre pour tous les Marocains","article_publisher":"https:\/\/www.facebook.com\/profile.php?id=61576678196717","article_modified_time":"2026-01-30T00:06:55+00:00","og_image":[{"width":1080,"height":1080,"url":"https:\/\/vitablanca.ma\/wp-content\/uploads\/2025\/07\/18.png","type":"image\/png"}],"twitter_card":"summary_large_image","twitter_misc":{"Est. reading time":"2 minutes"},"schema":{"@context":"https:\/\/schema.org","@graph":[{"@type":["WebPage","ItemPage"],"@id":"https:\/\/vitablanca.ma\/produit\/pack-pour-les-dents-fraicheur-herbes\/","url":"https:\/\/vitablanca.ma\/produit\/pack-pour-les-dents-fraicheur-herbes\/","name":"Herbal Freshness Toothpaste Pack - Morocco Price","isPartOf":{"@id":"https:\/\/vitablanca.ma\/#website"},"primaryImageOfPage":{"@id":"https:\/\/vitablanca.ma\/produit\/pack-pour-les-dents-fraicheur-herbes\/#primaryimage"},"image":{"@id":"https:\/\/vitablanca.ma\/produit\/pack-pour-les-dents-fraicheur-herbes\/#primaryimage"},"thumbnailUrl":"https:\/\/vitablanca.ma\/wp-content\/uploads\/2025\/07\/18.png","datePublished":"2025-07-10T18:17:59+00:00","dateModified":"2026-01-30T00:06:55+00:00","description":"Le Pack pour les dents Fra\u00eecheur Herbes nettoie en profondeur, prot\u00e8ge les dents et gencives, et procure une haleine fra\u00eeche","breadcrumb":{"@id":"https:\/\/vitablanca.ma\/produit\/pack-pour-les-dents-fraicheur-herbes\/#breadcrumb"},"inLanguage":"en-US","potentialAction":[{"@type":"ReadAction","target":["https:\/\/vitablanca.ma\/produit\/pack-pour-les-dents-fraicheur-herbes\/"]}]},{"@type":"ImageObject","inLanguage":"en-US","@id":"https:\/\/vitablanca.ma\/produit\/pack-pour-les-dents-fraicheur-herbes\/#primaryimage","url":"https:\/\/vitablanca.ma\/wp-content\/uploads\/2025\/07\/18.png","contentUrl":"https:\/\/vitablanca.ma\/wp-content\/uploads\/2025\/07\/18.png","width":1080,"height":1080},{"@type":"BreadcrumbList","@id":"https:\/\/vitablanca.ma\/produit\/pack-pour-les-dents-fraicheur-herbes\/#breadcrumb","itemListElement":[{"@type":"ListItem","position":1,"name":"Home","item":"https:\/\/vitablanca.ma\/"},{"@type":"ListItem","position":2,"name":"Tous Les Produits","item":"https:\/\/vitablanca.ma\/tous-les-produits\/"},{"@type":"ListItem","position":3,"name":"Pack pour les dents Fra\u00eecheur herbes"}]},{"@type":"WebSite","@id":"https:\/\/vitablanca.ma\/#website","url":"https:\/\/vitablanca.ma\/","name":"VitaBlanca.ma | Food supplements, health &amp; beauty in Morocco","description":"sell premium vitamins and supplements from USA &amp; Canada, New Zealand, Morocco (NOW Foods, Solgar, Manuka). Fast delivery anywhere in Morocco.","publisher":{"@id":"https:\/\/vitablanca.ma\/#organization"},"alternateName":"VitaBlanca.ma","potentialAction":[{"@type":"SearchAction","target":{"@type":"EntryPoint","urlTemplate":"https:\/\/vitablanca.ma\/?s={search_term_string}"},"query-input":{"@type":"PropertyValueSpecification","valueRequired":true,"valueName":"search_term_string"}}],"inLanguage":"en-US"},{"@type":"Organization","@id":"https:\/\/vitablanca.ma\/#organization","name":"VitaBlanca","url":"https:\/\/vitablanca.ma\/","logo":{"@type":"ImageObject","inLanguage":"en-US","@id":"https:\/\/vitablanca.ma\/#\/schema\/logo\/image\/","url":"https:\/\/vitablanca.ma\/wp-content\/uploads\/2025\/05\/cropped-vitablanca.png","contentUrl":"https:\/\/vitablanca.ma\/wp-content\/uploads\/2025\/05\/cropped-vitablanca.png","width":360,"height":67,"caption":"VitaBlanca"},"image":{"@id":"https:\/\/vitablanca.ma\/#\/schema\/logo\/image\/"},"sameAs":["https:\/\/www.facebook.com\/profile.php?id=61576678196717","https:\/\/www.tiktok.com\/@vitablanca.ma","https:\/\/www.instagram.com\/vitablanca.ma\/"]}]}},"jetpack_sharing_enabled":true,"_links":{"self":[{"href":"https:\/\/vitablanca.ma\/en\/wp-json\/wp\/v2\/product\/23628","targetHints":{"allow":["GET"]}}],"collection":[{"href":"https:\/\/vitablanca.ma\/en\/wp-json\/wp\/v2\/product"}],"about":[{"href":"https:\/\/vitablanca.ma\/en\/wp-json\/wp\/v2\/types\/product"}],"wp:featuredmedia":[{"embeddable":true,"href":"https:\/\/vitablanca.ma\/en\/wp-json\/wp\/v2\/media\/23624"}],"wp:attachment":[{"href":"https:\/\/vitablanca.ma\/en\/wp-json\/wp\/v2\/media?parent=23628"}],"wp:term":[{"taxonomy":"product_brand","embeddable":true,"href":"https:\/\/vitablanca.ma\/en\/wp-json\/wp\/v2\/product_brand?post=23628"},{"taxonomy":"product_cat","embeddable":true,"href":"https:\/\/vitablanca.ma\/en\/wp-json\/wp\/v2\/product_cat?post=23628"},{"taxonomy":"product_tag","embeddable":true,"href":"https:\/\/vitablanca.ma\/en\/wp-json\/wp\/v2\/product_tag?post=23628"}],"curies":[{"name":"wp","href":"https:\/\/api.w.org\/{rel}","templated":true}]}}