{"id":23601,"date":"2025-07-10T18:16:24","date_gmt":"2025-07-10T18:16:24","guid":{"rendered":"https:\/\/vitablanca.ma\/product\/balea-deodorant-anti-transpirant-5in1-protection\/"},"modified":"2026-01-30T00:32:43","modified_gmt":"2026-01-30T00:32:43","slug":"balea-deodorant-anti-transpirant-5in1-protection","status":"publish","type":"product","link":"https:\/\/vitablanca.ma\/en\/product\/balea-deodorant-anti-transpirant-5in1-protection\/","title":{"rendered":"Balea \u2013 5in1 Protection Antiperspirant Deodorant"},"content":{"rendered":"<h3>\ud83d\udca7 <strong data-start=\"994\" data-end=\"1060\">5 in 1 \u2013 For those who want everything\u2026 without compromise<\/strong><\/h3>\n<ul>\n<li>Skin type: Normal<\/li>\n<li>Alcohol-free, Colorant-free, Paraben-free, Paraffin\/mineral oil-free, Vegan<\/li>\n<li>Jusqu\u2019\u00e0 48 heures de fra\u00eecheur<\/li>\n<li>Fruity and floral fragrance<\/li>\n<li>Effective protection against body odor<\/li>\n<li>Gentle skin care<\/li>\n<li>Leaves no white residue or yellow stains<\/li>\n<li>200 ml<\/li>\n<\/ul>\n<h4><strong><span style=\"font-size: 11pt; line-height: 106%; font-family: 'Segoe UI Emoji', sans-serif;\">\ud83d\udccc<\/span><span lang=\"EN-US\" style=\"font-size: 11pt; line-height: 106%; font-family: Arial, sans-serif;\"> Product Description<\/span><\/strong><\/h4>\n<p>Le D\u00e9odorant Anti-Transpirant Spray 5in1 Protection de Balea offre une sensation de s\u00e9curit\u00e9 et de soin total de la peau sous les aisselles. Le spray ne laisse pas de r\u00e9sidus blancs ou de taches jaunes sur les v\u00eatements. La protection efficace agit jusqu\u2019\u00e0 48 heures. Le d\u00e9odorant est donc le compagnon id\u00e9al pour la journ\u00e9e.<\/p>","protected":false},"excerpt":{"rendered":"<p>\ud83d\udca7 5 en 1 \u2013 Pour celles et ceux qui veulent tout\u2026 sans compromis Type de peau: Normale Sans alcool, Sans colorant, Sans parab\u00e8ne, Sans paraffine \/ huiles min\u00e9rales, Vegan Jusqu\u2019\u00e0 48 heures de fra\u00eecheur Parfum fruit\u00e9 et floral Protection efficace contre les odeurs corporelles Soin doux pour la peau Ne laisse pas de r\u00e9sidus [&hellip;]<\/p>\n","protected":false},"featured_media":23599,"template":"","meta":{"om_disable_all_campaigns":false},"product_brand":[3236],"product_cat":[18],"product_tag":[6169,3237,3240,3238,3239,6724,6720,6725,6723,3241,6170,6721,6722,6392],"class_list":{"0":"post-23601","1":"product","2":"type-product","3":"status-publish","4":"has-post-thumbnail","6":"product_brand-balea-dm-prix-maroc","7":"product_cat-beaute-sante","8":"product_tag-anti-transpirant","9":"product_tag-balea","10":"product_tag-balea-dm","11":"product_tag-balea-maroc","12":"product_tag-balea-morocco","13":"product_tag-confort-aisselles","14":"product_tag-deodorant-5in1","15":"product_tag-deodorant-balea","16":"product_tag-deodorant-efficace","17":"product_tag-dm-maroc","18":"product_tag-fraicheur-longue-duree","19":"product_tag-protection-aisselles","20":"product_tag-soin-peau","21":"product_tag-usage-quotidien","23":"first","24":"instock","25":"taxable","26":"shipping-taxable","27":"purchasable","28":"product-type-simple"},"yoast_head":"<!-- This site is optimized with the Yoast SEO plugin v27.5 - https:\/\/yoast.com\/product\/yoast-seo-wordpress\/ -->\n<title>Balea D\u00e9odorant Anti-Transpirant 5in1 Protection - Maroc Prix<\/title>\n<meta name=\"description\" content=\"Le D\u00e9odorant Anti-Transpirant Balea 5in1 Protection offre 5 actions en 1 : protection contre les odeurs, r\u00e9gulation de la transpiration,\" \/>\n<meta name=\"robots\" content=\"index, follow, max-snippet:-1, max-image-preview:large, max-video-preview:-1\" \/>\n<link rel=\"canonical\" href=\"https:\/\/vitablanca.ma\/en\/product\/balea-deodorant-anti-transpirant-5in1-protection\/\" \/>\n<meta property=\"og:locale\" content=\"en_US\" \/>\n<meta property=\"og:type\" content=\"article\" \/>\n<meta property=\"og:title\" content=\"Balea D\u00e9odorant Anti-Transpirant 5in1 Protection - Maroc Prix\" \/>\n<meta property=\"og:description\" content=\"Le D\u00e9odorant Anti-Transpirant Balea 5in1 Protection offre 5 actions en 1 : protection contre les odeurs, r\u00e9gulation de la transpiration,\" \/>\n<meta property=\"og:url\" content=\"https:\/\/vitablanca.ma\/en\/product\/balea-deodorant-anti-transpirant-5in1-protection\/\" \/>\n<meta property=\"og:site_name\" content=\"Vitablanca.ma &ndash; Sant&eacute;, vitalit&eacute; et bien-&ecirc;tre pour tous les Marocains\" \/>\n<meta property=\"article:publisher\" content=\"https:\/\/www.facebook.com\/profile.php?id=61576678196717\" \/>\n<meta property=\"article:modified_time\" content=\"2026-01-30T00:32:43+00:00\" \/>\n<meta property=\"og:image\" content=\"https:\/\/vitablanca.ma\/wp-content\/uploads\/2025\/07\/balea-deo-spray-antitranspi1rant-5in1-protection_7c609c2f-80bb-47e4-ae8b-1c2a28b9623d.jpg\" \/>\n\t<meta property=\"og:image:width\" content=\"1202\" \/>\n\t<meta property=\"og:image:height\" content=\"1200\" \/>\n\t<meta property=\"og:image:type\" content=\"image\/jpeg\" \/>\n<meta name=\"twitter:card\" content=\"summary_large_image\" \/>\n<meta name=\"twitter:label1\" content=\"Est. reading time\" \/>\n\t<meta name=\"twitter:data1\" content=\"1 minute\" \/>\n<script type=\"application\/ld+json\" class=\"yoast-schema-graph\">{\"@context\":\"https:\\\/\\\/schema.org\",\"@graph\":[{\"@type\":[\"WebPage\",\"ItemPage\"],\"@id\":\"https:\\\/\\\/vitablanca.ma\\\/produit\\\/balea-deodorant-anti-transpirant-5in1-protection\\\/\",\"url\":\"https:\\\/\\\/vitablanca.ma\\\/produit\\\/balea-deodorant-anti-transpirant-5in1-protection\\\/\",\"name\":\"Balea D\u00e9odorant Anti-Transpirant 5in1 Protection - Maroc Prix\",\"isPartOf\":{\"@id\":\"https:\\\/\\\/vitablanca.ma\\\/#website\"},\"primaryImageOfPage\":{\"@id\":\"https:\\\/\\\/vitablanca.ma\\\/produit\\\/balea-deodorant-anti-transpirant-5in1-protection\\\/#primaryimage\"},\"image\":{\"@id\":\"https:\\\/\\\/vitablanca.ma\\\/produit\\\/balea-deodorant-anti-transpirant-5in1-protection\\\/#primaryimage\"},\"thumbnailUrl\":\"https:\\\/\\\/vitablanca.ma\\\/wp-content\\\/uploads\\\/2025\\\/07\\\/balea-deo-spray-antitranspi1rant-5in1-protection_7c609c2f-80bb-47e4-ae8b-1c2a28b9623d.jpg\",\"datePublished\":\"2025-07-10T18:16:24+00:00\",\"dateModified\":\"2026-01-30T00:32:43+00:00\",\"description\":\"Le D\u00e9odorant Anti-Transpirant Balea 5in1 Protection offre 5 actions en 1 : protection contre les odeurs, r\u00e9gulation de la transpiration,\",\"breadcrumb\":{\"@id\":\"https:\\\/\\\/vitablanca.ma\\\/produit\\\/balea-deodorant-anti-transpirant-5in1-protection\\\/#breadcrumb\"},\"inLanguage\":\"en-US\",\"potentialAction\":[{\"@type\":\"ReadAction\",\"target\":[\"https:\\\/\\\/vitablanca.ma\\\/produit\\\/balea-deodorant-anti-transpirant-5in1-protection\\\/\"]}]},{\"@type\":\"ImageObject\",\"inLanguage\":\"en-US\",\"@id\":\"https:\\\/\\\/vitablanca.ma\\\/produit\\\/balea-deodorant-anti-transpirant-5in1-protection\\\/#primaryimage\",\"url\":\"https:\\\/\\\/vitablanca.ma\\\/wp-content\\\/uploads\\\/2025\\\/07\\\/balea-deo-spray-antitranspi1rant-5in1-protection_7c609c2f-80bb-47e4-ae8b-1c2a28b9623d.jpg\",\"contentUrl\":\"https:\\\/\\\/vitablanca.ma\\\/wp-content\\\/uploads\\\/2025\\\/07\\\/balea-deo-spray-antitranspi1rant-5in1-protection_7c609c2f-80bb-47e4-ae8b-1c2a28b9623d.jpg\",\"width\":1202,\"height\":1200},{\"@type\":\"BreadcrumbList\",\"@id\":\"https:\\\/\\\/vitablanca.ma\\\/produit\\\/balea-deodorant-anti-transpirant-5in1-protection\\\/#breadcrumb\",\"itemListElement\":[{\"@type\":\"ListItem\",\"position\":1,\"name\":\"Home\",\"item\":\"https:\\\/\\\/vitablanca.ma\\\/\"},{\"@type\":\"ListItem\",\"position\":2,\"name\":\"Tous Les Produits\",\"item\":\"https:\\\/\\\/vitablanca.ma\\\/tous-les-produits\\\/\"},{\"@type\":\"ListItem\",\"position\":3,\"name\":\"Balea &#8211; D\u00e9odorant anti-transpirant 5in1 Protection\"}]},{\"@type\":\"WebSite\",\"@id\":\"https:\\\/\\\/vitablanca.ma\\\/#website\",\"url\":\"https:\\\/\\\/vitablanca.ma\\\/\",\"name\":\"VitaBlanca.ma | Compl\u00e9ments alimentaires, sant\u00e9 & beaut\u00e9 au Maroc\",\"description\":\"vendre vitamines et compl\u00e9ments premium des USA &amp; Canada, Nouvelle Z\u00e9lande,Maroc (NOW Foods, Solgar, Manuka). Livraison rapide partout au Maroc.\",\"publisher\":{\"@id\":\"https:\\\/\\\/vitablanca.ma\\\/#organization\"},\"alternateName\":\"VitaBlanca.ma\",\"potentialAction\":[{\"@type\":\"SearchAction\",\"target\":{\"@type\":\"EntryPoint\",\"urlTemplate\":\"https:\\\/\\\/vitablanca.ma\\\/?s={search_term_string}\"},\"query-input\":{\"@type\":\"PropertyValueSpecification\",\"valueRequired\":true,\"valueName\":\"search_term_string\"}}],\"inLanguage\":\"en-US\"},{\"@type\":\"Organization\",\"@id\":\"https:\\\/\\\/vitablanca.ma\\\/#organization\",\"name\":\"VitaBlanca\",\"url\":\"https:\\\/\\\/vitablanca.ma\\\/\",\"logo\":{\"@type\":\"ImageObject\",\"inLanguage\":\"en-US\",\"@id\":\"https:\\\/\\\/vitablanca.ma\\\/#\\\/schema\\\/logo\\\/image\\\/\",\"url\":\"https:\\\/\\\/vitablanca.ma\\\/wp-content\\\/uploads\\\/2025\\\/05\\\/cropped-vitablanca.png\",\"contentUrl\":\"https:\\\/\\\/vitablanca.ma\\\/wp-content\\\/uploads\\\/2025\\\/05\\\/cropped-vitablanca.png\",\"width\":360,\"height\":67,\"caption\":\"VitaBlanca\"},\"image\":{\"@id\":\"https:\\\/\\\/vitablanca.ma\\\/#\\\/schema\\\/logo\\\/image\\\/\"},\"sameAs\":[\"https:\\\/\\\/www.facebook.com\\\/profile.php?id=61576678196717\",\"https:\\\/\\\/www.tiktok.com\\\/@vitablanca.ma\",\"https:\\\/\\\/www.instagram.com\\\/vitablanca.ma\\\/\"]}]}<\/script>\n<!-- \/ Yoast SEO plugin. -->","yoast_head_json":{"title":"Balea D\u00e9odorant Anti-Transpirant 5in1 Protection - Maroc Prix","description":"Le D\u00e9odorant Anti-Transpirant Balea 5in1 Protection offre 5 actions en 1 : protection contre les odeurs, r\u00e9gulation de la transpiration,","robots":{"index":"index","follow":"follow","max-snippet":"max-snippet:-1","max-image-preview":"max-image-preview:large","max-video-preview":"max-video-preview:-1"},"canonical":"https:\/\/vitablanca.ma\/en\/product\/balea-deodorant-anti-transpirant-5in1-protection\/","og_locale":"en_US","og_type":"article","og_title":"Balea D\u00e9odorant Anti-Transpirant 5in1 Protection - Maroc Prix","og_description":"Le D\u00e9odorant Anti-Transpirant Balea 5in1 Protection offre 5 actions en 1 : protection contre les odeurs, r\u00e9gulation de la transpiration,","og_url":"https:\/\/vitablanca.ma\/en\/product\/balea-deodorant-anti-transpirant-5in1-protection\/","og_site_name":"Vitablanca.ma &ndash; Sant&eacute;, vitalit&eacute; et bien-&ecirc;tre pour tous les Marocains","article_publisher":"https:\/\/www.facebook.com\/profile.php?id=61576678196717","article_modified_time":"2026-01-30T00:32:43+00:00","og_image":[{"width":1202,"height":1200,"url":"https:\/\/vitablanca.ma\/wp-content\/uploads\/2025\/07\/balea-deo-spray-antitranspi1rant-5in1-protection_7c609c2f-80bb-47e4-ae8b-1c2a28b9623d.jpg","type":"image\/jpeg"}],"twitter_card":"summary_large_image","twitter_misc":{"Est. reading time":"1 minute"},"schema":{"@context":"https:\/\/schema.org","@graph":[{"@type":["WebPage","ItemPage"],"@id":"https:\/\/vitablanca.ma\/produit\/balea-deodorant-anti-transpirant-5in1-protection\/","url":"https:\/\/vitablanca.ma\/produit\/balea-deodorant-anti-transpirant-5in1-protection\/","name":"Balea D\u00e9odorant Anti-Transpirant 5in1 Protection - Maroc Prix","isPartOf":{"@id":"https:\/\/vitablanca.ma\/#website"},"primaryImageOfPage":{"@id":"https:\/\/vitablanca.ma\/produit\/balea-deodorant-anti-transpirant-5in1-protection\/#primaryimage"},"image":{"@id":"https:\/\/vitablanca.ma\/produit\/balea-deodorant-anti-transpirant-5in1-protection\/#primaryimage"},"thumbnailUrl":"https:\/\/vitablanca.ma\/wp-content\/uploads\/2025\/07\/balea-deo-spray-antitranspi1rant-5in1-protection_7c609c2f-80bb-47e4-ae8b-1c2a28b9623d.jpg","datePublished":"2025-07-10T18:16:24+00:00","dateModified":"2026-01-30T00:32:43+00:00","description":"Le D\u00e9odorant Anti-Transpirant Balea 5in1 Protection offre 5 actions en 1 : protection contre les odeurs, r\u00e9gulation de la transpiration,","breadcrumb":{"@id":"https:\/\/vitablanca.ma\/produit\/balea-deodorant-anti-transpirant-5in1-protection\/#breadcrumb"},"inLanguage":"en-US","potentialAction":[{"@type":"ReadAction","target":["https:\/\/vitablanca.ma\/produit\/balea-deodorant-anti-transpirant-5in1-protection\/"]}]},{"@type":"ImageObject","inLanguage":"en-US","@id":"https:\/\/vitablanca.ma\/produit\/balea-deodorant-anti-transpirant-5in1-protection\/#primaryimage","url":"https:\/\/vitablanca.ma\/wp-content\/uploads\/2025\/07\/balea-deo-spray-antitranspi1rant-5in1-protection_7c609c2f-80bb-47e4-ae8b-1c2a28b9623d.jpg","contentUrl":"https:\/\/vitablanca.ma\/wp-content\/uploads\/2025\/07\/balea-deo-spray-antitranspi1rant-5in1-protection_7c609c2f-80bb-47e4-ae8b-1c2a28b9623d.jpg","width":1202,"height":1200},{"@type":"BreadcrumbList","@id":"https:\/\/vitablanca.ma\/produit\/balea-deodorant-anti-transpirant-5in1-protection\/#breadcrumb","itemListElement":[{"@type":"ListItem","position":1,"name":"Home","item":"https:\/\/vitablanca.ma\/"},{"@type":"ListItem","position":2,"name":"Tous Les Produits","item":"https:\/\/vitablanca.ma\/tous-les-produits\/"},{"@type":"ListItem","position":3,"name":"Balea &#8211; D\u00e9odorant anti-transpirant 5in1 Protection"}]},{"@type":"WebSite","@id":"https:\/\/vitablanca.ma\/#website","url":"https:\/\/vitablanca.ma\/","name":"VitaBlanca.ma | Food supplements, health &amp; beauty in Morocco","description":"sell premium vitamins and supplements from USA &amp; Canada, New Zealand, Morocco (NOW Foods, Solgar, Manuka). Fast delivery anywhere in Morocco.","publisher":{"@id":"https:\/\/vitablanca.ma\/#organization"},"alternateName":"VitaBlanca.ma","potentialAction":[{"@type":"SearchAction","target":{"@type":"EntryPoint","urlTemplate":"https:\/\/vitablanca.ma\/?s={search_term_string}"},"query-input":{"@type":"PropertyValueSpecification","valueRequired":true,"valueName":"search_term_string"}}],"inLanguage":"en-US"},{"@type":"Organization","@id":"https:\/\/vitablanca.ma\/#organization","name":"VitaBlanca","url":"https:\/\/vitablanca.ma\/","logo":{"@type":"ImageObject","inLanguage":"en-US","@id":"https:\/\/vitablanca.ma\/#\/schema\/logo\/image\/","url":"https:\/\/vitablanca.ma\/wp-content\/uploads\/2025\/05\/cropped-vitablanca.png","contentUrl":"https:\/\/vitablanca.ma\/wp-content\/uploads\/2025\/05\/cropped-vitablanca.png","width":360,"height":67,"caption":"VitaBlanca"},"image":{"@id":"https:\/\/vitablanca.ma\/#\/schema\/logo\/image\/"},"sameAs":["https:\/\/www.facebook.com\/profile.php?id=61576678196717","https:\/\/www.tiktok.com\/@vitablanca.ma","https:\/\/www.instagram.com\/vitablanca.ma\/"]}]}},"jetpack_sharing_enabled":true,"_links":{"self":[{"href":"https:\/\/vitablanca.ma\/en\/wp-json\/wp\/v2\/product\/23601","targetHints":{"allow":["GET"]}}],"collection":[{"href":"https:\/\/vitablanca.ma\/en\/wp-json\/wp\/v2\/product"}],"about":[{"href":"https:\/\/vitablanca.ma\/en\/wp-json\/wp\/v2\/types\/product"}],"wp:featuredmedia":[{"embeddable":true,"href":"https:\/\/vitablanca.ma\/en\/wp-json\/wp\/v2\/media\/23599"}],"wp:attachment":[{"href":"https:\/\/vitablanca.ma\/en\/wp-json\/wp\/v2\/media?parent=23601"}],"wp:term":[{"taxonomy":"product_brand","embeddable":true,"href":"https:\/\/vitablanca.ma\/en\/wp-json\/wp\/v2\/product_brand?post=23601"},{"taxonomy":"product_cat","embeddable":true,"href":"https:\/\/vitablanca.ma\/en\/wp-json\/wp\/v2\/product_cat?post=23601"},{"taxonomy":"product_tag","embeddable":true,"href":"https:\/\/vitablanca.ma\/en\/wp-json\/wp\/v2\/product_tag?post=23601"}],"curies":[{"name":"wp","href":"https:\/\/api.w.org\/{rel}","templated":true}]}}