{"id":23538,"date":"2025-07-10T18:13:59","date_gmt":"2025-07-10T18:13:59","guid":{"rendered":"https:\/\/vitablanca.ma\/product\/balea-deodorant-parfum-pink-blossom\/"},"modified":"2026-01-30T02:05:13","modified_gmt":"2026-01-30T02:05:13","slug":"balea-deodorant-parfum-pink-blossom","status":"publish","type":"product","link":"https:\/\/vitablanca.ma\/en\/product\/balea-deodorant-parfum-pink-blossom\/","title":{"rendered":"Balea \u2013 Pink Blossom Perfume Deodorant"},"content":{"rendered":"<h3>\ud83c\udf3aPink Blossom \u2013 The floral touch that follows you everywhere.<\/h3>\n<ul>\n<li>Sans sels d\u2019aluminium, Sans colorants, Sans conservateurs, Sans nanoparticules, Sans parab\u00e8nes, Sans paraffine \/ huiles min\u00e9rales, Sans huile \/ sans graisse, Vegan<\/li>\n<li>Spray deodorant with a fresh floral scent<\/li>\n<li>Jusqu\u2019\u00e0 24 heures de protection d\u00e9odorante<\/li>\n<li>Leaves no white residue<\/li>\n<li>Aluminum free<\/li>\n<li>150 ml<\/li>\n<\/ul>\n<h4><strong><span style=\"font-size: 11pt; line-height: 106%; font-family: 'Segoe UI Emoji', sans-serif;\">\ud83d\udccc<\/span><span lang=\"EN-US\" style=\"font-size: 11pt; line-height: 106%; font-family: Arial, sans-serif;\"> Product Description<\/span><\/strong><\/h4>\n<p>Une exp\u00e9rience olfactive fabuleuse et une tenue particuli\u00e8rement longue \u2013 c\u2019est ainsi que le d\u00e9odorant Pink Blossom de Balea enthousiasme chaque c\u0153ur. Ce d\u00e9odorant vous g\u00e2te avec son parfum ludique et vari\u00e9 de fleurs fra\u00eeches et de vanille douce. En m\u00eame temps, la formule v\u00e9g\u00e9talienne offre une protection qui accompagne jusqu\u2019\u00e0 24 heures durant la journ\u00e9e. Mais le d\u00e9odorant ne marque pas seulement des points avec son parfum de r\u00eave. Il ne laisse aucun r\u00e9sidu blanc lorsqu\u2019il est vaporis\u00e9 \u2013 ni sur la peau ni sur les v\u00eatements.<\/p>\n<p>\u00a0<\/p>","protected":false},"excerpt":{"rendered":"<p>\ud83c\udf3aPink Blossom \u2013 La touche florale qui vous suit partout. Sans sels d\u2019aluminium, Sans colorants, Sans conservateurs, Sans nanoparticules, Sans parab\u00e8nes, Sans paraffine \/ huiles min\u00e9rales, Sans huile \/ sans graisse, Vegan D\u00e9odorant en spray avec un parfum frais de fleurs Jusqu\u2019\u00e0 24 heures de protection d\u00e9odorante Ne laisse pas de r\u00e9sidus blancs Sans aluminium [&hellip;]<\/p>\n","protected":false},"featured_media":23536,"template":"","meta":{"om_disable_all_campaigns":false},"product_brand":[3236],"product_cat":[18],"product_tag":[3237,3240,3238,3239,6307,6385,6663,3241,6170,6755,6765,6718,6391,6392],"class_list":{"0":"post-23538","1":"product","2":"type-product","3":"status-publish","4":"has-post-thumbnail","6":"product_brand-balea-dm-prix-maroc","7":"product_cat-beaute-sante","8":"product_tag-balea","9":"product_tag-balea-dm","10":"product_tag-balea-maroc","11":"product_tag-balea-morocco","12":"product_tag-confort-peau","13":"product_tag-deodorant","14":"product_tag-deodorant-spray","15":"product_tag-dm-maroc","16":"product_tag-fraicheur-longue-duree","17":"product_tag-parfum-floral","18":"product_tag-pink-blossom","19":"product_tag-protection-anti-odeur","20":"product_tag-soin-aisselles","21":"product_tag-usage-quotidien","23":"first","24":"instock","25":"taxable","26":"shipping-taxable","27":"purchasable","28":"product-type-simple"},"yoast_head":"<!-- This site is optimized with the Yoast SEO plugin v27.5 - https:\/\/yoast.com\/product\/yoast-seo-wordpress\/ -->\n<title>Balea D\u00e9odorant Parfum Pink Blossom - Maroc Prix<\/title>\n<meta name=\"description\" content=\"Le D\u00e9odorant Balea Pink Blossom offre une protection efficace contre les odeurs, avec un parfum floral doux et f\u00e9minin pour une fra\u00eecheur longue dur\u00e9e\" \/>\n<meta name=\"robots\" content=\"index, follow, max-snippet:-1, max-image-preview:large, max-video-preview:-1\" \/>\n<link rel=\"canonical\" href=\"https:\/\/vitablanca.ma\/en\/product\/balea-deodorant-parfum-pink-blossom\/\" \/>\n<meta property=\"og:locale\" content=\"en_US\" \/>\n<meta property=\"og:type\" content=\"article\" \/>\n<meta property=\"og:title\" content=\"Balea D\u00e9odorant Parfum Pink Blossom - Maroc Prix\" \/>\n<meta property=\"og:description\" content=\"Le D\u00e9odorant Balea Pink Blossom offre une protection efficace contre les odeurs, avec un parfum floral doux et f\u00e9minin pour une fra\u00eecheur longue dur\u00e9e\" \/>\n<meta property=\"og:url\" content=\"https:\/\/vitablanca.ma\/en\/product\/balea-deodorant-parfum-pink-blossom\/\" \/>\n<meta property=\"og:site_name\" content=\"Vitablanca.ma &ndash; Sant&eacute;, vitalit&eacute; et bien-&ecirc;tre pour tous les Marocains\" \/>\n<meta property=\"article:publisher\" content=\"https:\/\/www.facebook.com\/profile.php?id=61576678196717\" \/>\n<meta property=\"article:modified_time\" content=\"2026-01-30T02:05:13+00:00\" \/>\n<meta property=\"og:image\" content=\"https:\/\/vitablanca.ma\/wp-content\/uploads\/2025\/07\/balea-deospray-parfum-pink-blossom.jpg\" \/>\n\t<meta property=\"og:image:width\" content=\"1202\" \/>\n\t<meta property=\"og:image:height\" content=\"1200\" \/>\n\t<meta property=\"og:image:type\" content=\"image\/jpeg\" \/>\n<meta name=\"twitter:card\" content=\"summary_large_image\" \/>\n<meta name=\"twitter:label1\" content=\"Est. reading time\" \/>\n\t<meta name=\"twitter:data1\" content=\"1 minute\" \/>\n<script type=\"application\/ld+json\" class=\"yoast-schema-graph\">{\"@context\":\"https:\\\/\\\/schema.org\",\"@graph\":[{\"@type\":[\"WebPage\",\"ItemPage\"],\"@id\":\"https:\\\/\\\/vitablanca.ma\\\/produit\\\/balea-deodorant-parfum-pink-blossom\\\/\",\"url\":\"https:\\\/\\\/vitablanca.ma\\\/produit\\\/balea-deodorant-parfum-pink-blossom\\\/\",\"name\":\"Balea D\u00e9odorant Parfum Pink Blossom - Maroc Prix\",\"isPartOf\":{\"@id\":\"https:\\\/\\\/vitablanca.ma\\\/#website\"},\"primaryImageOfPage\":{\"@id\":\"https:\\\/\\\/vitablanca.ma\\\/produit\\\/balea-deodorant-parfum-pink-blossom\\\/#primaryimage\"},\"image\":{\"@id\":\"https:\\\/\\\/vitablanca.ma\\\/produit\\\/balea-deodorant-parfum-pink-blossom\\\/#primaryimage\"},\"thumbnailUrl\":\"https:\\\/\\\/vitablanca.ma\\\/wp-content\\\/uploads\\\/2025\\\/07\\\/balea-deospray-parfum-pink-blossom.jpg\",\"datePublished\":\"2025-07-10T18:13:59+00:00\",\"dateModified\":\"2026-01-30T02:05:13+00:00\",\"description\":\"Le D\u00e9odorant Balea Pink Blossom offre une protection efficace contre les odeurs, avec un parfum floral doux et f\u00e9minin pour une fra\u00eecheur longue dur\u00e9e\",\"breadcrumb\":{\"@id\":\"https:\\\/\\\/vitablanca.ma\\\/produit\\\/balea-deodorant-parfum-pink-blossom\\\/#breadcrumb\"},\"inLanguage\":\"en-US\",\"potentialAction\":[{\"@type\":\"ReadAction\",\"target\":[\"https:\\\/\\\/vitablanca.ma\\\/produit\\\/balea-deodorant-parfum-pink-blossom\\\/\"]}]},{\"@type\":\"ImageObject\",\"inLanguage\":\"en-US\",\"@id\":\"https:\\\/\\\/vitablanca.ma\\\/produit\\\/balea-deodorant-parfum-pink-blossom\\\/#primaryimage\",\"url\":\"https:\\\/\\\/vitablanca.ma\\\/wp-content\\\/uploads\\\/2025\\\/07\\\/balea-deospray-parfum-pink-blossom.jpg\",\"contentUrl\":\"https:\\\/\\\/vitablanca.ma\\\/wp-content\\\/uploads\\\/2025\\\/07\\\/balea-deospray-parfum-pink-blossom.jpg\",\"width\":1202,\"height\":1200},{\"@type\":\"BreadcrumbList\",\"@id\":\"https:\\\/\\\/vitablanca.ma\\\/produit\\\/balea-deodorant-parfum-pink-blossom\\\/#breadcrumb\",\"itemListElement\":[{\"@type\":\"ListItem\",\"position\":1,\"name\":\"Home\",\"item\":\"https:\\\/\\\/vitablanca.ma\\\/\"},{\"@type\":\"ListItem\",\"position\":2,\"name\":\"Tous Les Produits\",\"item\":\"https:\\\/\\\/vitablanca.ma\\\/tous-les-produits\\\/\"},{\"@type\":\"ListItem\",\"position\":3,\"name\":\"Balea &#8211; D\u00e9odorant Parfum Pink Blossom\"}]},{\"@type\":\"WebSite\",\"@id\":\"https:\\\/\\\/vitablanca.ma\\\/#website\",\"url\":\"https:\\\/\\\/vitablanca.ma\\\/\",\"name\":\"VitaBlanca.ma | Compl\u00e9ments alimentaires, sant\u00e9 & beaut\u00e9 au Maroc\",\"description\":\"vendre vitamines et compl\u00e9ments premium des USA &amp; Canada, Nouvelle Z\u00e9lande,Maroc (NOW Foods, Solgar, Manuka). Livraison rapide partout au Maroc.\",\"publisher\":{\"@id\":\"https:\\\/\\\/vitablanca.ma\\\/#organization\"},\"alternateName\":\"VitaBlanca.ma\",\"potentialAction\":[{\"@type\":\"SearchAction\",\"target\":{\"@type\":\"EntryPoint\",\"urlTemplate\":\"https:\\\/\\\/vitablanca.ma\\\/?s={search_term_string}\"},\"query-input\":{\"@type\":\"PropertyValueSpecification\",\"valueRequired\":true,\"valueName\":\"search_term_string\"}}],\"inLanguage\":\"en-US\"},{\"@type\":\"Organization\",\"@id\":\"https:\\\/\\\/vitablanca.ma\\\/#organization\",\"name\":\"VitaBlanca\",\"url\":\"https:\\\/\\\/vitablanca.ma\\\/\",\"logo\":{\"@type\":\"ImageObject\",\"inLanguage\":\"en-US\",\"@id\":\"https:\\\/\\\/vitablanca.ma\\\/#\\\/schema\\\/logo\\\/image\\\/\",\"url\":\"https:\\\/\\\/vitablanca.ma\\\/wp-content\\\/uploads\\\/2025\\\/05\\\/cropped-vitablanca.png\",\"contentUrl\":\"https:\\\/\\\/vitablanca.ma\\\/wp-content\\\/uploads\\\/2025\\\/05\\\/cropped-vitablanca.png\",\"width\":360,\"height\":67,\"caption\":\"VitaBlanca\"},\"image\":{\"@id\":\"https:\\\/\\\/vitablanca.ma\\\/#\\\/schema\\\/logo\\\/image\\\/\"},\"sameAs\":[\"https:\\\/\\\/www.facebook.com\\\/profile.php?id=61576678196717\",\"https:\\\/\\\/www.tiktok.com\\\/@vitablanca.ma\",\"https:\\\/\\\/www.instagram.com\\\/vitablanca.ma\\\/\"]}]}<\/script>\n<!-- \/ Yoast SEO plugin. -->","yoast_head_json":{"title":"Balea D\u00e9odorant Parfum Pink Blossom - Maroc Prix","description":"Le D\u00e9odorant Balea Pink Blossom offre une protection efficace contre les odeurs, avec un parfum floral doux et f\u00e9minin pour une fra\u00eecheur longue dur\u00e9e","robots":{"index":"index","follow":"follow","max-snippet":"max-snippet:-1","max-image-preview":"max-image-preview:large","max-video-preview":"max-video-preview:-1"},"canonical":"https:\/\/vitablanca.ma\/en\/product\/balea-deodorant-parfum-pink-blossom\/","og_locale":"en_US","og_type":"article","og_title":"Balea D\u00e9odorant Parfum Pink Blossom - Maroc Prix","og_description":"Le D\u00e9odorant Balea Pink Blossom offre une protection efficace contre les odeurs, avec un parfum floral doux et f\u00e9minin pour une fra\u00eecheur longue dur\u00e9e","og_url":"https:\/\/vitablanca.ma\/en\/product\/balea-deodorant-parfum-pink-blossom\/","og_site_name":"Vitablanca.ma &ndash; Sant&eacute;, vitalit&eacute; et bien-&ecirc;tre pour tous les Marocains","article_publisher":"https:\/\/www.facebook.com\/profile.php?id=61576678196717","article_modified_time":"2026-01-30T02:05:13+00:00","og_image":[{"width":1202,"height":1200,"url":"https:\/\/vitablanca.ma\/wp-content\/uploads\/2025\/07\/balea-deospray-parfum-pink-blossom.jpg","type":"image\/jpeg"}],"twitter_card":"summary_large_image","twitter_misc":{"Est. reading time":"1 minute"},"schema":{"@context":"https:\/\/schema.org","@graph":[{"@type":["WebPage","ItemPage"],"@id":"https:\/\/vitablanca.ma\/produit\/balea-deodorant-parfum-pink-blossom\/","url":"https:\/\/vitablanca.ma\/produit\/balea-deodorant-parfum-pink-blossom\/","name":"Balea D\u00e9odorant Parfum Pink Blossom - Maroc Prix","isPartOf":{"@id":"https:\/\/vitablanca.ma\/#website"},"primaryImageOfPage":{"@id":"https:\/\/vitablanca.ma\/produit\/balea-deodorant-parfum-pink-blossom\/#primaryimage"},"image":{"@id":"https:\/\/vitablanca.ma\/produit\/balea-deodorant-parfum-pink-blossom\/#primaryimage"},"thumbnailUrl":"https:\/\/vitablanca.ma\/wp-content\/uploads\/2025\/07\/balea-deospray-parfum-pink-blossom.jpg","datePublished":"2025-07-10T18:13:59+00:00","dateModified":"2026-01-30T02:05:13+00:00","description":"Le D\u00e9odorant Balea Pink Blossom offre une protection efficace contre les odeurs, avec un parfum floral doux et f\u00e9minin pour une fra\u00eecheur longue dur\u00e9e","breadcrumb":{"@id":"https:\/\/vitablanca.ma\/produit\/balea-deodorant-parfum-pink-blossom\/#breadcrumb"},"inLanguage":"en-US","potentialAction":[{"@type":"ReadAction","target":["https:\/\/vitablanca.ma\/produit\/balea-deodorant-parfum-pink-blossom\/"]}]},{"@type":"ImageObject","inLanguage":"en-US","@id":"https:\/\/vitablanca.ma\/produit\/balea-deodorant-parfum-pink-blossom\/#primaryimage","url":"https:\/\/vitablanca.ma\/wp-content\/uploads\/2025\/07\/balea-deospray-parfum-pink-blossom.jpg","contentUrl":"https:\/\/vitablanca.ma\/wp-content\/uploads\/2025\/07\/balea-deospray-parfum-pink-blossom.jpg","width":1202,"height":1200},{"@type":"BreadcrumbList","@id":"https:\/\/vitablanca.ma\/produit\/balea-deodorant-parfum-pink-blossom\/#breadcrumb","itemListElement":[{"@type":"ListItem","position":1,"name":"Home","item":"https:\/\/vitablanca.ma\/"},{"@type":"ListItem","position":2,"name":"Tous Les Produits","item":"https:\/\/vitablanca.ma\/tous-les-produits\/"},{"@type":"ListItem","position":3,"name":"Balea &#8211; D\u00e9odorant Parfum Pink Blossom"}]},{"@type":"WebSite","@id":"https:\/\/vitablanca.ma\/#website","url":"https:\/\/vitablanca.ma\/","name":"VitaBlanca.ma | Food supplements, health &amp; beauty in Morocco","description":"sell premium vitamins and supplements from USA &amp; Canada, New Zealand, Morocco (NOW Foods, Solgar, Manuka). Fast delivery anywhere in Morocco.","publisher":{"@id":"https:\/\/vitablanca.ma\/#organization"},"alternateName":"VitaBlanca.ma","potentialAction":[{"@type":"SearchAction","target":{"@type":"EntryPoint","urlTemplate":"https:\/\/vitablanca.ma\/?s={search_term_string}"},"query-input":{"@type":"PropertyValueSpecification","valueRequired":true,"valueName":"search_term_string"}}],"inLanguage":"en-US"},{"@type":"Organization","@id":"https:\/\/vitablanca.ma\/#organization","name":"VitaBlanca","url":"https:\/\/vitablanca.ma\/","logo":{"@type":"ImageObject","inLanguage":"en-US","@id":"https:\/\/vitablanca.ma\/#\/schema\/logo\/image\/","url":"https:\/\/vitablanca.ma\/wp-content\/uploads\/2025\/05\/cropped-vitablanca.png","contentUrl":"https:\/\/vitablanca.ma\/wp-content\/uploads\/2025\/05\/cropped-vitablanca.png","width":360,"height":67,"caption":"VitaBlanca"},"image":{"@id":"https:\/\/vitablanca.ma\/#\/schema\/logo\/image\/"},"sameAs":["https:\/\/www.facebook.com\/profile.php?id=61576678196717","https:\/\/www.tiktok.com\/@vitablanca.ma","https:\/\/www.instagram.com\/vitablanca.ma\/"]}]}},"jetpack_sharing_enabled":true,"_links":{"self":[{"href":"https:\/\/vitablanca.ma\/en\/wp-json\/wp\/v2\/product\/23538","targetHints":{"allow":["GET"]}}],"collection":[{"href":"https:\/\/vitablanca.ma\/en\/wp-json\/wp\/v2\/product"}],"about":[{"href":"https:\/\/vitablanca.ma\/en\/wp-json\/wp\/v2\/types\/product"}],"wp:featuredmedia":[{"embeddable":true,"href":"https:\/\/vitablanca.ma\/en\/wp-json\/wp\/v2\/media\/23536"}],"wp:attachment":[{"href":"https:\/\/vitablanca.ma\/en\/wp-json\/wp\/v2\/media?parent=23538"}],"wp:term":[{"taxonomy":"product_brand","embeddable":true,"href":"https:\/\/vitablanca.ma\/en\/wp-json\/wp\/v2\/product_brand?post=23538"},{"taxonomy":"product_cat","embeddable":true,"href":"https:\/\/vitablanca.ma\/en\/wp-json\/wp\/v2\/product_cat?post=23538"},{"taxonomy":"product_tag","embeddable":true,"href":"https:\/\/vitablanca.ma\/en\/wp-json\/wp\/v2\/product_tag?post=23538"}],"curies":[{"name":"wp","href":"https:\/\/api.w.org\/{rel}","templated":true}]}}