{"id":23535,"date":"2025-07-10T18:13:52","date_gmt":"2025-07-10T18:13:52","guid":{"rendered":"https:\/\/vitablanca.ma\/product\/balea-men-gel-douche-jungle-green\/"},"modified":"2026-01-30T02:08:12","modified_gmt":"2026-01-30T02:08:12","slug":"balea-men-gel-douche-jungle-green","status":"publish","type":"product","link":"https:\/\/vitablanca.ma\/en\/product\/balea-men-gel-douche-jungle-green\/","title":{"rendered":"Balea MEN \u2013 Jungle Green shower gel"},"content":{"rendered":"<h3>3-in-1 Shower Gel \ud83d\udebf Body \ud83d\udcaa Face \ud83d\ude42 Hair \ud83d\udc87<\/h3>\n<ul>\n<li>Skin type: Normal<\/li>\n<li>Sans alcool, Sans sels d\u2019aluminium, Sans colorants, Sans nanoparticules, Sans parab\u00e8nes, Sans paraffine \/ huiles min\u00e9rales, pH neutre pour la peau, Vegan<\/li>\n<li>3-in-1 shower gel for body, face and hair<\/li>\n<li>With a fruity and woody fragrance<\/li>\n<li>Protects the skin from drying out<\/li>\n<li>Provides a feeling of cared for and refreshed skin<\/li>\n<li>Volume: 300 ml<\/li>\n<\/ul>\n<h4><strong><span style=\"font-size: 11pt; line-height: 104%; font-family: 'Segoe UI Emoji', sans-serif;\">\ud83d\udccc<\/span><span lang=\"EN-US\" style=\"font-size: 11pt; line-height: 104%; font-family: Arial, sans-serif;\"> Product Description<\/span><\/strong><\/h4>\n<p>Un pur rafra\u00eechissement et un parfum unique \u2013 voil\u00e0 ce qui convainc le gel douche 3en1 Jungle Green de Balea MEN. Sa texture convient parfaitement pour nettoyer en profondeur le corps, le visage et les cheveux et laisse un parfum fruit\u00e9 et bois\u00e9 qui envo\u00fbte les sens sous la douche.<\/p>","protected":false},"excerpt":{"rendered":"<p>Gel Douche 3en1 \ud83d\udebf Corps \ud83d\udcaa Visage \ud83d\ude42 Cheveux \ud83d\udc87 Type de peau: Normale Sans alcool, Sans sels d\u2019aluminium, Sans colorants, Sans nanoparticules, Sans parab\u00e8nes, Sans paraffine \/ huiles min\u00e9rales, pH neutre pour la peau, Vegan Gel douche 3en1 pour le corps, le visage et les cheveux Avec un parfum fruit\u00e9 et bois\u00e9 Prot\u00e8ge la [&hellip;]<\/p>\n","protected":false},"featured_media":23532,"template":"","meta":{"om_disable_all_campaigns":false},"product_brand":[3236],"product_cat":[18],"product_tag":[3237,3240,3238,6766,3239,3241,6768,6300,6174,6767,6770,6171,6769,6304,6392],"class_list":{"0":"post-23535","1":"product","2":"type-product","3":"status-publish","4":"has-post-thumbnail","6":"product_brand-balea-dm-prix-maroc","7":"product_cat-beaute-sante","8":"product_tag-balea","9":"product_tag-balea-dm","10":"product_tag-balea-maroc","11":"product_tag-balea-men","12":"product_tag-balea-morocco","13":"product_tag-dm-maroc","14":"product_tag-fraicheur-tonique","15":"product_tag-gel-douche","16":"product_tag-gel-douche-homme","17":"product_tag-jungle-green","18":"product_tag-moment-revitalisant","19":"product_tag-parfum-masculin","20":"product_tag-peau-fraiche","21":"product_tag-soin-corps","22":"product_tag-usage-quotidien","24":"first","25":"instock","26":"taxable","27":"shipping-taxable","28":"purchasable","29":"product-type-simple"},"yoast_head":"<!-- This site is optimized with the Yoast SEO plugin v27.5 - https:\/\/yoast.com\/product\/yoast-seo-wordpress\/ -->\n<title>Balea MEN Gel Douche Jungle Green - Maroc Prix<\/title>\n<meta name=\"description\" content=\"Le Gel Douche Balea MEN Jungle Green nettoie la peau en profondeur et laisse un parfum frais et masculin. Id\u00e9al pour un moment tonique et revitalisant .\" \/>\n<meta name=\"robots\" content=\"index, follow, max-snippet:-1, max-image-preview:large, max-video-preview:-1\" \/>\n<link rel=\"canonical\" href=\"https:\/\/vitablanca.ma\/en\/product\/balea-men-gel-douche-jungle-green\/\" \/>\n<meta property=\"og:locale\" content=\"en_US\" \/>\n<meta property=\"og:type\" content=\"article\" \/>\n<meta property=\"og:title\" content=\"Balea MEN Gel Douche Jungle Green - Maroc Prix\" \/>\n<meta property=\"og:description\" content=\"Le Gel Douche Balea MEN Jungle Green nettoie la peau en profondeur et laisse un parfum frais et masculin. Id\u00e9al pour un moment tonique et revitalisant .\" \/>\n<meta property=\"og:url\" content=\"https:\/\/vitablanca.ma\/en\/product\/balea-men-gel-douche-jungle-green\/\" \/>\n<meta property=\"og:site_name\" content=\"Vitablanca.ma &ndash; Sant&eacute;, vitalit&eacute; et bien-&ecirc;tre pour tous les Marocains\" \/>\n<meta property=\"article:publisher\" content=\"https:\/\/www.facebook.com\/profile.php?id=61576678196717\" \/>\n<meta property=\"article:modified_time\" content=\"2026-01-30T02:08:12+00:00\" \/>\n<meta property=\"og:image\" content=\"https:\/\/vitablanca.ma\/wp-content\/uploads\/2025\/07\/balea-men-duschgel-jungle-green.jpg\" \/>\n\t<meta property=\"og:image:width\" content=\"1202\" \/>\n\t<meta property=\"og:image:height\" content=\"1200\" \/>\n\t<meta property=\"og:image:type\" content=\"image\/jpeg\" \/>\n<meta name=\"twitter:card\" content=\"summary_large_image\" \/>\n<meta name=\"twitter:label1\" content=\"Est. reading time\" \/>\n\t<meta name=\"twitter:data1\" content=\"1 minute\" \/>\n<script type=\"application\/ld+json\" class=\"yoast-schema-graph\">{\"@context\":\"https:\\\/\\\/schema.org\",\"@graph\":[{\"@type\":[\"WebPage\",\"ItemPage\"],\"@id\":\"https:\\\/\\\/vitablanca.ma\\\/produit\\\/balea-men-gel-douche-jungle-green\\\/\",\"url\":\"https:\\\/\\\/vitablanca.ma\\\/produit\\\/balea-men-gel-douche-jungle-green\\\/\",\"name\":\"Balea MEN Gel Douche Jungle Green - Maroc Prix\",\"isPartOf\":{\"@id\":\"https:\\\/\\\/vitablanca.ma\\\/#website\"},\"primaryImageOfPage\":{\"@id\":\"https:\\\/\\\/vitablanca.ma\\\/produit\\\/balea-men-gel-douche-jungle-green\\\/#primaryimage\"},\"image\":{\"@id\":\"https:\\\/\\\/vitablanca.ma\\\/produit\\\/balea-men-gel-douche-jungle-green\\\/#primaryimage\"},\"thumbnailUrl\":\"https:\\\/\\\/vitablanca.ma\\\/wp-content\\\/uploads\\\/2025\\\/07\\\/balea-men-duschgel-jungle-green.jpg\",\"datePublished\":\"2025-07-10T18:13:52+00:00\",\"dateModified\":\"2026-01-30T02:08:12+00:00\",\"description\":\"Le Gel Douche Balea MEN Jungle Green nettoie la peau en profondeur et laisse un parfum frais et masculin. Id\u00e9al pour un moment tonique et revitalisant .\",\"breadcrumb\":{\"@id\":\"https:\\\/\\\/vitablanca.ma\\\/produit\\\/balea-men-gel-douche-jungle-green\\\/#breadcrumb\"},\"inLanguage\":\"en-US\",\"potentialAction\":[{\"@type\":\"ReadAction\",\"target\":[\"https:\\\/\\\/vitablanca.ma\\\/produit\\\/balea-men-gel-douche-jungle-green\\\/\"]}]},{\"@type\":\"ImageObject\",\"inLanguage\":\"en-US\",\"@id\":\"https:\\\/\\\/vitablanca.ma\\\/produit\\\/balea-men-gel-douche-jungle-green\\\/#primaryimage\",\"url\":\"https:\\\/\\\/vitablanca.ma\\\/wp-content\\\/uploads\\\/2025\\\/07\\\/balea-men-duschgel-jungle-green.jpg\",\"contentUrl\":\"https:\\\/\\\/vitablanca.ma\\\/wp-content\\\/uploads\\\/2025\\\/07\\\/balea-men-duschgel-jungle-green.jpg\",\"width\":1202,\"height\":1200},{\"@type\":\"BreadcrumbList\",\"@id\":\"https:\\\/\\\/vitablanca.ma\\\/produit\\\/balea-men-gel-douche-jungle-green\\\/#breadcrumb\",\"itemListElement\":[{\"@type\":\"ListItem\",\"position\":1,\"name\":\"Home\",\"item\":\"https:\\\/\\\/vitablanca.ma\\\/\"},{\"@type\":\"ListItem\",\"position\":2,\"name\":\"Tous Les Produits\",\"item\":\"https:\\\/\\\/vitablanca.ma\\\/tous-les-produits\\\/\"},{\"@type\":\"ListItem\",\"position\":3,\"name\":\"Balea MEN &#8211; Gel douche Jungle Green\"}]},{\"@type\":\"WebSite\",\"@id\":\"https:\\\/\\\/vitablanca.ma\\\/#website\",\"url\":\"https:\\\/\\\/vitablanca.ma\\\/\",\"name\":\"VitaBlanca.ma | Compl\u00e9ments alimentaires, sant\u00e9 & beaut\u00e9 au Maroc\",\"description\":\"vendre vitamines et compl\u00e9ments premium des USA &amp; Canada, Nouvelle Z\u00e9lande,Maroc (NOW Foods, Solgar, Manuka). Livraison rapide partout au Maroc.\",\"publisher\":{\"@id\":\"https:\\\/\\\/vitablanca.ma\\\/#organization\"},\"alternateName\":\"VitaBlanca.ma\",\"potentialAction\":[{\"@type\":\"SearchAction\",\"target\":{\"@type\":\"EntryPoint\",\"urlTemplate\":\"https:\\\/\\\/vitablanca.ma\\\/?s={search_term_string}\"},\"query-input\":{\"@type\":\"PropertyValueSpecification\",\"valueRequired\":true,\"valueName\":\"search_term_string\"}}],\"inLanguage\":\"en-US\"},{\"@type\":\"Organization\",\"@id\":\"https:\\\/\\\/vitablanca.ma\\\/#organization\",\"name\":\"VitaBlanca\",\"url\":\"https:\\\/\\\/vitablanca.ma\\\/\",\"logo\":{\"@type\":\"ImageObject\",\"inLanguage\":\"en-US\",\"@id\":\"https:\\\/\\\/vitablanca.ma\\\/#\\\/schema\\\/logo\\\/image\\\/\",\"url\":\"https:\\\/\\\/vitablanca.ma\\\/wp-content\\\/uploads\\\/2025\\\/05\\\/cropped-vitablanca.png\",\"contentUrl\":\"https:\\\/\\\/vitablanca.ma\\\/wp-content\\\/uploads\\\/2025\\\/05\\\/cropped-vitablanca.png\",\"width\":360,\"height\":67,\"caption\":\"VitaBlanca\"},\"image\":{\"@id\":\"https:\\\/\\\/vitablanca.ma\\\/#\\\/schema\\\/logo\\\/image\\\/\"},\"sameAs\":[\"https:\\\/\\\/www.facebook.com\\\/profile.php?id=61576678196717\",\"https:\\\/\\\/www.tiktok.com\\\/@vitablanca.ma\",\"https:\\\/\\\/www.instagram.com\\\/vitablanca.ma\\\/\"]}]}<\/script>\n<!-- \/ Yoast SEO plugin. -->","yoast_head_json":{"title":"Balea MEN Gel Douche Jungle Green - Maroc Prix","description":"Le Gel Douche Balea MEN Jungle Green nettoie la peau en profondeur et laisse un parfum frais et masculin. Id\u00e9al pour un moment tonique et revitalisant .","robots":{"index":"index","follow":"follow","max-snippet":"max-snippet:-1","max-image-preview":"max-image-preview:large","max-video-preview":"max-video-preview:-1"},"canonical":"https:\/\/vitablanca.ma\/en\/product\/balea-men-gel-douche-jungle-green\/","og_locale":"en_US","og_type":"article","og_title":"Balea MEN Gel Douche Jungle Green - Maroc Prix","og_description":"Le Gel Douche Balea MEN Jungle Green nettoie la peau en profondeur et laisse un parfum frais et masculin. Id\u00e9al pour un moment tonique et revitalisant .","og_url":"https:\/\/vitablanca.ma\/en\/product\/balea-men-gel-douche-jungle-green\/","og_site_name":"Vitablanca.ma &ndash; Sant&eacute;, vitalit&eacute; et bien-&ecirc;tre pour tous les Marocains","article_publisher":"https:\/\/www.facebook.com\/profile.php?id=61576678196717","article_modified_time":"2026-01-30T02:08:12+00:00","og_image":[{"width":1202,"height":1200,"url":"https:\/\/vitablanca.ma\/wp-content\/uploads\/2025\/07\/balea-men-duschgel-jungle-green.jpg","type":"image\/jpeg"}],"twitter_card":"summary_large_image","twitter_misc":{"Est. reading time":"1 minute"},"schema":{"@context":"https:\/\/schema.org","@graph":[{"@type":["WebPage","ItemPage"],"@id":"https:\/\/vitablanca.ma\/produit\/balea-men-gel-douche-jungle-green\/","url":"https:\/\/vitablanca.ma\/produit\/balea-men-gel-douche-jungle-green\/","name":"Balea MEN Gel Douche Jungle Green - Maroc Prix","isPartOf":{"@id":"https:\/\/vitablanca.ma\/#website"},"primaryImageOfPage":{"@id":"https:\/\/vitablanca.ma\/produit\/balea-men-gel-douche-jungle-green\/#primaryimage"},"image":{"@id":"https:\/\/vitablanca.ma\/produit\/balea-men-gel-douche-jungle-green\/#primaryimage"},"thumbnailUrl":"https:\/\/vitablanca.ma\/wp-content\/uploads\/2025\/07\/balea-men-duschgel-jungle-green.jpg","datePublished":"2025-07-10T18:13:52+00:00","dateModified":"2026-01-30T02:08:12+00:00","description":"Le Gel Douche Balea MEN Jungle Green nettoie la peau en profondeur et laisse un parfum frais et masculin. Id\u00e9al pour un moment tonique et revitalisant .","breadcrumb":{"@id":"https:\/\/vitablanca.ma\/produit\/balea-men-gel-douche-jungle-green\/#breadcrumb"},"inLanguage":"en-US","potentialAction":[{"@type":"ReadAction","target":["https:\/\/vitablanca.ma\/produit\/balea-men-gel-douche-jungle-green\/"]}]},{"@type":"ImageObject","inLanguage":"en-US","@id":"https:\/\/vitablanca.ma\/produit\/balea-men-gel-douche-jungle-green\/#primaryimage","url":"https:\/\/vitablanca.ma\/wp-content\/uploads\/2025\/07\/balea-men-duschgel-jungle-green.jpg","contentUrl":"https:\/\/vitablanca.ma\/wp-content\/uploads\/2025\/07\/balea-men-duschgel-jungle-green.jpg","width":1202,"height":1200},{"@type":"BreadcrumbList","@id":"https:\/\/vitablanca.ma\/produit\/balea-men-gel-douche-jungle-green\/#breadcrumb","itemListElement":[{"@type":"ListItem","position":1,"name":"Home","item":"https:\/\/vitablanca.ma\/"},{"@type":"ListItem","position":2,"name":"Tous Les Produits","item":"https:\/\/vitablanca.ma\/tous-les-produits\/"},{"@type":"ListItem","position":3,"name":"Balea MEN &#8211; Gel douche Jungle Green"}]},{"@type":"WebSite","@id":"https:\/\/vitablanca.ma\/#website","url":"https:\/\/vitablanca.ma\/","name":"VitaBlanca.ma | Food supplements, health &amp; beauty in Morocco","description":"sell premium vitamins and supplements from USA &amp; Canada, New Zealand, Morocco (NOW Foods, Solgar, Manuka). Fast delivery anywhere in Morocco.","publisher":{"@id":"https:\/\/vitablanca.ma\/#organization"},"alternateName":"VitaBlanca.ma","potentialAction":[{"@type":"SearchAction","target":{"@type":"EntryPoint","urlTemplate":"https:\/\/vitablanca.ma\/?s={search_term_string}"},"query-input":{"@type":"PropertyValueSpecification","valueRequired":true,"valueName":"search_term_string"}}],"inLanguage":"en-US"},{"@type":"Organization","@id":"https:\/\/vitablanca.ma\/#organization","name":"VitaBlanca","url":"https:\/\/vitablanca.ma\/","logo":{"@type":"ImageObject","inLanguage":"en-US","@id":"https:\/\/vitablanca.ma\/#\/schema\/logo\/image\/","url":"https:\/\/vitablanca.ma\/wp-content\/uploads\/2025\/05\/cropped-vitablanca.png","contentUrl":"https:\/\/vitablanca.ma\/wp-content\/uploads\/2025\/05\/cropped-vitablanca.png","width":360,"height":67,"caption":"VitaBlanca"},"image":{"@id":"https:\/\/vitablanca.ma\/#\/schema\/logo\/image\/"},"sameAs":["https:\/\/www.facebook.com\/profile.php?id=61576678196717","https:\/\/www.tiktok.com\/@vitablanca.ma","https:\/\/www.instagram.com\/vitablanca.ma\/"]}]}},"jetpack_sharing_enabled":true,"_links":{"self":[{"href":"https:\/\/vitablanca.ma\/en\/wp-json\/wp\/v2\/product\/23535","targetHints":{"allow":["GET"]}}],"collection":[{"href":"https:\/\/vitablanca.ma\/en\/wp-json\/wp\/v2\/product"}],"about":[{"href":"https:\/\/vitablanca.ma\/en\/wp-json\/wp\/v2\/types\/product"}],"wp:featuredmedia":[{"embeddable":true,"href":"https:\/\/vitablanca.ma\/en\/wp-json\/wp\/v2\/media\/23532"}],"wp:attachment":[{"href":"https:\/\/vitablanca.ma\/en\/wp-json\/wp\/v2\/media?parent=23535"}],"wp:term":[{"taxonomy":"product_brand","embeddable":true,"href":"https:\/\/vitablanca.ma\/en\/wp-json\/wp\/v2\/product_brand?post=23535"},{"taxonomy":"product_cat","embeddable":true,"href":"https:\/\/vitablanca.ma\/en\/wp-json\/wp\/v2\/product_cat?post=23535"},{"taxonomy":"product_tag","embeddable":true,"href":"https:\/\/vitablanca.ma\/en\/wp-json\/wp\/v2\/product_tag?post=23535"}],"curies":[{"name":"wp","href":"https:\/\/api.w.org\/{rel}","templated":true}]}}