{"id":23527,"date":"2025-07-10T18:13:33","date_gmt":"2025-07-10T18:13:33","guid":{"rendered":"https:\/\/vitablanca.ma\/product\/compresses-pour-les-yeux-energy-hydrogel-1-paire-2-pces\/"},"modified":"2026-01-30T02:13:31","modified_gmt":"2026-01-30T02:13:31","slug":"compresses-pour-les-yeux-energy-hydrogel-1-paire-2-pces","status":"publish","type":"product","link":"https:\/\/vitablanca.ma\/en\/product\/compresses-pour-les-yeux-energy-hydrogel-1-paire-2-pces\/","title":{"rendered":"Energy Hydrogel Eye Pads (1 pair), 2 pcs"},"content":{"rendered":"<ul>\n<li>Zone d\u2019application: Visage<\/li>\n<li>Skin type:All skin types, normal<\/li>\n<li>Product properties: Particularly suitable for the face, Without nanoparticles, Without parabens, Without paraffin \/ mineral oils, Vegan<\/li>\n<li>Texture \/ Consistency \/ Application: Gel<\/li>\n<li>Dark circles and puffiness appear reduced<\/li>\n<li>Pleasant cooling effect<\/li>\n<li>For a smoother-looking eye contour<\/li>\n<\/ul>\n<p>Les pads hydrogel pour les yeux Balea MEN Energy hydratent intens\u00e9ment la peau sensible du contour des yeux. Vous b\u00e9n\u00e9ficiez ainsi d\u2019un coup de fouet suppl\u00e9mentaire pour commencer la journ\u00e9e en \u00e9tant r\u00e9veill\u00e9 et plein d\u2019\u00e9nergie. Conseil : si vous placez les pads au r\u00e9frig\u00e9rateur avant de les utiliser, l\u2019effet sera encore plus rafra\u00eechissant.<\/p>\n<p><strong>Directions for use<\/strong><br \/>\n1. Remove the eye pads from their case.<\/p>\n<p>2. Place the pads on the cleansed skin under the eyes.<\/p>\n<p>3. Leave on for 15-20 minutes. Remove the pads and massage in the residue.<\/p>\n<p><strong>Warnings<\/strong><br \/>\nSingle-use pads. Not suitable for children.<\/p>","protected":false},"excerpt":{"rendered":"<p>Zone d\u2019application: Visage Type de peau:Tous types de peaux, normale Propri\u00e9t\u00e9s du produit:Particuli\u00e8rement adapt\u00e9 au visage, Sans nanoparticules, Sans parab\u00e8nes, Sans paraffine \/ huiles min\u00e9rales, Vegan Texture \/ Consistance \/ Application: Gel Les cernes et les gonflements semblent att\u00e9nu\u00e9s Effet rafra\u00eechissant agr\u00e9able Pour un contour des yeux qui para\u00eet plus lisse Les pads hydrogel pour [&hellip;]<\/p>\n","protected":false},"featured_media":23524,"template":"","meta":{"om_disable_all_campaigns":false},"product_brand":[3236],"product_cat":[18],"product_tag":[3237,3240,3238,3239,6779,6776,6778,3241,6777,1767,6276,6782,6780,6230,6781],"class_list":{"0":"post-23527","1":"product","2":"type-product","3":"status-publish","4":"has-post-thumbnail","6":"product_brand-balea-dm-prix-maroc","7":"product_cat-beaute-sante","8":"product_tag-balea","9":"product_tag-balea-dm","10":"product_tag-balea-maroc","11":"product_tag-balea-morocco","12":"product_tag-cernes","13":"product_tag-compresses-yeux","14":"product_tag-contour-yeux","15":"product_tag-dm-maroc","16":"product_tag-energy-hydrogel","17":"product_tag-fatigue","18":"product_tag-hydratation","19":"product_tag-masque-yeux","20":"product_tag-poches","21":"product_tag-soin-quotidien","22":"product_tag-soin-yeux","24":"first","25":"instock","26":"taxable","27":"shipping-taxable","28":"purchasable","29":"product-type-simple"},"yoast_head":"<!-- This site is optimized with the Yoast SEO plugin v27.5 - https:\/\/yoast.com\/product\/yoast-seo-wordpress\/ -->\n<title>Compresses pour les Yeux Energy Hydrogel - Maroc Prix<\/title>\n<meta name=\"description\" content=\"Les compresses pour les yeux Energy Hydrogel offrent hydratation, fra\u00eecheur et \u00e9nergie au contour des yeux. Id\u00e9al pour r\u00e9duire cernes, poches et fatigue,\" \/>\n<meta name=\"robots\" content=\"index, follow, max-snippet:-1, max-image-preview:large, max-video-preview:-1\" \/>\n<link rel=\"canonical\" href=\"https:\/\/vitablanca.ma\/en\/product\/compresses-pour-les-yeux-energy-hydrogel-1-paire-2-pces\/\" \/>\n<meta property=\"og:locale\" content=\"en_US\" \/>\n<meta property=\"og:type\" content=\"article\" \/>\n<meta property=\"og:title\" content=\"Compresses pour les Yeux Energy Hydrogel - Maroc Prix\" \/>\n<meta property=\"og:description\" content=\"Les compresses pour les yeux Energy Hydrogel offrent hydratation, fra\u00eecheur et \u00e9nergie au contour des yeux. Id\u00e9al pour r\u00e9duire cernes, poches et fatigue,\" \/>\n<meta property=\"og:url\" content=\"https:\/\/vitablanca.ma\/en\/product\/compresses-pour-les-yeux-energy-hydrogel-1-paire-2-pces\/\" \/>\n<meta property=\"og:site_name\" content=\"Vitablanca.ma &ndash; Sant&eacute;, vitalit&eacute; et bien-&ecirc;tre pour tous les Marocains\" \/>\n<meta property=\"article:publisher\" content=\"https:\/\/www.facebook.com\/profile.php?id=61576678196717\" \/>\n<meta property=\"article:modified_time\" content=\"2026-01-30T02:13:31+00:00\" \/>\n<meta property=\"og:image\" content=\"https:\/\/vitablanca.ma\/wp-content\/uploads\/2025\/07\/balea-men-augenpads-energy-hydrogel-1-paar_28c297c7-bd99-4d95-ba16-685d8fa8da04.jpg\" \/>\n\t<meta property=\"og:image:width\" content=\"1205\" \/>\n\t<meta property=\"og:image:height\" content=\"1200\" \/>\n\t<meta property=\"og:image:type\" content=\"image\/jpeg\" \/>\n<meta name=\"twitter:card\" content=\"summary_large_image\" \/>\n<meta name=\"twitter:label1\" content=\"Est. reading time\" \/>\n\t<meta name=\"twitter:data1\" content=\"1 minute\" \/>\n<script type=\"application\/ld+json\" class=\"yoast-schema-graph\">{\"@context\":\"https:\\\/\\\/schema.org\",\"@graph\":[{\"@type\":[\"WebPage\",\"ItemPage\"],\"@id\":\"https:\\\/\\\/vitablanca.ma\\\/produit\\\/compresses-pour-les-yeux-energy-hydrogel-1-paire-2-pces\\\/\",\"url\":\"https:\\\/\\\/vitablanca.ma\\\/produit\\\/compresses-pour-les-yeux-energy-hydrogel-1-paire-2-pces\\\/\",\"name\":\"Compresses pour les Yeux Energy Hydrogel - Maroc Prix\",\"isPartOf\":{\"@id\":\"https:\\\/\\\/vitablanca.ma\\\/#website\"},\"primaryImageOfPage\":{\"@id\":\"https:\\\/\\\/vitablanca.ma\\\/produit\\\/compresses-pour-les-yeux-energy-hydrogel-1-paire-2-pces\\\/#primaryimage\"},\"image\":{\"@id\":\"https:\\\/\\\/vitablanca.ma\\\/produit\\\/compresses-pour-les-yeux-energy-hydrogel-1-paire-2-pces\\\/#primaryimage\"},\"thumbnailUrl\":\"https:\\\/\\\/vitablanca.ma\\\/wp-content\\\/uploads\\\/2025\\\/07\\\/balea-men-augenpads-energy-hydrogel-1-paar_28c297c7-bd99-4d95-ba16-685d8fa8da04.jpg\",\"datePublished\":\"2025-07-10T18:13:33+00:00\",\"dateModified\":\"2026-01-30T02:13:31+00:00\",\"description\":\"Les compresses pour les yeux Energy Hydrogel offrent hydratation, fra\u00eecheur et \u00e9nergie au contour des yeux. Id\u00e9al pour r\u00e9duire cernes, poches et fatigue,\",\"breadcrumb\":{\"@id\":\"https:\\\/\\\/vitablanca.ma\\\/produit\\\/compresses-pour-les-yeux-energy-hydrogel-1-paire-2-pces\\\/#breadcrumb\"},\"inLanguage\":\"en-US\",\"potentialAction\":[{\"@type\":\"ReadAction\",\"target\":[\"https:\\\/\\\/vitablanca.ma\\\/produit\\\/compresses-pour-les-yeux-energy-hydrogel-1-paire-2-pces\\\/\"]}]},{\"@type\":\"ImageObject\",\"inLanguage\":\"en-US\",\"@id\":\"https:\\\/\\\/vitablanca.ma\\\/produit\\\/compresses-pour-les-yeux-energy-hydrogel-1-paire-2-pces\\\/#primaryimage\",\"url\":\"https:\\\/\\\/vitablanca.ma\\\/wp-content\\\/uploads\\\/2025\\\/07\\\/balea-men-augenpads-energy-hydrogel-1-paar_28c297c7-bd99-4d95-ba16-685d8fa8da04.jpg\",\"contentUrl\":\"https:\\\/\\\/vitablanca.ma\\\/wp-content\\\/uploads\\\/2025\\\/07\\\/balea-men-augenpads-energy-hydrogel-1-paar_28c297c7-bd99-4d95-ba16-685d8fa8da04.jpg\",\"width\":1205,\"height\":1200},{\"@type\":\"BreadcrumbList\",\"@id\":\"https:\\\/\\\/vitablanca.ma\\\/produit\\\/compresses-pour-les-yeux-energy-hydrogel-1-paire-2-pces\\\/#breadcrumb\",\"itemListElement\":[{\"@type\":\"ListItem\",\"position\":1,\"name\":\"Home\",\"item\":\"https:\\\/\\\/vitablanca.ma\\\/\"},{\"@type\":\"ListItem\",\"position\":2,\"name\":\"Tous Les Produits\",\"item\":\"https:\\\/\\\/vitablanca.ma\\\/tous-les-produits\\\/\"},{\"@type\":\"ListItem\",\"position\":3,\"name\":\"Compresses pour les yeux Energy Hydrogel (1 paire), 2 pces\"}]},{\"@type\":\"WebSite\",\"@id\":\"https:\\\/\\\/vitablanca.ma\\\/#website\",\"url\":\"https:\\\/\\\/vitablanca.ma\\\/\",\"name\":\"VitaBlanca.ma | Compl\u00e9ments alimentaires, sant\u00e9 & beaut\u00e9 au Maroc\",\"description\":\"vendre vitamines et compl\u00e9ments premium des USA &amp; Canada, Nouvelle Z\u00e9lande,Maroc (NOW Foods, Solgar, Manuka). Livraison rapide partout au Maroc.\",\"publisher\":{\"@id\":\"https:\\\/\\\/vitablanca.ma\\\/#organization\"},\"alternateName\":\"VitaBlanca.ma\",\"potentialAction\":[{\"@type\":\"SearchAction\",\"target\":{\"@type\":\"EntryPoint\",\"urlTemplate\":\"https:\\\/\\\/vitablanca.ma\\\/?s={search_term_string}\"},\"query-input\":{\"@type\":\"PropertyValueSpecification\",\"valueRequired\":true,\"valueName\":\"search_term_string\"}}],\"inLanguage\":\"en-US\"},{\"@type\":\"Organization\",\"@id\":\"https:\\\/\\\/vitablanca.ma\\\/#organization\",\"name\":\"VitaBlanca\",\"url\":\"https:\\\/\\\/vitablanca.ma\\\/\",\"logo\":{\"@type\":\"ImageObject\",\"inLanguage\":\"en-US\",\"@id\":\"https:\\\/\\\/vitablanca.ma\\\/#\\\/schema\\\/logo\\\/image\\\/\",\"url\":\"https:\\\/\\\/vitablanca.ma\\\/wp-content\\\/uploads\\\/2025\\\/05\\\/cropped-vitablanca.png\",\"contentUrl\":\"https:\\\/\\\/vitablanca.ma\\\/wp-content\\\/uploads\\\/2025\\\/05\\\/cropped-vitablanca.png\",\"width\":360,\"height\":67,\"caption\":\"VitaBlanca\"},\"image\":{\"@id\":\"https:\\\/\\\/vitablanca.ma\\\/#\\\/schema\\\/logo\\\/image\\\/\"},\"sameAs\":[\"https:\\\/\\\/www.facebook.com\\\/profile.php?id=61576678196717\",\"https:\\\/\\\/www.tiktok.com\\\/@vitablanca.ma\",\"https:\\\/\\\/www.instagram.com\\\/vitablanca.ma\\\/\"]}]}<\/script>\n<!-- \/ Yoast SEO plugin. -->","yoast_head_json":{"title":"Compresses pour les Yeux Energy Hydrogel - Maroc Prix","description":"Les compresses pour les yeux Energy Hydrogel offrent hydratation, fra\u00eecheur et \u00e9nergie au contour des yeux. Id\u00e9al pour r\u00e9duire cernes, poches et fatigue,","robots":{"index":"index","follow":"follow","max-snippet":"max-snippet:-1","max-image-preview":"max-image-preview:large","max-video-preview":"max-video-preview:-1"},"canonical":"https:\/\/vitablanca.ma\/en\/product\/compresses-pour-les-yeux-energy-hydrogel-1-paire-2-pces\/","og_locale":"en_US","og_type":"article","og_title":"Compresses pour les Yeux Energy Hydrogel - Maroc Prix","og_description":"Les compresses pour les yeux Energy Hydrogel offrent hydratation, fra\u00eecheur et \u00e9nergie au contour des yeux. Id\u00e9al pour r\u00e9duire cernes, poches et fatigue,","og_url":"https:\/\/vitablanca.ma\/en\/product\/compresses-pour-les-yeux-energy-hydrogel-1-paire-2-pces\/","og_site_name":"Vitablanca.ma &ndash; Sant&eacute;, vitalit&eacute; et bien-&ecirc;tre pour tous les Marocains","article_publisher":"https:\/\/www.facebook.com\/profile.php?id=61576678196717","article_modified_time":"2026-01-30T02:13:31+00:00","og_image":[{"width":1205,"height":1200,"url":"https:\/\/vitablanca.ma\/wp-content\/uploads\/2025\/07\/balea-men-augenpads-energy-hydrogel-1-paar_28c297c7-bd99-4d95-ba16-685d8fa8da04.jpg","type":"image\/jpeg"}],"twitter_card":"summary_large_image","twitter_misc":{"Est. reading time":"1 minute"},"schema":{"@context":"https:\/\/schema.org","@graph":[{"@type":["WebPage","ItemPage"],"@id":"https:\/\/vitablanca.ma\/produit\/compresses-pour-les-yeux-energy-hydrogel-1-paire-2-pces\/","url":"https:\/\/vitablanca.ma\/produit\/compresses-pour-les-yeux-energy-hydrogel-1-paire-2-pces\/","name":"Compresses pour les Yeux Energy Hydrogel - Maroc Prix","isPartOf":{"@id":"https:\/\/vitablanca.ma\/#website"},"primaryImageOfPage":{"@id":"https:\/\/vitablanca.ma\/produit\/compresses-pour-les-yeux-energy-hydrogel-1-paire-2-pces\/#primaryimage"},"image":{"@id":"https:\/\/vitablanca.ma\/produit\/compresses-pour-les-yeux-energy-hydrogel-1-paire-2-pces\/#primaryimage"},"thumbnailUrl":"https:\/\/vitablanca.ma\/wp-content\/uploads\/2025\/07\/balea-men-augenpads-energy-hydrogel-1-paar_28c297c7-bd99-4d95-ba16-685d8fa8da04.jpg","datePublished":"2025-07-10T18:13:33+00:00","dateModified":"2026-01-30T02:13:31+00:00","description":"Les compresses pour les yeux Energy Hydrogel offrent hydratation, fra\u00eecheur et \u00e9nergie au contour des yeux. Id\u00e9al pour r\u00e9duire cernes, poches et fatigue,","breadcrumb":{"@id":"https:\/\/vitablanca.ma\/produit\/compresses-pour-les-yeux-energy-hydrogel-1-paire-2-pces\/#breadcrumb"},"inLanguage":"en-US","potentialAction":[{"@type":"ReadAction","target":["https:\/\/vitablanca.ma\/produit\/compresses-pour-les-yeux-energy-hydrogel-1-paire-2-pces\/"]}]},{"@type":"ImageObject","inLanguage":"en-US","@id":"https:\/\/vitablanca.ma\/produit\/compresses-pour-les-yeux-energy-hydrogel-1-paire-2-pces\/#primaryimage","url":"https:\/\/vitablanca.ma\/wp-content\/uploads\/2025\/07\/balea-men-augenpads-energy-hydrogel-1-paar_28c297c7-bd99-4d95-ba16-685d8fa8da04.jpg","contentUrl":"https:\/\/vitablanca.ma\/wp-content\/uploads\/2025\/07\/balea-men-augenpads-energy-hydrogel-1-paar_28c297c7-bd99-4d95-ba16-685d8fa8da04.jpg","width":1205,"height":1200},{"@type":"BreadcrumbList","@id":"https:\/\/vitablanca.ma\/produit\/compresses-pour-les-yeux-energy-hydrogel-1-paire-2-pces\/#breadcrumb","itemListElement":[{"@type":"ListItem","position":1,"name":"Home","item":"https:\/\/vitablanca.ma\/"},{"@type":"ListItem","position":2,"name":"Tous Les Produits","item":"https:\/\/vitablanca.ma\/tous-les-produits\/"},{"@type":"ListItem","position":3,"name":"Compresses pour les yeux Energy Hydrogel (1 paire), 2 pces"}]},{"@type":"WebSite","@id":"https:\/\/vitablanca.ma\/#website","url":"https:\/\/vitablanca.ma\/","name":"VitaBlanca.ma | Food supplements, health &amp; beauty in Morocco","description":"sell premium vitamins and supplements from USA &amp; Canada, New Zealand, Morocco (NOW Foods, Solgar, Manuka). Fast delivery anywhere in Morocco.","publisher":{"@id":"https:\/\/vitablanca.ma\/#organization"},"alternateName":"VitaBlanca.ma","potentialAction":[{"@type":"SearchAction","target":{"@type":"EntryPoint","urlTemplate":"https:\/\/vitablanca.ma\/?s={search_term_string}"},"query-input":{"@type":"PropertyValueSpecification","valueRequired":true,"valueName":"search_term_string"}}],"inLanguage":"en-US"},{"@type":"Organization","@id":"https:\/\/vitablanca.ma\/#organization","name":"VitaBlanca","url":"https:\/\/vitablanca.ma\/","logo":{"@type":"ImageObject","inLanguage":"en-US","@id":"https:\/\/vitablanca.ma\/#\/schema\/logo\/image\/","url":"https:\/\/vitablanca.ma\/wp-content\/uploads\/2025\/05\/cropped-vitablanca.png","contentUrl":"https:\/\/vitablanca.ma\/wp-content\/uploads\/2025\/05\/cropped-vitablanca.png","width":360,"height":67,"caption":"VitaBlanca"},"image":{"@id":"https:\/\/vitablanca.ma\/#\/schema\/logo\/image\/"},"sameAs":["https:\/\/www.facebook.com\/profile.php?id=61576678196717","https:\/\/www.tiktok.com\/@vitablanca.ma","https:\/\/www.instagram.com\/vitablanca.ma\/"]}]}},"jetpack_sharing_enabled":true,"_links":{"self":[{"href":"https:\/\/vitablanca.ma\/en\/wp-json\/wp\/v2\/product\/23527","targetHints":{"allow":["GET"]}}],"collection":[{"href":"https:\/\/vitablanca.ma\/en\/wp-json\/wp\/v2\/product"}],"about":[{"href":"https:\/\/vitablanca.ma\/en\/wp-json\/wp\/v2\/types\/product"}],"wp:featuredmedia":[{"embeddable":true,"href":"https:\/\/vitablanca.ma\/en\/wp-json\/wp\/v2\/media\/23524"}],"wp:attachment":[{"href":"https:\/\/vitablanca.ma\/en\/wp-json\/wp\/v2\/media?parent=23527"}],"wp:term":[{"taxonomy":"product_brand","embeddable":true,"href":"https:\/\/vitablanca.ma\/en\/wp-json\/wp\/v2\/product_brand?post=23527"},{"taxonomy":"product_cat","embeddable":true,"href":"https:\/\/vitablanca.ma\/en\/wp-json\/wp\/v2\/product_cat?post=23527"},{"taxonomy":"product_tag","embeddable":true,"href":"https:\/\/vitablanca.ma\/en\/wp-json\/wp\/v2\/product_tag?post=23527"}],"curies":[{"name":"wp","href":"https:\/\/api.w.org\/{rel}","templated":true}]}}