{"id":23523,"date":"2025-07-10T18:13:24","date_gmt":"2025-07-10T18:13:24","guid":{"rendered":"https:\/\/vitablanca.ma\/product\/huile-pour-barbe-50-ml\/"},"modified":"2026-02-17T15:11:42","modified_gmt":"2026-02-17T15:11:42","slug":"huile-pour-barbe-50-ml-balea-men-maroc-prix","status":"publish","type":"product","link":"https:\/\/vitablanca.ma\/en\/product\/huile-pour-barbe-50-ml-balea-men-maroc-prix\/","title":{"rendered":"Balea Men Huile pour barbe, 50 ml"},"content":{"rendered":"<ul>\n<li>Zone d\u2019application: Visage<\/li>\n<li>Skin type: Normal<\/li>\n<li>Caract\u00e9ristiques du produit: Sans alcool, Sans sels d\u2019aluminium, Sans colorants, Sans conservateurs, Sans nanoparticules, Sans parab\u00e8nes, Sans paraffine \/ huiles min\u00e9rales, Vegan<\/li>\n<li>Ideal for brittle or dry beards.<\/li>\n<li>For all beard lengths.<\/li>\n<li>Can be used as a shaving oil.<\/li>\n<li>Vegan.<\/li>\n<\/ul>\n<p>L\u2019huile \u00e0 barbe de Balea MEN est un soin agr\u00e9able pour la barbe. L\u2019huile est enrichie d\u2019huile de tournesol, d\u2019huile d\u2019argan, d\u2019huile de jojoba et d\u2019huile d\u2019amande et procure une sensation de douceur \u00e0 la barbe. Le soin p\u00e9n\u00e8tre rapidement et n\u2019est pas gras.<br \/>\n<strong>Directions for use<\/strong><br \/>\nVerser quelques gouttes d\u2019huile dans la paume des mains, frotter et appliquer sur la zone de la barbe, masser doucement. Pour r\u00e9partir l\u2019huile de mani\u00e8re optimale, vous pouvez \u00e9galement utiliser une brosse \u00e0 barbe ou un peigne \u00e0 barbe. Ne pas rincer. Pour de meilleurs r\u00e9sultats, utiliser l\u2019huile \u00e0 barbe r\u00e9guli\u00e8rement. \u00c9viter tout contact avec les yeux. En cas de contact avec les yeux, rincer \u00e0 l\u2019eau claire.<\/p>\n<p>\u00a0<\/p>","protected":false},"excerpt":{"rendered":"<p>Zone d\u2019application: Visage Type de peau: Normale Caract\u00e9ristiques du produit: Sans alcool, Sans sels d\u2019aluminium, Sans colorants, Sans conservateurs, Sans nanoparticules, Sans parab\u00e8nes, Sans paraffine \/ huiles min\u00e9rales, Vegan Id\u00e9al pour les barbes cassantes ou s\u00e8ches. Pour toutes les longueurs de barbe. Peut \u00eatre utilis\u00e9e comme huile de rasage. V\u00e9g\u00e9talien. L\u2019huile \u00e0 barbe de Balea [&hellip;]<\/p>\n","protected":false},"featured_media":23521,"template":"","meta":{"om_disable_all_campaigns":false},"product_brand":[3236],"product_cat":[18],"product_tag":[3237,3240,3238,6766,3239,6787,6786,6789,6788,3241,6783,6790,6785,6791,6784,6230],"class_list":{"0":"post-23523","1":"product","2":"type-product","3":"status-publish","4":"has-post-thumbnail","6":"product_brand-balea-dm-prix-maroc","7":"product_cat-beaute-sante","8":"product_tag-balea","9":"product_tag-balea-dm","10":"product_tag-balea-maroc","11":"product_tag-balea-men","12":"product_tag-balea-morocco","13":"product_tag-barbe-brillante","14":"product_tag-barbe-douce","15":"product_tag-barbe-nourrie","16":"product_tag-barbe-soignee","17":"product_tag-dm-maroc","18":"product_tag-huile-barbe","19":"product_tag-huile-coiffante","20":"product_tag-hydratation-barbe","21":"product_tag-poils-rebelles","22":"product_tag-soin-barbe","23":"product_tag-soin-quotidien","25":"first","26":"instock","27":"sale","28":"taxable","29":"shipping-taxable","30":"purchasable","31":"product-type-simple"},"yoast_head":"<!-- This site is optimized with the Yoast SEO plugin v27.5 - https:\/\/yoast.com\/product\/yoast-seo-wordpress\/ -->\n<title>Balea Men Huile pour barbe, 50 ml - Maroc Prix<\/title>\n<meta name=\"description\" content=\"L\u2019huile pour barbe hydrate , adoucit et nourrit la barbe et la peau en profondeur. Id\u00e9al pour une barbe douce, brillante et facile \u00e0 coiffer au quotidien.\" \/>\n<meta name=\"robots\" content=\"index, follow, max-snippet:-1, max-image-preview:large, max-video-preview:-1\" \/>\n<link rel=\"canonical\" href=\"https:\/\/vitablanca.ma\/en\/product\/huile-pour-barbe-50-ml-balea-men-maroc-prix\/\" \/>\n<meta property=\"og:locale\" content=\"en_US\" \/>\n<meta property=\"og:type\" content=\"article\" \/>\n<meta property=\"og:title\" content=\"Balea Men Huile pour barbe, 50 ml - Maroc Prix\" \/>\n<meta property=\"og:description\" content=\"L\u2019huile pour barbe hydrate , adoucit et nourrit la barbe et la peau en profondeur. Id\u00e9al pour une barbe douce, brillante et facile \u00e0 coiffer au quotidien.\" \/>\n<meta property=\"og:url\" content=\"https:\/\/vitablanca.ma\/en\/product\/huile-pour-barbe-50-ml-balea-men-maroc-prix\/\" \/>\n<meta property=\"og:site_name\" content=\"Vitablanca.ma &ndash; Sant&eacute;, vitalit&eacute; et bien-&ecirc;tre pour tous les Marocains\" \/>\n<meta property=\"article:publisher\" content=\"https:\/\/www.facebook.com\/profile.php?id=61576678196717\" \/>\n<meta property=\"article:modified_time\" content=\"2026-02-17T15:11:42+00:00\" \/>\n<meta property=\"og:image\" content=\"https:\/\/vitablanca.ma\/wp-content\/uploads\/2025\/07\/balea-men-bartoel.jpg\" \/>\n\t<meta property=\"og:image:width\" content=\"1200\" \/>\n\t<meta property=\"og:image:height\" content=\"1200\" \/>\n\t<meta property=\"og:image:type\" content=\"image\/jpeg\" \/>\n<meta name=\"twitter:card\" content=\"summary_large_image\" \/>\n<meta name=\"twitter:label1\" content=\"Est. reading time\" \/>\n\t<meta name=\"twitter:data1\" content=\"2 minutes\" \/>\n<script type=\"application\/ld+json\" class=\"yoast-schema-graph\">{\"@context\":\"https:\\\/\\\/schema.org\",\"@graph\":[{\"@type\":[\"WebPage\",\"ItemPage\"],\"@id\":\"https:\\\/\\\/vitablanca.ma\\\/produit\\\/huile-pour-barbe-50-ml-balea-men-maroc-prix\\\/\",\"url\":\"https:\\\/\\\/vitablanca.ma\\\/produit\\\/huile-pour-barbe-50-ml-balea-men-maroc-prix\\\/\",\"name\":\"Balea Men Huile pour barbe, 50 ml - Maroc Prix\",\"isPartOf\":{\"@id\":\"https:\\\/\\\/vitablanca.ma\\\/#website\"},\"primaryImageOfPage\":{\"@id\":\"https:\\\/\\\/vitablanca.ma\\\/produit\\\/huile-pour-barbe-50-ml-balea-men-maroc-prix\\\/#primaryimage\"},\"image\":{\"@id\":\"https:\\\/\\\/vitablanca.ma\\\/produit\\\/huile-pour-barbe-50-ml-balea-men-maroc-prix\\\/#primaryimage\"},\"thumbnailUrl\":\"https:\\\/\\\/vitablanca.ma\\\/wp-content\\\/uploads\\\/2025\\\/07\\\/balea-men-bartoel.jpg\",\"datePublished\":\"2025-07-10T18:13:24+00:00\",\"dateModified\":\"2026-02-17T15:11:42+00:00\",\"description\":\"L\u2019huile pour barbe hydrate , adoucit et nourrit la barbe et la peau en profondeur. Id\u00e9al pour une barbe douce, brillante et facile \u00e0 coiffer au quotidien.\",\"breadcrumb\":{\"@id\":\"https:\\\/\\\/vitablanca.ma\\\/produit\\\/huile-pour-barbe-50-ml-balea-men-maroc-prix\\\/#breadcrumb\"},\"inLanguage\":\"en-US\",\"potentialAction\":[{\"@type\":\"ReadAction\",\"target\":[\"https:\\\/\\\/vitablanca.ma\\\/produit\\\/huile-pour-barbe-50-ml-balea-men-maroc-prix\\\/\"]}]},{\"@type\":\"ImageObject\",\"inLanguage\":\"en-US\",\"@id\":\"https:\\\/\\\/vitablanca.ma\\\/produit\\\/huile-pour-barbe-50-ml-balea-men-maroc-prix\\\/#primaryimage\",\"url\":\"https:\\\/\\\/vitablanca.ma\\\/wp-content\\\/uploads\\\/2025\\\/07\\\/balea-men-bartoel.jpg\",\"contentUrl\":\"https:\\\/\\\/vitablanca.ma\\\/wp-content\\\/uploads\\\/2025\\\/07\\\/balea-men-bartoel.jpg\",\"width\":1200,\"height\":1200},{\"@type\":\"BreadcrumbList\",\"@id\":\"https:\\\/\\\/vitablanca.ma\\\/produit\\\/huile-pour-barbe-50-ml-balea-men-maroc-prix\\\/#breadcrumb\",\"itemListElement\":[{\"@type\":\"ListItem\",\"position\":1,\"name\":\"Home\",\"item\":\"https:\\\/\\\/vitablanca.ma\\\/\"},{\"@type\":\"ListItem\",\"position\":2,\"name\":\"Tous Les Produits\",\"item\":\"https:\\\/\\\/vitablanca.ma\\\/tous-les-produits\\\/\"},{\"@type\":\"ListItem\",\"position\":3,\"name\":\"Balea Men Huile pour barbe, 50 ml\"}]},{\"@type\":\"WebSite\",\"@id\":\"https:\\\/\\\/vitablanca.ma\\\/#website\",\"url\":\"https:\\\/\\\/vitablanca.ma\\\/\",\"name\":\"VitaBlanca.ma | Compl\u00e9ments alimentaires, sant\u00e9 & beaut\u00e9 au Maroc\",\"description\":\"vendre vitamines et compl\u00e9ments premium des USA &amp; Canada, Nouvelle Z\u00e9lande,Maroc (NOW Foods, Solgar, Manuka). Livraison rapide partout au Maroc.\",\"publisher\":{\"@id\":\"https:\\\/\\\/vitablanca.ma\\\/#organization\"},\"alternateName\":\"VitaBlanca.ma\",\"potentialAction\":[{\"@type\":\"SearchAction\",\"target\":{\"@type\":\"EntryPoint\",\"urlTemplate\":\"https:\\\/\\\/vitablanca.ma\\\/?s={search_term_string}\"},\"query-input\":{\"@type\":\"PropertyValueSpecification\",\"valueRequired\":true,\"valueName\":\"search_term_string\"}}],\"inLanguage\":\"en-US\"},{\"@type\":\"Organization\",\"@id\":\"https:\\\/\\\/vitablanca.ma\\\/#organization\",\"name\":\"VitaBlanca\",\"url\":\"https:\\\/\\\/vitablanca.ma\\\/\",\"logo\":{\"@type\":\"ImageObject\",\"inLanguage\":\"en-US\",\"@id\":\"https:\\\/\\\/vitablanca.ma\\\/#\\\/schema\\\/logo\\\/image\\\/\",\"url\":\"https:\\\/\\\/vitablanca.ma\\\/wp-content\\\/uploads\\\/2025\\\/05\\\/cropped-vitablanca.png\",\"contentUrl\":\"https:\\\/\\\/vitablanca.ma\\\/wp-content\\\/uploads\\\/2025\\\/05\\\/cropped-vitablanca.png\",\"width\":360,\"height\":67,\"caption\":\"VitaBlanca\"},\"image\":{\"@id\":\"https:\\\/\\\/vitablanca.ma\\\/#\\\/schema\\\/logo\\\/image\\\/\"},\"sameAs\":[\"https:\\\/\\\/www.facebook.com\\\/profile.php?id=61576678196717\",\"https:\\\/\\\/www.tiktok.com\\\/@vitablanca.ma\",\"https:\\\/\\\/www.instagram.com\\\/vitablanca.ma\\\/\"]}]}<\/script>\n<!-- \/ Yoast SEO plugin. -->","yoast_head_json":{"title":"Balea Men Huile pour barbe, 50 ml - Maroc Prix","description":"L\u2019huile pour barbe hydrate , adoucit et nourrit la barbe et la peau en profondeur. Id\u00e9al pour une barbe douce, brillante et facile \u00e0 coiffer au quotidien.","robots":{"index":"index","follow":"follow","max-snippet":"max-snippet:-1","max-image-preview":"max-image-preview:large","max-video-preview":"max-video-preview:-1"},"canonical":"https:\/\/vitablanca.ma\/en\/product\/huile-pour-barbe-50-ml-balea-men-maroc-prix\/","og_locale":"en_US","og_type":"article","og_title":"Balea Men Huile pour barbe, 50 ml - Maroc Prix","og_description":"L\u2019huile pour barbe hydrate , adoucit et nourrit la barbe et la peau en profondeur. Id\u00e9al pour une barbe douce, brillante et facile \u00e0 coiffer au quotidien.","og_url":"https:\/\/vitablanca.ma\/en\/product\/huile-pour-barbe-50-ml-balea-men-maroc-prix\/","og_site_name":"Vitablanca.ma &ndash; Sant&eacute;, vitalit&eacute; et bien-&ecirc;tre pour tous les Marocains","article_publisher":"https:\/\/www.facebook.com\/profile.php?id=61576678196717","article_modified_time":"2026-02-17T15:11:42+00:00","og_image":[{"width":1200,"height":1200,"url":"https:\/\/vitablanca.ma\/wp-content\/uploads\/2025\/07\/balea-men-bartoel.jpg","type":"image\/jpeg"}],"twitter_card":"summary_large_image","twitter_misc":{"Est. reading time":"2 minutes"},"schema":{"@context":"https:\/\/schema.org","@graph":[{"@type":["WebPage","ItemPage"],"@id":"https:\/\/vitablanca.ma\/produit\/huile-pour-barbe-50-ml-balea-men-maroc-prix\/","url":"https:\/\/vitablanca.ma\/produit\/huile-pour-barbe-50-ml-balea-men-maroc-prix\/","name":"Balea Men Huile pour barbe, 50 ml - Maroc Prix","isPartOf":{"@id":"https:\/\/vitablanca.ma\/#website"},"primaryImageOfPage":{"@id":"https:\/\/vitablanca.ma\/produit\/huile-pour-barbe-50-ml-balea-men-maroc-prix\/#primaryimage"},"image":{"@id":"https:\/\/vitablanca.ma\/produit\/huile-pour-barbe-50-ml-balea-men-maroc-prix\/#primaryimage"},"thumbnailUrl":"https:\/\/vitablanca.ma\/wp-content\/uploads\/2025\/07\/balea-men-bartoel.jpg","datePublished":"2025-07-10T18:13:24+00:00","dateModified":"2026-02-17T15:11:42+00:00","description":"L\u2019huile pour barbe hydrate , adoucit et nourrit la barbe et la peau en profondeur. Id\u00e9al pour une barbe douce, brillante et facile \u00e0 coiffer au quotidien.","breadcrumb":{"@id":"https:\/\/vitablanca.ma\/produit\/huile-pour-barbe-50-ml-balea-men-maroc-prix\/#breadcrumb"},"inLanguage":"en-US","potentialAction":[{"@type":"ReadAction","target":["https:\/\/vitablanca.ma\/produit\/huile-pour-barbe-50-ml-balea-men-maroc-prix\/"]}]},{"@type":"ImageObject","inLanguage":"en-US","@id":"https:\/\/vitablanca.ma\/produit\/huile-pour-barbe-50-ml-balea-men-maroc-prix\/#primaryimage","url":"https:\/\/vitablanca.ma\/wp-content\/uploads\/2025\/07\/balea-men-bartoel.jpg","contentUrl":"https:\/\/vitablanca.ma\/wp-content\/uploads\/2025\/07\/balea-men-bartoel.jpg","width":1200,"height":1200},{"@type":"BreadcrumbList","@id":"https:\/\/vitablanca.ma\/produit\/huile-pour-barbe-50-ml-balea-men-maroc-prix\/#breadcrumb","itemListElement":[{"@type":"ListItem","position":1,"name":"Home","item":"https:\/\/vitablanca.ma\/"},{"@type":"ListItem","position":2,"name":"Tous Les Produits","item":"https:\/\/vitablanca.ma\/tous-les-produits\/"},{"@type":"ListItem","position":3,"name":"Balea Men Huile pour barbe, 50 ml"}]},{"@type":"WebSite","@id":"https:\/\/vitablanca.ma\/#website","url":"https:\/\/vitablanca.ma\/","name":"VitaBlanca.ma | Food supplements, health &amp; beauty in Morocco","description":"sell premium vitamins and supplements from USA &amp; Canada, New Zealand, Morocco (NOW Foods, Solgar, Manuka). Fast delivery anywhere in Morocco.","publisher":{"@id":"https:\/\/vitablanca.ma\/#organization"},"alternateName":"VitaBlanca.ma","potentialAction":[{"@type":"SearchAction","target":{"@type":"EntryPoint","urlTemplate":"https:\/\/vitablanca.ma\/?s={search_term_string}"},"query-input":{"@type":"PropertyValueSpecification","valueRequired":true,"valueName":"search_term_string"}}],"inLanguage":"en-US"},{"@type":"Organization","@id":"https:\/\/vitablanca.ma\/#organization","name":"VitaBlanca","url":"https:\/\/vitablanca.ma\/","logo":{"@type":"ImageObject","inLanguage":"en-US","@id":"https:\/\/vitablanca.ma\/#\/schema\/logo\/image\/","url":"https:\/\/vitablanca.ma\/wp-content\/uploads\/2025\/05\/cropped-vitablanca.png","contentUrl":"https:\/\/vitablanca.ma\/wp-content\/uploads\/2025\/05\/cropped-vitablanca.png","width":360,"height":67,"caption":"VitaBlanca"},"image":{"@id":"https:\/\/vitablanca.ma\/#\/schema\/logo\/image\/"},"sameAs":["https:\/\/www.facebook.com\/profile.php?id=61576678196717","https:\/\/www.tiktok.com\/@vitablanca.ma","https:\/\/www.instagram.com\/vitablanca.ma\/"]}]}},"jetpack_sharing_enabled":true,"_links":{"self":[{"href":"https:\/\/vitablanca.ma\/en\/wp-json\/wp\/v2\/product\/23523","targetHints":{"allow":["GET"]}}],"collection":[{"href":"https:\/\/vitablanca.ma\/en\/wp-json\/wp\/v2\/product"}],"about":[{"href":"https:\/\/vitablanca.ma\/en\/wp-json\/wp\/v2\/types\/product"}],"wp:featuredmedia":[{"embeddable":true,"href":"https:\/\/vitablanca.ma\/en\/wp-json\/wp\/v2\/media\/23521"}],"wp:attachment":[{"href":"https:\/\/vitablanca.ma\/en\/wp-json\/wp\/v2\/media?parent=23523"}],"wp:term":[{"taxonomy":"product_brand","embeddable":true,"href":"https:\/\/vitablanca.ma\/en\/wp-json\/wp\/v2\/product_brand?post=23523"},{"taxonomy":"product_cat","embeddable":true,"href":"https:\/\/vitablanca.ma\/en\/wp-json\/wp\/v2\/product_cat?post=23523"},{"taxonomy":"product_tag","embeddable":true,"href":"https:\/\/vitablanca.ma\/en\/wp-json\/wp\/v2\/product_tag?post=23523"}],"curies":[{"name":"wp","href":"https:\/\/api.w.org\/{rel}","templated":true}]}}