{"id":23491,"date":"2025-07-10T18:12:01","date_gmt":"2025-07-10T18:12:01","guid":{"rendered":"https:\/\/vitablanca.ma\/product\/pack-balea-men-power-effect\/"},"modified":"2026-01-30T02:46:56","modified_gmt":"2026-01-30T02:46:56","slug":"pack-balea-men-power-effect","status":"publish","type":"product","link":"https:\/\/vitablanca.ma\/en\/product\/pack-balea-men-power-effect\/","title":{"rendered":"Balea Men Power Effect Pack"},"content":{"rendered":"<p><strong>Power Effect Caffeine Shampoo, 250 ml<\/strong><\/p>\n<ul>\n<li>Hair Type: Shedding Hair<\/li>\n<li>Effect: Against hair loss, care<\/li>\n<li>Product Features:Alcohol-free, Silicone-free, Vegan<\/li>\n<li>Vegan shampoo<\/li>\n<li>Strengthens weakened hair roots<\/li>\n<li>For stronger, thicker hair<\/li>\n<li>Complex of active substances with caffeine<\/li>\n<li>Silicone and microplastic free<\/li>\n<\/ul>\n<p>&nbsp;<\/p>\n<p>Balea Men&#039;s Power Effect Caffeine Shampoo effectively combats hair loss thanks to caffeine and coenzyme Q10. The high-quality active ingredients penetrate deep into the hair, helping to prevent hereditary hair loss. Furthermore, its texture is free from microplastics, making it the perfect hair shampoo for stronger, thicker hair.<\/p>\n<p><strong>Power Effect Coffein Boost Hair Serum, 150 ml<\/strong><\/p>\n<ul>\n<li>Hair Type: Hair Loss<\/li>\n<li>Effect: Against hair loss, treatment<\/li>\n<li>Product Properties: Silicone-Free, Sulfate-Free, Vegan<\/li>\n<li>Help with hereditary hair loss<\/li>\n<li>With a unique complex of active substances based on caffeine and RootBio Tec<\/li>\n<li>Penetrates into the hair roots and strengthens them from within<\/li>\n<li>Panthenol heals and refreshes the scalp<\/li>\n<li>Free from microplastics and water-soluble synthetic polymers<\/li>\n<\/ul>\n<p>Do you suffer from hereditary hair loss? Balea MEN&#039;s Power Effect Coffee Boost Tonic can help reduce hair loss. The unique active ingredient complex of caffeine and Rootbio Tec penetrates deep into the hair roots and strengthens them to prevent hair loss.* The powerful formula contains panthenol, ensuring a well-groomed and refreshed scalp. This professional treatment is free from microplastics and water-soluble synthetic polymers. With this little miracle weapon, tackle the problem at the root and give hair loss no chance!<\/p>\n<p><strong>Directions for use<\/strong><\/p>\n<p><strong>For the serum<\/strong><\/p>\n<p>Apply twice a day, morning and evening, evenly to the scalp and massage in gently. Use for at least 3 months. Do not rinse. For optimal results, we also recommend Balea MEN Power Effect Caffeine Shampoo.<\/p>","protected":false},"excerpt":{"rendered":"<p>Shampooing \u00e0 la caf\u00e9ine Power Effect, 250 ml Type de cheveux:Cheveux qui tombent Effet:Contre la chute des cheveux, soin Caract\u00e9ristiques du produit:Sans alcool, Sans silicone, V\u00e9g\u00e9talien Shampooing v\u00e9g\u00e9talien Renforce les racines affaiblies des cheveux Pour des cheveux plus forts et plus denses Complexe de substances actives avec de la caf\u00e9ine Sans silicone ni microplastique &nbsp; [&hellip;]<\/p>\n","protected":false},"featured_media":23488,"template":"","meta":{"om_disable_all_campaigns":false},"product_brand":[3236],"product_cat":[18],"product_tag":[3237,3240,3238,6766,3239,6166,3241,6826,6174,6692,6171,6399,6825,6824,6230],"class_list":{"0":"post-23491","1":"product","2":"type-product","3":"status-publish","4":"has-post-thumbnail","6":"product_brand-balea-dm-prix-maroc","7":"product_cat-beaute-sante","8":"product_tag-balea","9":"product_tag-balea-dm","10":"product_tag-balea-maroc","11":"product_tag-balea-men","12":"product_tag-balea-morocco","13":"product_tag-deodorant-homme","14":"product_tag-dm-maroc","15":"product_tag-fraicheur-masculine","16":"product_tag-gel-douche-homme","17":"product_tag-pack-power-effect","18":"product_tag-parfum-masculin","19":"product_tag-protection-longue-duree","20":"product_tag-routine-soins-hommes","21":"product_tag-shampooing-homme","22":"product_tag-soin-quotidien","24":"first","25":"instock","26":"taxable","27":"shipping-taxable","28":"purchasable","29":"product-type-simple"},"yoast_head":"<!-- This site is optimized with the Yoast SEO plugin v27.3 - https:\/\/yoast.com\/product\/yoast-seo-wordpress\/ -->\n<title>Pack Balea Men Power Effect - Maroc Prix<\/title>\n<meta name=\"description\" content=\"Le Pack Balea MEN Power Effect offre un soin complet pour homme : gel douche, shampooing et d\u00e9odorant pour prot\u00e9ger, revitaliser et rafra\u00eechir au quotidien.\" \/>\n<meta name=\"robots\" content=\"index, follow, max-snippet:-1, max-image-preview:large, max-video-preview:-1\" \/>\n<link rel=\"canonical\" href=\"https:\/\/vitablanca.ma\/en\/product\/pack-balea-men-power-effect\/\" \/>\n<meta property=\"og:locale\" content=\"en_US\" \/>\n<meta property=\"og:type\" content=\"article\" \/>\n<meta property=\"og:title\" content=\"Pack Balea Men Power Effect - Maroc Prix\" \/>\n<meta property=\"og:description\" content=\"Le Pack Balea MEN Power Effect offre un soin complet pour homme : gel douche, shampooing et d\u00e9odorant pour prot\u00e9ger, revitaliser et rafra\u00eechir au quotidien.\" \/>\n<meta property=\"og:url\" content=\"https:\/\/vitablanca.ma\/en\/product\/pack-balea-men-power-effect\/\" \/>\n<meta property=\"og:site_name\" content=\"Vitablanca.ma &ndash; Sant&eacute;, vitalit&eacute; et bien-&ecirc;tre pour tous les Marocains\" \/>\n<meta property=\"article:publisher\" content=\"https:\/\/www.facebook.com\/profile.php?id=61576678196717\" \/>\n<meta property=\"article:modified_time\" content=\"2026-01-30T02:46:56+00:00\" \/>\n<meta property=\"og:image\" content=\"https:\/\/vitablanca.ma\/wp-content\/uploads\/2025\/07\/23.png\" \/>\n\t<meta property=\"og:image:width\" content=\"1080\" \/>\n\t<meta property=\"og:image:height\" content=\"1080\" \/>\n\t<meta property=\"og:image:type\" content=\"image\/png\" \/>\n<meta name=\"twitter:card\" content=\"summary_large_image\" \/>\n<meta name=\"twitter:label1\" content=\"Est. reading time\" \/>\n\t<meta name=\"twitter:data1\" content=\"3 minutes\" \/>\n<script type=\"application\/ld+json\" class=\"yoast-schema-graph\">{\"@context\":\"https:\\\/\\\/schema.org\",\"@graph\":[{\"@type\":[\"WebPage\",\"ItemPage\"],\"@id\":\"https:\\\/\\\/vitablanca.ma\\\/produit\\\/pack-balea-men-power-effect\\\/\",\"url\":\"https:\\\/\\\/vitablanca.ma\\\/produit\\\/pack-balea-men-power-effect\\\/\",\"name\":\"Pack Balea Men Power Effect - Maroc Prix\",\"isPartOf\":{\"@id\":\"https:\\\/\\\/vitablanca.ma\\\/#website\"},\"primaryImageOfPage\":{\"@id\":\"https:\\\/\\\/vitablanca.ma\\\/produit\\\/pack-balea-men-power-effect\\\/#primaryimage\"},\"image\":{\"@id\":\"https:\\\/\\\/vitablanca.ma\\\/produit\\\/pack-balea-men-power-effect\\\/#primaryimage\"},\"thumbnailUrl\":\"https:\\\/\\\/vitablanca.ma\\\/wp-content\\\/uploads\\\/2025\\\/07\\\/23.png\",\"datePublished\":\"2025-07-10T18:12:01+00:00\",\"dateModified\":\"2026-01-30T02:46:56+00:00\",\"description\":\"Le Pack Balea MEN Power Effect offre un soin complet pour homme : gel douche, shampooing et d\u00e9odorant pour prot\u00e9ger, revitaliser et rafra\u00eechir au quotidien.\",\"breadcrumb\":{\"@id\":\"https:\\\/\\\/vitablanca.ma\\\/produit\\\/pack-balea-men-power-effect\\\/#breadcrumb\"},\"inLanguage\":\"en-US\",\"potentialAction\":[{\"@type\":\"ReadAction\",\"target\":[\"https:\\\/\\\/vitablanca.ma\\\/produit\\\/pack-balea-men-power-effect\\\/\"]}]},{\"@type\":\"ImageObject\",\"inLanguage\":\"en-US\",\"@id\":\"https:\\\/\\\/vitablanca.ma\\\/produit\\\/pack-balea-men-power-effect\\\/#primaryimage\",\"url\":\"https:\\\/\\\/vitablanca.ma\\\/wp-content\\\/uploads\\\/2025\\\/07\\\/23.png\",\"contentUrl\":\"https:\\\/\\\/vitablanca.ma\\\/wp-content\\\/uploads\\\/2025\\\/07\\\/23.png\",\"width\":1080,\"height\":1080},{\"@type\":\"BreadcrumbList\",\"@id\":\"https:\\\/\\\/vitablanca.ma\\\/produit\\\/pack-balea-men-power-effect\\\/#breadcrumb\",\"itemListElement\":[{\"@type\":\"ListItem\",\"position\":1,\"name\":\"Home\",\"item\":\"https:\\\/\\\/vitablanca.ma\\\/\"},{\"@type\":\"ListItem\",\"position\":2,\"name\":\"Tous Les Produits\",\"item\":\"https:\\\/\\\/vitablanca.ma\\\/tous-les-produits\\\/\"},{\"@type\":\"ListItem\",\"position\":3,\"name\":\"Pack Balea Men Power Effect\"}]},{\"@type\":\"WebSite\",\"@id\":\"https:\\\/\\\/vitablanca.ma\\\/#website\",\"url\":\"https:\\\/\\\/vitablanca.ma\\\/\",\"name\":\"VitaBlanca.ma | Compl\u00e9ments alimentaires, sant\u00e9 & beaut\u00e9 au Maroc\",\"description\":\"vendre vitamines et compl\u00e9ments premium des USA &amp; Canada, Nouvelle Z\u00e9lande,Maroc (NOW Foods, Solgar, Manuka). Livraison rapide partout au Maroc.\",\"publisher\":{\"@id\":\"https:\\\/\\\/vitablanca.ma\\\/#organization\"},\"alternateName\":\"VitaBlanca.ma\",\"potentialAction\":[{\"@type\":\"SearchAction\",\"target\":{\"@type\":\"EntryPoint\",\"urlTemplate\":\"https:\\\/\\\/vitablanca.ma\\\/?s={search_term_string}\"},\"query-input\":{\"@type\":\"PropertyValueSpecification\",\"valueRequired\":true,\"valueName\":\"search_term_string\"}}],\"inLanguage\":\"en-US\"},{\"@type\":\"Organization\",\"@id\":\"https:\\\/\\\/vitablanca.ma\\\/#organization\",\"name\":\"VitaBlanca\",\"url\":\"https:\\\/\\\/vitablanca.ma\\\/\",\"logo\":{\"@type\":\"ImageObject\",\"inLanguage\":\"en-US\",\"@id\":\"https:\\\/\\\/vitablanca.ma\\\/#\\\/schema\\\/logo\\\/image\\\/\",\"url\":\"https:\\\/\\\/vitablanca.ma\\\/wp-content\\\/uploads\\\/2025\\\/05\\\/cropped-vitablanca.png\",\"contentUrl\":\"https:\\\/\\\/vitablanca.ma\\\/wp-content\\\/uploads\\\/2025\\\/05\\\/cropped-vitablanca.png\",\"width\":360,\"height\":67,\"caption\":\"VitaBlanca\"},\"image\":{\"@id\":\"https:\\\/\\\/vitablanca.ma\\\/#\\\/schema\\\/logo\\\/image\\\/\"},\"sameAs\":[\"https:\\\/\\\/www.facebook.com\\\/profile.php?id=61576678196717\",\"https:\\\/\\\/www.tiktok.com\\\/@vitablanca.ma\",\"https:\\\/\\\/www.instagram.com\\\/vitablanca.ma\\\/\"]}]}<\/script>\n<!-- \/ Yoast SEO plugin. -->","yoast_head_json":{"title":"Balea Men Power Effect Pack - Morocco Price","description":"Le Pack Balea MEN Power Effect offre un soin complet pour homme : gel douche, shampooing et d\u00e9odorant pour prot\u00e9ger, revitaliser et rafra\u00eechir au quotidien.","robots":{"index":"index","follow":"follow","max-snippet":"max-snippet:-1","max-image-preview":"max-image-preview:large","max-video-preview":"max-video-preview:-1"},"canonical":"https:\/\/vitablanca.ma\/en\/product\/pack-balea-men-power-effect\/","og_locale":"en_US","og_type":"article","og_title":"Pack Balea Men Power Effect - Maroc Prix","og_description":"Le Pack Balea MEN Power Effect offre un soin complet pour homme : gel douche, shampooing et d\u00e9odorant pour prot\u00e9ger, revitaliser et rafra\u00eechir au quotidien.","og_url":"https:\/\/vitablanca.ma\/en\/product\/pack-balea-men-power-effect\/","og_site_name":"Vitablanca.ma &ndash; Sant&eacute;, vitalit&eacute; et bien-&ecirc;tre pour tous les Marocains","article_publisher":"https:\/\/www.facebook.com\/profile.php?id=61576678196717","article_modified_time":"2026-01-30T02:46:56+00:00","og_image":[{"width":1080,"height":1080,"url":"https:\/\/vitablanca.ma\/wp-content\/uploads\/2025\/07\/23.png","type":"image\/png"}],"twitter_card":"summary_large_image","twitter_misc":{"Est. reading time":"3 minutes"},"schema":{"@context":"https:\/\/schema.org","@graph":[{"@type":["WebPage","ItemPage"],"@id":"https:\/\/vitablanca.ma\/produit\/pack-balea-men-power-effect\/","url":"https:\/\/vitablanca.ma\/produit\/pack-balea-men-power-effect\/","name":"Balea Men Power Effect Pack - Morocco Price","isPartOf":{"@id":"https:\/\/vitablanca.ma\/#website"},"primaryImageOfPage":{"@id":"https:\/\/vitablanca.ma\/produit\/pack-balea-men-power-effect\/#primaryimage"},"image":{"@id":"https:\/\/vitablanca.ma\/produit\/pack-balea-men-power-effect\/#primaryimage"},"thumbnailUrl":"https:\/\/vitablanca.ma\/wp-content\/uploads\/2025\/07\/23.png","datePublished":"2025-07-10T18:12:01+00:00","dateModified":"2026-01-30T02:46:56+00:00","description":"Le Pack Balea MEN Power Effect offre un soin complet pour homme : gel douche, shampooing et d\u00e9odorant pour prot\u00e9ger, revitaliser et rafra\u00eechir au quotidien.","breadcrumb":{"@id":"https:\/\/vitablanca.ma\/produit\/pack-balea-men-power-effect\/#breadcrumb"},"inLanguage":"en-US","potentialAction":[{"@type":"ReadAction","target":["https:\/\/vitablanca.ma\/produit\/pack-balea-men-power-effect\/"]}]},{"@type":"ImageObject","inLanguage":"en-US","@id":"https:\/\/vitablanca.ma\/produit\/pack-balea-men-power-effect\/#primaryimage","url":"https:\/\/vitablanca.ma\/wp-content\/uploads\/2025\/07\/23.png","contentUrl":"https:\/\/vitablanca.ma\/wp-content\/uploads\/2025\/07\/23.png","width":1080,"height":1080},{"@type":"BreadcrumbList","@id":"https:\/\/vitablanca.ma\/produit\/pack-balea-men-power-effect\/#breadcrumb","itemListElement":[{"@type":"ListItem","position":1,"name":"Home","item":"https:\/\/vitablanca.ma\/"},{"@type":"ListItem","position":2,"name":"Tous Les Produits","item":"https:\/\/vitablanca.ma\/tous-les-produits\/"},{"@type":"ListItem","position":3,"name":"Pack Balea Men Power Effect"}]},{"@type":"WebSite","@id":"https:\/\/vitablanca.ma\/#website","url":"https:\/\/vitablanca.ma\/","name":"VitaBlanca.ma | Food supplements, health &amp; beauty in Morocco","description":"sell premium vitamins and supplements from USA &amp; Canada, New Zealand, Morocco (NOW Foods, Solgar, Manuka). Fast delivery anywhere in Morocco.","publisher":{"@id":"https:\/\/vitablanca.ma\/#organization"},"alternateName":"VitaBlanca.ma","potentialAction":[{"@type":"SearchAction","target":{"@type":"EntryPoint","urlTemplate":"https:\/\/vitablanca.ma\/?s={search_term_string}"},"query-input":{"@type":"PropertyValueSpecification","valueRequired":true,"valueName":"search_term_string"}}],"inLanguage":"en-US"},{"@type":"Organization","@id":"https:\/\/vitablanca.ma\/#organization","name":"VitaBlanca","url":"https:\/\/vitablanca.ma\/","logo":{"@type":"ImageObject","inLanguage":"en-US","@id":"https:\/\/vitablanca.ma\/#\/schema\/logo\/image\/","url":"https:\/\/vitablanca.ma\/wp-content\/uploads\/2025\/05\/cropped-vitablanca.png","contentUrl":"https:\/\/vitablanca.ma\/wp-content\/uploads\/2025\/05\/cropped-vitablanca.png","width":360,"height":67,"caption":"VitaBlanca"},"image":{"@id":"https:\/\/vitablanca.ma\/#\/schema\/logo\/image\/"},"sameAs":["https:\/\/www.facebook.com\/profile.php?id=61576678196717","https:\/\/www.tiktok.com\/@vitablanca.ma","https:\/\/www.instagram.com\/vitablanca.ma\/"]}]}},"jetpack_sharing_enabled":true,"_links":{"self":[{"href":"https:\/\/vitablanca.ma\/en\/wp-json\/wp\/v2\/product\/23491","targetHints":{"allow":["GET"]}}],"collection":[{"href":"https:\/\/vitablanca.ma\/en\/wp-json\/wp\/v2\/product"}],"about":[{"href":"https:\/\/vitablanca.ma\/en\/wp-json\/wp\/v2\/types\/product"}],"wp:featuredmedia":[{"embeddable":true,"href":"https:\/\/vitablanca.ma\/en\/wp-json\/wp\/v2\/media\/23488"}],"wp:attachment":[{"href":"https:\/\/vitablanca.ma\/en\/wp-json\/wp\/v2\/media?parent=23491"}],"wp:term":[{"taxonomy":"product_brand","embeddable":true,"href":"https:\/\/vitablanca.ma\/en\/wp-json\/wp\/v2\/product_brand?post=23491"},{"taxonomy":"product_cat","embeddable":true,"href":"https:\/\/vitablanca.ma\/en\/wp-json\/wp\/v2\/product_cat?post=23491"},{"taxonomy":"product_tag","embeddable":true,"href":"https:\/\/vitablanca.ma\/en\/wp-json\/wp\/v2\/product_tag?post=23491"}],"curies":[{"name":"wp","href":"https:\/\/api.w.org\/{rel}","templated":true}]}}