{"id":23456,"date":"2025-07-10T18:09:33","date_gmt":"2025-07-10T18:09:33","guid":{"rendered":"https:\/\/vitablanca.ma\/product\/balea-mousse-nettoyante-150-ml\/"},"modified":"2026-01-30T03:14:04","modified_gmt":"2026-01-30T03:14:04","slug":"balea-mousse-nettoyante-150-ml","status":"publish","type":"product","link":"https:\/\/vitablanca.ma\/en\/product\/balea-mousse-nettoyante-150-ml\/","title":{"rendered":"Balea \u2013 Cleansing Foam 150 ml"},"content":{"rendered":"<p><strong data-start=\"3\" data-end=\"61\" data-is-last-node=\"\">Cleansing Foam \u2013 For Clean and Fresh Skin \ud83c\udf38<\/strong><\/p>\n<ul>\n<li>150 ml<\/li>\n<li>Paraffin\/mineral oil free<\/li>\n<li>Sans sels d\u2019aluminium \/\u00a0Sans colorants \/\u00a0Sans nanoparticules<\/li>\n<li>With AHA, BHA, niacinamide and zinc<\/li>\n<li>Prevents impurities<\/li>\n<li>Nettoie en profondeur & exfolie<\/li>\n<li>With mild sugar-based surfactants<\/li>\n<li>Fragrance-free<\/li>\n<\/ul>\n<h4><strong><span style=\"font-size: 11pt; line-height: 105%; font-family: 'Segoe UI Emoji', sans-serif;\">\ud83d\udccc<\/span><span lang=\"EN-US\" style=\"font-size: 11pt; line-height: 105%; font-family: Arial, sans-serif;\"> Product Description <\/span><\/strong><\/h4>\n<p>La mousse nettoyante Balea peau pure nettoie et exfolie la peau en douceur. Gr\u00e2ce \u00e0 la combinaison efficace d\u2019AHA (acide lactique) et de BHA (acide salicylique), les cellules mortes sont \u00e9limin\u00e9es en douceur et la peau para\u00eet ainsi plus \u00e9clatante. La formule au zinc et \u00e0 la substance active tendance niacinamide peut avoir un effet r\u00e9gulateur sur la teneur en graisse de la peau et rendre le teint plus uniforme. L\u2019ingr\u00e9dient actif allanto\u00efne, connu pour apaiser la peau, compl\u00e8te la formule. Formule sans microplastiques ni polym\u00e8res purement synth\u00e9tiques solubles dans l\u2019eau.<\/p>\n<h4><strong><span style=\"font-size: 11pt; line-height: 105%; font-family: 'Segoe UI Emoji', sans-serif;\">\ud83d\udca1<\/span><span style=\"font-size: 11pt; line-height: 105%; font-family: Arial, sans-serif;\"> <span lang=\"EN-US\">Directions for use <\/span><\/span><\/strong><\/h4>\n<p>Matin et soir, appliquer une petite quantit\u00e9 de mousse nettoyante sur la peau l\u00e9g\u00e8rement humidifi\u00e9e et masser doucement. Rincer \u00e0 l\u2019eau chaude. \u00c9viter le contour des yeux.<\/p>","protected":false},"excerpt":{"rendered":"<p>Mousse Nettoyante \u2013 Pour une Peau Propre et Fra\u00eeche \ud83c\udf38 150 ml Sans paraffine \/ huiles min\u00e9rales Sans sels d\u2019aluminium \/\u00a0Sans colorants \/\u00a0Sans nanoparticules Avec AHA, BHA, niacinamide et zinc Pr\u00e9vient les impuret\u00e9s Nettoie en profondeur &#038; exfolie Avec des tensioactifs doux \u00e0 base de sucre Sans parfum \ud83d\udccc Description du produit La mousse nettoyante [&hellip;]<\/p>\n","protected":false},"featured_media":23453,"template":"","meta":{"om_disable_all_campaigns":false},"product_brand":[3236],"product_cat":[18],"product_tag":[3237,3240,3238,3239,3241,6836,6839,6276,6796,6837,6302,6838,5863,6392,6274],"class_list":{"0":"post-23456","1":"product","2":"type-product","3":"status-publish","4":"has-post-thumbnail","6":"product_brand-balea-dm-prix-maroc","7":"product_cat-beaute-sante","8":"product_tag-balea","9":"product_tag-balea-dm","10":"product_tag-balea-maroc","11":"product_tag-balea-morocco","12":"product_tag-dm-maroc","13":"product_tag-douce","14":"product_tag-format-150-ml","15":"product_tag-hydratation","16":"product_tag-mousse-nettoyante","17":"product_tag-nettoyage-quotidien","18":"product_tag-peau-douce","19":"product_tag-peau-propre","20":"product_tag-soin-visage","21":"product_tag-usage-quotidien","22":"product_tag-visage","24":"first","25":"instock","26":"taxable","27":"shipping-taxable","28":"purchasable","29":"product-type-simple"},"yoast_head":"<!-- This site is optimized with the Yoast SEO plugin v27.5 - https:\/\/yoast.com\/product\/yoast-seo-wordpress\/ -->\n<title>Balea Mousse nettoyante 150 ml - Maroc Prix<\/title>\n<meta name=\"description\" content=\"La Mousse Nettoyante Balea 150 ml \u00e9limine les impuret\u00e9s et l\u2019exc\u00e8s de s\u00e9bum tout en pr\u00e9servant l\u2019hydratation de la peau. Id\u00e9ale pour un nettoyage quotidien\" \/>\n<meta name=\"robots\" content=\"index, follow, max-snippet:-1, max-image-preview:large, max-video-preview:-1\" \/>\n<link rel=\"canonical\" href=\"https:\/\/vitablanca.ma\/en\/product\/balea-mousse-nettoyante-150-ml\/\" \/>\n<meta property=\"og:locale\" content=\"en_US\" \/>\n<meta property=\"og:type\" content=\"article\" \/>\n<meta property=\"og:title\" content=\"Balea Mousse nettoyante 150 ml - Maroc Prix\" \/>\n<meta property=\"og:description\" content=\"La Mousse Nettoyante Balea 150 ml \u00e9limine les impuret\u00e9s et l\u2019exc\u00e8s de s\u00e9bum tout en pr\u00e9servant l\u2019hydratation de la peau. Id\u00e9ale pour un nettoyage quotidien\" \/>\n<meta property=\"og:url\" content=\"https:\/\/vitablanca.ma\/en\/product\/balea-mousse-nettoyante-150-ml\/\" \/>\n<meta property=\"og:site_name\" content=\"Vitablanca.ma &ndash; Sant&eacute;, vitalit&eacute; et bien-&ecirc;tre pour tous les Marocains\" \/>\n<meta property=\"article:publisher\" content=\"https:\/\/www.facebook.com\/profile.php?id=61576678196717\" \/>\n<meta property=\"article:modified_time\" content=\"2026-01-30T03:14:04+00:00\" \/>\n<meta property=\"og:image\" content=\"https:\/\/vitablanca.ma\/wp-content\/uploads\/2025\/07\/reinigungsschaum-hautrein.jpg\" \/>\n\t<meta property=\"og:image:width\" content=\"1202\" \/>\n\t<meta property=\"og:image:height\" content=\"1200\" \/>\n\t<meta property=\"og:image:type\" content=\"image\/jpeg\" \/>\n<meta name=\"twitter:card\" content=\"summary_large_image\" \/>\n<meta name=\"twitter:label1\" content=\"Est. reading time\" \/>\n\t<meta name=\"twitter:data1\" content=\"2 minutes\" \/>\n<script type=\"application\/ld+json\" class=\"yoast-schema-graph\">{\"@context\":\"https:\\\/\\\/schema.org\",\"@graph\":[{\"@type\":[\"WebPage\",\"ItemPage\"],\"@id\":\"https:\\\/\\\/vitablanca.ma\\\/produit\\\/balea-mousse-nettoyante-150-ml\\\/\",\"url\":\"https:\\\/\\\/vitablanca.ma\\\/produit\\\/balea-mousse-nettoyante-150-ml\\\/\",\"name\":\"Balea Mousse nettoyante 150 ml - Maroc Prix\",\"isPartOf\":{\"@id\":\"https:\\\/\\\/vitablanca.ma\\\/#website\"},\"primaryImageOfPage\":{\"@id\":\"https:\\\/\\\/vitablanca.ma\\\/produit\\\/balea-mousse-nettoyante-150-ml\\\/#primaryimage\"},\"image\":{\"@id\":\"https:\\\/\\\/vitablanca.ma\\\/produit\\\/balea-mousse-nettoyante-150-ml\\\/#primaryimage\"},\"thumbnailUrl\":\"https:\\\/\\\/vitablanca.ma\\\/wp-content\\\/uploads\\\/2025\\\/07\\\/reinigungsschaum-hautrein.jpg\",\"datePublished\":\"2025-07-10T18:09:33+00:00\",\"dateModified\":\"2026-01-30T03:14:04+00:00\",\"description\":\"La Mousse Nettoyante Balea 150 ml \u00e9limine les impuret\u00e9s et l\u2019exc\u00e8s de s\u00e9bum tout en pr\u00e9servant l\u2019hydratation de la peau. Id\u00e9ale pour un nettoyage quotidien\",\"breadcrumb\":{\"@id\":\"https:\\\/\\\/vitablanca.ma\\\/produit\\\/balea-mousse-nettoyante-150-ml\\\/#breadcrumb\"},\"inLanguage\":\"en-US\",\"potentialAction\":[{\"@type\":\"ReadAction\",\"target\":[\"https:\\\/\\\/vitablanca.ma\\\/produit\\\/balea-mousse-nettoyante-150-ml\\\/\"]}]},{\"@type\":\"ImageObject\",\"inLanguage\":\"en-US\",\"@id\":\"https:\\\/\\\/vitablanca.ma\\\/produit\\\/balea-mousse-nettoyante-150-ml\\\/#primaryimage\",\"url\":\"https:\\\/\\\/vitablanca.ma\\\/wp-content\\\/uploads\\\/2025\\\/07\\\/reinigungsschaum-hautrein.jpg\",\"contentUrl\":\"https:\\\/\\\/vitablanca.ma\\\/wp-content\\\/uploads\\\/2025\\\/07\\\/reinigungsschaum-hautrein.jpg\",\"width\":1202,\"height\":1200},{\"@type\":\"BreadcrumbList\",\"@id\":\"https:\\\/\\\/vitablanca.ma\\\/produit\\\/balea-mousse-nettoyante-150-ml\\\/#breadcrumb\",\"itemListElement\":[{\"@type\":\"ListItem\",\"position\":1,\"name\":\"Home\",\"item\":\"https:\\\/\\\/vitablanca.ma\\\/\"},{\"@type\":\"ListItem\",\"position\":2,\"name\":\"Tous Les Produits\",\"item\":\"https:\\\/\\\/vitablanca.ma\\\/tous-les-produits\\\/\"},{\"@type\":\"ListItem\",\"position\":3,\"name\":\"Balea &#8211; Mousse nettoyante 150 ml\"}]},{\"@type\":\"WebSite\",\"@id\":\"https:\\\/\\\/vitablanca.ma\\\/#website\",\"url\":\"https:\\\/\\\/vitablanca.ma\\\/\",\"name\":\"VitaBlanca.ma | Compl\u00e9ments alimentaires, sant\u00e9 & beaut\u00e9 au Maroc\",\"description\":\"vendre vitamines et compl\u00e9ments premium des USA &amp; Canada, Nouvelle Z\u00e9lande,Maroc (NOW Foods, Solgar, Manuka). Livraison rapide partout au Maroc.\",\"publisher\":{\"@id\":\"https:\\\/\\\/vitablanca.ma\\\/#organization\"},\"alternateName\":\"VitaBlanca.ma\",\"potentialAction\":[{\"@type\":\"SearchAction\",\"target\":{\"@type\":\"EntryPoint\",\"urlTemplate\":\"https:\\\/\\\/vitablanca.ma\\\/?s={search_term_string}\"},\"query-input\":{\"@type\":\"PropertyValueSpecification\",\"valueRequired\":true,\"valueName\":\"search_term_string\"}}],\"inLanguage\":\"en-US\"},{\"@type\":\"Organization\",\"@id\":\"https:\\\/\\\/vitablanca.ma\\\/#organization\",\"name\":\"VitaBlanca\",\"url\":\"https:\\\/\\\/vitablanca.ma\\\/\",\"logo\":{\"@type\":\"ImageObject\",\"inLanguage\":\"en-US\",\"@id\":\"https:\\\/\\\/vitablanca.ma\\\/#\\\/schema\\\/logo\\\/image\\\/\",\"url\":\"https:\\\/\\\/vitablanca.ma\\\/wp-content\\\/uploads\\\/2025\\\/05\\\/cropped-vitablanca.png\",\"contentUrl\":\"https:\\\/\\\/vitablanca.ma\\\/wp-content\\\/uploads\\\/2025\\\/05\\\/cropped-vitablanca.png\",\"width\":360,\"height\":67,\"caption\":\"VitaBlanca\"},\"image\":{\"@id\":\"https:\\\/\\\/vitablanca.ma\\\/#\\\/schema\\\/logo\\\/image\\\/\"},\"sameAs\":[\"https:\\\/\\\/www.facebook.com\\\/profile.php?id=61576678196717\",\"https:\\\/\\\/www.tiktok.com\\\/@vitablanca.ma\",\"https:\\\/\\\/www.instagram.com\\\/vitablanca.ma\\\/\"]}]}<\/script>\n<!-- \/ Yoast SEO plugin. -->","yoast_head_json":{"title":"Balea Mousse nettoyante 150 ml - Maroc Prix","description":"La Mousse Nettoyante Balea 150 ml \u00e9limine les impuret\u00e9s et l\u2019exc\u00e8s de s\u00e9bum tout en pr\u00e9servant l\u2019hydratation de la peau. Id\u00e9ale pour un nettoyage quotidien","robots":{"index":"index","follow":"follow","max-snippet":"max-snippet:-1","max-image-preview":"max-image-preview:large","max-video-preview":"max-video-preview:-1"},"canonical":"https:\/\/vitablanca.ma\/en\/product\/balea-mousse-nettoyante-150-ml\/","og_locale":"en_US","og_type":"article","og_title":"Balea Mousse nettoyante 150 ml - Maroc Prix","og_description":"La Mousse Nettoyante Balea 150 ml \u00e9limine les impuret\u00e9s et l\u2019exc\u00e8s de s\u00e9bum tout en pr\u00e9servant l\u2019hydratation de la peau. Id\u00e9ale pour un nettoyage quotidien","og_url":"https:\/\/vitablanca.ma\/en\/product\/balea-mousse-nettoyante-150-ml\/","og_site_name":"Vitablanca.ma &ndash; Sant&eacute;, vitalit&eacute; et bien-&ecirc;tre pour tous les Marocains","article_publisher":"https:\/\/www.facebook.com\/profile.php?id=61576678196717","article_modified_time":"2026-01-30T03:14:04+00:00","og_image":[{"width":1202,"height":1200,"url":"https:\/\/vitablanca.ma\/wp-content\/uploads\/2025\/07\/reinigungsschaum-hautrein.jpg","type":"image\/jpeg"}],"twitter_card":"summary_large_image","twitter_misc":{"Est. reading time":"2 minutes"},"schema":{"@context":"https:\/\/schema.org","@graph":[{"@type":["WebPage","ItemPage"],"@id":"https:\/\/vitablanca.ma\/produit\/balea-mousse-nettoyante-150-ml\/","url":"https:\/\/vitablanca.ma\/produit\/balea-mousse-nettoyante-150-ml\/","name":"Balea Mousse nettoyante 150 ml - Maroc Prix","isPartOf":{"@id":"https:\/\/vitablanca.ma\/#website"},"primaryImageOfPage":{"@id":"https:\/\/vitablanca.ma\/produit\/balea-mousse-nettoyante-150-ml\/#primaryimage"},"image":{"@id":"https:\/\/vitablanca.ma\/produit\/balea-mousse-nettoyante-150-ml\/#primaryimage"},"thumbnailUrl":"https:\/\/vitablanca.ma\/wp-content\/uploads\/2025\/07\/reinigungsschaum-hautrein.jpg","datePublished":"2025-07-10T18:09:33+00:00","dateModified":"2026-01-30T03:14:04+00:00","description":"La Mousse Nettoyante Balea 150 ml \u00e9limine les impuret\u00e9s et l\u2019exc\u00e8s de s\u00e9bum tout en pr\u00e9servant l\u2019hydratation de la peau. Id\u00e9ale pour un nettoyage quotidien","breadcrumb":{"@id":"https:\/\/vitablanca.ma\/produit\/balea-mousse-nettoyante-150-ml\/#breadcrumb"},"inLanguage":"en-US","potentialAction":[{"@type":"ReadAction","target":["https:\/\/vitablanca.ma\/produit\/balea-mousse-nettoyante-150-ml\/"]}]},{"@type":"ImageObject","inLanguage":"en-US","@id":"https:\/\/vitablanca.ma\/produit\/balea-mousse-nettoyante-150-ml\/#primaryimage","url":"https:\/\/vitablanca.ma\/wp-content\/uploads\/2025\/07\/reinigungsschaum-hautrein.jpg","contentUrl":"https:\/\/vitablanca.ma\/wp-content\/uploads\/2025\/07\/reinigungsschaum-hautrein.jpg","width":1202,"height":1200},{"@type":"BreadcrumbList","@id":"https:\/\/vitablanca.ma\/produit\/balea-mousse-nettoyante-150-ml\/#breadcrumb","itemListElement":[{"@type":"ListItem","position":1,"name":"Home","item":"https:\/\/vitablanca.ma\/"},{"@type":"ListItem","position":2,"name":"Tous Les Produits","item":"https:\/\/vitablanca.ma\/tous-les-produits\/"},{"@type":"ListItem","position":3,"name":"Balea &#8211; Mousse nettoyante 150 ml"}]},{"@type":"WebSite","@id":"https:\/\/vitablanca.ma\/#website","url":"https:\/\/vitablanca.ma\/","name":"VitaBlanca.ma | Food supplements, health &amp; beauty in Morocco","description":"sell premium vitamins and supplements from USA &amp; Canada, New Zealand, Morocco (NOW Foods, Solgar, Manuka). Fast delivery anywhere in Morocco.","publisher":{"@id":"https:\/\/vitablanca.ma\/#organization"},"alternateName":"VitaBlanca.ma","potentialAction":[{"@type":"SearchAction","target":{"@type":"EntryPoint","urlTemplate":"https:\/\/vitablanca.ma\/?s={search_term_string}"},"query-input":{"@type":"PropertyValueSpecification","valueRequired":true,"valueName":"search_term_string"}}],"inLanguage":"en-US"},{"@type":"Organization","@id":"https:\/\/vitablanca.ma\/#organization","name":"VitaBlanca","url":"https:\/\/vitablanca.ma\/","logo":{"@type":"ImageObject","inLanguage":"en-US","@id":"https:\/\/vitablanca.ma\/#\/schema\/logo\/image\/","url":"https:\/\/vitablanca.ma\/wp-content\/uploads\/2025\/05\/cropped-vitablanca.png","contentUrl":"https:\/\/vitablanca.ma\/wp-content\/uploads\/2025\/05\/cropped-vitablanca.png","width":360,"height":67,"caption":"VitaBlanca"},"image":{"@id":"https:\/\/vitablanca.ma\/#\/schema\/logo\/image\/"},"sameAs":["https:\/\/www.facebook.com\/profile.php?id=61576678196717","https:\/\/www.tiktok.com\/@vitablanca.ma","https:\/\/www.instagram.com\/vitablanca.ma\/"]}]}},"jetpack_sharing_enabled":true,"_links":{"self":[{"href":"https:\/\/vitablanca.ma\/en\/wp-json\/wp\/v2\/product\/23456","targetHints":{"allow":["GET"]}}],"collection":[{"href":"https:\/\/vitablanca.ma\/en\/wp-json\/wp\/v2\/product"}],"about":[{"href":"https:\/\/vitablanca.ma\/en\/wp-json\/wp\/v2\/types\/product"}],"wp:featuredmedia":[{"embeddable":true,"href":"https:\/\/vitablanca.ma\/en\/wp-json\/wp\/v2\/media\/23453"}],"wp:attachment":[{"href":"https:\/\/vitablanca.ma\/en\/wp-json\/wp\/v2\/media?parent=23456"}],"wp:term":[{"taxonomy":"product_brand","embeddable":true,"href":"https:\/\/vitablanca.ma\/en\/wp-json\/wp\/v2\/product_brand?post=23456"},{"taxonomy":"product_cat","embeddable":true,"href":"https:\/\/vitablanca.ma\/en\/wp-json\/wp\/v2\/product_cat?post=23456"},{"taxonomy":"product_tag","embeddable":true,"href":"https:\/\/vitablanca.ma\/en\/wp-json\/wp\/v2\/product_tag?post=23456"}],"curies":[{"name":"wp","href":"https:\/\/api.w.org\/{rel}","templated":true}]}}