{"id":23452,"date":"2025-07-10T18:08:59","date_gmt":"2025-07-10T18:08:59","guid":{"rendered":"https:\/\/vitablanca.ma\/product\/balea-nosestrips-anti-comedons\/"},"modified":"2026-01-30T03:16:21","modified_gmt":"2026-01-30T03:16:21","slug":"balea-nosestrips-anti-comedons","status":"publish","type":"product","link":"https:\/\/vitablanca.ma\/en\/product\/balea-nosestrips-anti-comedons\/","title":{"rendered":"Balea \u2013 Anti-blackhead nosestrips"},"content":{"rendered":"<p><strong data-start=\"3\" data-end=\"68\" data-is-last-node=\"\">Anti-Blackhead Nose Strips \u2013 For Clear and Purified Skin \u2728<\/strong><\/p>\n<ul>\n<li>3 rooms<\/li>\n<li>Alcohol-free \/ Fragrance-free<\/li>\n<li>Paraffin \/ Mineral Oil Free \/ Paraben Free<\/li>\n<li>Sans sels d\u2019aluminium<\/li>\n<li>Removes blackheads on the nose, chin and forehead<\/li>\n<li>Deep cleaning<\/li>\n<li>With salicylic acid and tea tree oil<\/li>\n<\/ul>\n<h4><strong><span style=\"font-size: 11pt; line-height: 105%; font-family: 'Segoe UI Emoji', sans-serif;\">\ud83d\udccc<\/span><span lang=\"EN-US\" style=\"font-size: 11pt; line-height: 105%; font-family: Arial, sans-serif;\"> Product Description <\/span><\/strong><\/h4>\n<p>Les Nosestrips anti-com\u00e9dons de Balea peau pure sont une aide imm\u00e9diate en cas de points noirs. La formulation \u00e0 l\u2019acide salicylique et \u00e0 l\u2019huile d\u2019arbre \u00e0 th\u00e9 peut \u00e9liminer de mani\u00e8re cibl\u00e9e les points noirs sur le nez, le front et le menton et assure un nettoyage en profondeur des pores. Application rapide et facile.<\/p>\n<h4><strong><span style=\"font-size: 11pt; line-height: 105%; font-family: 'Segoe UI Emoji', sans-serif;\">\ud83d\udca1<\/span><span style=\"font-size: 11pt; line-height: 105%; font-family: Arial, sans-serif;\"> <span lang=\"EN-US\">Directions for use <\/span><\/span><\/strong><\/h4>\n<p>Tol\u00e9rance cutan\u00e9e confirm\u00e9e sous contr\u00f4le dermatologique Appliquer sur la peau nettoy\u00e9e et presser doucement. Laisser agir 10 \u00e0 15 minutes. Ensuite, retirer lentement par le c\u00f4t\u00e9. Rincer abondamment le visage et les \u00e9ventuels r\u00e9sidus de colle \u00e0 l\u2019eau ti\u00e8de.<\/p>\n<h4><strong><span lang=\"EN-US\" style=\"font-size: 11pt; line-height: 105%; font-family: 'Segoe UI Emoji', sans-serif;\">\u26a0<\/span><span style=\"font-size: 11pt; line-height: 105%; font-family: Arial, sans-serif;\">\ufe0f<\/span><span lang=\"EN-US\" style=\"font-size: 11pt; line-height: 105%; font-family: Arial, sans-serif;\"> Warnings <\/span><\/strong><\/h4>\n<p>Ne pas utiliser les strips si la peau est sensible aux patchs ou aux masques peel-off ou si la zone pr\u00e9sente des coups de soleil, des boutons ou des irritations cutan\u00e9es. Laisser un intervalle d\u2019au moins 3 jours entre les applications. Si les strips se d\u00e9tachent difficilement, les humidifier avec beaucoup d\u2019eau et les d\u00e9coller avec pr\u00e9caution. Strip non r\u00e9utilisable.<\/p>","protected":false},"excerpt":{"rendered":"<p>Nose Strips Anti-Com\u00e9dons \u2013 Pour une Peau Nette et Purifi\u00e9e \u2728 3 Pieces Sans alcool \/\u00a0Sans parfum Sans paraffine \/ huiles min\u00e9rales \/\u00a0Sans parab\u00e8ne Sans sels d\u2019aluminium Elimine les points noirs sur le nez, le menton et le front Nettoyage en profondeur Avec acide salicylique et huile de th\u00e9ier \ud83d\udccc Description du produit Les Nosestrips [&hellip;]<\/p>\n","protected":false},"featured_media":23449,"template":"","meta":{"om_disable_all_campaigns":false},"product_brand":[3236],"product_cat":[18],"product_tag":[6841,3237,3240,3238,3239,3241,6844,6842,6840,6268,6289,6415,6355,6660,6132,6843],"class_list":{"0":"post-23452","1":"product","2":"type-product","3":"status-publish","4":"has-post-thumbnail","6":"product_brand-balea-dm-prix-maroc","7":"product_cat-beaute-sante","8":"product_tag-anti-comedons","9":"product_tag-balea","10":"product_tag-balea-dm","11":"product_tag-balea-maroc","12":"product_tag-balea-morocco","13":"product_tag-dm-maroc","14":"product_tag-nettoyage-facile","15":"product_tag-nez","16":"product_tag-nosestrips","17":"product_tag-peau-lisse","18":"product_tag-peau-nette","19":"product_tag-points-noirs","20":"product_tag-purifiant","21":"product_tag-routine-beaute","22":"product_tag-soin-express","23":"product_tag-strips-visage","25":"first","26":"instock","27":"taxable","28":"shipping-taxable","29":"purchasable","30":"product-type-simple"},"yoast_head":"<!-- This site is optimized with the Yoast SEO plugin v27.5 - https:\/\/yoast.com\/product\/yoast-seo-wordpress\/ -->\n<title>Balea Nosestrips anti-com\u00e9dons - Maroc Prix<\/title>\n<meta name=\"description\" content=\"Les Nosestrips Balea Anti-Com\u00e9dons \u00e9liminent points noirs et impuret\u00e9s du nez. Laissez votre peau propre, nette et purifi\u00e9e en quelques minutes seulement.\" \/>\n<meta name=\"robots\" content=\"index, follow, max-snippet:-1, max-image-preview:large, max-video-preview:-1\" \/>\n<link rel=\"canonical\" href=\"https:\/\/vitablanca.ma\/en\/product\/balea-nosestrips-anti-comedons\/\" \/>\n<meta property=\"og:locale\" content=\"en_US\" \/>\n<meta property=\"og:type\" content=\"article\" \/>\n<meta property=\"og:title\" content=\"Balea Nosestrips anti-com\u00e9dons - Maroc Prix\" \/>\n<meta property=\"og:description\" content=\"Les Nosestrips Balea Anti-Com\u00e9dons \u00e9liminent points noirs et impuret\u00e9s du nez. Laissez votre peau propre, nette et purifi\u00e9e en quelques minutes seulement.\" \/>\n<meta property=\"og:url\" content=\"https:\/\/vitablanca.ma\/en\/product\/balea-nosestrips-anti-comedons\/\" \/>\n<meta property=\"og:site_name\" content=\"Vitablanca.ma &ndash; Sant&eacute;, vitalit&eacute; et bien-&ecirc;tre pour tous les Marocains\" \/>\n<meta property=\"article:publisher\" content=\"https:\/\/www.facebook.com\/profile.php?id=61576678196717\" \/>\n<meta property=\"article:modified_time\" content=\"2026-01-30T03:16:21+00:00\" \/>\n<meta property=\"og:image\" content=\"https:\/\/vitablanca.ma\/wp-content\/uploads\/2025\/07\/anti-mitesser-nosestrips-hautrein.jpg\" \/>\n\t<meta property=\"og:image:width\" content=\"1202\" \/>\n\t<meta property=\"og:image:height\" content=\"1200\" \/>\n\t<meta property=\"og:image:type\" content=\"image\/jpeg\" \/>\n<meta name=\"twitter:card\" content=\"summary_large_image\" \/>\n<meta name=\"twitter:label1\" content=\"Est. reading time\" \/>\n\t<meta name=\"twitter:data1\" content=\"2 minutes\" \/>\n<script type=\"application\/ld+json\" class=\"yoast-schema-graph\">{\"@context\":\"https:\\\/\\\/schema.org\",\"@graph\":[{\"@type\":[\"WebPage\",\"ItemPage\"],\"@id\":\"https:\\\/\\\/vitablanca.ma\\\/produit\\\/balea-nosestrips-anti-comedons\\\/\",\"url\":\"https:\\\/\\\/vitablanca.ma\\\/produit\\\/balea-nosestrips-anti-comedons\\\/\",\"name\":\"Balea Nosestrips anti-com\u00e9dons - Maroc Prix\",\"isPartOf\":{\"@id\":\"https:\\\/\\\/vitablanca.ma\\\/#website\"},\"primaryImageOfPage\":{\"@id\":\"https:\\\/\\\/vitablanca.ma\\\/produit\\\/balea-nosestrips-anti-comedons\\\/#primaryimage\"},\"image\":{\"@id\":\"https:\\\/\\\/vitablanca.ma\\\/produit\\\/balea-nosestrips-anti-comedons\\\/#primaryimage\"},\"thumbnailUrl\":\"https:\\\/\\\/vitablanca.ma\\\/wp-content\\\/uploads\\\/2025\\\/07\\\/anti-mitesser-nosestrips-hautrein.jpg\",\"datePublished\":\"2025-07-10T18:08:59+00:00\",\"dateModified\":\"2026-01-30T03:16:21+00:00\",\"description\":\"Les Nosestrips Balea Anti-Com\u00e9dons \u00e9liminent points noirs et impuret\u00e9s du nez. Laissez votre peau propre, nette et purifi\u00e9e en quelques minutes seulement.\",\"breadcrumb\":{\"@id\":\"https:\\\/\\\/vitablanca.ma\\\/produit\\\/balea-nosestrips-anti-comedons\\\/#breadcrumb\"},\"inLanguage\":\"en-US\",\"potentialAction\":[{\"@type\":\"ReadAction\",\"target\":[\"https:\\\/\\\/vitablanca.ma\\\/produit\\\/balea-nosestrips-anti-comedons\\\/\"]}]},{\"@type\":\"ImageObject\",\"inLanguage\":\"en-US\",\"@id\":\"https:\\\/\\\/vitablanca.ma\\\/produit\\\/balea-nosestrips-anti-comedons\\\/#primaryimage\",\"url\":\"https:\\\/\\\/vitablanca.ma\\\/wp-content\\\/uploads\\\/2025\\\/07\\\/anti-mitesser-nosestrips-hautrein.jpg\",\"contentUrl\":\"https:\\\/\\\/vitablanca.ma\\\/wp-content\\\/uploads\\\/2025\\\/07\\\/anti-mitesser-nosestrips-hautrein.jpg\",\"width\":1202,\"height\":1200},{\"@type\":\"BreadcrumbList\",\"@id\":\"https:\\\/\\\/vitablanca.ma\\\/produit\\\/balea-nosestrips-anti-comedons\\\/#breadcrumb\",\"itemListElement\":[{\"@type\":\"ListItem\",\"position\":1,\"name\":\"Home\",\"item\":\"https:\\\/\\\/vitablanca.ma\\\/\"},{\"@type\":\"ListItem\",\"position\":2,\"name\":\"Tous Les Produits\",\"item\":\"https:\\\/\\\/vitablanca.ma\\\/tous-les-produits\\\/\"},{\"@type\":\"ListItem\",\"position\":3,\"name\":\"Balea &#8211; Nosestrips anti-com\u00e9dons\"}]},{\"@type\":\"WebSite\",\"@id\":\"https:\\\/\\\/vitablanca.ma\\\/#website\",\"url\":\"https:\\\/\\\/vitablanca.ma\\\/\",\"name\":\"VitaBlanca.ma | Compl\u00e9ments alimentaires, sant\u00e9 & beaut\u00e9 au Maroc\",\"description\":\"vendre vitamines et compl\u00e9ments premium des USA &amp; Canada, Nouvelle Z\u00e9lande,Maroc (NOW Foods, Solgar, Manuka). Livraison rapide partout au Maroc.\",\"publisher\":{\"@id\":\"https:\\\/\\\/vitablanca.ma\\\/#organization\"},\"alternateName\":\"VitaBlanca.ma\",\"potentialAction\":[{\"@type\":\"SearchAction\",\"target\":{\"@type\":\"EntryPoint\",\"urlTemplate\":\"https:\\\/\\\/vitablanca.ma\\\/?s={search_term_string}\"},\"query-input\":{\"@type\":\"PropertyValueSpecification\",\"valueRequired\":true,\"valueName\":\"search_term_string\"}}],\"inLanguage\":\"en-US\"},{\"@type\":\"Organization\",\"@id\":\"https:\\\/\\\/vitablanca.ma\\\/#organization\",\"name\":\"VitaBlanca\",\"url\":\"https:\\\/\\\/vitablanca.ma\\\/\",\"logo\":{\"@type\":\"ImageObject\",\"inLanguage\":\"en-US\",\"@id\":\"https:\\\/\\\/vitablanca.ma\\\/#\\\/schema\\\/logo\\\/image\\\/\",\"url\":\"https:\\\/\\\/vitablanca.ma\\\/wp-content\\\/uploads\\\/2025\\\/05\\\/cropped-vitablanca.png\",\"contentUrl\":\"https:\\\/\\\/vitablanca.ma\\\/wp-content\\\/uploads\\\/2025\\\/05\\\/cropped-vitablanca.png\",\"width\":360,\"height\":67,\"caption\":\"VitaBlanca\"},\"image\":{\"@id\":\"https:\\\/\\\/vitablanca.ma\\\/#\\\/schema\\\/logo\\\/image\\\/\"},\"sameAs\":[\"https:\\\/\\\/www.facebook.com\\\/profile.php?id=61576678196717\",\"https:\\\/\\\/www.tiktok.com\\\/@vitablanca.ma\",\"https:\\\/\\\/www.instagram.com\\\/vitablanca.ma\\\/\"]}]}<\/script>\n<!-- \/ Yoast SEO plugin. -->","yoast_head_json":{"title":"Balea Nosestrips anti-com\u00e9dons - Maroc Prix","description":"Les Nosestrips Balea Anti-Com\u00e9dons \u00e9liminent points noirs et impuret\u00e9s du nez. Laissez votre peau propre, nette et purifi\u00e9e en quelques minutes seulement.","robots":{"index":"index","follow":"follow","max-snippet":"max-snippet:-1","max-image-preview":"max-image-preview:large","max-video-preview":"max-video-preview:-1"},"canonical":"https:\/\/vitablanca.ma\/en\/product\/balea-nosestrips-anti-comedons\/","og_locale":"en_US","og_type":"article","og_title":"Balea Nosestrips anti-com\u00e9dons - Maroc Prix","og_description":"Les Nosestrips Balea Anti-Com\u00e9dons \u00e9liminent points noirs et impuret\u00e9s du nez. Laissez votre peau propre, nette et purifi\u00e9e en quelques minutes seulement.","og_url":"https:\/\/vitablanca.ma\/en\/product\/balea-nosestrips-anti-comedons\/","og_site_name":"Vitablanca.ma &ndash; Sant&eacute;, vitalit&eacute; et bien-&ecirc;tre pour tous les Marocains","article_publisher":"https:\/\/www.facebook.com\/profile.php?id=61576678196717","article_modified_time":"2026-01-30T03:16:21+00:00","og_image":[{"width":1202,"height":1200,"url":"https:\/\/vitablanca.ma\/wp-content\/uploads\/2025\/07\/anti-mitesser-nosestrips-hautrein.jpg","type":"image\/jpeg"}],"twitter_card":"summary_large_image","twitter_misc":{"Est. reading time":"2 minutes"},"schema":{"@context":"https:\/\/schema.org","@graph":[{"@type":["WebPage","ItemPage"],"@id":"https:\/\/vitablanca.ma\/produit\/balea-nosestrips-anti-comedons\/","url":"https:\/\/vitablanca.ma\/produit\/balea-nosestrips-anti-comedons\/","name":"Balea Nosestrips anti-com\u00e9dons - Maroc Prix","isPartOf":{"@id":"https:\/\/vitablanca.ma\/#website"},"primaryImageOfPage":{"@id":"https:\/\/vitablanca.ma\/produit\/balea-nosestrips-anti-comedons\/#primaryimage"},"image":{"@id":"https:\/\/vitablanca.ma\/produit\/balea-nosestrips-anti-comedons\/#primaryimage"},"thumbnailUrl":"https:\/\/vitablanca.ma\/wp-content\/uploads\/2025\/07\/anti-mitesser-nosestrips-hautrein.jpg","datePublished":"2025-07-10T18:08:59+00:00","dateModified":"2026-01-30T03:16:21+00:00","description":"Les Nosestrips Balea Anti-Com\u00e9dons \u00e9liminent points noirs et impuret\u00e9s du nez. Laissez votre peau propre, nette et purifi\u00e9e en quelques minutes seulement.","breadcrumb":{"@id":"https:\/\/vitablanca.ma\/produit\/balea-nosestrips-anti-comedons\/#breadcrumb"},"inLanguage":"en-US","potentialAction":[{"@type":"ReadAction","target":["https:\/\/vitablanca.ma\/produit\/balea-nosestrips-anti-comedons\/"]}]},{"@type":"ImageObject","inLanguage":"en-US","@id":"https:\/\/vitablanca.ma\/produit\/balea-nosestrips-anti-comedons\/#primaryimage","url":"https:\/\/vitablanca.ma\/wp-content\/uploads\/2025\/07\/anti-mitesser-nosestrips-hautrein.jpg","contentUrl":"https:\/\/vitablanca.ma\/wp-content\/uploads\/2025\/07\/anti-mitesser-nosestrips-hautrein.jpg","width":1202,"height":1200},{"@type":"BreadcrumbList","@id":"https:\/\/vitablanca.ma\/produit\/balea-nosestrips-anti-comedons\/#breadcrumb","itemListElement":[{"@type":"ListItem","position":1,"name":"Home","item":"https:\/\/vitablanca.ma\/"},{"@type":"ListItem","position":2,"name":"Tous Les Produits","item":"https:\/\/vitablanca.ma\/tous-les-produits\/"},{"@type":"ListItem","position":3,"name":"Balea &#8211; Nosestrips anti-com\u00e9dons"}]},{"@type":"WebSite","@id":"https:\/\/vitablanca.ma\/#website","url":"https:\/\/vitablanca.ma\/","name":"VitaBlanca.ma | Food supplements, health &amp; beauty in Morocco","description":"sell premium vitamins and supplements from USA &amp; Canada, New Zealand, Morocco (NOW Foods, Solgar, Manuka). Fast delivery anywhere in Morocco.","publisher":{"@id":"https:\/\/vitablanca.ma\/#organization"},"alternateName":"VitaBlanca.ma","potentialAction":[{"@type":"SearchAction","target":{"@type":"EntryPoint","urlTemplate":"https:\/\/vitablanca.ma\/?s={search_term_string}"},"query-input":{"@type":"PropertyValueSpecification","valueRequired":true,"valueName":"search_term_string"}}],"inLanguage":"en-US"},{"@type":"Organization","@id":"https:\/\/vitablanca.ma\/#organization","name":"VitaBlanca","url":"https:\/\/vitablanca.ma\/","logo":{"@type":"ImageObject","inLanguage":"en-US","@id":"https:\/\/vitablanca.ma\/#\/schema\/logo\/image\/","url":"https:\/\/vitablanca.ma\/wp-content\/uploads\/2025\/05\/cropped-vitablanca.png","contentUrl":"https:\/\/vitablanca.ma\/wp-content\/uploads\/2025\/05\/cropped-vitablanca.png","width":360,"height":67,"caption":"VitaBlanca"},"image":{"@id":"https:\/\/vitablanca.ma\/#\/schema\/logo\/image\/"},"sameAs":["https:\/\/www.facebook.com\/profile.php?id=61576678196717","https:\/\/www.tiktok.com\/@vitablanca.ma","https:\/\/www.instagram.com\/vitablanca.ma\/"]}]}},"jetpack_sharing_enabled":true,"_links":{"self":[{"href":"https:\/\/vitablanca.ma\/en\/wp-json\/wp\/v2\/product\/23452","targetHints":{"allow":["GET"]}}],"collection":[{"href":"https:\/\/vitablanca.ma\/en\/wp-json\/wp\/v2\/product"}],"about":[{"href":"https:\/\/vitablanca.ma\/en\/wp-json\/wp\/v2\/types\/product"}],"wp:featuredmedia":[{"embeddable":true,"href":"https:\/\/vitablanca.ma\/en\/wp-json\/wp\/v2\/media\/23449"}],"wp:attachment":[{"href":"https:\/\/vitablanca.ma\/en\/wp-json\/wp\/v2\/media?parent=23452"}],"wp:term":[{"taxonomy":"product_brand","embeddable":true,"href":"https:\/\/vitablanca.ma\/en\/wp-json\/wp\/v2\/product_brand?post=23452"},{"taxonomy":"product_cat","embeddable":true,"href":"https:\/\/vitablanca.ma\/en\/wp-json\/wp\/v2\/product_cat?post=23452"},{"taxonomy":"product_tag","embeddable":true,"href":"https:\/\/vitablanca.ma\/en\/wp-json\/wp\/v2\/product_tag?post=23452"}],"curies":[{"name":"wp","href":"https:\/\/api.w.org\/{rel}","templated":true}]}}