{"id":23440,"date":"2025-07-10T18:08:02","date_gmt":"2025-07-10T18:08:02","guid":{"rendered":"https:\/\/vitablanca.ma\/product\/balea-gel-sos-anti-boutons-peau-propre\/"},"modified":"2026-01-30T03:37:21","modified_gmt":"2026-01-30T03:37:21","slug":"balea-gel-sos-anti-boutons-peau-propre","status":"publish","type":"product","link":"https:\/\/vitablanca.ma\/en\/product\/balea-gel-sos-anti-boutons-peau-propre\/","title":{"rendered":"Balea \u2013 SOS anti-pimple gel for clean skin"},"content":{"rendered":"<h3>\u00a0Targeted action for clear, blemish-free skin \u2728<\/h3>\n<ul>\n<li>Vegan<\/li>\n<li>Fragrance-free<\/li>\n<li>Paraffin\/mineral oil free<\/li>\n<li>Paraben-free<\/li>\n<li>Without aluminum salts<\/li>\n<li>Formulated with salicylic acid, zinc, panthenol and allantoin<\/li>\n<li>Fights bacteria that cause pimples<\/li>\n<li>With skin soothing properties<\/li>\n<li>Can fight redness<\/li>\n<li>Volume 15 ml<\/li>\n<\/ul>\n<p><strong><span style=\"font-family: 'Segoe UI Emoji',sans-serif;\">\ud83d\udccc<\/span><\/strong><strong> <span style=\"font-family: 'Arial',sans-serif;\">Product Description<\/span><\/strong><\/p>\n<p>Balea Hautrein&#039;s SOS Anti-Pimple Gel provides immediate relief from pimples and blackheads. Salicylic acid and zinc can help fight the bacteria that cause pimples. Panthenol and allantoin also have skin-soothing properties. The fragrance-free formula helps clear pimples quickly*. Formulated without microplastics or pure, water-soluble synthetic polymers.<\/p>\n<h4><strong><span style=\"font-size: 11.0pt; line-height: 106%; font-family: 'Segoe UI Emoji',sans-serif; font-weight: normal;\">\ud83d\udca1<\/span><\/strong><strong> <span lang=\"EN-US\" style=\"font-size: 11pt; line-height: 106%; font-family: Arial, sans-serif;\">Directions for use<\/span><\/strong><\/h4>\n<p><span lang=\"EN-US\" style=\"font-size: 11.0pt; line-height: 106%; font-family: 'Arial',sans-serif; font-weight: normal;\">Skin tolerance confirmed under dermatological control Apply a thin layer to the affected areas after cleansing. Initially, apply once a day, then up to twice a day if the skin is well tolerated. If the skin peels, apply only once a day.<\/span><\/p>\n<h4><span lang=\"EN-US\" style=\"font-size: 11.0pt; line-height: 106%; font-family: 'Arial',sans-serif; font-weight: normal;\"><strong><span lang=\"EN-US\" style=\"font-size: 11.0pt; line-height: 106%; font-family: 'Segoe UI Emoji',sans-serif; font-weight: normal;\">\u26a0<\/span><\/strong><strong><span style=\"font-size: 11.0pt; line-height: 106%; font-family: 'Arial',sans-serif; font-weight: normal;\">\ufe0f<\/span><\/strong><strong> <span style=\"font-size: 11pt; line-height: 106%; font-family: Arial, sans-serif;\"><span lang=\"EN-US\">Warnings\u00a0<\/span><\/span><\/strong><\/span><\/h4>\n<h4><span lang=\"EN-US\" style=\"font-size: 11.0pt; line-height: 106%; font-family: 'Arial',sans-serif; font-weight: normal;\"><span style=\"font-size: 11.0pt; line-height: 106%; font-family: 'Arial',sans-serif; font-weight: normal;\"><span lang=\"EN-US\">For external use only. Avoid contact with eyes, lips, and mucous membranes! If, unexpectedly, skin irritation occurs, discontinue treatment immediately.<\/span><\/span><\/span><\/h4>","protected":false},"excerpt":{"rendered":"<p>\u00a0Action cibl\u00e9e pour une peau nette et sans imperfections \u2728 V\u00e9gane Sans parfum Sans paraffine \/ huiles min\u00e9rales Sans parab\u00e8ne Sans sels d&rsquo;aluminium Formule avec acide salicylique, zinc, panth\u00e9nol et allanto\u00efne Combat les bact\u00e9ries responsables des boutons Avec propri\u00e9t\u00e9s apaisantes pour la peau Peut combattre les rougeurs Volume 15 ml \ud83d\udccc Description du produit Le [&hellip;]<\/p>\n","protected":false},"featured_media":23437,"template":"","meta":{"om_disable_all_campaigns":false},"product_brand":[3236],"product_cat":[18],"product_tag":[6829,3237,3240,3238,3239,6846,3241,6853,6847,6830,6851,6854,6132,6855],"class_list":{"0":"post-23440","1":"product","2":"type-product","3":"status-publish","4":"has-post-thumbnail","6":"product_brand-balea-dm-prix-maroc","7":"product_cat-beaute-sante","8":"product_tag-anti-boutons","9":"product_tag-balea","10":"product_tag-balea-dm","11":"product_tag-balea-maroc","12":"product_tag-balea-morocco","13":"product_tag-boutons","14":"product_tag-dm-maroc","15":"product_tag-gel-sos","16":"product_tag-peau-acneique","17":"product_tag-peau-pure","18":"product_tag-reduction-imperfections","19":"product_tag-soin-cible","20":"product_tag-soin-express","21":"product_tag-traitement-boutons","23":"first","24":"instock","25":"taxable","26":"shipping-taxable","27":"purchasable","28":"product-type-simple"},"yoast_head":"<!-- This site is optimized with the Yoast SEO plugin v27.4 - https:\/\/yoast.com\/product\/yoast-seo-wordpress\/ -->\n<title>Balea Gel SOS Anti-Boutons Peau Pure - Maroc Prix<\/title>\n<meta name=\"description\" content=\"Le Gel SOS Anti-Boutons Balea Peau Pure cible et r\u00e9duit rapidement les boutons. Id\u00e9al pour une peau nette, purifi\u00e9e et apais\u00e9e, m\u00eame en cas d\u2019imperfection\" \/>\n<meta name=\"robots\" content=\"index, follow, max-snippet:-1, max-image-preview:large, max-video-preview:-1\" \/>\n<link rel=\"canonical\" href=\"https:\/\/vitablanca.ma\/en\/product\/balea-gel-sos-anti-boutons-peau-propre\/\" \/>\n<meta property=\"og:locale\" content=\"en_US\" \/>\n<meta property=\"og:type\" content=\"article\" \/>\n<meta property=\"og:title\" content=\"Balea Gel SOS Anti-Boutons Peau Pure - Maroc Prix\" \/>\n<meta property=\"og:description\" content=\"Le Gel SOS Anti-Boutons Balea Peau Pure cible et r\u00e9duit rapidement les boutons. Id\u00e9al pour une peau nette, purifi\u00e9e et apais\u00e9e, m\u00eame en cas d\u2019imperfection\" \/>\n<meta property=\"og:url\" content=\"https:\/\/vitablanca.ma\/en\/product\/balea-gel-sos-anti-boutons-peau-propre\/\" \/>\n<meta property=\"og:site_name\" content=\"Vitablanca.ma &ndash; Sant&eacute;, vitalit&eacute; et bien-&ecirc;tre pour tous les Marocains\" \/>\n<meta property=\"article:publisher\" content=\"https:\/\/www.facebook.com\/profile.php?id=61576678196717\" \/>\n<meta property=\"article:modified_time\" content=\"2026-01-30T03:37:21+00:00\" \/>\n<meta property=\"og:image\" content=\"https:\/\/vitablanca.ma\/wp-content\/uploads\/2025\/07\/anti-pickel-sos-gel-hautrein.jpg\" \/>\n\t<meta property=\"og:image:width\" content=\"1200\" \/>\n\t<meta property=\"og:image:height\" content=\"1200\" \/>\n\t<meta property=\"og:image:type\" content=\"image\/jpeg\" \/>\n<meta name=\"twitter:card\" content=\"summary_large_image\" \/>\n<meta name=\"twitter:label1\" content=\"Est. reading time\" \/>\n\t<meta name=\"twitter:data1\" content=\"2 minutes\" \/>\n<script type=\"application\/ld+json\" class=\"yoast-schema-graph\">{\"@context\":\"https:\\\/\\\/schema.org\",\"@graph\":[{\"@type\":[\"WebPage\",\"ItemPage\"],\"@id\":\"https:\\\/\\\/vitablanca.ma\\\/produit\\\/balea-gel-sos-anti-boutons-peau-propre\\\/\",\"url\":\"https:\\\/\\\/vitablanca.ma\\\/produit\\\/balea-gel-sos-anti-boutons-peau-propre\\\/\",\"name\":\"Balea Gel SOS Anti-Boutons Peau Pure - Maroc Prix\",\"isPartOf\":{\"@id\":\"https:\\\/\\\/vitablanca.ma\\\/#website\"},\"primaryImageOfPage\":{\"@id\":\"https:\\\/\\\/vitablanca.ma\\\/produit\\\/balea-gel-sos-anti-boutons-peau-propre\\\/#primaryimage\"},\"image\":{\"@id\":\"https:\\\/\\\/vitablanca.ma\\\/produit\\\/balea-gel-sos-anti-boutons-peau-propre\\\/#primaryimage\"},\"thumbnailUrl\":\"https:\\\/\\\/vitablanca.ma\\\/wp-content\\\/uploads\\\/2025\\\/07\\\/anti-pickel-sos-gel-hautrein.jpg\",\"datePublished\":\"2025-07-10T18:08:02+00:00\",\"dateModified\":\"2026-01-30T03:37:21+00:00\",\"description\":\"Le Gel SOS Anti-Boutons Balea Peau Pure cible et r\u00e9duit rapidement les boutons. Id\u00e9al pour une peau nette, purifi\u00e9e et apais\u00e9e, m\u00eame en cas d\u2019imperfection\",\"breadcrumb\":{\"@id\":\"https:\\\/\\\/vitablanca.ma\\\/produit\\\/balea-gel-sos-anti-boutons-peau-propre\\\/#breadcrumb\"},\"inLanguage\":\"en-US\",\"potentialAction\":[{\"@type\":\"ReadAction\",\"target\":[\"https:\\\/\\\/vitablanca.ma\\\/produit\\\/balea-gel-sos-anti-boutons-peau-propre\\\/\"]}]},{\"@type\":\"ImageObject\",\"inLanguage\":\"en-US\",\"@id\":\"https:\\\/\\\/vitablanca.ma\\\/produit\\\/balea-gel-sos-anti-boutons-peau-propre\\\/#primaryimage\",\"url\":\"https:\\\/\\\/vitablanca.ma\\\/wp-content\\\/uploads\\\/2025\\\/07\\\/anti-pickel-sos-gel-hautrein.jpg\",\"contentUrl\":\"https:\\\/\\\/vitablanca.ma\\\/wp-content\\\/uploads\\\/2025\\\/07\\\/anti-pickel-sos-gel-hautrein.jpg\",\"width\":1200,\"height\":1200},{\"@type\":\"BreadcrumbList\",\"@id\":\"https:\\\/\\\/vitablanca.ma\\\/produit\\\/balea-gel-sos-anti-boutons-peau-propre\\\/#breadcrumb\",\"itemListElement\":[{\"@type\":\"ListItem\",\"position\":1,\"name\":\"Home\",\"item\":\"https:\\\/\\\/vitablanca.ma\\\/\"},{\"@type\":\"ListItem\",\"position\":2,\"name\":\"Tous Les Produits\",\"item\":\"https:\\\/\\\/vitablanca.ma\\\/tous-les-produits\\\/\"},{\"@type\":\"ListItem\",\"position\":3,\"name\":\"Balea &#8211; Gel SOS anti-boutons peau propre\"}]},{\"@type\":\"WebSite\",\"@id\":\"https:\\\/\\\/vitablanca.ma\\\/#website\",\"url\":\"https:\\\/\\\/vitablanca.ma\\\/\",\"name\":\"VitaBlanca.ma | Compl\u00e9ments alimentaires, sant\u00e9 & beaut\u00e9 au Maroc\",\"description\":\"vendre vitamines et compl\u00e9ments premium des USA &amp; Canada, Nouvelle Z\u00e9lande,Maroc (NOW Foods, Solgar, Manuka). Livraison rapide partout au Maroc.\",\"publisher\":{\"@id\":\"https:\\\/\\\/vitablanca.ma\\\/#organization\"},\"alternateName\":\"VitaBlanca.ma\",\"potentialAction\":[{\"@type\":\"SearchAction\",\"target\":{\"@type\":\"EntryPoint\",\"urlTemplate\":\"https:\\\/\\\/vitablanca.ma\\\/?s={search_term_string}\"},\"query-input\":{\"@type\":\"PropertyValueSpecification\",\"valueRequired\":true,\"valueName\":\"search_term_string\"}}],\"inLanguage\":\"en-US\"},{\"@type\":\"Organization\",\"@id\":\"https:\\\/\\\/vitablanca.ma\\\/#organization\",\"name\":\"VitaBlanca\",\"url\":\"https:\\\/\\\/vitablanca.ma\\\/\",\"logo\":{\"@type\":\"ImageObject\",\"inLanguage\":\"en-US\",\"@id\":\"https:\\\/\\\/vitablanca.ma\\\/#\\\/schema\\\/logo\\\/image\\\/\",\"url\":\"https:\\\/\\\/vitablanca.ma\\\/wp-content\\\/uploads\\\/2025\\\/05\\\/cropped-vitablanca.png\",\"contentUrl\":\"https:\\\/\\\/vitablanca.ma\\\/wp-content\\\/uploads\\\/2025\\\/05\\\/cropped-vitablanca.png\",\"width\":360,\"height\":67,\"caption\":\"VitaBlanca\"},\"image\":{\"@id\":\"https:\\\/\\\/vitablanca.ma\\\/#\\\/schema\\\/logo\\\/image\\\/\"},\"sameAs\":[\"https:\\\/\\\/www.facebook.com\\\/profile.php?id=61576678196717\",\"https:\\\/\\\/www.tiktok.com\\\/@vitablanca.ma\",\"https:\\\/\\\/www.instagram.com\\\/vitablanca.ma\\\/\"]}]}<\/script>\n<!-- \/ Yoast SEO plugin. -->","yoast_head_json":{"title":"Balea Gel SOS Anti-Boutons Peau Pure - Maroc Prix","description":"Le Gel SOS Anti-Boutons Balea Peau Pure cible et r\u00e9duit rapidement les boutons. Id\u00e9al pour une peau nette, purifi\u00e9e et apais\u00e9e, m\u00eame en cas d\u2019imperfection","robots":{"index":"index","follow":"follow","max-snippet":"max-snippet:-1","max-image-preview":"max-image-preview:large","max-video-preview":"max-video-preview:-1"},"canonical":"https:\/\/vitablanca.ma\/en\/product\/balea-gel-sos-anti-boutons-peau-propre\/","og_locale":"en_US","og_type":"article","og_title":"Balea Gel SOS Anti-Boutons Peau Pure - Maroc Prix","og_description":"Le Gel SOS Anti-Boutons Balea Peau Pure cible et r\u00e9duit rapidement les boutons. Id\u00e9al pour une peau nette, purifi\u00e9e et apais\u00e9e, m\u00eame en cas d\u2019imperfection","og_url":"https:\/\/vitablanca.ma\/en\/product\/balea-gel-sos-anti-boutons-peau-propre\/","og_site_name":"Vitablanca.ma &ndash; Sant&eacute;, vitalit&eacute; et bien-&ecirc;tre pour tous les Marocains","article_publisher":"https:\/\/www.facebook.com\/profile.php?id=61576678196717","article_modified_time":"2026-01-30T03:37:21+00:00","og_image":[{"width":1200,"height":1200,"url":"https:\/\/vitablanca.ma\/wp-content\/uploads\/2025\/07\/anti-pickel-sos-gel-hautrein.jpg","type":"image\/jpeg"}],"twitter_card":"summary_large_image","twitter_misc":{"Est. reading time":"2 minutes"},"schema":{"@context":"https:\/\/schema.org","@graph":[{"@type":["WebPage","ItemPage"],"@id":"https:\/\/vitablanca.ma\/produit\/balea-gel-sos-anti-boutons-peau-propre\/","url":"https:\/\/vitablanca.ma\/produit\/balea-gel-sos-anti-boutons-peau-propre\/","name":"Balea Gel SOS Anti-Boutons Peau Pure - Maroc Prix","isPartOf":{"@id":"https:\/\/vitablanca.ma\/#website"},"primaryImageOfPage":{"@id":"https:\/\/vitablanca.ma\/produit\/balea-gel-sos-anti-boutons-peau-propre\/#primaryimage"},"image":{"@id":"https:\/\/vitablanca.ma\/produit\/balea-gel-sos-anti-boutons-peau-propre\/#primaryimage"},"thumbnailUrl":"https:\/\/vitablanca.ma\/wp-content\/uploads\/2025\/07\/anti-pickel-sos-gel-hautrein.jpg","datePublished":"2025-07-10T18:08:02+00:00","dateModified":"2026-01-30T03:37:21+00:00","description":"Le Gel SOS Anti-Boutons Balea Peau Pure cible et r\u00e9duit rapidement les boutons. Id\u00e9al pour une peau nette, purifi\u00e9e et apais\u00e9e, m\u00eame en cas d\u2019imperfection","breadcrumb":{"@id":"https:\/\/vitablanca.ma\/produit\/balea-gel-sos-anti-boutons-peau-propre\/#breadcrumb"},"inLanguage":"en-US","potentialAction":[{"@type":"ReadAction","target":["https:\/\/vitablanca.ma\/produit\/balea-gel-sos-anti-boutons-peau-propre\/"]}]},{"@type":"ImageObject","inLanguage":"en-US","@id":"https:\/\/vitablanca.ma\/produit\/balea-gel-sos-anti-boutons-peau-propre\/#primaryimage","url":"https:\/\/vitablanca.ma\/wp-content\/uploads\/2025\/07\/anti-pickel-sos-gel-hautrein.jpg","contentUrl":"https:\/\/vitablanca.ma\/wp-content\/uploads\/2025\/07\/anti-pickel-sos-gel-hautrein.jpg","width":1200,"height":1200},{"@type":"BreadcrumbList","@id":"https:\/\/vitablanca.ma\/produit\/balea-gel-sos-anti-boutons-peau-propre\/#breadcrumb","itemListElement":[{"@type":"ListItem","position":1,"name":"Home","item":"https:\/\/vitablanca.ma\/"},{"@type":"ListItem","position":2,"name":"Tous Les Produits","item":"https:\/\/vitablanca.ma\/tous-les-produits\/"},{"@type":"ListItem","position":3,"name":"Balea &#8211; Gel SOS anti-boutons peau propre"}]},{"@type":"WebSite","@id":"https:\/\/vitablanca.ma\/#website","url":"https:\/\/vitablanca.ma\/","name":"VitaBlanca.ma | Food supplements, health &amp; beauty in Morocco","description":"sell premium vitamins and supplements from USA &amp; Canada, New Zealand, Morocco (NOW Foods, Solgar, Manuka). Fast delivery anywhere in Morocco.","publisher":{"@id":"https:\/\/vitablanca.ma\/#organization"},"alternateName":"VitaBlanca.ma","potentialAction":[{"@type":"SearchAction","target":{"@type":"EntryPoint","urlTemplate":"https:\/\/vitablanca.ma\/?s={search_term_string}"},"query-input":{"@type":"PropertyValueSpecification","valueRequired":true,"valueName":"search_term_string"}}],"inLanguage":"en-US"},{"@type":"Organization","@id":"https:\/\/vitablanca.ma\/#organization","name":"VitaBlanca","url":"https:\/\/vitablanca.ma\/","logo":{"@type":"ImageObject","inLanguage":"en-US","@id":"https:\/\/vitablanca.ma\/#\/schema\/logo\/image\/","url":"https:\/\/vitablanca.ma\/wp-content\/uploads\/2025\/05\/cropped-vitablanca.png","contentUrl":"https:\/\/vitablanca.ma\/wp-content\/uploads\/2025\/05\/cropped-vitablanca.png","width":360,"height":67,"caption":"VitaBlanca"},"image":{"@id":"https:\/\/vitablanca.ma\/#\/schema\/logo\/image\/"},"sameAs":["https:\/\/www.facebook.com\/profile.php?id=61576678196717","https:\/\/www.tiktok.com\/@vitablanca.ma","https:\/\/www.instagram.com\/vitablanca.ma\/"]}]}},"jetpack_sharing_enabled":true,"_links":{"self":[{"href":"https:\/\/vitablanca.ma\/en\/wp-json\/wp\/v2\/product\/23440","targetHints":{"allow":["GET"]}}],"collection":[{"href":"https:\/\/vitablanca.ma\/en\/wp-json\/wp\/v2\/product"}],"about":[{"href":"https:\/\/vitablanca.ma\/en\/wp-json\/wp\/v2\/types\/product"}],"wp:featuredmedia":[{"embeddable":true,"href":"https:\/\/vitablanca.ma\/en\/wp-json\/wp\/v2\/media\/23437"}],"wp:attachment":[{"href":"https:\/\/vitablanca.ma\/en\/wp-json\/wp\/v2\/media?parent=23440"}],"wp:term":[{"taxonomy":"product_brand","embeddable":true,"href":"https:\/\/vitablanca.ma\/en\/wp-json\/wp\/v2\/product_brand?post=23440"},{"taxonomy":"product_cat","embeddable":true,"href":"https:\/\/vitablanca.ma\/en\/wp-json\/wp\/v2\/product_cat?post=23440"},{"taxonomy":"product_tag","embeddable":true,"href":"https:\/\/vitablanca.ma\/en\/wp-json\/wp\/v2\/product_tag?post=23440"}],"curies":[{"name":"wp","href":"https:\/\/api.w.org\/{rel}","templated":true}]}}