{"id":23420,"date":"2025-07-10T18:07:18","date_gmt":"2025-07-10T18:07:18","guid":{"rendered":"https:\/\/vitablanca.ma\/product\/mivolis-biotine-5-mg-comprimes\/"},"modified":"2025-12-27T13:51:02","modified_gmt":"2025-12-27T13:51:02","slug":"mivolis-biotine-5-mg-comprimes","status":"publish","type":"product","link":"https:\/\/vitablanca.ma\/en\/product\/mivolis-biotine-5-mg-comprimes\/","title":{"rendered":"Balea Mivolis Biotin 5 mg, 60 tablets"},"content":{"rendered":"<h3>\ud83d\udc8a Strength &amp; Beauty of Hair, Nails &amp; Skin \u2728<\/h3>\n<ul>\n<li>for the prevention of biotin deficiency<\/li>\n<li>active ingredient: biotin<\/li>\n<li>highly dosed<\/li>\n<li>vegetarian<\/li>\n<li>60 pcs<\/li>\n<li>Areas of application: Vitamin preparation for the prevention of biotin deficiency.<\/li>\n<li>Concentration of active substance: 5 mg<\/li>\n<\/ul>\n<h4><strong><span style=\"font-size: 11pt;line-height: 104%;font-family: 'Segoe UI Emoji', sans-serif\">\ud83d\udccc<\/span><span lang=\"EN-US\" style=\"font-size: 11pt;line-height: 104%;font-family: Arial, sans-serif\"> Product Description <\/span><\/strong><\/h4>\n<p>Mivolis Biotin 5 mg N prevents biotin deficiency. Biotin is essential for the body and particularly important for the formation of keratin, a key substance for the structure and strength of hair and nails. In addition, it gives the skin a natural freshness and is classified as a beauty vitamin due to these positive effects. A biotin deficiency can result in brittle nails, dull hair, and flaky skin. Regular intake of biotin can contribute to positive changes in the skin, hair, and nails and is particularly recommended in cases of<br \/>\u2013 an unbalanced diet<br \/>-weight loss diets<br \/>-consumption of alcohol and nicotine<\/p>\n<h4><strong><span style=\"font-size: 11pt;line-height: 104%;font-family: 'Segoe UI Emoji', sans-serif\">\ud83d\udca1<\/span><span lang=\"EN-US\" style=\"font-size: 11pt;line-height: 104%;font-family: Arial, sans-serif\"> Directions for use <\/span><\/strong><\/h4>\n<p>Take one Biotin 5 mg N tablet (corresponding to 5.0 mg of biotin) daily.<br \/>Follow the package leaflet. For use in adults and adolescents aged 12 and over. Do not use after the expiry date.<\/p>\n<h4><strong><span lang=\"EN-US\" style=\"font-size: 11pt;line-height: 104%;font-family: 'Segoe UI Emoji', sans-serif\">\u26a0<\/span><span style=\"font-size: 11pt;line-height: 104%;font-family: Arial, sans-serif\">\ufe0f<\/span><span lang=\"EN-US\" style=\"font-size: 11pt;line-height: 104%;font-family: Arial, sans-serif\"> Warnings <\/span><\/strong><\/h4>\n<p>Contains lactose<br \/>To learn about risks and side effects, read the package leaflet and ask your doctor or pharmacist for advice.<\/p>","protected":false},"excerpt":{"rendered":"<p>\ud83d\udc8a Force &amp; Beaut\u00e9 des Cheveux, Ongles &amp; Peau \u2728 pour la pr\u00e9vention d&rsquo;une carence en biotine principe actif : biotine fortement dos\u00e9 v\u00e9g\u00e9tarien 60 pces Domaines d&rsquo;application : Pr\u00e9paration vitamin\u00e9e pour la pr\u00e9vention d&rsquo;une carence en biotine. Concentration de la substance active : 5 mg \ud83d\udccc Description du produit Mivolis Biotine 5 mg N [&hellip;]<\/p>\n","protected":false},"featured_media":23418,"template":"","meta":{"om_disable_all_campaigns":false},"product_brand":[3236,3246],"product_cat":[18],"product_tag":[3237,3240,3242,3238,3239,3268,3269,3270],"class_list":{"0":"post-23420","1":"product","2":"type-product","3":"status-publish","4":"has-post-thumbnail","6":"product_brand-balea-dm-prix-maroc","7":"product_brand-balea-mivolis-prix-maroc-omplements-alimentaires","8":"product_cat-beaute-sante","9":"product_tag-balea","10":"product_tag-balea-dm","11":"product_tag-balea-dm-maroc","12":"product_tag-balea-maroc","13":"product_tag-balea-morocco","14":"product_tag-mivolis","15":"product_tag-mivolis-maroc","16":"product_tag-mivolis-morocco","18":"first","19":"instock","20":"taxable","21":"shipping-taxable","22":"purchasable","23":"product-type-simple"},"yoast_head":"<!-- This site is optimized with the Yoast SEO plugin v27.4 - https:\/\/yoast.com\/product\/yoast-seo-wordpress\/ -->\n<title>Balea Mivolis Biotine 5 mg \u2013 60 Comprim\u00e9s | Cheveux \u2013 Maroc Prix<\/title>\n<meta name=\"description\" content=\"Achetez Mivolis Biotine 5 mg au Maroc \u2013 compl\u00e9ment puissant pour renforcer les cheveux, ongles et peau. 60 comprim\u00e9s faciles \u00e0 prendre. Livraison rapide\" \/>\n<meta name=\"robots\" content=\"index, follow, max-snippet:-1, max-image-preview:large, max-video-preview:-1\" \/>\n<link rel=\"canonical\" href=\"https:\/\/vitablanca.ma\/en\/product\/mivolis-biotine-5-mg-comprimes\/\" \/>\n<meta property=\"og:locale\" content=\"en_US\" \/>\n<meta property=\"og:type\" content=\"article\" \/>\n<meta property=\"og:title\" content=\"Balea Mivolis Biotine 5 mg \u2013 60 Comprim\u00e9s | Cheveux \u2013 Maroc Prix\" \/>\n<meta property=\"og:description\" content=\"Achetez Mivolis Biotine 5 mg au Maroc \u2013 compl\u00e9ment puissant pour renforcer les cheveux, ongles et peau. 60 comprim\u00e9s faciles \u00e0 prendre. Livraison rapide\" \/>\n<meta property=\"og:url\" content=\"https:\/\/vitablanca.ma\/en\/product\/mivolis-biotine-5-mg-comprimes\/\" \/>\n<meta property=\"og:site_name\" content=\"Vitablanca.ma &ndash; Sant&eacute;, vitalit&eacute; et bien-&ecirc;tre pour tous les Marocains\" \/>\n<meta property=\"article:publisher\" content=\"https:\/\/www.facebook.com\/profile.php?id=61576678196717\" \/>\n<meta property=\"article:modified_time\" content=\"2025-12-27T13:51:02+00:00\" \/>\n<meta property=\"og:image\" content=\"https:\/\/vitablanca.ma\/wp-content\/uploads\/2025\/07\/biotin-5-mg-n-tabletten.jpgm_.jpg\" \/>\n\t<meta property=\"og:image:width\" content=\"1208\" \/>\n\t<meta property=\"og:image:height\" content=\"1200\" \/>\n\t<meta property=\"og:image:type\" content=\"image\/jpeg\" \/>\n<meta name=\"twitter:card\" content=\"summary_large_image\" \/>\n<meta name=\"twitter:label1\" content=\"Est. reading time\" \/>\n\t<meta name=\"twitter:data1\" content=\"2 minutes\" \/>\n<script type=\"application\/ld+json\" class=\"yoast-schema-graph\">{\"@context\":\"https:\\\/\\\/schema.org\",\"@graph\":[{\"@type\":[\"WebPage\",\"ItemPage\"],\"@id\":\"https:\\\/\\\/vitablanca.ma\\\/produit\\\/mivolis-biotine-5-mg-comprimes\\\/\",\"url\":\"https:\\\/\\\/vitablanca.ma\\\/produit\\\/mivolis-biotine-5-mg-comprimes\\\/\",\"name\":\"Balea Mivolis Biotine 5 mg \u2013 60 Comprim\u00e9s | Cheveux \u2013 Maroc Prix\",\"isPartOf\":{\"@id\":\"https:\\\/\\\/vitablanca.ma\\\/#website\"},\"primaryImageOfPage\":{\"@id\":\"https:\\\/\\\/vitablanca.ma\\\/produit\\\/mivolis-biotine-5-mg-comprimes\\\/#primaryimage\"},\"image\":{\"@id\":\"https:\\\/\\\/vitablanca.ma\\\/produit\\\/mivolis-biotine-5-mg-comprimes\\\/#primaryimage\"},\"thumbnailUrl\":\"https:\\\/\\\/vitablanca.ma\\\/wp-content\\\/uploads\\\/2025\\\/07\\\/biotin-5-mg-n-tabletten.jpgm_.jpg\",\"datePublished\":\"2025-07-10T18:07:18+00:00\",\"dateModified\":\"2025-12-27T13:51:02+00:00\",\"description\":\"Achetez Mivolis Biotine 5 mg au Maroc \u2013 compl\u00e9ment puissant pour renforcer les cheveux, ongles et peau. 60 comprim\u00e9s faciles \u00e0 prendre. Livraison rapide\",\"breadcrumb\":{\"@id\":\"https:\\\/\\\/vitablanca.ma\\\/produit\\\/mivolis-biotine-5-mg-comprimes\\\/#breadcrumb\"},\"inLanguage\":\"en-US\",\"potentialAction\":[{\"@type\":\"ReadAction\",\"target\":[\"https:\\\/\\\/vitablanca.ma\\\/produit\\\/mivolis-biotine-5-mg-comprimes\\\/\"]}]},{\"@type\":\"ImageObject\",\"inLanguage\":\"en-US\",\"@id\":\"https:\\\/\\\/vitablanca.ma\\\/produit\\\/mivolis-biotine-5-mg-comprimes\\\/#primaryimage\",\"url\":\"https:\\\/\\\/vitablanca.ma\\\/wp-content\\\/uploads\\\/2025\\\/07\\\/biotin-5-mg-n-tabletten.jpgm_.jpg\",\"contentUrl\":\"https:\\\/\\\/vitablanca.ma\\\/wp-content\\\/uploads\\\/2025\\\/07\\\/biotin-5-mg-n-tabletten.jpgm_.jpg\",\"width\":1208,\"height\":1200},{\"@type\":\"BreadcrumbList\",\"@id\":\"https:\\\/\\\/vitablanca.ma\\\/produit\\\/mivolis-biotine-5-mg-comprimes\\\/#breadcrumb\",\"itemListElement\":[{\"@type\":\"ListItem\",\"position\":1,\"name\":\"Home\",\"item\":\"https:\\\/\\\/vitablanca.ma\\\/\"},{\"@type\":\"ListItem\",\"position\":2,\"name\":\"Tous Les Produits\",\"item\":\"https:\\\/\\\/vitablanca.ma\\\/tous-les-produits\\\/\"},{\"@type\":\"ListItem\",\"position\":3,\"name\":\"Balea Mivolis Biotine 5 mg , 60 comprim\u00e9s\"}]},{\"@type\":\"WebSite\",\"@id\":\"https:\\\/\\\/vitablanca.ma\\\/#website\",\"url\":\"https:\\\/\\\/vitablanca.ma\\\/\",\"name\":\"VitaBlanca.ma | Compl\u00e9ments alimentaires, sant\u00e9 & beaut\u00e9 au Maroc\",\"description\":\"vendre vitamines et compl\u00e9ments premium des USA &amp; Canada, Nouvelle Z\u00e9lande,Maroc (NOW Foods, Solgar, Manuka). Livraison rapide partout au Maroc.\",\"publisher\":{\"@id\":\"https:\\\/\\\/vitablanca.ma\\\/#organization\"},\"alternateName\":\"VitaBlanca.ma\",\"potentialAction\":[{\"@type\":\"SearchAction\",\"target\":{\"@type\":\"EntryPoint\",\"urlTemplate\":\"https:\\\/\\\/vitablanca.ma\\\/?s={search_term_string}\"},\"query-input\":{\"@type\":\"PropertyValueSpecification\",\"valueRequired\":true,\"valueName\":\"search_term_string\"}}],\"inLanguage\":\"en-US\"},{\"@type\":\"Organization\",\"@id\":\"https:\\\/\\\/vitablanca.ma\\\/#organization\",\"name\":\"VitaBlanca\",\"url\":\"https:\\\/\\\/vitablanca.ma\\\/\",\"logo\":{\"@type\":\"ImageObject\",\"inLanguage\":\"en-US\",\"@id\":\"https:\\\/\\\/vitablanca.ma\\\/#\\\/schema\\\/logo\\\/image\\\/\",\"url\":\"https:\\\/\\\/vitablanca.ma\\\/wp-content\\\/uploads\\\/2025\\\/05\\\/cropped-vitablanca.png\",\"contentUrl\":\"https:\\\/\\\/vitablanca.ma\\\/wp-content\\\/uploads\\\/2025\\\/05\\\/cropped-vitablanca.png\",\"width\":360,\"height\":67,\"caption\":\"VitaBlanca\"},\"image\":{\"@id\":\"https:\\\/\\\/vitablanca.ma\\\/#\\\/schema\\\/logo\\\/image\\\/\"},\"sameAs\":[\"https:\\\/\\\/www.facebook.com\\\/profile.php?id=61576678196717\",\"https:\\\/\\\/www.tiktok.com\\\/@vitablanca.ma\",\"https:\\\/\\\/www.instagram.com\\\/vitablanca.ma\\\/\"]}]}<\/script>\n<!-- \/ Yoast SEO plugin. -->","yoast_head_json":{"title":"Balea Mivolis Biotin 5 mg \u2013 60 Tablets | Hair \u2013 Morocco Price","description":"Buy Mivolis Biotin 5 mg in Morocco \u2013 a powerful supplement to strengthen hair, nails, and skin. 60 easy-to-take tablets. Fast delivery.","robots":{"index":"index","follow":"follow","max-snippet":"max-snippet:-1","max-image-preview":"max-image-preview:large","max-video-preview":"max-video-preview:-1"},"canonical":"https:\/\/vitablanca.ma\/en\/product\/mivolis-biotine-5-mg-comprimes\/","og_locale":"en_US","og_type":"article","og_title":"Balea Mivolis Biotine 5 mg \u2013 60 Comprim\u00e9s | Cheveux \u2013 Maroc Prix","og_description":"Achetez Mivolis Biotine 5 mg au Maroc \u2013 compl\u00e9ment puissant pour renforcer les cheveux, ongles et peau. 60 comprim\u00e9s faciles \u00e0 prendre. Livraison rapide","og_url":"https:\/\/vitablanca.ma\/en\/product\/mivolis-biotine-5-mg-comprimes\/","og_site_name":"Vitablanca.ma &ndash; Sant&eacute;, vitalit&eacute; et bien-&ecirc;tre pour tous les Marocains","article_publisher":"https:\/\/www.facebook.com\/profile.php?id=61576678196717","article_modified_time":"2025-12-27T13:51:02+00:00","og_image":[{"width":1208,"height":1200,"url":"https:\/\/vitablanca.ma\/wp-content\/uploads\/2025\/07\/biotin-5-mg-n-tabletten.jpgm_.jpg","type":"image\/jpeg"}],"twitter_card":"summary_large_image","twitter_misc":{"Est. reading time":"2 minutes"},"schema":{"@context":"https:\/\/schema.org","@graph":[{"@type":["WebPage","ItemPage"],"@id":"https:\/\/vitablanca.ma\/produit\/mivolis-biotine-5-mg-comprimes\/","url":"https:\/\/vitablanca.ma\/produit\/mivolis-biotine-5-mg-comprimes\/","name":"Balea Mivolis Biotin 5 mg \u2013 60 Tablets | Hair \u2013 Morocco Price","isPartOf":{"@id":"https:\/\/vitablanca.ma\/#website"},"primaryImageOfPage":{"@id":"https:\/\/vitablanca.ma\/produit\/mivolis-biotine-5-mg-comprimes\/#primaryimage"},"image":{"@id":"https:\/\/vitablanca.ma\/produit\/mivolis-biotine-5-mg-comprimes\/#primaryimage"},"thumbnailUrl":"https:\/\/vitablanca.ma\/wp-content\/uploads\/2025\/07\/biotin-5-mg-n-tabletten.jpgm_.jpg","datePublished":"2025-07-10T18:07:18+00:00","dateModified":"2025-12-27T13:51:02+00:00","description":"Buy Mivolis Biotin 5 mg in Morocco \u2013 a powerful supplement to strengthen hair, nails, and skin. 60 easy-to-take tablets. Fast delivery.","breadcrumb":{"@id":"https:\/\/vitablanca.ma\/produit\/mivolis-biotine-5-mg-comprimes\/#breadcrumb"},"inLanguage":"en-US","potentialAction":[{"@type":"ReadAction","target":["https:\/\/vitablanca.ma\/produit\/mivolis-biotine-5-mg-comprimes\/"]}]},{"@type":"ImageObject","inLanguage":"en-US","@id":"https:\/\/vitablanca.ma\/produit\/mivolis-biotine-5-mg-comprimes\/#primaryimage","url":"https:\/\/vitablanca.ma\/wp-content\/uploads\/2025\/07\/biotin-5-mg-n-tabletten.jpgm_.jpg","contentUrl":"https:\/\/vitablanca.ma\/wp-content\/uploads\/2025\/07\/biotin-5-mg-n-tabletten.jpgm_.jpg","width":1208,"height":1200},{"@type":"BreadcrumbList","@id":"https:\/\/vitablanca.ma\/produit\/mivolis-biotine-5-mg-comprimes\/#breadcrumb","itemListElement":[{"@type":"ListItem","position":1,"name":"Home","item":"https:\/\/vitablanca.ma\/"},{"@type":"ListItem","position":2,"name":"Tous Les Produits","item":"https:\/\/vitablanca.ma\/tous-les-produits\/"},{"@type":"ListItem","position":3,"name":"Balea Mivolis Biotine 5 mg , 60 comprim\u00e9s"}]},{"@type":"WebSite","@id":"https:\/\/vitablanca.ma\/#website","url":"https:\/\/vitablanca.ma\/","name":"VitaBlanca.ma | Food supplements, health &amp; beauty in Morocco","description":"sell premium vitamins and supplements from USA &amp; Canada, New Zealand, Morocco (NOW Foods, Solgar, Manuka). Fast delivery anywhere in Morocco.","publisher":{"@id":"https:\/\/vitablanca.ma\/#organization"},"alternateName":"VitaBlanca.ma","potentialAction":[{"@type":"SearchAction","target":{"@type":"EntryPoint","urlTemplate":"https:\/\/vitablanca.ma\/?s={search_term_string}"},"query-input":{"@type":"PropertyValueSpecification","valueRequired":true,"valueName":"search_term_string"}}],"inLanguage":"en-US"},{"@type":"Organization","@id":"https:\/\/vitablanca.ma\/#organization","name":"VitaBlanca","url":"https:\/\/vitablanca.ma\/","logo":{"@type":"ImageObject","inLanguage":"en-US","@id":"https:\/\/vitablanca.ma\/#\/schema\/logo\/image\/","url":"https:\/\/vitablanca.ma\/wp-content\/uploads\/2025\/05\/cropped-vitablanca.png","contentUrl":"https:\/\/vitablanca.ma\/wp-content\/uploads\/2025\/05\/cropped-vitablanca.png","width":360,"height":67,"caption":"VitaBlanca"},"image":{"@id":"https:\/\/vitablanca.ma\/#\/schema\/logo\/image\/"},"sameAs":["https:\/\/www.facebook.com\/profile.php?id=61576678196717","https:\/\/www.tiktok.com\/@vitablanca.ma","https:\/\/www.instagram.com\/vitablanca.ma\/"]}]}},"jetpack_sharing_enabled":true,"_links":{"self":[{"href":"https:\/\/vitablanca.ma\/en\/wp-json\/wp\/v2\/product\/23420","targetHints":{"allow":["GET"]}}],"collection":[{"href":"https:\/\/vitablanca.ma\/en\/wp-json\/wp\/v2\/product"}],"about":[{"href":"https:\/\/vitablanca.ma\/en\/wp-json\/wp\/v2\/types\/product"}],"wp:featuredmedia":[{"embeddable":true,"href":"https:\/\/vitablanca.ma\/en\/wp-json\/wp\/v2\/media\/23418"}],"wp:attachment":[{"href":"https:\/\/vitablanca.ma\/en\/wp-json\/wp\/v2\/media?parent=23420"}],"wp:term":[{"taxonomy":"product_brand","embeddable":true,"href":"https:\/\/vitablanca.ma\/en\/wp-json\/wp\/v2\/product_brand?post=23420"},{"taxonomy":"product_cat","embeddable":true,"href":"https:\/\/vitablanca.ma\/en\/wp-json\/wp\/v2\/product_cat?post=23420"},{"taxonomy":"product_tag","embeddable":true,"href":"https:\/\/vitablanca.ma\/en\/wp-json\/wp\/v2\/product_tag?post=23420"}],"curies":[{"name":"wp","href":"https:\/\/api.w.org\/{rel}","templated":true}]}}