{"id":23386,"date":"2025-07-10T18:05:55","date_gmt":"2025-07-10T18:05:55","guid":{"rendered":"https:\/\/vitablanca.ma\/product\/balea-parfum-pour-les-cheveux-pink-blossom\/"},"modified":"2026-02-01T21:09:20","modified_gmt":"2026-02-01T21:09:20","slug":"balea-parfum-pour-les-cheveux-pink-blossom","status":"publish","type":"product","link":"https:\/\/vitablanca.ma\/en\/product\/balea-parfum-pour-les-cheveux-pink-blossom\/","title":{"rendered":"Balea \u2013 Pink Blossom Hair Perfume"},"content":{"rendered":"<h3>Fresh hair \ud83c\udf38, floral scent \ud83d\udc96, guaranteed shine \u2728<\/h3>\n<ul>\n<li>Hair perfume<\/li>\n<li>Wonderful floral fragrance<\/li>\n<li>Gives a natural shine<\/li>\n<li>Free from silicones<\/li>\n<\/ul>\n<h4><strong><span style=\"font-size: 11pt; line-height: 104%; font-family: 'Segoe UI Emoji', sans-serif;\">\ud83d\udccc<\/span><span lang=\"EN-US\" style=\"font-size: 11pt; line-height: 104%; font-family: Arial, sans-serif;\"> Product Description<\/span><\/strong><\/h4>\n<p>Balea&#039;s Pink Blossom hair perfume is an enchanting addition to hair care, captivating with its floral and powdery scent. This hair perfume not only gives hair a natural shine, but also doesn&#039;t weigh it down. The fresh, floral fragrance enchants both hair and the senses and adds a touch of elegance to everyday life. Ideal for a quick refresh every now and then, it brings fresh energy and a pleasant fragrance to every strand of hair. A perfect product for anyone who wants to envelop their hair in a special scent.<\/p>\n<h4><strong><span style=\"font-size: 11pt; line-height: 104%; font-family: 'Segoe UI Emoji', sans-serif;\">\ud83d\udca1<\/span><span lang=\"EN-US\" style=\"font-size: 11pt; line-height: 104%; font-family: Arial, sans-serif;\"> Directions for use<\/span><\/strong><\/h4>\n<p>Spray the hair perfume as needed, from a distance of approximately 20 cm, evenly on dry hair.<\/p>","protected":false},"excerpt":{"rendered":"<p>Cheveux frais \ud83c\udf38, parfum floral \ud83d\udc96, \u00e9clat assur\u00e9 \u2728 Parfum pour les cheveux Merveilleux parfum floral Donne une brillance naturelle Exempt de silicones \ud83d\udccc Description du produit Le parfum pour cheveux Pink Blossom de Balea est un compl\u00e9ment enchanteur pour les soins capillaires, qui s\u00e9duit par son parfum fleuri et poudr\u00e9. Ce parfum capillaire conf\u00e8re [&hellip;]<\/p>\n","protected":false},"featured_media":23384,"template":"","meta":{"om_disable_all_campaigns":false},"product_brand":[3236],"product_cat":[18],"product_tag":[3237,3240,3238,3239,3241,6988,6989],"class_list":{"0":"post-23386","1":"product","2":"type-product","3":"status-publish","4":"has-post-thumbnail","6":"product_brand-balea-dm-prix-maroc","7":"product_cat-beaute-sante","8":"product_tag-balea","9":"product_tag-balea-dm","10":"product_tag-balea-maroc","11":"product_tag-balea-morocco","12":"product_tag-dm-maroc","13":"product_tag-le-parfum-pour-cheveux-balea-pink-blossom-parfume-delicatement-les-cheveux-avec-un-sillage-floral-doux-et-feminin","14":"product_tag-sans-les-alourdir-apporte-fraicheur-et-brillance-au-quotidien","16":"first","17":"instock","18":"taxable","19":"shipping-taxable","20":"purchasable","21":"product-type-simple"},"yoast_head":"<!-- This site is optimized with the Yoast SEO plugin v27.4 - https:\/\/yoast.com\/product\/yoast-seo-wordpress\/ -->\n<title>Balea Parfum pour les Cheveux Pink Blossom- Maroc Prix<\/title>\n<meta name=\"description\" content=\"Le Parfum pour Cheveux Balea Pink Blossom parfume d\u00e9licatement les cheveux avec un sillage floral doux et f\u00e9minin, sans les alourdir. Apporte fra\u00eecheur\" \/>\n<meta name=\"robots\" content=\"index, follow, max-snippet:-1, max-image-preview:large, max-video-preview:-1\" \/>\n<link rel=\"canonical\" href=\"https:\/\/vitablanca.ma\/en\/product\/balea-parfum-pour-les-cheveux-pink-blossom\/\" \/>\n<meta property=\"og:locale\" content=\"en_US\" \/>\n<meta property=\"og:type\" content=\"article\" \/>\n<meta property=\"og:title\" content=\"Balea Parfum pour les Cheveux Pink Blossom- Maroc Prix\" \/>\n<meta property=\"og:description\" content=\"Le Parfum pour Cheveux Balea Pink Blossom parfume d\u00e9licatement les cheveux avec un sillage floral doux et f\u00e9minin, sans les alourdir. Apporte fra\u00eecheur\" \/>\n<meta property=\"og:url\" content=\"https:\/\/vitablanca.ma\/en\/product\/balea-parfum-pour-les-cheveux-pink-blossom\/\" \/>\n<meta property=\"og:site_name\" content=\"Vitablanca.ma &ndash; Sant&eacute;, vitalit&eacute; et bien-&ecirc;tre pour tous les Marocains\" \/>\n<meta property=\"article:publisher\" content=\"https:\/\/www.facebook.com\/profile.php?id=61576678196717\" \/>\n<meta property=\"article:modified_time\" content=\"2026-02-01T21:09:20+00:00\" \/>\n<meta property=\"og:image\" content=\"https:\/\/vitablanca.ma\/wp-content\/uploads\/2025\/07\/balea-haarparfum-pink-blosssom.jpg\" \/>\n\t<meta property=\"og:image:width\" content=\"1203\" \/>\n\t<meta property=\"og:image:height\" content=\"1200\" \/>\n\t<meta property=\"og:image:type\" content=\"image\/jpeg\" \/>\n<meta name=\"twitter:card\" content=\"summary_large_image\" \/>\n<meta name=\"twitter:label1\" content=\"Est. reading time\" \/>\n\t<meta name=\"twitter:data1\" content=\"1 minute\" \/>\n<script type=\"application\/ld+json\" class=\"yoast-schema-graph\">{\"@context\":\"https:\\\/\\\/schema.org\",\"@graph\":[{\"@type\":[\"WebPage\",\"ItemPage\"],\"@id\":\"https:\\\/\\\/vitablanca.ma\\\/produit\\\/balea-parfum-pour-les-cheveux-pink-blossom\\\/\",\"url\":\"https:\\\/\\\/vitablanca.ma\\\/produit\\\/balea-parfum-pour-les-cheveux-pink-blossom\\\/\",\"name\":\"Balea Parfum pour les Cheveux Pink Blossom- Maroc Prix\",\"isPartOf\":{\"@id\":\"https:\\\/\\\/vitablanca.ma\\\/#website\"},\"primaryImageOfPage\":{\"@id\":\"https:\\\/\\\/vitablanca.ma\\\/produit\\\/balea-parfum-pour-les-cheveux-pink-blossom\\\/#primaryimage\"},\"image\":{\"@id\":\"https:\\\/\\\/vitablanca.ma\\\/produit\\\/balea-parfum-pour-les-cheveux-pink-blossom\\\/#primaryimage\"},\"thumbnailUrl\":\"https:\\\/\\\/vitablanca.ma\\\/wp-content\\\/uploads\\\/2025\\\/07\\\/balea-haarparfum-pink-blosssom.jpg\",\"datePublished\":\"2025-07-10T18:05:55+00:00\",\"dateModified\":\"2026-02-01T21:09:20+00:00\",\"description\":\"Le Parfum pour Cheveux Balea Pink Blossom parfume d\u00e9licatement les cheveux avec un sillage floral doux et f\u00e9minin, sans les alourdir. Apporte fra\u00eecheur\",\"breadcrumb\":{\"@id\":\"https:\\\/\\\/vitablanca.ma\\\/produit\\\/balea-parfum-pour-les-cheveux-pink-blossom\\\/#breadcrumb\"},\"inLanguage\":\"en-US\",\"potentialAction\":[{\"@type\":\"ReadAction\",\"target\":[\"https:\\\/\\\/vitablanca.ma\\\/produit\\\/balea-parfum-pour-les-cheveux-pink-blossom\\\/\"]}]},{\"@type\":\"ImageObject\",\"inLanguage\":\"en-US\",\"@id\":\"https:\\\/\\\/vitablanca.ma\\\/produit\\\/balea-parfum-pour-les-cheveux-pink-blossom\\\/#primaryimage\",\"url\":\"https:\\\/\\\/vitablanca.ma\\\/wp-content\\\/uploads\\\/2025\\\/07\\\/balea-haarparfum-pink-blosssom.jpg\",\"contentUrl\":\"https:\\\/\\\/vitablanca.ma\\\/wp-content\\\/uploads\\\/2025\\\/07\\\/balea-haarparfum-pink-blosssom.jpg\",\"width\":1203,\"height\":1200},{\"@type\":\"BreadcrumbList\",\"@id\":\"https:\\\/\\\/vitablanca.ma\\\/produit\\\/balea-parfum-pour-les-cheveux-pink-blossom\\\/#breadcrumb\",\"itemListElement\":[{\"@type\":\"ListItem\",\"position\":1,\"name\":\"Home\",\"item\":\"https:\\\/\\\/vitablanca.ma\\\/\"},{\"@type\":\"ListItem\",\"position\":2,\"name\":\"Tous Les Produits\",\"item\":\"https:\\\/\\\/vitablanca.ma\\\/tous-les-produits\\\/\"},{\"@type\":\"ListItem\",\"position\":3,\"name\":\"Balea &#8211; Parfum pour les cheveux Pink Blossom\"}]},{\"@type\":\"WebSite\",\"@id\":\"https:\\\/\\\/vitablanca.ma\\\/#website\",\"url\":\"https:\\\/\\\/vitablanca.ma\\\/\",\"name\":\"VitaBlanca.ma | Compl\u00e9ments alimentaires, sant\u00e9 & beaut\u00e9 au Maroc\",\"description\":\"vendre vitamines et compl\u00e9ments premium des USA &amp; Canada, Nouvelle Z\u00e9lande,Maroc (NOW Foods, Solgar, Manuka). Livraison rapide partout au Maroc.\",\"publisher\":{\"@id\":\"https:\\\/\\\/vitablanca.ma\\\/#organization\"},\"alternateName\":\"VitaBlanca.ma\",\"potentialAction\":[{\"@type\":\"SearchAction\",\"target\":{\"@type\":\"EntryPoint\",\"urlTemplate\":\"https:\\\/\\\/vitablanca.ma\\\/?s={search_term_string}\"},\"query-input\":{\"@type\":\"PropertyValueSpecification\",\"valueRequired\":true,\"valueName\":\"search_term_string\"}}],\"inLanguage\":\"en-US\"},{\"@type\":\"Organization\",\"@id\":\"https:\\\/\\\/vitablanca.ma\\\/#organization\",\"name\":\"VitaBlanca\",\"url\":\"https:\\\/\\\/vitablanca.ma\\\/\",\"logo\":{\"@type\":\"ImageObject\",\"inLanguage\":\"en-US\",\"@id\":\"https:\\\/\\\/vitablanca.ma\\\/#\\\/schema\\\/logo\\\/image\\\/\",\"url\":\"https:\\\/\\\/vitablanca.ma\\\/wp-content\\\/uploads\\\/2025\\\/05\\\/cropped-vitablanca.png\",\"contentUrl\":\"https:\\\/\\\/vitablanca.ma\\\/wp-content\\\/uploads\\\/2025\\\/05\\\/cropped-vitablanca.png\",\"width\":360,\"height\":67,\"caption\":\"VitaBlanca\"},\"image\":{\"@id\":\"https:\\\/\\\/vitablanca.ma\\\/#\\\/schema\\\/logo\\\/image\\\/\"},\"sameAs\":[\"https:\\\/\\\/www.facebook.com\\\/profile.php?id=61576678196717\",\"https:\\\/\\\/www.tiktok.com\\\/@vitablanca.ma\",\"https:\\\/\\\/www.instagram.com\\\/vitablanca.ma\\\/\"]}]}<\/script>\n<!-- \/ Yoast SEO plugin. -->","yoast_head_json":{"title":"Balea Parfum pour les Cheveux Pink Blossom- Maroc Prix","description":"Le Parfum pour Cheveux Balea Pink Blossom parfume d\u00e9licatement les cheveux avec un sillage floral doux et f\u00e9minin, sans les alourdir. Apporte fra\u00eecheur","robots":{"index":"index","follow":"follow","max-snippet":"max-snippet:-1","max-image-preview":"max-image-preview:large","max-video-preview":"max-video-preview:-1"},"canonical":"https:\/\/vitablanca.ma\/en\/product\/balea-parfum-pour-les-cheveux-pink-blossom\/","og_locale":"en_US","og_type":"article","og_title":"Balea Parfum pour les Cheveux Pink Blossom- Maroc Prix","og_description":"Le Parfum pour Cheveux Balea Pink Blossom parfume d\u00e9licatement les cheveux avec un sillage floral doux et f\u00e9minin, sans les alourdir. Apporte fra\u00eecheur","og_url":"https:\/\/vitablanca.ma\/en\/product\/balea-parfum-pour-les-cheveux-pink-blossom\/","og_site_name":"Vitablanca.ma &ndash; Sant&eacute;, vitalit&eacute; et bien-&ecirc;tre pour tous les Marocains","article_publisher":"https:\/\/www.facebook.com\/profile.php?id=61576678196717","article_modified_time":"2026-02-01T21:09:20+00:00","og_image":[{"width":1203,"height":1200,"url":"https:\/\/vitablanca.ma\/wp-content\/uploads\/2025\/07\/balea-haarparfum-pink-blosssom.jpg","type":"image\/jpeg"}],"twitter_card":"summary_large_image","twitter_misc":{"Est. reading time":"1 minute"},"schema":{"@context":"https:\/\/schema.org","@graph":[{"@type":["WebPage","ItemPage"],"@id":"https:\/\/vitablanca.ma\/produit\/balea-parfum-pour-les-cheveux-pink-blossom\/","url":"https:\/\/vitablanca.ma\/produit\/balea-parfum-pour-les-cheveux-pink-blossom\/","name":"Balea Parfum pour les Cheveux Pink Blossom- Maroc Prix","isPartOf":{"@id":"https:\/\/vitablanca.ma\/#website"},"primaryImageOfPage":{"@id":"https:\/\/vitablanca.ma\/produit\/balea-parfum-pour-les-cheveux-pink-blossom\/#primaryimage"},"image":{"@id":"https:\/\/vitablanca.ma\/produit\/balea-parfum-pour-les-cheveux-pink-blossom\/#primaryimage"},"thumbnailUrl":"https:\/\/vitablanca.ma\/wp-content\/uploads\/2025\/07\/balea-haarparfum-pink-blosssom.jpg","datePublished":"2025-07-10T18:05:55+00:00","dateModified":"2026-02-01T21:09:20+00:00","description":"Le Parfum pour Cheveux Balea Pink Blossom parfume d\u00e9licatement les cheveux avec un sillage floral doux et f\u00e9minin, sans les alourdir. Apporte fra\u00eecheur","breadcrumb":{"@id":"https:\/\/vitablanca.ma\/produit\/balea-parfum-pour-les-cheveux-pink-blossom\/#breadcrumb"},"inLanguage":"en-US","potentialAction":[{"@type":"ReadAction","target":["https:\/\/vitablanca.ma\/produit\/balea-parfum-pour-les-cheveux-pink-blossom\/"]}]},{"@type":"ImageObject","inLanguage":"en-US","@id":"https:\/\/vitablanca.ma\/produit\/balea-parfum-pour-les-cheveux-pink-blossom\/#primaryimage","url":"https:\/\/vitablanca.ma\/wp-content\/uploads\/2025\/07\/balea-haarparfum-pink-blosssom.jpg","contentUrl":"https:\/\/vitablanca.ma\/wp-content\/uploads\/2025\/07\/balea-haarparfum-pink-blosssom.jpg","width":1203,"height":1200},{"@type":"BreadcrumbList","@id":"https:\/\/vitablanca.ma\/produit\/balea-parfum-pour-les-cheveux-pink-blossom\/#breadcrumb","itemListElement":[{"@type":"ListItem","position":1,"name":"Home","item":"https:\/\/vitablanca.ma\/"},{"@type":"ListItem","position":2,"name":"Tous Les Produits","item":"https:\/\/vitablanca.ma\/tous-les-produits\/"},{"@type":"ListItem","position":3,"name":"Balea &#8211; Parfum pour les cheveux Pink Blossom"}]},{"@type":"WebSite","@id":"https:\/\/vitablanca.ma\/#website","url":"https:\/\/vitablanca.ma\/","name":"VitaBlanca.ma | Food supplements, health &amp; beauty in Morocco","description":"sell premium vitamins and supplements from USA &amp; Canada, New Zealand, Morocco (NOW Foods, Solgar, Manuka). Fast delivery anywhere in Morocco.","publisher":{"@id":"https:\/\/vitablanca.ma\/#organization"},"alternateName":"VitaBlanca.ma","potentialAction":[{"@type":"SearchAction","target":{"@type":"EntryPoint","urlTemplate":"https:\/\/vitablanca.ma\/?s={search_term_string}"},"query-input":{"@type":"PropertyValueSpecification","valueRequired":true,"valueName":"search_term_string"}}],"inLanguage":"en-US"},{"@type":"Organization","@id":"https:\/\/vitablanca.ma\/#organization","name":"VitaBlanca","url":"https:\/\/vitablanca.ma\/","logo":{"@type":"ImageObject","inLanguage":"en-US","@id":"https:\/\/vitablanca.ma\/#\/schema\/logo\/image\/","url":"https:\/\/vitablanca.ma\/wp-content\/uploads\/2025\/05\/cropped-vitablanca.png","contentUrl":"https:\/\/vitablanca.ma\/wp-content\/uploads\/2025\/05\/cropped-vitablanca.png","width":360,"height":67,"caption":"VitaBlanca"},"image":{"@id":"https:\/\/vitablanca.ma\/#\/schema\/logo\/image\/"},"sameAs":["https:\/\/www.facebook.com\/profile.php?id=61576678196717","https:\/\/www.tiktok.com\/@vitablanca.ma","https:\/\/www.instagram.com\/vitablanca.ma\/"]}]}},"jetpack_sharing_enabled":true,"_links":{"self":[{"href":"https:\/\/vitablanca.ma\/en\/wp-json\/wp\/v2\/product\/23386","targetHints":{"allow":["GET"]}}],"collection":[{"href":"https:\/\/vitablanca.ma\/en\/wp-json\/wp\/v2\/product"}],"about":[{"href":"https:\/\/vitablanca.ma\/en\/wp-json\/wp\/v2\/types\/product"}],"wp:featuredmedia":[{"embeddable":true,"href":"https:\/\/vitablanca.ma\/en\/wp-json\/wp\/v2\/media\/23384"}],"wp:attachment":[{"href":"https:\/\/vitablanca.ma\/en\/wp-json\/wp\/v2\/media?parent=23386"}],"wp:term":[{"taxonomy":"product_brand","embeddable":true,"href":"https:\/\/vitablanca.ma\/en\/wp-json\/wp\/v2\/product_brand?post=23386"},{"taxonomy":"product_cat","embeddable":true,"href":"https:\/\/vitablanca.ma\/en\/wp-json\/wp\/v2\/product_cat?post=23386"},{"taxonomy":"product_tag","embeddable":true,"href":"https:\/\/vitablanca.ma\/en\/wp-json\/wp\/v2\/product_tag?post=23386"}],"curies":[{"name":"wp","href":"https:\/\/api.w.org\/{rel}","templated":true}]}}