{"id":23376,"date":"2025-07-10T18:08:47","date_gmt":"2025-07-10T18:08:47","guid":{"rendered":"https:\/\/vitablanca.ma\/?post_type=product&#038;p=23376"},"modified":"2025-07-10T18:10:32","modified_gmt":"2025-07-10T18:10:32","slug":"carmex-lot-de-3-tubes-de-creme-hydratante-pour-les-levres-baume-maroc","status":"publish","type":"product","link":"https:\/\/vitablanca.ma\/en\/product\/carmex-lot-de-3-tubes-de-creme-hydratante-pour-les-levres-baume-maroc\/","title":{"rendered":"Carmex Lip Moisturizer Balm 3 Tubes"},"content":{"rendered":"<p>Carmex Lip Moisturizer Balm 3 Tubes<br><br><a href=\"https:\/\/www.jumia.ma\/customer\/account\/login\/?tkWl=CA208ST0X7RB5NAFAMZ-21869044&amp;return=%2Fcarmex-lot-de-3-tubes-de-creme-hydratante-pour-les-levres-baume-31398755.html\"><\/a><\/p>","protected":false},"excerpt":{"rendered":"<article class=\"col8 -pvs\">\n<div class=\"card-b -fh\">\n<div class=\"markup -pam\">\n<ul>\n<li>Carmex Lip Moisturizer Balm 3 Tubes<\/li>\n<\/ul>\n<\/div>\n<\/div>\n<\/article>\n<article class=\"col8 -pvs\">\n<div class=\"card-b -fh\"><\/div>\n<\/article>","protected":false},"featured_media":23416,"template":"","meta":{"om_disable_all_campaigns":false},"product_brand":[1786],"product_cat":[1790,18,1788,1789],"product_tag":[3228,3232],"class_list":{"0":"post-23376","1":"product","2":"type-product","3":"status-publish","4":"has-post-thumbnail","6":"product_brand-carmex-maroc-prix","7":"product_cat-baumes-et-traitements-pour-les-levres","8":"product_cat-beaute-sante","9":"product_cat-hygiene-soins-personnels-beaute-sante","10":"product_cat-soin-des-levres","11":"product_tag-baume-a-levres-carmex","12":"product_tag-creme-hydratante-levres-hiver","14":"first","15":"instock","16":"taxable","17":"shipping-taxable","18":"purchasable","19":"product-type-simple"},"yoast_head":"<!-- This site is optimized with the Yoast SEO plugin v27.3 - https:\/\/yoast.com\/product\/yoast-seo-wordpress\/ -->\n<title>Carmex Baume \u00e0 L\u00e8vres \u2013 Lot de 3 Tubes Maroc Prix<\/title>\n<meta name=\"description\" content=\"Carmex \u2013 Lot de 3 baumes \u00e0 l\u00e8vres en tube. Hydratation intense, protection contre les ger\u00e7ures, apaisement imm\u00e9diat. Format pratique,\" \/>\n<meta name=\"robots\" content=\"index, follow, max-snippet:-1, max-image-preview:large, max-video-preview:-1\" \/>\n<link rel=\"canonical\" href=\"https:\/\/vitablanca.ma\/en\/product\/carmex-lot-de-3-tubes-de-creme-hydratante-pour-les-levres-baume-maroc\/\" \/>\n<meta property=\"og:locale\" content=\"en_US\" \/>\n<meta property=\"og:type\" content=\"article\" \/>\n<meta property=\"og:title\" content=\"Carmex Baume \u00e0 L\u00e8vres \u2013 Lot de 3 Tubes Maroc Prix\" \/>\n<meta property=\"og:description\" content=\"Carmex \u2013 Lot de 3 baumes \u00e0 l\u00e8vres en tube. Hydratation intense, protection contre les ger\u00e7ures, apaisement imm\u00e9diat. Format pratique,\" \/>\n<meta property=\"og:url\" content=\"https:\/\/vitablanca.ma\/en\/product\/carmex-lot-de-3-tubes-de-creme-hydratante-pour-les-levres-baume-maroc\/\" \/>\n<meta property=\"og:site_name\" content=\"Vitablanca.ma &ndash; Sant&eacute;, vitalit&eacute; et bien-&ecirc;tre pour tous les Marocains\" \/>\n<meta property=\"article:publisher\" content=\"https:\/\/www.facebook.com\/profile.php?id=61576678196717\" \/>\n<meta property=\"article:modified_time\" content=\"2025-07-10T18:10:32+00:00\" \/>\n<meta property=\"og:image\" content=\"https:\/\/vitablanca.ma\/wp-content\/uploads\/2025\/07\/carmex-lot-de-3-tubes-de-creme-hydratante-pour-les-levres-.jpg\" \/>\n\t<meta property=\"og:image:width\" content=\"680\" \/>\n\t<meta property=\"og:image:height\" content=\"680\" \/>\n\t<meta property=\"og:image:type\" content=\"image\/jpeg\" \/>\n<meta name=\"twitter:card\" content=\"summary_large_image\" \/>\n<meta name=\"twitter:label1\" content=\"Est. reading time\" \/>\n\t<meta name=\"twitter:data1\" content=\"1 minute\" \/>\n<script type=\"application\/ld+json\" class=\"yoast-schema-graph\">{\"@context\":\"https:\\\/\\\/schema.org\",\"@graph\":[{\"@type\":[\"WebPage\",\"ItemPage\"],\"@id\":\"https:\\\/\\\/vitablanca.ma\\\/produit\\\/carmex-lot-de-3-tubes-de-creme-hydratante-pour-les-levres-baume-maroc\\\/\",\"url\":\"https:\\\/\\\/vitablanca.ma\\\/produit\\\/carmex-lot-de-3-tubes-de-creme-hydratante-pour-les-levres-baume-maroc\\\/\",\"name\":\"Carmex Baume \u00e0 L\u00e8vres \u2013 Lot de 3 Tubes Maroc Prix\",\"isPartOf\":{\"@id\":\"https:\\\/\\\/vitablanca.ma\\\/#website\"},\"primaryImageOfPage\":{\"@id\":\"https:\\\/\\\/vitablanca.ma\\\/produit\\\/carmex-lot-de-3-tubes-de-creme-hydratante-pour-les-levres-baume-maroc\\\/#primaryimage\"},\"image\":{\"@id\":\"https:\\\/\\\/vitablanca.ma\\\/produit\\\/carmex-lot-de-3-tubes-de-creme-hydratante-pour-les-levres-baume-maroc\\\/#primaryimage\"},\"thumbnailUrl\":\"https:\\\/\\\/vitablanca.ma\\\/wp-content\\\/uploads\\\/2025\\\/07\\\/carmex-lot-de-3-tubes-de-creme-hydratante-pour-les-levres-.jpg\",\"datePublished\":\"2025-07-10T18:08:47+00:00\",\"dateModified\":\"2025-07-10T18:10:32+00:00\",\"description\":\"Carmex \u2013 Lot de 3 baumes \u00e0 l\u00e8vres en tube. Hydratation intense, protection contre les ger\u00e7ures, apaisement imm\u00e9diat. Format pratique,\",\"breadcrumb\":{\"@id\":\"https:\\\/\\\/vitablanca.ma\\\/produit\\\/carmex-lot-de-3-tubes-de-creme-hydratante-pour-les-levres-baume-maroc\\\/#breadcrumb\"},\"inLanguage\":\"en-US\",\"potentialAction\":[{\"@type\":\"ReadAction\",\"target\":[\"https:\\\/\\\/vitablanca.ma\\\/produit\\\/carmex-lot-de-3-tubes-de-creme-hydratante-pour-les-levres-baume-maroc\\\/\"]}]},{\"@type\":\"ImageObject\",\"inLanguage\":\"en-US\",\"@id\":\"https:\\\/\\\/vitablanca.ma\\\/produit\\\/carmex-lot-de-3-tubes-de-creme-hydratante-pour-les-levres-baume-maroc\\\/#primaryimage\",\"url\":\"https:\\\/\\\/vitablanca.ma\\\/wp-content\\\/uploads\\\/2025\\\/07\\\/carmex-lot-de-3-tubes-de-creme-hydratante-pour-les-levres-.jpg\",\"contentUrl\":\"https:\\\/\\\/vitablanca.ma\\\/wp-content\\\/uploads\\\/2025\\\/07\\\/carmex-lot-de-3-tubes-de-creme-hydratante-pour-les-levres-.jpg\",\"width\":680,\"height\":680,\"caption\":\"Carmex maroc\"},{\"@type\":\"BreadcrumbList\",\"@id\":\"https:\\\/\\\/vitablanca.ma\\\/produit\\\/carmex-lot-de-3-tubes-de-creme-hydratante-pour-les-levres-baume-maroc\\\/#breadcrumb\",\"itemListElement\":[{\"@type\":\"ListItem\",\"position\":1,\"name\":\"Home\",\"item\":\"https:\\\/\\\/vitablanca.ma\\\/\"},{\"@type\":\"ListItem\",\"position\":2,\"name\":\"Tous Les Produits\",\"item\":\"https:\\\/\\\/vitablanca.ma\\\/tous-les-produits\\\/\"},{\"@type\":\"ListItem\",\"position\":3,\"name\":\"Carmex Lot de 3 tubes de cr\u00e8me hydratante pour les l\u00e8vres Baume\"}]},{\"@type\":\"WebSite\",\"@id\":\"https:\\\/\\\/vitablanca.ma\\\/#website\",\"url\":\"https:\\\/\\\/vitablanca.ma\\\/\",\"name\":\"VitaBlanca.ma | Compl\u00e9ments alimentaires, sant\u00e9 & beaut\u00e9 au Maroc\",\"description\":\"vendre vitamines et compl\u00e9ments premium des USA &amp; Canada, Nouvelle Z\u00e9lande,Maroc (NOW Foods, Solgar, Manuka). Livraison rapide partout au Maroc.\",\"publisher\":{\"@id\":\"https:\\\/\\\/vitablanca.ma\\\/#organization\"},\"alternateName\":\"VitaBlanca.ma\",\"potentialAction\":[{\"@type\":\"SearchAction\",\"target\":{\"@type\":\"EntryPoint\",\"urlTemplate\":\"https:\\\/\\\/vitablanca.ma\\\/?s={search_term_string}\"},\"query-input\":{\"@type\":\"PropertyValueSpecification\",\"valueRequired\":true,\"valueName\":\"search_term_string\"}}],\"inLanguage\":\"en-US\"},{\"@type\":\"Organization\",\"@id\":\"https:\\\/\\\/vitablanca.ma\\\/#organization\",\"name\":\"VitaBlanca\",\"url\":\"https:\\\/\\\/vitablanca.ma\\\/\",\"logo\":{\"@type\":\"ImageObject\",\"inLanguage\":\"en-US\",\"@id\":\"https:\\\/\\\/vitablanca.ma\\\/#\\\/schema\\\/logo\\\/image\\\/\",\"url\":\"https:\\\/\\\/vitablanca.ma\\\/wp-content\\\/uploads\\\/2025\\\/05\\\/cropped-vitablanca.png\",\"contentUrl\":\"https:\\\/\\\/vitablanca.ma\\\/wp-content\\\/uploads\\\/2025\\\/05\\\/cropped-vitablanca.png\",\"width\":360,\"height\":67,\"caption\":\"VitaBlanca\"},\"image\":{\"@id\":\"https:\\\/\\\/vitablanca.ma\\\/#\\\/schema\\\/logo\\\/image\\\/\"},\"sameAs\":[\"https:\\\/\\\/www.facebook.com\\\/profile.php?id=61576678196717\",\"https:\\\/\\\/www.tiktok.com\\\/@vitablanca.ma\",\"https:\\\/\\\/www.instagram.com\\\/vitablanca.ma\\\/\"]}]}<\/script>\n<!-- \/ Yoast SEO plugin. -->","yoast_head_json":{"title":"Carmex Lip Balm \u2013 Pack of 3 Tubes Morocco Price","description":"Carmex \u2013 Pack of 3 lip balms in a tube. Intense hydration, protection against chapping, immediate soothing. Convenient size,","robots":{"index":"index","follow":"follow","max-snippet":"max-snippet:-1","max-image-preview":"max-image-preview:large","max-video-preview":"max-video-preview:-1"},"canonical":"https:\/\/vitablanca.ma\/en\/product\/carmex-lot-de-3-tubes-de-creme-hydratante-pour-les-levres-baume-maroc\/","og_locale":"en_US","og_type":"article","og_title":"Carmex Baume \u00e0 L\u00e8vres \u2013 Lot de 3 Tubes Maroc Prix","og_description":"Carmex \u2013 Lot de 3 baumes \u00e0 l\u00e8vres en tube. Hydratation intense, protection contre les ger\u00e7ures, apaisement imm\u00e9diat. Format pratique,","og_url":"https:\/\/vitablanca.ma\/en\/product\/carmex-lot-de-3-tubes-de-creme-hydratante-pour-les-levres-baume-maroc\/","og_site_name":"Vitablanca.ma &ndash; Sant&eacute;, vitalit&eacute; et bien-&ecirc;tre pour tous les Marocains","article_publisher":"https:\/\/www.facebook.com\/profile.php?id=61576678196717","article_modified_time":"2025-07-10T18:10:32+00:00","og_image":[{"width":680,"height":680,"url":"https:\/\/vitablanca.ma\/wp-content\/uploads\/2025\/07\/carmex-lot-de-3-tubes-de-creme-hydratante-pour-les-levres-.jpg","type":"image\/jpeg"}],"twitter_card":"summary_large_image","twitter_misc":{"Est. reading time":"1 minute"},"schema":{"@context":"https:\/\/schema.org","@graph":[{"@type":["WebPage","ItemPage"],"@id":"https:\/\/vitablanca.ma\/produit\/carmex-lot-de-3-tubes-de-creme-hydratante-pour-les-levres-baume-maroc\/","url":"https:\/\/vitablanca.ma\/produit\/carmex-lot-de-3-tubes-de-creme-hydratante-pour-les-levres-baume-maroc\/","name":"Carmex Lip Balm \u2013 Pack of 3 Tubes Morocco Price","isPartOf":{"@id":"https:\/\/vitablanca.ma\/#website"},"primaryImageOfPage":{"@id":"https:\/\/vitablanca.ma\/produit\/carmex-lot-de-3-tubes-de-creme-hydratante-pour-les-levres-baume-maroc\/#primaryimage"},"image":{"@id":"https:\/\/vitablanca.ma\/produit\/carmex-lot-de-3-tubes-de-creme-hydratante-pour-les-levres-baume-maroc\/#primaryimage"},"thumbnailUrl":"https:\/\/vitablanca.ma\/wp-content\/uploads\/2025\/07\/carmex-lot-de-3-tubes-de-creme-hydratante-pour-les-levres-.jpg","datePublished":"2025-07-10T18:08:47+00:00","dateModified":"2025-07-10T18:10:32+00:00","description":"Carmex \u2013 Pack of 3 lip balms in a tube. Intense hydration, protection against chapping, immediate soothing. Convenient size,","breadcrumb":{"@id":"https:\/\/vitablanca.ma\/produit\/carmex-lot-de-3-tubes-de-creme-hydratante-pour-les-levres-baume-maroc\/#breadcrumb"},"inLanguage":"en-US","potentialAction":[{"@type":"ReadAction","target":["https:\/\/vitablanca.ma\/produit\/carmex-lot-de-3-tubes-de-creme-hydratante-pour-les-levres-baume-maroc\/"]}]},{"@type":"ImageObject","inLanguage":"en-US","@id":"https:\/\/vitablanca.ma\/produit\/carmex-lot-de-3-tubes-de-creme-hydratante-pour-les-levres-baume-maroc\/#primaryimage","url":"https:\/\/vitablanca.ma\/wp-content\/uploads\/2025\/07\/carmex-lot-de-3-tubes-de-creme-hydratante-pour-les-levres-.jpg","contentUrl":"https:\/\/vitablanca.ma\/wp-content\/uploads\/2025\/07\/carmex-lot-de-3-tubes-de-creme-hydratante-pour-les-levres-.jpg","width":680,"height":680,"caption":"Carmex maroc"},{"@type":"BreadcrumbList","@id":"https:\/\/vitablanca.ma\/produit\/carmex-lot-de-3-tubes-de-creme-hydratante-pour-les-levres-baume-maroc\/#breadcrumb","itemListElement":[{"@type":"ListItem","position":1,"name":"Home","item":"https:\/\/vitablanca.ma\/"},{"@type":"ListItem","position":2,"name":"Tous Les Produits","item":"https:\/\/vitablanca.ma\/tous-les-produits\/"},{"@type":"ListItem","position":3,"name":"Carmex Lot de 3 tubes de cr\u00e8me hydratante pour les l\u00e8vres Baume"}]},{"@type":"WebSite","@id":"https:\/\/vitablanca.ma\/#website","url":"https:\/\/vitablanca.ma\/","name":"VitaBlanca.ma | Food supplements, health &amp; beauty in Morocco","description":"sell premium vitamins and supplements from USA &amp; Canada, New Zealand, Morocco (NOW Foods, Solgar, Manuka). Fast delivery anywhere in Morocco.","publisher":{"@id":"https:\/\/vitablanca.ma\/#organization"},"alternateName":"VitaBlanca.ma","potentialAction":[{"@type":"SearchAction","target":{"@type":"EntryPoint","urlTemplate":"https:\/\/vitablanca.ma\/?s={search_term_string}"},"query-input":{"@type":"PropertyValueSpecification","valueRequired":true,"valueName":"search_term_string"}}],"inLanguage":"en-US"},{"@type":"Organization","@id":"https:\/\/vitablanca.ma\/#organization","name":"VitaBlanca","url":"https:\/\/vitablanca.ma\/","logo":{"@type":"ImageObject","inLanguage":"en-US","@id":"https:\/\/vitablanca.ma\/#\/schema\/logo\/image\/","url":"https:\/\/vitablanca.ma\/wp-content\/uploads\/2025\/05\/cropped-vitablanca.png","contentUrl":"https:\/\/vitablanca.ma\/wp-content\/uploads\/2025\/05\/cropped-vitablanca.png","width":360,"height":67,"caption":"VitaBlanca"},"image":{"@id":"https:\/\/vitablanca.ma\/#\/schema\/logo\/image\/"},"sameAs":["https:\/\/www.facebook.com\/profile.php?id=61576678196717","https:\/\/www.tiktok.com\/@vitablanca.ma","https:\/\/www.instagram.com\/vitablanca.ma\/"]}]}},"jetpack_sharing_enabled":true,"_links":{"self":[{"href":"https:\/\/vitablanca.ma\/en\/wp-json\/wp\/v2\/product\/23376","targetHints":{"allow":["GET"]}}],"collection":[{"href":"https:\/\/vitablanca.ma\/en\/wp-json\/wp\/v2\/product"}],"about":[{"href":"https:\/\/vitablanca.ma\/en\/wp-json\/wp\/v2\/types\/product"}],"wp:featuredmedia":[{"embeddable":true,"href":"https:\/\/vitablanca.ma\/en\/wp-json\/wp\/v2\/media\/23416"}],"wp:attachment":[{"href":"https:\/\/vitablanca.ma\/en\/wp-json\/wp\/v2\/media?parent=23376"}],"wp:term":[{"taxonomy":"product_brand","embeddable":true,"href":"https:\/\/vitablanca.ma\/en\/wp-json\/wp\/v2\/product_brand?post=23376"},{"taxonomy":"product_cat","embeddable":true,"href":"https:\/\/vitablanca.ma\/en\/wp-json\/wp\/v2\/product_cat?post=23376"},{"taxonomy":"product_tag","embeddable":true,"href":"https:\/\/vitablanca.ma\/en\/wp-json\/wp\/v2\/product_tag?post=23376"}],"curies":[{"name":"wp","href":"https:\/\/api.w.org\/{rel}","templated":true}]}}