{"id":23368,"date":"2025-07-10T17:29:37","date_gmt":"2025-07-10T17:29:37","guid":{"rendered":"https:\/\/vitablanca.ma\/?post_type=product&#038;p=23368"},"modified":"2025-08-30T20:55:36","modified_gmt":"2025-08-30T20:55:36","slug":"swanson-complexe-triple-magnesium-400-mg-100-caps-maroc","status":"publish","type":"product","link":"https:\/\/vitablanca.ma\/en\/product\/swanson-complexe-triple-magnesium-400-mg-100-caps-maroc\/","title":{"rendered":"Swanson Triple Magnesium Complex 400 MG 100 Caps"},"content":{"rendered":"<p>Le complexe Triple Magnesium de Swanson est la meilleure source suppl\u00e9mentaire de magn\u00e9sium pour un corps fort et en bonne sant\u00e9.\u00a0Le magn\u00e9sium est l\u2019un des min\u00e9raux les plus importants de l\u2019alimentation. Il est essentiel \u00e0 la force des muscles et des os, \u00e0 la sant\u00e9 cardiovasculaire et au fonctionnement du syst\u00e8me nerveux.\u00a0La science \u00e9mergente montre que cela peut \u00e9galement soutenir la sant\u00e9 digestive.\u00a0Cette formule unique fournit pr\u00e8s de une journ\u00e9e compl\u00e8te d\u2019approvisionnement en ce min\u00e9ral essentiel provenant de trois sources distinctes afin de favoriser une biodisponibilit\u00e9 optimale.<a href=\"https:\/\/www.jumia.ma\/customer\/account\/login\/?tkWl=SW231DV10828JNAFAMZ-23413084&return=%2Fswanson-complexe-triple-magnesium-400-mg-100-caps-32324806.html\"><\/a><\/p>","protected":false},"excerpt":{"rendered":"<ul>\n<li>Swanson Triple Magnesium Complex is the best supplemental source of magnesium for a strong, healthy body. Magnesium is one of the most important minerals in the diet. It is essential for muscle and bone strength, cardiovascular health, and nervous system function. Emerging science shows it can also support digestive health. This unique formula provides nearly a full day&#039;s supply of this essential mineral from three distinct sources to promote optimal bioavailability.<\/li>\n<\/ul>","protected":false},"featured_media":23369,"template":"","meta":{"om_disable_all_campaigns":false},"product_brand":[672],"product_cat":[18,3366,20,19],"product_tag":[3217,3215,3213],"class_list":{"0":"post-23368","1":"product","2":"type-product","3":"status-publish","4":"has-post-thumbnail","6":"product_brand-swanson-maroc-prix","7":"product_cat-beaute-sante","8":"product_cat-complements-alimentaires-au-maroc-vitablanca","9":"product_cat-supplements","10":"product_cat-vitamines-supplements-dietetiques","11":"product_tag-complement-magnesium-haute-absorption","12":"product_tag-magnesium-stress-et-sommeil","13":"product_tag-swanson-magnesium-400-mg","15":"first","16":"instock","17":"taxable","18":"shipping-taxable","19":"purchasable","20":"product-type-simple"},"yoast_head":"<!-- This site is optimized with the Yoast SEO plugin v27.5 - https:\/\/yoast.com\/product\/yoast-seo-wordpress\/ -->\n<title>Swanson Magn\u00e9sium Complex 400\u202fmg 100 G\u00e9lules - Maroc Prix<\/title>\n<meta name=\"description\" content=\"Swanson Complexe Triple Magn\u00e9sium 400\u202fmg \u2013 100 capsules. Association de 3 formes de magn\u00e9sium pour r\u00e9duire les crampes, soutenir les nerfs,\" \/>\n<meta name=\"robots\" content=\"index, follow, max-snippet:-1, max-image-preview:large, max-video-preview:-1\" \/>\n<link rel=\"canonical\" href=\"https:\/\/vitablanca.ma\/en\/product\/swanson-complexe-triple-magnesium-400-mg-100-caps-maroc\/\" \/>\n<meta property=\"og:locale\" content=\"en_US\" \/>\n<meta property=\"og:type\" content=\"article\" \/>\n<meta property=\"og:title\" content=\"Swanson Magn\u00e9sium Complex 400\u202fmg 100 G\u00e9lules - Maroc Prix\" \/>\n<meta property=\"og:description\" content=\"Swanson Complexe Triple Magn\u00e9sium 400\u202fmg \u2013 100 capsules. Association de 3 formes de magn\u00e9sium pour r\u00e9duire les crampes, soutenir les nerfs,\" \/>\n<meta property=\"og:url\" content=\"https:\/\/vitablanca.ma\/en\/product\/swanson-complexe-triple-magnesium-400-mg-100-caps-maroc\/\" \/>\n<meta property=\"og:site_name\" content=\"Vitablanca.ma &ndash; Sant&eacute;, vitalit&eacute; et bien-&ecirc;tre pour tous les Marocains\" \/>\n<meta property=\"article:publisher\" content=\"https:\/\/www.facebook.com\/profile.php?id=61576678196717\" \/>\n<meta property=\"article:modified_time\" content=\"2025-08-30T20:55:36+00:00\" \/>\n<meta property=\"og:image\" content=\"https:\/\/vitablanca.ma\/wp-content\/uploads\/2025\/07\/swanson-complexe-triple-magnesium-400-mg-100-caps.jpg\" \/>\n\t<meta property=\"og:image:width\" content=\"680\" \/>\n\t<meta property=\"og:image:height\" content=\"680\" \/>\n\t<meta property=\"og:image:type\" content=\"image\/jpeg\" \/>\n<meta name=\"twitter:card\" content=\"summary_large_image\" \/>\n<meta name=\"twitter:label1\" content=\"Est. reading time\" \/>\n\t<meta name=\"twitter:data1\" content=\"1 minute\" \/>\n<script type=\"application\/ld+json\" class=\"yoast-schema-graph\">{\"@context\":\"https:\\\/\\\/schema.org\",\"@graph\":[{\"@type\":[\"WebPage\",\"ItemPage\"],\"@id\":\"https:\\\/\\\/vitablanca.ma\\\/produit\\\/swanson-complexe-triple-magnesium-400-mg-100-caps-maroc\\\/\",\"url\":\"https:\\\/\\\/vitablanca.ma\\\/produit\\\/swanson-complexe-triple-magnesium-400-mg-100-caps-maroc\\\/\",\"name\":\"Swanson Magn\u00e9sium Complex 400\u202fmg 100 G\u00e9lules - Maroc Prix\",\"isPartOf\":{\"@id\":\"https:\\\/\\\/vitablanca.ma\\\/#website\"},\"primaryImageOfPage\":{\"@id\":\"https:\\\/\\\/vitablanca.ma\\\/produit\\\/swanson-complexe-triple-magnesium-400-mg-100-caps-maroc\\\/#primaryimage\"},\"image\":{\"@id\":\"https:\\\/\\\/vitablanca.ma\\\/produit\\\/swanson-complexe-triple-magnesium-400-mg-100-caps-maroc\\\/#primaryimage\"},\"thumbnailUrl\":\"https:\\\/\\\/vitablanca.ma\\\/wp-content\\\/uploads\\\/2025\\\/07\\\/swanson-complexe-triple-magnesium-400-mg-100-caps.jpg\",\"datePublished\":\"2025-07-10T17:29:37+00:00\",\"dateModified\":\"2025-08-30T20:55:36+00:00\",\"description\":\"Swanson Complexe Triple Magn\u00e9sium 400\u202fmg \u2013 100 capsules. Association de 3 formes de magn\u00e9sium pour r\u00e9duire les crampes, soutenir les nerfs,\",\"breadcrumb\":{\"@id\":\"https:\\\/\\\/vitablanca.ma\\\/produit\\\/swanson-complexe-triple-magnesium-400-mg-100-caps-maroc\\\/#breadcrumb\"},\"inLanguage\":\"en-US\",\"potentialAction\":[{\"@type\":\"ReadAction\",\"target\":[\"https:\\\/\\\/vitablanca.ma\\\/produit\\\/swanson-complexe-triple-magnesium-400-mg-100-caps-maroc\\\/\"]}]},{\"@type\":\"ImageObject\",\"inLanguage\":\"en-US\",\"@id\":\"https:\\\/\\\/vitablanca.ma\\\/produit\\\/swanson-complexe-triple-magnesium-400-mg-100-caps-maroc\\\/#primaryimage\",\"url\":\"https:\\\/\\\/vitablanca.ma\\\/wp-content\\\/uploads\\\/2025\\\/07\\\/swanson-complexe-triple-magnesium-400-mg-100-caps.jpg\",\"contentUrl\":\"https:\\\/\\\/vitablanca.ma\\\/wp-content\\\/uploads\\\/2025\\\/07\\\/swanson-complexe-triple-magnesium-400-mg-100-caps.jpg\",\"width\":680,\"height\":680},{\"@type\":\"BreadcrumbList\",\"@id\":\"https:\\\/\\\/vitablanca.ma\\\/produit\\\/swanson-complexe-triple-magnesium-400-mg-100-caps-maroc\\\/#breadcrumb\",\"itemListElement\":[{\"@type\":\"ListItem\",\"position\":1,\"name\":\"Home\",\"item\":\"https:\\\/\\\/vitablanca.ma\\\/\"},{\"@type\":\"ListItem\",\"position\":2,\"name\":\"Tous Les Produits\",\"item\":\"https:\\\/\\\/vitablanca.ma\\\/tous-les-produits\\\/\"},{\"@type\":\"ListItem\",\"position\":3,\"name\":\"Swanson Complexe Triple Magn\u00e9sium 400 MG 100 Caps\"}]},{\"@type\":\"WebSite\",\"@id\":\"https:\\\/\\\/vitablanca.ma\\\/#website\",\"url\":\"https:\\\/\\\/vitablanca.ma\\\/\",\"name\":\"VitaBlanca.ma | Compl\u00e9ments alimentaires, sant\u00e9 & beaut\u00e9 au Maroc\",\"description\":\"vendre vitamines et compl\u00e9ments premium des USA &amp; Canada, Nouvelle Z\u00e9lande,Maroc (NOW Foods, Solgar, Manuka). Livraison rapide partout au Maroc.\",\"publisher\":{\"@id\":\"https:\\\/\\\/vitablanca.ma\\\/#organization\"},\"alternateName\":\"VitaBlanca.ma\",\"potentialAction\":[{\"@type\":\"SearchAction\",\"target\":{\"@type\":\"EntryPoint\",\"urlTemplate\":\"https:\\\/\\\/vitablanca.ma\\\/?s={search_term_string}\"},\"query-input\":{\"@type\":\"PropertyValueSpecification\",\"valueRequired\":true,\"valueName\":\"search_term_string\"}}],\"inLanguage\":\"en-US\"},{\"@type\":\"Organization\",\"@id\":\"https:\\\/\\\/vitablanca.ma\\\/#organization\",\"name\":\"VitaBlanca\",\"url\":\"https:\\\/\\\/vitablanca.ma\\\/\",\"logo\":{\"@type\":\"ImageObject\",\"inLanguage\":\"en-US\",\"@id\":\"https:\\\/\\\/vitablanca.ma\\\/#\\\/schema\\\/logo\\\/image\\\/\",\"url\":\"https:\\\/\\\/vitablanca.ma\\\/wp-content\\\/uploads\\\/2025\\\/05\\\/cropped-vitablanca.png\",\"contentUrl\":\"https:\\\/\\\/vitablanca.ma\\\/wp-content\\\/uploads\\\/2025\\\/05\\\/cropped-vitablanca.png\",\"width\":360,\"height\":67,\"caption\":\"VitaBlanca\"},\"image\":{\"@id\":\"https:\\\/\\\/vitablanca.ma\\\/#\\\/schema\\\/logo\\\/image\\\/\"},\"sameAs\":[\"https:\\\/\\\/www.facebook.com\\\/profile.php?id=61576678196717\",\"https:\\\/\\\/www.tiktok.com\\\/@vitablanca.ma\",\"https:\\\/\\\/www.instagram.com\\\/vitablanca.ma\\\/\"]}]}<\/script>\n<!-- \/ Yoast SEO plugin. -->","yoast_head_json":{"title":"Swanson Magnesium Complex 400 mg 100 Capsules - Morocco Price","description":"Swanson Triple Magnesium Complex 400 mg \u2013 100 capsules. Combination of 3 forms of magnesium to reduce cramps, support nerves,","robots":{"index":"index","follow":"follow","max-snippet":"max-snippet:-1","max-image-preview":"max-image-preview:large","max-video-preview":"max-video-preview:-1"},"canonical":"https:\/\/vitablanca.ma\/en\/product\/swanson-complexe-triple-magnesium-400-mg-100-caps-maroc\/","og_locale":"en_US","og_type":"article","og_title":"Swanson Magn\u00e9sium Complex 400\u202fmg 100 G\u00e9lules - Maroc Prix","og_description":"Swanson Complexe Triple Magn\u00e9sium 400\u202fmg \u2013 100 capsules. Association de 3 formes de magn\u00e9sium pour r\u00e9duire les crampes, soutenir les nerfs,","og_url":"https:\/\/vitablanca.ma\/en\/product\/swanson-complexe-triple-magnesium-400-mg-100-caps-maroc\/","og_site_name":"Vitablanca.ma &ndash; Sant&eacute;, vitalit&eacute; et bien-&ecirc;tre pour tous les Marocains","article_publisher":"https:\/\/www.facebook.com\/profile.php?id=61576678196717","article_modified_time":"2025-08-30T20:55:36+00:00","og_image":[{"width":680,"height":680,"url":"https:\/\/vitablanca.ma\/wp-content\/uploads\/2025\/07\/swanson-complexe-triple-magnesium-400-mg-100-caps.jpg","type":"image\/jpeg"}],"twitter_card":"summary_large_image","twitter_misc":{"Est. reading time":"1 minute"},"schema":{"@context":"https:\/\/schema.org","@graph":[{"@type":["WebPage","ItemPage"],"@id":"https:\/\/vitablanca.ma\/produit\/swanson-complexe-triple-magnesium-400-mg-100-caps-maroc\/","url":"https:\/\/vitablanca.ma\/produit\/swanson-complexe-triple-magnesium-400-mg-100-caps-maroc\/","name":"Swanson Magnesium Complex 400 mg 100 Capsules - Morocco Price","isPartOf":{"@id":"https:\/\/vitablanca.ma\/#website"},"primaryImageOfPage":{"@id":"https:\/\/vitablanca.ma\/produit\/swanson-complexe-triple-magnesium-400-mg-100-caps-maroc\/#primaryimage"},"image":{"@id":"https:\/\/vitablanca.ma\/produit\/swanson-complexe-triple-magnesium-400-mg-100-caps-maroc\/#primaryimage"},"thumbnailUrl":"https:\/\/vitablanca.ma\/wp-content\/uploads\/2025\/07\/swanson-complexe-triple-magnesium-400-mg-100-caps.jpg","datePublished":"2025-07-10T17:29:37+00:00","dateModified":"2025-08-30T20:55:36+00:00","description":"Swanson Triple Magnesium Complex 400 mg \u2013 100 capsules. Combination of 3 forms of magnesium to reduce cramps, support nerves,","breadcrumb":{"@id":"https:\/\/vitablanca.ma\/produit\/swanson-complexe-triple-magnesium-400-mg-100-caps-maroc\/#breadcrumb"},"inLanguage":"en-US","potentialAction":[{"@type":"ReadAction","target":["https:\/\/vitablanca.ma\/produit\/swanson-complexe-triple-magnesium-400-mg-100-caps-maroc\/"]}]},{"@type":"ImageObject","inLanguage":"en-US","@id":"https:\/\/vitablanca.ma\/produit\/swanson-complexe-triple-magnesium-400-mg-100-caps-maroc\/#primaryimage","url":"https:\/\/vitablanca.ma\/wp-content\/uploads\/2025\/07\/swanson-complexe-triple-magnesium-400-mg-100-caps.jpg","contentUrl":"https:\/\/vitablanca.ma\/wp-content\/uploads\/2025\/07\/swanson-complexe-triple-magnesium-400-mg-100-caps.jpg","width":680,"height":680},{"@type":"BreadcrumbList","@id":"https:\/\/vitablanca.ma\/produit\/swanson-complexe-triple-magnesium-400-mg-100-caps-maroc\/#breadcrumb","itemListElement":[{"@type":"ListItem","position":1,"name":"Home","item":"https:\/\/vitablanca.ma\/"},{"@type":"ListItem","position":2,"name":"Tous Les Produits","item":"https:\/\/vitablanca.ma\/tous-les-produits\/"},{"@type":"ListItem","position":3,"name":"Swanson Complexe Triple Magn\u00e9sium 400 MG 100 Caps"}]},{"@type":"WebSite","@id":"https:\/\/vitablanca.ma\/#website","url":"https:\/\/vitablanca.ma\/","name":"VitaBlanca.ma | Food supplements, health &amp; beauty in Morocco","description":"sell premium vitamins and supplements from USA &amp; Canada, New Zealand, Morocco (NOW Foods, Solgar, Manuka). Fast delivery anywhere in Morocco.","publisher":{"@id":"https:\/\/vitablanca.ma\/#organization"},"alternateName":"VitaBlanca.ma","potentialAction":[{"@type":"SearchAction","target":{"@type":"EntryPoint","urlTemplate":"https:\/\/vitablanca.ma\/?s={search_term_string}"},"query-input":{"@type":"PropertyValueSpecification","valueRequired":true,"valueName":"search_term_string"}}],"inLanguage":"en-US"},{"@type":"Organization","@id":"https:\/\/vitablanca.ma\/#organization","name":"VitaBlanca","url":"https:\/\/vitablanca.ma\/","logo":{"@type":"ImageObject","inLanguage":"en-US","@id":"https:\/\/vitablanca.ma\/#\/schema\/logo\/image\/","url":"https:\/\/vitablanca.ma\/wp-content\/uploads\/2025\/05\/cropped-vitablanca.png","contentUrl":"https:\/\/vitablanca.ma\/wp-content\/uploads\/2025\/05\/cropped-vitablanca.png","width":360,"height":67,"caption":"VitaBlanca"},"image":{"@id":"https:\/\/vitablanca.ma\/#\/schema\/logo\/image\/"},"sameAs":["https:\/\/www.facebook.com\/profile.php?id=61576678196717","https:\/\/www.tiktok.com\/@vitablanca.ma","https:\/\/www.instagram.com\/vitablanca.ma\/"]}]}},"jetpack_sharing_enabled":true,"_links":{"self":[{"href":"https:\/\/vitablanca.ma\/en\/wp-json\/wp\/v2\/product\/23368","targetHints":{"allow":["GET"]}}],"collection":[{"href":"https:\/\/vitablanca.ma\/en\/wp-json\/wp\/v2\/product"}],"about":[{"href":"https:\/\/vitablanca.ma\/en\/wp-json\/wp\/v2\/types\/product"}],"wp:featuredmedia":[{"embeddable":true,"href":"https:\/\/vitablanca.ma\/en\/wp-json\/wp\/v2\/media\/23369"}],"wp:attachment":[{"href":"https:\/\/vitablanca.ma\/en\/wp-json\/wp\/v2\/media?parent=23368"}],"wp:term":[{"taxonomy":"product_brand","embeddable":true,"href":"https:\/\/vitablanca.ma\/en\/wp-json\/wp\/v2\/product_brand?post=23368"},{"taxonomy":"product_cat","embeddable":true,"href":"https:\/\/vitablanca.ma\/en\/wp-json\/wp\/v2\/product_cat?post=23368"},{"taxonomy":"product_tag","embeddable":true,"href":"https:\/\/vitablanca.ma\/en\/wp-json\/wp\/v2\/product_tag?post=23368"}],"curies":[{"name":"wp","href":"https:\/\/api.w.org\/{rel}","templated":true}]}}