{"id":23213,"date":"2025-07-02T01:50:52","date_gmt":"2025-07-02T01:50:52","guid":{"rendered":"https:\/\/vitablanca.ma\/?post_type=product&#038;p=23213"},"modified":"2025-08-30T20:55:45","modified_gmt":"2025-08-30T20:55:45","slug":"natures-way-echinacea-purpurea-herb-1200-mg-180-vegan-caps-maroc","status":"publish","type":"product","link":"https:\/\/vitablanca.ma\/en\/product\/natures-way-echinacea-purpurea-herb-1200-mg-180-vegan-caps-maroc\/","title":{"rendered":"Nature&#039;S Way Echinacea Purpurea Herb, 1200 mg, 180 Vegan Caps"},"content":{"rendered":"<p>Echinacea promotes immunity and has been used by Native Americans for centuries. It is native to the Midwest and Plains region of North America and is recognizable by its bright pink or purple flowers.<\/p>\n\n\n\n<p><a href=\"https:\/\/www.jumia.ma\/customer\/account\/login\/?tkWl=NA200DV02VQLXNAFAMZ-28585534&amp;return=%2Fnatures-way-echinacea-purpurea-herb-1200-mg-180-vegan-caps-35004840.html\"><\/a><\/p>","protected":false},"excerpt":{"rendered":"<p>Promotes immunity<\/p>\n<p>Tru-ID\u2122 Certified Authentic<\/p>\n<p>Non-GMO Project Verified<\/p>\n<p>1200 mg per serving<\/p>\n<p>Food supplement<\/p>\n<p>Vegan<\/p>","protected":false},"featured_media":23215,"template":"","meta":{"om_disable_all_campaigns":false},"product_brand":[2144],"product_cat":[18,3366,1832,104,19],"product_tag":[1078,3089,3087,3090,3088],"class_list":{"0":"post-23213","1":"product","2":"type-product","3":"status-publish","4":"has-post-thumbnail","6":"product_brand-natures-way","7":"product_cat-beaute-sante","8":"product_cat-complements-alimentaires-au-maroc-vitablanca","9":"product_cat-echinacee","10":"product_cat-supplements-a-base-de-plantes","11":"product_cat-vitamines-supplements-dietetiques","12":"product_tag-complement-immunite-naturel","13":"product_tag-defense-hivernale","14":"product_tag-echinacea-purpurea-1200-mg","15":"product_tag-echinacea-vegan","16":"product_tag-natures-way-echinacea","18":"first","19":"instock","20":"taxable","21":"shipping-taxable","22":"purchasable","23":"product-type-simple"},"yoast_head":"<!-- This site is optimized with the Yoast SEO plugin v27.4 - https:\/\/yoast.com\/product\/yoast-seo-wordpress\/ -->\n<title>Nature&#039;s Way Echinacea Purpurea 1200\u202fmg - Maroc Prix<\/title>\n<meta name=\"description\" content=\"Nature&#039;s Way Echinacea Purpurea 1200\u202fmg \u2013 180 g\u00e9lules v\u00e9g\u00e9tales pour stimuler l\u2019immunit\u00e9 et r\u00e9duire les sympt\u00f4mes du rhume. Formule vegan\" \/>\n<meta name=\"robots\" content=\"index, follow, max-snippet:-1, max-image-preview:large, max-video-preview:-1\" \/>\n<link rel=\"canonical\" href=\"https:\/\/vitablanca.ma\/en\/product\/natures-way-echinacea-purpurea-herb-1200-mg-180-vegan-caps-maroc\/\" \/>\n<meta property=\"og:locale\" content=\"en_US\" \/>\n<meta property=\"og:type\" content=\"article\" \/>\n<meta property=\"og:title\" content=\"Nature&#039;s Way Echinacea Purpurea 1200\u202fmg - Maroc Prix\" \/>\n<meta property=\"og:description\" content=\"Nature&#039;s Way Echinacea Purpurea 1200\u202fmg \u2013 180 g\u00e9lules v\u00e9g\u00e9tales pour stimuler l\u2019immunit\u00e9 et r\u00e9duire les sympt\u00f4mes du rhume. Formule vegan\" \/>\n<meta property=\"og:url\" content=\"https:\/\/vitablanca.ma\/en\/product\/natures-way-echinacea-purpurea-herb-1200-mg-180-vegan-caps-maroc\/\" \/>\n<meta property=\"og:site_name\" content=\"Vitablanca.ma &ndash; Sant&eacute;, vitalit&eacute; et bien-&ecirc;tre pour tous les Marocains\" \/>\n<meta property=\"article:publisher\" content=\"https:\/\/www.facebook.com\/profile.php?id=61576678196717\" \/>\n<meta property=\"article:modified_time\" content=\"2025-08-30T20:55:45+00:00\" \/>\n<meta property=\"og:image\" content=\"https:\/\/vitablanca.ma\/wp-content\/uploads\/2025\/07\/natures-way-echinacea-purpurea-herb-1200-mg-180-vegan-.jpg\" \/>\n\t<meta property=\"og:image:width\" content=\"680\" \/>\n\t<meta property=\"og:image:height\" content=\"680\" \/>\n\t<meta property=\"og:image:type\" content=\"image\/jpeg\" \/>\n<meta name=\"twitter:card\" content=\"summary_large_image\" \/>\n<meta name=\"twitter:label1\" content=\"Est. reading time\" \/>\n\t<meta name=\"twitter:data1\" content=\"1 minute\" \/>\n<script type=\"application\/ld+json\" class=\"yoast-schema-graph\">{\"@context\":\"https:\\\/\\\/schema.org\",\"@graph\":[{\"@type\":[\"WebPage\",\"ItemPage\"],\"@id\":\"https:\\\/\\\/vitablanca.ma\\\/produit\\\/natures-way-echinacea-purpurea-herb-1200-mg-180-vegan-caps-maroc\\\/\",\"url\":\"https:\\\/\\\/vitablanca.ma\\\/produit\\\/natures-way-echinacea-purpurea-herb-1200-mg-180-vegan-caps-maroc\\\/\",\"name\":\"Nature's Way Echinacea Purpurea 1200\u202fmg - Maroc Prix\",\"isPartOf\":{\"@id\":\"https:\\\/\\\/vitablanca.ma\\\/#website\"},\"primaryImageOfPage\":{\"@id\":\"https:\\\/\\\/vitablanca.ma\\\/produit\\\/natures-way-echinacea-purpurea-herb-1200-mg-180-vegan-caps-maroc\\\/#primaryimage\"},\"image\":{\"@id\":\"https:\\\/\\\/vitablanca.ma\\\/produit\\\/natures-way-echinacea-purpurea-herb-1200-mg-180-vegan-caps-maroc\\\/#primaryimage\"},\"thumbnailUrl\":\"https:\\\/\\\/vitablanca.ma\\\/wp-content\\\/uploads\\\/2025\\\/07\\\/natures-way-echinacea-purpurea-herb-1200-mg-180-vegan-.jpg\",\"datePublished\":\"2025-07-02T01:50:52+00:00\",\"dateModified\":\"2025-08-30T20:55:45+00:00\",\"description\":\"Nature's Way Echinacea Purpurea 1200\u202fmg \u2013 180 g\u00e9lules v\u00e9g\u00e9tales pour stimuler l\u2019immunit\u00e9 et r\u00e9duire les sympt\u00f4mes du rhume. Formule vegan\",\"breadcrumb\":{\"@id\":\"https:\\\/\\\/vitablanca.ma\\\/produit\\\/natures-way-echinacea-purpurea-herb-1200-mg-180-vegan-caps-maroc\\\/#breadcrumb\"},\"inLanguage\":\"en-US\",\"potentialAction\":[{\"@type\":\"ReadAction\",\"target\":[\"https:\\\/\\\/vitablanca.ma\\\/produit\\\/natures-way-echinacea-purpurea-herb-1200-mg-180-vegan-caps-maroc\\\/\"]}]},{\"@type\":\"ImageObject\",\"inLanguage\":\"en-US\",\"@id\":\"https:\\\/\\\/vitablanca.ma\\\/produit\\\/natures-way-echinacea-purpurea-herb-1200-mg-180-vegan-caps-maroc\\\/#primaryimage\",\"url\":\"https:\\\/\\\/vitablanca.ma\\\/wp-content\\\/uploads\\\/2025\\\/07\\\/natures-way-echinacea-purpurea-herb-1200-mg-180-vegan-.jpg\",\"contentUrl\":\"https:\\\/\\\/vitablanca.ma\\\/wp-content\\\/uploads\\\/2025\\\/07\\\/natures-way-echinacea-purpurea-herb-1200-mg-180-vegan-.jpg\",\"width\":680,\"height\":680},{\"@type\":\"BreadcrumbList\",\"@id\":\"https:\\\/\\\/vitablanca.ma\\\/produit\\\/natures-way-echinacea-purpurea-herb-1200-mg-180-vegan-caps-maroc\\\/#breadcrumb\",\"itemListElement\":[{\"@type\":\"ListItem\",\"position\":1,\"name\":\"Home\",\"item\":\"https:\\\/\\\/vitablanca.ma\\\/\"},{\"@type\":\"ListItem\",\"position\":2,\"name\":\"Tous Les Produits\",\"item\":\"https:\\\/\\\/vitablanca.ma\\\/tous-les-produits\\\/\"},{\"@type\":\"ListItem\",\"position\":3,\"name\":\"Nature&#8217;S Way Echinacea Purpurea Herb, 1200 mg, 180 Vegan Caps\"}]},{\"@type\":\"WebSite\",\"@id\":\"https:\\\/\\\/vitablanca.ma\\\/#website\",\"url\":\"https:\\\/\\\/vitablanca.ma\\\/\",\"name\":\"VitaBlanca.ma | Compl\u00e9ments alimentaires, sant\u00e9 & beaut\u00e9 au Maroc\",\"description\":\"vendre vitamines et compl\u00e9ments premium des USA &amp; Canada, Nouvelle Z\u00e9lande,Maroc (NOW Foods, Solgar, Manuka). Livraison rapide partout au Maroc.\",\"publisher\":{\"@id\":\"https:\\\/\\\/vitablanca.ma\\\/#organization\"},\"alternateName\":\"VitaBlanca.ma\",\"potentialAction\":[{\"@type\":\"SearchAction\",\"target\":{\"@type\":\"EntryPoint\",\"urlTemplate\":\"https:\\\/\\\/vitablanca.ma\\\/?s={search_term_string}\"},\"query-input\":{\"@type\":\"PropertyValueSpecification\",\"valueRequired\":true,\"valueName\":\"search_term_string\"}}],\"inLanguage\":\"en-US\"},{\"@type\":\"Organization\",\"@id\":\"https:\\\/\\\/vitablanca.ma\\\/#organization\",\"name\":\"VitaBlanca\",\"url\":\"https:\\\/\\\/vitablanca.ma\\\/\",\"logo\":{\"@type\":\"ImageObject\",\"inLanguage\":\"en-US\",\"@id\":\"https:\\\/\\\/vitablanca.ma\\\/#\\\/schema\\\/logo\\\/image\\\/\",\"url\":\"https:\\\/\\\/vitablanca.ma\\\/wp-content\\\/uploads\\\/2025\\\/05\\\/cropped-vitablanca.png\",\"contentUrl\":\"https:\\\/\\\/vitablanca.ma\\\/wp-content\\\/uploads\\\/2025\\\/05\\\/cropped-vitablanca.png\",\"width\":360,\"height\":67,\"caption\":\"VitaBlanca\"},\"image\":{\"@id\":\"https:\\\/\\\/vitablanca.ma\\\/#\\\/schema\\\/logo\\\/image\\\/\"},\"sameAs\":[\"https:\\\/\\\/www.facebook.com\\\/profile.php?id=61576678196717\",\"https:\\\/\\\/www.tiktok.com\\\/@vitablanca.ma\",\"https:\\\/\\\/www.instagram.com\\\/vitablanca.ma\\\/\"]}]}<\/script>\n<!-- \/ Yoast SEO plugin. -->","yoast_head_json":{"title":"Nature&#039;s Way Echinacea Purpurea 1200 mg - Morocco Price","description":"Nature&#039;s Way Echinacea Purpurea 1200 mg \u2013 180 vegetarian capsules to boost immunity and reduce cold symptoms. Vegan formula","robots":{"index":"index","follow":"follow","max-snippet":"max-snippet:-1","max-image-preview":"max-image-preview:large","max-video-preview":"max-video-preview:-1"},"canonical":"https:\/\/vitablanca.ma\/en\/product\/natures-way-echinacea-purpurea-herb-1200-mg-180-vegan-caps-maroc\/","og_locale":"en_US","og_type":"article","og_title":"Nature's Way Echinacea Purpurea 1200\u202fmg - Maroc Prix","og_description":"Nature's Way Echinacea Purpurea 1200\u202fmg \u2013 180 g\u00e9lules v\u00e9g\u00e9tales pour stimuler l\u2019immunit\u00e9 et r\u00e9duire les sympt\u00f4mes du rhume. Formule vegan","og_url":"https:\/\/vitablanca.ma\/en\/product\/natures-way-echinacea-purpurea-herb-1200-mg-180-vegan-caps-maroc\/","og_site_name":"Vitablanca.ma &ndash; Sant&eacute;, vitalit&eacute; et bien-&ecirc;tre pour tous les Marocains","article_publisher":"https:\/\/www.facebook.com\/profile.php?id=61576678196717","article_modified_time":"2025-08-30T20:55:45+00:00","og_image":[{"width":680,"height":680,"url":"https:\/\/vitablanca.ma\/wp-content\/uploads\/2025\/07\/natures-way-echinacea-purpurea-herb-1200-mg-180-vegan-.jpg","type":"image\/jpeg"}],"twitter_card":"summary_large_image","twitter_misc":{"Est. reading time":"1 minute"},"schema":{"@context":"https:\/\/schema.org","@graph":[{"@type":["WebPage","ItemPage"],"@id":"https:\/\/vitablanca.ma\/produit\/natures-way-echinacea-purpurea-herb-1200-mg-180-vegan-caps-maroc\/","url":"https:\/\/vitablanca.ma\/produit\/natures-way-echinacea-purpurea-herb-1200-mg-180-vegan-caps-maroc\/","name":"Nature&#039;s Way Echinacea Purpurea 1200 mg - Morocco Price","isPartOf":{"@id":"https:\/\/vitablanca.ma\/#website"},"primaryImageOfPage":{"@id":"https:\/\/vitablanca.ma\/produit\/natures-way-echinacea-purpurea-herb-1200-mg-180-vegan-caps-maroc\/#primaryimage"},"image":{"@id":"https:\/\/vitablanca.ma\/produit\/natures-way-echinacea-purpurea-herb-1200-mg-180-vegan-caps-maroc\/#primaryimage"},"thumbnailUrl":"https:\/\/vitablanca.ma\/wp-content\/uploads\/2025\/07\/natures-way-echinacea-purpurea-herb-1200-mg-180-vegan-.jpg","datePublished":"2025-07-02T01:50:52+00:00","dateModified":"2025-08-30T20:55:45+00:00","description":"Nature&#039;s Way Echinacea Purpurea 1200 mg \u2013 180 vegetarian capsules to boost immunity and reduce cold symptoms. Vegan formula","breadcrumb":{"@id":"https:\/\/vitablanca.ma\/produit\/natures-way-echinacea-purpurea-herb-1200-mg-180-vegan-caps-maroc\/#breadcrumb"},"inLanguage":"en-US","potentialAction":[{"@type":"ReadAction","target":["https:\/\/vitablanca.ma\/produit\/natures-way-echinacea-purpurea-herb-1200-mg-180-vegan-caps-maroc\/"]}]},{"@type":"ImageObject","inLanguage":"en-US","@id":"https:\/\/vitablanca.ma\/produit\/natures-way-echinacea-purpurea-herb-1200-mg-180-vegan-caps-maroc\/#primaryimage","url":"https:\/\/vitablanca.ma\/wp-content\/uploads\/2025\/07\/natures-way-echinacea-purpurea-herb-1200-mg-180-vegan-.jpg","contentUrl":"https:\/\/vitablanca.ma\/wp-content\/uploads\/2025\/07\/natures-way-echinacea-purpurea-herb-1200-mg-180-vegan-.jpg","width":680,"height":680},{"@type":"BreadcrumbList","@id":"https:\/\/vitablanca.ma\/produit\/natures-way-echinacea-purpurea-herb-1200-mg-180-vegan-caps-maroc\/#breadcrumb","itemListElement":[{"@type":"ListItem","position":1,"name":"Home","item":"https:\/\/vitablanca.ma\/"},{"@type":"ListItem","position":2,"name":"Tous Les Produits","item":"https:\/\/vitablanca.ma\/tous-les-produits\/"},{"@type":"ListItem","position":3,"name":"Nature&#8217;S Way Echinacea Purpurea Herb, 1200 mg, 180 Vegan Caps"}]},{"@type":"WebSite","@id":"https:\/\/vitablanca.ma\/#website","url":"https:\/\/vitablanca.ma\/","name":"VitaBlanca.ma | Food supplements, health &amp; beauty in Morocco","description":"sell premium vitamins and supplements from USA &amp; Canada, New Zealand, Morocco (NOW Foods, Solgar, Manuka). Fast delivery anywhere in Morocco.","publisher":{"@id":"https:\/\/vitablanca.ma\/#organization"},"alternateName":"VitaBlanca.ma","potentialAction":[{"@type":"SearchAction","target":{"@type":"EntryPoint","urlTemplate":"https:\/\/vitablanca.ma\/?s={search_term_string}"},"query-input":{"@type":"PropertyValueSpecification","valueRequired":true,"valueName":"search_term_string"}}],"inLanguage":"en-US"},{"@type":"Organization","@id":"https:\/\/vitablanca.ma\/#organization","name":"VitaBlanca","url":"https:\/\/vitablanca.ma\/","logo":{"@type":"ImageObject","inLanguage":"en-US","@id":"https:\/\/vitablanca.ma\/#\/schema\/logo\/image\/","url":"https:\/\/vitablanca.ma\/wp-content\/uploads\/2025\/05\/cropped-vitablanca.png","contentUrl":"https:\/\/vitablanca.ma\/wp-content\/uploads\/2025\/05\/cropped-vitablanca.png","width":360,"height":67,"caption":"VitaBlanca"},"image":{"@id":"https:\/\/vitablanca.ma\/#\/schema\/logo\/image\/"},"sameAs":["https:\/\/www.facebook.com\/profile.php?id=61576678196717","https:\/\/www.tiktok.com\/@vitablanca.ma","https:\/\/www.instagram.com\/vitablanca.ma\/"]}]}},"jetpack_sharing_enabled":true,"_links":{"self":[{"href":"https:\/\/vitablanca.ma\/en\/wp-json\/wp\/v2\/product\/23213","targetHints":{"allow":["GET"]}}],"collection":[{"href":"https:\/\/vitablanca.ma\/en\/wp-json\/wp\/v2\/product"}],"about":[{"href":"https:\/\/vitablanca.ma\/en\/wp-json\/wp\/v2\/types\/product"}],"wp:featuredmedia":[{"embeddable":true,"href":"https:\/\/vitablanca.ma\/en\/wp-json\/wp\/v2\/media\/23215"}],"wp:attachment":[{"href":"https:\/\/vitablanca.ma\/en\/wp-json\/wp\/v2\/media?parent=23213"}],"wp:term":[{"taxonomy":"product_brand","embeddable":true,"href":"https:\/\/vitablanca.ma\/en\/wp-json\/wp\/v2\/product_brand?post=23213"},{"taxonomy":"product_cat","embeddable":true,"href":"https:\/\/vitablanca.ma\/en\/wp-json\/wp\/v2\/product_cat?post=23213"},{"taxonomy":"product_tag","embeddable":true,"href":"https:\/\/vitablanca.ma\/en\/wp-json\/wp\/v2\/product_tag?post=23213"}],"curies":[{"name":"wp","href":"https:\/\/api.w.org\/{rel}","templated":true}]}}