{"id":23185,"date":"2025-07-01T22:53:08","date_gmt":"2025-07-01T22:53:08","guid":{"rendered":"https:\/\/vitablanca.ma\/?post_type=product&#038;p=23185"},"modified":"2025-12-05T12:44:48","modified_gmt":"2025-12-05T12:44:48","slug":"solaray-mega-b-stress-a-liberation-prolongee-120-veg-caps-maroc","status":"publish","type":"product","link":"https:\/\/vitablanca.ma\/en\/product\/solaray-mega-b-stress-a-liberation-prolongee-120-veg-caps-maroc\/","title":{"rendered":"Solaray Mega B-Stress, Extended Release, 120 Veg Caps"},"content":{"rendered":"<p>Les vitamines B essentielles sont n\u00e9cessaires au bon m\u00e9tabolisme et \u00e0 la production d\u2019\u00e9nergie. Les vitamines B aident \u00e0 soutenir la sant\u00e9 des cheveux et de la peau, la transmission de l\u2019influx nerveux, la fonction du syst\u00e8me immunitaire et la formation des globules rouges. Cette formule \u00e0 deux \u00e9tapes, \u00e0 lib\u00e9ration prolong\u00e9e, est con\u00e7ue pour lib\u00e9rer rapidement la moiti\u00e9 des ingr\u00e9dients et l\u2019autre moiti\u00e9 progressivement sur une p\u00e9riode allant jusqu\u2019\u00e0 8 heures**, ce qui peut aider \u00e0 prolonger la disponibilit\u00e9 de ces vitamines pour l\u2019organisme sur une plus longue p\u00e9riode de temps.<a href=\"https:\/\/www.jumia.ma\/customer\/account\/login\/?tkWl=SO243DV09E03HNAFAMZ-30619910&return=%2Fmega-b-stress-a-liberation-prolongee-120-veg-caps-solaray-mpg931119.html\"><\/a><\/p>","protected":false},"excerpt":{"rendered":"<ul>\n<li>Essential B vitamins are needed for proper metabolism and energy production.<\/li>\n<li>B vitamins help support hair and skin health, nerve impulse transmission, immune system function, and red blood cell formation.<\/li>\n<li>100% vegan<\/li>\n<li>Food supplement; Acts quickly<\/li>\n<li>Long lasting; Contains vitamin C; Lab tested<\/li>\n<\/ul>","protected":false},"featured_media":24856,"template":"","meta":{"om_disable_all_campaigns":false},"product_brand":[673],"product_cat":[18,3366,20,19],"product_tag":[3052,3051,3050],"class_list":{"0":"post-23185","1":"product","2":"type-product","3":"status-publish","4":"has-post-thumbnail","6":"product_brand-solaray-maroc-prix","7":"product_cat-beaute-sante","8":"product_cat-complements-alimentaires-au-maroc-vitablanca","9":"product_cat-supplements","10":"product_cat-vitamines-supplements-dietetiques","11":"product_tag-bcomplex-vitamine-c-prolonge","12":"product_tag-complexe-vitamine-b-longue-action","13":"product_tag-solaray-mega-bstress-120-vegcaps","15":"first","16":"instock","17":"sale","18":"taxable","19":"shipping-taxable","20":"purchasable","21":"product-type-simple"},"yoast_head":"<!-- This site is optimized with the Yoast SEO plugin v27.5 - https:\/\/yoast.com\/product\/yoast-seo-wordpress\/ -->\n<title>Solaray Mega B\u2011Stress \u2013 120 Veg\u202fCaps 1\u202f000\u202fmg - Maroc Prix<\/title>\n<meta name=\"description\" content=\"Solaray Mega B\u2011Stress \u2013 120 capsules v\u00e9g\u00e9tales \u00e0 lib\u00e9ration prolong\u00e9e. Complexe complet de vitamines B + 1\u202f000\u202fmg de vitamine C pour soutenir l\u2019\u00e9nergie\" \/>\n<meta name=\"robots\" content=\"index, follow, max-snippet:-1, max-image-preview:large, max-video-preview:-1\" \/>\n<link rel=\"canonical\" href=\"https:\/\/vitablanca.ma\/en\/product\/solaray-mega-b-stress-a-liberation-prolongee-120-veg-caps-maroc\/\" \/>\n<meta property=\"og:locale\" content=\"en_US\" \/>\n<meta property=\"og:type\" content=\"article\" \/>\n<meta property=\"og:title\" content=\"Solaray Mega B\u2011Stress \u2013 120 Veg\u202fCaps 1\u202f000\u202fmg - Maroc Prix\" \/>\n<meta property=\"og:description\" content=\"Solaray Mega B\u2011Stress \u2013 120 capsules v\u00e9g\u00e9tales \u00e0 lib\u00e9ration prolong\u00e9e. Complexe complet de vitamines B + 1\u202f000\u202fmg de vitamine C pour soutenir l\u2019\u00e9nergie\" \/>\n<meta property=\"og:url\" content=\"https:\/\/vitablanca.ma\/en\/product\/solaray-mega-b-stress-a-liberation-prolongee-120-veg-caps-maroc\/\" \/>\n<meta property=\"og:site_name\" content=\"Vitablanca.ma &ndash; Sant&eacute;, vitalit&eacute; et bien-&ecirc;tre pour tous les Marocains\" \/>\n<meta property=\"article:publisher\" content=\"https:\/\/www.facebook.com\/profile.php?id=61576678196717\" \/>\n<meta property=\"article:modified_time\" content=\"2025-12-05T12:44:48+00:00\" \/>\n<meta property=\"og:image\" content=\"https:\/\/vitablanca.ma\/wp-content\/uploads\/2025\/07\/olaray-mega-vitamin-b-stress-timed-release-120-vegcaps.webp\" \/>\n\t<meta property=\"og:image:width\" content=\"680\" \/>\n\t<meta property=\"og:image:height\" content=\"680\" \/>\n\t<meta property=\"og:image:type\" content=\"image\/webp\" \/>\n<meta name=\"twitter:card\" content=\"summary_large_image\" \/>\n<meta name=\"twitter:label1\" content=\"Est. reading time\" \/>\n\t<meta name=\"twitter:data1\" content=\"1 minute\" \/>\n<script type=\"application\/ld+json\" class=\"yoast-schema-graph\">{\"@context\":\"https:\\\/\\\/schema.org\",\"@graph\":[{\"@type\":[\"WebPage\",\"ItemPage\"],\"@id\":\"https:\\\/\\\/vitablanca.ma\\\/produit\\\/solaray-mega-b-stress-a-liberation-prolongee-120-veg-caps-maroc\\\/\",\"url\":\"https:\\\/\\\/vitablanca.ma\\\/produit\\\/solaray-mega-b-stress-a-liberation-prolongee-120-veg-caps-maroc\\\/\",\"name\":\"Solaray Mega B\u2011Stress \u2013 120 Veg\u202fCaps 1\u202f000\u202fmg - Maroc Prix\",\"isPartOf\":{\"@id\":\"https:\\\/\\\/vitablanca.ma\\\/#website\"},\"primaryImageOfPage\":{\"@id\":\"https:\\\/\\\/vitablanca.ma\\\/produit\\\/solaray-mega-b-stress-a-liberation-prolongee-120-veg-caps-maroc\\\/#primaryimage\"},\"image\":{\"@id\":\"https:\\\/\\\/vitablanca.ma\\\/produit\\\/solaray-mega-b-stress-a-liberation-prolongee-120-veg-caps-maroc\\\/#primaryimage\"},\"thumbnailUrl\":\"https:\\\/\\\/vitablanca.ma\\\/wp-content\\\/uploads\\\/2025\\\/07\\\/olaray-mega-vitamin-b-stress-timed-release-120-vegcaps.webp\",\"datePublished\":\"2025-07-01T22:53:08+00:00\",\"dateModified\":\"2025-12-05T12:44:48+00:00\",\"description\":\"Solaray Mega B\u2011Stress \u2013 120 capsules v\u00e9g\u00e9tales \u00e0 lib\u00e9ration prolong\u00e9e. Complexe complet de vitamines B + 1\u202f000\u202fmg de vitamine C pour soutenir l\u2019\u00e9nergie\",\"breadcrumb\":{\"@id\":\"https:\\\/\\\/vitablanca.ma\\\/produit\\\/solaray-mega-b-stress-a-liberation-prolongee-120-veg-caps-maroc\\\/#breadcrumb\"},\"inLanguage\":\"en-US\",\"potentialAction\":[{\"@type\":\"ReadAction\",\"target\":[\"https:\\\/\\\/vitablanca.ma\\\/produit\\\/solaray-mega-b-stress-a-liberation-prolongee-120-veg-caps-maroc\\\/\"]}]},{\"@type\":\"ImageObject\",\"inLanguage\":\"en-US\",\"@id\":\"https:\\\/\\\/vitablanca.ma\\\/produit\\\/solaray-mega-b-stress-a-liberation-prolongee-120-veg-caps-maroc\\\/#primaryimage\",\"url\":\"https:\\\/\\\/vitablanca.ma\\\/wp-content\\\/uploads\\\/2025\\\/07\\\/olaray-mega-vitamin-b-stress-timed-release-120-vegcaps.webp\",\"contentUrl\":\"https:\\\/\\\/vitablanca.ma\\\/wp-content\\\/uploads\\\/2025\\\/07\\\/olaray-mega-vitamin-b-stress-timed-release-120-vegcaps.webp\",\"width\":680,\"height\":680},{\"@type\":\"BreadcrumbList\",\"@id\":\"https:\\\/\\\/vitablanca.ma\\\/produit\\\/solaray-mega-b-stress-a-liberation-prolongee-120-veg-caps-maroc\\\/#breadcrumb\",\"itemListElement\":[{\"@type\":\"ListItem\",\"position\":1,\"name\":\"Home\",\"item\":\"https:\\\/\\\/vitablanca.ma\\\/\"},{\"@type\":\"ListItem\",\"position\":2,\"name\":\"Tous Les Produits\",\"item\":\"https:\\\/\\\/vitablanca.ma\\\/tous-les-produits\\\/\"},{\"@type\":\"ListItem\",\"position\":3,\"name\":\"Solaray Mega B-Stress, \u00e0 lib\u00e9ration prolong\u00e9e, 120 Veg Caps\"}]},{\"@type\":\"WebSite\",\"@id\":\"https:\\\/\\\/vitablanca.ma\\\/#website\",\"url\":\"https:\\\/\\\/vitablanca.ma\\\/\",\"name\":\"VitaBlanca.ma | Compl\u00e9ments alimentaires, sant\u00e9 & beaut\u00e9 au Maroc\",\"description\":\"vendre vitamines et compl\u00e9ments premium des USA &amp; Canada, Nouvelle Z\u00e9lande,Maroc (NOW Foods, Solgar, Manuka). Livraison rapide partout au Maroc.\",\"publisher\":{\"@id\":\"https:\\\/\\\/vitablanca.ma\\\/#organization\"},\"alternateName\":\"VitaBlanca.ma\",\"potentialAction\":[{\"@type\":\"SearchAction\",\"target\":{\"@type\":\"EntryPoint\",\"urlTemplate\":\"https:\\\/\\\/vitablanca.ma\\\/?s={search_term_string}\"},\"query-input\":{\"@type\":\"PropertyValueSpecification\",\"valueRequired\":true,\"valueName\":\"search_term_string\"}}],\"inLanguage\":\"en-US\"},{\"@type\":\"Organization\",\"@id\":\"https:\\\/\\\/vitablanca.ma\\\/#organization\",\"name\":\"VitaBlanca\",\"url\":\"https:\\\/\\\/vitablanca.ma\\\/\",\"logo\":{\"@type\":\"ImageObject\",\"inLanguage\":\"en-US\",\"@id\":\"https:\\\/\\\/vitablanca.ma\\\/#\\\/schema\\\/logo\\\/image\\\/\",\"url\":\"https:\\\/\\\/vitablanca.ma\\\/wp-content\\\/uploads\\\/2025\\\/05\\\/cropped-vitablanca.png\",\"contentUrl\":\"https:\\\/\\\/vitablanca.ma\\\/wp-content\\\/uploads\\\/2025\\\/05\\\/cropped-vitablanca.png\",\"width\":360,\"height\":67,\"caption\":\"VitaBlanca\"},\"image\":{\"@id\":\"https:\\\/\\\/vitablanca.ma\\\/#\\\/schema\\\/logo\\\/image\\\/\"},\"sameAs\":[\"https:\\\/\\\/www.facebook.com\\\/profile.php?id=61576678196717\",\"https:\\\/\\\/www.tiktok.com\\\/@vitablanca.ma\",\"https:\\\/\\\/www.instagram.com\\\/vitablanca.ma\\\/\"]}]}<\/script>\n<!-- \/ Yoast SEO plugin. -->","yoast_head_json":{"title":"Solaray Mega B\u2011Stress \u2013 120 Veg Caps 1000 mg - Morocco Price","description":"Solaray Mega B-Stress \u2013 120 delayed-release vegetable capsules. Complete B vitamin complex + 1,000 mg of vitamin C to support energy.","robots":{"index":"index","follow":"follow","max-snippet":"max-snippet:-1","max-image-preview":"max-image-preview:large","max-video-preview":"max-video-preview:-1"},"canonical":"https:\/\/vitablanca.ma\/en\/product\/solaray-mega-b-stress-a-liberation-prolongee-120-veg-caps-maroc\/","og_locale":"en_US","og_type":"article","og_title":"Solaray Mega B\u2011Stress \u2013 120 Veg\u202fCaps 1\u202f000\u202fmg - Maroc Prix","og_description":"Solaray Mega B\u2011Stress \u2013 120 capsules v\u00e9g\u00e9tales \u00e0 lib\u00e9ration prolong\u00e9e. Complexe complet de vitamines B + 1\u202f000\u202fmg de vitamine C pour soutenir l\u2019\u00e9nergie","og_url":"https:\/\/vitablanca.ma\/en\/product\/solaray-mega-b-stress-a-liberation-prolongee-120-veg-caps-maroc\/","og_site_name":"Vitablanca.ma &ndash; Sant&eacute;, vitalit&eacute; et bien-&ecirc;tre pour tous les Marocains","article_publisher":"https:\/\/www.facebook.com\/profile.php?id=61576678196717","article_modified_time":"2025-12-05T12:44:48+00:00","og_image":[{"width":680,"height":680,"url":"https:\/\/vitablanca.ma\/wp-content\/uploads\/2025\/07\/olaray-mega-vitamin-b-stress-timed-release-120-vegcaps.webp","type":"image\/webp"}],"twitter_card":"summary_large_image","twitter_misc":{"Est. reading time":"1 minute"},"schema":{"@context":"https:\/\/schema.org","@graph":[{"@type":["WebPage","ItemPage"],"@id":"https:\/\/vitablanca.ma\/produit\/solaray-mega-b-stress-a-liberation-prolongee-120-veg-caps-maroc\/","url":"https:\/\/vitablanca.ma\/produit\/solaray-mega-b-stress-a-liberation-prolongee-120-veg-caps-maroc\/","name":"Solaray Mega B\u2011Stress \u2013 120 Veg Caps 1000 mg - Morocco Price","isPartOf":{"@id":"https:\/\/vitablanca.ma\/#website"},"primaryImageOfPage":{"@id":"https:\/\/vitablanca.ma\/produit\/solaray-mega-b-stress-a-liberation-prolongee-120-veg-caps-maroc\/#primaryimage"},"image":{"@id":"https:\/\/vitablanca.ma\/produit\/solaray-mega-b-stress-a-liberation-prolongee-120-veg-caps-maroc\/#primaryimage"},"thumbnailUrl":"https:\/\/vitablanca.ma\/wp-content\/uploads\/2025\/07\/olaray-mega-vitamin-b-stress-timed-release-120-vegcaps.webp","datePublished":"2025-07-01T22:53:08+00:00","dateModified":"2025-12-05T12:44:48+00:00","description":"Solaray Mega B-Stress \u2013 120 delayed-release vegetable capsules. Complete B vitamin complex + 1,000 mg of vitamin C to support energy.","breadcrumb":{"@id":"https:\/\/vitablanca.ma\/produit\/solaray-mega-b-stress-a-liberation-prolongee-120-veg-caps-maroc\/#breadcrumb"},"inLanguage":"en-US","potentialAction":[{"@type":"ReadAction","target":["https:\/\/vitablanca.ma\/produit\/solaray-mega-b-stress-a-liberation-prolongee-120-veg-caps-maroc\/"]}]},{"@type":"ImageObject","inLanguage":"en-US","@id":"https:\/\/vitablanca.ma\/produit\/solaray-mega-b-stress-a-liberation-prolongee-120-veg-caps-maroc\/#primaryimage","url":"https:\/\/vitablanca.ma\/wp-content\/uploads\/2025\/07\/olaray-mega-vitamin-b-stress-timed-release-120-vegcaps.webp","contentUrl":"https:\/\/vitablanca.ma\/wp-content\/uploads\/2025\/07\/olaray-mega-vitamin-b-stress-timed-release-120-vegcaps.webp","width":680,"height":680},{"@type":"BreadcrumbList","@id":"https:\/\/vitablanca.ma\/produit\/solaray-mega-b-stress-a-liberation-prolongee-120-veg-caps-maroc\/#breadcrumb","itemListElement":[{"@type":"ListItem","position":1,"name":"Home","item":"https:\/\/vitablanca.ma\/"},{"@type":"ListItem","position":2,"name":"Tous Les Produits","item":"https:\/\/vitablanca.ma\/tous-les-produits\/"},{"@type":"ListItem","position":3,"name":"Solaray Mega B-Stress, \u00e0 lib\u00e9ration prolong\u00e9e, 120 Veg Caps"}]},{"@type":"WebSite","@id":"https:\/\/vitablanca.ma\/#website","url":"https:\/\/vitablanca.ma\/","name":"VitaBlanca.ma | Food supplements, health &amp; beauty in Morocco","description":"sell premium vitamins and supplements from USA &amp; Canada, New Zealand, Morocco (NOW Foods, Solgar, Manuka). Fast delivery anywhere in Morocco.","publisher":{"@id":"https:\/\/vitablanca.ma\/#organization"},"alternateName":"VitaBlanca.ma","potentialAction":[{"@type":"SearchAction","target":{"@type":"EntryPoint","urlTemplate":"https:\/\/vitablanca.ma\/?s={search_term_string}"},"query-input":{"@type":"PropertyValueSpecification","valueRequired":true,"valueName":"search_term_string"}}],"inLanguage":"en-US"},{"@type":"Organization","@id":"https:\/\/vitablanca.ma\/#organization","name":"VitaBlanca","url":"https:\/\/vitablanca.ma\/","logo":{"@type":"ImageObject","inLanguage":"en-US","@id":"https:\/\/vitablanca.ma\/#\/schema\/logo\/image\/","url":"https:\/\/vitablanca.ma\/wp-content\/uploads\/2025\/05\/cropped-vitablanca.png","contentUrl":"https:\/\/vitablanca.ma\/wp-content\/uploads\/2025\/05\/cropped-vitablanca.png","width":360,"height":67,"caption":"VitaBlanca"},"image":{"@id":"https:\/\/vitablanca.ma\/#\/schema\/logo\/image\/"},"sameAs":["https:\/\/www.facebook.com\/profile.php?id=61576678196717","https:\/\/www.tiktok.com\/@vitablanca.ma","https:\/\/www.instagram.com\/vitablanca.ma\/"]}]}},"jetpack_sharing_enabled":true,"_links":{"self":[{"href":"https:\/\/vitablanca.ma\/en\/wp-json\/wp\/v2\/product\/23185","targetHints":{"allow":["GET"]}}],"collection":[{"href":"https:\/\/vitablanca.ma\/en\/wp-json\/wp\/v2\/product"}],"about":[{"href":"https:\/\/vitablanca.ma\/en\/wp-json\/wp\/v2\/types\/product"}],"wp:featuredmedia":[{"embeddable":true,"href":"https:\/\/vitablanca.ma\/en\/wp-json\/wp\/v2\/media\/24856"}],"wp:attachment":[{"href":"https:\/\/vitablanca.ma\/en\/wp-json\/wp\/v2\/media?parent=23185"}],"wp:term":[{"taxonomy":"product_brand","embeddable":true,"href":"https:\/\/vitablanca.ma\/en\/wp-json\/wp\/v2\/product_brand?post=23185"},{"taxonomy":"product_cat","embeddable":true,"href":"https:\/\/vitablanca.ma\/en\/wp-json\/wp\/v2\/product_cat?post=23185"},{"taxonomy":"product_tag","embeddable":true,"href":"https:\/\/vitablanca.ma\/en\/wp-json\/wp\/v2\/product_tag?post=23185"}],"curies":[{"name":"wp","href":"https:\/\/api.w.org\/{rel}","templated":true}]}}