{"id":23182,"date":"2025-07-01T22:32:53","date_gmt":"2025-07-01T22:32:53","guid":{"rendered":"https:\/\/vitablanca.ma\/?post_type=product&#038;p=23182"},"modified":"2025-08-30T20:55:48","modified_gmt":"2025-08-30T20:55:48","slug":"natrol-complexe-pour-la-memoire-60-compr-maroc","status":"publish","type":"product","link":"https:\/\/vitablanca.ma\/en\/product\/natrol-complexe-pour-la-memoire-60-compr-maroc\/","title":{"rendered":"Natrol Memory Complex, 60 tablets"},"content":{"rendered":"<p>Natrol Memory Complex supplements are specially designed to support cognitive function with a revolutionary brain-supporting formula containing a wide variety of vitamins and nutrients. Unique ingredients in Natrol Memory Complex formula, such as vincopectin, huperzine A, ginkgo biloba, and phosphatidylserine, help improve memory, increase blood flow to the brain, and support overall brain health. Natrol Memory Complex supplements are a great way to improve mental capacity and maintain memory naturally! For best results, take 2 Natrol Memory Complex tablets once daily with a meal.<a href=\"https:\/\/www.jumia.ma\/customer\/account\/login\/?tkWl=NA025DV0BMEMJNAFAMZ-30971373&amp;return=%2Fnatrol-complexe-pour-la-memoire-60-compr-36112591.html\"><\/a><\/p>","protected":false},"excerpt":{"rendered":"<ul>\n<li>Brain health<\/li>\n<li>Helps maintain memory<\/li>\n<li>Strengthens brain health<\/li>\n<li>Vegetarian<\/li>\n<li>Food supplement<\/li>\n<\/ul>","protected":false},"featured_media":23183,"template":"","meta":{"om_disable_all_campaigns":false},"product_brand":[2357],"product_cat":[18,3366,20,19],"product_tag":[3047,3049,3046],"class_list":{"0":"post-23182","1":"product","2":"type-product","3":"status-publish","4":"has-post-thumbnail","6":"product_brand-natrol-prix-maroc","7":"product_cat-beaute-sante","8":"product_cat-complements-alimentaires-au-maroc-vitablanca","9":"product_cat-supplements","10":"product_cat-vitamines-supplements-dietetiques","11":"product_tag-bacopa-ginkgo-phosphatidylserine-huperzine","12":"product_tag-brain-health-vegetarian-tablets","13":"product_tag-natrol-memory-complex","15":"first","16":"instock","17":"taxable","18":"shipping-taxable","19":"purchasable","20":"product-type-simple"},"yoast_head":"<!-- This site is optimized with the Yoast SEO plugin v27.4 - https:\/\/yoast.com\/product\/yoast-seo-wordpress\/ -->\n<title>Natrol Memory Complex 60 comprim\u00e9s m\u00e9moire -Maroc Prix<\/title>\n<meta name=\"description\" content=\"Memory Complex de Natrol\u202f: combinaison de Bacopa, Ginkgo, Phosphatidyls\u00e9rine, Huperzine-A et vitamines B pour soutenir la m\u00e9moire etla concentration\" \/>\n<meta name=\"robots\" content=\"index, follow, max-snippet:-1, max-image-preview:large, max-video-preview:-1\" \/>\n<link rel=\"canonical\" href=\"https:\/\/vitablanca.ma\/en\/product\/natrol-complexe-pour-la-memoire-60-compr-maroc\/\" \/>\n<meta property=\"og:locale\" content=\"en_US\" \/>\n<meta property=\"og:type\" content=\"article\" \/>\n<meta property=\"og:title\" content=\"Natrol Memory Complex 60 comprim\u00e9s m\u00e9moire -Maroc Prix\" \/>\n<meta property=\"og:description\" content=\"Memory Complex de Natrol\u202f: combinaison de Bacopa, Ginkgo, Phosphatidyls\u00e9rine, Huperzine-A et vitamines B pour soutenir la m\u00e9moire etla concentration\" \/>\n<meta property=\"og:url\" content=\"https:\/\/vitablanca.ma\/en\/product\/natrol-complexe-pour-la-memoire-60-compr-maroc\/\" \/>\n<meta property=\"og:site_name\" content=\"Vitablanca.ma &ndash; Sant&eacute;, vitalit&eacute; et bien-&ecirc;tre pour tous les Marocains\" \/>\n<meta property=\"article:publisher\" content=\"https:\/\/www.facebook.com\/profile.php?id=61576678196717\" \/>\n<meta property=\"article:modified_time\" content=\"2025-08-30T20:55:48+00:00\" \/>\n<meta property=\"og:image\" content=\"https:\/\/vitablanca.ma\/wp-content\/uploads\/2025\/07\/natrol-complexe-pour-la-memoire-60-compr.jpg\" \/>\n\t<meta property=\"og:image:width\" content=\"680\" \/>\n\t<meta property=\"og:image:height\" content=\"680\" \/>\n\t<meta property=\"og:image:type\" content=\"image\/jpeg\" \/>\n<meta name=\"twitter:card\" content=\"summary_large_image\" \/>\n<meta name=\"twitter:label1\" content=\"Est. reading time\" \/>\n\t<meta name=\"twitter:data1\" content=\"1 minute\" \/>\n<script type=\"application\/ld+json\" class=\"yoast-schema-graph\">{\"@context\":\"https:\\\/\\\/schema.org\",\"@graph\":[{\"@type\":[\"WebPage\",\"ItemPage\"],\"@id\":\"https:\\\/\\\/vitablanca.ma\\\/produit\\\/natrol-complexe-pour-la-memoire-60-compr-maroc\\\/\",\"url\":\"https:\\\/\\\/vitablanca.ma\\\/produit\\\/natrol-complexe-pour-la-memoire-60-compr-maroc\\\/\",\"name\":\"Natrol Memory Complex 60 comprim\u00e9s m\u00e9moire -Maroc Prix\",\"isPartOf\":{\"@id\":\"https:\\\/\\\/vitablanca.ma\\\/#website\"},\"primaryImageOfPage\":{\"@id\":\"https:\\\/\\\/vitablanca.ma\\\/produit\\\/natrol-complexe-pour-la-memoire-60-compr-maroc\\\/#primaryimage\"},\"image\":{\"@id\":\"https:\\\/\\\/vitablanca.ma\\\/produit\\\/natrol-complexe-pour-la-memoire-60-compr-maroc\\\/#primaryimage\"},\"thumbnailUrl\":\"https:\\\/\\\/vitablanca.ma\\\/wp-content\\\/uploads\\\/2025\\\/07\\\/natrol-complexe-pour-la-memoire-60-compr.jpg\",\"datePublished\":\"2025-07-01T22:32:53+00:00\",\"dateModified\":\"2025-08-30T20:55:48+00:00\",\"description\":\"Memory Complex de Natrol\u202f: combinaison de Bacopa, Ginkgo, Phosphatidyls\u00e9rine, Huperzine-A et vitamines B pour soutenir la m\u00e9moire etla concentration\",\"breadcrumb\":{\"@id\":\"https:\\\/\\\/vitablanca.ma\\\/produit\\\/natrol-complexe-pour-la-memoire-60-compr-maroc\\\/#breadcrumb\"},\"inLanguage\":\"en-US\",\"potentialAction\":[{\"@type\":\"ReadAction\",\"target\":[\"https:\\\/\\\/vitablanca.ma\\\/produit\\\/natrol-complexe-pour-la-memoire-60-compr-maroc\\\/\"]}]},{\"@type\":\"ImageObject\",\"inLanguage\":\"en-US\",\"@id\":\"https:\\\/\\\/vitablanca.ma\\\/produit\\\/natrol-complexe-pour-la-memoire-60-compr-maroc\\\/#primaryimage\",\"url\":\"https:\\\/\\\/vitablanca.ma\\\/wp-content\\\/uploads\\\/2025\\\/07\\\/natrol-complexe-pour-la-memoire-60-compr.jpg\",\"contentUrl\":\"https:\\\/\\\/vitablanca.ma\\\/wp-content\\\/uploads\\\/2025\\\/07\\\/natrol-complexe-pour-la-memoire-60-compr.jpg\",\"width\":680,\"height\":680},{\"@type\":\"BreadcrumbList\",\"@id\":\"https:\\\/\\\/vitablanca.ma\\\/produit\\\/natrol-complexe-pour-la-memoire-60-compr-maroc\\\/#breadcrumb\",\"itemListElement\":[{\"@type\":\"ListItem\",\"position\":1,\"name\":\"Home\",\"item\":\"https:\\\/\\\/vitablanca.ma\\\/\"},{\"@type\":\"ListItem\",\"position\":2,\"name\":\"Tous Les Produits\",\"item\":\"https:\\\/\\\/vitablanca.ma\\\/tous-les-produits\\\/\"},{\"@type\":\"ListItem\",\"position\":3,\"name\":\"Natrol Complexe pour la m\u00e9moire, 60 compr\"}]},{\"@type\":\"WebSite\",\"@id\":\"https:\\\/\\\/vitablanca.ma\\\/#website\",\"url\":\"https:\\\/\\\/vitablanca.ma\\\/\",\"name\":\"VitaBlanca.ma | Compl\u00e9ments alimentaires, sant\u00e9 & beaut\u00e9 au Maroc\",\"description\":\"vendre vitamines et compl\u00e9ments premium des USA &amp; Canada, Nouvelle Z\u00e9lande,Maroc (NOW Foods, Solgar, Manuka). Livraison rapide partout au Maroc.\",\"publisher\":{\"@id\":\"https:\\\/\\\/vitablanca.ma\\\/#organization\"},\"alternateName\":\"VitaBlanca.ma\",\"potentialAction\":[{\"@type\":\"SearchAction\",\"target\":{\"@type\":\"EntryPoint\",\"urlTemplate\":\"https:\\\/\\\/vitablanca.ma\\\/?s={search_term_string}\"},\"query-input\":{\"@type\":\"PropertyValueSpecification\",\"valueRequired\":true,\"valueName\":\"search_term_string\"}}],\"inLanguage\":\"en-US\"},{\"@type\":\"Organization\",\"@id\":\"https:\\\/\\\/vitablanca.ma\\\/#organization\",\"name\":\"VitaBlanca\",\"url\":\"https:\\\/\\\/vitablanca.ma\\\/\",\"logo\":{\"@type\":\"ImageObject\",\"inLanguage\":\"en-US\",\"@id\":\"https:\\\/\\\/vitablanca.ma\\\/#\\\/schema\\\/logo\\\/image\\\/\",\"url\":\"https:\\\/\\\/vitablanca.ma\\\/wp-content\\\/uploads\\\/2025\\\/05\\\/cropped-vitablanca.png\",\"contentUrl\":\"https:\\\/\\\/vitablanca.ma\\\/wp-content\\\/uploads\\\/2025\\\/05\\\/cropped-vitablanca.png\",\"width\":360,\"height\":67,\"caption\":\"VitaBlanca\"},\"image\":{\"@id\":\"https:\\\/\\\/vitablanca.ma\\\/#\\\/schema\\\/logo\\\/image\\\/\"},\"sameAs\":[\"https:\\\/\\\/www.facebook.com\\\/profile.php?id=61576678196717\",\"https:\\\/\\\/www.tiktok.com\\\/@vitablanca.ma\",\"https:\\\/\\\/www.instagram.com\\\/vitablanca.ma\\\/\"]}]}<\/script>\n<!-- \/ Yoast SEO plugin. -->","yoast_head_json":{"title":"Natrol Memory Complex 60 memory tablets - Morocco Price","description":"Natrol Memory Complex: Combination of Bacopa, Ginkgo, Phosphatidylserine, Huperzine-A and B vitamins to support memory and concentration","robots":{"index":"index","follow":"follow","max-snippet":"max-snippet:-1","max-image-preview":"max-image-preview:large","max-video-preview":"max-video-preview:-1"},"canonical":"https:\/\/vitablanca.ma\/en\/product\/natrol-complexe-pour-la-memoire-60-compr-maroc\/","og_locale":"en_US","og_type":"article","og_title":"Natrol Memory Complex 60 comprim\u00e9s m\u00e9moire -Maroc Prix","og_description":"Memory Complex de Natrol\u202f: combinaison de Bacopa, Ginkgo, Phosphatidyls\u00e9rine, Huperzine-A et vitamines B pour soutenir la m\u00e9moire etla concentration","og_url":"https:\/\/vitablanca.ma\/en\/product\/natrol-complexe-pour-la-memoire-60-compr-maroc\/","og_site_name":"Vitablanca.ma &ndash; Sant&eacute;, vitalit&eacute; et bien-&ecirc;tre pour tous les Marocains","article_publisher":"https:\/\/www.facebook.com\/profile.php?id=61576678196717","article_modified_time":"2025-08-30T20:55:48+00:00","og_image":[{"width":680,"height":680,"url":"https:\/\/vitablanca.ma\/wp-content\/uploads\/2025\/07\/natrol-complexe-pour-la-memoire-60-compr.jpg","type":"image\/jpeg"}],"twitter_card":"summary_large_image","twitter_misc":{"Est. reading time":"1 minute"},"schema":{"@context":"https:\/\/schema.org","@graph":[{"@type":["WebPage","ItemPage"],"@id":"https:\/\/vitablanca.ma\/produit\/natrol-complexe-pour-la-memoire-60-compr-maroc\/","url":"https:\/\/vitablanca.ma\/produit\/natrol-complexe-pour-la-memoire-60-compr-maroc\/","name":"Natrol Memory Complex 60 memory tablets - Morocco Price","isPartOf":{"@id":"https:\/\/vitablanca.ma\/#website"},"primaryImageOfPage":{"@id":"https:\/\/vitablanca.ma\/produit\/natrol-complexe-pour-la-memoire-60-compr-maroc\/#primaryimage"},"image":{"@id":"https:\/\/vitablanca.ma\/produit\/natrol-complexe-pour-la-memoire-60-compr-maroc\/#primaryimage"},"thumbnailUrl":"https:\/\/vitablanca.ma\/wp-content\/uploads\/2025\/07\/natrol-complexe-pour-la-memoire-60-compr.jpg","datePublished":"2025-07-01T22:32:53+00:00","dateModified":"2025-08-30T20:55:48+00:00","description":"Natrol Memory Complex: Combination of Bacopa, Ginkgo, Phosphatidylserine, Huperzine-A and B vitamins to support memory and concentration","breadcrumb":{"@id":"https:\/\/vitablanca.ma\/produit\/natrol-complexe-pour-la-memoire-60-compr-maroc\/#breadcrumb"},"inLanguage":"en-US","potentialAction":[{"@type":"ReadAction","target":["https:\/\/vitablanca.ma\/produit\/natrol-complexe-pour-la-memoire-60-compr-maroc\/"]}]},{"@type":"ImageObject","inLanguage":"en-US","@id":"https:\/\/vitablanca.ma\/produit\/natrol-complexe-pour-la-memoire-60-compr-maroc\/#primaryimage","url":"https:\/\/vitablanca.ma\/wp-content\/uploads\/2025\/07\/natrol-complexe-pour-la-memoire-60-compr.jpg","contentUrl":"https:\/\/vitablanca.ma\/wp-content\/uploads\/2025\/07\/natrol-complexe-pour-la-memoire-60-compr.jpg","width":680,"height":680},{"@type":"BreadcrumbList","@id":"https:\/\/vitablanca.ma\/produit\/natrol-complexe-pour-la-memoire-60-compr-maroc\/#breadcrumb","itemListElement":[{"@type":"ListItem","position":1,"name":"Home","item":"https:\/\/vitablanca.ma\/"},{"@type":"ListItem","position":2,"name":"Tous Les Produits","item":"https:\/\/vitablanca.ma\/tous-les-produits\/"},{"@type":"ListItem","position":3,"name":"Natrol Complexe pour la m\u00e9moire, 60 compr"}]},{"@type":"WebSite","@id":"https:\/\/vitablanca.ma\/#website","url":"https:\/\/vitablanca.ma\/","name":"VitaBlanca.ma | Food supplements, health &amp; beauty in Morocco","description":"sell premium vitamins and supplements from USA &amp; Canada, New Zealand, Morocco (NOW Foods, Solgar, Manuka). Fast delivery anywhere in Morocco.","publisher":{"@id":"https:\/\/vitablanca.ma\/#organization"},"alternateName":"VitaBlanca.ma","potentialAction":[{"@type":"SearchAction","target":{"@type":"EntryPoint","urlTemplate":"https:\/\/vitablanca.ma\/?s={search_term_string}"},"query-input":{"@type":"PropertyValueSpecification","valueRequired":true,"valueName":"search_term_string"}}],"inLanguage":"en-US"},{"@type":"Organization","@id":"https:\/\/vitablanca.ma\/#organization","name":"VitaBlanca","url":"https:\/\/vitablanca.ma\/","logo":{"@type":"ImageObject","inLanguage":"en-US","@id":"https:\/\/vitablanca.ma\/#\/schema\/logo\/image\/","url":"https:\/\/vitablanca.ma\/wp-content\/uploads\/2025\/05\/cropped-vitablanca.png","contentUrl":"https:\/\/vitablanca.ma\/wp-content\/uploads\/2025\/05\/cropped-vitablanca.png","width":360,"height":67,"caption":"VitaBlanca"},"image":{"@id":"https:\/\/vitablanca.ma\/#\/schema\/logo\/image\/"},"sameAs":["https:\/\/www.facebook.com\/profile.php?id=61576678196717","https:\/\/www.tiktok.com\/@vitablanca.ma","https:\/\/www.instagram.com\/vitablanca.ma\/"]}]}},"jetpack_sharing_enabled":true,"_links":{"self":[{"href":"https:\/\/vitablanca.ma\/en\/wp-json\/wp\/v2\/product\/23182","targetHints":{"allow":["GET"]}}],"collection":[{"href":"https:\/\/vitablanca.ma\/en\/wp-json\/wp\/v2\/product"}],"about":[{"href":"https:\/\/vitablanca.ma\/en\/wp-json\/wp\/v2\/types\/product"}],"wp:featuredmedia":[{"embeddable":true,"href":"https:\/\/vitablanca.ma\/en\/wp-json\/wp\/v2\/media\/23183"}],"wp:attachment":[{"href":"https:\/\/vitablanca.ma\/en\/wp-json\/wp\/v2\/media?parent=23182"}],"wp:term":[{"taxonomy":"product_brand","embeddable":true,"href":"https:\/\/vitablanca.ma\/en\/wp-json\/wp\/v2\/product_brand?post=23182"},{"taxonomy":"product_cat","embeddable":true,"href":"https:\/\/vitablanca.ma\/en\/wp-json\/wp\/v2\/product_cat?post=23182"},{"taxonomy":"product_tag","embeddable":true,"href":"https:\/\/vitablanca.ma\/en\/wp-json\/wp\/v2\/product_tag?post=23182"}],"curies":[{"name":"wp","href":"https:\/\/api.w.org\/{rel}","templated":true}]}}