{"id":23168,"date":"2025-07-01T19:33:43","date_gmt":"2025-07-01T19:33:43","guid":{"rendered":"https:\/\/vitablanca.ma\/?post_type=product&#038;p=23168"},"modified":"2025-08-30T20:55:49","modified_gmt":"2025-08-30T20:55:49","slug":"solaray-extrait-de-tige-de-bambou-300-mg-60-capsules-vegetales-maroc","status":"publish","type":"product","link":"https:\/\/vitablanca.ma\/en\/product\/solaray-extrait-de-tige-de-bambou-300-mg-60-capsules-vegetales-maroc\/","title":{"rendered":"Solaray Bamboo Stem Extract, 600 mg, 60 Capsules"},"content":{"rendered":"<p>Le bambou est consomm\u00e9 en Asie, o\u00f9 il est connu pour ses propri\u00e9t\u00e9s salutaires. L\u2019abondance de silice dans le bambou provoque la formation d\u2019un gel de silice dans la tige creuse de la plante. Ce gel est appel\u00e9 tabashir. L\u2019extrait de bambou Solaray\u00ae est normalis\u00e9 pour la silice organique et est destin\u00e9 \u00e0 fournir un soutien nutritif pour le tissu conjonctif, les os, les cheveux, la peau et les ongles sains.<br><br><a href=\"https:\/\/www.jumia.ma\/customer\/account\/login\/?tkWl=SO243DV17GQG7NAFAMZ-31151386&return=%2Fextrait-de-tige-de-bambou-300-mg-60-capsules-vegetales-solaray-mpg983774.html\"><\/a><\/p>","protected":false},"excerpt":{"rendered":"<ul>\n<li>Food supplement<\/li>\n<li>Bambusa Vulgaris<\/li>\n<li>70% silica<\/li>\n<li>Guaranteed power<\/li>\n<li>Solaray\u00ae Bamboo Extract is standardized for organic silica and is intended to provide nutritive support for healthy connective tissue, bones, hair, skin, and nails.<\/li>\n<\/ul>","protected":false},"featured_media":24860,"template":"","meta":{"om_disable_all_campaigns":false},"product_brand":[673],"product_cat":[18,3366,104,19],"product_tag":[3040,3037,3038],"class_list":{"0":"post-23168","1":"product","2":"type-product","3":"status-publish","4":"has-post-thumbnail","6":"product_brand-solaray-maroc-prix","7":"product_cat-beaute-sante","8":"product_cat-complements-alimentaires-au-maroc-vitablanca","9":"product_cat-supplements-a-base-de-plantes","10":"product_cat-vitamines-supplements-dietetiques","11":"product_tag-bamboo-stem-extract-silica-supplement","12":"product_tag-extrait-bambou-solaray-300-mg","13":"product_tag-silice-organique-tige-bambou","15":"first","16":"instock","17":"taxable","18":"shipping-taxable","19":"purchasable","20":"product-type-simple"},"yoast_head":"<!-- This site is optimized with the Yoast SEO plugin v27.5 - https:\/\/yoast.com\/product\/yoast-seo-wordpress\/ -->\n<title>Solaray Extrait de tige de bambou 300\u202fmg - Maroc Prix<\/title>\n<meta name=\"description\" content=\"Extrait de tige de bambou (Bambusa vulgaris) 300\u202fmg \u2013 riche en silice organique (70\u202f%) \u2013 soutient la production de collag\u00e8ne\u202f: peau, cheveux \u2013 60 g\u00e9lule\" \/>\n<meta name=\"robots\" content=\"index, follow, max-snippet:-1, max-image-preview:large, max-video-preview:-1\" \/>\n<link rel=\"canonical\" href=\"https:\/\/vitablanca.ma\/en\/product\/solaray-extrait-de-tige-de-bambou-300-mg-60-capsules-vegetales-maroc\/\" \/>\n<meta property=\"og:locale\" content=\"en_US\" \/>\n<meta property=\"og:type\" content=\"article\" \/>\n<meta property=\"og:title\" content=\"Solaray Extrait de tige de bambou 300\u202fmg - Maroc Prix\" \/>\n<meta property=\"og:description\" content=\"Extrait de tige de bambou (Bambusa vulgaris) 300\u202fmg \u2013 riche en silice organique (70\u202f%) \u2013 soutient la production de collag\u00e8ne\u202f: peau, cheveux \u2013 60 g\u00e9lule\" \/>\n<meta property=\"og:url\" content=\"https:\/\/vitablanca.ma\/en\/product\/solaray-extrait-de-tige-de-bambou-300-mg-60-capsules-vegetales-maroc\/\" \/>\n<meta property=\"og:site_name\" content=\"Vitablanca.ma &ndash; Sant&eacute;, vitalit&eacute; et bien-&ecirc;tre pour tous les Marocains\" \/>\n<meta property=\"article:publisher\" content=\"https:\/\/www.facebook.com\/profile.php?id=61576678196717\" \/>\n<meta property=\"article:modified_time\" content=\"2025-08-30T20:55:49+00:00\" \/>\n<meta property=\"og:image\" content=\"https:\/\/vitablanca.ma\/wp-content\/uploads\/2025\/07\/solaray-vital-extracts-bamboo-60-vegcaps-300-mg-per-vegcap.webp\" \/>\n\t<meta property=\"og:image:width\" content=\"680\" \/>\n\t<meta property=\"og:image:height\" content=\"680\" \/>\n\t<meta property=\"og:image:type\" content=\"image\/webp\" \/>\n<meta name=\"twitter:card\" content=\"summary_large_image\" \/>\n<meta name=\"twitter:label1\" content=\"Est. reading time\" \/>\n\t<meta name=\"twitter:data1\" content=\"1 minute\" \/>\n<script type=\"application\/ld+json\" class=\"yoast-schema-graph\">{\"@context\":\"https:\\\/\\\/schema.org\",\"@graph\":[{\"@type\":[\"WebPage\",\"ItemPage\"],\"@id\":\"https:\\\/\\\/vitablanca.ma\\\/produit\\\/solaray-extrait-de-tige-de-bambou-300-mg-60-capsules-vegetales-maroc\\\/\",\"url\":\"https:\\\/\\\/vitablanca.ma\\\/produit\\\/solaray-extrait-de-tige-de-bambou-300-mg-60-capsules-vegetales-maroc\\\/\",\"name\":\"Solaray Extrait de tige de bambou 300\u202fmg - Maroc Prix\",\"isPartOf\":{\"@id\":\"https:\\\/\\\/vitablanca.ma\\\/#website\"},\"primaryImageOfPage\":{\"@id\":\"https:\\\/\\\/vitablanca.ma\\\/produit\\\/solaray-extrait-de-tige-de-bambou-300-mg-60-capsules-vegetales-maroc\\\/#primaryimage\"},\"image\":{\"@id\":\"https:\\\/\\\/vitablanca.ma\\\/produit\\\/solaray-extrait-de-tige-de-bambou-300-mg-60-capsules-vegetales-maroc\\\/#primaryimage\"},\"thumbnailUrl\":\"https:\\\/\\\/vitablanca.ma\\\/wp-content\\\/uploads\\\/2025\\\/07\\\/solaray-vital-extracts-bamboo-60-vegcaps-300-mg-per-vegcap.webp\",\"datePublished\":\"2025-07-01T19:33:43+00:00\",\"dateModified\":\"2025-08-30T20:55:49+00:00\",\"description\":\"Extrait de tige de bambou (Bambusa vulgaris) 300\u202fmg \u2013 riche en silice organique (70\u202f%) \u2013 soutient la production de collag\u00e8ne\u202f: peau, cheveux \u2013 60 g\u00e9lule\",\"breadcrumb\":{\"@id\":\"https:\\\/\\\/vitablanca.ma\\\/produit\\\/solaray-extrait-de-tige-de-bambou-300-mg-60-capsules-vegetales-maroc\\\/#breadcrumb\"},\"inLanguage\":\"en-US\",\"potentialAction\":[{\"@type\":\"ReadAction\",\"target\":[\"https:\\\/\\\/vitablanca.ma\\\/produit\\\/solaray-extrait-de-tige-de-bambou-300-mg-60-capsules-vegetales-maroc\\\/\"]}]},{\"@type\":\"ImageObject\",\"inLanguage\":\"en-US\",\"@id\":\"https:\\\/\\\/vitablanca.ma\\\/produit\\\/solaray-extrait-de-tige-de-bambou-300-mg-60-capsules-vegetales-maroc\\\/#primaryimage\",\"url\":\"https:\\\/\\\/vitablanca.ma\\\/wp-content\\\/uploads\\\/2025\\\/07\\\/solaray-vital-extracts-bamboo-60-vegcaps-300-mg-per-vegcap.webp\",\"contentUrl\":\"https:\\\/\\\/vitablanca.ma\\\/wp-content\\\/uploads\\\/2025\\\/07\\\/solaray-vital-extracts-bamboo-60-vegcaps-300-mg-per-vegcap.webp\",\"width\":680,\"height\":680},{\"@type\":\"BreadcrumbList\",\"@id\":\"https:\\\/\\\/vitablanca.ma\\\/produit\\\/solaray-extrait-de-tige-de-bambou-300-mg-60-capsules-vegetales-maroc\\\/#breadcrumb\",\"itemListElement\":[{\"@type\":\"ListItem\",\"position\":1,\"name\":\"Home\",\"item\":\"https:\\\/\\\/vitablanca.ma\\\/\"},{\"@type\":\"ListItem\",\"position\":2,\"name\":\"Tous Les Produits\",\"item\":\"https:\\\/\\\/vitablanca.ma\\\/tous-les-produits\\\/\"},{\"@type\":\"ListItem\",\"position\":3,\"name\":\"Solaray Extrait de tige de bambou, 600 mg, 60 capsules\"}]},{\"@type\":\"WebSite\",\"@id\":\"https:\\\/\\\/vitablanca.ma\\\/#website\",\"url\":\"https:\\\/\\\/vitablanca.ma\\\/\",\"name\":\"VitaBlanca.ma | Compl\u00e9ments alimentaires, sant\u00e9 & beaut\u00e9 au Maroc\",\"description\":\"vendre vitamines et compl\u00e9ments premium des USA &amp; Canada, Nouvelle Z\u00e9lande,Maroc (NOW Foods, Solgar, Manuka). Livraison rapide partout au Maroc.\",\"publisher\":{\"@id\":\"https:\\\/\\\/vitablanca.ma\\\/#organization\"},\"alternateName\":\"VitaBlanca.ma\",\"potentialAction\":[{\"@type\":\"SearchAction\",\"target\":{\"@type\":\"EntryPoint\",\"urlTemplate\":\"https:\\\/\\\/vitablanca.ma\\\/?s={search_term_string}\"},\"query-input\":{\"@type\":\"PropertyValueSpecification\",\"valueRequired\":true,\"valueName\":\"search_term_string\"}}],\"inLanguage\":\"en-US\"},{\"@type\":\"Organization\",\"@id\":\"https:\\\/\\\/vitablanca.ma\\\/#organization\",\"name\":\"VitaBlanca\",\"url\":\"https:\\\/\\\/vitablanca.ma\\\/\",\"logo\":{\"@type\":\"ImageObject\",\"inLanguage\":\"en-US\",\"@id\":\"https:\\\/\\\/vitablanca.ma\\\/#\\\/schema\\\/logo\\\/image\\\/\",\"url\":\"https:\\\/\\\/vitablanca.ma\\\/wp-content\\\/uploads\\\/2025\\\/05\\\/cropped-vitablanca.png\",\"contentUrl\":\"https:\\\/\\\/vitablanca.ma\\\/wp-content\\\/uploads\\\/2025\\\/05\\\/cropped-vitablanca.png\",\"width\":360,\"height\":67,\"caption\":\"VitaBlanca\"},\"image\":{\"@id\":\"https:\\\/\\\/vitablanca.ma\\\/#\\\/schema\\\/logo\\\/image\\\/\"},\"sameAs\":[\"https:\\\/\\\/www.facebook.com\\\/profile.php?id=61576678196717\",\"https:\\\/\\\/www.tiktok.com\\\/@vitablanca.ma\",\"https:\\\/\\\/www.instagram.com\\\/vitablanca.ma\\\/\"]}]}<\/script>\n<!-- \/ Yoast SEO plugin. -->","yoast_head_json":{"title":"Solaray Bamboo Stem Extract 300 mg - Morocco Price","description":"Bamboo stem extract (Bambusa vulgaris) 300 mg \u2013 rich in organic silica (70 %) \u2013 supports collagen production: skin, hair \u2013 60 capsules","robots":{"index":"index","follow":"follow","max-snippet":"max-snippet:-1","max-image-preview":"max-image-preview:large","max-video-preview":"max-video-preview:-1"},"canonical":"https:\/\/vitablanca.ma\/en\/product\/solaray-extrait-de-tige-de-bambou-300-mg-60-capsules-vegetales-maroc\/","og_locale":"en_US","og_type":"article","og_title":"Solaray Extrait de tige de bambou 300\u202fmg - Maroc Prix","og_description":"Extrait de tige de bambou (Bambusa vulgaris) 300\u202fmg \u2013 riche en silice organique (70\u202f%) \u2013 soutient la production de collag\u00e8ne\u202f: peau, cheveux \u2013 60 g\u00e9lule","og_url":"https:\/\/vitablanca.ma\/en\/product\/solaray-extrait-de-tige-de-bambou-300-mg-60-capsules-vegetales-maroc\/","og_site_name":"Vitablanca.ma &ndash; Sant&eacute;, vitalit&eacute; et bien-&ecirc;tre pour tous les Marocains","article_publisher":"https:\/\/www.facebook.com\/profile.php?id=61576678196717","article_modified_time":"2025-08-30T20:55:49+00:00","og_image":[{"width":680,"height":680,"url":"https:\/\/vitablanca.ma\/wp-content\/uploads\/2025\/07\/solaray-vital-extracts-bamboo-60-vegcaps-300-mg-per-vegcap.webp","type":"image\/webp"}],"twitter_card":"summary_large_image","twitter_misc":{"Est. reading time":"1 minute"},"schema":{"@context":"https:\/\/schema.org","@graph":[{"@type":["WebPage","ItemPage"],"@id":"https:\/\/vitablanca.ma\/produit\/solaray-extrait-de-tige-de-bambou-300-mg-60-capsules-vegetales-maroc\/","url":"https:\/\/vitablanca.ma\/produit\/solaray-extrait-de-tige-de-bambou-300-mg-60-capsules-vegetales-maroc\/","name":"Solaray Bamboo Stem Extract 300 mg - Morocco Price","isPartOf":{"@id":"https:\/\/vitablanca.ma\/#website"},"primaryImageOfPage":{"@id":"https:\/\/vitablanca.ma\/produit\/solaray-extrait-de-tige-de-bambou-300-mg-60-capsules-vegetales-maroc\/#primaryimage"},"image":{"@id":"https:\/\/vitablanca.ma\/produit\/solaray-extrait-de-tige-de-bambou-300-mg-60-capsules-vegetales-maroc\/#primaryimage"},"thumbnailUrl":"https:\/\/vitablanca.ma\/wp-content\/uploads\/2025\/07\/solaray-vital-extracts-bamboo-60-vegcaps-300-mg-per-vegcap.webp","datePublished":"2025-07-01T19:33:43+00:00","dateModified":"2025-08-30T20:55:49+00:00","description":"Bamboo stem extract (Bambusa vulgaris) 300 mg \u2013 rich in organic silica (70 %) \u2013 supports collagen production: skin, hair \u2013 60 capsules","breadcrumb":{"@id":"https:\/\/vitablanca.ma\/produit\/solaray-extrait-de-tige-de-bambou-300-mg-60-capsules-vegetales-maroc\/#breadcrumb"},"inLanguage":"en-US","potentialAction":[{"@type":"ReadAction","target":["https:\/\/vitablanca.ma\/produit\/solaray-extrait-de-tige-de-bambou-300-mg-60-capsules-vegetales-maroc\/"]}]},{"@type":"ImageObject","inLanguage":"en-US","@id":"https:\/\/vitablanca.ma\/produit\/solaray-extrait-de-tige-de-bambou-300-mg-60-capsules-vegetales-maroc\/#primaryimage","url":"https:\/\/vitablanca.ma\/wp-content\/uploads\/2025\/07\/solaray-vital-extracts-bamboo-60-vegcaps-300-mg-per-vegcap.webp","contentUrl":"https:\/\/vitablanca.ma\/wp-content\/uploads\/2025\/07\/solaray-vital-extracts-bamboo-60-vegcaps-300-mg-per-vegcap.webp","width":680,"height":680},{"@type":"BreadcrumbList","@id":"https:\/\/vitablanca.ma\/produit\/solaray-extrait-de-tige-de-bambou-300-mg-60-capsules-vegetales-maroc\/#breadcrumb","itemListElement":[{"@type":"ListItem","position":1,"name":"Home","item":"https:\/\/vitablanca.ma\/"},{"@type":"ListItem","position":2,"name":"Tous Les Produits","item":"https:\/\/vitablanca.ma\/tous-les-produits\/"},{"@type":"ListItem","position":3,"name":"Solaray Extrait de tige de bambou, 600 mg, 60 capsules"}]},{"@type":"WebSite","@id":"https:\/\/vitablanca.ma\/#website","url":"https:\/\/vitablanca.ma\/","name":"VitaBlanca.ma | Food supplements, health &amp; beauty in Morocco","description":"sell premium vitamins and supplements from USA &amp; Canada, New Zealand, Morocco (NOW Foods, Solgar, Manuka). Fast delivery anywhere in Morocco.","publisher":{"@id":"https:\/\/vitablanca.ma\/#organization"},"alternateName":"VitaBlanca.ma","potentialAction":[{"@type":"SearchAction","target":{"@type":"EntryPoint","urlTemplate":"https:\/\/vitablanca.ma\/?s={search_term_string}"},"query-input":{"@type":"PropertyValueSpecification","valueRequired":true,"valueName":"search_term_string"}}],"inLanguage":"en-US"},{"@type":"Organization","@id":"https:\/\/vitablanca.ma\/#organization","name":"VitaBlanca","url":"https:\/\/vitablanca.ma\/","logo":{"@type":"ImageObject","inLanguage":"en-US","@id":"https:\/\/vitablanca.ma\/#\/schema\/logo\/image\/","url":"https:\/\/vitablanca.ma\/wp-content\/uploads\/2025\/05\/cropped-vitablanca.png","contentUrl":"https:\/\/vitablanca.ma\/wp-content\/uploads\/2025\/05\/cropped-vitablanca.png","width":360,"height":67,"caption":"VitaBlanca"},"image":{"@id":"https:\/\/vitablanca.ma\/#\/schema\/logo\/image\/"},"sameAs":["https:\/\/www.facebook.com\/profile.php?id=61576678196717","https:\/\/www.tiktok.com\/@vitablanca.ma","https:\/\/www.instagram.com\/vitablanca.ma\/"]}]}},"jetpack_sharing_enabled":true,"_links":{"self":[{"href":"https:\/\/vitablanca.ma\/en\/wp-json\/wp\/v2\/product\/23168","targetHints":{"allow":["GET"]}}],"collection":[{"href":"https:\/\/vitablanca.ma\/en\/wp-json\/wp\/v2\/product"}],"about":[{"href":"https:\/\/vitablanca.ma\/en\/wp-json\/wp\/v2\/types\/product"}],"wp:featuredmedia":[{"embeddable":true,"href":"https:\/\/vitablanca.ma\/en\/wp-json\/wp\/v2\/media\/24860"}],"wp:attachment":[{"href":"https:\/\/vitablanca.ma\/en\/wp-json\/wp\/v2\/media?parent=23168"}],"wp:term":[{"taxonomy":"product_brand","embeddable":true,"href":"https:\/\/vitablanca.ma\/en\/wp-json\/wp\/v2\/product_brand?post=23168"},{"taxonomy":"product_cat","embeddable":true,"href":"https:\/\/vitablanca.ma\/en\/wp-json\/wp\/v2\/product_cat?post=23168"},{"taxonomy":"product_tag","embeddable":true,"href":"https:\/\/vitablanca.ma\/en\/wp-json\/wp\/v2\/product_tag?post=23168"}],"curies":[{"name":"wp","href":"https:\/\/api.w.org\/{rel}","templated":true}]}}