{"id":23154,"date":"2025-07-01T18:03:17","date_gmt":"2025-07-01T18:03:17","guid":{"rendered":"https:\/\/vitablanca.ma\/?post_type=product&#038;p=23154"},"modified":"2025-09-21T20:33:46","modified_gmt":"2025-09-21T20:33:46","slug":"natural-factors-marron-dinde-pepins-de-raisin-350-mg-60-capsules-maroc","status":"publish","type":"product","link":"https:\/\/vitablanca.ma\/en\/product\/natural-factors-marron-dinde-pepins-de-raisin-350-mg-60-capsules-maroc\/","title":{"rendered":"Natural Factors Horse Chestnut &amp; Grape Seed 350 mg 60 Capsules"},"content":{"rendered":"<p>The horse chestnut and grape seed formula combines two proven nutrients for vein health. Horse chestnut improves venous tone and circulation, and inhibits enzymes that can weaken blood vessels, causing varicose veins and hemorrhoids. Antioxidant grape seed extract protects capillaries, veins, and arteries from free radical damage.<\/p>\n\n\n\n<p><a href=\"https:\/\/www.jumia.ma\/customer\/account\/login\/?tkWl=NA537DV1NHC5ZNAFAMZ-31182583&amp;return=%2Fnatural-factors-marron-dinde-pepins-de-raisin-350-mg-60-capsules-36260999.html\"><\/a><\/p>","protected":false},"excerpt":{"rendered":"<ul>\n<li>Helps treat and prevent varicose veins, as well as improve their appearance<\/li>\n<li>Strengthens vessel walls and improves blood circulation<\/li>\n<li>Reduces the feeling of fatigue, heavy legs, edema, swelling and bruising<\/li>\n<li>Useful in chronic venous insufficiency (CVI) and hemorrhoids<\/li>\n<\/ul>","protected":false},"featured_media":23156,"template":"","meta":{"om_disable_all_campaigns":false},"product_brand":[1808],"product_cat":[18,3366,104,19],"product_tag":[3022,3024,3021,2798,4319],"class_list":{"0":"post-23154","1":"product","2":"type-product","3":"status-publish","4":"has-post-thumbnail","6":"product_brand-natural-factors-maroc-prix","7":"product_cat-beaute-sante","8":"product_cat-complements-alimentaires-au-maroc-vitablanca","9":"product_cat-supplements-a-base-de-plantes","10":"product_cat-vitamines-supplements-dietetiques","11":"product_tag-complement-circulation-veineuse-natural-factors","12":"product_tag-herbalfactors-horse-chestnut-grape-seed","13":"product_tag-marron-dinde-pepins-de-raisin-350-mg","14":"product_tag-natural-factors","15":"product_tag-natural-factors-maroc","17":"first","18":"instock","19":"taxable","20":"shipping-taxable","21":"purchasable","22":"product-type-simple"},"yoast_head":"<!-- This site is optimized with the Yoast SEO plugin v27.4 - https:\/\/yoast.com\/product\/yoast-seo-wordpress\/ -->\n<title>Natural\u202fFactors Marron d\u2019Inde &amp; P\u00e9pins de Raisin - Maroc Prix<\/title>\n<meta name=\"description\" content=\"Extrait standardis\u00e9 marron d\u2019Inde 300\u202fmg p\u00e9pins de raisin 50\u202fmg soutient la circulation, renforce les veines, varices &amp; h\u00e9morro\u00efdes 60\u202fcapsules non\u2011OGM\" \/>\n<meta name=\"robots\" content=\"index, follow, max-snippet:-1, max-image-preview:large, max-video-preview:-1\" \/>\n<link rel=\"canonical\" href=\"https:\/\/vitablanca.ma\/en\/product\/natural-factors-marron-dinde-pepins-de-raisin-350-mg-60-capsules-maroc\/\" \/>\n<meta property=\"og:locale\" content=\"en_US\" \/>\n<meta property=\"og:type\" content=\"article\" \/>\n<meta property=\"og:title\" content=\"Natural\u202fFactors Marron d\u2019Inde &amp; P\u00e9pins de Raisin - Maroc Prix\" \/>\n<meta property=\"og:description\" content=\"Extrait standardis\u00e9 marron d\u2019Inde 300\u202fmg p\u00e9pins de raisin 50\u202fmg soutient la circulation, renforce les veines, varices &amp; h\u00e9morro\u00efdes 60\u202fcapsules non\u2011OGM\" \/>\n<meta property=\"og:url\" content=\"https:\/\/vitablanca.ma\/en\/product\/natural-factors-marron-dinde-pepins-de-raisin-350-mg-60-capsules-maroc\/\" \/>\n<meta property=\"og:site_name\" content=\"Vitablanca.ma &ndash; Sant&eacute;, vitalit&eacute; et bien-&ecirc;tre pour tous les Marocains\" \/>\n<meta property=\"article:publisher\" content=\"https:\/\/www.facebook.com\/profile.php?id=61576678196717\" \/>\n<meta property=\"article:modified_time\" content=\"2025-09-21T20:33:46+00:00\" \/>\n<meta property=\"og:image\" content=\"https:\/\/vitablanca.ma\/wp-content\/uploads\/2025\/07\/natural-factors-marron-dinde-pepins-de-raisin-350-mg-60-.jpg\" \/>\n\t<meta property=\"og:image:width\" content=\"680\" \/>\n\t<meta property=\"og:image:height\" content=\"680\" \/>\n\t<meta property=\"og:image:type\" content=\"image\/jpeg\" \/>\n<meta name=\"twitter:card\" content=\"summary_large_image\" \/>\n<meta name=\"twitter:label1\" content=\"Est. reading time\" \/>\n\t<meta name=\"twitter:data1\" content=\"1 minute\" \/>\n<script type=\"application\/ld+json\" class=\"yoast-schema-graph\">{\"@context\":\"https:\\\/\\\/schema.org\",\"@graph\":[{\"@type\":[\"WebPage\",\"ItemPage\"],\"@id\":\"https:\\\/\\\/vitablanca.ma\\\/produit\\\/natural-factors-marron-dinde-pepins-de-raisin-350-mg-60-capsules-maroc\\\/\",\"url\":\"https:\\\/\\\/vitablanca.ma\\\/produit\\\/natural-factors-marron-dinde-pepins-de-raisin-350-mg-60-capsules-maroc\\\/\",\"name\":\"Natural\u202fFactors Marron d\u2019Inde & P\u00e9pins de Raisin - Maroc Prix\",\"isPartOf\":{\"@id\":\"https:\\\/\\\/vitablanca.ma\\\/#website\"},\"primaryImageOfPage\":{\"@id\":\"https:\\\/\\\/vitablanca.ma\\\/produit\\\/natural-factors-marron-dinde-pepins-de-raisin-350-mg-60-capsules-maroc\\\/#primaryimage\"},\"image\":{\"@id\":\"https:\\\/\\\/vitablanca.ma\\\/produit\\\/natural-factors-marron-dinde-pepins-de-raisin-350-mg-60-capsules-maroc\\\/#primaryimage\"},\"thumbnailUrl\":\"https:\\\/\\\/vitablanca.ma\\\/wp-content\\\/uploads\\\/2025\\\/07\\\/natural-factors-marron-dinde-pepins-de-raisin-350-mg-60-.jpg\",\"datePublished\":\"2025-07-01T18:03:17+00:00\",\"dateModified\":\"2025-09-21T20:33:46+00:00\",\"description\":\"Extrait standardis\u00e9 marron d\u2019Inde 300\u202fmg p\u00e9pins de raisin 50\u202fmg soutient la circulation, renforce les veines, varices & h\u00e9morro\u00efdes 60\u202fcapsules non\u2011OGM\",\"breadcrumb\":{\"@id\":\"https:\\\/\\\/vitablanca.ma\\\/produit\\\/natural-factors-marron-dinde-pepins-de-raisin-350-mg-60-capsules-maroc\\\/#breadcrumb\"},\"inLanguage\":\"en-US\",\"potentialAction\":[{\"@type\":\"ReadAction\",\"target\":[\"https:\\\/\\\/vitablanca.ma\\\/produit\\\/natural-factors-marron-dinde-pepins-de-raisin-350-mg-60-capsules-maroc\\\/\"]}]},{\"@type\":\"ImageObject\",\"inLanguage\":\"en-US\",\"@id\":\"https:\\\/\\\/vitablanca.ma\\\/produit\\\/natural-factors-marron-dinde-pepins-de-raisin-350-mg-60-capsules-maroc\\\/#primaryimage\",\"url\":\"https:\\\/\\\/vitablanca.ma\\\/wp-content\\\/uploads\\\/2025\\\/07\\\/natural-factors-marron-dinde-pepins-de-raisin-350-mg-60-.jpg\",\"contentUrl\":\"https:\\\/\\\/vitablanca.ma\\\/wp-content\\\/uploads\\\/2025\\\/07\\\/natural-factors-marron-dinde-pepins-de-raisin-350-mg-60-.jpg\",\"width\":680,\"height\":680},{\"@type\":\"BreadcrumbList\",\"@id\":\"https:\\\/\\\/vitablanca.ma\\\/produit\\\/natural-factors-marron-dinde-pepins-de-raisin-350-mg-60-capsules-maroc\\\/#breadcrumb\",\"itemListElement\":[{\"@type\":\"ListItem\",\"position\":1,\"name\":\"Home\",\"item\":\"https:\\\/\\\/vitablanca.ma\\\/\"},{\"@type\":\"ListItem\",\"position\":2,\"name\":\"Tous Les Produits\",\"item\":\"https:\\\/\\\/vitablanca.ma\\\/tous-les-produits\\\/\"},{\"@type\":\"ListItem\",\"position\":3,\"name\":\"Natural Factors Marron d&#8217;Inde &#038; P\u00e9pins de Raisin 350 mg 60 Capsules\"}]},{\"@type\":\"WebSite\",\"@id\":\"https:\\\/\\\/vitablanca.ma\\\/#website\",\"url\":\"https:\\\/\\\/vitablanca.ma\\\/\",\"name\":\"VitaBlanca.ma | Compl\u00e9ments alimentaires, sant\u00e9 & beaut\u00e9 au Maroc\",\"description\":\"vendre vitamines et compl\u00e9ments premium des USA &amp; Canada, Nouvelle Z\u00e9lande,Maroc (NOW Foods, Solgar, Manuka). Livraison rapide partout au Maroc.\",\"publisher\":{\"@id\":\"https:\\\/\\\/vitablanca.ma\\\/#organization\"},\"alternateName\":\"VitaBlanca.ma\",\"potentialAction\":[{\"@type\":\"SearchAction\",\"target\":{\"@type\":\"EntryPoint\",\"urlTemplate\":\"https:\\\/\\\/vitablanca.ma\\\/?s={search_term_string}\"},\"query-input\":{\"@type\":\"PropertyValueSpecification\",\"valueRequired\":true,\"valueName\":\"search_term_string\"}}],\"inLanguage\":\"en-US\"},{\"@type\":\"Organization\",\"@id\":\"https:\\\/\\\/vitablanca.ma\\\/#organization\",\"name\":\"VitaBlanca\",\"url\":\"https:\\\/\\\/vitablanca.ma\\\/\",\"logo\":{\"@type\":\"ImageObject\",\"inLanguage\":\"en-US\",\"@id\":\"https:\\\/\\\/vitablanca.ma\\\/#\\\/schema\\\/logo\\\/image\\\/\",\"url\":\"https:\\\/\\\/vitablanca.ma\\\/wp-content\\\/uploads\\\/2025\\\/05\\\/cropped-vitablanca.png\",\"contentUrl\":\"https:\\\/\\\/vitablanca.ma\\\/wp-content\\\/uploads\\\/2025\\\/05\\\/cropped-vitablanca.png\",\"width\":360,\"height\":67,\"caption\":\"VitaBlanca\"},\"image\":{\"@id\":\"https:\\\/\\\/vitablanca.ma\\\/#\\\/schema\\\/logo\\\/image\\\/\"},\"sameAs\":[\"https:\\\/\\\/www.facebook.com\\\/profile.php?id=61576678196717\",\"https:\\\/\\\/www.tiktok.com\\\/@vitablanca.ma\",\"https:\\\/\\\/www.instagram.com\\\/vitablanca.ma\\\/\"]}]}<\/script>\n<!-- \/ Yoast SEO plugin. -->","yoast_head_json":{"title":"Natural Factors Horse Chestnut &amp; Grape Seed - Morocco Price","description":"Standardized extract horse chestnut 300 mg grape seed 50 mg supports circulation, strengthens veins, varicose veins &amp; hemorrhoids 60 non-GMO capsules","robots":{"index":"index","follow":"follow","max-snippet":"max-snippet:-1","max-image-preview":"max-image-preview:large","max-video-preview":"max-video-preview:-1"},"canonical":"https:\/\/vitablanca.ma\/en\/product\/natural-factors-marron-dinde-pepins-de-raisin-350-mg-60-capsules-maroc\/","og_locale":"en_US","og_type":"article","og_title":"Natural\u202fFactors Marron d\u2019Inde & P\u00e9pins de Raisin - Maroc Prix","og_description":"Extrait standardis\u00e9 marron d\u2019Inde 300\u202fmg p\u00e9pins de raisin 50\u202fmg soutient la circulation, renforce les veines, varices & h\u00e9morro\u00efdes 60\u202fcapsules non\u2011OGM","og_url":"https:\/\/vitablanca.ma\/en\/product\/natural-factors-marron-dinde-pepins-de-raisin-350-mg-60-capsules-maroc\/","og_site_name":"Vitablanca.ma &ndash; Sant&eacute;, vitalit&eacute; et bien-&ecirc;tre pour tous les Marocains","article_publisher":"https:\/\/www.facebook.com\/profile.php?id=61576678196717","article_modified_time":"2025-09-21T20:33:46+00:00","og_image":[{"width":680,"height":680,"url":"https:\/\/vitablanca.ma\/wp-content\/uploads\/2025\/07\/natural-factors-marron-dinde-pepins-de-raisin-350-mg-60-.jpg","type":"image\/jpeg"}],"twitter_card":"summary_large_image","twitter_misc":{"Est. reading time":"1 minute"},"schema":{"@context":"https:\/\/schema.org","@graph":[{"@type":["WebPage","ItemPage"],"@id":"https:\/\/vitablanca.ma\/produit\/natural-factors-marron-dinde-pepins-de-raisin-350-mg-60-capsules-maroc\/","url":"https:\/\/vitablanca.ma\/produit\/natural-factors-marron-dinde-pepins-de-raisin-350-mg-60-capsules-maroc\/","name":"Natural Factors Horse Chestnut &amp; Grape Seed - Morocco Price","isPartOf":{"@id":"https:\/\/vitablanca.ma\/#website"},"primaryImageOfPage":{"@id":"https:\/\/vitablanca.ma\/produit\/natural-factors-marron-dinde-pepins-de-raisin-350-mg-60-capsules-maroc\/#primaryimage"},"image":{"@id":"https:\/\/vitablanca.ma\/produit\/natural-factors-marron-dinde-pepins-de-raisin-350-mg-60-capsules-maroc\/#primaryimage"},"thumbnailUrl":"https:\/\/vitablanca.ma\/wp-content\/uploads\/2025\/07\/natural-factors-marron-dinde-pepins-de-raisin-350-mg-60-.jpg","datePublished":"2025-07-01T18:03:17+00:00","dateModified":"2025-09-21T20:33:46+00:00","description":"Standardized extract horse chestnut 300 mg grape seed 50 mg supports circulation, strengthens veins, varicose veins &amp; hemorrhoids 60 non-GMO capsules","breadcrumb":{"@id":"https:\/\/vitablanca.ma\/produit\/natural-factors-marron-dinde-pepins-de-raisin-350-mg-60-capsules-maroc\/#breadcrumb"},"inLanguage":"en-US","potentialAction":[{"@type":"ReadAction","target":["https:\/\/vitablanca.ma\/produit\/natural-factors-marron-dinde-pepins-de-raisin-350-mg-60-capsules-maroc\/"]}]},{"@type":"ImageObject","inLanguage":"en-US","@id":"https:\/\/vitablanca.ma\/produit\/natural-factors-marron-dinde-pepins-de-raisin-350-mg-60-capsules-maroc\/#primaryimage","url":"https:\/\/vitablanca.ma\/wp-content\/uploads\/2025\/07\/natural-factors-marron-dinde-pepins-de-raisin-350-mg-60-.jpg","contentUrl":"https:\/\/vitablanca.ma\/wp-content\/uploads\/2025\/07\/natural-factors-marron-dinde-pepins-de-raisin-350-mg-60-.jpg","width":680,"height":680},{"@type":"BreadcrumbList","@id":"https:\/\/vitablanca.ma\/produit\/natural-factors-marron-dinde-pepins-de-raisin-350-mg-60-capsules-maroc\/#breadcrumb","itemListElement":[{"@type":"ListItem","position":1,"name":"Home","item":"https:\/\/vitablanca.ma\/"},{"@type":"ListItem","position":2,"name":"Tous Les Produits","item":"https:\/\/vitablanca.ma\/tous-les-produits\/"},{"@type":"ListItem","position":3,"name":"Natural Factors Marron d&#8217;Inde &#038; P\u00e9pins de Raisin 350 mg 60 Capsules"}]},{"@type":"WebSite","@id":"https:\/\/vitablanca.ma\/#website","url":"https:\/\/vitablanca.ma\/","name":"VitaBlanca.ma | Food supplements, health &amp; beauty in Morocco","description":"sell premium vitamins and supplements from USA &amp; Canada, New Zealand, Morocco (NOW Foods, Solgar, Manuka). Fast delivery anywhere in Morocco.","publisher":{"@id":"https:\/\/vitablanca.ma\/#organization"},"alternateName":"VitaBlanca.ma","potentialAction":[{"@type":"SearchAction","target":{"@type":"EntryPoint","urlTemplate":"https:\/\/vitablanca.ma\/?s={search_term_string}"},"query-input":{"@type":"PropertyValueSpecification","valueRequired":true,"valueName":"search_term_string"}}],"inLanguage":"en-US"},{"@type":"Organization","@id":"https:\/\/vitablanca.ma\/#organization","name":"VitaBlanca","url":"https:\/\/vitablanca.ma\/","logo":{"@type":"ImageObject","inLanguage":"en-US","@id":"https:\/\/vitablanca.ma\/#\/schema\/logo\/image\/","url":"https:\/\/vitablanca.ma\/wp-content\/uploads\/2025\/05\/cropped-vitablanca.png","contentUrl":"https:\/\/vitablanca.ma\/wp-content\/uploads\/2025\/05\/cropped-vitablanca.png","width":360,"height":67,"caption":"VitaBlanca"},"image":{"@id":"https:\/\/vitablanca.ma\/#\/schema\/logo\/image\/"},"sameAs":["https:\/\/www.facebook.com\/profile.php?id=61576678196717","https:\/\/www.tiktok.com\/@vitablanca.ma","https:\/\/www.instagram.com\/vitablanca.ma\/"]}]}},"jetpack_sharing_enabled":true,"_links":{"self":[{"href":"https:\/\/vitablanca.ma\/en\/wp-json\/wp\/v2\/product\/23154","targetHints":{"allow":["GET"]}}],"collection":[{"href":"https:\/\/vitablanca.ma\/en\/wp-json\/wp\/v2\/product"}],"about":[{"href":"https:\/\/vitablanca.ma\/en\/wp-json\/wp\/v2\/types\/product"}],"wp:featuredmedia":[{"embeddable":true,"href":"https:\/\/vitablanca.ma\/en\/wp-json\/wp\/v2\/media\/23156"}],"wp:attachment":[{"href":"https:\/\/vitablanca.ma\/en\/wp-json\/wp\/v2\/media?parent=23154"}],"wp:term":[{"taxonomy":"product_brand","embeddable":true,"href":"https:\/\/vitablanca.ma\/en\/wp-json\/wp\/v2\/product_brand?post=23154"},{"taxonomy":"product_cat","embeddable":true,"href":"https:\/\/vitablanca.ma\/en\/wp-json\/wp\/v2\/product_cat?post=23154"},{"taxonomy":"product_tag","embeddable":true,"href":"https:\/\/vitablanca.ma\/en\/wp-json\/wp\/v2\/product_tag?post=23154"}],"curies":[{"name":"wp","href":"https:\/\/api.w.org\/{rel}","templated":true}]}}