{"id":23144,"date":"2025-07-01T17:31:55","date_gmt":"2025-07-01T17:31:55","guid":{"rendered":"https:\/\/vitablanca.ma\/?post_type=product&#038;p=23144"},"modified":"2026-02-06T16:48:00","modified_gmt":"2026-02-06T16:48:00","slug":"natural-factors-chardon-marie-250-mg-90-capsules-maroc","status":"publish","type":"product","link":"https:\/\/vitablanca.ma\/en\/product\/natural-factors-chardon-marie-250-mg-90-capsules-maroc\/","title":{"rendered":"Natural Factors Milk Thistle, 250 mg, 90 capsules"},"content":{"rendered":"<p>Milk thistle has been used as a digestive aid for thousands of years, but it is best known for its exceptional benefits for liver and gallbladder disorders. HerbalFactors Milk Thistle contains 150 mg of silymarin per capsule and helps protect, repair, and regenerate the liver while supporting its many important functions.<\/p>\n\n\n\n<p><a href=\"https:\/\/www.jumia.ma\/customer\/account\/login\/?tkWl=SO741DV0V5J7BNAFAMZ-31184089&return=%2Fnatural-factors-chardon-marie-250-mg-90-capsules-natural-factors-mpg1015098.html\"><\/a><\/p>","protected":false},"excerpt":{"rendered":"<ul>\n<li>Supports liver detoxification mechanisms<\/li>\n<li>Improves digestion and biliary function<\/li>\n<li>Useful in the treatment of liver diseases (cirrhosis, hepatitis)<\/li>\n<li>Excellent support in addition to a cleansing treatment<\/li>\n<\/ul>","protected":false},"featured_media":23148,"template":"","meta":{"om_disable_all_campaigns":false},"product_brand":[1808],"product_cat":[18,2837,3366,104,19],"product_tag":[3014,3016,2798,4319,3015],"class_list":{"0":"post-23144","1":"product","2":"type-product","3":"status-publish","4":"has-post-thumbnail","6":"product_brand-natural-factors-maroc-prix","7":"product_cat-beaute-sante","8":"product_cat-chardon","9":"product_cat-complements-alimentaires-au-maroc-vitablanca","10":"product_cat-supplements-a-base-de-plantes","11":"product_cat-vitamines-supplements-dietetiques","12":"product_tag-chardonmarie-250-mg-natural-factors","13":"product_tag-complement-detox-foie-curcuma-pissenlit","14":"product_tag-natural-factors","15":"product_tag-natural-factors-maroc","16":"product_tag-silymarine-80-silymarine-90-capsules","18":"first","19":"instock","20":"taxable","21":"shipping-taxable","22":"purchasable","23":"product-type-simple"},"yoast_head":"<!-- This site is optimized with the Yoast SEO plugin v27.5 - https:\/\/yoast.com\/product\/yoast-seo-wordpress\/ -->\n<title>Natural\u202fFactors Chardon\u2011Marie 250\u202fmg 90\u202fcapsules- Maroc Prix<\/title>\n<meta name=\"description\" content=\"Chardon\u2011Marie 250\u202fmg 150\u202fmg avec Curcuma &amp; Pissenlit \u2013 formule 3\u2011en\u20111 pour le foie, d\u00e9tox &amp; digestion saine, sans gluten, OGM, non artificiel \u2013 90 capsules\" \/>\n<meta name=\"robots\" content=\"index, follow, max-snippet:-1, max-image-preview:large, max-video-preview:-1\" \/>\n<link rel=\"canonical\" href=\"https:\/\/vitablanca.ma\/en\/product\/natural-factors-chardon-marie-250-mg-90-capsules-maroc\/\" \/>\n<meta property=\"og:locale\" content=\"en_US\" \/>\n<meta property=\"og:type\" content=\"article\" \/>\n<meta property=\"og:title\" content=\"Natural\u202fFactors Chardon\u2011Marie 250\u202fmg 90\u202fcapsules- Maroc Prix\" \/>\n<meta property=\"og:description\" content=\"Chardon\u2011Marie 250\u202fmg 150\u202fmg avec Curcuma &amp; Pissenlit \u2013 formule 3\u2011en\u20111 pour le foie, d\u00e9tox &amp; digestion saine, sans gluten, OGM, non artificiel \u2013 90 capsules\" \/>\n<meta property=\"og:url\" content=\"https:\/\/vitablanca.ma\/en\/product\/natural-factors-chardon-marie-250-mg-90-capsules-maroc\/\" \/>\n<meta property=\"og:site_name\" content=\"Vitablanca.ma &ndash; Sant&eacute;, vitalit&eacute; et bien-&ecirc;tre pour tous les Marocains\" \/>\n<meta property=\"article:publisher\" content=\"https:\/\/www.facebook.com\/profile.php?id=61576678196717\" \/>\n<meta property=\"article:modified_time\" content=\"2026-02-06T16:48:00+00:00\" \/>\n<meta property=\"og:image\" content=\"https:\/\/vitablanca.ma\/wp-content\/uploads\/2025\/07\/natural-factors-chardon-marie-250-mg-90-capsules-natural-factors-.jpg\" \/>\n\t<meta property=\"og:image:width\" content=\"680\" \/>\n\t<meta property=\"og:image:height\" content=\"680\" \/>\n\t<meta property=\"og:image:type\" content=\"image\/jpeg\" \/>\n<meta name=\"twitter:card\" content=\"summary_large_image\" \/>\n<meta name=\"twitter:label1\" content=\"Est. reading time\" \/>\n\t<meta name=\"twitter:data1\" content=\"1 minute\" \/>\n<script type=\"application\/ld+json\" class=\"yoast-schema-graph\">{\"@context\":\"https:\\\/\\\/schema.org\",\"@graph\":[{\"@type\":[\"WebPage\",\"ItemPage\"],\"@id\":\"https:\\\/\\\/vitablanca.ma\\\/produit\\\/natural-factors-chardon-marie-250-mg-90-capsules-maroc\\\/\",\"url\":\"https:\\\/\\\/vitablanca.ma\\\/produit\\\/natural-factors-chardon-marie-250-mg-90-capsules-maroc\\\/\",\"name\":\"Natural\u202fFactors Chardon\u2011Marie 250\u202fmg 90\u202fcapsules- Maroc Prix\",\"isPartOf\":{\"@id\":\"https:\\\/\\\/vitablanca.ma\\\/#website\"},\"primaryImageOfPage\":{\"@id\":\"https:\\\/\\\/vitablanca.ma\\\/produit\\\/natural-factors-chardon-marie-250-mg-90-capsules-maroc\\\/#primaryimage\"},\"image\":{\"@id\":\"https:\\\/\\\/vitablanca.ma\\\/produit\\\/natural-factors-chardon-marie-250-mg-90-capsules-maroc\\\/#primaryimage\"},\"thumbnailUrl\":\"https:\\\/\\\/vitablanca.ma\\\/wp-content\\\/uploads\\\/2025\\\/07\\\/natural-factors-chardon-marie-250-mg-90-capsules-natural-factors-.jpg\",\"datePublished\":\"2025-07-01T17:31:55+00:00\",\"dateModified\":\"2026-02-06T16:48:00+00:00\",\"description\":\"Chardon\u2011Marie 250\u202fmg 150\u202fmg avec Curcuma & Pissenlit \u2013 formule 3\u2011en\u20111 pour le foie, d\u00e9tox & digestion saine, sans gluten, OGM, non artificiel \u2013 90 capsules\",\"breadcrumb\":{\"@id\":\"https:\\\/\\\/vitablanca.ma\\\/produit\\\/natural-factors-chardon-marie-250-mg-90-capsules-maroc\\\/#breadcrumb\"},\"inLanguage\":\"en-US\",\"potentialAction\":[{\"@type\":\"ReadAction\",\"target\":[\"https:\\\/\\\/vitablanca.ma\\\/produit\\\/natural-factors-chardon-marie-250-mg-90-capsules-maroc\\\/\"]}]},{\"@type\":\"ImageObject\",\"inLanguage\":\"en-US\",\"@id\":\"https:\\\/\\\/vitablanca.ma\\\/produit\\\/natural-factors-chardon-marie-250-mg-90-capsules-maroc\\\/#primaryimage\",\"url\":\"https:\\\/\\\/vitablanca.ma\\\/wp-content\\\/uploads\\\/2025\\\/07\\\/natural-factors-chardon-marie-250-mg-90-capsules-natural-factors-.jpg\",\"contentUrl\":\"https:\\\/\\\/vitablanca.ma\\\/wp-content\\\/uploads\\\/2025\\\/07\\\/natural-factors-chardon-marie-250-mg-90-capsules-natural-factors-.jpg\",\"width\":680,\"height\":680},{\"@type\":\"BreadcrumbList\",\"@id\":\"https:\\\/\\\/vitablanca.ma\\\/produit\\\/natural-factors-chardon-marie-250-mg-90-capsules-maroc\\\/#breadcrumb\",\"itemListElement\":[{\"@type\":\"ListItem\",\"position\":1,\"name\":\"Home\",\"item\":\"https:\\\/\\\/vitablanca.ma\\\/\"},{\"@type\":\"ListItem\",\"position\":2,\"name\":\"Tous Les Produits\",\"item\":\"https:\\\/\\\/vitablanca.ma\\\/tous-les-produits\\\/\"},{\"@type\":\"ListItem\",\"position\":3,\"name\":\"Natural Factors Chardon-Marie, 250 mg, 90 capsules\"}]},{\"@type\":\"WebSite\",\"@id\":\"https:\\\/\\\/vitablanca.ma\\\/#website\",\"url\":\"https:\\\/\\\/vitablanca.ma\\\/\",\"name\":\"VitaBlanca.ma | Compl\u00e9ments alimentaires, sant\u00e9 & beaut\u00e9 au Maroc\",\"description\":\"vendre vitamines et compl\u00e9ments premium des USA &amp; Canada, Nouvelle Z\u00e9lande,Maroc (NOW Foods, Solgar, Manuka). Livraison rapide partout au Maroc.\",\"publisher\":{\"@id\":\"https:\\\/\\\/vitablanca.ma\\\/#organization\"},\"alternateName\":\"VitaBlanca.ma\",\"potentialAction\":[{\"@type\":\"SearchAction\",\"target\":{\"@type\":\"EntryPoint\",\"urlTemplate\":\"https:\\\/\\\/vitablanca.ma\\\/?s={search_term_string}\"},\"query-input\":{\"@type\":\"PropertyValueSpecification\",\"valueRequired\":true,\"valueName\":\"search_term_string\"}}],\"inLanguage\":\"en-US\"},{\"@type\":\"Organization\",\"@id\":\"https:\\\/\\\/vitablanca.ma\\\/#organization\",\"name\":\"VitaBlanca\",\"url\":\"https:\\\/\\\/vitablanca.ma\\\/\",\"logo\":{\"@type\":\"ImageObject\",\"inLanguage\":\"en-US\",\"@id\":\"https:\\\/\\\/vitablanca.ma\\\/#\\\/schema\\\/logo\\\/image\\\/\",\"url\":\"https:\\\/\\\/vitablanca.ma\\\/wp-content\\\/uploads\\\/2025\\\/05\\\/cropped-vitablanca.png\",\"contentUrl\":\"https:\\\/\\\/vitablanca.ma\\\/wp-content\\\/uploads\\\/2025\\\/05\\\/cropped-vitablanca.png\",\"width\":360,\"height\":67,\"caption\":\"VitaBlanca\"},\"image\":{\"@id\":\"https:\\\/\\\/vitablanca.ma\\\/#\\\/schema\\\/logo\\\/image\\\/\"},\"sameAs\":[\"https:\\\/\\\/www.facebook.com\\\/profile.php?id=61576678196717\",\"https:\\\/\\\/www.tiktok.com\\\/@vitablanca.ma\",\"https:\\\/\\\/www.instagram.com\\\/vitablanca.ma\\\/\"]}]}<\/script>\n<!-- \/ Yoast SEO plugin. -->","yoast_head_json":{"title":"Natural Factors Milk Thistle 250 mg 90 capsules - Morocco Price","description":"Milk Thistle 250 mg 150 mg with Turmeric &amp; Dandelion \u2013 3-in-1 formula for liver, detox &amp; healthy digestion, gluten-free, GMO-free, non-artificial \u2013 90 capsules","robots":{"index":"index","follow":"follow","max-snippet":"max-snippet:-1","max-image-preview":"max-image-preview:large","max-video-preview":"max-video-preview:-1"},"canonical":"https:\/\/vitablanca.ma\/en\/product\/natural-factors-chardon-marie-250-mg-90-capsules-maroc\/","og_locale":"en_US","og_type":"article","og_title":"Natural\u202fFactors Chardon\u2011Marie 250\u202fmg 90\u202fcapsules- Maroc Prix","og_description":"Chardon\u2011Marie 250\u202fmg 150\u202fmg avec Curcuma & Pissenlit \u2013 formule 3\u2011en\u20111 pour le foie, d\u00e9tox & digestion saine, sans gluten, OGM, non artificiel \u2013 90 capsules","og_url":"https:\/\/vitablanca.ma\/en\/product\/natural-factors-chardon-marie-250-mg-90-capsules-maroc\/","og_site_name":"Vitablanca.ma &ndash; Sant&eacute;, vitalit&eacute; et bien-&ecirc;tre pour tous les Marocains","article_publisher":"https:\/\/www.facebook.com\/profile.php?id=61576678196717","article_modified_time":"2026-02-06T16:48:00+00:00","og_image":[{"width":680,"height":680,"url":"https:\/\/vitablanca.ma\/wp-content\/uploads\/2025\/07\/natural-factors-chardon-marie-250-mg-90-capsules-natural-factors-.jpg","type":"image\/jpeg"}],"twitter_card":"summary_large_image","twitter_misc":{"Est. reading time":"1 minute"},"schema":{"@context":"https:\/\/schema.org","@graph":[{"@type":["WebPage","ItemPage"],"@id":"https:\/\/vitablanca.ma\/produit\/natural-factors-chardon-marie-250-mg-90-capsules-maroc\/","url":"https:\/\/vitablanca.ma\/produit\/natural-factors-chardon-marie-250-mg-90-capsules-maroc\/","name":"Natural Factors Milk Thistle 250 mg 90 capsules - Morocco Price","isPartOf":{"@id":"https:\/\/vitablanca.ma\/#website"},"primaryImageOfPage":{"@id":"https:\/\/vitablanca.ma\/produit\/natural-factors-chardon-marie-250-mg-90-capsules-maroc\/#primaryimage"},"image":{"@id":"https:\/\/vitablanca.ma\/produit\/natural-factors-chardon-marie-250-mg-90-capsules-maroc\/#primaryimage"},"thumbnailUrl":"https:\/\/vitablanca.ma\/wp-content\/uploads\/2025\/07\/natural-factors-chardon-marie-250-mg-90-capsules-natural-factors-.jpg","datePublished":"2025-07-01T17:31:55+00:00","dateModified":"2026-02-06T16:48:00+00:00","description":"Milk Thistle 250 mg 150 mg with Turmeric &amp; Dandelion \u2013 3-in-1 formula for liver, detox &amp; healthy digestion, gluten-free, GMO-free, non-artificial \u2013 90 capsules","breadcrumb":{"@id":"https:\/\/vitablanca.ma\/produit\/natural-factors-chardon-marie-250-mg-90-capsules-maroc\/#breadcrumb"},"inLanguage":"en-US","potentialAction":[{"@type":"ReadAction","target":["https:\/\/vitablanca.ma\/produit\/natural-factors-chardon-marie-250-mg-90-capsules-maroc\/"]}]},{"@type":"ImageObject","inLanguage":"en-US","@id":"https:\/\/vitablanca.ma\/produit\/natural-factors-chardon-marie-250-mg-90-capsules-maroc\/#primaryimage","url":"https:\/\/vitablanca.ma\/wp-content\/uploads\/2025\/07\/natural-factors-chardon-marie-250-mg-90-capsules-natural-factors-.jpg","contentUrl":"https:\/\/vitablanca.ma\/wp-content\/uploads\/2025\/07\/natural-factors-chardon-marie-250-mg-90-capsules-natural-factors-.jpg","width":680,"height":680},{"@type":"BreadcrumbList","@id":"https:\/\/vitablanca.ma\/produit\/natural-factors-chardon-marie-250-mg-90-capsules-maroc\/#breadcrumb","itemListElement":[{"@type":"ListItem","position":1,"name":"Home","item":"https:\/\/vitablanca.ma\/"},{"@type":"ListItem","position":2,"name":"Tous Les Produits","item":"https:\/\/vitablanca.ma\/tous-les-produits\/"},{"@type":"ListItem","position":3,"name":"Natural Factors Chardon-Marie, 250 mg, 90 capsules"}]},{"@type":"WebSite","@id":"https:\/\/vitablanca.ma\/#website","url":"https:\/\/vitablanca.ma\/","name":"VitaBlanca.ma | Food supplements, health &amp; beauty in Morocco","description":"sell premium vitamins and supplements from USA &amp; Canada, New Zealand, Morocco (NOW Foods, Solgar, Manuka). Fast delivery anywhere in Morocco.","publisher":{"@id":"https:\/\/vitablanca.ma\/#organization"},"alternateName":"VitaBlanca.ma","potentialAction":[{"@type":"SearchAction","target":{"@type":"EntryPoint","urlTemplate":"https:\/\/vitablanca.ma\/?s={search_term_string}"},"query-input":{"@type":"PropertyValueSpecification","valueRequired":true,"valueName":"search_term_string"}}],"inLanguage":"en-US"},{"@type":"Organization","@id":"https:\/\/vitablanca.ma\/#organization","name":"VitaBlanca","url":"https:\/\/vitablanca.ma\/","logo":{"@type":"ImageObject","inLanguage":"en-US","@id":"https:\/\/vitablanca.ma\/#\/schema\/logo\/image\/","url":"https:\/\/vitablanca.ma\/wp-content\/uploads\/2025\/05\/cropped-vitablanca.png","contentUrl":"https:\/\/vitablanca.ma\/wp-content\/uploads\/2025\/05\/cropped-vitablanca.png","width":360,"height":67,"caption":"VitaBlanca"},"image":{"@id":"https:\/\/vitablanca.ma\/#\/schema\/logo\/image\/"},"sameAs":["https:\/\/www.facebook.com\/profile.php?id=61576678196717","https:\/\/www.tiktok.com\/@vitablanca.ma","https:\/\/www.instagram.com\/vitablanca.ma\/"]}]}},"jetpack_sharing_enabled":true,"_links":{"self":[{"href":"https:\/\/vitablanca.ma\/en\/wp-json\/wp\/v2\/product\/23144","targetHints":{"allow":["GET"]}}],"collection":[{"href":"https:\/\/vitablanca.ma\/en\/wp-json\/wp\/v2\/product"}],"about":[{"href":"https:\/\/vitablanca.ma\/en\/wp-json\/wp\/v2\/types\/product"}],"wp:featuredmedia":[{"embeddable":true,"href":"https:\/\/vitablanca.ma\/en\/wp-json\/wp\/v2\/media\/23148"}],"wp:attachment":[{"href":"https:\/\/vitablanca.ma\/en\/wp-json\/wp\/v2\/media?parent=23144"}],"wp:term":[{"taxonomy":"product_brand","embeddable":true,"href":"https:\/\/vitablanca.ma\/en\/wp-json\/wp\/v2\/product_brand?post=23144"},{"taxonomy":"product_cat","embeddable":true,"href":"https:\/\/vitablanca.ma\/en\/wp-json\/wp\/v2\/product_cat?post=23144"},{"taxonomy":"product_tag","embeddable":true,"href":"https:\/\/vitablanca.ma\/en\/wp-json\/wp\/v2\/product_tag?post=23144"}],"curies":[{"name":"wp","href":"https:\/\/api.w.org\/{rel}","templated":true}]}}