{"id":23141,"date":"2025-07-01T16:58:01","date_gmt":"2025-07-01T16:58:01","guid":{"rendered":"https:\/\/vitablanca.ma\/?post_type=product&#038;p=23141"},"modified":"2025-09-27T23:29:21","modified_gmt":"2025-09-27T23:29:21","slug":"natural-factors-herbalfactors-saww-palmetto-with-lycopene-60-softgels-maroc","status":"publish","type":"product","link":"https:\/\/vitablanca.ma\/en\/product\/natural-factors-herbalfactors-saww-palmetto-with-lycopene-60-softgels-maroc\/","title":{"rendered":"Natural Factors HerbalFactors, Saw Palmetto with Lycopene, 60 Softgels"},"content":{"rendered":"<p>Saw palmetto berry (Serenoa repens, Sabal serrulata) consists of the ripe, dried fruit of Serenoa repens. The berry contains fatty acids (mainly lauric acid and ethyl laurate), along with phytosterols and polysaccharides.<\/p>\n\n\n\n<p>Nearly all men over the age of 45 have an enlarged prostate\u2014small male sex glands that surround the urethra. Enlargement and inflammation of the prostate can impede urine flow and affect sexual function. BPH (benign prostatic hyperplasia) causes frequent nighttime urination, pain, burning, and difficulty urinating. The conversion of testosterone to dihydrotestosterone is a chemical reaction that contributes to prostate enlargement and its symptoms. Saw palmetto berries have been shown to inhibit this chemical reaction. By standardizing saw palmetto fatty acids to between 85 and 95% TP3T, Natural Factors provides a potency-standardized herbal extract for men.<\/p>\n\n\n\n<p>Women \u2013 Saw palmetto extract may help some women who have excess androgens. It helps balance hormonal androgen levels.<a href=\"https:\/\/www.jumia.ma\/customer\/account\/login\/?tkWl=NA537DV0M814NNAFAMZ-31184138&amp;return=%2Fherbalfactors-saww-palmetto-with-lycopene-60-softgels-natural-factors-mpg952088.html\"><\/a><\/p>","protected":false},"excerpt":{"rendered":"<ul>\n<li>Supporting a Healthy Prostate<\/li>\n<li>Exploit natural advantages<\/li>\n<li>Supports prostate health and function<\/li>\n<li>Promotes healthy sperm count and libido<\/li>\n<li>Saw palmetto extract may help some women who have excess androgens. It helps balance hormonal androgen levels.<\/li>\n<\/ul>","protected":false},"featured_media":23143,"template":"","meta":{"om_disable_all_campaigns":false},"product_brand":[1808],"product_cat":[18,3366,293,104,19],"product_tag":[3011,2798,4319,3013,3010],"class_list":{"0":"post-23141","1":"product","2":"type-product","3":"status-publish","4":"has-post-thumbnail","6":"product_brand-natural-factors-maroc-prix","7":"product_cat-beaute-sante","8":"product_cat-complements-alimentaires-au-maroc-vitablanca","9":"product_cat-saw-palmetto","10":"product_cat-supplements-a-base-de-plantes","11":"product_cat-vitamines-supplements-dietetiques","12":"product_tag-complement-prostate-naturelle","13":"product_tag-natural-factors","14":"product_tag-natural-factors-maroc","15":"product_tag-prostate-sante-sans-allergenes","16":"product_tag-saw-palmetto-lycopene-160-mg","18":"first","19":"instock","20":"sale","21":"taxable","22":"shipping-taxable","23":"purchasable","24":"product-type-simple"},"yoast_head":"<!-- This site is optimized with the Yoast SEO plugin v27.4 - https:\/\/yoast.com\/product\/yoast-seo-wordpress\/ -->\n<title>Natural\u202fFactors HerbalFactors Saw\u202fPalmetto- Maroc Prix<\/title>\n<meta name=\"description\" content=\"Saw\u202fPalmetto 160\u202fmg extrait standardis\u00e9 2\u202fmg Lycop\u00e8ne favorise la fonction urinaire masculine prot\u00e8ges cheveux et peau sans gluten produits laitiers\" \/>\n<meta name=\"robots\" content=\"index, follow, max-snippet:-1, max-image-preview:large, max-video-preview:-1\" \/>\n<link rel=\"canonical\" href=\"https:\/\/vitablanca.ma\/en\/product\/natural-factors-herbalfactors-saww-palmetto-with-lycopene-60-softgels-maroc\/\" \/>\n<meta property=\"og:locale\" content=\"en_US\" \/>\n<meta property=\"og:type\" content=\"article\" \/>\n<meta property=\"og:title\" content=\"Natural\u202fFactors HerbalFactors Saw\u202fPalmetto- Maroc Prix\" \/>\n<meta property=\"og:description\" content=\"Saw\u202fPalmetto 160\u202fmg extrait standardis\u00e9 2\u202fmg Lycop\u00e8ne favorise la fonction urinaire masculine prot\u00e8ges cheveux et peau sans gluten produits laitiers\" \/>\n<meta property=\"og:url\" content=\"https:\/\/vitablanca.ma\/en\/product\/natural-factors-herbalfactors-saww-palmetto-with-lycopene-60-softgels-maroc\/\" \/>\n<meta property=\"og:site_name\" content=\"Vitablanca.ma &ndash; Sant&eacute;, vitalit&eacute; et bien-&ecirc;tre pour tous les Marocains\" \/>\n<meta property=\"article:publisher\" content=\"https:\/\/www.facebook.com\/profile.php?id=61576678196717\" \/>\n<meta property=\"article:modified_time\" content=\"2025-09-27T23:29:21+00:00\" \/>\n<meta property=\"og:image\" content=\"https:\/\/vitablanca.ma\/wp-content\/uploads\/2025\/07\/herbalfactors-saww-palmetto-with-lycopene-60-softgels-natural-.jpg\" \/>\n\t<meta property=\"og:image:width\" content=\"680\" \/>\n\t<meta property=\"og:image:height\" content=\"680\" \/>\n\t<meta property=\"og:image:type\" content=\"image\/jpeg\" \/>\n<meta name=\"twitter:card\" content=\"summary_large_image\" \/>\n<meta name=\"twitter:label1\" content=\"Est. reading time\" \/>\n\t<meta name=\"twitter:data1\" content=\"2 minutes\" \/>\n<script type=\"application\/ld+json\" class=\"yoast-schema-graph\">{\"@context\":\"https:\\\/\\\/schema.org\",\"@graph\":[{\"@type\":[\"WebPage\",\"ItemPage\"],\"@id\":\"https:\\\/\\\/vitablanca.ma\\\/produit\\\/natural-factors-herbalfactors-saww-palmetto-with-lycopene-60-softgels-maroc\\\/\",\"url\":\"https:\\\/\\\/vitablanca.ma\\\/produit\\\/natural-factors-herbalfactors-saww-palmetto-with-lycopene-60-softgels-maroc\\\/\",\"name\":\"Natural\u202fFactors HerbalFactors Saw\u202fPalmetto- Maroc Prix\",\"isPartOf\":{\"@id\":\"https:\\\/\\\/vitablanca.ma\\\/#website\"},\"primaryImageOfPage\":{\"@id\":\"https:\\\/\\\/vitablanca.ma\\\/produit\\\/natural-factors-herbalfactors-saww-palmetto-with-lycopene-60-softgels-maroc\\\/#primaryimage\"},\"image\":{\"@id\":\"https:\\\/\\\/vitablanca.ma\\\/produit\\\/natural-factors-herbalfactors-saww-palmetto-with-lycopene-60-softgels-maroc\\\/#primaryimage\"},\"thumbnailUrl\":\"https:\\\/\\\/vitablanca.ma\\\/wp-content\\\/uploads\\\/2025\\\/07\\\/herbalfactors-saww-palmetto-with-lycopene-60-softgels-natural-.jpg\",\"datePublished\":\"2025-07-01T16:58:01+00:00\",\"dateModified\":\"2025-09-27T23:29:21+00:00\",\"description\":\"Saw\u202fPalmetto 160\u202fmg extrait standardis\u00e9 2\u202fmg Lycop\u00e8ne favorise la fonction urinaire masculine prot\u00e8ges cheveux et peau sans gluten produits laitiers\",\"breadcrumb\":{\"@id\":\"https:\\\/\\\/vitablanca.ma\\\/produit\\\/natural-factors-herbalfactors-saww-palmetto-with-lycopene-60-softgels-maroc\\\/#breadcrumb\"},\"inLanguage\":\"en-US\",\"potentialAction\":[{\"@type\":\"ReadAction\",\"target\":[\"https:\\\/\\\/vitablanca.ma\\\/produit\\\/natural-factors-herbalfactors-saww-palmetto-with-lycopene-60-softgels-maroc\\\/\"]}]},{\"@type\":\"ImageObject\",\"inLanguage\":\"en-US\",\"@id\":\"https:\\\/\\\/vitablanca.ma\\\/produit\\\/natural-factors-herbalfactors-saww-palmetto-with-lycopene-60-softgels-maroc\\\/#primaryimage\",\"url\":\"https:\\\/\\\/vitablanca.ma\\\/wp-content\\\/uploads\\\/2025\\\/07\\\/herbalfactors-saww-palmetto-with-lycopene-60-softgels-natural-.jpg\",\"contentUrl\":\"https:\\\/\\\/vitablanca.ma\\\/wp-content\\\/uploads\\\/2025\\\/07\\\/herbalfactors-saww-palmetto-with-lycopene-60-softgels-natural-.jpg\",\"width\":680,\"height\":680},{\"@type\":\"BreadcrumbList\",\"@id\":\"https:\\\/\\\/vitablanca.ma\\\/produit\\\/natural-factors-herbalfactors-saww-palmetto-with-lycopene-60-softgels-maroc\\\/#breadcrumb\",\"itemListElement\":[{\"@type\":\"ListItem\",\"position\":1,\"name\":\"Home\",\"item\":\"https:\\\/\\\/vitablanca.ma\\\/\"},{\"@type\":\"ListItem\",\"position\":2,\"name\":\"Tous Les Produits\",\"item\":\"https:\\\/\\\/vitablanca.ma\\\/tous-les-produits\\\/\"},{\"@type\":\"ListItem\",\"position\":3,\"name\":\"Natural Factors HerbalFactors, Saw Palmetto with Lycopene, 60 Softgels\"}]},{\"@type\":\"WebSite\",\"@id\":\"https:\\\/\\\/vitablanca.ma\\\/#website\",\"url\":\"https:\\\/\\\/vitablanca.ma\\\/\",\"name\":\"VitaBlanca.ma | Compl\u00e9ments alimentaires, sant\u00e9 & beaut\u00e9 au Maroc\",\"description\":\"vendre vitamines et compl\u00e9ments premium des USA &amp; Canada, Nouvelle Z\u00e9lande,Maroc (NOW Foods, Solgar, Manuka). Livraison rapide partout au Maroc.\",\"publisher\":{\"@id\":\"https:\\\/\\\/vitablanca.ma\\\/#organization\"},\"alternateName\":\"VitaBlanca.ma\",\"potentialAction\":[{\"@type\":\"SearchAction\",\"target\":{\"@type\":\"EntryPoint\",\"urlTemplate\":\"https:\\\/\\\/vitablanca.ma\\\/?s={search_term_string}\"},\"query-input\":{\"@type\":\"PropertyValueSpecification\",\"valueRequired\":true,\"valueName\":\"search_term_string\"}}],\"inLanguage\":\"en-US\"},{\"@type\":\"Organization\",\"@id\":\"https:\\\/\\\/vitablanca.ma\\\/#organization\",\"name\":\"VitaBlanca\",\"url\":\"https:\\\/\\\/vitablanca.ma\\\/\",\"logo\":{\"@type\":\"ImageObject\",\"inLanguage\":\"en-US\",\"@id\":\"https:\\\/\\\/vitablanca.ma\\\/#\\\/schema\\\/logo\\\/image\\\/\",\"url\":\"https:\\\/\\\/vitablanca.ma\\\/wp-content\\\/uploads\\\/2025\\\/05\\\/cropped-vitablanca.png\",\"contentUrl\":\"https:\\\/\\\/vitablanca.ma\\\/wp-content\\\/uploads\\\/2025\\\/05\\\/cropped-vitablanca.png\",\"width\":360,\"height\":67,\"caption\":\"VitaBlanca\"},\"image\":{\"@id\":\"https:\\\/\\\/vitablanca.ma\\\/#\\\/schema\\\/logo\\\/image\\\/\"},\"sameAs\":[\"https:\\\/\\\/www.facebook.com\\\/profile.php?id=61576678196717\",\"https:\\\/\\\/www.tiktok.com\\\/@vitablanca.ma\",\"https:\\\/\\\/www.instagram.com\\\/vitablanca.ma\\\/\"]}]}<\/script>\n<!-- \/ Yoast SEO plugin. -->","yoast_head_json":{"title":"Natural Factors HerbalFactors Saw Palmetto- Morocco Price","description":"Saw Palmetto 160 mg standardized extract 2 mg Lycopene promotes male urinary function protects hair and skin gluten-free dairy-free","robots":{"index":"index","follow":"follow","max-snippet":"max-snippet:-1","max-image-preview":"max-image-preview:large","max-video-preview":"max-video-preview:-1"},"canonical":"https:\/\/vitablanca.ma\/en\/product\/natural-factors-herbalfactors-saww-palmetto-with-lycopene-60-softgels-maroc\/","og_locale":"en_US","og_type":"article","og_title":"Natural\u202fFactors HerbalFactors Saw\u202fPalmetto- Maroc Prix","og_description":"Saw\u202fPalmetto 160\u202fmg extrait standardis\u00e9 2\u202fmg Lycop\u00e8ne favorise la fonction urinaire masculine prot\u00e8ges cheveux et peau sans gluten produits laitiers","og_url":"https:\/\/vitablanca.ma\/en\/product\/natural-factors-herbalfactors-saww-palmetto-with-lycopene-60-softgels-maroc\/","og_site_name":"Vitablanca.ma &ndash; Sant&eacute;, vitalit&eacute; et bien-&ecirc;tre pour tous les Marocains","article_publisher":"https:\/\/www.facebook.com\/profile.php?id=61576678196717","article_modified_time":"2025-09-27T23:29:21+00:00","og_image":[{"width":680,"height":680,"url":"https:\/\/vitablanca.ma\/wp-content\/uploads\/2025\/07\/herbalfactors-saww-palmetto-with-lycopene-60-softgels-natural-.jpg","type":"image\/jpeg"}],"twitter_card":"summary_large_image","twitter_misc":{"Est. reading time":"2 minutes"},"schema":{"@context":"https:\/\/schema.org","@graph":[{"@type":["WebPage","ItemPage"],"@id":"https:\/\/vitablanca.ma\/produit\/natural-factors-herbalfactors-saww-palmetto-with-lycopene-60-softgels-maroc\/","url":"https:\/\/vitablanca.ma\/produit\/natural-factors-herbalfactors-saww-palmetto-with-lycopene-60-softgels-maroc\/","name":"Natural Factors HerbalFactors Saw Palmetto- Morocco Price","isPartOf":{"@id":"https:\/\/vitablanca.ma\/#website"},"primaryImageOfPage":{"@id":"https:\/\/vitablanca.ma\/produit\/natural-factors-herbalfactors-saww-palmetto-with-lycopene-60-softgels-maroc\/#primaryimage"},"image":{"@id":"https:\/\/vitablanca.ma\/produit\/natural-factors-herbalfactors-saww-palmetto-with-lycopene-60-softgels-maroc\/#primaryimage"},"thumbnailUrl":"https:\/\/vitablanca.ma\/wp-content\/uploads\/2025\/07\/herbalfactors-saww-palmetto-with-lycopene-60-softgels-natural-.jpg","datePublished":"2025-07-01T16:58:01+00:00","dateModified":"2025-09-27T23:29:21+00:00","description":"Saw Palmetto 160 mg standardized extract 2 mg Lycopene promotes male urinary function protects hair and skin gluten-free dairy-free","breadcrumb":{"@id":"https:\/\/vitablanca.ma\/produit\/natural-factors-herbalfactors-saww-palmetto-with-lycopene-60-softgels-maroc\/#breadcrumb"},"inLanguage":"en-US","potentialAction":[{"@type":"ReadAction","target":["https:\/\/vitablanca.ma\/produit\/natural-factors-herbalfactors-saww-palmetto-with-lycopene-60-softgels-maroc\/"]}]},{"@type":"ImageObject","inLanguage":"en-US","@id":"https:\/\/vitablanca.ma\/produit\/natural-factors-herbalfactors-saww-palmetto-with-lycopene-60-softgels-maroc\/#primaryimage","url":"https:\/\/vitablanca.ma\/wp-content\/uploads\/2025\/07\/herbalfactors-saww-palmetto-with-lycopene-60-softgels-natural-.jpg","contentUrl":"https:\/\/vitablanca.ma\/wp-content\/uploads\/2025\/07\/herbalfactors-saww-palmetto-with-lycopene-60-softgels-natural-.jpg","width":680,"height":680},{"@type":"BreadcrumbList","@id":"https:\/\/vitablanca.ma\/produit\/natural-factors-herbalfactors-saww-palmetto-with-lycopene-60-softgels-maroc\/#breadcrumb","itemListElement":[{"@type":"ListItem","position":1,"name":"Home","item":"https:\/\/vitablanca.ma\/"},{"@type":"ListItem","position":2,"name":"Tous Les Produits","item":"https:\/\/vitablanca.ma\/tous-les-produits\/"},{"@type":"ListItem","position":3,"name":"Natural Factors HerbalFactors, Saw Palmetto with Lycopene, 60 Softgels"}]},{"@type":"WebSite","@id":"https:\/\/vitablanca.ma\/#website","url":"https:\/\/vitablanca.ma\/","name":"VitaBlanca.ma | Food supplements, health &amp; beauty in Morocco","description":"sell premium vitamins and supplements from USA &amp; Canada, New Zealand, Morocco (NOW Foods, Solgar, Manuka). Fast delivery anywhere in Morocco.","publisher":{"@id":"https:\/\/vitablanca.ma\/#organization"},"alternateName":"VitaBlanca.ma","potentialAction":[{"@type":"SearchAction","target":{"@type":"EntryPoint","urlTemplate":"https:\/\/vitablanca.ma\/?s={search_term_string}"},"query-input":{"@type":"PropertyValueSpecification","valueRequired":true,"valueName":"search_term_string"}}],"inLanguage":"en-US"},{"@type":"Organization","@id":"https:\/\/vitablanca.ma\/#organization","name":"VitaBlanca","url":"https:\/\/vitablanca.ma\/","logo":{"@type":"ImageObject","inLanguage":"en-US","@id":"https:\/\/vitablanca.ma\/#\/schema\/logo\/image\/","url":"https:\/\/vitablanca.ma\/wp-content\/uploads\/2025\/05\/cropped-vitablanca.png","contentUrl":"https:\/\/vitablanca.ma\/wp-content\/uploads\/2025\/05\/cropped-vitablanca.png","width":360,"height":67,"caption":"VitaBlanca"},"image":{"@id":"https:\/\/vitablanca.ma\/#\/schema\/logo\/image\/"},"sameAs":["https:\/\/www.facebook.com\/profile.php?id=61576678196717","https:\/\/www.tiktok.com\/@vitablanca.ma","https:\/\/www.instagram.com\/vitablanca.ma\/"]}]}},"jetpack_sharing_enabled":true,"_links":{"self":[{"href":"https:\/\/vitablanca.ma\/en\/wp-json\/wp\/v2\/product\/23141","targetHints":{"allow":["GET"]}}],"collection":[{"href":"https:\/\/vitablanca.ma\/en\/wp-json\/wp\/v2\/product"}],"about":[{"href":"https:\/\/vitablanca.ma\/en\/wp-json\/wp\/v2\/types\/product"}],"wp:featuredmedia":[{"embeddable":true,"href":"https:\/\/vitablanca.ma\/en\/wp-json\/wp\/v2\/media\/23143"}],"wp:attachment":[{"href":"https:\/\/vitablanca.ma\/en\/wp-json\/wp\/v2\/media?parent=23141"}],"wp:term":[{"taxonomy":"product_brand","embeddable":true,"href":"https:\/\/vitablanca.ma\/en\/wp-json\/wp\/v2\/product_brand?post=23141"},{"taxonomy":"product_cat","embeddable":true,"href":"https:\/\/vitablanca.ma\/en\/wp-json\/wp\/v2\/product_cat?post=23141"},{"taxonomy":"product_tag","embeddable":true,"href":"https:\/\/vitablanca.ma\/en\/wp-json\/wp\/v2\/product_tag?post=23141"}],"curies":[{"name":"wp","href":"https:\/\/api.w.org\/{rel}","templated":true}]}}