{"id":23137,"date":"2025-07-01T16:36:22","date_gmt":"2025-07-01T16:36:22","guid":{"rendered":"https:\/\/vitablanca.ma\/?post_type=product&#038;p=23137"},"modified":"2025-08-30T20:55:50","modified_gmt":"2025-08-30T20:55:50","slug":"youtheory-collagene-pour-hommes-290-tablets-maroc","status":"publish","type":"product","link":"https:\/\/vitablanca.ma\/en\/product\/youtheory-collagene-pour-hommes-290-tablets-maroc\/","title":{"rendered":"Youtheory Collagen for Men, 290 Tablets"},"content":{"rendered":"<p>Collagen is the most abundant protein in the human body. It&#039;s the &quot;glue&quot; that holds us all together. Unfortunately, collagen naturally diminishes over time, and collagen-dependent tissues deteriorate with age. Youtheory\u00ae Men&#039;s Collagen Advanced provides bioactive collagen peptides to help replenish vital proteins and counteract age-related collagen loss.* This formula also contains biotin, vitamin C, and Fo-Ti.<\/p>\n\n\n\n<p>Provides 5000 mg of collagen per serving<\/p>\n\n\n\n<p>Helps counteract age-related collagen loss*<\/p>\n\n\n\n<p>Provides 18 amino acids<\/p>\n\n\n\n<p>Supports skin, hair, tendons and ligaments<\/p>\n\n\n\n<p>Dairy-free, soy-free, gluten-free ingredients<\/p>\n\n\n\n<p>Supports a well-balanced life*<\/p>\n\n\n\n<p>Contains hydrolyzed collagen peptides, biotin, vitamin C and Fo-Ti extract<a href=\"https:\/\/www.jumia.ma\/customer\/account\/login\/?tkWl=YO081DV0W21VRNAFAMZ-31564905&amp;return=%2Fcollagene-pour-hommes-290-tablets-youtheory-mpg1100609.html\"><\/a><\/p>","protected":false},"excerpt":{"rendered":"<ul>\n<li>Provides 5000 mg of collagen per serving<\/li>\n<li>Helps counteract age-related collagen loss<\/li>\n<li>Provides 18 amino acids<\/li>\n<li>Supports skin, hair, tendons and ligaments<\/li>\n<li>Dairy-free, soy-free, gluten-free ingredients<\/li>\n<li>Supports a well-balanced life*<\/li>\n<li>Contains hydrolyzed collagen peptides, biotin, vitamin C and Fo-Ti extract<\/li>\n<li>Powerful Protein + Essential Nutrients<\/li>\n<li>Food supplement<\/li>\n<li>No binders or fillers<\/li>\n<li>Designed for all of you<\/li>\n<li>5000 mg of pure collagen peptides<\/li>\n<li>Highly absorbable<\/li>\n<li>Enhanced with vitamin C and biotin<\/li>\n<\/ul>","protected":false},"featured_media":23140,"template":"","meta":{"om_disable_all_campaigns":false},"product_brand":[2230],"product_cat":[18,3366,130,19],"product_tag":[3007,3009],"class_list":{"0":"post-23137","1":"product","2":"type-product","3":"status-publish","4":"has-post-thumbnail","6":"product_brand-youtheory","7":"product_cat-beaute-sante","8":"product_cat-complements-alimentaires-au-maroc-vitablanca","9":"product_cat-vitamines","10":"product_cat-vitamines-supplements-dietetiques","11":"product_tag-collagene-homme-290-comprimes","12":"product_tag-collagene-hydrolyse-vitamine-c-biotine","14":"first","15":"instock","16":"taxable","17":"shipping-taxable","18":"purchasable","19":"product-type-simple"},"yoast_head":"<!-- This site is optimized with the Yoast SEO plugin v27.4 - https:\/\/yoast.com\/product\/yoast-seo-wordpress\/ -->\n<title>Youtheory Collag\u00e8ne pour hommes 290 comprim\u00e9s -Maroc Prix<\/title>\n<meta name=\"description\" content=\"Youtheory Collag\u00e8ne pour hommes 290\u202fcomprim\u00e9s 5\u202f000\u202fmg de peptides de collag\u00e8ne par portion, enrichi en Vitamine\u202fC Biotine pour soutenir la peau et cheveux\" \/>\n<meta name=\"robots\" content=\"index, follow, max-snippet:-1, max-image-preview:large, max-video-preview:-1\" \/>\n<link rel=\"canonical\" href=\"https:\/\/vitablanca.ma\/en\/product\/youtheory-collagene-pour-hommes-290-tablets-maroc\/\" \/>\n<meta property=\"og:locale\" content=\"en_US\" \/>\n<meta property=\"og:type\" content=\"article\" \/>\n<meta property=\"og:title\" content=\"Youtheory Collag\u00e8ne pour hommes 290 comprim\u00e9s -Maroc Prix\" \/>\n<meta property=\"og:description\" content=\"Youtheory Collag\u00e8ne pour hommes 290\u202fcomprim\u00e9s 5\u202f000\u202fmg de peptides de collag\u00e8ne par portion, enrichi en Vitamine\u202fC Biotine pour soutenir la peau et cheveux\" \/>\n<meta property=\"og:url\" content=\"https:\/\/vitablanca.ma\/en\/product\/youtheory-collagene-pour-hommes-290-tablets-maroc\/\" \/>\n<meta property=\"og:site_name\" content=\"Vitablanca.ma &ndash; Sant&eacute;, vitalit&eacute; et bien-&ecirc;tre pour tous les Marocains\" \/>\n<meta property=\"article:publisher\" content=\"https:\/\/www.facebook.com\/profile.php?id=61576678196717\" \/>\n<meta property=\"article:modified_time\" content=\"2025-08-30T20:55:50+00:00\" \/>\n<meta property=\"og:image\" content=\"https:\/\/vitablanca.ma\/wp-content\/uploads\/2025\/07\/collagene-pour-hommes-290-tablets-youtheory-.jpg\" \/>\n\t<meta property=\"og:image:width\" content=\"680\" \/>\n\t<meta property=\"og:image:height\" content=\"680\" \/>\n\t<meta property=\"og:image:type\" content=\"image\/jpeg\" \/>\n<meta name=\"twitter:card\" content=\"summary_large_image\" \/>\n<meta name=\"twitter:label1\" content=\"Est. reading time\" \/>\n\t<meta name=\"twitter:data1\" content=\"1 minute\" \/>\n<script type=\"application\/ld+json\" class=\"yoast-schema-graph\">{\"@context\":\"https:\\\/\\\/schema.org\",\"@graph\":[{\"@type\":[\"WebPage\",\"ItemPage\"],\"@id\":\"https:\\\/\\\/vitablanca.ma\\\/produit\\\/youtheory-collagene-pour-hommes-290-tablets-maroc\\\/\",\"url\":\"https:\\\/\\\/vitablanca.ma\\\/produit\\\/youtheory-collagene-pour-hommes-290-tablets-maroc\\\/\",\"name\":\"Youtheory Collag\u00e8ne pour hommes 290 comprim\u00e9s -Maroc Prix\",\"isPartOf\":{\"@id\":\"https:\\\/\\\/vitablanca.ma\\\/#website\"},\"primaryImageOfPage\":{\"@id\":\"https:\\\/\\\/vitablanca.ma\\\/produit\\\/youtheory-collagene-pour-hommes-290-tablets-maroc\\\/#primaryimage\"},\"image\":{\"@id\":\"https:\\\/\\\/vitablanca.ma\\\/produit\\\/youtheory-collagene-pour-hommes-290-tablets-maroc\\\/#primaryimage\"},\"thumbnailUrl\":\"https:\\\/\\\/vitablanca.ma\\\/wp-content\\\/uploads\\\/2025\\\/07\\\/collagene-pour-hommes-290-tablets-youtheory-.jpg\",\"datePublished\":\"2025-07-01T16:36:22+00:00\",\"dateModified\":\"2025-08-30T20:55:50+00:00\",\"description\":\"Youtheory Collag\u00e8ne pour hommes 290\u202fcomprim\u00e9s 5\u202f000\u202fmg de peptides de collag\u00e8ne par portion, enrichi en Vitamine\u202fC Biotine pour soutenir la peau et cheveux\",\"breadcrumb\":{\"@id\":\"https:\\\/\\\/vitablanca.ma\\\/produit\\\/youtheory-collagene-pour-hommes-290-tablets-maroc\\\/#breadcrumb\"},\"inLanguage\":\"en-US\",\"potentialAction\":[{\"@type\":\"ReadAction\",\"target\":[\"https:\\\/\\\/vitablanca.ma\\\/produit\\\/youtheory-collagene-pour-hommes-290-tablets-maroc\\\/\"]}]},{\"@type\":\"ImageObject\",\"inLanguage\":\"en-US\",\"@id\":\"https:\\\/\\\/vitablanca.ma\\\/produit\\\/youtheory-collagene-pour-hommes-290-tablets-maroc\\\/#primaryimage\",\"url\":\"https:\\\/\\\/vitablanca.ma\\\/wp-content\\\/uploads\\\/2025\\\/07\\\/collagene-pour-hommes-290-tablets-youtheory-.jpg\",\"contentUrl\":\"https:\\\/\\\/vitablanca.ma\\\/wp-content\\\/uploads\\\/2025\\\/07\\\/collagene-pour-hommes-290-tablets-youtheory-.jpg\",\"width\":680,\"height\":680},{\"@type\":\"BreadcrumbList\",\"@id\":\"https:\\\/\\\/vitablanca.ma\\\/produit\\\/youtheory-collagene-pour-hommes-290-tablets-maroc\\\/#breadcrumb\",\"itemListElement\":[{\"@type\":\"ListItem\",\"position\":1,\"name\":\"Home\",\"item\":\"https:\\\/\\\/vitablanca.ma\\\/\"},{\"@type\":\"ListItem\",\"position\":2,\"name\":\"Tous Les Produits\",\"item\":\"https:\\\/\\\/vitablanca.ma\\\/tous-les-produits\\\/\"},{\"@type\":\"ListItem\",\"position\":3,\"name\":\"Youtheory Collag\u00e8ne pour hommes, 290 Tablets\"}]},{\"@type\":\"WebSite\",\"@id\":\"https:\\\/\\\/vitablanca.ma\\\/#website\",\"url\":\"https:\\\/\\\/vitablanca.ma\\\/\",\"name\":\"VitaBlanca.ma | Compl\u00e9ments alimentaires, sant\u00e9 & beaut\u00e9 au Maroc\",\"description\":\"vendre vitamines et compl\u00e9ments premium des USA &amp; Canada, Nouvelle Z\u00e9lande,Maroc (NOW Foods, Solgar, Manuka). Livraison rapide partout au Maroc.\",\"publisher\":{\"@id\":\"https:\\\/\\\/vitablanca.ma\\\/#organization\"},\"alternateName\":\"VitaBlanca.ma\",\"potentialAction\":[{\"@type\":\"SearchAction\",\"target\":{\"@type\":\"EntryPoint\",\"urlTemplate\":\"https:\\\/\\\/vitablanca.ma\\\/?s={search_term_string}\"},\"query-input\":{\"@type\":\"PropertyValueSpecification\",\"valueRequired\":true,\"valueName\":\"search_term_string\"}}],\"inLanguage\":\"en-US\"},{\"@type\":\"Organization\",\"@id\":\"https:\\\/\\\/vitablanca.ma\\\/#organization\",\"name\":\"VitaBlanca\",\"url\":\"https:\\\/\\\/vitablanca.ma\\\/\",\"logo\":{\"@type\":\"ImageObject\",\"inLanguage\":\"en-US\",\"@id\":\"https:\\\/\\\/vitablanca.ma\\\/#\\\/schema\\\/logo\\\/image\\\/\",\"url\":\"https:\\\/\\\/vitablanca.ma\\\/wp-content\\\/uploads\\\/2025\\\/05\\\/cropped-vitablanca.png\",\"contentUrl\":\"https:\\\/\\\/vitablanca.ma\\\/wp-content\\\/uploads\\\/2025\\\/05\\\/cropped-vitablanca.png\",\"width\":360,\"height\":67,\"caption\":\"VitaBlanca\"},\"image\":{\"@id\":\"https:\\\/\\\/vitablanca.ma\\\/#\\\/schema\\\/logo\\\/image\\\/\"},\"sameAs\":[\"https:\\\/\\\/www.facebook.com\\\/profile.php?id=61576678196717\",\"https:\\\/\\\/www.tiktok.com\\\/@vitablanca.ma\",\"https:\\\/\\\/www.instagram.com\\\/vitablanca.ma\\\/\"]}]}<\/script>\n<!-- \/ Yoast SEO plugin. -->","yoast_head_json":{"title":"Youtheory Collagen for Men 290 Tablets - Morocco Price","description":"Youtheory Collagen for Men 290 Tablets 5,000 mg of Collagen Peptides per Serving, Enhanced with Vitamin C Biotin to Support Skin and Hair","robots":{"index":"index","follow":"follow","max-snippet":"max-snippet:-1","max-image-preview":"max-image-preview:large","max-video-preview":"max-video-preview:-1"},"canonical":"https:\/\/vitablanca.ma\/en\/product\/youtheory-collagene-pour-hommes-290-tablets-maroc\/","og_locale":"en_US","og_type":"article","og_title":"Youtheory Collag\u00e8ne pour hommes 290 comprim\u00e9s -Maroc Prix","og_description":"Youtheory Collag\u00e8ne pour hommes 290\u202fcomprim\u00e9s 5\u202f000\u202fmg de peptides de collag\u00e8ne par portion, enrichi en Vitamine\u202fC Biotine pour soutenir la peau et cheveux","og_url":"https:\/\/vitablanca.ma\/en\/product\/youtheory-collagene-pour-hommes-290-tablets-maroc\/","og_site_name":"Vitablanca.ma &ndash; Sant&eacute;, vitalit&eacute; et bien-&ecirc;tre pour tous les Marocains","article_publisher":"https:\/\/www.facebook.com\/profile.php?id=61576678196717","article_modified_time":"2025-08-30T20:55:50+00:00","og_image":[{"width":680,"height":680,"url":"https:\/\/vitablanca.ma\/wp-content\/uploads\/2025\/07\/collagene-pour-hommes-290-tablets-youtheory-.jpg","type":"image\/jpeg"}],"twitter_card":"summary_large_image","twitter_misc":{"Est. reading time":"1 minute"},"schema":{"@context":"https:\/\/schema.org","@graph":[{"@type":["WebPage","ItemPage"],"@id":"https:\/\/vitablanca.ma\/produit\/youtheory-collagene-pour-hommes-290-tablets-maroc\/","url":"https:\/\/vitablanca.ma\/produit\/youtheory-collagene-pour-hommes-290-tablets-maroc\/","name":"Youtheory Collagen for Men 290 Tablets - Morocco Price","isPartOf":{"@id":"https:\/\/vitablanca.ma\/#website"},"primaryImageOfPage":{"@id":"https:\/\/vitablanca.ma\/produit\/youtheory-collagene-pour-hommes-290-tablets-maroc\/#primaryimage"},"image":{"@id":"https:\/\/vitablanca.ma\/produit\/youtheory-collagene-pour-hommes-290-tablets-maroc\/#primaryimage"},"thumbnailUrl":"https:\/\/vitablanca.ma\/wp-content\/uploads\/2025\/07\/collagene-pour-hommes-290-tablets-youtheory-.jpg","datePublished":"2025-07-01T16:36:22+00:00","dateModified":"2025-08-30T20:55:50+00:00","description":"Youtheory Collagen for Men 290 Tablets 5,000 mg of Collagen Peptides per Serving, Enhanced with Vitamin C Biotin to Support Skin and Hair","breadcrumb":{"@id":"https:\/\/vitablanca.ma\/produit\/youtheory-collagene-pour-hommes-290-tablets-maroc\/#breadcrumb"},"inLanguage":"en-US","potentialAction":[{"@type":"ReadAction","target":["https:\/\/vitablanca.ma\/produit\/youtheory-collagene-pour-hommes-290-tablets-maroc\/"]}]},{"@type":"ImageObject","inLanguage":"en-US","@id":"https:\/\/vitablanca.ma\/produit\/youtheory-collagene-pour-hommes-290-tablets-maroc\/#primaryimage","url":"https:\/\/vitablanca.ma\/wp-content\/uploads\/2025\/07\/collagene-pour-hommes-290-tablets-youtheory-.jpg","contentUrl":"https:\/\/vitablanca.ma\/wp-content\/uploads\/2025\/07\/collagene-pour-hommes-290-tablets-youtheory-.jpg","width":680,"height":680},{"@type":"BreadcrumbList","@id":"https:\/\/vitablanca.ma\/produit\/youtheory-collagene-pour-hommes-290-tablets-maroc\/#breadcrumb","itemListElement":[{"@type":"ListItem","position":1,"name":"Home","item":"https:\/\/vitablanca.ma\/"},{"@type":"ListItem","position":2,"name":"Tous Les Produits","item":"https:\/\/vitablanca.ma\/tous-les-produits\/"},{"@type":"ListItem","position":3,"name":"Youtheory Collag\u00e8ne pour hommes, 290 Tablets"}]},{"@type":"WebSite","@id":"https:\/\/vitablanca.ma\/#website","url":"https:\/\/vitablanca.ma\/","name":"VitaBlanca.ma | Food supplements, health &amp; beauty in Morocco","description":"sell premium vitamins and supplements from USA &amp; Canada, New Zealand, Morocco (NOW Foods, Solgar, Manuka). Fast delivery anywhere in Morocco.","publisher":{"@id":"https:\/\/vitablanca.ma\/#organization"},"alternateName":"VitaBlanca.ma","potentialAction":[{"@type":"SearchAction","target":{"@type":"EntryPoint","urlTemplate":"https:\/\/vitablanca.ma\/?s={search_term_string}"},"query-input":{"@type":"PropertyValueSpecification","valueRequired":true,"valueName":"search_term_string"}}],"inLanguage":"en-US"},{"@type":"Organization","@id":"https:\/\/vitablanca.ma\/#organization","name":"VitaBlanca","url":"https:\/\/vitablanca.ma\/","logo":{"@type":"ImageObject","inLanguage":"en-US","@id":"https:\/\/vitablanca.ma\/#\/schema\/logo\/image\/","url":"https:\/\/vitablanca.ma\/wp-content\/uploads\/2025\/05\/cropped-vitablanca.png","contentUrl":"https:\/\/vitablanca.ma\/wp-content\/uploads\/2025\/05\/cropped-vitablanca.png","width":360,"height":67,"caption":"VitaBlanca"},"image":{"@id":"https:\/\/vitablanca.ma\/#\/schema\/logo\/image\/"},"sameAs":["https:\/\/www.facebook.com\/profile.php?id=61576678196717","https:\/\/www.tiktok.com\/@vitablanca.ma","https:\/\/www.instagram.com\/vitablanca.ma\/"]}]}},"jetpack_sharing_enabled":true,"_links":{"self":[{"href":"https:\/\/vitablanca.ma\/en\/wp-json\/wp\/v2\/product\/23137","targetHints":{"allow":["GET"]}}],"collection":[{"href":"https:\/\/vitablanca.ma\/en\/wp-json\/wp\/v2\/product"}],"about":[{"href":"https:\/\/vitablanca.ma\/en\/wp-json\/wp\/v2\/types\/product"}],"wp:featuredmedia":[{"embeddable":true,"href":"https:\/\/vitablanca.ma\/en\/wp-json\/wp\/v2\/media\/23140"}],"wp:attachment":[{"href":"https:\/\/vitablanca.ma\/en\/wp-json\/wp\/v2\/media?parent=23137"}],"wp:term":[{"taxonomy":"product_brand","embeddable":true,"href":"https:\/\/vitablanca.ma\/en\/wp-json\/wp\/v2\/product_brand?post=23137"},{"taxonomy":"product_cat","embeddable":true,"href":"https:\/\/vitablanca.ma\/en\/wp-json\/wp\/v2\/product_cat?post=23137"},{"taxonomy":"product_tag","embeddable":true,"href":"https:\/\/vitablanca.ma\/en\/wp-json\/wp\/v2\/product_tag?post=23137"}],"curies":[{"name":"wp","href":"https:\/\/api.w.org\/{rel}","templated":true}]}}