{"id":23113,"date":"2025-06-27T18:21:38","date_gmt":"2025-06-27T18:21:38","guid":{"rendered":"https:\/\/vitablanca.ma\/?post_type=product&#038;p=23113"},"modified":"2025-08-30T20:55:50","modified_gmt":"2025-08-30T20:55:50","slug":"natures-way-feuille-dortie-870-mg-100-vegetalien-capsules-maroc","status":"publish","type":"product","link":"https:\/\/vitablanca.ma\/en\/product\/natures-way-feuille-dortie-870-mg-100-vegetalien-capsules-maroc\/","title":{"rendered":"Nature&#039;S Way Nettle Leaf 870 mg, 100 Vegetarian Capsules"},"content":{"rendered":"<p>This encapsulated Nature&#039;s Way Nettle Leaf Herb is wild-harvested, gently dried, and ground into a usable form. It contains no chemicals, additives, or artificial colors. Nettle is a natural source of chlorophyll in whole-herb form.<\/p>\n\n\n\n<p>Helps support free breathing by nourishing the airway membranes<\/p>\n\n\n\n<p>Each two-capsule serving contains 870 mg of nettle leaf<a href=\"https:\/\/www.jumia.ma\/customer\/account\/login\/?tkWl=NA200DV0L5NYFNAFAMZ-31185940&amp;return=%2Ffeuille-dortie-870-mg-100-vegetalien-capsules-natures-way-mpg939480.html\"><\/a><\/p>","protected":false},"excerpt":{"rendered":"<ul>\n<li>contains no chemicals, additives or artificial colors.<\/li>\n<li>Nettle is a natural source of chlorophyll in whole herb form.<\/li>\n<li>Helps support free breathing by nourishing the airway membranes<\/li>\n<li>Each two-capsule serving contains 870 mg of nettle leaf<\/li>\n<\/ul>","protected":false},"featured_media":23114,"template":"","meta":{"om_disable_all_campaigns":false},"product_brand":[2144],"product_cat":[18,3366,104,19],"product_tag":[3006,3005,1831],"class_list":{"0":"post-23113","1":"product","2":"type-product","3":"status-publish","4":"has-post-thumbnail","6":"product_brand-natures-way","7":"product_cat-beaute-sante","8":"product_cat-complements-alimentaires-au-maroc-vitablanca","9":"product_cat-supplements-a-base-de-plantes","10":"product_cat-vitamines-supplements-dietetiques","11":"product_tag-fonction-urinaire-ortie_bien-etre-saisonnier-maroc_","12":"product_tag-natures-way-feuille-dortie-maroc_ortie-870mg-capsules-vegetaliennes_","13":"product_tag-natures-way-maroc","15":"first","16":"instock","17":"taxable","18":"shipping-taxable","19":"purchasable","20":"product-type-simple"},"yoast_head":"<!-- This site is optimized with the Yoast SEO plugin v27.4 - https:\/\/yoast.com\/product\/yoast-seo-wordpress\/ -->\n<title>Nature&#039;s Way Feuille d&#039;Ortie 870 mg, 100 G\u00e9lules - Maroc Prix<\/title>\n<meta name=\"description\" content=\"Achetez Nature&#039;s Way Feuille d&#039;Ortie 870 mg au Maroc. Ces 100 capsules soutien naturel pour la sant\u00e9 respiratoire la fonction urinaire. Id\u00e9al pour un bien-\u00eatre printanier\" \/>\n<meta name=\"robots\" content=\"index, follow, max-snippet:-1, max-image-preview:large, max-video-preview:-1\" \/>\n<link rel=\"canonical\" href=\"https:\/\/vitablanca.ma\/en\/product\/natures-way-feuille-dortie-870-mg-100-vegetalien-capsules-maroc\/\" \/>\n<meta property=\"og:locale\" content=\"en_US\" \/>\n<meta property=\"og:type\" content=\"article\" \/>\n<meta property=\"og:title\" content=\"Nature&#039;s Way Feuille d&#039;Ortie 870 mg, 100 G\u00e9lules - Maroc Prix\" \/>\n<meta property=\"og:description\" content=\"Achetez Nature&#039;s Way Feuille d&#039;Ortie 870 mg au Maroc. Ces 100 capsules soutien naturel pour la sant\u00e9 respiratoire la fonction urinaire. Id\u00e9al pour un bien-\u00eatre printanier\" \/>\n<meta property=\"og:url\" content=\"https:\/\/vitablanca.ma\/en\/product\/natures-way-feuille-dortie-870-mg-100-vegetalien-capsules-maroc\/\" \/>\n<meta property=\"og:site_name\" content=\"Vitablanca.ma &ndash; Sant&eacute;, vitalit&eacute; et bien-&ecirc;tre pour tous les Marocains\" \/>\n<meta property=\"article:publisher\" content=\"https:\/\/www.facebook.com\/profile.php?id=61576678196717\" \/>\n<meta property=\"article:modified_time\" content=\"2025-08-30T20:55:50+00:00\" \/>\n<meta property=\"og:image\" content=\"https:\/\/vitablanca.ma\/wp-content\/uploads\/2025\/06\/feuille-dortie-870-mg-100-vegetalien-capsules-natures-way-.jpg\" \/>\n\t<meta property=\"og:image:width\" content=\"680\" \/>\n\t<meta property=\"og:image:height\" content=\"680\" \/>\n\t<meta property=\"og:image:type\" content=\"image\/jpeg\" \/>\n<meta name=\"twitter:card\" content=\"summary_large_image\" \/>\n<meta name=\"twitter:label1\" content=\"Est. reading time\" \/>\n\t<meta name=\"twitter:data1\" content=\"1 minute\" \/>\n<script type=\"application\/ld+json\" class=\"yoast-schema-graph\">{\"@context\":\"https:\\\/\\\/schema.org\",\"@graph\":[{\"@type\":[\"WebPage\",\"ItemPage\"],\"@id\":\"https:\\\/\\\/vitablanca.ma\\\/produit\\\/natures-way-feuille-dortie-870-mg-100-vegetalien-capsules-maroc\\\/\",\"url\":\"https:\\\/\\\/vitablanca.ma\\\/produit\\\/natures-way-feuille-dortie-870-mg-100-vegetalien-capsules-maroc\\\/\",\"name\":\"Nature's Way Feuille d'Ortie 870 mg, 100 G\u00e9lules - Maroc Prix\",\"isPartOf\":{\"@id\":\"https:\\\/\\\/vitablanca.ma\\\/#website\"},\"primaryImageOfPage\":{\"@id\":\"https:\\\/\\\/vitablanca.ma\\\/produit\\\/natures-way-feuille-dortie-870-mg-100-vegetalien-capsules-maroc\\\/#primaryimage\"},\"image\":{\"@id\":\"https:\\\/\\\/vitablanca.ma\\\/produit\\\/natures-way-feuille-dortie-870-mg-100-vegetalien-capsules-maroc\\\/#primaryimage\"},\"thumbnailUrl\":\"https:\\\/\\\/vitablanca.ma\\\/wp-content\\\/uploads\\\/2025\\\/06\\\/feuille-dortie-870-mg-100-vegetalien-capsules-natures-way-.jpg\",\"datePublished\":\"2025-06-27T18:21:38+00:00\",\"dateModified\":\"2025-08-30T20:55:50+00:00\",\"description\":\"Achetez Nature's Way Feuille d'Ortie 870 mg au Maroc. Ces 100 capsules soutien naturel pour la sant\u00e9 respiratoire la fonction urinaire. Id\u00e9al pour un bien-\u00eatre printanier\",\"breadcrumb\":{\"@id\":\"https:\\\/\\\/vitablanca.ma\\\/produit\\\/natures-way-feuille-dortie-870-mg-100-vegetalien-capsules-maroc\\\/#breadcrumb\"},\"inLanguage\":\"en-US\",\"potentialAction\":[{\"@type\":\"ReadAction\",\"target\":[\"https:\\\/\\\/vitablanca.ma\\\/produit\\\/natures-way-feuille-dortie-870-mg-100-vegetalien-capsules-maroc\\\/\"]}]},{\"@type\":\"ImageObject\",\"inLanguage\":\"en-US\",\"@id\":\"https:\\\/\\\/vitablanca.ma\\\/produit\\\/natures-way-feuille-dortie-870-mg-100-vegetalien-capsules-maroc\\\/#primaryimage\",\"url\":\"https:\\\/\\\/vitablanca.ma\\\/wp-content\\\/uploads\\\/2025\\\/06\\\/feuille-dortie-870-mg-100-vegetalien-capsules-natures-way-.jpg\",\"contentUrl\":\"https:\\\/\\\/vitablanca.ma\\\/wp-content\\\/uploads\\\/2025\\\/06\\\/feuille-dortie-870-mg-100-vegetalien-capsules-natures-way-.jpg\",\"width\":680,\"height\":680},{\"@type\":\"BreadcrumbList\",\"@id\":\"https:\\\/\\\/vitablanca.ma\\\/produit\\\/natures-way-feuille-dortie-870-mg-100-vegetalien-capsules-maroc\\\/#breadcrumb\",\"itemListElement\":[{\"@type\":\"ListItem\",\"position\":1,\"name\":\"Home\",\"item\":\"https:\\\/\\\/vitablanca.ma\\\/\"},{\"@type\":\"ListItem\",\"position\":2,\"name\":\"Tous Les Produits\",\"item\":\"https:\\\/\\\/vitablanca.ma\\\/tous-les-produits\\\/\"},{\"@type\":\"ListItem\",\"position\":3,\"name\":\"Nature&#8217;S Way Feuille d&#8217;ortie 870 mg, 100 Vegetalien Capsules\"}]},{\"@type\":\"WebSite\",\"@id\":\"https:\\\/\\\/vitablanca.ma\\\/#website\",\"url\":\"https:\\\/\\\/vitablanca.ma\\\/\",\"name\":\"VitaBlanca.ma | Compl\u00e9ments alimentaires, sant\u00e9 & beaut\u00e9 au Maroc\",\"description\":\"vendre vitamines et compl\u00e9ments premium des USA &amp; Canada, Nouvelle Z\u00e9lande,Maroc (NOW Foods, Solgar, Manuka). Livraison rapide partout au Maroc.\",\"publisher\":{\"@id\":\"https:\\\/\\\/vitablanca.ma\\\/#organization\"},\"alternateName\":\"VitaBlanca.ma\",\"potentialAction\":[{\"@type\":\"SearchAction\",\"target\":{\"@type\":\"EntryPoint\",\"urlTemplate\":\"https:\\\/\\\/vitablanca.ma\\\/?s={search_term_string}\"},\"query-input\":{\"@type\":\"PropertyValueSpecification\",\"valueRequired\":true,\"valueName\":\"search_term_string\"}}],\"inLanguage\":\"en-US\"},{\"@type\":\"Organization\",\"@id\":\"https:\\\/\\\/vitablanca.ma\\\/#organization\",\"name\":\"VitaBlanca\",\"url\":\"https:\\\/\\\/vitablanca.ma\\\/\",\"logo\":{\"@type\":\"ImageObject\",\"inLanguage\":\"en-US\",\"@id\":\"https:\\\/\\\/vitablanca.ma\\\/#\\\/schema\\\/logo\\\/image\\\/\",\"url\":\"https:\\\/\\\/vitablanca.ma\\\/wp-content\\\/uploads\\\/2025\\\/05\\\/cropped-vitablanca.png\",\"contentUrl\":\"https:\\\/\\\/vitablanca.ma\\\/wp-content\\\/uploads\\\/2025\\\/05\\\/cropped-vitablanca.png\",\"width\":360,\"height\":67,\"caption\":\"VitaBlanca\"},\"image\":{\"@id\":\"https:\\\/\\\/vitablanca.ma\\\/#\\\/schema\\\/logo\\\/image\\\/\"},\"sameAs\":[\"https:\\\/\\\/www.facebook.com\\\/profile.php?id=61576678196717\",\"https:\\\/\\\/www.tiktok.com\\\/@vitablanca.ma\",\"https:\\\/\\\/www.instagram.com\\\/vitablanca.ma\\\/\"]}]}<\/script>\n<!-- \/ Yoast SEO plugin. -->","yoast_head_json":{"title":"Nature&#039;s Way Nettle Leaf 870 mg, 100 Capsules - Morocco Price","description":"Buy Nature&#039;s Way Nettle Leaf 870 mg in Morocco. These 100 capsules provide natural support for respiratory health and urinary function. Ideal for springtime well-being.","robots":{"index":"index","follow":"follow","max-snippet":"max-snippet:-1","max-image-preview":"max-image-preview:large","max-video-preview":"max-video-preview:-1"},"canonical":"https:\/\/vitablanca.ma\/en\/product\/natures-way-feuille-dortie-870-mg-100-vegetalien-capsules-maroc\/","og_locale":"en_US","og_type":"article","og_title":"Nature's Way Feuille d'Ortie 870 mg, 100 G\u00e9lules - Maroc Prix","og_description":"Achetez Nature's Way Feuille d'Ortie 870 mg au Maroc. Ces 100 capsules soutien naturel pour la sant\u00e9 respiratoire la fonction urinaire. Id\u00e9al pour un bien-\u00eatre printanier","og_url":"https:\/\/vitablanca.ma\/en\/product\/natures-way-feuille-dortie-870-mg-100-vegetalien-capsules-maroc\/","og_site_name":"Vitablanca.ma &ndash; Sant&eacute;, vitalit&eacute; et bien-&ecirc;tre pour tous les Marocains","article_publisher":"https:\/\/www.facebook.com\/profile.php?id=61576678196717","article_modified_time":"2025-08-30T20:55:50+00:00","og_image":[{"width":680,"height":680,"url":"https:\/\/vitablanca.ma\/wp-content\/uploads\/2025\/06\/feuille-dortie-870-mg-100-vegetalien-capsules-natures-way-.jpg","type":"image\/jpeg"}],"twitter_card":"summary_large_image","twitter_misc":{"Est. reading time":"1 minute"},"schema":{"@context":"https:\/\/schema.org","@graph":[{"@type":["WebPage","ItemPage"],"@id":"https:\/\/vitablanca.ma\/produit\/natures-way-feuille-dortie-870-mg-100-vegetalien-capsules-maroc\/","url":"https:\/\/vitablanca.ma\/produit\/natures-way-feuille-dortie-870-mg-100-vegetalien-capsules-maroc\/","name":"Nature&#039;s Way Nettle Leaf 870 mg, 100 Capsules - Morocco Price","isPartOf":{"@id":"https:\/\/vitablanca.ma\/#website"},"primaryImageOfPage":{"@id":"https:\/\/vitablanca.ma\/produit\/natures-way-feuille-dortie-870-mg-100-vegetalien-capsules-maroc\/#primaryimage"},"image":{"@id":"https:\/\/vitablanca.ma\/produit\/natures-way-feuille-dortie-870-mg-100-vegetalien-capsules-maroc\/#primaryimage"},"thumbnailUrl":"https:\/\/vitablanca.ma\/wp-content\/uploads\/2025\/06\/feuille-dortie-870-mg-100-vegetalien-capsules-natures-way-.jpg","datePublished":"2025-06-27T18:21:38+00:00","dateModified":"2025-08-30T20:55:50+00:00","description":"Buy Nature&#039;s Way Nettle Leaf 870 mg in Morocco. These 100 capsules provide natural support for respiratory health and urinary function. Ideal for springtime well-being.","breadcrumb":{"@id":"https:\/\/vitablanca.ma\/produit\/natures-way-feuille-dortie-870-mg-100-vegetalien-capsules-maroc\/#breadcrumb"},"inLanguage":"en-US","potentialAction":[{"@type":"ReadAction","target":["https:\/\/vitablanca.ma\/produit\/natures-way-feuille-dortie-870-mg-100-vegetalien-capsules-maroc\/"]}]},{"@type":"ImageObject","inLanguage":"en-US","@id":"https:\/\/vitablanca.ma\/produit\/natures-way-feuille-dortie-870-mg-100-vegetalien-capsules-maroc\/#primaryimage","url":"https:\/\/vitablanca.ma\/wp-content\/uploads\/2025\/06\/feuille-dortie-870-mg-100-vegetalien-capsules-natures-way-.jpg","contentUrl":"https:\/\/vitablanca.ma\/wp-content\/uploads\/2025\/06\/feuille-dortie-870-mg-100-vegetalien-capsules-natures-way-.jpg","width":680,"height":680},{"@type":"BreadcrumbList","@id":"https:\/\/vitablanca.ma\/produit\/natures-way-feuille-dortie-870-mg-100-vegetalien-capsules-maroc\/#breadcrumb","itemListElement":[{"@type":"ListItem","position":1,"name":"Home","item":"https:\/\/vitablanca.ma\/"},{"@type":"ListItem","position":2,"name":"Tous Les Produits","item":"https:\/\/vitablanca.ma\/tous-les-produits\/"},{"@type":"ListItem","position":3,"name":"Nature&#8217;S Way Feuille d&#8217;ortie 870 mg, 100 Vegetalien Capsules"}]},{"@type":"WebSite","@id":"https:\/\/vitablanca.ma\/#website","url":"https:\/\/vitablanca.ma\/","name":"VitaBlanca.ma | Food supplements, health &amp; beauty in Morocco","description":"sell premium vitamins and supplements from USA &amp; Canada, New Zealand, Morocco (NOW Foods, Solgar, Manuka). Fast delivery anywhere in Morocco.","publisher":{"@id":"https:\/\/vitablanca.ma\/#organization"},"alternateName":"VitaBlanca.ma","potentialAction":[{"@type":"SearchAction","target":{"@type":"EntryPoint","urlTemplate":"https:\/\/vitablanca.ma\/?s={search_term_string}"},"query-input":{"@type":"PropertyValueSpecification","valueRequired":true,"valueName":"search_term_string"}}],"inLanguage":"en-US"},{"@type":"Organization","@id":"https:\/\/vitablanca.ma\/#organization","name":"VitaBlanca","url":"https:\/\/vitablanca.ma\/","logo":{"@type":"ImageObject","inLanguage":"en-US","@id":"https:\/\/vitablanca.ma\/#\/schema\/logo\/image\/","url":"https:\/\/vitablanca.ma\/wp-content\/uploads\/2025\/05\/cropped-vitablanca.png","contentUrl":"https:\/\/vitablanca.ma\/wp-content\/uploads\/2025\/05\/cropped-vitablanca.png","width":360,"height":67,"caption":"VitaBlanca"},"image":{"@id":"https:\/\/vitablanca.ma\/#\/schema\/logo\/image\/"},"sameAs":["https:\/\/www.facebook.com\/profile.php?id=61576678196717","https:\/\/www.tiktok.com\/@vitablanca.ma","https:\/\/www.instagram.com\/vitablanca.ma\/"]}]}},"jetpack_sharing_enabled":true,"_links":{"self":[{"href":"https:\/\/vitablanca.ma\/en\/wp-json\/wp\/v2\/product\/23113","targetHints":{"allow":["GET"]}}],"collection":[{"href":"https:\/\/vitablanca.ma\/en\/wp-json\/wp\/v2\/product"}],"about":[{"href":"https:\/\/vitablanca.ma\/en\/wp-json\/wp\/v2\/types\/product"}],"wp:featuredmedia":[{"embeddable":true,"href":"https:\/\/vitablanca.ma\/en\/wp-json\/wp\/v2\/media\/23114"}],"wp:attachment":[{"href":"https:\/\/vitablanca.ma\/en\/wp-json\/wp\/v2\/media?parent=23113"}],"wp:term":[{"taxonomy":"product_brand","embeddable":true,"href":"https:\/\/vitablanca.ma\/en\/wp-json\/wp\/v2\/product_brand?post=23113"},{"taxonomy":"product_cat","embeddable":true,"href":"https:\/\/vitablanca.ma\/en\/wp-json\/wp\/v2\/product_cat?post=23113"},{"taxonomy":"product_tag","embeddable":true,"href":"https:\/\/vitablanca.ma\/en\/wp-json\/wp\/v2\/product_tag?post=23113"}],"curies":[{"name":"wp","href":"https:\/\/api.w.org\/{rel}","templated":true}]}}