{"id":23105,"date":"2025-06-27T16:11:12","date_gmt":"2025-06-27T16:11:12","guid":{"rendered":"https:\/\/vitablanca.ma\/?post_type=product&#038;p=23105"},"modified":"2025-09-21T20:33:47","modified_gmt":"2025-09-21T20:33:47","slug":"natural-factors-chrome-gtf-chelate-500-mcg-90-comprimes-maroc","status":"publish","type":"product","link":"https:\/\/vitablanca.ma\/en\/product\/natural-factors-chrome-gtf-chelate-500-mcg-90-comprimes-maroc\/","title":{"rendered":"Natural Factors Chromium GTF Chelate, 500 mcg, 90 Tablets"},"content":{"rendered":"<p><a href=\"https:\/\/www.jumia.ma\/customer\/account\/login\/?tkWl=NA537DV0Q1F47NAFAMZ-31186164&return=%2Fchrome-gtf-chelate-500-mcg-90-comprimes-natural-factors-mpg987571.html\"><\/a><\/p>\n\n\n\n<p>Chrome FTG ch\u00e9lat\u00e9 de Natural Factors est tr\u00e8s assimilable. Bien que l\u2019organisme ne l\u2019utilise qu\u2019en petite quantit\u00e9, le chrome est essentiel aux processus m\u00e9taboliques qui r\u00e9gulent la glyc\u00e9mie, et il aide l\u2019insuline \u00e0 transporter le glucose dans les cellules, o\u00f9 il serv \u00c9quilibre les taux glyc\u00e9miques<\/p>","protected":false},"excerpt":{"rendered":"<ul>\n<li>Balances blood sugar levels<\/li>\n<li>Helps overcome food cravings<\/li>\n<li>May contribute to maintaining a healthy weight<\/li>\n<\/ul>","protected":false},"featured_media":23107,"template":"","meta":{"om_disable_all_campaigns":false},"product_brand":[1808],"product_cat":[18,3366,20,19],"product_tag":[2798,4319],"class_list":{"0":"post-23105","1":"product","2":"type-product","3":"status-publish","4":"has-post-thumbnail","6":"product_brand-natural-factors-maroc-prix","7":"product_cat-beaute-sante","8":"product_cat-complements-alimentaires-au-maroc-vitablanca","9":"product_cat-supplements","10":"product_cat-vitamines-supplements-dietetiques","11":"product_tag-natural-factors","12":"product_tag-natural-factors-maroc","14":"first","15":"instock","16":"taxable","17":"shipping-taxable","18":"purchasable","19":"product-type-simple"},"yoast_head":"<!-- This site is optimized with the Yoast SEO plugin v27.5 - https:\/\/yoast.com\/product\/yoast-seo-wordpress\/ -->\n<title>Natural Factors Chrome GTF 500 mcg, 90 Comprim\u00e9s-Maroc Prix<\/title>\n<meta name=\"description\" content=\"Achetez Natural Factors Chrome GTF Ch\u00e9lat\u00e9 500 mcg au Maroc. Ces 90 comprim\u00e9s soutiennent un m\u00e9tabolisme sain des glucides, aident \u00e0 r\u00e9guler la glyc\u00e9mie\" \/>\n<meta name=\"robots\" content=\"index, follow, max-snippet:-1, max-image-preview:large, max-video-preview:-1\" \/>\n<link rel=\"canonical\" href=\"https:\/\/vitablanca.ma\/en\/product\/natural-factors-chrome-gtf-chelate-500-mcg-90-comprimes-maroc\/\" \/>\n<meta property=\"og:locale\" content=\"en_US\" \/>\n<meta property=\"og:type\" content=\"article\" \/>\n<meta property=\"og:title\" content=\"Natural Factors Chrome GTF 500 mcg, 90 Comprim\u00e9s-Maroc Prix\" \/>\n<meta property=\"og:description\" content=\"Achetez Natural Factors Chrome GTF Ch\u00e9lat\u00e9 500 mcg au Maroc. Ces 90 comprim\u00e9s soutiennent un m\u00e9tabolisme sain des glucides, aident \u00e0 r\u00e9guler la glyc\u00e9mie\" \/>\n<meta property=\"og:url\" content=\"https:\/\/vitablanca.ma\/en\/product\/natural-factors-chrome-gtf-chelate-500-mcg-90-comprimes-maroc\/\" \/>\n<meta property=\"og:site_name\" content=\"Vitablanca.ma &ndash; Sant&eacute;, vitalit&eacute; et bien-&ecirc;tre pour tous les Marocains\" \/>\n<meta property=\"article:publisher\" content=\"https:\/\/www.facebook.com\/profile.php?id=61576678196717\" \/>\n<meta property=\"article:modified_time\" content=\"2025-09-21T20:33:47+00:00\" \/>\n<meta property=\"og:image\" content=\"https:\/\/vitablanca.ma\/wp-content\/uploads\/2025\/06\/chrome-gtf-chelate-500-mcg-90-comprimes-natural-factors-.jpg\" \/>\n\t<meta property=\"og:image:width\" content=\"680\" \/>\n\t<meta property=\"og:image:height\" content=\"680\" \/>\n\t<meta property=\"og:image:type\" content=\"image\/jpeg\" \/>\n<meta name=\"twitter:card\" content=\"summary_large_image\" \/>\n<meta name=\"twitter:label1\" content=\"Est. reading time\" \/>\n\t<meta name=\"twitter:data1\" content=\"1 minute\" \/>\n<script type=\"application\/ld+json\" class=\"yoast-schema-graph\">{\"@context\":\"https:\\\/\\\/schema.org\",\"@graph\":[{\"@type\":[\"WebPage\",\"ItemPage\"],\"@id\":\"https:\\\/\\\/vitablanca.ma\\\/produit\\\/natural-factors-chrome-gtf-chelate-500-mcg-90-comprimes-maroc\\\/\",\"url\":\"https:\\\/\\\/vitablanca.ma\\\/produit\\\/natural-factors-chrome-gtf-chelate-500-mcg-90-comprimes-maroc\\\/\",\"name\":\"Natural Factors Chrome GTF 500 mcg, 90 Comprim\u00e9s-Maroc Prix\",\"isPartOf\":{\"@id\":\"https:\\\/\\\/vitablanca.ma\\\/#website\"},\"primaryImageOfPage\":{\"@id\":\"https:\\\/\\\/vitablanca.ma\\\/produit\\\/natural-factors-chrome-gtf-chelate-500-mcg-90-comprimes-maroc\\\/#primaryimage\"},\"image\":{\"@id\":\"https:\\\/\\\/vitablanca.ma\\\/produit\\\/natural-factors-chrome-gtf-chelate-500-mcg-90-comprimes-maroc\\\/#primaryimage\"},\"thumbnailUrl\":\"https:\\\/\\\/vitablanca.ma\\\/wp-content\\\/uploads\\\/2025\\\/06\\\/chrome-gtf-chelate-500-mcg-90-comprimes-natural-factors-.jpg\",\"datePublished\":\"2025-06-27T16:11:12+00:00\",\"dateModified\":\"2025-09-21T20:33:47+00:00\",\"description\":\"Achetez Natural Factors Chrome GTF Ch\u00e9lat\u00e9 500 mcg au Maroc. Ces 90 comprim\u00e9s soutiennent un m\u00e9tabolisme sain des glucides, aident \u00e0 r\u00e9guler la glyc\u00e9mie\",\"breadcrumb\":{\"@id\":\"https:\\\/\\\/vitablanca.ma\\\/produit\\\/natural-factors-chrome-gtf-chelate-500-mcg-90-comprimes-maroc\\\/#breadcrumb\"},\"inLanguage\":\"en-US\",\"potentialAction\":[{\"@type\":\"ReadAction\",\"target\":[\"https:\\\/\\\/vitablanca.ma\\\/produit\\\/natural-factors-chrome-gtf-chelate-500-mcg-90-comprimes-maroc\\\/\"]}]},{\"@type\":\"ImageObject\",\"inLanguage\":\"en-US\",\"@id\":\"https:\\\/\\\/vitablanca.ma\\\/produit\\\/natural-factors-chrome-gtf-chelate-500-mcg-90-comprimes-maroc\\\/#primaryimage\",\"url\":\"https:\\\/\\\/vitablanca.ma\\\/wp-content\\\/uploads\\\/2025\\\/06\\\/chrome-gtf-chelate-500-mcg-90-comprimes-natural-factors-.jpg\",\"contentUrl\":\"https:\\\/\\\/vitablanca.ma\\\/wp-content\\\/uploads\\\/2025\\\/06\\\/chrome-gtf-chelate-500-mcg-90-comprimes-natural-factors-.jpg\",\"width\":680,\"height\":680},{\"@type\":\"BreadcrumbList\",\"@id\":\"https:\\\/\\\/vitablanca.ma\\\/produit\\\/natural-factors-chrome-gtf-chelate-500-mcg-90-comprimes-maroc\\\/#breadcrumb\",\"itemListElement\":[{\"@type\":\"ListItem\",\"position\":1,\"name\":\"Home\",\"item\":\"https:\\\/\\\/vitablanca.ma\\\/\"},{\"@type\":\"ListItem\",\"position\":2,\"name\":\"Tous Les Produits\",\"item\":\"https:\\\/\\\/vitablanca.ma\\\/tous-les-produits\\\/\"},{\"@type\":\"ListItem\",\"position\":3,\"name\":\"Natural Factors Chrome GTF ch\u00e9late, 500 mcg, 90 comprim\u00e9s\"}]},{\"@type\":\"WebSite\",\"@id\":\"https:\\\/\\\/vitablanca.ma\\\/#website\",\"url\":\"https:\\\/\\\/vitablanca.ma\\\/\",\"name\":\"VitaBlanca.ma | Compl\u00e9ments alimentaires, sant\u00e9 & beaut\u00e9 au Maroc\",\"description\":\"vendre vitamines et compl\u00e9ments premium des USA &amp; Canada, Nouvelle Z\u00e9lande,Maroc (NOW Foods, Solgar, Manuka). Livraison rapide partout au Maroc.\",\"publisher\":{\"@id\":\"https:\\\/\\\/vitablanca.ma\\\/#organization\"},\"alternateName\":\"VitaBlanca.ma\",\"potentialAction\":[{\"@type\":\"SearchAction\",\"target\":{\"@type\":\"EntryPoint\",\"urlTemplate\":\"https:\\\/\\\/vitablanca.ma\\\/?s={search_term_string}\"},\"query-input\":{\"@type\":\"PropertyValueSpecification\",\"valueRequired\":true,\"valueName\":\"search_term_string\"}}],\"inLanguage\":\"en-US\"},{\"@type\":\"Organization\",\"@id\":\"https:\\\/\\\/vitablanca.ma\\\/#organization\",\"name\":\"VitaBlanca\",\"url\":\"https:\\\/\\\/vitablanca.ma\\\/\",\"logo\":{\"@type\":\"ImageObject\",\"inLanguage\":\"en-US\",\"@id\":\"https:\\\/\\\/vitablanca.ma\\\/#\\\/schema\\\/logo\\\/image\\\/\",\"url\":\"https:\\\/\\\/vitablanca.ma\\\/wp-content\\\/uploads\\\/2025\\\/05\\\/cropped-vitablanca.png\",\"contentUrl\":\"https:\\\/\\\/vitablanca.ma\\\/wp-content\\\/uploads\\\/2025\\\/05\\\/cropped-vitablanca.png\",\"width\":360,\"height\":67,\"caption\":\"VitaBlanca\"},\"image\":{\"@id\":\"https:\\\/\\\/vitablanca.ma\\\/#\\\/schema\\\/logo\\\/image\\\/\"},\"sameAs\":[\"https:\\\/\\\/www.facebook.com\\\/profile.php?id=61576678196717\",\"https:\\\/\\\/www.tiktok.com\\\/@vitablanca.ma\",\"https:\\\/\\\/www.instagram.com\\\/vitablanca.ma\\\/\"]}]}<\/script>\n<!-- \/ Yoast SEO plugin. -->","yoast_head_json":{"title":"Natural Factors Chromium GTF 500 mcg, 90 Tablets - Morocco Price","description":"Buy Natural Factors Chromium GTF Chelated 500 mcg in Morocco. These 90 tablets support healthy carbohydrate metabolism and help regulate blood sugar.","robots":{"index":"index","follow":"follow","max-snippet":"max-snippet:-1","max-image-preview":"max-image-preview:large","max-video-preview":"max-video-preview:-1"},"canonical":"https:\/\/vitablanca.ma\/en\/product\/natural-factors-chrome-gtf-chelate-500-mcg-90-comprimes-maroc\/","og_locale":"en_US","og_type":"article","og_title":"Natural Factors Chrome GTF 500 mcg, 90 Comprim\u00e9s-Maroc Prix","og_description":"Achetez Natural Factors Chrome GTF Ch\u00e9lat\u00e9 500 mcg au Maroc. Ces 90 comprim\u00e9s soutiennent un m\u00e9tabolisme sain des glucides, aident \u00e0 r\u00e9guler la glyc\u00e9mie","og_url":"https:\/\/vitablanca.ma\/en\/product\/natural-factors-chrome-gtf-chelate-500-mcg-90-comprimes-maroc\/","og_site_name":"Vitablanca.ma &ndash; Sant&eacute;, vitalit&eacute; et bien-&ecirc;tre pour tous les Marocains","article_publisher":"https:\/\/www.facebook.com\/profile.php?id=61576678196717","article_modified_time":"2025-09-21T20:33:47+00:00","og_image":[{"width":680,"height":680,"url":"https:\/\/vitablanca.ma\/wp-content\/uploads\/2025\/06\/chrome-gtf-chelate-500-mcg-90-comprimes-natural-factors-.jpg","type":"image\/jpeg"}],"twitter_card":"summary_large_image","twitter_misc":{"Est. reading time":"1 minute"},"schema":{"@context":"https:\/\/schema.org","@graph":[{"@type":["WebPage","ItemPage"],"@id":"https:\/\/vitablanca.ma\/produit\/natural-factors-chrome-gtf-chelate-500-mcg-90-comprimes-maroc\/","url":"https:\/\/vitablanca.ma\/produit\/natural-factors-chrome-gtf-chelate-500-mcg-90-comprimes-maroc\/","name":"Natural Factors Chromium GTF 500 mcg, 90 Tablets - Morocco Price","isPartOf":{"@id":"https:\/\/vitablanca.ma\/#website"},"primaryImageOfPage":{"@id":"https:\/\/vitablanca.ma\/produit\/natural-factors-chrome-gtf-chelate-500-mcg-90-comprimes-maroc\/#primaryimage"},"image":{"@id":"https:\/\/vitablanca.ma\/produit\/natural-factors-chrome-gtf-chelate-500-mcg-90-comprimes-maroc\/#primaryimage"},"thumbnailUrl":"https:\/\/vitablanca.ma\/wp-content\/uploads\/2025\/06\/chrome-gtf-chelate-500-mcg-90-comprimes-natural-factors-.jpg","datePublished":"2025-06-27T16:11:12+00:00","dateModified":"2025-09-21T20:33:47+00:00","description":"Buy Natural Factors Chromium GTF Chelated 500 mcg in Morocco. These 90 tablets support healthy carbohydrate metabolism and help regulate blood sugar.","breadcrumb":{"@id":"https:\/\/vitablanca.ma\/produit\/natural-factors-chrome-gtf-chelate-500-mcg-90-comprimes-maroc\/#breadcrumb"},"inLanguage":"en-US","potentialAction":[{"@type":"ReadAction","target":["https:\/\/vitablanca.ma\/produit\/natural-factors-chrome-gtf-chelate-500-mcg-90-comprimes-maroc\/"]}]},{"@type":"ImageObject","inLanguage":"en-US","@id":"https:\/\/vitablanca.ma\/produit\/natural-factors-chrome-gtf-chelate-500-mcg-90-comprimes-maroc\/#primaryimage","url":"https:\/\/vitablanca.ma\/wp-content\/uploads\/2025\/06\/chrome-gtf-chelate-500-mcg-90-comprimes-natural-factors-.jpg","contentUrl":"https:\/\/vitablanca.ma\/wp-content\/uploads\/2025\/06\/chrome-gtf-chelate-500-mcg-90-comprimes-natural-factors-.jpg","width":680,"height":680},{"@type":"BreadcrumbList","@id":"https:\/\/vitablanca.ma\/produit\/natural-factors-chrome-gtf-chelate-500-mcg-90-comprimes-maroc\/#breadcrumb","itemListElement":[{"@type":"ListItem","position":1,"name":"Home","item":"https:\/\/vitablanca.ma\/"},{"@type":"ListItem","position":2,"name":"Tous Les Produits","item":"https:\/\/vitablanca.ma\/tous-les-produits\/"},{"@type":"ListItem","position":3,"name":"Natural Factors Chrome GTF ch\u00e9late, 500 mcg, 90 comprim\u00e9s"}]},{"@type":"WebSite","@id":"https:\/\/vitablanca.ma\/#website","url":"https:\/\/vitablanca.ma\/","name":"VitaBlanca.ma | Food supplements, health &amp; beauty in Morocco","description":"sell premium vitamins and supplements from USA &amp; Canada, New Zealand, Morocco (NOW Foods, Solgar, Manuka). Fast delivery anywhere in Morocco.","publisher":{"@id":"https:\/\/vitablanca.ma\/#organization"},"alternateName":"VitaBlanca.ma","potentialAction":[{"@type":"SearchAction","target":{"@type":"EntryPoint","urlTemplate":"https:\/\/vitablanca.ma\/?s={search_term_string}"},"query-input":{"@type":"PropertyValueSpecification","valueRequired":true,"valueName":"search_term_string"}}],"inLanguage":"en-US"},{"@type":"Organization","@id":"https:\/\/vitablanca.ma\/#organization","name":"VitaBlanca","url":"https:\/\/vitablanca.ma\/","logo":{"@type":"ImageObject","inLanguage":"en-US","@id":"https:\/\/vitablanca.ma\/#\/schema\/logo\/image\/","url":"https:\/\/vitablanca.ma\/wp-content\/uploads\/2025\/05\/cropped-vitablanca.png","contentUrl":"https:\/\/vitablanca.ma\/wp-content\/uploads\/2025\/05\/cropped-vitablanca.png","width":360,"height":67,"caption":"VitaBlanca"},"image":{"@id":"https:\/\/vitablanca.ma\/#\/schema\/logo\/image\/"},"sameAs":["https:\/\/www.facebook.com\/profile.php?id=61576678196717","https:\/\/www.tiktok.com\/@vitablanca.ma","https:\/\/www.instagram.com\/vitablanca.ma\/"]}]}},"jetpack_sharing_enabled":true,"_links":{"self":[{"href":"https:\/\/vitablanca.ma\/en\/wp-json\/wp\/v2\/product\/23105","targetHints":{"allow":["GET"]}}],"collection":[{"href":"https:\/\/vitablanca.ma\/en\/wp-json\/wp\/v2\/product"}],"about":[{"href":"https:\/\/vitablanca.ma\/en\/wp-json\/wp\/v2\/types\/product"}],"wp:featuredmedia":[{"embeddable":true,"href":"https:\/\/vitablanca.ma\/en\/wp-json\/wp\/v2\/media\/23107"}],"wp:attachment":[{"href":"https:\/\/vitablanca.ma\/en\/wp-json\/wp\/v2\/media?parent=23105"}],"wp:term":[{"taxonomy":"product_brand","embeddable":true,"href":"https:\/\/vitablanca.ma\/en\/wp-json\/wp\/v2\/product_brand?post=23105"},{"taxonomy":"product_cat","embeddable":true,"href":"https:\/\/vitablanca.ma\/en\/wp-json\/wp\/v2\/product_cat?post=23105"},{"taxonomy":"product_tag","embeddable":true,"href":"https:\/\/vitablanca.ma\/en\/wp-json\/wp\/v2\/product_tag?post=23105"}],"curies":[{"name":"wp","href":"https:\/\/api.w.org\/{rel}","templated":true}]}}