{"id":23065,"date":"2025-06-26T14:02:20","date_gmt":"2025-06-26T14:02:20","guid":{"rendered":"https:\/\/vitablanca.ma\/?post_type=product&#038;p=23065"},"modified":"2025-08-30T20:55:57","modified_gmt":"2025-08-30T20:55:57","slug":"solaray-ortie-cultivee-biologiquement-450-mg-100-capsules-vegetales_maroc","status":"publish","type":"product","link":"https:\/\/vitablanca.ma\/en\/product\/solaray-ortie-cultivee-biologiquement-450-mg-100-capsules-vegetales_maroc\/","title":{"rendered":"Solaray Nettle Organically Grown Nettle, 450 mg, 100 Capsules"},"content":{"rendered":"<p>L\u2019ortie a une longue histoire d\u2019utilisation comme herbe m\u00e9dicinale et est encore utilis\u00e9e en m\u00e9decine traditionnelle pour un large \u00e9ventail de troubles\u00a0; des preuves cliniques soutenant son efficacit\u00e9 . utilis\u00e9 comme diur\u00e9tique et comme traitement \u00e0 base de plantes pour l\u2019hyperplasie b\u00e9nigne de la prostate (hypertrophie de la prostate ) et d\u2019autres troubles urinaires \u00a0utilis\u00e9 aussi pour traiter le rhume des foins , le diab\u00e8te , la goutte et l\u2019 arthrite , utilise pourles articulations arthritiques dans un processus connu sous le nom deurtification, qui est cens\u00e9e stimuler la circulation sanguine. \u00e9galement \u00e9t\u00e9 d\u00e9velopp\u00e9es pour les douleurs articulaires et diverses affections cutan\u00e9es, notamment l\u2019 ecz\u00e9ma et les pellicules .<\/p>","protected":false},"excerpt":{"rendered":"<ul>\n<li>GMO-free<\/li>\n<li>100% vegan<\/li>\n<li>Food supplement<\/li>\n<li>Whole leaf<\/li>\n<li>Urtica Dioica<\/li>\n<li>450 mg per capsule<\/li>\n<li>Lab Verified<\/li>\n<li>Nettle has been used as a source of bast fibers for textiles<\/li>\n<li>used as a diuretic and as an herbal treatment for benign prostatic hyperplasia (enlarged prostate) and other urinary disorders<\/li>\n<\/ul>","protected":false},"featured_media":24867,"template":"","meta":{"om_disable_all_campaigns":false},"product_brand":[673],"product_cat":[18,3366,104,19],"product_tag":[],"class_list":{"0":"post-23065","1":"product","2":"type-product","3":"status-publish","4":"has-post-thumbnail","6":"product_brand-solaray-maroc-prix","7":"product_cat-beaute-sante","8":"product_cat-complements-alimentaires-au-maroc-vitablanca","9":"product_cat-supplements-a-base-de-plantes","10":"product_cat-vitamines-supplements-dietetiques","12":"first","13":"instock","14":"taxable","15":"shipping-taxable","16":"purchasable","17":"product-type-simple"},"yoast_head":"<!-- This site is optimized with the Yoast SEO plugin v27.5 - https:\/\/yoast.com\/product\/yoast-seo-wordpress\/ -->\n<title>Solaray Nettle Ortie cultiv\u00e9e biologiquement, 450 mg - Maroc Prix<\/title>\n<meta name=\"description\" content=\"Profitez l\u2019ortie bio avec Solaray Nettle Ortie cultiv\u00e9e au Maroc. 450 mg par capsule pour soutenir les articulations, la peau et l\u2019\u00e9limination naturelle.\" \/>\n<meta name=\"robots\" content=\"index, follow, max-snippet:-1, max-image-preview:large, max-video-preview:-1\" \/>\n<link rel=\"canonical\" href=\"https:\/\/vitablanca.ma\/en\/product\/solaray-ortie-cultivee-biologiquement-450-mg-100-capsules-vegetales_maroc\/\" \/>\n<meta property=\"og:locale\" content=\"en_US\" \/>\n<meta property=\"og:type\" content=\"article\" \/>\n<meta property=\"og:title\" content=\"Solaray Nettle Ortie cultiv\u00e9e biologiquement, 450 mg - Maroc Prix\" \/>\n<meta property=\"og:description\" content=\"Profitez l\u2019ortie bio avec Solaray Nettle Ortie cultiv\u00e9e au Maroc. 450 mg par capsule pour soutenir les articulations, la peau et l\u2019\u00e9limination naturelle.\" \/>\n<meta property=\"og:url\" content=\"https:\/\/vitablanca.ma\/en\/product\/solaray-ortie-cultivee-biologiquement-450-mg-100-capsules-vegetales_maroc\/\" \/>\n<meta property=\"og:site_name\" content=\"Vitablanca.ma &ndash; Sant&eacute;, vitalit&eacute; et bien-&ecirc;tre pour tous les Marocains\" \/>\n<meta property=\"article:publisher\" content=\"https:\/\/www.facebook.com\/profile.php?id=61576678196717\" \/>\n<meta property=\"article:modified_time\" content=\"2025-08-30T20:55:57+00:00\" \/>\n<meta property=\"og:image\" content=\"https:\/\/vitablanca.ma\/wp-content\/uploads\/2025\/06\/solaray-nettle-100-vegcaps-450-mg-per-capsule.webp\" \/>\n\t<meta property=\"og:image:width\" content=\"680\" \/>\n\t<meta property=\"og:image:height\" content=\"680\" \/>\n\t<meta property=\"og:image:type\" content=\"image\/webp\" \/>\n<meta name=\"twitter:card\" content=\"summary_large_image\" \/>\n<meta name=\"twitter:label1\" content=\"Est. reading time\" \/>\n\t<meta name=\"twitter:data1\" content=\"1 minute\" \/>\n<script type=\"application\/ld+json\" class=\"yoast-schema-graph\">{\"@context\":\"https:\\\/\\\/schema.org\",\"@graph\":[{\"@type\":[\"WebPage\",\"ItemPage\"],\"@id\":\"https:\\\/\\\/vitablanca.ma\\\/produit\\\/solaray-ortie-cultivee-biologiquement-450-mg-100-capsules-vegetales_maroc\\\/\",\"url\":\"https:\\\/\\\/vitablanca.ma\\\/produit\\\/solaray-ortie-cultivee-biologiquement-450-mg-100-capsules-vegetales_maroc\\\/\",\"name\":\"Solaray Nettle Ortie cultiv\u00e9e biologiquement, 450 mg - Maroc Prix\",\"isPartOf\":{\"@id\":\"https:\\\/\\\/vitablanca.ma\\\/#website\"},\"primaryImageOfPage\":{\"@id\":\"https:\\\/\\\/vitablanca.ma\\\/produit\\\/solaray-ortie-cultivee-biologiquement-450-mg-100-capsules-vegetales_maroc\\\/#primaryimage\"},\"image\":{\"@id\":\"https:\\\/\\\/vitablanca.ma\\\/produit\\\/solaray-ortie-cultivee-biologiquement-450-mg-100-capsules-vegetales_maroc\\\/#primaryimage\"},\"thumbnailUrl\":\"https:\\\/\\\/vitablanca.ma\\\/wp-content\\\/uploads\\\/2025\\\/06\\\/solaray-nettle-100-vegcaps-450-mg-per-capsule.webp\",\"datePublished\":\"2025-06-26T14:02:20+00:00\",\"dateModified\":\"2025-08-30T20:55:57+00:00\",\"description\":\"Profitez l\u2019ortie bio avec Solaray Nettle Ortie cultiv\u00e9e au Maroc. 450 mg par capsule pour soutenir les articulations, la peau et l\u2019\u00e9limination naturelle.\",\"breadcrumb\":{\"@id\":\"https:\\\/\\\/vitablanca.ma\\\/produit\\\/solaray-ortie-cultivee-biologiquement-450-mg-100-capsules-vegetales_maroc\\\/#breadcrumb\"},\"inLanguage\":\"en-US\",\"potentialAction\":[{\"@type\":\"ReadAction\",\"target\":[\"https:\\\/\\\/vitablanca.ma\\\/produit\\\/solaray-ortie-cultivee-biologiquement-450-mg-100-capsules-vegetales_maroc\\\/\"]}]},{\"@type\":\"ImageObject\",\"inLanguage\":\"en-US\",\"@id\":\"https:\\\/\\\/vitablanca.ma\\\/produit\\\/solaray-ortie-cultivee-biologiquement-450-mg-100-capsules-vegetales_maroc\\\/#primaryimage\",\"url\":\"https:\\\/\\\/vitablanca.ma\\\/wp-content\\\/uploads\\\/2025\\\/06\\\/solaray-nettle-100-vegcaps-450-mg-per-capsule.webp\",\"contentUrl\":\"https:\\\/\\\/vitablanca.ma\\\/wp-content\\\/uploads\\\/2025\\\/06\\\/solaray-nettle-100-vegcaps-450-mg-per-capsule.webp\",\"width\":680,\"height\":680},{\"@type\":\"BreadcrumbList\",\"@id\":\"https:\\\/\\\/vitablanca.ma\\\/produit\\\/solaray-ortie-cultivee-biologiquement-450-mg-100-capsules-vegetales_maroc\\\/#breadcrumb\",\"itemListElement\":[{\"@type\":\"ListItem\",\"position\":1,\"name\":\"Home\",\"item\":\"https:\\\/\\\/vitablanca.ma\\\/\"},{\"@type\":\"ListItem\",\"position\":2,\"name\":\"Tous Les Produits\",\"item\":\"https:\\\/\\\/vitablanca.ma\\\/tous-les-produits\\\/\"},{\"@type\":\"ListItem\",\"position\":3,\"name\":\"Solaray Nettle Ortie cultiv\u00e9e biologiquement, 450 mg, 100 capsules\"}]},{\"@type\":\"WebSite\",\"@id\":\"https:\\\/\\\/vitablanca.ma\\\/#website\",\"url\":\"https:\\\/\\\/vitablanca.ma\\\/\",\"name\":\"VitaBlanca.ma | Compl\u00e9ments alimentaires, sant\u00e9 & beaut\u00e9 au Maroc\",\"description\":\"vendre vitamines et compl\u00e9ments premium des USA &amp; Canada, Nouvelle Z\u00e9lande,Maroc (NOW Foods, Solgar, Manuka). Livraison rapide partout au Maroc.\",\"publisher\":{\"@id\":\"https:\\\/\\\/vitablanca.ma\\\/#organization\"},\"alternateName\":\"VitaBlanca.ma\",\"potentialAction\":[{\"@type\":\"SearchAction\",\"target\":{\"@type\":\"EntryPoint\",\"urlTemplate\":\"https:\\\/\\\/vitablanca.ma\\\/?s={search_term_string}\"},\"query-input\":{\"@type\":\"PropertyValueSpecification\",\"valueRequired\":true,\"valueName\":\"search_term_string\"}}],\"inLanguage\":\"en-US\"},{\"@type\":\"Organization\",\"@id\":\"https:\\\/\\\/vitablanca.ma\\\/#organization\",\"name\":\"VitaBlanca\",\"url\":\"https:\\\/\\\/vitablanca.ma\\\/\",\"logo\":{\"@type\":\"ImageObject\",\"inLanguage\":\"en-US\",\"@id\":\"https:\\\/\\\/vitablanca.ma\\\/#\\\/schema\\\/logo\\\/image\\\/\",\"url\":\"https:\\\/\\\/vitablanca.ma\\\/wp-content\\\/uploads\\\/2025\\\/05\\\/cropped-vitablanca.png\",\"contentUrl\":\"https:\\\/\\\/vitablanca.ma\\\/wp-content\\\/uploads\\\/2025\\\/05\\\/cropped-vitablanca.png\",\"width\":360,\"height\":67,\"caption\":\"VitaBlanca\"},\"image\":{\"@id\":\"https:\\\/\\\/vitablanca.ma\\\/#\\\/schema\\\/logo\\\/image\\\/\"},\"sameAs\":[\"https:\\\/\\\/www.facebook.com\\\/profile.php?id=61576678196717\",\"https:\\\/\\\/www.tiktok.com\\\/@vitablanca.ma\",\"https:\\\/\\\/www.instagram.com\\\/vitablanca.ma\\\/\"]}]}<\/script>\n<!-- \/ Yoast SEO plugin. -->","yoast_head_json":{"title":"Solaray Nettle Organically Grown Nettle, 450 mg - Morocco Price","description":"Enjoy organic nettle with Solaray Nettle. Nettle grown in Morocco. 450 mg per capsule to support joints, skin, and natural elimination.","robots":{"index":"index","follow":"follow","max-snippet":"max-snippet:-1","max-image-preview":"max-image-preview:large","max-video-preview":"max-video-preview:-1"},"canonical":"https:\/\/vitablanca.ma\/en\/product\/solaray-ortie-cultivee-biologiquement-450-mg-100-capsules-vegetales_maroc\/","og_locale":"en_US","og_type":"article","og_title":"Solaray Nettle Ortie cultiv\u00e9e biologiquement, 450 mg - Maroc Prix","og_description":"Profitez l\u2019ortie bio avec Solaray Nettle Ortie cultiv\u00e9e au Maroc. 450 mg par capsule pour soutenir les articulations, la peau et l\u2019\u00e9limination naturelle.","og_url":"https:\/\/vitablanca.ma\/en\/product\/solaray-ortie-cultivee-biologiquement-450-mg-100-capsules-vegetales_maroc\/","og_site_name":"Vitablanca.ma &ndash; Sant&eacute;, vitalit&eacute; et bien-&ecirc;tre pour tous les Marocains","article_publisher":"https:\/\/www.facebook.com\/profile.php?id=61576678196717","article_modified_time":"2025-08-30T20:55:57+00:00","og_image":[{"width":680,"height":680,"url":"https:\/\/vitablanca.ma\/wp-content\/uploads\/2025\/06\/solaray-nettle-100-vegcaps-450-mg-per-capsule.webp","type":"image\/webp"}],"twitter_card":"summary_large_image","twitter_misc":{"Est. reading time":"1 minute"},"schema":{"@context":"https:\/\/schema.org","@graph":[{"@type":["WebPage","ItemPage"],"@id":"https:\/\/vitablanca.ma\/produit\/solaray-ortie-cultivee-biologiquement-450-mg-100-capsules-vegetales_maroc\/","url":"https:\/\/vitablanca.ma\/produit\/solaray-ortie-cultivee-biologiquement-450-mg-100-capsules-vegetales_maroc\/","name":"Solaray Nettle Organically Grown Nettle, 450 mg - Morocco Price","isPartOf":{"@id":"https:\/\/vitablanca.ma\/#website"},"primaryImageOfPage":{"@id":"https:\/\/vitablanca.ma\/produit\/solaray-ortie-cultivee-biologiquement-450-mg-100-capsules-vegetales_maroc\/#primaryimage"},"image":{"@id":"https:\/\/vitablanca.ma\/produit\/solaray-ortie-cultivee-biologiquement-450-mg-100-capsules-vegetales_maroc\/#primaryimage"},"thumbnailUrl":"https:\/\/vitablanca.ma\/wp-content\/uploads\/2025\/06\/solaray-nettle-100-vegcaps-450-mg-per-capsule.webp","datePublished":"2025-06-26T14:02:20+00:00","dateModified":"2025-08-30T20:55:57+00:00","description":"Enjoy organic nettle with Solaray Nettle. Nettle grown in Morocco. 450 mg per capsule to support joints, skin, and natural elimination.","breadcrumb":{"@id":"https:\/\/vitablanca.ma\/produit\/solaray-ortie-cultivee-biologiquement-450-mg-100-capsules-vegetales_maroc\/#breadcrumb"},"inLanguage":"en-US","potentialAction":[{"@type":"ReadAction","target":["https:\/\/vitablanca.ma\/produit\/solaray-ortie-cultivee-biologiquement-450-mg-100-capsules-vegetales_maroc\/"]}]},{"@type":"ImageObject","inLanguage":"en-US","@id":"https:\/\/vitablanca.ma\/produit\/solaray-ortie-cultivee-biologiquement-450-mg-100-capsules-vegetales_maroc\/#primaryimage","url":"https:\/\/vitablanca.ma\/wp-content\/uploads\/2025\/06\/solaray-nettle-100-vegcaps-450-mg-per-capsule.webp","contentUrl":"https:\/\/vitablanca.ma\/wp-content\/uploads\/2025\/06\/solaray-nettle-100-vegcaps-450-mg-per-capsule.webp","width":680,"height":680},{"@type":"BreadcrumbList","@id":"https:\/\/vitablanca.ma\/produit\/solaray-ortie-cultivee-biologiquement-450-mg-100-capsules-vegetales_maroc\/#breadcrumb","itemListElement":[{"@type":"ListItem","position":1,"name":"Home","item":"https:\/\/vitablanca.ma\/"},{"@type":"ListItem","position":2,"name":"Tous Les Produits","item":"https:\/\/vitablanca.ma\/tous-les-produits\/"},{"@type":"ListItem","position":3,"name":"Solaray Nettle Ortie cultiv\u00e9e biologiquement, 450 mg, 100 capsules"}]},{"@type":"WebSite","@id":"https:\/\/vitablanca.ma\/#website","url":"https:\/\/vitablanca.ma\/","name":"VitaBlanca.ma | Food supplements, health &amp; beauty in Morocco","description":"sell premium vitamins and supplements from USA &amp; Canada, New Zealand, Morocco (NOW Foods, Solgar, Manuka). Fast delivery anywhere in Morocco.","publisher":{"@id":"https:\/\/vitablanca.ma\/#organization"},"alternateName":"VitaBlanca.ma","potentialAction":[{"@type":"SearchAction","target":{"@type":"EntryPoint","urlTemplate":"https:\/\/vitablanca.ma\/?s={search_term_string}"},"query-input":{"@type":"PropertyValueSpecification","valueRequired":true,"valueName":"search_term_string"}}],"inLanguage":"en-US"},{"@type":"Organization","@id":"https:\/\/vitablanca.ma\/#organization","name":"VitaBlanca","url":"https:\/\/vitablanca.ma\/","logo":{"@type":"ImageObject","inLanguage":"en-US","@id":"https:\/\/vitablanca.ma\/#\/schema\/logo\/image\/","url":"https:\/\/vitablanca.ma\/wp-content\/uploads\/2025\/05\/cropped-vitablanca.png","contentUrl":"https:\/\/vitablanca.ma\/wp-content\/uploads\/2025\/05\/cropped-vitablanca.png","width":360,"height":67,"caption":"VitaBlanca"},"image":{"@id":"https:\/\/vitablanca.ma\/#\/schema\/logo\/image\/"},"sameAs":["https:\/\/www.facebook.com\/profile.php?id=61576678196717","https:\/\/www.tiktok.com\/@vitablanca.ma","https:\/\/www.instagram.com\/vitablanca.ma\/"]}]}},"jetpack_sharing_enabled":true,"_links":{"self":[{"href":"https:\/\/vitablanca.ma\/en\/wp-json\/wp\/v2\/product\/23065","targetHints":{"allow":["GET"]}}],"collection":[{"href":"https:\/\/vitablanca.ma\/en\/wp-json\/wp\/v2\/product"}],"about":[{"href":"https:\/\/vitablanca.ma\/en\/wp-json\/wp\/v2\/types\/product"}],"wp:featuredmedia":[{"embeddable":true,"href":"https:\/\/vitablanca.ma\/en\/wp-json\/wp\/v2\/media\/24867"}],"wp:attachment":[{"href":"https:\/\/vitablanca.ma\/en\/wp-json\/wp\/v2\/media?parent=23065"}],"wp:term":[{"taxonomy":"product_brand","embeddable":true,"href":"https:\/\/vitablanca.ma\/en\/wp-json\/wp\/v2\/product_brand?post=23065"},{"taxonomy":"product_cat","embeddable":true,"href":"https:\/\/vitablanca.ma\/en\/wp-json\/wp\/v2\/product_cat?post=23065"},{"taxonomy":"product_tag","embeddable":true,"href":"https:\/\/vitablanca.ma\/en\/wp-json\/wp\/v2\/product_tag?post=23065"}],"curies":[{"name":"wp","href":"https:\/\/api.w.org\/{rel}","templated":true}]}}