{"id":23036,"date":"2025-06-25T18:10:05","date_gmt":"2025-06-25T18:10:05","guid":{"rendered":"https:\/\/vitablanca.ma\/?post_type=product&#038;p=23036"},"modified":"2025-10-08T13:58:56","modified_gmt":"2025-10-08T13:58:56","slug":"solaray-sawpalmettopalmier-de-floride-de-culture-bio-555-mg-100-capsules-vegetales_maroc","status":"publish","type":"product","link":"https:\/\/vitablanca.ma\/en\/product\/solaray-sawpalmettopalmier-de-floride-de-culture-bio-555-mg-100-capsules-vegetales_maroc\/","title":{"rendered":"Solaray SAW PALMETTO Palmier de Floride de culture bio, 555 mg, 100 capsules v\u00e9g\u00e9tales"},"content":{"rendered":"<p><strong>Solaray Saw Palmetto<\/strong> est un compl\u00e9ment alimentaire naturel \u00e0 base de <strong>baies de palmier de Floride (Serenoa repens)<\/strong>, cultiv\u00e9es selon les normes de l\u2019agriculture biologique. Reconnue pour ses <strong>bienfaits sur la sant\u00e9 de la prostate et l\u2019\u00e9quilibre hormonal masculin<\/strong>, cette formule de <strong>Solaray<\/strong> offre un soutien naturel, s\u00fbr et efficace.<\/p>\n\n\n\n<p> <strong>Bienfaits principaux :<\/strong><\/p>\n\n\n\n<ul class=\"wp-block-list\">\n<li> <strong>Soutien de la prostate<\/strong> : aide \u00e0 maintenir une prostate en bonne sant\u00e9 et favorise le confort urinaire.<\/li>\n\n\n\n<li> <strong>\u00c9quilibre hormonal<\/strong> : contribue \u00e0 r\u00e9guler naturellement la production de testost\u00e9rone.<\/li>\n\n\n\n<li> <strong>Origine biologique<\/strong> : fabriqu\u00e9 \u00e0 partir de baies de Saw Palmetto issues de cultures certifi\u00e9es bio.<\/li>\n\n\n\n<li> <strong>Sans additifs nocifs<\/strong> : sans OGM, sans gluten, ni conservateurs artificiels.<\/li>\n\n\n\n<li> <strong>Vegetarian formula<\/strong> : g\u00e9lules 100 % v\u00e9g\u00e9tales pour une meilleure assimilation.<\/li>\n<\/ul>\n\n\n\n<p>Ce compl\u00e9ment est particuli\u00e8rement recommand\u00e9 pour les hommes de plus de 40 ans souhaitant <strong>pr\u00e9server la sant\u00e9 de leur syst\u00e8me urinaire et reproducteur<\/strong>, tout en <strong>soutenant la vitalit\u00e9 et l\u2019\u00e9nergie naturelle<\/strong>.<\/p>","protected":false},"excerpt":{"rendered":"<ul>\n<li>GMO-free<\/li>\n<li>100% vegan<\/li>\n<li>Food supplement<\/li>\n<li>Serenoa Repens<\/li>\n<li>Guaranteed power<\/li>\n<li>Whole root<\/li>\n<li>Lab Verified<\/li>\n<\/ul>","protected":false},"featured_media":26097,"template":"","meta":{"om_disable_all_campaigns":false},"product_brand":[673],"product_cat":[18,3366,293,104,19],"product_tag":[737,4351,1065,4352,4355,266,2994,4348,4353,1847,4350,4349,2993,4356,914,4354],"class_list":{"0":"post-23036","1":"product","2":"type-product","3":"status-publish","4":"has-post-thumbnail","6":"product_brand-solaray-maroc-prix","7":"product_cat-beaute-sante","8":"product_cat-complements-alimentaires-au-maroc-vitablanca","9":"product_cat-saw-palmetto","10":"product_cat-supplements-a-base-de-plantes","11":"product_cat-vitamines-supplements-dietetiques","12":"product_tag-complement-alimentaire-naturel","13":"product_tag-complement-prostate-maroc","14":"product_tag-equilibre-hormonal-2","15":"product_tag-palmier-de-floride","16":"product_tag-produits-solaray-maroc","17":"product_tag-sante-masculine","18":"product_tag-sante-prostate-homme_soutien-urinaire-naturel_","19":"product_tag-saw-palmetto-bio","20":"product_tag-serenoa-repens","21":"product_tag-solaray-maroc","22":"product_tag-solaray-prostate","23":"product_tag-solaray-saw-palmetto","24":"product_tag-solaray-saw-palmetto-maroc_palmier-de-floride-bio_","25":"product_tag-vitablanca-maroc","26":"product_tag-vitalite-homme","27":"product_tag-vitamines-homme-maroc","29":"first","30":"instock","31":"taxable","32":"shipping-taxable","33":"purchasable","34":"product-type-simple"},"yoast_head":"<!-- This site is optimized with the Yoast SEO plugin v27.4 - https:\/\/yoast.com\/product\/yoast-seo-wordpress\/ -->\n<title>Solaray SAW PALMETTO 555 mg Palmier de Floride bio - Maroc<\/title>\n<meta name=\"description\" content=\"D\u00e9couvrez Solaray Saw Palmetto 555 mg bio, un compl\u00e9ment naturel pour le soutien de la prostate, de la vitalit\u00e9 masculine et de l\u2019\u00e9quilibre hormonal. 100 %\" \/>\n<meta name=\"robots\" content=\"index, follow, max-snippet:-1, max-image-preview:large, max-video-preview:-1\" \/>\n<link rel=\"canonical\" href=\"https:\/\/vitablanca.ma\/en\/product\/solaray-sawpalmettopalmier-de-floride-de-culture-bio-555-mg-100-capsules-vegetales_maroc\/\" \/>\n<meta property=\"og:locale\" content=\"en_US\" \/>\n<meta property=\"og:type\" content=\"article\" \/>\n<meta property=\"og:title\" content=\"Solaray SAW PALMETTO 555 mg Palmier de Floride bio - Maroc\" \/>\n<meta property=\"og:description\" content=\"D\u00e9couvrez Solaray Saw Palmetto 555 mg bio, un compl\u00e9ment naturel pour le soutien de la prostate, de la vitalit\u00e9 masculine et de l\u2019\u00e9quilibre hormonal. 100 %\" \/>\n<meta property=\"og:url\" content=\"https:\/\/vitablanca.ma\/en\/product\/solaray-sawpalmettopalmier-de-floride-de-culture-bio-555-mg-100-capsules-vegetales_maroc\/\" \/>\n<meta property=\"og:site_name\" content=\"Vitablanca.ma &ndash; Sant&eacute;, vitalit&eacute; et bien-&ecirc;tre pour tous les Marocains\" \/>\n<meta property=\"article:publisher\" content=\"https:\/\/www.facebook.com\/profile.php?id=61576678196717\" \/>\n<meta property=\"article:modified_time\" content=\"2025-10-08T13:58:56+00:00\" \/>\n<meta property=\"og:image\" content=\"https:\/\/vitablanca.ma\/wp-content\/uploads\/2025\/06\/sawpalmettopalmier-de-floride-de-culture-bio-555-mg-100-capsules-vegetales-s.png\" \/>\n\t<meta property=\"og:image:width\" content=\"680\" \/>\n\t<meta property=\"og:image:height\" content=\"680\" \/>\n\t<meta property=\"og:image:type\" content=\"image\/png\" \/>\n<meta name=\"twitter:card\" content=\"summary_large_image\" \/>\n<meta name=\"twitter:label1\" content=\"Est. reading time\" \/>\n\t<meta name=\"twitter:data1\" content=\"1 minute\" \/>\n<script type=\"application\/ld+json\" class=\"yoast-schema-graph\">{\"@context\":\"https:\\\/\\\/schema.org\",\"@graph\":[{\"@type\":[\"WebPage\",\"ItemPage\"],\"@id\":\"https:\\\/\\\/vitablanca.ma\\\/produit\\\/solaray-sawpalmettopalmier-de-floride-de-culture-bio-555-mg-100-capsules-vegetales_maroc\\\/\",\"url\":\"https:\\\/\\\/vitablanca.ma\\\/produit\\\/solaray-sawpalmettopalmier-de-floride-de-culture-bio-555-mg-100-capsules-vegetales_maroc\\\/\",\"name\":\"Solaray SAW PALMETTO 555 mg Palmier de Floride bio - Maroc\",\"isPartOf\":{\"@id\":\"https:\\\/\\\/vitablanca.ma\\\/#website\"},\"primaryImageOfPage\":{\"@id\":\"https:\\\/\\\/vitablanca.ma\\\/produit\\\/solaray-sawpalmettopalmier-de-floride-de-culture-bio-555-mg-100-capsules-vegetales_maroc\\\/#primaryimage\"},\"image\":{\"@id\":\"https:\\\/\\\/vitablanca.ma\\\/produit\\\/solaray-sawpalmettopalmier-de-floride-de-culture-bio-555-mg-100-capsules-vegetales_maroc\\\/#primaryimage\"},\"thumbnailUrl\":\"https:\\\/\\\/vitablanca.ma\\\/wp-content\\\/uploads\\\/2025\\\/06\\\/sawpalmettopalmier-de-floride-de-culture-bio-555-mg-100-capsules-vegetales-s.png\",\"datePublished\":\"2025-06-25T18:10:05+00:00\",\"dateModified\":\"2025-10-08T13:58:56+00:00\",\"description\":\"D\u00e9couvrez Solaray Saw Palmetto 555 mg bio, un compl\u00e9ment naturel pour le soutien de la prostate, de la vitalit\u00e9 masculine et de l\u2019\u00e9quilibre hormonal. 100 %\",\"breadcrumb\":{\"@id\":\"https:\\\/\\\/vitablanca.ma\\\/produit\\\/solaray-sawpalmettopalmier-de-floride-de-culture-bio-555-mg-100-capsules-vegetales_maroc\\\/#breadcrumb\"},\"inLanguage\":\"en-US\",\"potentialAction\":[{\"@type\":\"ReadAction\",\"target\":[\"https:\\\/\\\/vitablanca.ma\\\/produit\\\/solaray-sawpalmettopalmier-de-floride-de-culture-bio-555-mg-100-capsules-vegetales_maroc\\\/\"]}]},{\"@type\":\"ImageObject\",\"inLanguage\":\"en-US\",\"@id\":\"https:\\\/\\\/vitablanca.ma\\\/produit\\\/solaray-sawpalmettopalmier-de-floride-de-culture-bio-555-mg-100-capsules-vegetales_maroc\\\/#primaryimage\",\"url\":\"https:\\\/\\\/vitablanca.ma\\\/wp-content\\\/uploads\\\/2025\\\/06\\\/sawpalmettopalmier-de-floride-de-culture-bio-555-mg-100-capsules-vegetales-s.png\",\"contentUrl\":\"https:\\\/\\\/vitablanca.ma\\\/wp-content\\\/uploads\\\/2025\\\/06\\\/sawpalmettopalmier-de-floride-de-culture-bio-555-mg-100-capsules-vegetales-s.png\",\"width\":680,\"height\":680},{\"@type\":\"BreadcrumbList\",\"@id\":\"https:\\\/\\\/vitablanca.ma\\\/produit\\\/solaray-sawpalmettopalmier-de-floride-de-culture-bio-555-mg-100-capsules-vegetales_maroc\\\/#breadcrumb\",\"itemListElement\":[{\"@type\":\"ListItem\",\"position\":1,\"name\":\"Home\",\"item\":\"https:\\\/\\\/vitablanca.ma\\\/\"},{\"@type\":\"ListItem\",\"position\":2,\"name\":\"Tous Les Produits\",\"item\":\"https:\\\/\\\/vitablanca.ma\\\/tous-les-produits\\\/\"},{\"@type\":\"ListItem\",\"position\":3,\"name\":\"Solaray SAW PALMETTO Palmier de Floride de culture bio, 555 mg, 100 capsules v\u00e9g\u00e9tales\"}]},{\"@type\":\"WebSite\",\"@id\":\"https:\\\/\\\/vitablanca.ma\\\/#website\",\"url\":\"https:\\\/\\\/vitablanca.ma\\\/\",\"name\":\"VitaBlanca.ma | Compl\u00e9ments alimentaires, sant\u00e9 & beaut\u00e9 au Maroc\",\"description\":\"vendre vitamines et compl\u00e9ments premium des USA &amp; Canada, Nouvelle Z\u00e9lande,Maroc (NOW Foods, Solgar, Manuka). Livraison rapide partout au Maroc.\",\"publisher\":{\"@id\":\"https:\\\/\\\/vitablanca.ma\\\/#organization\"},\"alternateName\":\"VitaBlanca.ma\",\"potentialAction\":[{\"@type\":\"SearchAction\",\"target\":{\"@type\":\"EntryPoint\",\"urlTemplate\":\"https:\\\/\\\/vitablanca.ma\\\/?s={search_term_string}\"},\"query-input\":{\"@type\":\"PropertyValueSpecification\",\"valueRequired\":true,\"valueName\":\"search_term_string\"}}],\"inLanguage\":\"en-US\"},{\"@type\":\"Organization\",\"@id\":\"https:\\\/\\\/vitablanca.ma\\\/#organization\",\"name\":\"VitaBlanca\",\"url\":\"https:\\\/\\\/vitablanca.ma\\\/\",\"logo\":{\"@type\":\"ImageObject\",\"inLanguage\":\"en-US\",\"@id\":\"https:\\\/\\\/vitablanca.ma\\\/#\\\/schema\\\/logo\\\/image\\\/\",\"url\":\"https:\\\/\\\/vitablanca.ma\\\/wp-content\\\/uploads\\\/2025\\\/05\\\/cropped-vitablanca.png\",\"contentUrl\":\"https:\\\/\\\/vitablanca.ma\\\/wp-content\\\/uploads\\\/2025\\\/05\\\/cropped-vitablanca.png\",\"width\":360,\"height\":67,\"caption\":\"VitaBlanca\"},\"image\":{\"@id\":\"https:\\\/\\\/vitablanca.ma\\\/#\\\/schema\\\/logo\\\/image\\\/\"},\"sameAs\":[\"https:\\\/\\\/www.facebook.com\\\/profile.php?id=61576678196717\",\"https:\\\/\\\/www.tiktok.com\\\/@vitablanca.ma\",\"https:\\\/\\\/www.instagram.com\\\/vitablanca.ma\\\/\"]}]}<\/script>\n<!-- \/ Yoast SEO plugin. -->","yoast_head_json":{"title":"Solaray SAW PALMETTO 555 mg Palmier de Floride bio - Maroc","description":"D\u00e9couvrez Solaray Saw Palmetto 555 mg bio, un compl\u00e9ment naturel pour le soutien de la prostate, de la vitalit\u00e9 masculine et de l\u2019\u00e9quilibre hormonal. 100 %","robots":{"index":"index","follow":"follow","max-snippet":"max-snippet:-1","max-image-preview":"max-image-preview:large","max-video-preview":"max-video-preview:-1"},"canonical":"https:\/\/vitablanca.ma\/en\/product\/solaray-sawpalmettopalmier-de-floride-de-culture-bio-555-mg-100-capsules-vegetales_maroc\/","og_locale":"en_US","og_type":"article","og_title":"Solaray SAW PALMETTO 555 mg Palmier de Floride bio - Maroc","og_description":"D\u00e9couvrez Solaray Saw Palmetto 555 mg bio, un compl\u00e9ment naturel pour le soutien de la prostate, de la vitalit\u00e9 masculine et de l\u2019\u00e9quilibre hormonal. 100 %","og_url":"https:\/\/vitablanca.ma\/en\/product\/solaray-sawpalmettopalmier-de-floride-de-culture-bio-555-mg-100-capsules-vegetales_maroc\/","og_site_name":"Vitablanca.ma &ndash; Sant&eacute;, vitalit&eacute; et bien-&ecirc;tre pour tous les Marocains","article_publisher":"https:\/\/www.facebook.com\/profile.php?id=61576678196717","article_modified_time":"2025-10-08T13:58:56+00:00","og_image":[{"width":680,"height":680,"url":"https:\/\/vitablanca.ma\/wp-content\/uploads\/2025\/06\/sawpalmettopalmier-de-floride-de-culture-bio-555-mg-100-capsules-vegetales-s.png","type":"image\/png"}],"twitter_card":"summary_large_image","twitter_misc":{"Est. reading time":"1 minute"},"schema":{"@context":"https:\/\/schema.org","@graph":[{"@type":["WebPage","ItemPage"],"@id":"https:\/\/vitablanca.ma\/produit\/solaray-sawpalmettopalmier-de-floride-de-culture-bio-555-mg-100-capsules-vegetales_maroc\/","url":"https:\/\/vitablanca.ma\/produit\/solaray-sawpalmettopalmier-de-floride-de-culture-bio-555-mg-100-capsules-vegetales_maroc\/","name":"Solaray SAW PALMETTO 555 mg Palmier de Floride bio - Maroc","isPartOf":{"@id":"https:\/\/vitablanca.ma\/#website"},"primaryImageOfPage":{"@id":"https:\/\/vitablanca.ma\/produit\/solaray-sawpalmettopalmier-de-floride-de-culture-bio-555-mg-100-capsules-vegetales_maroc\/#primaryimage"},"image":{"@id":"https:\/\/vitablanca.ma\/produit\/solaray-sawpalmettopalmier-de-floride-de-culture-bio-555-mg-100-capsules-vegetales_maroc\/#primaryimage"},"thumbnailUrl":"https:\/\/vitablanca.ma\/wp-content\/uploads\/2025\/06\/sawpalmettopalmier-de-floride-de-culture-bio-555-mg-100-capsules-vegetales-s.png","datePublished":"2025-06-25T18:10:05+00:00","dateModified":"2025-10-08T13:58:56+00:00","description":"D\u00e9couvrez Solaray Saw Palmetto 555 mg bio, un compl\u00e9ment naturel pour le soutien de la prostate, de la vitalit\u00e9 masculine et de l\u2019\u00e9quilibre hormonal. 100 %","breadcrumb":{"@id":"https:\/\/vitablanca.ma\/produit\/solaray-sawpalmettopalmier-de-floride-de-culture-bio-555-mg-100-capsules-vegetales_maroc\/#breadcrumb"},"inLanguage":"en-US","potentialAction":[{"@type":"ReadAction","target":["https:\/\/vitablanca.ma\/produit\/solaray-sawpalmettopalmier-de-floride-de-culture-bio-555-mg-100-capsules-vegetales_maroc\/"]}]},{"@type":"ImageObject","inLanguage":"en-US","@id":"https:\/\/vitablanca.ma\/produit\/solaray-sawpalmettopalmier-de-floride-de-culture-bio-555-mg-100-capsules-vegetales_maroc\/#primaryimage","url":"https:\/\/vitablanca.ma\/wp-content\/uploads\/2025\/06\/sawpalmettopalmier-de-floride-de-culture-bio-555-mg-100-capsules-vegetales-s.png","contentUrl":"https:\/\/vitablanca.ma\/wp-content\/uploads\/2025\/06\/sawpalmettopalmier-de-floride-de-culture-bio-555-mg-100-capsules-vegetales-s.png","width":680,"height":680},{"@type":"BreadcrumbList","@id":"https:\/\/vitablanca.ma\/produit\/solaray-sawpalmettopalmier-de-floride-de-culture-bio-555-mg-100-capsules-vegetales_maroc\/#breadcrumb","itemListElement":[{"@type":"ListItem","position":1,"name":"Home","item":"https:\/\/vitablanca.ma\/"},{"@type":"ListItem","position":2,"name":"Tous Les Produits","item":"https:\/\/vitablanca.ma\/tous-les-produits\/"},{"@type":"ListItem","position":3,"name":"Solaray SAW PALMETTO Palmier de Floride de culture bio, 555 mg, 100 capsules v\u00e9g\u00e9tales"}]},{"@type":"WebSite","@id":"https:\/\/vitablanca.ma\/#website","url":"https:\/\/vitablanca.ma\/","name":"VitaBlanca.ma | Food supplements, health &amp; beauty in Morocco","description":"sell premium vitamins and supplements from USA &amp; Canada, New Zealand, Morocco (NOW Foods, Solgar, Manuka). Fast delivery anywhere in Morocco.","publisher":{"@id":"https:\/\/vitablanca.ma\/#organization"},"alternateName":"VitaBlanca.ma","potentialAction":[{"@type":"SearchAction","target":{"@type":"EntryPoint","urlTemplate":"https:\/\/vitablanca.ma\/?s={search_term_string}"},"query-input":{"@type":"PropertyValueSpecification","valueRequired":true,"valueName":"search_term_string"}}],"inLanguage":"en-US"},{"@type":"Organization","@id":"https:\/\/vitablanca.ma\/#organization","name":"VitaBlanca","url":"https:\/\/vitablanca.ma\/","logo":{"@type":"ImageObject","inLanguage":"en-US","@id":"https:\/\/vitablanca.ma\/#\/schema\/logo\/image\/","url":"https:\/\/vitablanca.ma\/wp-content\/uploads\/2025\/05\/cropped-vitablanca.png","contentUrl":"https:\/\/vitablanca.ma\/wp-content\/uploads\/2025\/05\/cropped-vitablanca.png","width":360,"height":67,"caption":"VitaBlanca"},"image":{"@id":"https:\/\/vitablanca.ma\/#\/schema\/logo\/image\/"},"sameAs":["https:\/\/www.facebook.com\/profile.php?id=61576678196717","https:\/\/www.tiktok.com\/@vitablanca.ma","https:\/\/www.instagram.com\/vitablanca.ma\/"]}]}},"jetpack_sharing_enabled":true,"_links":{"self":[{"href":"https:\/\/vitablanca.ma\/en\/wp-json\/wp\/v2\/product\/23036","targetHints":{"allow":["GET"]}}],"collection":[{"href":"https:\/\/vitablanca.ma\/en\/wp-json\/wp\/v2\/product"}],"about":[{"href":"https:\/\/vitablanca.ma\/en\/wp-json\/wp\/v2\/types\/product"}],"wp:featuredmedia":[{"embeddable":true,"href":"https:\/\/vitablanca.ma\/en\/wp-json\/wp\/v2\/media\/26097"}],"wp:attachment":[{"href":"https:\/\/vitablanca.ma\/en\/wp-json\/wp\/v2\/media?parent=23036"}],"wp:term":[{"taxonomy":"product_brand","embeddable":true,"href":"https:\/\/vitablanca.ma\/en\/wp-json\/wp\/v2\/product_brand?post=23036"},{"taxonomy":"product_cat","embeddable":true,"href":"https:\/\/vitablanca.ma\/en\/wp-json\/wp\/v2\/product_cat?post=23036"},{"taxonomy":"product_tag","embeddable":true,"href":"https:\/\/vitablanca.ma\/en\/wp-json\/wp\/v2\/product_tag?post=23036"}],"curies":[{"name":"wp","href":"https:\/\/api.w.org\/{rel}","templated":true}]}}