{"id":23024,"date":"2025-06-25T17:17:54","date_gmt":"2025-06-25T17:17:54","guid":{"rendered":"https:\/\/vitablanca.ma\/?post_type=product&#038;p=23024"},"modified":"2025-09-21T20:33:49","modified_gmt":"2025-09-21T20:33:49","slug":"natural-factors-stress-relax-pharma-gaba-100-mg-60-vegetarian-capsules_maroc","status":"publish","type":"product","link":"https:\/\/vitablanca.ma\/en\/product\/natural-factors-stress-relax-pharma-gaba-100-mg-60-vegetarian-capsules_maroc\/","title":{"rendered":"Natural Factors Stress Relax, Pharma GABA, 100 mg, 60 Vegetarian Capsules"},"content":{"rendered":"<p>Pharma GABA est une forme sup\u00e9rieure et naturellement produite de l\u2019acide gamma-aminobutyrique (GABA), un compos\u00e9 c\u00e9r\u00e9bral important. Des \u00e9tudes cliniq ont montr\u00e9 que Pharma GABA aide \u00e0 augmenter la production d\u2019ondes c\u00e9r\u00e9brales alpha pour cr\u00e9er une profonde sensation de relaxation physique tout en maintenant la concentration mentale.<\/p>","protected":false},"excerpt":{"rendered":"<ul>\n<li>Food supplement<\/li>\n<li>Fast action<\/li>\n<li>Relaxation and mental concentration<\/li>\n<li>Suitable for vegetarians\/vegans<\/li>\n<li>Purity and potency guaranteed<\/li>\n<li>Pharma GABA helps increase the production of alpha brain waves to create a deep sense of physical relaxation while maintaining mental focus.<\/li>\n<\/ul>","protected":false},"featured_media":23026,"template":"","meta":{"om_disable_all_campaigns":false},"product_brand":[1808],"product_cat":[18,3366,20,19],"product_tag":[2798,4319,2988,2989],"class_list":{"0":"post-23024","1":"product","2":"type-product","3":"status-publish","4":"has-post-thumbnail","6":"product_brand-natural-factors-maroc-prix","7":"product_cat-beaute-sante","8":"product_cat-complements-alimentaires-au-maroc-vitablanca","9":"product_cat-supplements","10":"product_cat-vitamines-supplements-dietetiques","11":"product_tag-natural-factors","12":"product_tag-natural-factors-maroc","13":"product_tag-natural-factors-stress-relax-maroc_pharma-gaba-100mg_anti-stress-naturel-maroc_","14":"product_tag-relaxation-calme-mental_gaba-sans-somnolence_gestion-anxiete-naturelle_","16":"first","17":"instock","18":"taxable","19":"shipping-taxable","20":"purchasable","21":"product-type-simple"},"yoast_head":"<!-- This site is optimized with the Yoast SEO plugin v27.5 - https:\/\/yoast.com\/product\/yoast-seo-wordpress\/ -->\n<title>Natural Factors Stress Relax Pharma GABA 100 mg,_ Maroc Prix<\/title>\n<meta name=\"description\" content=\"Achetez Natural Factors Stress Relax 100 mg pour un soutien naturel contre le stress quotidien.\" \/>\n<meta name=\"robots\" content=\"index, follow, max-snippet:-1, max-image-preview:large, max-video-preview:-1\" \/>\n<link rel=\"canonical\" href=\"https:\/\/vitablanca.ma\/en\/product\/natural-factors-stress-relax-pharma-gaba-100-mg-60-vegetarian-capsules_maroc\/\" \/>\n<meta property=\"og:locale\" content=\"en_US\" \/>\n<meta property=\"og:type\" content=\"article\" \/>\n<meta property=\"og:title\" content=\"Natural Factors Stress Relax Pharma GABA 100 mg,_ Maroc Prix\" \/>\n<meta property=\"og:description\" content=\"Achetez Natural Factors Stress Relax 100 mg pour un soutien naturel contre le stress quotidien.\" \/>\n<meta property=\"og:url\" content=\"https:\/\/vitablanca.ma\/en\/product\/natural-factors-stress-relax-pharma-gaba-100-mg-60-vegetarian-capsules_maroc\/\" \/>\n<meta property=\"og:site_name\" content=\"Vitablanca.ma &ndash; Sant&eacute;, vitalit&eacute; et bien-&ecirc;tre pour tous les Marocains\" \/>\n<meta property=\"article:publisher\" content=\"https:\/\/www.facebook.com\/profile.php?id=61576678196717\" \/>\n<meta property=\"article:modified_time\" content=\"2025-09-21T20:33:49+00:00\" \/>\n<meta property=\"og:image\" content=\"https:\/\/vitablanca.ma\/wp-content\/uploads\/2025\/06\/natural-factors-stress-relax-pharma-gaba-100-mg-60-vegetarian-.jpg\" \/>\n\t<meta property=\"og:image:width\" content=\"680\" \/>\n\t<meta property=\"og:image:height\" content=\"680\" \/>\n\t<meta property=\"og:image:type\" content=\"image\/jpeg\" \/>\n<meta name=\"twitter:card\" content=\"summary_large_image\" \/>\n<meta name=\"twitter:label1\" content=\"Est. reading time\" \/>\n\t<meta name=\"twitter:data1\" content=\"1 minute\" \/>\n<script type=\"application\/ld+json\" class=\"yoast-schema-graph\">{\"@context\":\"https:\\\/\\\/schema.org\",\"@graph\":[{\"@type\":[\"WebPage\",\"ItemPage\"],\"@id\":\"https:\\\/\\\/vitablanca.ma\\\/produit\\\/natural-factors-stress-relax-pharma-gaba-100-mg-60-vegetarian-capsules_maroc\\\/\",\"url\":\"https:\\\/\\\/vitablanca.ma\\\/produit\\\/natural-factors-stress-relax-pharma-gaba-100-mg-60-vegetarian-capsules_maroc\\\/\",\"name\":\"Natural Factors Stress Relax Pharma GABA 100 mg,_ Maroc Prix\",\"isPartOf\":{\"@id\":\"https:\\\/\\\/vitablanca.ma\\\/#website\"},\"primaryImageOfPage\":{\"@id\":\"https:\\\/\\\/vitablanca.ma\\\/produit\\\/natural-factors-stress-relax-pharma-gaba-100-mg-60-vegetarian-capsules_maroc\\\/#primaryimage\"},\"image\":{\"@id\":\"https:\\\/\\\/vitablanca.ma\\\/produit\\\/natural-factors-stress-relax-pharma-gaba-100-mg-60-vegetarian-capsules_maroc\\\/#primaryimage\"},\"thumbnailUrl\":\"https:\\\/\\\/vitablanca.ma\\\/wp-content\\\/uploads\\\/2025\\\/06\\\/natural-factors-stress-relax-pharma-gaba-100-mg-60-vegetarian-.jpg\",\"datePublished\":\"2025-06-25T17:17:54+00:00\",\"dateModified\":\"2025-09-21T20:33:49+00:00\",\"description\":\"Achetez Natural Factors Stress Relax 100 mg pour un soutien naturel contre le stress quotidien.\",\"breadcrumb\":{\"@id\":\"https:\\\/\\\/vitablanca.ma\\\/produit\\\/natural-factors-stress-relax-pharma-gaba-100-mg-60-vegetarian-capsules_maroc\\\/#breadcrumb\"},\"inLanguage\":\"en-US\",\"potentialAction\":[{\"@type\":\"ReadAction\",\"target\":[\"https:\\\/\\\/vitablanca.ma\\\/produit\\\/natural-factors-stress-relax-pharma-gaba-100-mg-60-vegetarian-capsules_maroc\\\/\"]}]},{\"@type\":\"ImageObject\",\"inLanguage\":\"en-US\",\"@id\":\"https:\\\/\\\/vitablanca.ma\\\/produit\\\/natural-factors-stress-relax-pharma-gaba-100-mg-60-vegetarian-capsules_maroc\\\/#primaryimage\",\"url\":\"https:\\\/\\\/vitablanca.ma\\\/wp-content\\\/uploads\\\/2025\\\/06\\\/natural-factors-stress-relax-pharma-gaba-100-mg-60-vegetarian-.jpg\",\"contentUrl\":\"https:\\\/\\\/vitablanca.ma\\\/wp-content\\\/uploads\\\/2025\\\/06\\\/natural-factors-stress-relax-pharma-gaba-100-mg-60-vegetarian-.jpg\",\"width\":680,\"height\":680},{\"@type\":\"BreadcrumbList\",\"@id\":\"https:\\\/\\\/vitablanca.ma\\\/produit\\\/natural-factors-stress-relax-pharma-gaba-100-mg-60-vegetarian-capsules_maroc\\\/#breadcrumb\",\"itemListElement\":[{\"@type\":\"ListItem\",\"position\":1,\"name\":\"Home\",\"item\":\"https:\\\/\\\/vitablanca.ma\\\/\"},{\"@type\":\"ListItem\",\"position\":2,\"name\":\"Tous Les Produits\",\"item\":\"https:\\\/\\\/vitablanca.ma\\\/tous-les-produits\\\/\"},{\"@type\":\"ListItem\",\"position\":3,\"name\":\"Natural Factors Stress Relax, Pharma GABA, 100 mg, 60 Vegetarian Capsules\"}]},{\"@type\":\"WebSite\",\"@id\":\"https:\\\/\\\/vitablanca.ma\\\/#website\",\"url\":\"https:\\\/\\\/vitablanca.ma\\\/\",\"name\":\"VitaBlanca.ma | Compl\u00e9ments alimentaires, sant\u00e9 & beaut\u00e9 au Maroc\",\"description\":\"vendre vitamines et compl\u00e9ments premium des USA &amp; Canada, Nouvelle Z\u00e9lande,Maroc (NOW Foods, Solgar, Manuka). Livraison rapide partout au Maroc.\",\"publisher\":{\"@id\":\"https:\\\/\\\/vitablanca.ma\\\/#organization\"},\"alternateName\":\"VitaBlanca.ma\",\"potentialAction\":[{\"@type\":\"SearchAction\",\"target\":{\"@type\":\"EntryPoint\",\"urlTemplate\":\"https:\\\/\\\/vitablanca.ma\\\/?s={search_term_string}\"},\"query-input\":{\"@type\":\"PropertyValueSpecification\",\"valueRequired\":true,\"valueName\":\"search_term_string\"}}],\"inLanguage\":\"en-US\"},{\"@type\":\"Organization\",\"@id\":\"https:\\\/\\\/vitablanca.ma\\\/#organization\",\"name\":\"VitaBlanca\",\"url\":\"https:\\\/\\\/vitablanca.ma\\\/\",\"logo\":{\"@type\":\"ImageObject\",\"inLanguage\":\"en-US\",\"@id\":\"https:\\\/\\\/vitablanca.ma\\\/#\\\/schema\\\/logo\\\/image\\\/\",\"url\":\"https:\\\/\\\/vitablanca.ma\\\/wp-content\\\/uploads\\\/2025\\\/05\\\/cropped-vitablanca.png\",\"contentUrl\":\"https:\\\/\\\/vitablanca.ma\\\/wp-content\\\/uploads\\\/2025\\\/05\\\/cropped-vitablanca.png\",\"width\":360,\"height\":67,\"caption\":\"VitaBlanca\"},\"image\":{\"@id\":\"https:\\\/\\\/vitablanca.ma\\\/#\\\/schema\\\/logo\\\/image\\\/\"},\"sameAs\":[\"https:\\\/\\\/www.facebook.com\\\/profile.php?id=61576678196717\",\"https:\\\/\\\/www.tiktok.com\\\/@vitablanca.ma\",\"https:\\\/\\\/www.instagram.com\\\/vitablanca.ma\\\/\"]}]}<\/script>\n<!-- \/ Yoast SEO plugin. -->","yoast_head_json":{"title":"Natural Factors Stress Relax Pharma GABA 100 mg,_ Morocco Price","description":"Buy Natural Factors Stress Relax 100 mg for natural support against daily stress.","robots":{"index":"index","follow":"follow","max-snippet":"max-snippet:-1","max-image-preview":"max-image-preview:large","max-video-preview":"max-video-preview:-1"},"canonical":"https:\/\/vitablanca.ma\/en\/product\/natural-factors-stress-relax-pharma-gaba-100-mg-60-vegetarian-capsules_maroc\/","og_locale":"en_US","og_type":"article","og_title":"Natural Factors Stress Relax Pharma GABA 100 mg,_ Maroc Prix","og_description":"Achetez Natural Factors Stress Relax 100 mg pour un soutien naturel contre le stress quotidien.","og_url":"https:\/\/vitablanca.ma\/en\/product\/natural-factors-stress-relax-pharma-gaba-100-mg-60-vegetarian-capsules_maroc\/","og_site_name":"Vitablanca.ma &ndash; Sant&eacute;, vitalit&eacute; et bien-&ecirc;tre pour tous les Marocains","article_publisher":"https:\/\/www.facebook.com\/profile.php?id=61576678196717","article_modified_time":"2025-09-21T20:33:49+00:00","og_image":[{"width":680,"height":680,"url":"https:\/\/vitablanca.ma\/wp-content\/uploads\/2025\/06\/natural-factors-stress-relax-pharma-gaba-100-mg-60-vegetarian-.jpg","type":"image\/jpeg"}],"twitter_card":"summary_large_image","twitter_misc":{"Est. reading time":"1 minute"},"schema":{"@context":"https:\/\/schema.org","@graph":[{"@type":["WebPage","ItemPage"],"@id":"https:\/\/vitablanca.ma\/produit\/natural-factors-stress-relax-pharma-gaba-100-mg-60-vegetarian-capsules_maroc\/","url":"https:\/\/vitablanca.ma\/produit\/natural-factors-stress-relax-pharma-gaba-100-mg-60-vegetarian-capsules_maroc\/","name":"Natural Factors Stress Relax Pharma GABA 100 mg,_ Morocco Price","isPartOf":{"@id":"https:\/\/vitablanca.ma\/#website"},"primaryImageOfPage":{"@id":"https:\/\/vitablanca.ma\/produit\/natural-factors-stress-relax-pharma-gaba-100-mg-60-vegetarian-capsules_maroc\/#primaryimage"},"image":{"@id":"https:\/\/vitablanca.ma\/produit\/natural-factors-stress-relax-pharma-gaba-100-mg-60-vegetarian-capsules_maroc\/#primaryimage"},"thumbnailUrl":"https:\/\/vitablanca.ma\/wp-content\/uploads\/2025\/06\/natural-factors-stress-relax-pharma-gaba-100-mg-60-vegetarian-.jpg","datePublished":"2025-06-25T17:17:54+00:00","dateModified":"2025-09-21T20:33:49+00:00","description":"Buy Natural Factors Stress Relax 100 mg for natural support against daily stress.","breadcrumb":{"@id":"https:\/\/vitablanca.ma\/produit\/natural-factors-stress-relax-pharma-gaba-100-mg-60-vegetarian-capsules_maroc\/#breadcrumb"},"inLanguage":"en-US","potentialAction":[{"@type":"ReadAction","target":["https:\/\/vitablanca.ma\/produit\/natural-factors-stress-relax-pharma-gaba-100-mg-60-vegetarian-capsules_maroc\/"]}]},{"@type":"ImageObject","inLanguage":"en-US","@id":"https:\/\/vitablanca.ma\/produit\/natural-factors-stress-relax-pharma-gaba-100-mg-60-vegetarian-capsules_maroc\/#primaryimage","url":"https:\/\/vitablanca.ma\/wp-content\/uploads\/2025\/06\/natural-factors-stress-relax-pharma-gaba-100-mg-60-vegetarian-.jpg","contentUrl":"https:\/\/vitablanca.ma\/wp-content\/uploads\/2025\/06\/natural-factors-stress-relax-pharma-gaba-100-mg-60-vegetarian-.jpg","width":680,"height":680},{"@type":"BreadcrumbList","@id":"https:\/\/vitablanca.ma\/produit\/natural-factors-stress-relax-pharma-gaba-100-mg-60-vegetarian-capsules_maroc\/#breadcrumb","itemListElement":[{"@type":"ListItem","position":1,"name":"Home","item":"https:\/\/vitablanca.ma\/"},{"@type":"ListItem","position":2,"name":"Tous Les Produits","item":"https:\/\/vitablanca.ma\/tous-les-produits\/"},{"@type":"ListItem","position":3,"name":"Natural Factors Stress Relax, Pharma GABA, 100 mg, 60 Vegetarian Capsules"}]},{"@type":"WebSite","@id":"https:\/\/vitablanca.ma\/#website","url":"https:\/\/vitablanca.ma\/","name":"VitaBlanca.ma | Food supplements, health &amp; beauty in Morocco","description":"sell premium vitamins and supplements from USA &amp; Canada, New Zealand, Morocco (NOW Foods, Solgar, Manuka). Fast delivery anywhere in Morocco.","publisher":{"@id":"https:\/\/vitablanca.ma\/#organization"},"alternateName":"VitaBlanca.ma","potentialAction":[{"@type":"SearchAction","target":{"@type":"EntryPoint","urlTemplate":"https:\/\/vitablanca.ma\/?s={search_term_string}"},"query-input":{"@type":"PropertyValueSpecification","valueRequired":true,"valueName":"search_term_string"}}],"inLanguage":"en-US"},{"@type":"Organization","@id":"https:\/\/vitablanca.ma\/#organization","name":"VitaBlanca","url":"https:\/\/vitablanca.ma\/","logo":{"@type":"ImageObject","inLanguage":"en-US","@id":"https:\/\/vitablanca.ma\/#\/schema\/logo\/image\/","url":"https:\/\/vitablanca.ma\/wp-content\/uploads\/2025\/05\/cropped-vitablanca.png","contentUrl":"https:\/\/vitablanca.ma\/wp-content\/uploads\/2025\/05\/cropped-vitablanca.png","width":360,"height":67,"caption":"VitaBlanca"},"image":{"@id":"https:\/\/vitablanca.ma\/#\/schema\/logo\/image\/"},"sameAs":["https:\/\/www.facebook.com\/profile.php?id=61576678196717","https:\/\/www.tiktok.com\/@vitablanca.ma","https:\/\/www.instagram.com\/vitablanca.ma\/"]}]}},"jetpack_sharing_enabled":true,"_links":{"self":[{"href":"https:\/\/vitablanca.ma\/en\/wp-json\/wp\/v2\/product\/23024","targetHints":{"allow":["GET"]}}],"collection":[{"href":"https:\/\/vitablanca.ma\/en\/wp-json\/wp\/v2\/product"}],"about":[{"href":"https:\/\/vitablanca.ma\/en\/wp-json\/wp\/v2\/types\/product"}],"wp:featuredmedia":[{"embeddable":true,"href":"https:\/\/vitablanca.ma\/en\/wp-json\/wp\/v2\/media\/23026"}],"wp:attachment":[{"href":"https:\/\/vitablanca.ma\/en\/wp-json\/wp\/v2\/media?parent=23024"}],"wp:term":[{"taxonomy":"product_brand","embeddable":true,"href":"https:\/\/vitablanca.ma\/en\/wp-json\/wp\/v2\/product_brand?post=23024"},{"taxonomy":"product_cat","embeddable":true,"href":"https:\/\/vitablanca.ma\/en\/wp-json\/wp\/v2\/product_cat?post=23024"},{"taxonomy":"product_tag","embeddable":true,"href":"https:\/\/vitablanca.ma\/en\/wp-json\/wp\/v2\/product_tag?post=23024"}],"curies":[{"name":"wp","href":"https:\/\/api.w.org\/{rel}","templated":true}]}}