{"id":22991,"date":"2025-06-24T17:04:17","date_gmt":"2025-06-24T17:04:17","guid":{"rendered":"https:\/\/vitablanca.ma\/?post_type=product&#038;p=22991"},"modified":"2025-09-21T20:33:50","modified_gmt":"2025-09-21T20:33:50","slug":"natural-factors-chlorhydrate-de-betaine-avec-fenugrec-500-mg-180-capsules-vegetariennes_maroc","status":"publish","type":"product","link":"https:\/\/vitablanca.ma\/en\/product\/natural-factors-chlorhydrate-de-betaine-avec-fenugrec-500-mg-180-capsules-vegetariennes_maroc\/","title":{"rendered":"Natural Factors Betaine Hydrochloride with Fenugreek, 500 mg, 180 Vegetarian Capsules"},"content":{"rendered":"<p>Avec l\u2019\u00e2ge, la production d\u2019acide gastrique baisse, avec pour cons\u00e9quence une diminution de l\u2019efficacit\u00e9 de la digestion et de l\u2019absorption des nutriments. Chlorhydrate de b\u00e9ta\u00efne avec fenugrec est un produit Natural Factors qui favorise une bonne digestion en stimulant la s\u00e9cr\u00e9tion d\u2019enzymes pancr\u00e9atiques et en r\u00e9duisant l\u2019inflammation gastrique.<\/p>","protected":false},"excerpt":{"rendered":"<ul>\n<li>Food supplement<\/li>\n<li>Healthy digestion<\/li>\n<li>Suitable for vegetarians\/vegans<\/li>\n<li>Purity and potency guaranteed<\/li>\n<li>Betaine Hydrochloride (HCL) with Fenugreek creates a favorable digestive environment and promotes healthy digestion.<\/li>\n<\/ul>","protected":false},"featured_media":22993,"template":"","meta":{"om_disable_all_campaigns":false},"product_brand":[1808],"product_cat":[18,3366,20,19],"product_tag":[2983,2798,2982,4319],"class_list":{"0":"post-22991","1":"product","2":"type-product","3":"status-publish","4":"has-post-thumbnail","6":"product_brand-natural-factors-maroc-prix","7":"product_cat-beaute-sante","8":"product_cat-complements-alimentaires-au-maroc-vitablanca","9":"product_cat-supplements","10":"product_cat-vitamines-supplements-dietetiques","11":"product_tag-digestion-optimale-supplement_absorption-nutriments-amelioree_","12":"product_tag-natural-factors","13":"product_tag-natural-factors-betaine-hcl-maroc_chlorhydrate-betaine-fenugrec_","14":"product_tag-natural-factors-maroc","16":"first","17":"instock","18":"taxable","19":"shipping-taxable","20":"purchasable","21":"product-type-simple"},"yoast_head":"<!-- This site is optimized with the Yoast SEO plugin v27.5 - https:\/\/yoast.com\/product\/yoast-seo-wordpress\/ -->\n<title>Natural Factors Chlorhydrate de B\u00e9ta\u00efne 500 mg_Maroc Prix<\/title>\n<meta name=\"description\" content=\"Achetez Natural Factors Chlorhydrate de B\u00e9ta\u00efne (HCl) avec Fenugrec 500 mg au Maroc. Ces 180 capsules v\u00e9g\u00e9tariennes soutiennent une digestion optimale\" \/>\n<meta name=\"robots\" content=\"index, follow, max-snippet:-1, max-image-preview:large, max-video-preview:-1\" \/>\n<link rel=\"canonical\" href=\"https:\/\/vitablanca.ma\/en\/product\/natural-factors-chlorhydrate-de-betaine-avec-fenugrec-500-mg-180-capsules-vegetariennes_maroc\/\" \/>\n<meta property=\"og:locale\" content=\"en_US\" \/>\n<meta property=\"og:type\" content=\"article\" \/>\n<meta property=\"og:title\" content=\"Natural Factors Chlorhydrate de B\u00e9ta\u00efne 500 mg_Maroc Prix\" \/>\n<meta property=\"og:description\" content=\"Achetez Natural Factors Chlorhydrate de B\u00e9ta\u00efne (HCl) avec Fenugrec 500 mg au Maroc. Ces 180 capsules v\u00e9g\u00e9tariennes soutiennent une digestion optimale\" \/>\n<meta property=\"og:url\" content=\"https:\/\/vitablanca.ma\/en\/product\/natural-factors-chlorhydrate-de-betaine-avec-fenugrec-500-mg-180-capsules-vegetariennes_maroc\/\" \/>\n<meta property=\"og:site_name\" content=\"Vitablanca.ma &ndash; Sant&eacute;, vitalit&eacute; et bien-&ecirc;tre pour tous les Marocains\" \/>\n<meta property=\"article:publisher\" content=\"https:\/\/www.facebook.com\/profile.php?id=61576678196717\" \/>\n<meta property=\"article:modified_time\" content=\"2025-09-21T20:33:50+00:00\" \/>\n<meta property=\"og:image\" content=\"https:\/\/vitablanca.ma\/wp-content\/uploads\/2025\/06\/chlorhydrate-de-betaine-avec-fenugrec-500-mg-180-capsules-.jpg\" \/>\n\t<meta property=\"og:image:width\" content=\"680\" \/>\n\t<meta property=\"og:image:height\" content=\"680\" \/>\n\t<meta property=\"og:image:type\" content=\"image\/jpeg\" \/>\n<meta name=\"twitter:card\" content=\"summary_large_image\" \/>\n<meta name=\"twitter:label1\" content=\"Est. reading time\" \/>\n\t<meta name=\"twitter:data1\" content=\"1 minute\" \/>\n<script type=\"application\/ld+json\" class=\"yoast-schema-graph\">{\"@context\":\"https:\\\/\\\/schema.org\",\"@graph\":[{\"@type\":[\"WebPage\",\"ItemPage\"],\"@id\":\"https:\\\/\\\/vitablanca.ma\\\/produit\\\/natural-factors-chlorhydrate-de-betaine-avec-fenugrec-500-mg-180-capsules-vegetariennes_maroc\\\/\",\"url\":\"https:\\\/\\\/vitablanca.ma\\\/produit\\\/natural-factors-chlorhydrate-de-betaine-avec-fenugrec-500-mg-180-capsules-vegetariennes_maroc\\\/\",\"name\":\"Natural Factors Chlorhydrate de B\u00e9ta\u00efne 500 mg_Maroc Prix\",\"isPartOf\":{\"@id\":\"https:\\\/\\\/vitablanca.ma\\\/#website\"},\"primaryImageOfPage\":{\"@id\":\"https:\\\/\\\/vitablanca.ma\\\/produit\\\/natural-factors-chlorhydrate-de-betaine-avec-fenugrec-500-mg-180-capsules-vegetariennes_maroc\\\/#primaryimage\"},\"image\":{\"@id\":\"https:\\\/\\\/vitablanca.ma\\\/produit\\\/natural-factors-chlorhydrate-de-betaine-avec-fenugrec-500-mg-180-capsules-vegetariennes_maroc\\\/#primaryimage\"},\"thumbnailUrl\":\"https:\\\/\\\/vitablanca.ma\\\/wp-content\\\/uploads\\\/2025\\\/06\\\/chlorhydrate-de-betaine-avec-fenugrec-500-mg-180-capsules-.jpg\",\"datePublished\":\"2025-06-24T17:04:17+00:00\",\"dateModified\":\"2025-09-21T20:33:50+00:00\",\"description\":\"Achetez Natural Factors Chlorhydrate de B\u00e9ta\u00efne (HCl) avec Fenugrec 500 mg au Maroc. Ces 180 capsules v\u00e9g\u00e9tariennes soutiennent une digestion optimale\",\"breadcrumb\":{\"@id\":\"https:\\\/\\\/vitablanca.ma\\\/produit\\\/natural-factors-chlorhydrate-de-betaine-avec-fenugrec-500-mg-180-capsules-vegetariennes_maroc\\\/#breadcrumb\"},\"inLanguage\":\"en-US\",\"potentialAction\":[{\"@type\":\"ReadAction\",\"target\":[\"https:\\\/\\\/vitablanca.ma\\\/produit\\\/natural-factors-chlorhydrate-de-betaine-avec-fenugrec-500-mg-180-capsules-vegetariennes_maroc\\\/\"]}]},{\"@type\":\"ImageObject\",\"inLanguage\":\"en-US\",\"@id\":\"https:\\\/\\\/vitablanca.ma\\\/produit\\\/natural-factors-chlorhydrate-de-betaine-avec-fenugrec-500-mg-180-capsules-vegetariennes_maroc\\\/#primaryimage\",\"url\":\"https:\\\/\\\/vitablanca.ma\\\/wp-content\\\/uploads\\\/2025\\\/06\\\/chlorhydrate-de-betaine-avec-fenugrec-500-mg-180-capsules-.jpg\",\"contentUrl\":\"https:\\\/\\\/vitablanca.ma\\\/wp-content\\\/uploads\\\/2025\\\/06\\\/chlorhydrate-de-betaine-avec-fenugrec-500-mg-180-capsules-.jpg\",\"width\":680,\"height\":680},{\"@type\":\"BreadcrumbList\",\"@id\":\"https:\\\/\\\/vitablanca.ma\\\/produit\\\/natural-factors-chlorhydrate-de-betaine-avec-fenugrec-500-mg-180-capsules-vegetariennes_maroc\\\/#breadcrumb\",\"itemListElement\":[{\"@type\":\"ListItem\",\"position\":1,\"name\":\"Home\",\"item\":\"https:\\\/\\\/vitablanca.ma\\\/\"},{\"@type\":\"ListItem\",\"position\":2,\"name\":\"Tous Les Produits\",\"item\":\"https:\\\/\\\/vitablanca.ma\\\/tous-les-produits\\\/\"},{\"@type\":\"ListItem\",\"position\":3,\"name\":\"Natural Factors Chlorhydrate de b\u00e9ta\u00efne avec fenugrec, 500 mg, 180 capsules v\u00e9g\u00e9tariennes\"}]},{\"@type\":\"WebSite\",\"@id\":\"https:\\\/\\\/vitablanca.ma\\\/#website\",\"url\":\"https:\\\/\\\/vitablanca.ma\\\/\",\"name\":\"VitaBlanca.ma | Compl\u00e9ments alimentaires, sant\u00e9 & beaut\u00e9 au Maroc\",\"description\":\"vendre vitamines et compl\u00e9ments premium des USA &amp; Canada, Nouvelle Z\u00e9lande,Maroc (NOW Foods, Solgar, Manuka). Livraison rapide partout au Maroc.\",\"publisher\":{\"@id\":\"https:\\\/\\\/vitablanca.ma\\\/#organization\"},\"alternateName\":\"VitaBlanca.ma\",\"potentialAction\":[{\"@type\":\"SearchAction\",\"target\":{\"@type\":\"EntryPoint\",\"urlTemplate\":\"https:\\\/\\\/vitablanca.ma\\\/?s={search_term_string}\"},\"query-input\":{\"@type\":\"PropertyValueSpecification\",\"valueRequired\":true,\"valueName\":\"search_term_string\"}}],\"inLanguage\":\"en-US\"},{\"@type\":\"Organization\",\"@id\":\"https:\\\/\\\/vitablanca.ma\\\/#organization\",\"name\":\"VitaBlanca\",\"url\":\"https:\\\/\\\/vitablanca.ma\\\/\",\"logo\":{\"@type\":\"ImageObject\",\"inLanguage\":\"en-US\",\"@id\":\"https:\\\/\\\/vitablanca.ma\\\/#\\\/schema\\\/logo\\\/image\\\/\",\"url\":\"https:\\\/\\\/vitablanca.ma\\\/wp-content\\\/uploads\\\/2025\\\/05\\\/cropped-vitablanca.png\",\"contentUrl\":\"https:\\\/\\\/vitablanca.ma\\\/wp-content\\\/uploads\\\/2025\\\/05\\\/cropped-vitablanca.png\",\"width\":360,\"height\":67,\"caption\":\"VitaBlanca\"},\"image\":{\"@id\":\"https:\\\/\\\/vitablanca.ma\\\/#\\\/schema\\\/logo\\\/image\\\/\"},\"sameAs\":[\"https:\\\/\\\/www.facebook.com\\\/profile.php?id=61576678196717\",\"https:\\\/\\\/www.tiktok.com\\\/@vitablanca.ma\",\"https:\\\/\\\/www.instagram.com\\\/vitablanca.ma\\\/\"]}]}<\/script>\n<!-- \/ Yoast SEO plugin. -->","yoast_head_json":{"title":"Natural Factors Betaine Hydrochloride 500 mg_Morocco Price","description":"Buy Natural Factors Betaine Hydrochloride (HCl) with Fenugreek 500 mg in Morocco. These 180 vegetarian capsules support optimal digestion.","robots":{"index":"index","follow":"follow","max-snippet":"max-snippet:-1","max-image-preview":"max-image-preview:large","max-video-preview":"max-video-preview:-1"},"canonical":"https:\/\/vitablanca.ma\/en\/product\/natural-factors-chlorhydrate-de-betaine-avec-fenugrec-500-mg-180-capsules-vegetariennes_maroc\/","og_locale":"en_US","og_type":"article","og_title":"Natural Factors Chlorhydrate de B\u00e9ta\u00efne 500 mg_Maroc Prix","og_description":"Achetez Natural Factors Chlorhydrate de B\u00e9ta\u00efne (HCl) avec Fenugrec 500 mg au Maroc. Ces 180 capsules v\u00e9g\u00e9tariennes soutiennent une digestion optimale","og_url":"https:\/\/vitablanca.ma\/en\/product\/natural-factors-chlorhydrate-de-betaine-avec-fenugrec-500-mg-180-capsules-vegetariennes_maroc\/","og_site_name":"Vitablanca.ma &ndash; Sant&eacute;, vitalit&eacute; et bien-&ecirc;tre pour tous les Marocains","article_publisher":"https:\/\/www.facebook.com\/profile.php?id=61576678196717","article_modified_time":"2025-09-21T20:33:50+00:00","og_image":[{"width":680,"height":680,"url":"https:\/\/vitablanca.ma\/wp-content\/uploads\/2025\/06\/chlorhydrate-de-betaine-avec-fenugrec-500-mg-180-capsules-.jpg","type":"image\/jpeg"}],"twitter_card":"summary_large_image","twitter_misc":{"Est. reading time":"1 minute"},"schema":{"@context":"https:\/\/schema.org","@graph":[{"@type":["WebPage","ItemPage"],"@id":"https:\/\/vitablanca.ma\/produit\/natural-factors-chlorhydrate-de-betaine-avec-fenugrec-500-mg-180-capsules-vegetariennes_maroc\/","url":"https:\/\/vitablanca.ma\/produit\/natural-factors-chlorhydrate-de-betaine-avec-fenugrec-500-mg-180-capsules-vegetariennes_maroc\/","name":"Natural Factors Betaine Hydrochloride 500 mg_Morocco Price","isPartOf":{"@id":"https:\/\/vitablanca.ma\/#website"},"primaryImageOfPage":{"@id":"https:\/\/vitablanca.ma\/produit\/natural-factors-chlorhydrate-de-betaine-avec-fenugrec-500-mg-180-capsules-vegetariennes_maroc\/#primaryimage"},"image":{"@id":"https:\/\/vitablanca.ma\/produit\/natural-factors-chlorhydrate-de-betaine-avec-fenugrec-500-mg-180-capsules-vegetariennes_maroc\/#primaryimage"},"thumbnailUrl":"https:\/\/vitablanca.ma\/wp-content\/uploads\/2025\/06\/chlorhydrate-de-betaine-avec-fenugrec-500-mg-180-capsules-.jpg","datePublished":"2025-06-24T17:04:17+00:00","dateModified":"2025-09-21T20:33:50+00:00","description":"Buy Natural Factors Betaine Hydrochloride (HCl) with Fenugreek 500 mg in Morocco. These 180 vegetarian capsules support optimal digestion.","breadcrumb":{"@id":"https:\/\/vitablanca.ma\/produit\/natural-factors-chlorhydrate-de-betaine-avec-fenugrec-500-mg-180-capsules-vegetariennes_maroc\/#breadcrumb"},"inLanguage":"en-US","potentialAction":[{"@type":"ReadAction","target":["https:\/\/vitablanca.ma\/produit\/natural-factors-chlorhydrate-de-betaine-avec-fenugrec-500-mg-180-capsules-vegetariennes_maroc\/"]}]},{"@type":"ImageObject","inLanguage":"en-US","@id":"https:\/\/vitablanca.ma\/produit\/natural-factors-chlorhydrate-de-betaine-avec-fenugrec-500-mg-180-capsules-vegetariennes_maroc\/#primaryimage","url":"https:\/\/vitablanca.ma\/wp-content\/uploads\/2025\/06\/chlorhydrate-de-betaine-avec-fenugrec-500-mg-180-capsules-.jpg","contentUrl":"https:\/\/vitablanca.ma\/wp-content\/uploads\/2025\/06\/chlorhydrate-de-betaine-avec-fenugrec-500-mg-180-capsules-.jpg","width":680,"height":680},{"@type":"BreadcrumbList","@id":"https:\/\/vitablanca.ma\/produit\/natural-factors-chlorhydrate-de-betaine-avec-fenugrec-500-mg-180-capsules-vegetariennes_maroc\/#breadcrumb","itemListElement":[{"@type":"ListItem","position":1,"name":"Home","item":"https:\/\/vitablanca.ma\/"},{"@type":"ListItem","position":2,"name":"Tous Les Produits","item":"https:\/\/vitablanca.ma\/tous-les-produits\/"},{"@type":"ListItem","position":3,"name":"Natural Factors Chlorhydrate de b\u00e9ta\u00efne avec fenugrec, 500 mg, 180 capsules v\u00e9g\u00e9tariennes"}]},{"@type":"WebSite","@id":"https:\/\/vitablanca.ma\/#website","url":"https:\/\/vitablanca.ma\/","name":"VitaBlanca.ma | Food supplements, health &amp; beauty in Morocco","description":"sell premium vitamins and supplements from USA &amp; Canada, New Zealand, Morocco (NOW Foods, Solgar, Manuka). Fast delivery anywhere in Morocco.","publisher":{"@id":"https:\/\/vitablanca.ma\/#organization"},"alternateName":"VitaBlanca.ma","potentialAction":[{"@type":"SearchAction","target":{"@type":"EntryPoint","urlTemplate":"https:\/\/vitablanca.ma\/?s={search_term_string}"},"query-input":{"@type":"PropertyValueSpecification","valueRequired":true,"valueName":"search_term_string"}}],"inLanguage":"en-US"},{"@type":"Organization","@id":"https:\/\/vitablanca.ma\/#organization","name":"VitaBlanca","url":"https:\/\/vitablanca.ma\/","logo":{"@type":"ImageObject","inLanguage":"en-US","@id":"https:\/\/vitablanca.ma\/#\/schema\/logo\/image\/","url":"https:\/\/vitablanca.ma\/wp-content\/uploads\/2025\/05\/cropped-vitablanca.png","contentUrl":"https:\/\/vitablanca.ma\/wp-content\/uploads\/2025\/05\/cropped-vitablanca.png","width":360,"height":67,"caption":"VitaBlanca"},"image":{"@id":"https:\/\/vitablanca.ma\/#\/schema\/logo\/image\/"},"sameAs":["https:\/\/www.facebook.com\/profile.php?id=61576678196717","https:\/\/www.tiktok.com\/@vitablanca.ma","https:\/\/www.instagram.com\/vitablanca.ma\/"]}]}},"jetpack_sharing_enabled":true,"_links":{"self":[{"href":"https:\/\/vitablanca.ma\/en\/wp-json\/wp\/v2\/product\/22991","targetHints":{"allow":["GET"]}}],"collection":[{"href":"https:\/\/vitablanca.ma\/en\/wp-json\/wp\/v2\/product"}],"about":[{"href":"https:\/\/vitablanca.ma\/en\/wp-json\/wp\/v2\/types\/product"}],"wp:featuredmedia":[{"embeddable":true,"href":"https:\/\/vitablanca.ma\/en\/wp-json\/wp\/v2\/media\/22993"}],"wp:attachment":[{"href":"https:\/\/vitablanca.ma\/en\/wp-json\/wp\/v2\/media?parent=22991"}],"wp:term":[{"taxonomy":"product_brand","embeddable":true,"href":"https:\/\/vitablanca.ma\/en\/wp-json\/wp\/v2\/product_brand?post=22991"},{"taxonomy":"product_cat","embeddable":true,"href":"https:\/\/vitablanca.ma\/en\/wp-json\/wp\/v2\/product_cat?post=22991"},{"taxonomy":"product_tag","embeddable":true,"href":"https:\/\/vitablanca.ma\/en\/wp-json\/wp\/v2\/product_tag?post=22991"}],"curies":[{"name":"wp","href":"https:\/\/api.w.org\/{rel}","templated":true}]}}