{"id":22988,"date":"2025-06-24T16:55:19","date_gmt":"2025-06-24T16:55:19","guid":{"rendered":"https:\/\/vitablanca.ma\/?post_type=product&#038;p=22988"},"modified":"2025-09-21T20:33:50","modified_gmt":"2025-09-21T20:33:50","slug":"natural-factors-omegafactors-ultra-prim-evening-primrose-oil-500-mg-180-softgels_mqroc","status":"publish","type":"product","link":"https:\/\/vitablanca.ma\/en\/product\/natural-factors-omegafactors-ultra-prim-evening-primrose-oil-500-mg-180-softgels_mqroc\/","title":{"rendered":"Natural Factors OmegaFactors, Ultra Prim, Evening Primrose Oil, 500 mg, 180 Softgels"},"content":{"rendered":"<p>Ultra Prim est fabriqu\u00e9 \u00e0 partir d\u2019huile d\u2019onagre de la plus haute qualit\u00e9, une source naturelle d\u2019acide gras essentiel om\u00e9ga-6, acide gamma-linol\u00e9nique (GLA). GLA est un acide gras qui est important pour une r\u00e9ponse inflammatoire saine, une r\u00e9ponse immunitaire et favorise la sant\u00e9 des femmes en fournissant un soutien nutritionnel pour le SPM. L\u2019huile est extraite par pressage \u00e0 froid, \u00e9galement appel\u00e9 pressage par expulseur. Cette m\u00e9thode douce \u00e9crase la graine pour lib\u00e9rer son huile nutritionnelle, sans l\u2019application de chaleur externe ou de solvants agressifs tels que l\u2019hexane. Le pressage \u00e0 froid am\u00e9liore la stabilit\u00e9 et aide \u00e0 pr\u00e9server les composants nutritionnels de l\u2019huile. Ultra Prim est \u00e9galement ultra-purifi\u00e9 pour \u00e9liminer tous r\u00e9sidus organiques ou impuret\u00e9s, vous donnant un produit stable sans conservateurs.<br><br><\/p>","protected":false},"excerpt":{"rendered":"<ul>\n<li>Food supplement<\/li>\n<li>Highly purified<\/li>\n<li>Chemical-free<\/li>\n<li>A source of omega-6 GLA<\/li>\n<li>Purity and potency guaranteed<\/li>\n<\/ul>","protected":false},"featured_media":22990,"template":"","meta":{"om_disable_all_campaigns":false},"product_brand":[1808],"product_cat":[18,3366,20,19],"product_tag":[2798,2979,4319,2981,2980],"class_list":{"0":"post-22988","1":"product","2":"type-product","3":"status-publish","4":"has-post-thumbnail","6":"product_brand-natural-factors-maroc-prix","7":"product_cat-beaute-sante","8":"product_cat-complements-alimentaires-au-maroc-vitablanca","9":"product_cat-supplements","10":"product_cat-vitamines-supplements-dietetiques","11":"product_tag-natural-factors","12":"product_tag-natural-factors-huile-onagre-maroc_","13":"product_tag-natural-factors-maroc","14":"product_tag-sante-hormonale-feminine-onagre_peau-saine-hydratee-onagre_","15":"product_tag-ultra-prim-omegafactors-maroc_huile-donagre-500mg-gla_","17":"first","18":"instock","19":"taxable","20":"shipping-taxable","21":"purchasable","22":"product-type-simple"},"yoast_head":"<!-- This site is optimized with the Yoast SEO plugin v27.5 - https:\/\/yoast.com\/product\/yoast-seo-wordpress\/ -->\n<title>Natural Factors OmegaFactors Ultra Prim 500 mg_ Maroc Prix<\/title>\n<meta name=\"description\" content=\"Achetez Natural Factors Ultra Prim Huile d&#039;Onagre 500 mg . Ces 180 capsules molles sont une source riche de GLA, soutenant la sant\u00e9 hormonale f\u00e9minine\" \/>\n<meta name=\"robots\" content=\"index, follow, max-snippet:-1, max-image-preview:large, max-video-preview:-1\" \/>\n<link rel=\"canonical\" href=\"https:\/\/vitablanca.ma\/en\/product\/natural-factors-omegafactors-ultra-prim-evening-primrose-oil-500-mg-180-softgels_mqroc\/\" \/>\n<meta property=\"og:locale\" content=\"en_US\" \/>\n<meta property=\"og:type\" content=\"article\" \/>\n<meta property=\"og:title\" content=\"Natural Factors OmegaFactors Ultra Prim 500 mg_ Maroc Prix\" \/>\n<meta property=\"og:description\" content=\"Achetez Natural Factors Ultra Prim Huile d&#039;Onagre 500 mg . Ces 180 capsules molles sont une source riche de GLA, soutenant la sant\u00e9 hormonale f\u00e9minine\" \/>\n<meta property=\"og:url\" content=\"https:\/\/vitablanca.ma\/en\/product\/natural-factors-omegafactors-ultra-prim-evening-primrose-oil-500-mg-180-softgels_mqroc\/\" \/>\n<meta property=\"og:site_name\" content=\"Vitablanca.ma &ndash; Sant&eacute;, vitalit&eacute; et bien-&ecirc;tre pour tous les Marocains\" \/>\n<meta property=\"article:publisher\" content=\"https:\/\/www.facebook.com\/profile.php?id=61576678196717\" \/>\n<meta property=\"article:modified_time\" content=\"2025-09-21T20:33:50+00:00\" \/>\n<meta property=\"og:image\" content=\"https:\/\/vitablanca.ma\/wp-content\/uploads\/2025\/06\/natural-factors-omegafactors-ultra-prim-evening-primrose-oil-500-mg-.jpg\" \/>\n\t<meta property=\"og:image:width\" content=\"680\" \/>\n\t<meta property=\"og:image:height\" content=\"680\" \/>\n\t<meta property=\"og:image:type\" content=\"image\/jpeg\" \/>\n<meta name=\"twitter:card\" content=\"summary_large_image\" \/>\n<meta name=\"twitter:label1\" content=\"Est. reading time\" \/>\n\t<meta name=\"twitter:data1\" content=\"1 minute\" \/>\n<script type=\"application\/ld+json\" class=\"yoast-schema-graph\">{\"@context\":\"https:\\\/\\\/schema.org\",\"@graph\":[{\"@type\":[\"WebPage\",\"ItemPage\"],\"@id\":\"https:\\\/\\\/vitablanca.ma\\\/produit\\\/natural-factors-omegafactors-ultra-prim-evening-primrose-oil-500-mg-180-softgels_mqroc\\\/\",\"url\":\"https:\\\/\\\/vitablanca.ma\\\/produit\\\/natural-factors-omegafactors-ultra-prim-evening-primrose-oil-500-mg-180-softgels_mqroc\\\/\",\"name\":\"Natural Factors OmegaFactors Ultra Prim 500 mg_ Maroc Prix\",\"isPartOf\":{\"@id\":\"https:\\\/\\\/vitablanca.ma\\\/#website\"},\"primaryImageOfPage\":{\"@id\":\"https:\\\/\\\/vitablanca.ma\\\/produit\\\/natural-factors-omegafactors-ultra-prim-evening-primrose-oil-500-mg-180-softgels_mqroc\\\/#primaryimage\"},\"image\":{\"@id\":\"https:\\\/\\\/vitablanca.ma\\\/produit\\\/natural-factors-omegafactors-ultra-prim-evening-primrose-oil-500-mg-180-softgels_mqroc\\\/#primaryimage\"},\"thumbnailUrl\":\"https:\\\/\\\/vitablanca.ma\\\/wp-content\\\/uploads\\\/2025\\\/06\\\/natural-factors-omegafactors-ultra-prim-evening-primrose-oil-500-mg-.jpg\",\"datePublished\":\"2025-06-24T16:55:19+00:00\",\"dateModified\":\"2025-09-21T20:33:50+00:00\",\"description\":\"Achetez Natural Factors Ultra Prim Huile d'Onagre 500 mg . Ces 180 capsules molles sont une source riche de GLA, soutenant la sant\u00e9 hormonale f\u00e9minine\",\"breadcrumb\":{\"@id\":\"https:\\\/\\\/vitablanca.ma\\\/produit\\\/natural-factors-omegafactors-ultra-prim-evening-primrose-oil-500-mg-180-softgels_mqroc\\\/#breadcrumb\"},\"inLanguage\":\"en-US\",\"potentialAction\":[{\"@type\":\"ReadAction\",\"target\":[\"https:\\\/\\\/vitablanca.ma\\\/produit\\\/natural-factors-omegafactors-ultra-prim-evening-primrose-oil-500-mg-180-softgels_mqroc\\\/\"]}]},{\"@type\":\"ImageObject\",\"inLanguage\":\"en-US\",\"@id\":\"https:\\\/\\\/vitablanca.ma\\\/produit\\\/natural-factors-omegafactors-ultra-prim-evening-primrose-oil-500-mg-180-softgels_mqroc\\\/#primaryimage\",\"url\":\"https:\\\/\\\/vitablanca.ma\\\/wp-content\\\/uploads\\\/2025\\\/06\\\/natural-factors-omegafactors-ultra-prim-evening-primrose-oil-500-mg-.jpg\",\"contentUrl\":\"https:\\\/\\\/vitablanca.ma\\\/wp-content\\\/uploads\\\/2025\\\/06\\\/natural-factors-omegafactors-ultra-prim-evening-primrose-oil-500-mg-.jpg\",\"width\":680,\"height\":680},{\"@type\":\"BreadcrumbList\",\"@id\":\"https:\\\/\\\/vitablanca.ma\\\/produit\\\/natural-factors-omegafactors-ultra-prim-evening-primrose-oil-500-mg-180-softgels_mqroc\\\/#breadcrumb\",\"itemListElement\":[{\"@type\":\"ListItem\",\"position\":1,\"name\":\"Home\",\"item\":\"https:\\\/\\\/vitablanca.ma\\\/\"},{\"@type\":\"ListItem\",\"position\":2,\"name\":\"Tous Les Produits\",\"item\":\"https:\\\/\\\/vitablanca.ma\\\/tous-les-produits\\\/\"},{\"@type\":\"ListItem\",\"position\":3,\"name\":\"Natural Factors OmegaFactors, Ultra Prim, Evening Primrose Oil, 500 mg, 180 Softgels\"}]},{\"@type\":\"WebSite\",\"@id\":\"https:\\\/\\\/vitablanca.ma\\\/#website\",\"url\":\"https:\\\/\\\/vitablanca.ma\\\/\",\"name\":\"VitaBlanca.ma | Compl\u00e9ments alimentaires, sant\u00e9 & beaut\u00e9 au Maroc\",\"description\":\"vendre vitamines et compl\u00e9ments premium des USA &amp; Canada, Nouvelle Z\u00e9lande,Maroc (NOW Foods, Solgar, Manuka). Livraison rapide partout au Maroc.\",\"publisher\":{\"@id\":\"https:\\\/\\\/vitablanca.ma\\\/#organization\"},\"alternateName\":\"VitaBlanca.ma\",\"potentialAction\":[{\"@type\":\"SearchAction\",\"target\":{\"@type\":\"EntryPoint\",\"urlTemplate\":\"https:\\\/\\\/vitablanca.ma\\\/?s={search_term_string}\"},\"query-input\":{\"@type\":\"PropertyValueSpecification\",\"valueRequired\":true,\"valueName\":\"search_term_string\"}}],\"inLanguage\":\"en-US\"},{\"@type\":\"Organization\",\"@id\":\"https:\\\/\\\/vitablanca.ma\\\/#organization\",\"name\":\"VitaBlanca\",\"url\":\"https:\\\/\\\/vitablanca.ma\\\/\",\"logo\":{\"@type\":\"ImageObject\",\"inLanguage\":\"en-US\",\"@id\":\"https:\\\/\\\/vitablanca.ma\\\/#\\\/schema\\\/logo\\\/image\\\/\",\"url\":\"https:\\\/\\\/vitablanca.ma\\\/wp-content\\\/uploads\\\/2025\\\/05\\\/cropped-vitablanca.png\",\"contentUrl\":\"https:\\\/\\\/vitablanca.ma\\\/wp-content\\\/uploads\\\/2025\\\/05\\\/cropped-vitablanca.png\",\"width\":360,\"height\":67,\"caption\":\"VitaBlanca\"},\"image\":{\"@id\":\"https:\\\/\\\/vitablanca.ma\\\/#\\\/schema\\\/logo\\\/image\\\/\"},\"sameAs\":[\"https:\\\/\\\/www.facebook.com\\\/profile.php?id=61576678196717\",\"https:\\\/\\\/www.tiktok.com\\\/@vitablanca.ma\",\"https:\\\/\\\/www.instagram.com\\\/vitablanca.ma\\\/\"]}]}<\/script>\n<!-- \/ Yoast SEO plugin. -->","yoast_head_json":{"title":"Natural Factors OmegaFactors Ultra Prim 500 mg_ Morocco Price","description":"Buy Natural Factors Ultra Prim Evening Primrose Oil 500 mg. These 180 softgels are a rich source of GLA, supporting female hormonal health.","robots":{"index":"index","follow":"follow","max-snippet":"max-snippet:-1","max-image-preview":"max-image-preview:large","max-video-preview":"max-video-preview:-1"},"canonical":"https:\/\/vitablanca.ma\/en\/product\/natural-factors-omegafactors-ultra-prim-evening-primrose-oil-500-mg-180-softgels_mqroc\/","og_locale":"en_US","og_type":"article","og_title":"Natural Factors OmegaFactors Ultra Prim 500 mg_ Maroc Prix","og_description":"Achetez Natural Factors Ultra Prim Huile d'Onagre 500 mg . Ces 180 capsules molles sont une source riche de GLA, soutenant la sant\u00e9 hormonale f\u00e9minine","og_url":"https:\/\/vitablanca.ma\/en\/product\/natural-factors-omegafactors-ultra-prim-evening-primrose-oil-500-mg-180-softgels_mqroc\/","og_site_name":"Vitablanca.ma &ndash; Sant&eacute;, vitalit&eacute; et bien-&ecirc;tre pour tous les Marocains","article_publisher":"https:\/\/www.facebook.com\/profile.php?id=61576678196717","article_modified_time":"2025-09-21T20:33:50+00:00","og_image":[{"width":680,"height":680,"url":"https:\/\/vitablanca.ma\/wp-content\/uploads\/2025\/06\/natural-factors-omegafactors-ultra-prim-evening-primrose-oil-500-mg-.jpg","type":"image\/jpeg"}],"twitter_card":"summary_large_image","twitter_misc":{"Est. reading time":"1 minute"},"schema":{"@context":"https:\/\/schema.org","@graph":[{"@type":["WebPage","ItemPage"],"@id":"https:\/\/vitablanca.ma\/produit\/natural-factors-omegafactors-ultra-prim-evening-primrose-oil-500-mg-180-softgels_mqroc\/","url":"https:\/\/vitablanca.ma\/produit\/natural-factors-omegafactors-ultra-prim-evening-primrose-oil-500-mg-180-softgels_mqroc\/","name":"Natural Factors OmegaFactors Ultra Prim 500 mg_ Morocco Price","isPartOf":{"@id":"https:\/\/vitablanca.ma\/#website"},"primaryImageOfPage":{"@id":"https:\/\/vitablanca.ma\/produit\/natural-factors-omegafactors-ultra-prim-evening-primrose-oil-500-mg-180-softgels_mqroc\/#primaryimage"},"image":{"@id":"https:\/\/vitablanca.ma\/produit\/natural-factors-omegafactors-ultra-prim-evening-primrose-oil-500-mg-180-softgels_mqroc\/#primaryimage"},"thumbnailUrl":"https:\/\/vitablanca.ma\/wp-content\/uploads\/2025\/06\/natural-factors-omegafactors-ultra-prim-evening-primrose-oil-500-mg-.jpg","datePublished":"2025-06-24T16:55:19+00:00","dateModified":"2025-09-21T20:33:50+00:00","description":"Buy Natural Factors Ultra Prim Evening Primrose Oil 500 mg. These 180 softgels are a rich source of GLA, supporting female hormonal health.","breadcrumb":{"@id":"https:\/\/vitablanca.ma\/produit\/natural-factors-omegafactors-ultra-prim-evening-primrose-oil-500-mg-180-softgels_mqroc\/#breadcrumb"},"inLanguage":"en-US","potentialAction":[{"@type":"ReadAction","target":["https:\/\/vitablanca.ma\/produit\/natural-factors-omegafactors-ultra-prim-evening-primrose-oil-500-mg-180-softgels_mqroc\/"]}]},{"@type":"ImageObject","inLanguage":"en-US","@id":"https:\/\/vitablanca.ma\/produit\/natural-factors-omegafactors-ultra-prim-evening-primrose-oil-500-mg-180-softgels_mqroc\/#primaryimage","url":"https:\/\/vitablanca.ma\/wp-content\/uploads\/2025\/06\/natural-factors-omegafactors-ultra-prim-evening-primrose-oil-500-mg-.jpg","contentUrl":"https:\/\/vitablanca.ma\/wp-content\/uploads\/2025\/06\/natural-factors-omegafactors-ultra-prim-evening-primrose-oil-500-mg-.jpg","width":680,"height":680},{"@type":"BreadcrumbList","@id":"https:\/\/vitablanca.ma\/produit\/natural-factors-omegafactors-ultra-prim-evening-primrose-oil-500-mg-180-softgels_mqroc\/#breadcrumb","itemListElement":[{"@type":"ListItem","position":1,"name":"Home","item":"https:\/\/vitablanca.ma\/"},{"@type":"ListItem","position":2,"name":"Tous Les Produits","item":"https:\/\/vitablanca.ma\/tous-les-produits\/"},{"@type":"ListItem","position":3,"name":"Natural Factors OmegaFactors, Ultra Prim, Evening Primrose Oil, 500 mg, 180 Softgels"}]},{"@type":"WebSite","@id":"https:\/\/vitablanca.ma\/#website","url":"https:\/\/vitablanca.ma\/","name":"VitaBlanca.ma | Food supplements, health &amp; beauty in Morocco","description":"sell premium vitamins and supplements from USA &amp; Canada, New Zealand, Morocco (NOW Foods, Solgar, Manuka). Fast delivery anywhere in Morocco.","publisher":{"@id":"https:\/\/vitablanca.ma\/#organization"},"alternateName":"VitaBlanca.ma","potentialAction":[{"@type":"SearchAction","target":{"@type":"EntryPoint","urlTemplate":"https:\/\/vitablanca.ma\/?s={search_term_string}"},"query-input":{"@type":"PropertyValueSpecification","valueRequired":true,"valueName":"search_term_string"}}],"inLanguage":"en-US"},{"@type":"Organization","@id":"https:\/\/vitablanca.ma\/#organization","name":"VitaBlanca","url":"https:\/\/vitablanca.ma\/","logo":{"@type":"ImageObject","inLanguage":"en-US","@id":"https:\/\/vitablanca.ma\/#\/schema\/logo\/image\/","url":"https:\/\/vitablanca.ma\/wp-content\/uploads\/2025\/05\/cropped-vitablanca.png","contentUrl":"https:\/\/vitablanca.ma\/wp-content\/uploads\/2025\/05\/cropped-vitablanca.png","width":360,"height":67,"caption":"VitaBlanca"},"image":{"@id":"https:\/\/vitablanca.ma\/#\/schema\/logo\/image\/"},"sameAs":["https:\/\/www.facebook.com\/profile.php?id=61576678196717","https:\/\/www.tiktok.com\/@vitablanca.ma","https:\/\/www.instagram.com\/vitablanca.ma\/"]}]}},"jetpack_sharing_enabled":true,"_links":{"self":[{"href":"https:\/\/vitablanca.ma\/en\/wp-json\/wp\/v2\/product\/22988","targetHints":{"allow":["GET"]}}],"collection":[{"href":"https:\/\/vitablanca.ma\/en\/wp-json\/wp\/v2\/product"}],"about":[{"href":"https:\/\/vitablanca.ma\/en\/wp-json\/wp\/v2\/types\/product"}],"wp:featuredmedia":[{"embeddable":true,"href":"https:\/\/vitablanca.ma\/en\/wp-json\/wp\/v2\/media\/22990"}],"wp:attachment":[{"href":"https:\/\/vitablanca.ma\/en\/wp-json\/wp\/v2\/media?parent=22988"}],"wp:term":[{"taxonomy":"product_brand","embeddable":true,"href":"https:\/\/vitablanca.ma\/en\/wp-json\/wp\/v2\/product_brand?post=22988"},{"taxonomy":"product_cat","embeddable":true,"href":"https:\/\/vitablanca.ma\/en\/wp-json\/wp\/v2\/product_cat?post=22988"},{"taxonomy":"product_tag","embeddable":true,"href":"https:\/\/vitablanca.ma\/en\/wp-json\/wp\/v2\/product_tag?post=22988"}],"curies":[{"name":"wp","href":"https:\/\/api.w.org\/{rel}","templated":true}]}}