{"id":22985,"date":"2025-06-24T16:35:54","date_gmt":"2025-06-24T16:35:54","guid":{"rendered":"https:\/\/vitablanca.ma\/?post_type=product&#038;p=22985"},"modified":"2025-09-21T20:33:50","modified_gmt":"2025-09-21T20:33:50","slug":"natural-factors-huile-de-saumon-sauvag-dalaska-1000-mg-90-gelules_maroc","status":"publish","type":"product","link":"https:\/\/vitablanca.ma\/en\/product\/natural-factors-huile-de-saumon-sauvag-dalaska-1000-mg-90-gelules_maroc\/","title":{"rendered":"Natural Factors Wild Alaskan Salmon Oil, 1000 mg, 90 Softgels"},"content":{"rendered":"<p>Le saumon sauvag est un choix plus sain que le saumon d\u2019\u00e9levage, qui contient des niveaux \u00e9lev\u00e9s d\u2019antibiotiques, de PCB et de dioxines. Source d\u2019acides gras om\u00e9ga-3 et d\u2019astaxanthine, l\u2019huile de saumon sauvag a un rapport naturel d\u2019EPA sur DHA. Le saumon sauvag peut \u00eatre un meilleur choix environnemental parce que les fermes salmonicoles peuvent polluer les eaux c\u00f4ti\u00e8res. L\u2019huile est extraite du saumon d\u00e9j\u00e0 r\u00e9colt\u00e9, en utilisant des morceaux de poisson qui seraient autrement gaspill\u00e9s, conservant ainsi les stocks existants. Rigoureusement test\u00e9 pour la puret\u00e9, ce produit est garanti pour r\u00e9pondre ou d\u00e9passer les normes de qualit\u00e9 \u00e9tablies par le gouvernement canadien et le Conseil pour une nutrition responsable pour les polluants environnementaux tels que les m\u00e9taux lourds, les pesticides, les dioxines, les BPC et autres compos\u00e9s nocifs.<\/p>","protected":false},"excerpt":{"rendered":"<ul>\n<li>Food supplement<\/li>\n<li>Omega factors<\/li>\n<li>100% Pure Salmon Oil<\/li>\n<li>Omega-3 EPA and DHA 150 mg<\/li>\n<li>Purity and potency guaranteed<\/li>\n<\/ul>","protected":false},"featured_media":22987,"template":"","meta":{"om_disable_all_campaigns":false},"product_brand":[1808],"product_cat":[18,3366,20,19],"product_tag":[2798,2977,4319,2978],"class_list":{"0":"post-22985","1":"product","2":"type-product","3":"status-publish","4":"has-post-thumbnail","6":"product_brand-natural-factors-maroc-prix","7":"product_cat-beaute-sante","8":"product_cat-complements-alimentaires-au-maroc-vitablanca","9":"product_cat-supplements","10":"product_cat-vitamines-supplements-dietetiques","11":"product_tag-natural-factors","12":"product_tag-natural-factors-huile-saumon-sauvage-maroc_","13":"product_tag-natural-factors-maroc","14":"product_tag-omega-3-alaska-1000mg_sante-cardiaque-omega-3_huile-de-poisson-pure-maroc_epa-dha-supplement-maroc_natural-factors-maroc","16":"first","17":"instock","18":"taxable","19":"shipping-taxable","20":"purchasable","21":"product-type-simple"},"yoast_head":"<!-- This site is optimized with the Yoast SEO plugin v27.5 - https:\/\/yoast.com\/product\/yoast-seo-wordpress\/ -->\n<title>Natural Factors Huile de Saumon 1000 mg_ Maroc Prix<\/title>\n<meta name=\"description\" content=\"Achetez Natural Factors Huile de Saumon 1000 mg . Ces 90 g\u00e9lules sont une source pure d&#039;Om\u00e9ga-3\" \/>\n<meta name=\"robots\" content=\"index, follow, max-snippet:-1, max-image-preview:large, max-video-preview:-1\" \/>\n<link rel=\"canonical\" href=\"https:\/\/vitablanca.ma\/en\/product\/natural-factors-huile-de-saumon-sauvag-dalaska-1000-mg-90-gelules_maroc\/\" \/>\n<meta property=\"og:locale\" content=\"en_US\" \/>\n<meta property=\"og:type\" content=\"article\" \/>\n<meta property=\"og:title\" content=\"Natural Factors Huile de Saumon 1000 mg_ Maroc Prix\" \/>\n<meta property=\"og:description\" content=\"Achetez Natural Factors Huile de Saumon 1000 mg . Ces 90 g\u00e9lules sont une source pure d&#039;Om\u00e9ga-3\" \/>\n<meta property=\"og:url\" content=\"https:\/\/vitablanca.ma\/en\/product\/natural-factors-huile-de-saumon-sauvag-dalaska-1000-mg-90-gelules_maroc\/\" \/>\n<meta property=\"og:site_name\" content=\"Vitablanca.ma &ndash; Sant&eacute;, vitalit&eacute; et bien-&ecirc;tre pour tous les Marocains\" \/>\n<meta property=\"article:publisher\" content=\"https:\/\/www.facebook.com\/profile.php?id=61576678196717\" \/>\n<meta property=\"article:modified_time\" content=\"2025-09-21T20:33:50+00:00\" \/>\n<meta property=\"og:image\" content=\"https:\/\/vitablanca.ma\/wp-content\/uploads\/2025\/06\/huile-de-saumon-sauvag-dalaska-1000-mg-90-gelules-natural-factors-.jpg\" \/>\n\t<meta property=\"og:image:width\" content=\"680\" \/>\n\t<meta property=\"og:image:height\" content=\"680\" \/>\n\t<meta property=\"og:image:type\" content=\"image\/jpeg\" \/>\n<meta name=\"twitter:card\" content=\"summary_large_image\" \/>\n<meta name=\"twitter:label1\" content=\"Est. reading time\" \/>\n\t<meta name=\"twitter:data1\" content=\"1 minute\" \/>\n<script type=\"application\/ld+json\" class=\"yoast-schema-graph\">{\"@context\":\"https:\\\/\\\/schema.org\",\"@graph\":[{\"@type\":[\"WebPage\",\"ItemPage\"],\"@id\":\"https:\\\/\\\/vitablanca.ma\\\/produit\\\/natural-factors-huile-de-saumon-sauvag-dalaska-1000-mg-90-gelules_maroc\\\/\",\"url\":\"https:\\\/\\\/vitablanca.ma\\\/produit\\\/natural-factors-huile-de-saumon-sauvag-dalaska-1000-mg-90-gelules_maroc\\\/\",\"name\":\"Natural Factors Huile de Saumon 1000 mg_ Maroc Prix\",\"isPartOf\":{\"@id\":\"https:\\\/\\\/vitablanca.ma\\\/#website\"},\"primaryImageOfPage\":{\"@id\":\"https:\\\/\\\/vitablanca.ma\\\/produit\\\/natural-factors-huile-de-saumon-sauvag-dalaska-1000-mg-90-gelules_maroc\\\/#primaryimage\"},\"image\":{\"@id\":\"https:\\\/\\\/vitablanca.ma\\\/produit\\\/natural-factors-huile-de-saumon-sauvag-dalaska-1000-mg-90-gelules_maroc\\\/#primaryimage\"},\"thumbnailUrl\":\"https:\\\/\\\/vitablanca.ma\\\/wp-content\\\/uploads\\\/2025\\\/06\\\/huile-de-saumon-sauvag-dalaska-1000-mg-90-gelules-natural-factors-.jpg\",\"datePublished\":\"2025-06-24T16:35:54+00:00\",\"dateModified\":\"2025-09-21T20:33:50+00:00\",\"description\":\"Achetez Natural Factors Huile de Saumon 1000 mg . Ces 90 g\u00e9lules sont une source pure d'Om\u00e9ga-3\",\"breadcrumb\":{\"@id\":\"https:\\\/\\\/vitablanca.ma\\\/produit\\\/natural-factors-huile-de-saumon-sauvag-dalaska-1000-mg-90-gelules_maroc\\\/#breadcrumb\"},\"inLanguage\":\"en-US\",\"potentialAction\":[{\"@type\":\"ReadAction\",\"target\":[\"https:\\\/\\\/vitablanca.ma\\\/produit\\\/natural-factors-huile-de-saumon-sauvag-dalaska-1000-mg-90-gelules_maroc\\\/\"]}]},{\"@type\":\"ImageObject\",\"inLanguage\":\"en-US\",\"@id\":\"https:\\\/\\\/vitablanca.ma\\\/produit\\\/natural-factors-huile-de-saumon-sauvag-dalaska-1000-mg-90-gelules_maroc\\\/#primaryimage\",\"url\":\"https:\\\/\\\/vitablanca.ma\\\/wp-content\\\/uploads\\\/2025\\\/06\\\/huile-de-saumon-sauvag-dalaska-1000-mg-90-gelules-natural-factors-.jpg\",\"contentUrl\":\"https:\\\/\\\/vitablanca.ma\\\/wp-content\\\/uploads\\\/2025\\\/06\\\/huile-de-saumon-sauvag-dalaska-1000-mg-90-gelules-natural-factors-.jpg\",\"width\":680,\"height\":680},{\"@type\":\"BreadcrumbList\",\"@id\":\"https:\\\/\\\/vitablanca.ma\\\/produit\\\/natural-factors-huile-de-saumon-sauvag-dalaska-1000-mg-90-gelules_maroc\\\/#breadcrumb\",\"itemListElement\":[{\"@type\":\"ListItem\",\"position\":1,\"name\":\"Home\",\"item\":\"https:\\\/\\\/vitablanca.ma\\\/\"},{\"@type\":\"ListItem\",\"position\":2,\"name\":\"Tous Les Produits\",\"item\":\"https:\\\/\\\/vitablanca.ma\\\/tous-les-produits\\\/\"},{\"@type\":\"ListItem\",\"position\":3,\"name\":\"Natural Factors Huile de saumon sauvag d&#8217;Alaska, 1000 mg, 90 g\u00e9lules\"}]},{\"@type\":\"WebSite\",\"@id\":\"https:\\\/\\\/vitablanca.ma\\\/#website\",\"url\":\"https:\\\/\\\/vitablanca.ma\\\/\",\"name\":\"VitaBlanca.ma | Compl\u00e9ments alimentaires, sant\u00e9 & beaut\u00e9 au Maroc\",\"description\":\"vendre vitamines et compl\u00e9ments premium des USA &amp; Canada, Nouvelle Z\u00e9lande,Maroc (NOW Foods, Solgar, Manuka). Livraison rapide partout au Maroc.\",\"publisher\":{\"@id\":\"https:\\\/\\\/vitablanca.ma\\\/#organization\"},\"alternateName\":\"VitaBlanca.ma\",\"potentialAction\":[{\"@type\":\"SearchAction\",\"target\":{\"@type\":\"EntryPoint\",\"urlTemplate\":\"https:\\\/\\\/vitablanca.ma\\\/?s={search_term_string}\"},\"query-input\":{\"@type\":\"PropertyValueSpecification\",\"valueRequired\":true,\"valueName\":\"search_term_string\"}}],\"inLanguage\":\"en-US\"},{\"@type\":\"Organization\",\"@id\":\"https:\\\/\\\/vitablanca.ma\\\/#organization\",\"name\":\"VitaBlanca\",\"url\":\"https:\\\/\\\/vitablanca.ma\\\/\",\"logo\":{\"@type\":\"ImageObject\",\"inLanguage\":\"en-US\",\"@id\":\"https:\\\/\\\/vitablanca.ma\\\/#\\\/schema\\\/logo\\\/image\\\/\",\"url\":\"https:\\\/\\\/vitablanca.ma\\\/wp-content\\\/uploads\\\/2025\\\/05\\\/cropped-vitablanca.png\",\"contentUrl\":\"https:\\\/\\\/vitablanca.ma\\\/wp-content\\\/uploads\\\/2025\\\/05\\\/cropped-vitablanca.png\",\"width\":360,\"height\":67,\"caption\":\"VitaBlanca\"},\"image\":{\"@id\":\"https:\\\/\\\/vitablanca.ma\\\/#\\\/schema\\\/logo\\\/image\\\/\"},\"sameAs\":[\"https:\\\/\\\/www.facebook.com\\\/profile.php?id=61576678196717\",\"https:\\\/\\\/www.tiktok.com\\\/@vitablanca.ma\",\"https:\\\/\\\/www.instagram.com\\\/vitablanca.ma\\\/\"]}]}<\/script>\n<!-- \/ Yoast SEO plugin. -->","yoast_head_json":{"title":"Natural Factors Salmon Oil 1000 mg_ Morocco Price","description":"Buy Natural Factors Salmon Oil 1000 mg. These 90 softgels are a pure source of Omega-3.","robots":{"index":"index","follow":"follow","max-snippet":"max-snippet:-1","max-image-preview":"max-image-preview:large","max-video-preview":"max-video-preview:-1"},"canonical":"https:\/\/vitablanca.ma\/en\/product\/natural-factors-huile-de-saumon-sauvag-dalaska-1000-mg-90-gelules_maroc\/","og_locale":"en_US","og_type":"article","og_title":"Natural Factors Huile de Saumon 1000 mg_ Maroc Prix","og_description":"Achetez Natural Factors Huile de Saumon 1000 mg . Ces 90 g\u00e9lules sont une source pure d'Om\u00e9ga-3","og_url":"https:\/\/vitablanca.ma\/en\/product\/natural-factors-huile-de-saumon-sauvag-dalaska-1000-mg-90-gelules_maroc\/","og_site_name":"Vitablanca.ma &ndash; Sant&eacute;, vitalit&eacute; et bien-&ecirc;tre pour tous les Marocains","article_publisher":"https:\/\/www.facebook.com\/profile.php?id=61576678196717","article_modified_time":"2025-09-21T20:33:50+00:00","og_image":[{"width":680,"height":680,"url":"https:\/\/vitablanca.ma\/wp-content\/uploads\/2025\/06\/huile-de-saumon-sauvag-dalaska-1000-mg-90-gelules-natural-factors-.jpg","type":"image\/jpeg"}],"twitter_card":"summary_large_image","twitter_misc":{"Est. reading time":"1 minute"},"schema":{"@context":"https:\/\/schema.org","@graph":[{"@type":["WebPage","ItemPage"],"@id":"https:\/\/vitablanca.ma\/produit\/natural-factors-huile-de-saumon-sauvag-dalaska-1000-mg-90-gelules_maroc\/","url":"https:\/\/vitablanca.ma\/produit\/natural-factors-huile-de-saumon-sauvag-dalaska-1000-mg-90-gelules_maroc\/","name":"Natural Factors Salmon Oil 1000 mg_ Morocco Price","isPartOf":{"@id":"https:\/\/vitablanca.ma\/#website"},"primaryImageOfPage":{"@id":"https:\/\/vitablanca.ma\/produit\/natural-factors-huile-de-saumon-sauvag-dalaska-1000-mg-90-gelules_maroc\/#primaryimage"},"image":{"@id":"https:\/\/vitablanca.ma\/produit\/natural-factors-huile-de-saumon-sauvag-dalaska-1000-mg-90-gelules_maroc\/#primaryimage"},"thumbnailUrl":"https:\/\/vitablanca.ma\/wp-content\/uploads\/2025\/06\/huile-de-saumon-sauvag-dalaska-1000-mg-90-gelules-natural-factors-.jpg","datePublished":"2025-06-24T16:35:54+00:00","dateModified":"2025-09-21T20:33:50+00:00","description":"Buy Natural Factors Salmon Oil 1000 mg. These 90 softgels are a pure source of Omega-3.","breadcrumb":{"@id":"https:\/\/vitablanca.ma\/produit\/natural-factors-huile-de-saumon-sauvag-dalaska-1000-mg-90-gelules_maroc\/#breadcrumb"},"inLanguage":"en-US","potentialAction":[{"@type":"ReadAction","target":["https:\/\/vitablanca.ma\/produit\/natural-factors-huile-de-saumon-sauvag-dalaska-1000-mg-90-gelules_maroc\/"]}]},{"@type":"ImageObject","inLanguage":"en-US","@id":"https:\/\/vitablanca.ma\/produit\/natural-factors-huile-de-saumon-sauvag-dalaska-1000-mg-90-gelules_maroc\/#primaryimage","url":"https:\/\/vitablanca.ma\/wp-content\/uploads\/2025\/06\/huile-de-saumon-sauvag-dalaska-1000-mg-90-gelules-natural-factors-.jpg","contentUrl":"https:\/\/vitablanca.ma\/wp-content\/uploads\/2025\/06\/huile-de-saumon-sauvag-dalaska-1000-mg-90-gelules-natural-factors-.jpg","width":680,"height":680},{"@type":"BreadcrumbList","@id":"https:\/\/vitablanca.ma\/produit\/natural-factors-huile-de-saumon-sauvag-dalaska-1000-mg-90-gelules_maroc\/#breadcrumb","itemListElement":[{"@type":"ListItem","position":1,"name":"Home","item":"https:\/\/vitablanca.ma\/"},{"@type":"ListItem","position":2,"name":"Tous Les Produits","item":"https:\/\/vitablanca.ma\/tous-les-produits\/"},{"@type":"ListItem","position":3,"name":"Natural Factors Huile de saumon sauvag d&#8217;Alaska, 1000 mg, 90 g\u00e9lules"}]},{"@type":"WebSite","@id":"https:\/\/vitablanca.ma\/#website","url":"https:\/\/vitablanca.ma\/","name":"VitaBlanca.ma | Food supplements, health &amp; beauty in Morocco","description":"sell premium vitamins and supplements from USA &amp; Canada, New Zealand, Morocco (NOW Foods, Solgar, Manuka). Fast delivery anywhere in Morocco.","publisher":{"@id":"https:\/\/vitablanca.ma\/#organization"},"alternateName":"VitaBlanca.ma","potentialAction":[{"@type":"SearchAction","target":{"@type":"EntryPoint","urlTemplate":"https:\/\/vitablanca.ma\/?s={search_term_string}"},"query-input":{"@type":"PropertyValueSpecification","valueRequired":true,"valueName":"search_term_string"}}],"inLanguage":"en-US"},{"@type":"Organization","@id":"https:\/\/vitablanca.ma\/#organization","name":"VitaBlanca","url":"https:\/\/vitablanca.ma\/","logo":{"@type":"ImageObject","inLanguage":"en-US","@id":"https:\/\/vitablanca.ma\/#\/schema\/logo\/image\/","url":"https:\/\/vitablanca.ma\/wp-content\/uploads\/2025\/05\/cropped-vitablanca.png","contentUrl":"https:\/\/vitablanca.ma\/wp-content\/uploads\/2025\/05\/cropped-vitablanca.png","width":360,"height":67,"caption":"VitaBlanca"},"image":{"@id":"https:\/\/vitablanca.ma\/#\/schema\/logo\/image\/"},"sameAs":["https:\/\/www.facebook.com\/profile.php?id=61576678196717","https:\/\/www.tiktok.com\/@vitablanca.ma","https:\/\/www.instagram.com\/vitablanca.ma\/"]}]}},"jetpack_sharing_enabled":true,"_links":{"self":[{"href":"https:\/\/vitablanca.ma\/en\/wp-json\/wp\/v2\/product\/22985","targetHints":{"allow":["GET"]}}],"collection":[{"href":"https:\/\/vitablanca.ma\/en\/wp-json\/wp\/v2\/product"}],"about":[{"href":"https:\/\/vitablanca.ma\/en\/wp-json\/wp\/v2\/types\/product"}],"wp:featuredmedia":[{"embeddable":true,"href":"https:\/\/vitablanca.ma\/en\/wp-json\/wp\/v2\/media\/22987"}],"wp:attachment":[{"href":"https:\/\/vitablanca.ma\/en\/wp-json\/wp\/v2\/media?parent=22985"}],"wp:term":[{"taxonomy":"product_brand","embeddable":true,"href":"https:\/\/vitablanca.ma\/en\/wp-json\/wp\/v2\/product_brand?post=22985"},{"taxonomy":"product_cat","embeddable":true,"href":"https:\/\/vitablanca.ma\/en\/wp-json\/wp\/v2\/product_cat?post=22985"},{"taxonomy":"product_tag","embeddable":true,"href":"https:\/\/vitablanca.ma\/en\/wp-json\/wp\/v2\/product_tag?post=22985"}],"curies":[{"name":"wp","href":"https:\/\/api.w.org\/{rel}","templated":true}]}}