{"id":22957,"date":"2025-06-23T22:27:53","date_gmt":"2025-06-23T22:27:53","guid":{"rendered":"https:\/\/vitablanca.ma\/?post_type=product&#038;p=22957"},"modified":"2025-08-30T20:56:10","modified_gmt":"2025-08-30T20:56:10","slug":"natures-way-charbon-active-560-mg-de-charbon-de-bois-par-portion-100-gelules-maroc","status":"publish","type":"product","link":"https:\/\/vitablanca.ma\/en\/product\/natures-way-charbon-active-560-mg-de-charbon-de-bois-par-portion-100-gelules-maroc\/","title":{"rendered":"Nature&#039;S Way Activated Charcoal 560 mg of charcoal per serving; 100 capsules"},"content":{"rendered":"<p>Nature&#039;s Way Activated Charcoal; 560 mg of charcoal per serving; 100 capsules. Binds unwanted matter and gas in the digestive tract. Made from coconut shells that burn slowly to create cavernous chambers that facilitate adsorption, Nature&#039;s Way is committed to sourcing the best activated charcoal on the planet and seeks partners who prioritize sustainable charcoal sources. Each serving of Nature&#039;s Way Activated Charcoal contains 560 mg of charcoal. Our activated charcoal contains no preservatives, yeast, dairy, wheat, sugar, soy, or corn. Our activated charcoal is thoroughly tested and produced to certified quality standards.<\/p>\n\n\n\n<p>Nature&#039;s Way Activated Carbon is highly adsorbent and contains numerous small chambers and cavities that &quot;capture&quot; or bind unwanted materials and gases. It is carefully tested according to our certified quality standards and potency.<\/p>","protected":false},"excerpt":{"rendered":"<ul>\n<li>Nature&#039;s Way Activated Carbon is highly adsorbent and contains numerous small chambers and cavities that &quot;capture&quot; or bind unwanted materials and gases. It is carefully tested according to our certified quality standards and potency.<\/li>\n<li>Each particle contains many small chambers and cavities that trap unwanted materials or gases.<\/li>\n<li>Activated charcoal contains many small chambers and cavities that \u201ccapture\u201d or bind unwanted materials and gases and transport them safely through the digestive system.<\/li>\n<li>It also protects the body from overdose of harmful toxic substances.<\/li>\n<\/ul>","protected":false},"featured_media":22958,"template":"","meta":{"om_disable_all_campaigns":false},"product_brand":[2144],"product_cat":[18,3366,20,19],"product_tag":[2956,2957,2955],"class_list":{"0":"post-22957","1":"product","2":"type-product","3":"status-publish","4":"has-post-thumbnail","6":"product_brand-natures-way","7":"product_cat-beaute-sante","8":"product_cat-complements-alimentaires-au-maroc-vitablanca","9":"product_cat-supplements","10":"product_cat-vitamines-supplements-dietetiques","11":"product_tag-charbon-de-bois-detox-maroc-soulager-gaz-ballonnements","12":"product_tag-confort-digestif-charbon-detox-naturelle-intestins","13":"product_tag-natures-way-charbon-active-maroc","15":"first","16":"instock","17":"taxable","18":"shipping-taxable","19":"purchasable","20":"product-type-simple"},"yoast_head":"<!-- This site is optimized with the Yoast SEO plugin v27.4 - https:\/\/yoast.com\/product\/yoast-seo-wordpress\/ -->\n<title>Nature&#039;s Way Charbon Activ\u00e9 560 mg, 100 G\u00e9lules - Maroc Prix<\/title>\n<meta name=\"description\" content=\"Achetez Nature&#039;s Way Charbon Activ\u00e9 560 mg au Maroc. Ces 100 g\u00e9lules de charbon de bois sont id\u00e9ales pour la d\u00e9toxification\" \/>\n<meta name=\"robots\" content=\"index, follow, max-snippet:-1, max-image-preview:large, max-video-preview:-1\" \/>\n<link rel=\"canonical\" href=\"https:\/\/vitablanca.ma\/en\/product\/natures-way-charbon-active-560-mg-de-charbon-de-bois-par-portion-100-gelules-maroc\/\" \/>\n<meta property=\"og:locale\" content=\"en_US\" \/>\n<meta property=\"og:type\" content=\"article\" \/>\n<meta property=\"og:title\" content=\"Nature&#039;s Way Charbon Activ\u00e9 560 mg, 100 G\u00e9lules - Maroc Prix\" \/>\n<meta property=\"og:description\" content=\"Achetez Nature&#039;s Way Charbon Activ\u00e9 560 mg au Maroc. Ces 100 g\u00e9lules de charbon de bois sont id\u00e9ales pour la d\u00e9toxification\" \/>\n<meta property=\"og:url\" content=\"https:\/\/vitablanca.ma\/en\/product\/natures-way-charbon-active-560-mg-de-charbon-de-bois-par-portion-100-gelules-maroc\/\" \/>\n<meta property=\"og:site_name\" content=\"Vitablanca.ma &ndash; Sant&eacute;, vitalit&eacute; et bien-&ecirc;tre pour tous les Marocains\" \/>\n<meta property=\"article:publisher\" content=\"https:\/\/www.facebook.com\/profile.php?id=61576678196717\" \/>\n<meta property=\"article:modified_time\" content=\"2025-08-30T20:56:10+00:00\" \/>\n<meta property=\"og:image\" content=\"https:\/\/vitablanca.ma\/wp-content\/uploads\/2025\/06\/natures-way-charbon-active-560-mg-de-charbon-de-bois-par-portion-.jpg\" \/>\n\t<meta property=\"og:image:width\" content=\"680\" \/>\n\t<meta property=\"og:image:height\" content=\"680\" \/>\n\t<meta property=\"og:image:type\" content=\"image\/jpeg\" \/>\n<meta name=\"twitter:card\" content=\"summary_large_image\" \/>\n<meta name=\"twitter:label1\" content=\"Est. reading time\" \/>\n\t<meta name=\"twitter:data1\" content=\"1 minute\" \/>\n<script type=\"application\/ld+json\" class=\"yoast-schema-graph\">{\"@context\":\"https:\\\/\\\/schema.org\",\"@graph\":[{\"@type\":[\"WebPage\",\"ItemPage\"],\"@id\":\"https:\\\/\\\/vitablanca.ma\\\/produit\\\/natures-way-charbon-active-560-mg-de-charbon-de-bois-par-portion-100-gelules-maroc\\\/\",\"url\":\"https:\\\/\\\/vitablanca.ma\\\/produit\\\/natures-way-charbon-active-560-mg-de-charbon-de-bois-par-portion-100-gelules-maroc\\\/\",\"name\":\"Nature's Way Charbon Activ\u00e9 560 mg, 100 G\u00e9lules - Maroc Prix\",\"isPartOf\":{\"@id\":\"https:\\\/\\\/vitablanca.ma\\\/#website\"},\"primaryImageOfPage\":{\"@id\":\"https:\\\/\\\/vitablanca.ma\\\/produit\\\/natures-way-charbon-active-560-mg-de-charbon-de-bois-par-portion-100-gelules-maroc\\\/#primaryimage\"},\"image\":{\"@id\":\"https:\\\/\\\/vitablanca.ma\\\/produit\\\/natures-way-charbon-active-560-mg-de-charbon-de-bois-par-portion-100-gelules-maroc\\\/#primaryimage\"},\"thumbnailUrl\":\"https:\\\/\\\/vitablanca.ma\\\/wp-content\\\/uploads\\\/2025\\\/06\\\/natures-way-charbon-active-560-mg-de-charbon-de-bois-par-portion-.jpg\",\"datePublished\":\"2025-06-23T22:27:53+00:00\",\"dateModified\":\"2025-08-30T20:56:10+00:00\",\"description\":\"Achetez Nature's Way Charbon Activ\u00e9 560 mg au Maroc. Ces 100 g\u00e9lules de charbon de bois sont id\u00e9ales pour la d\u00e9toxification\",\"breadcrumb\":{\"@id\":\"https:\\\/\\\/vitablanca.ma\\\/produit\\\/natures-way-charbon-active-560-mg-de-charbon-de-bois-par-portion-100-gelules-maroc\\\/#breadcrumb\"},\"inLanguage\":\"en-US\",\"potentialAction\":[{\"@type\":\"ReadAction\",\"target\":[\"https:\\\/\\\/vitablanca.ma\\\/produit\\\/natures-way-charbon-active-560-mg-de-charbon-de-bois-par-portion-100-gelules-maroc\\\/\"]}]},{\"@type\":\"ImageObject\",\"inLanguage\":\"en-US\",\"@id\":\"https:\\\/\\\/vitablanca.ma\\\/produit\\\/natures-way-charbon-active-560-mg-de-charbon-de-bois-par-portion-100-gelules-maroc\\\/#primaryimage\",\"url\":\"https:\\\/\\\/vitablanca.ma\\\/wp-content\\\/uploads\\\/2025\\\/06\\\/natures-way-charbon-active-560-mg-de-charbon-de-bois-par-portion-.jpg\",\"contentUrl\":\"https:\\\/\\\/vitablanca.ma\\\/wp-content\\\/uploads\\\/2025\\\/06\\\/natures-way-charbon-active-560-mg-de-charbon-de-bois-par-portion-.jpg\",\"width\":680,\"height\":680},{\"@type\":\"BreadcrumbList\",\"@id\":\"https:\\\/\\\/vitablanca.ma\\\/produit\\\/natures-way-charbon-active-560-mg-de-charbon-de-bois-par-portion-100-gelules-maroc\\\/#breadcrumb\",\"itemListElement\":[{\"@type\":\"ListItem\",\"position\":1,\"name\":\"Home\",\"item\":\"https:\\\/\\\/vitablanca.ma\\\/\"},{\"@type\":\"ListItem\",\"position\":2,\"name\":\"Tous Les Produits\",\"item\":\"https:\\\/\\\/vitablanca.ma\\\/tous-les-produits\\\/\"},{\"@type\":\"ListItem\",\"position\":3,\"name\":\"Nature&#8217;S Way Charbon activ\u00e9 560 mg de charbon de bois par portion; 100 g\u00e9lules\"}]},{\"@type\":\"WebSite\",\"@id\":\"https:\\\/\\\/vitablanca.ma\\\/#website\",\"url\":\"https:\\\/\\\/vitablanca.ma\\\/\",\"name\":\"VitaBlanca.ma | Compl\u00e9ments alimentaires, sant\u00e9 & beaut\u00e9 au Maroc\",\"description\":\"vendre vitamines et compl\u00e9ments premium des USA &amp; Canada, Nouvelle Z\u00e9lande,Maroc (NOW Foods, Solgar, Manuka). Livraison rapide partout au Maroc.\",\"publisher\":{\"@id\":\"https:\\\/\\\/vitablanca.ma\\\/#organization\"},\"alternateName\":\"VitaBlanca.ma\",\"potentialAction\":[{\"@type\":\"SearchAction\",\"target\":{\"@type\":\"EntryPoint\",\"urlTemplate\":\"https:\\\/\\\/vitablanca.ma\\\/?s={search_term_string}\"},\"query-input\":{\"@type\":\"PropertyValueSpecification\",\"valueRequired\":true,\"valueName\":\"search_term_string\"}}],\"inLanguage\":\"en-US\"},{\"@type\":\"Organization\",\"@id\":\"https:\\\/\\\/vitablanca.ma\\\/#organization\",\"name\":\"VitaBlanca\",\"url\":\"https:\\\/\\\/vitablanca.ma\\\/\",\"logo\":{\"@type\":\"ImageObject\",\"inLanguage\":\"en-US\",\"@id\":\"https:\\\/\\\/vitablanca.ma\\\/#\\\/schema\\\/logo\\\/image\\\/\",\"url\":\"https:\\\/\\\/vitablanca.ma\\\/wp-content\\\/uploads\\\/2025\\\/05\\\/cropped-vitablanca.png\",\"contentUrl\":\"https:\\\/\\\/vitablanca.ma\\\/wp-content\\\/uploads\\\/2025\\\/05\\\/cropped-vitablanca.png\",\"width\":360,\"height\":67,\"caption\":\"VitaBlanca\"},\"image\":{\"@id\":\"https:\\\/\\\/vitablanca.ma\\\/#\\\/schema\\\/logo\\\/image\\\/\"},\"sameAs\":[\"https:\\\/\\\/www.facebook.com\\\/profile.php?id=61576678196717\",\"https:\\\/\\\/www.tiktok.com\\\/@vitablanca.ma\",\"https:\\\/\\\/www.instagram.com\\\/vitablanca.ma\\\/\"]}]}<\/script>\n<!-- \/ Yoast SEO plugin. -->","yoast_head_json":{"title":"Nature&#039;s Way Activated Charcoal 560 mg, 100 Capsules - Morocco Price","description":"Buy Nature&#039;s Way Activated Charcoal 560 mg in Morocco. These 100 charcoal capsules are ideal for detoxification.","robots":{"index":"index","follow":"follow","max-snippet":"max-snippet:-1","max-image-preview":"max-image-preview:large","max-video-preview":"max-video-preview:-1"},"canonical":"https:\/\/vitablanca.ma\/en\/product\/natures-way-charbon-active-560-mg-de-charbon-de-bois-par-portion-100-gelules-maroc\/","og_locale":"en_US","og_type":"article","og_title":"Nature's Way Charbon Activ\u00e9 560 mg, 100 G\u00e9lules - Maroc Prix","og_description":"Achetez Nature's Way Charbon Activ\u00e9 560 mg au Maroc. Ces 100 g\u00e9lules de charbon de bois sont id\u00e9ales pour la d\u00e9toxification","og_url":"https:\/\/vitablanca.ma\/en\/product\/natures-way-charbon-active-560-mg-de-charbon-de-bois-par-portion-100-gelules-maroc\/","og_site_name":"Vitablanca.ma &ndash; Sant&eacute;, vitalit&eacute; et bien-&ecirc;tre pour tous les Marocains","article_publisher":"https:\/\/www.facebook.com\/profile.php?id=61576678196717","article_modified_time":"2025-08-30T20:56:10+00:00","og_image":[{"width":680,"height":680,"url":"https:\/\/vitablanca.ma\/wp-content\/uploads\/2025\/06\/natures-way-charbon-active-560-mg-de-charbon-de-bois-par-portion-.jpg","type":"image\/jpeg"}],"twitter_card":"summary_large_image","twitter_misc":{"Est. reading time":"1 minute"},"schema":{"@context":"https:\/\/schema.org","@graph":[{"@type":["WebPage","ItemPage"],"@id":"https:\/\/vitablanca.ma\/produit\/natures-way-charbon-active-560-mg-de-charbon-de-bois-par-portion-100-gelules-maroc\/","url":"https:\/\/vitablanca.ma\/produit\/natures-way-charbon-active-560-mg-de-charbon-de-bois-par-portion-100-gelules-maroc\/","name":"Nature&#039;s Way Activated Charcoal 560 mg, 100 Capsules - Morocco Price","isPartOf":{"@id":"https:\/\/vitablanca.ma\/#website"},"primaryImageOfPage":{"@id":"https:\/\/vitablanca.ma\/produit\/natures-way-charbon-active-560-mg-de-charbon-de-bois-par-portion-100-gelules-maroc\/#primaryimage"},"image":{"@id":"https:\/\/vitablanca.ma\/produit\/natures-way-charbon-active-560-mg-de-charbon-de-bois-par-portion-100-gelules-maroc\/#primaryimage"},"thumbnailUrl":"https:\/\/vitablanca.ma\/wp-content\/uploads\/2025\/06\/natures-way-charbon-active-560-mg-de-charbon-de-bois-par-portion-.jpg","datePublished":"2025-06-23T22:27:53+00:00","dateModified":"2025-08-30T20:56:10+00:00","description":"Buy Nature&#039;s Way Activated Charcoal 560 mg in Morocco. These 100 charcoal capsules are ideal for detoxification.","breadcrumb":{"@id":"https:\/\/vitablanca.ma\/produit\/natures-way-charbon-active-560-mg-de-charbon-de-bois-par-portion-100-gelules-maroc\/#breadcrumb"},"inLanguage":"en-US","potentialAction":[{"@type":"ReadAction","target":["https:\/\/vitablanca.ma\/produit\/natures-way-charbon-active-560-mg-de-charbon-de-bois-par-portion-100-gelules-maroc\/"]}]},{"@type":"ImageObject","inLanguage":"en-US","@id":"https:\/\/vitablanca.ma\/produit\/natures-way-charbon-active-560-mg-de-charbon-de-bois-par-portion-100-gelules-maroc\/#primaryimage","url":"https:\/\/vitablanca.ma\/wp-content\/uploads\/2025\/06\/natures-way-charbon-active-560-mg-de-charbon-de-bois-par-portion-.jpg","contentUrl":"https:\/\/vitablanca.ma\/wp-content\/uploads\/2025\/06\/natures-way-charbon-active-560-mg-de-charbon-de-bois-par-portion-.jpg","width":680,"height":680},{"@type":"BreadcrumbList","@id":"https:\/\/vitablanca.ma\/produit\/natures-way-charbon-active-560-mg-de-charbon-de-bois-par-portion-100-gelules-maroc\/#breadcrumb","itemListElement":[{"@type":"ListItem","position":1,"name":"Home","item":"https:\/\/vitablanca.ma\/"},{"@type":"ListItem","position":2,"name":"Tous Les Produits","item":"https:\/\/vitablanca.ma\/tous-les-produits\/"},{"@type":"ListItem","position":3,"name":"Nature&#8217;S Way Charbon activ\u00e9 560 mg de charbon de bois par portion; 100 g\u00e9lules"}]},{"@type":"WebSite","@id":"https:\/\/vitablanca.ma\/#website","url":"https:\/\/vitablanca.ma\/","name":"VitaBlanca.ma | Food supplements, health &amp; beauty in Morocco","description":"sell premium vitamins and supplements from USA &amp; Canada, New Zealand, Morocco (NOW Foods, Solgar, Manuka). Fast delivery anywhere in Morocco.","publisher":{"@id":"https:\/\/vitablanca.ma\/#organization"},"alternateName":"VitaBlanca.ma","potentialAction":[{"@type":"SearchAction","target":{"@type":"EntryPoint","urlTemplate":"https:\/\/vitablanca.ma\/?s={search_term_string}"},"query-input":{"@type":"PropertyValueSpecification","valueRequired":true,"valueName":"search_term_string"}}],"inLanguage":"en-US"},{"@type":"Organization","@id":"https:\/\/vitablanca.ma\/#organization","name":"VitaBlanca","url":"https:\/\/vitablanca.ma\/","logo":{"@type":"ImageObject","inLanguage":"en-US","@id":"https:\/\/vitablanca.ma\/#\/schema\/logo\/image\/","url":"https:\/\/vitablanca.ma\/wp-content\/uploads\/2025\/05\/cropped-vitablanca.png","contentUrl":"https:\/\/vitablanca.ma\/wp-content\/uploads\/2025\/05\/cropped-vitablanca.png","width":360,"height":67,"caption":"VitaBlanca"},"image":{"@id":"https:\/\/vitablanca.ma\/#\/schema\/logo\/image\/"},"sameAs":["https:\/\/www.facebook.com\/profile.php?id=61576678196717","https:\/\/www.tiktok.com\/@vitablanca.ma","https:\/\/www.instagram.com\/vitablanca.ma\/"]}]}},"jetpack_sharing_enabled":true,"_links":{"self":[{"href":"https:\/\/vitablanca.ma\/en\/wp-json\/wp\/v2\/product\/22957","targetHints":{"allow":["GET"]}}],"collection":[{"href":"https:\/\/vitablanca.ma\/en\/wp-json\/wp\/v2\/product"}],"about":[{"href":"https:\/\/vitablanca.ma\/en\/wp-json\/wp\/v2\/types\/product"}],"wp:featuredmedia":[{"embeddable":true,"href":"https:\/\/vitablanca.ma\/en\/wp-json\/wp\/v2\/media\/22958"}],"wp:attachment":[{"href":"https:\/\/vitablanca.ma\/en\/wp-json\/wp\/v2\/media?parent=22957"}],"wp:term":[{"taxonomy":"product_brand","embeddable":true,"href":"https:\/\/vitablanca.ma\/en\/wp-json\/wp\/v2\/product_brand?post=22957"},{"taxonomy":"product_cat","embeddable":true,"href":"https:\/\/vitablanca.ma\/en\/wp-json\/wp\/v2\/product_cat?post=22957"},{"taxonomy":"product_tag","embeddable":true,"href":"https:\/\/vitablanca.ma\/en\/wp-json\/wp\/v2\/product_tag?post=22957"}],"curies":[{"name":"wp","href":"https:\/\/api.w.org\/{rel}","templated":true}]}}