{"id":22933,"date":"2025-06-23T20:30:01","date_gmt":"2025-06-23T20:30:01","guid":{"rendered":"https:\/\/vitablanca.ma\/?post_type=product&#038;p=22933"},"modified":"2025-08-30T20:56:12","modified_gmt":"2025-08-30T20:56:12","slug":"source-naturals-bromelain-2000-gdu-g-500-mg-60-tabletsmaroc","status":"publish","type":"product","link":"https:\/\/vitablanca.ma\/en\/product\/source-naturals-bromelain-2000-gdu-g-500-mg-60-tabletsmaroc\/","title":{"rendered":"Source Naturals Bromelain 2,000 GDU\/g, 500 mg, 60 Tablets"},"content":{"rendered":"<p>La brom\u00e9line est une enzyme de la plante d\u2019ananas qui acc\u00e9l\u00e8re la d\u00e9gradation des prot\u00e9ines dans votre corps. Il est actif dans une large gamme de pH et peut fonctionner dans l\u2019environnement acide de votre estomac. La brom\u00e9line peut \u00e9galement aider votre corps \u00e0 faire face au stress physique et s\u2019est r\u00e9v\u00e9l\u00e9e utile dans la gu\u00e9rison de blessures telles que les entorses et les foulures, les ecchymoses, les blessures musculaires et les blessures sportives telles que douleur, gonflement et tendresse. Des essais cliniques sur l\u2019homme ont \u00e9galement montr\u00e9 que la brom\u00e9line r\u00e9duisait consid\u00e9rablement le gonflement postop\u00e9ratoire. Chaque dose de cette Source Naturals fournit 500 mg de brom\u00e9la\u00efne capable de dig\u00e9rer une \u00e9norme 2,000 unit\u00e9s de prot\u00e9ine par gramme vous aider \u00e0 d\u00e9composer les prot\u00e9ines des aliments que vous mangez et \u00e0 soulager votre malaise du corps entier!<\/p>","protected":false},"excerpt":{"rendered":"<ul>\n<li>Bromelain is an enzyme from the pineapple plant that speeds up the breakdown of proteins in your body.<\/li>\n<li>\u00a0It is active over a wide pH range and can work in the acidic environment of your stomach.<\/li>\n<li>\u00a0Bromelain can also help your body cope with physical stress and has been shown to be helpful in healing injuries such as sprains and strains, bruises, muscle injuries, and sports injuries such as pain, swelling, and tenderness.<\/li>\n<li>Human clinical trials have also shown that bromelain significantly reduces post-operative swelling.<\/li>\n<li>Helps your body break down protein<\/li>\n<li>Promotes improved digestion<\/li>\n<li>Has powerful anti-inflammatory properties<\/li>\n<\/ul>","protected":false},"featured_media":22935,"template":"","meta":{"om_disable_all_campaigns":false},"product_brand":[405],"product_cat":[18,521,3366,20,19],"product_tag":[2935,2934,2936],"class_list":{"0":"post-22933","1":"product","2":"type-product","3":"status-publish","4":"has-post-thumbnail","6":"product_brand-source-naturals-prix-maroc","7":"product_cat-beaute-sante","8":"product_cat-bromelaine","9":"product_cat-complements-alimentaires-au-maroc-vitablanca","10":"product_cat-supplements","11":"product_cat-vitamines-supplements-dietetiques","12":"product_tag-digestion-proteines-bromelaine-confort-articulaire-naturel","13":"product_tag-source-naturals-bromelaine-maroc-bromelaine-2000-gdu-g-maroc","14":"product_tag-soutien-anti-inflammatoire-bromelaine","16":"first","17":"instock","18":"taxable","19":"shipping-taxable","20":"purchasable","21":"product-type-simple"},"yoast_head":"<!-- This site is optimized with the Yoast SEO plugin v27.5 - https:\/\/yoast.com\/product\/yoast-seo-wordpress\/ -->\n<title>Source Naturals Brom\u00e9la\u00efne 2000 GDU\/g, 500 mg, - Maroc Prix<\/title>\n<meta name=\"description\" content=\"Achetez Source Naturals Brom\u00e9la\u00efne 500 mg au Maroc. Ces 60 comprim\u00e9s (2000 GDU\/g) favorisent une digestion saine des prot\u00e9ines\" \/>\n<meta name=\"robots\" content=\"index, follow, max-snippet:-1, max-image-preview:large, max-video-preview:-1\" \/>\n<link rel=\"canonical\" href=\"https:\/\/vitablanca.ma\/en\/product\/source-naturals-bromelain-2000-gdu-g-500-mg-60-tabletsmaroc\/\" \/>\n<meta property=\"og:locale\" content=\"en_US\" \/>\n<meta property=\"og:type\" content=\"article\" \/>\n<meta property=\"og:title\" content=\"Source Naturals Brom\u00e9la\u00efne 2000 GDU\/g, 500 mg, - Maroc Prix\" \/>\n<meta property=\"og:description\" content=\"Achetez Source Naturals Brom\u00e9la\u00efne 500 mg au Maroc. Ces 60 comprim\u00e9s (2000 GDU\/g) favorisent une digestion saine des prot\u00e9ines\" \/>\n<meta property=\"og:url\" content=\"https:\/\/vitablanca.ma\/en\/product\/source-naturals-bromelain-2000-gdu-g-500-mg-60-tabletsmaroc\/\" \/>\n<meta property=\"og:site_name\" content=\"Vitablanca.ma &ndash; Sant&eacute;, vitalit&eacute; et bien-&ecirc;tre pour tous les Marocains\" \/>\n<meta property=\"article:publisher\" content=\"https:\/\/www.facebook.com\/profile.php?id=61576678196717\" \/>\n<meta property=\"article:modified_time\" content=\"2025-08-30T20:56:12+00:00\" \/>\n<meta property=\"og:image\" content=\"https:\/\/vitablanca.ma\/wp-content\/uploads\/2025\/06\/source-naturals-bromelain-2000-gdug-500-mg-60-tablets-.jpg\" \/>\n\t<meta property=\"og:image:width\" content=\"680\" \/>\n\t<meta property=\"og:image:height\" content=\"680\" \/>\n\t<meta property=\"og:image:type\" content=\"image\/jpeg\" \/>\n<meta name=\"twitter:card\" content=\"summary_large_image\" \/>\n<meta name=\"twitter:label1\" content=\"Est. reading time\" \/>\n\t<meta name=\"twitter:data1\" content=\"1 minute\" \/>\n<script type=\"application\/ld+json\" class=\"yoast-schema-graph\">{\"@context\":\"https:\\\/\\\/schema.org\",\"@graph\":[{\"@type\":[\"WebPage\",\"ItemPage\"],\"@id\":\"https:\\\/\\\/vitablanca.ma\\\/produit\\\/source-naturals-bromelain-2000-gdu-g-500-mg-60-tabletsmaroc\\\/\",\"url\":\"https:\\\/\\\/vitablanca.ma\\\/produit\\\/source-naturals-bromelain-2000-gdu-g-500-mg-60-tabletsmaroc\\\/\",\"name\":\"Source Naturals Brom\u00e9la\u00efne 2000 GDU\\\/g, 500 mg, - Maroc Prix\",\"isPartOf\":{\"@id\":\"https:\\\/\\\/vitablanca.ma\\\/#website\"},\"primaryImageOfPage\":{\"@id\":\"https:\\\/\\\/vitablanca.ma\\\/produit\\\/source-naturals-bromelain-2000-gdu-g-500-mg-60-tabletsmaroc\\\/#primaryimage\"},\"image\":{\"@id\":\"https:\\\/\\\/vitablanca.ma\\\/produit\\\/source-naturals-bromelain-2000-gdu-g-500-mg-60-tabletsmaroc\\\/#primaryimage\"},\"thumbnailUrl\":\"https:\\\/\\\/vitablanca.ma\\\/wp-content\\\/uploads\\\/2025\\\/06\\\/source-naturals-bromelain-2000-gdug-500-mg-60-tablets-.jpg\",\"datePublished\":\"2025-06-23T20:30:01+00:00\",\"dateModified\":\"2025-08-30T20:56:12+00:00\",\"description\":\"Achetez Source Naturals Brom\u00e9la\u00efne 500 mg au Maroc. Ces 60 comprim\u00e9s (2000 GDU\\\/g) favorisent une digestion saine des prot\u00e9ines\",\"breadcrumb\":{\"@id\":\"https:\\\/\\\/vitablanca.ma\\\/produit\\\/source-naturals-bromelain-2000-gdu-g-500-mg-60-tabletsmaroc\\\/#breadcrumb\"},\"inLanguage\":\"en-US\",\"potentialAction\":[{\"@type\":\"ReadAction\",\"target\":[\"https:\\\/\\\/vitablanca.ma\\\/produit\\\/source-naturals-bromelain-2000-gdu-g-500-mg-60-tabletsmaroc\\\/\"]}]},{\"@type\":\"ImageObject\",\"inLanguage\":\"en-US\",\"@id\":\"https:\\\/\\\/vitablanca.ma\\\/produit\\\/source-naturals-bromelain-2000-gdu-g-500-mg-60-tabletsmaroc\\\/#primaryimage\",\"url\":\"https:\\\/\\\/vitablanca.ma\\\/wp-content\\\/uploads\\\/2025\\\/06\\\/source-naturals-bromelain-2000-gdug-500-mg-60-tablets-.jpg\",\"contentUrl\":\"https:\\\/\\\/vitablanca.ma\\\/wp-content\\\/uploads\\\/2025\\\/06\\\/source-naturals-bromelain-2000-gdug-500-mg-60-tablets-.jpg\",\"width\":680,\"height\":680},{\"@type\":\"BreadcrumbList\",\"@id\":\"https:\\\/\\\/vitablanca.ma\\\/produit\\\/source-naturals-bromelain-2000-gdu-g-500-mg-60-tabletsmaroc\\\/#breadcrumb\",\"itemListElement\":[{\"@type\":\"ListItem\",\"position\":1,\"name\":\"Home\",\"item\":\"https:\\\/\\\/vitablanca.ma\\\/\"},{\"@type\":\"ListItem\",\"position\":2,\"name\":\"Tous Les Produits\",\"item\":\"https:\\\/\\\/vitablanca.ma\\\/tous-les-produits\\\/\"},{\"@type\":\"ListItem\",\"position\":3,\"name\":\"Source Naturals Bromelain 2,000 GDU\\\/g, 500 mg, 60 Tablets\"}]},{\"@type\":\"WebSite\",\"@id\":\"https:\\\/\\\/vitablanca.ma\\\/#website\",\"url\":\"https:\\\/\\\/vitablanca.ma\\\/\",\"name\":\"VitaBlanca.ma | Compl\u00e9ments alimentaires, sant\u00e9 & beaut\u00e9 au Maroc\",\"description\":\"vendre vitamines et compl\u00e9ments premium des USA &amp; Canada, Nouvelle Z\u00e9lande,Maroc (NOW Foods, Solgar, Manuka). Livraison rapide partout au Maroc.\",\"publisher\":{\"@id\":\"https:\\\/\\\/vitablanca.ma\\\/#organization\"},\"alternateName\":\"VitaBlanca.ma\",\"potentialAction\":[{\"@type\":\"SearchAction\",\"target\":{\"@type\":\"EntryPoint\",\"urlTemplate\":\"https:\\\/\\\/vitablanca.ma\\\/?s={search_term_string}\"},\"query-input\":{\"@type\":\"PropertyValueSpecification\",\"valueRequired\":true,\"valueName\":\"search_term_string\"}}],\"inLanguage\":\"en-US\"},{\"@type\":\"Organization\",\"@id\":\"https:\\\/\\\/vitablanca.ma\\\/#organization\",\"name\":\"VitaBlanca\",\"url\":\"https:\\\/\\\/vitablanca.ma\\\/\",\"logo\":{\"@type\":\"ImageObject\",\"inLanguage\":\"en-US\",\"@id\":\"https:\\\/\\\/vitablanca.ma\\\/#\\\/schema\\\/logo\\\/image\\\/\",\"url\":\"https:\\\/\\\/vitablanca.ma\\\/wp-content\\\/uploads\\\/2025\\\/05\\\/cropped-vitablanca.png\",\"contentUrl\":\"https:\\\/\\\/vitablanca.ma\\\/wp-content\\\/uploads\\\/2025\\\/05\\\/cropped-vitablanca.png\",\"width\":360,\"height\":67,\"caption\":\"VitaBlanca\"},\"image\":{\"@id\":\"https:\\\/\\\/vitablanca.ma\\\/#\\\/schema\\\/logo\\\/image\\\/\"},\"sameAs\":[\"https:\\\/\\\/www.facebook.com\\\/profile.php?id=61576678196717\",\"https:\\\/\\\/www.tiktok.com\\\/@vitablanca.ma\",\"https:\\\/\\\/www.instagram.com\\\/vitablanca.ma\\\/\"]}]}<\/script>\n<!-- \/ Yoast SEO plugin. -->","yoast_head_json":{"title":"Source Naturals Bromelain 2000 GDU\/g, 500 mg, - Morocco Price","description":"Buy Source Naturals Bromelain 500 mg in Morocco. These 60 tablets (2000 GDU\/g) promote healthy protein digestion.","robots":{"index":"index","follow":"follow","max-snippet":"max-snippet:-1","max-image-preview":"max-image-preview:large","max-video-preview":"max-video-preview:-1"},"canonical":"https:\/\/vitablanca.ma\/en\/product\/source-naturals-bromelain-2000-gdu-g-500-mg-60-tabletsmaroc\/","og_locale":"en_US","og_type":"article","og_title":"Source Naturals Brom\u00e9la\u00efne 2000 GDU\/g, 500 mg, - Maroc Prix","og_description":"Achetez Source Naturals Brom\u00e9la\u00efne 500 mg au Maroc. Ces 60 comprim\u00e9s (2000 GDU\/g) favorisent une digestion saine des prot\u00e9ines","og_url":"https:\/\/vitablanca.ma\/en\/product\/source-naturals-bromelain-2000-gdu-g-500-mg-60-tabletsmaroc\/","og_site_name":"Vitablanca.ma &ndash; Sant&eacute;, vitalit&eacute; et bien-&ecirc;tre pour tous les Marocains","article_publisher":"https:\/\/www.facebook.com\/profile.php?id=61576678196717","article_modified_time":"2025-08-30T20:56:12+00:00","og_image":[{"width":680,"height":680,"url":"https:\/\/vitablanca.ma\/wp-content\/uploads\/2025\/06\/source-naturals-bromelain-2000-gdug-500-mg-60-tablets-.jpg","type":"image\/jpeg"}],"twitter_card":"summary_large_image","twitter_misc":{"Est. reading time":"1 minute"},"schema":{"@context":"https:\/\/schema.org","@graph":[{"@type":["WebPage","ItemPage"],"@id":"https:\/\/vitablanca.ma\/produit\/source-naturals-bromelain-2000-gdu-g-500-mg-60-tabletsmaroc\/","url":"https:\/\/vitablanca.ma\/produit\/source-naturals-bromelain-2000-gdu-g-500-mg-60-tabletsmaroc\/","name":"Source Naturals Bromelain 2000 GDU\/g, 500 mg, - Morocco Price","isPartOf":{"@id":"https:\/\/vitablanca.ma\/#website"},"primaryImageOfPage":{"@id":"https:\/\/vitablanca.ma\/produit\/source-naturals-bromelain-2000-gdu-g-500-mg-60-tabletsmaroc\/#primaryimage"},"image":{"@id":"https:\/\/vitablanca.ma\/produit\/source-naturals-bromelain-2000-gdu-g-500-mg-60-tabletsmaroc\/#primaryimage"},"thumbnailUrl":"https:\/\/vitablanca.ma\/wp-content\/uploads\/2025\/06\/source-naturals-bromelain-2000-gdug-500-mg-60-tablets-.jpg","datePublished":"2025-06-23T20:30:01+00:00","dateModified":"2025-08-30T20:56:12+00:00","description":"Buy Source Naturals Bromelain 500 mg in Morocco. These 60 tablets (2000 GDU\/g) promote healthy protein digestion.","breadcrumb":{"@id":"https:\/\/vitablanca.ma\/produit\/source-naturals-bromelain-2000-gdu-g-500-mg-60-tabletsmaroc\/#breadcrumb"},"inLanguage":"en-US","potentialAction":[{"@type":"ReadAction","target":["https:\/\/vitablanca.ma\/produit\/source-naturals-bromelain-2000-gdu-g-500-mg-60-tabletsmaroc\/"]}]},{"@type":"ImageObject","inLanguage":"en-US","@id":"https:\/\/vitablanca.ma\/produit\/source-naturals-bromelain-2000-gdu-g-500-mg-60-tabletsmaroc\/#primaryimage","url":"https:\/\/vitablanca.ma\/wp-content\/uploads\/2025\/06\/source-naturals-bromelain-2000-gdug-500-mg-60-tablets-.jpg","contentUrl":"https:\/\/vitablanca.ma\/wp-content\/uploads\/2025\/06\/source-naturals-bromelain-2000-gdug-500-mg-60-tablets-.jpg","width":680,"height":680},{"@type":"BreadcrumbList","@id":"https:\/\/vitablanca.ma\/produit\/source-naturals-bromelain-2000-gdu-g-500-mg-60-tabletsmaroc\/#breadcrumb","itemListElement":[{"@type":"ListItem","position":1,"name":"Home","item":"https:\/\/vitablanca.ma\/"},{"@type":"ListItem","position":2,"name":"Tous Les Produits","item":"https:\/\/vitablanca.ma\/tous-les-produits\/"},{"@type":"ListItem","position":3,"name":"Source Naturals Bromelain 2,000 GDU\/g, 500 mg, 60 Tablets"}]},{"@type":"WebSite","@id":"https:\/\/vitablanca.ma\/#website","url":"https:\/\/vitablanca.ma\/","name":"VitaBlanca.ma | Food supplements, health &amp; beauty in Morocco","description":"sell premium vitamins and supplements from USA &amp; Canada, New Zealand, Morocco (NOW Foods, Solgar, Manuka). Fast delivery anywhere in Morocco.","publisher":{"@id":"https:\/\/vitablanca.ma\/#organization"},"alternateName":"VitaBlanca.ma","potentialAction":[{"@type":"SearchAction","target":{"@type":"EntryPoint","urlTemplate":"https:\/\/vitablanca.ma\/?s={search_term_string}"},"query-input":{"@type":"PropertyValueSpecification","valueRequired":true,"valueName":"search_term_string"}}],"inLanguage":"en-US"},{"@type":"Organization","@id":"https:\/\/vitablanca.ma\/#organization","name":"VitaBlanca","url":"https:\/\/vitablanca.ma\/","logo":{"@type":"ImageObject","inLanguage":"en-US","@id":"https:\/\/vitablanca.ma\/#\/schema\/logo\/image\/","url":"https:\/\/vitablanca.ma\/wp-content\/uploads\/2025\/05\/cropped-vitablanca.png","contentUrl":"https:\/\/vitablanca.ma\/wp-content\/uploads\/2025\/05\/cropped-vitablanca.png","width":360,"height":67,"caption":"VitaBlanca"},"image":{"@id":"https:\/\/vitablanca.ma\/#\/schema\/logo\/image\/"},"sameAs":["https:\/\/www.facebook.com\/profile.php?id=61576678196717","https:\/\/www.tiktok.com\/@vitablanca.ma","https:\/\/www.instagram.com\/vitablanca.ma\/"]}]}},"jetpack_sharing_enabled":true,"_links":{"self":[{"href":"https:\/\/vitablanca.ma\/en\/wp-json\/wp\/v2\/product\/22933","targetHints":{"allow":["GET"]}}],"collection":[{"href":"https:\/\/vitablanca.ma\/en\/wp-json\/wp\/v2\/product"}],"about":[{"href":"https:\/\/vitablanca.ma\/en\/wp-json\/wp\/v2\/types\/product"}],"wp:featuredmedia":[{"embeddable":true,"href":"https:\/\/vitablanca.ma\/en\/wp-json\/wp\/v2\/media\/22935"}],"wp:attachment":[{"href":"https:\/\/vitablanca.ma\/en\/wp-json\/wp\/v2\/media?parent=22933"}],"wp:term":[{"taxonomy":"product_brand","embeddable":true,"href":"https:\/\/vitablanca.ma\/en\/wp-json\/wp\/v2\/product_brand?post=22933"},{"taxonomy":"product_cat","embeddable":true,"href":"https:\/\/vitablanca.ma\/en\/wp-json\/wp\/v2\/product_cat?post=22933"},{"taxonomy":"product_tag","embeddable":true,"href":"https:\/\/vitablanca.ma\/en\/wp-json\/wp\/v2\/product_tag?post=22933"}],"curies":[{"name":"wp","href":"https:\/\/api.w.org\/{rel}","templated":true}]}}