{"id":22908,"date":"2025-06-23T18:40:21","date_gmt":"2025-06-23T18:40:21","guid":{"rendered":"https:\/\/vitablanca.ma\/?post_type=product&#038;p=22908"},"modified":"2025-12-03T21:22:41","modified_gmt":"2025-12-03T21:22:41","slug":"doctors-best-enzymes-proteolytiques-90-capsules-vegetariennes-a-liberation-differee-maroc","status":"publish","type":"product","link":"https:\/\/vitablanca.ma\/en\/product\/doctors-best-enzymes-proteolytiques-90-capsules-vegetariennes-a-liberation-differee-maroc\/","title":{"rendered":"Doctor&#039;s BEST Proteolytic Enzymes, 90 Delayed Release Vegetarian Capsules"},"content":{"rendered":"<p>Doctor&#039;s Best Proteolytic Enzymes is a powerful formulation containing a broad spectrum of vegetarian proteolytic enzymes. Proteolytic enzymes work in the body to digest and break down proteins into their amino acid components. Supplementing with proteolytic enzymes facilitates chemical reactions that support normal metabolic functions throughout the body. The delayed-release vegetarian capsules help the active ingredients penetrate the intestines for proper absorption and function to support overall immune system health.<\/p>","protected":false},"excerpt":{"rendered":"<ul>\n<li>Science-Based Nutrition\u2122<\/li>\n<li>Broad-spectrum proteolytic enzyme formulation<\/li>\n<li>Food supplement<\/li>\n<li>Vegetarian \/ GMO-free \/ gluten-free<\/li>\n<li>Helps support protein digestion<\/li>\n<li>Helps support normal metabolic functions<\/li>\n<li>Includes delayed-release vegetarian capsules for better absorption and function<\/li>\n<\/ul>","protected":false},"featured_media":22910,"template":"","meta":{"om_disable_all_campaigns":false},"product_brand":[1982],"product_cat":[18,3366,20,19],"product_tag":[2913,2912,2914,2915],"class_list":{"0":"post-22908","1":"product","2":"type-product","3":"status-publish","4":"has-post-thumbnail","6":"product_brand-doctors-best-maroc-prix","7":"product_cat-beaute-sante","8":"product_cat-complements-alimentaires-au-maroc-vitablanca","9":"product_cat-supplements","10":"product_cat-vitamines-supplements-dietetiques","11":"product_tag-digestion-proteines-optimale","12":"product_tag-doctors-best-enzymes-proteolytiques-maroc","13":"product_tag-enzymes-digestives-liberation-differee","14":"product_tag-sante-musculaire-enzymes-recuperation-sportive-maroc","16":"first","17":"instock","18":"sale","19":"taxable","20":"shipping-taxable","21":"purchasable","22":"product-type-simple"},"yoast_head":"<!-- This site is optimized with the Yoast SEO plugin v27.4 - https:\/\/yoast.com\/product\/yoast-seo-wordpress\/ -->\n<title>Solaray M\u00e9lisse Officinale 475 mg, 100 Capsules - Maroc Prix<\/title>\n<meta name=\"description\" content=\"Achetez Solaray M\u00e9lisse Officinale 475 mg au Maroc. Ces 100 capsules v\u00e9g\u00e9tales favorisent la relaxation, aident \u00e0 r\u00e9duire le stress et l&#039;anxi\u00e9t\u00e9\" \/>\n<meta name=\"robots\" content=\"index, follow, max-snippet:-1, max-image-preview:large, max-video-preview:-1\" \/>\n<link rel=\"canonical\" href=\"https:\/\/vitablanca.ma\/en\/product\/doctors-best-enzymes-proteolytiques-90-capsules-vegetariennes-a-liberation-differee-maroc\/\" \/>\n<meta property=\"og:locale\" content=\"en_US\" \/>\n<meta property=\"og:type\" content=\"article\" \/>\n<meta property=\"og:title\" content=\"Solaray M\u00e9lisse Officinale 475 mg, 100 Capsules - Maroc Prix\" \/>\n<meta property=\"og:description\" content=\"Achetez Solaray M\u00e9lisse Officinale 475 mg au Maroc. Ces 100 capsules v\u00e9g\u00e9tales favorisent la relaxation, aident \u00e0 r\u00e9duire le stress et l&#039;anxi\u00e9t\u00e9\" \/>\n<meta property=\"og:url\" content=\"https:\/\/vitablanca.ma\/en\/product\/doctors-best-enzymes-proteolytiques-90-capsules-vegetariennes-a-liberation-differee-maroc\/\" \/>\n<meta property=\"og:site_name\" content=\"Vitablanca.ma &ndash; Sant&eacute;, vitalit&eacute; et bien-&ecirc;tre pour tous les Marocains\" \/>\n<meta property=\"article:publisher\" content=\"https:\/\/www.facebook.com\/profile.php?id=61576678196717\" \/>\n<meta property=\"article:modified_time\" content=\"2025-12-03T21:22:41+00:00\" \/>\n<meta property=\"og:image\" content=\"https:\/\/vitablanca.ma\/wp-content\/uploads\/2025\/06\/doctors-best-enzymes-proteolytiques-90-capsules-vegetariennes-.jpg\" \/>\n\t<meta property=\"og:image:width\" content=\"680\" \/>\n\t<meta property=\"og:image:height\" content=\"680\" \/>\n\t<meta property=\"og:image:type\" content=\"image\/jpeg\" \/>\n<meta name=\"twitter:card\" content=\"summary_large_image\" \/>\n<meta name=\"twitter:label1\" content=\"Est. reading time\" \/>\n\t<meta name=\"twitter:data1\" content=\"1 minute\" \/>\n<script type=\"application\/ld+json\" class=\"yoast-schema-graph\">{\"@context\":\"https:\\\/\\\/schema.org\",\"@graph\":[{\"@type\":[\"WebPage\",\"ItemPage\"],\"@id\":\"https:\\\/\\\/vitablanca.ma\\\/produit\\\/doctors-best-enzymes-proteolytiques-90-capsules-vegetariennes-a-liberation-differee-maroc\\\/\",\"url\":\"https:\\\/\\\/vitablanca.ma\\\/produit\\\/doctors-best-enzymes-proteolytiques-90-capsules-vegetariennes-a-liberation-differee-maroc\\\/\",\"name\":\"Solaray M\u00e9lisse Officinale 475 mg, 100 Capsules - Maroc Prix\",\"isPartOf\":{\"@id\":\"https:\\\/\\\/vitablanca.ma\\\/#website\"},\"primaryImageOfPage\":{\"@id\":\"https:\\\/\\\/vitablanca.ma\\\/produit\\\/doctors-best-enzymes-proteolytiques-90-capsules-vegetariennes-a-liberation-differee-maroc\\\/#primaryimage\"},\"image\":{\"@id\":\"https:\\\/\\\/vitablanca.ma\\\/produit\\\/doctors-best-enzymes-proteolytiques-90-capsules-vegetariennes-a-liberation-differee-maroc\\\/#primaryimage\"},\"thumbnailUrl\":\"https:\\\/\\\/vitablanca.ma\\\/wp-content\\\/uploads\\\/2025\\\/06\\\/doctors-best-enzymes-proteolytiques-90-capsules-vegetariennes-.jpg\",\"datePublished\":\"2025-06-23T18:40:21+00:00\",\"dateModified\":\"2025-12-03T21:22:41+00:00\",\"description\":\"Achetez Solaray M\u00e9lisse Officinale 475 mg au Maroc. Ces 100 capsules v\u00e9g\u00e9tales favorisent la relaxation, aident \u00e0 r\u00e9duire le stress et l'anxi\u00e9t\u00e9\",\"breadcrumb\":{\"@id\":\"https:\\\/\\\/vitablanca.ma\\\/produit\\\/doctors-best-enzymes-proteolytiques-90-capsules-vegetariennes-a-liberation-differee-maroc\\\/#breadcrumb\"},\"inLanguage\":\"en-US\",\"potentialAction\":[{\"@type\":\"ReadAction\",\"target\":[\"https:\\\/\\\/vitablanca.ma\\\/produit\\\/doctors-best-enzymes-proteolytiques-90-capsules-vegetariennes-a-liberation-differee-maroc\\\/\"]}]},{\"@type\":\"ImageObject\",\"inLanguage\":\"en-US\",\"@id\":\"https:\\\/\\\/vitablanca.ma\\\/produit\\\/doctors-best-enzymes-proteolytiques-90-capsules-vegetariennes-a-liberation-differee-maroc\\\/#primaryimage\",\"url\":\"https:\\\/\\\/vitablanca.ma\\\/wp-content\\\/uploads\\\/2025\\\/06\\\/doctors-best-enzymes-proteolytiques-90-capsules-vegetariennes-.jpg\",\"contentUrl\":\"https:\\\/\\\/vitablanca.ma\\\/wp-content\\\/uploads\\\/2025\\\/06\\\/doctors-best-enzymes-proteolytiques-90-capsules-vegetariennes-.jpg\",\"width\":680,\"height\":680},{\"@type\":\"BreadcrumbList\",\"@id\":\"https:\\\/\\\/vitablanca.ma\\\/produit\\\/doctors-best-enzymes-proteolytiques-90-capsules-vegetariennes-a-liberation-differee-maroc\\\/#breadcrumb\",\"itemListElement\":[{\"@type\":\"ListItem\",\"position\":1,\"name\":\"Home\",\"item\":\"https:\\\/\\\/vitablanca.ma\\\/\"},{\"@type\":\"ListItem\",\"position\":2,\"name\":\"Tous Les Produits\",\"item\":\"https:\\\/\\\/vitablanca.ma\\\/tous-les-produits\\\/\"},{\"@type\":\"ListItem\",\"position\":3,\"name\":\"Doctor&#8217;s BEST Enzymes prot\u00e9olytiques, 90 capsules v\u00e9g\u00e9tariennes \u00e0 lib\u00e9ration diff\u00e9r\u00e9e\"}]},{\"@type\":\"WebSite\",\"@id\":\"https:\\\/\\\/vitablanca.ma\\\/#website\",\"url\":\"https:\\\/\\\/vitablanca.ma\\\/\",\"name\":\"VitaBlanca.ma | Compl\u00e9ments alimentaires, sant\u00e9 & beaut\u00e9 au Maroc\",\"description\":\"vendre vitamines et compl\u00e9ments premium des USA &amp; Canada, Nouvelle Z\u00e9lande,Maroc (NOW Foods, Solgar, Manuka). Livraison rapide partout au Maroc.\",\"publisher\":{\"@id\":\"https:\\\/\\\/vitablanca.ma\\\/#organization\"},\"alternateName\":\"VitaBlanca.ma\",\"potentialAction\":[{\"@type\":\"SearchAction\",\"target\":{\"@type\":\"EntryPoint\",\"urlTemplate\":\"https:\\\/\\\/vitablanca.ma\\\/?s={search_term_string}\"},\"query-input\":{\"@type\":\"PropertyValueSpecification\",\"valueRequired\":true,\"valueName\":\"search_term_string\"}}],\"inLanguage\":\"en-US\"},{\"@type\":\"Organization\",\"@id\":\"https:\\\/\\\/vitablanca.ma\\\/#organization\",\"name\":\"VitaBlanca\",\"url\":\"https:\\\/\\\/vitablanca.ma\\\/\",\"logo\":{\"@type\":\"ImageObject\",\"inLanguage\":\"en-US\",\"@id\":\"https:\\\/\\\/vitablanca.ma\\\/#\\\/schema\\\/logo\\\/image\\\/\",\"url\":\"https:\\\/\\\/vitablanca.ma\\\/wp-content\\\/uploads\\\/2025\\\/05\\\/cropped-vitablanca.png\",\"contentUrl\":\"https:\\\/\\\/vitablanca.ma\\\/wp-content\\\/uploads\\\/2025\\\/05\\\/cropped-vitablanca.png\",\"width\":360,\"height\":67,\"caption\":\"VitaBlanca\"},\"image\":{\"@id\":\"https:\\\/\\\/vitablanca.ma\\\/#\\\/schema\\\/logo\\\/image\\\/\"},\"sameAs\":[\"https:\\\/\\\/www.facebook.com\\\/profile.php?id=61576678196717\",\"https:\\\/\\\/www.tiktok.com\\\/@vitablanca.ma\",\"https:\\\/\\\/www.instagram.com\\\/vitablanca.ma\\\/\"]}]}<\/script>\n<!-- \/ Yoast SEO plugin. -->","yoast_head_json":{"title":"Solaray Lemon Balm 475 mg, 100 Capsules - Morocco Price","description":"Buy Solaray Lemon Balm 475 mg in Morocco. These 100 vegetarian capsules promote relaxation and help reduce stress and anxiety.","robots":{"index":"index","follow":"follow","max-snippet":"max-snippet:-1","max-image-preview":"max-image-preview:large","max-video-preview":"max-video-preview:-1"},"canonical":"https:\/\/vitablanca.ma\/en\/product\/doctors-best-enzymes-proteolytiques-90-capsules-vegetariennes-a-liberation-differee-maroc\/","og_locale":"en_US","og_type":"article","og_title":"Solaray M\u00e9lisse Officinale 475 mg, 100 Capsules - Maroc Prix","og_description":"Achetez Solaray M\u00e9lisse Officinale 475 mg au Maroc. Ces 100 capsules v\u00e9g\u00e9tales favorisent la relaxation, aident \u00e0 r\u00e9duire le stress et l'anxi\u00e9t\u00e9","og_url":"https:\/\/vitablanca.ma\/en\/product\/doctors-best-enzymes-proteolytiques-90-capsules-vegetariennes-a-liberation-differee-maroc\/","og_site_name":"Vitablanca.ma &ndash; Sant&eacute;, vitalit&eacute; et bien-&ecirc;tre pour tous les Marocains","article_publisher":"https:\/\/www.facebook.com\/profile.php?id=61576678196717","article_modified_time":"2025-12-03T21:22:41+00:00","og_image":[{"width":680,"height":680,"url":"https:\/\/vitablanca.ma\/wp-content\/uploads\/2025\/06\/doctors-best-enzymes-proteolytiques-90-capsules-vegetariennes-.jpg","type":"image\/jpeg"}],"twitter_card":"summary_large_image","twitter_misc":{"Est. reading time":"1 minute"},"schema":{"@context":"https:\/\/schema.org","@graph":[{"@type":["WebPage","ItemPage"],"@id":"https:\/\/vitablanca.ma\/produit\/doctors-best-enzymes-proteolytiques-90-capsules-vegetariennes-a-liberation-differee-maroc\/","url":"https:\/\/vitablanca.ma\/produit\/doctors-best-enzymes-proteolytiques-90-capsules-vegetariennes-a-liberation-differee-maroc\/","name":"Solaray Lemon Balm 475 mg, 100 Capsules - Morocco Price","isPartOf":{"@id":"https:\/\/vitablanca.ma\/#website"},"primaryImageOfPage":{"@id":"https:\/\/vitablanca.ma\/produit\/doctors-best-enzymes-proteolytiques-90-capsules-vegetariennes-a-liberation-differee-maroc\/#primaryimage"},"image":{"@id":"https:\/\/vitablanca.ma\/produit\/doctors-best-enzymes-proteolytiques-90-capsules-vegetariennes-a-liberation-differee-maroc\/#primaryimage"},"thumbnailUrl":"https:\/\/vitablanca.ma\/wp-content\/uploads\/2025\/06\/doctors-best-enzymes-proteolytiques-90-capsules-vegetariennes-.jpg","datePublished":"2025-06-23T18:40:21+00:00","dateModified":"2025-12-03T21:22:41+00:00","description":"Buy Solaray Lemon Balm 475 mg in Morocco. These 100 vegetarian capsules promote relaxation and help reduce stress and anxiety.","breadcrumb":{"@id":"https:\/\/vitablanca.ma\/produit\/doctors-best-enzymes-proteolytiques-90-capsules-vegetariennes-a-liberation-differee-maroc\/#breadcrumb"},"inLanguage":"en-US","potentialAction":[{"@type":"ReadAction","target":["https:\/\/vitablanca.ma\/produit\/doctors-best-enzymes-proteolytiques-90-capsules-vegetariennes-a-liberation-differee-maroc\/"]}]},{"@type":"ImageObject","inLanguage":"en-US","@id":"https:\/\/vitablanca.ma\/produit\/doctors-best-enzymes-proteolytiques-90-capsules-vegetariennes-a-liberation-differee-maroc\/#primaryimage","url":"https:\/\/vitablanca.ma\/wp-content\/uploads\/2025\/06\/doctors-best-enzymes-proteolytiques-90-capsules-vegetariennes-.jpg","contentUrl":"https:\/\/vitablanca.ma\/wp-content\/uploads\/2025\/06\/doctors-best-enzymes-proteolytiques-90-capsules-vegetariennes-.jpg","width":680,"height":680},{"@type":"BreadcrumbList","@id":"https:\/\/vitablanca.ma\/produit\/doctors-best-enzymes-proteolytiques-90-capsules-vegetariennes-a-liberation-differee-maroc\/#breadcrumb","itemListElement":[{"@type":"ListItem","position":1,"name":"Home","item":"https:\/\/vitablanca.ma\/"},{"@type":"ListItem","position":2,"name":"Tous Les Produits","item":"https:\/\/vitablanca.ma\/tous-les-produits\/"},{"@type":"ListItem","position":3,"name":"Doctor&#8217;s BEST Enzymes prot\u00e9olytiques, 90 capsules v\u00e9g\u00e9tariennes \u00e0 lib\u00e9ration diff\u00e9r\u00e9e"}]},{"@type":"WebSite","@id":"https:\/\/vitablanca.ma\/#website","url":"https:\/\/vitablanca.ma\/","name":"VitaBlanca.ma | Food supplements, health &amp; beauty in Morocco","description":"sell premium vitamins and supplements from USA &amp; Canada, New Zealand, Morocco (NOW Foods, Solgar, Manuka). Fast delivery anywhere in Morocco.","publisher":{"@id":"https:\/\/vitablanca.ma\/#organization"},"alternateName":"VitaBlanca.ma","potentialAction":[{"@type":"SearchAction","target":{"@type":"EntryPoint","urlTemplate":"https:\/\/vitablanca.ma\/?s={search_term_string}"},"query-input":{"@type":"PropertyValueSpecification","valueRequired":true,"valueName":"search_term_string"}}],"inLanguage":"en-US"},{"@type":"Organization","@id":"https:\/\/vitablanca.ma\/#organization","name":"VitaBlanca","url":"https:\/\/vitablanca.ma\/","logo":{"@type":"ImageObject","inLanguage":"en-US","@id":"https:\/\/vitablanca.ma\/#\/schema\/logo\/image\/","url":"https:\/\/vitablanca.ma\/wp-content\/uploads\/2025\/05\/cropped-vitablanca.png","contentUrl":"https:\/\/vitablanca.ma\/wp-content\/uploads\/2025\/05\/cropped-vitablanca.png","width":360,"height":67,"caption":"VitaBlanca"},"image":{"@id":"https:\/\/vitablanca.ma\/#\/schema\/logo\/image\/"},"sameAs":["https:\/\/www.facebook.com\/profile.php?id=61576678196717","https:\/\/www.tiktok.com\/@vitablanca.ma","https:\/\/www.instagram.com\/vitablanca.ma\/"]}]}},"jetpack_sharing_enabled":true,"_links":{"self":[{"href":"https:\/\/vitablanca.ma\/en\/wp-json\/wp\/v2\/product\/22908","targetHints":{"allow":["GET"]}}],"collection":[{"href":"https:\/\/vitablanca.ma\/en\/wp-json\/wp\/v2\/product"}],"about":[{"href":"https:\/\/vitablanca.ma\/en\/wp-json\/wp\/v2\/types\/product"}],"wp:featuredmedia":[{"embeddable":true,"href":"https:\/\/vitablanca.ma\/en\/wp-json\/wp\/v2\/media\/22910"}],"wp:attachment":[{"href":"https:\/\/vitablanca.ma\/en\/wp-json\/wp\/v2\/media?parent=22908"}],"wp:term":[{"taxonomy":"product_brand","embeddable":true,"href":"https:\/\/vitablanca.ma\/en\/wp-json\/wp\/v2\/product_brand?post=22908"},{"taxonomy":"product_cat","embeddable":true,"href":"https:\/\/vitablanca.ma\/en\/wp-json\/wp\/v2\/product_cat?post=22908"},{"taxonomy":"product_tag","embeddable":true,"href":"https:\/\/vitablanca.ma\/en\/wp-json\/wp\/v2\/product_tag?post=22908"}],"curies":[{"name":"wp","href":"https:\/\/api.w.org\/{rel}","templated":true}]}}