{"id":22892,"date":"2025-06-23T16:45:59","date_gmt":"2025-06-23T16:45:59","guid":{"rendered":"https:\/\/vitablanca.ma\/?post_type=product&#038;p=22892"},"modified":"2026-02-06T16:48:00","modified_gmt":"2026-02-06T16:48:00","slug":"source-naturals-ferrochel-avance-180-comprimes-maroc-2","status":"publish","type":"product","link":"https:\/\/vitablanca.ma\/en\/product\/source-naturals-ferrochel-avance-180-comprimes-maroc-2\/","title":{"rendered":"Source Naturals Ferrochel avanc\u00e9 180 Comprim\u00e9s"},"content":{"rendered":"<p>Des \u00e9tudes ont montr\u00e9 que les ingr\u00e9dients de Source\u00a0Naturals\u00a0Advanced\u00a0Ferrochel\u00ae aident \u00e0 augmenter et \u00e0 maintenir les taux sanguins de fer, tout en \u00e9tant doux pour l\u2019estomac et le colon. Ce produit contient une forme de fer qui est facilement absorb\u00e9e et plus biodisponible que d\u2019autres formes de fer comme le sulfate ferreux. Il a \u00e9t\u00e9 d\u00e9montr\u00e9 que l\u2019acide ascorbique augmente la biodisponibilit\u00e9 du fer. La vitamine B-12 et l\u2019acide folique ont \u00e9t\u00e9 ajout\u00e9s pour un soutien suppl\u00e9mentaire.\u00a0Utilisation sugg\u00e9r\u00e9e\u00a01 par jour comprim\u00e9. Pour adultes seulement\u00a0<br><br><\/p>","protected":false},"excerpt":{"rendered":"<ul>\n<li>Minerals of Albion<\/li>\n<li>\u00a0Food supplement<\/li>\n<li>\u00a0Yield 27 mg of iron<\/li>\n<li>helps increase and maintain blood iron levels, while being gentle on the stomach and colon.<\/li>\n<li>\u00a0This product contains a form of iron that is easily absorbed and more bioavailable than other forms of iron such as ferrous sulfate.<\/li>\n<li>\u00a0Ascorbic acid has been shown to increase the bioavailability of iron.<\/li>\n<li>\u00a0Vitamin B-12 and folic acid have been added for additional support.<\/li>\n<\/ul>","protected":false},"featured_media":22894,"template":"","meta":{"om_disable_all_campaigns":false},"product_brand":[405],"product_cat":[18,3366,312,163,19],"product_tag":[2903,2902,2901],"class_list":{"0":"post-22892","1":"product","2":"type-product","3":"status-publish","4":"has-post-thumbnail","6":"product_brand-source-naturals-prix-maroc","7":"product_cat-beaute-sante","8":"product_cat-complements-alimentaires-au-maroc-vitablanca","9":"product_cat-fer","10":"product_cat-mineraux","11":"product_cat-vitamines-supplements-dietetiques","12":"product_tag-anti-fatigue-fer-maroc-absorption-fer-optimale-maroc","13":"product_tag-fer-bisglycinate-chelate-maroc-supplement-de-fer-maroc","14":"product_tag-source-naturals-ferrochel-maroc-ferrochel-avance-maroc","16":"first","17":"instock","18":"taxable","19":"shipping-taxable","20":"purchasable","21":"product-type-simple"},"yoast_head":"<!-- This site is optimized with the Yoast SEO plugin v27.5 - https:\/\/yoast.com\/product\/yoast-seo-wordpress\/ -->\n<title>Source Naturals Ferrochel avanc\u00e9, 180 Comprim\u00e9s - Maroc Prix<\/title>\n<meta name=\"description\" content=\"Achetez Source Naturals Ferrochel Avanc\u00e9 (180 comprim\u00e9s) au Maroc. Ce suppl\u00e9ment de fer bisglycinate ch\u00e9lat\u00e9 est doux pour l&#039;estomac,\" \/>\n<meta name=\"robots\" content=\"index, follow, max-snippet:-1, max-image-preview:large, max-video-preview:-1\" \/>\n<link rel=\"canonical\" href=\"https:\/\/vitablanca.ma\/en\/product\/source-naturals-ferrochel-avance-180-comprimes-maroc-2\/\" \/>\n<meta property=\"og:locale\" content=\"en_US\" \/>\n<meta property=\"og:type\" content=\"article\" \/>\n<meta property=\"og:title\" content=\"Source Naturals Ferrochel avanc\u00e9, 180 Comprim\u00e9s - Maroc Prix\" \/>\n<meta property=\"og:description\" content=\"Achetez Source Naturals Ferrochel Avanc\u00e9 (180 comprim\u00e9s) au Maroc. Ce suppl\u00e9ment de fer bisglycinate ch\u00e9lat\u00e9 est doux pour l&#039;estomac,\" \/>\n<meta property=\"og:url\" content=\"https:\/\/vitablanca.ma\/en\/product\/source-naturals-ferrochel-avance-180-comprimes-maroc-2\/\" \/>\n<meta property=\"og:site_name\" content=\"Vitablanca.ma &ndash; Sant&eacute;, vitalit&eacute; et bien-&ecirc;tre pour tous les Marocains\" \/>\n<meta property=\"article:publisher\" content=\"https:\/\/www.facebook.com\/profile.php?id=61576678196717\" \/>\n<meta property=\"article:modified_time\" content=\"2026-02-06T16:48:00+00:00\" \/>\n<meta property=\"og:image\" content=\"https:\/\/vitablanca.ma\/wp-content\/uploads\/2025\/06\/ferrochel-avance-180-comprimes-source-naturals-.jpg\" \/>\n\t<meta property=\"og:image:width\" content=\"680\" \/>\n\t<meta property=\"og:image:height\" content=\"680\" \/>\n\t<meta property=\"og:image:type\" content=\"image\/jpeg\" \/>\n<meta name=\"twitter:card\" content=\"summary_large_image\" \/>\n<meta name=\"twitter:label1\" content=\"Est. reading time\" \/>\n\t<meta name=\"twitter:data1\" content=\"1 minute\" \/>\n<script type=\"application\/ld+json\" class=\"yoast-schema-graph\">{\"@context\":\"https:\\\/\\\/schema.org\",\"@graph\":[{\"@type\":[\"WebPage\",\"ItemPage\"],\"@id\":\"https:\\\/\\\/vitablanca.ma\\\/produit\\\/source-naturals-ferrochel-avance-180-comprimes-maroc-2\\\/\",\"url\":\"https:\\\/\\\/vitablanca.ma\\\/produit\\\/source-naturals-ferrochel-avance-180-comprimes-maroc-2\\\/\",\"name\":\"Source Naturals Ferrochel avanc\u00e9, 180 Comprim\u00e9s - Maroc Prix\",\"isPartOf\":{\"@id\":\"https:\\\/\\\/vitablanca.ma\\\/#website\"},\"primaryImageOfPage\":{\"@id\":\"https:\\\/\\\/vitablanca.ma\\\/produit\\\/source-naturals-ferrochel-avance-180-comprimes-maroc-2\\\/#primaryimage\"},\"image\":{\"@id\":\"https:\\\/\\\/vitablanca.ma\\\/produit\\\/source-naturals-ferrochel-avance-180-comprimes-maroc-2\\\/#primaryimage\"},\"thumbnailUrl\":\"https:\\\/\\\/vitablanca.ma\\\/wp-content\\\/uploads\\\/2025\\\/06\\\/ferrochel-avance-180-comprimes-source-naturals-.jpg\",\"datePublished\":\"2025-06-23T16:45:59+00:00\",\"dateModified\":\"2026-02-06T16:48:00+00:00\",\"description\":\"Achetez Source Naturals Ferrochel Avanc\u00e9 (180 comprim\u00e9s) au Maroc. Ce suppl\u00e9ment de fer bisglycinate ch\u00e9lat\u00e9 est doux pour l'estomac,\",\"breadcrumb\":{\"@id\":\"https:\\\/\\\/vitablanca.ma\\\/produit\\\/source-naturals-ferrochel-avance-180-comprimes-maroc-2\\\/#breadcrumb\"},\"inLanguage\":\"en-US\",\"potentialAction\":[{\"@type\":\"ReadAction\",\"target\":[\"https:\\\/\\\/vitablanca.ma\\\/produit\\\/source-naturals-ferrochel-avance-180-comprimes-maroc-2\\\/\"]}]},{\"@type\":\"ImageObject\",\"inLanguage\":\"en-US\",\"@id\":\"https:\\\/\\\/vitablanca.ma\\\/produit\\\/source-naturals-ferrochel-avance-180-comprimes-maroc-2\\\/#primaryimage\",\"url\":\"https:\\\/\\\/vitablanca.ma\\\/wp-content\\\/uploads\\\/2025\\\/06\\\/ferrochel-avance-180-comprimes-source-naturals-.jpg\",\"contentUrl\":\"https:\\\/\\\/vitablanca.ma\\\/wp-content\\\/uploads\\\/2025\\\/06\\\/ferrochel-avance-180-comprimes-source-naturals-.jpg\",\"width\":680,\"height\":680},{\"@type\":\"BreadcrumbList\",\"@id\":\"https:\\\/\\\/vitablanca.ma\\\/produit\\\/source-naturals-ferrochel-avance-180-comprimes-maroc-2\\\/#breadcrumb\",\"itemListElement\":[{\"@type\":\"ListItem\",\"position\":1,\"name\":\"Home\",\"item\":\"https:\\\/\\\/vitablanca.ma\\\/\"},{\"@type\":\"ListItem\",\"position\":2,\"name\":\"Tous Les Produits\",\"item\":\"https:\\\/\\\/vitablanca.ma\\\/tous-les-produits\\\/\"},{\"@type\":\"ListItem\",\"position\":3,\"name\":\"Source Naturals Ferrochel avanc\u00e9 180 Comprim\u00e9s\"}]},{\"@type\":\"WebSite\",\"@id\":\"https:\\\/\\\/vitablanca.ma\\\/#website\",\"url\":\"https:\\\/\\\/vitablanca.ma\\\/\",\"name\":\"VitaBlanca.ma | Compl\u00e9ments alimentaires, sant\u00e9 & beaut\u00e9 au Maroc\",\"description\":\"vendre vitamines et compl\u00e9ments premium des USA &amp; Canada, Nouvelle Z\u00e9lande,Maroc (NOW Foods, Solgar, Manuka). Livraison rapide partout au Maroc.\",\"publisher\":{\"@id\":\"https:\\\/\\\/vitablanca.ma\\\/#organization\"},\"alternateName\":\"VitaBlanca.ma\",\"potentialAction\":[{\"@type\":\"SearchAction\",\"target\":{\"@type\":\"EntryPoint\",\"urlTemplate\":\"https:\\\/\\\/vitablanca.ma\\\/?s={search_term_string}\"},\"query-input\":{\"@type\":\"PropertyValueSpecification\",\"valueRequired\":true,\"valueName\":\"search_term_string\"}}],\"inLanguage\":\"en-US\"},{\"@type\":\"Organization\",\"@id\":\"https:\\\/\\\/vitablanca.ma\\\/#organization\",\"name\":\"VitaBlanca\",\"url\":\"https:\\\/\\\/vitablanca.ma\\\/\",\"logo\":{\"@type\":\"ImageObject\",\"inLanguage\":\"en-US\",\"@id\":\"https:\\\/\\\/vitablanca.ma\\\/#\\\/schema\\\/logo\\\/image\\\/\",\"url\":\"https:\\\/\\\/vitablanca.ma\\\/wp-content\\\/uploads\\\/2025\\\/05\\\/cropped-vitablanca.png\",\"contentUrl\":\"https:\\\/\\\/vitablanca.ma\\\/wp-content\\\/uploads\\\/2025\\\/05\\\/cropped-vitablanca.png\",\"width\":360,\"height\":67,\"caption\":\"VitaBlanca\"},\"image\":{\"@id\":\"https:\\\/\\\/vitablanca.ma\\\/#\\\/schema\\\/logo\\\/image\\\/\"},\"sameAs\":[\"https:\\\/\\\/www.facebook.com\\\/profile.php?id=61576678196717\",\"https:\\\/\\\/www.tiktok.com\\\/@vitablanca.ma\",\"https:\\\/\\\/www.instagram.com\\\/vitablanca.ma\\\/\"]}]}<\/script>\n<!-- \/ Yoast SEO plugin. -->","yoast_head_json":{"title":"Source Naturals Advanced Ferrochel, 180 Tablets - Morocco Price","description":"Buy Source Naturals Advanced Ferrochel (180 tablets) in Morocco. This chelated iron bisglycinate supplement is gentle on the stomach,","robots":{"index":"index","follow":"follow","max-snippet":"max-snippet:-1","max-image-preview":"max-image-preview:large","max-video-preview":"max-video-preview:-1"},"canonical":"https:\/\/vitablanca.ma\/en\/product\/source-naturals-ferrochel-avance-180-comprimes-maroc-2\/","og_locale":"en_US","og_type":"article","og_title":"Source Naturals Ferrochel avanc\u00e9, 180 Comprim\u00e9s - Maroc Prix","og_description":"Achetez Source Naturals Ferrochel Avanc\u00e9 (180 comprim\u00e9s) au Maroc. Ce suppl\u00e9ment de fer bisglycinate ch\u00e9lat\u00e9 est doux pour l'estomac,","og_url":"https:\/\/vitablanca.ma\/en\/product\/source-naturals-ferrochel-avance-180-comprimes-maroc-2\/","og_site_name":"Vitablanca.ma &ndash; Sant&eacute;, vitalit&eacute; et bien-&ecirc;tre pour tous les Marocains","article_publisher":"https:\/\/www.facebook.com\/profile.php?id=61576678196717","article_modified_time":"2026-02-06T16:48:00+00:00","og_image":[{"width":680,"height":680,"url":"https:\/\/vitablanca.ma\/wp-content\/uploads\/2025\/06\/ferrochel-avance-180-comprimes-source-naturals-.jpg","type":"image\/jpeg"}],"twitter_card":"summary_large_image","twitter_misc":{"Est. reading time":"1 minute"},"schema":{"@context":"https:\/\/schema.org","@graph":[{"@type":["WebPage","ItemPage"],"@id":"https:\/\/vitablanca.ma\/produit\/source-naturals-ferrochel-avance-180-comprimes-maroc-2\/","url":"https:\/\/vitablanca.ma\/produit\/source-naturals-ferrochel-avance-180-comprimes-maroc-2\/","name":"Source Naturals Advanced Ferrochel, 180 Tablets - Morocco Price","isPartOf":{"@id":"https:\/\/vitablanca.ma\/#website"},"primaryImageOfPage":{"@id":"https:\/\/vitablanca.ma\/produit\/source-naturals-ferrochel-avance-180-comprimes-maroc-2\/#primaryimage"},"image":{"@id":"https:\/\/vitablanca.ma\/produit\/source-naturals-ferrochel-avance-180-comprimes-maroc-2\/#primaryimage"},"thumbnailUrl":"https:\/\/vitablanca.ma\/wp-content\/uploads\/2025\/06\/ferrochel-avance-180-comprimes-source-naturals-.jpg","datePublished":"2025-06-23T16:45:59+00:00","dateModified":"2026-02-06T16:48:00+00:00","description":"Buy Source Naturals Advanced Ferrochel (180 tablets) in Morocco. This chelated iron bisglycinate supplement is gentle on the stomach,","breadcrumb":{"@id":"https:\/\/vitablanca.ma\/produit\/source-naturals-ferrochel-avance-180-comprimes-maroc-2\/#breadcrumb"},"inLanguage":"en-US","potentialAction":[{"@type":"ReadAction","target":["https:\/\/vitablanca.ma\/produit\/source-naturals-ferrochel-avance-180-comprimes-maroc-2\/"]}]},{"@type":"ImageObject","inLanguage":"en-US","@id":"https:\/\/vitablanca.ma\/produit\/source-naturals-ferrochel-avance-180-comprimes-maroc-2\/#primaryimage","url":"https:\/\/vitablanca.ma\/wp-content\/uploads\/2025\/06\/ferrochel-avance-180-comprimes-source-naturals-.jpg","contentUrl":"https:\/\/vitablanca.ma\/wp-content\/uploads\/2025\/06\/ferrochel-avance-180-comprimes-source-naturals-.jpg","width":680,"height":680},{"@type":"BreadcrumbList","@id":"https:\/\/vitablanca.ma\/produit\/source-naturals-ferrochel-avance-180-comprimes-maroc-2\/#breadcrumb","itemListElement":[{"@type":"ListItem","position":1,"name":"Home","item":"https:\/\/vitablanca.ma\/"},{"@type":"ListItem","position":2,"name":"Tous Les Produits","item":"https:\/\/vitablanca.ma\/tous-les-produits\/"},{"@type":"ListItem","position":3,"name":"Source Naturals Ferrochel avanc\u00e9 180 Comprim\u00e9s"}]},{"@type":"WebSite","@id":"https:\/\/vitablanca.ma\/#website","url":"https:\/\/vitablanca.ma\/","name":"VitaBlanca.ma | Food supplements, health &amp; beauty in Morocco","description":"sell premium vitamins and supplements from USA &amp; Canada, New Zealand, Morocco (NOW Foods, Solgar, Manuka). Fast delivery anywhere in Morocco.","publisher":{"@id":"https:\/\/vitablanca.ma\/#organization"},"alternateName":"VitaBlanca.ma","potentialAction":[{"@type":"SearchAction","target":{"@type":"EntryPoint","urlTemplate":"https:\/\/vitablanca.ma\/?s={search_term_string}"},"query-input":{"@type":"PropertyValueSpecification","valueRequired":true,"valueName":"search_term_string"}}],"inLanguage":"en-US"},{"@type":"Organization","@id":"https:\/\/vitablanca.ma\/#organization","name":"VitaBlanca","url":"https:\/\/vitablanca.ma\/","logo":{"@type":"ImageObject","inLanguage":"en-US","@id":"https:\/\/vitablanca.ma\/#\/schema\/logo\/image\/","url":"https:\/\/vitablanca.ma\/wp-content\/uploads\/2025\/05\/cropped-vitablanca.png","contentUrl":"https:\/\/vitablanca.ma\/wp-content\/uploads\/2025\/05\/cropped-vitablanca.png","width":360,"height":67,"caption":"VitaBlanca"},"image":{"@id":"https:\/\/vitablanca.ma\/#\/schema\/logo\/image\/"},"sameAs":["https:\/\/www.facebook.com\/profile.php?id=61576678196717","https:\/\/www.tiktok.com\/@vitablanca.ma","https:\/\/www.instagram.com\/vitablanca.ma\/"]}]}},"jetpack_sharing_enabled":true,"_links":{"self":[{"href":"https:\/\/vitablanca.ma\/en\/wp-json\/wp\/v2\/product\/22892","targetHints":{"allow":["GET"]}}],"collection":[{"href":"https:\/\/vitablanca.ma\/en\/wp-json\/wp\/v2\/product"}],"about":[{"href":"https:\/\/vitablanca.ma\/en\/wp-json\/wp\/v2\/types\/product"}],"wp:featuredmedia":[{"embeddable":true,"href":"https:\/\/vitablanca.ma\/en\/wp-json\/wp\/v2\/media\/22894"}],"wp:attachment":[{"href":"https:\/\/vitablanca.ma\/en\/wp-json\/wp\/v2\/media?parent=22892"}],"wp:term":[{"taxonomy":"product_brand","embeddable":true,"href":"https:\/\/vitablanca.ma\/en\/wp-json\/wp\/v2\/product_brand?post=22892"},{"taxonomy":"product_cat","embeddable":true,"href":"https:\/\/vitablanca.ma\/en\/wp-json\/wp\/v2\/product_cat?post=22892"},{"taxonomy":"product_tag","embeddable":true,"href":"https:\/\/vitablanca.ma\/en\/wp-json\/wp\/v2\/product_tag?post=22892"}],"curies":[{"name":"wp","href":"https:\/\/api.w.org\/{rel}","templated":true}]}}