{"id":22767,"date":"2025-06-19T01:17:22","date_gmt":"2025-06-19T01:17:22","guid":{"rendered":"https:\/\/vitablanca.ma\/?post_type=product&#038;p=22767"},"modified":"2025-09-21T20:33:51","modified_gmt":"2025-09-21T20:33:51","slug":"natural-factors-formule-pour-la-sante-de-la-thyroide-60-vegetarian-capsules-maroc","status":"publish","type":"product","link":"https:\/\/vitablanca.ma\/en\/product\/natural-factors-formule-pour-la-sante-de-la-thyroide-60-vegetarian-capsules-maroc\/","title":{"rendered":"Natural Factors Thyroid Health Formula 60 Vegetarian Capsules"},"content":{"rendered":"<p>Your thyroid is the 2-inch-long, butterfly-shaped gland at the front of your neck that controls your metabolism\u2014the chemical processes in your body that break down and convert the food you eat into energy. But did you know that your thyroid plays a role in many bodily functions, including making thyroid hormones and regulating the speed at which your body carries out its necessary daily functions? The health of your thyroid can affect how fast your heart beats, how deeply you breathe, and whether you gain or lose weight, in addition to helping control your body temperature and cholesterol levels. Natural Factors Thyroid Health Formula is a dietary supplement designed to provide nutritional support for normal thyroid function and help improve your overall health!&nbsp;<\/p>\n\n\n\n<p>Provides vitamins, minerals and herbs to support your metabolism&nbsp;<\/p>\n\n\n\n<p>Supports and nourishes your thyroid&nbsp;<\/p>\n\n\n\n<p>Non-GMO and vegetarian&nbsp;<\/p>\n\n\n\n<p>Free from gluten, wheat, dairy, starch, sugar, yeast, soy, eggs, fish\/shellfish, salt, nuts and artificial colors, preservatives and sweeteners&nbsp;<\/p>\n\n\n\n<p>May help control weight loss or gain&nbsp;<\/p>\n\n\n\n<p>Helps control your body temperature&nbsp;<\/p>\n\n\n\n<p>Keep your body in sync&nbsp;<br>If your thyroid isn&#039;t functioning properly, it can throw you off-balance and affect the health of virtually every organ in your body. Research indicates that some of the most common triggers of thyroid dysfunction are nutrient depletion, food sensitivities, toxins, stress, infections, and poor gastrointestinal health. The nutrients in Natural Factors&#039; Thyroid Health Formula\u2014including pantothenic acid, iodine, selenium, copper, manganese, L-Tyrosine, ashwagandha extract, and guggul extract\u2014are the ones that have positive effects on your thyroid function.&nbsp;<a href=\"https:\/\/www.jumia.ma\/customer\/account\/login\/?tkWl=NA537DV0NLKQ4NAFAMZ-37498486&amp;return=%2Fnatural-factors-formule-pour-la-sante-de-la-thyroide-60-vegetarian-capsules-40873693.html\"><\/a><\/p>","protected":false},"excerpt":{"rendered":"<p>Votre thyro\u00efde est la glande en forme de papillon de 2 pouces de long \u00e0 l&rsquo;avant de votre cou qui contr\u00f4le votre m\u00e9tabolisme &#8211; les processus chimiques de votre corps qui se d\u00e9composent et convertissent les aliments que vous mangez en \u00e9nergie.&nbsp;Mais saviez-vous que votre thyro\u00efde joue un r\u00f4le dans de nombreuses fonctions corporelles, y [&hellip;]<\/p>\n","protected":false},"featured_media":22770,"template":"","meta":{"om_disable_all_campaigns":false},"product_brand":[1808],"product_cat":[18,3366,20,19],"product_tag":[2798,4319],"class_list":{"0":"post-22767","1":"product","2":"type-product","3":"status-publish","4":"has-post-thumbnail","6":"product_brand-natural-factors-maroc-prix","7":"product_cat-beaute-sante","8":"product_cat-complements-alimentaires-au-maroc-vitablanca","9":"product_cat-supplements","10":"product_cat-vitamines-supplements-dietetiques","11":"product_tag-natural-factors","12":"product_tag-natural-factors-maroc","14":"first","15":"instock","16":"taxable","17":"shipping-taxable","18":"purchasable","19":"product-type-simple"},"yoast_head":"<!-- This site is optimized with the Yoast SEO plugin v27.4 - https:\/\/yoast.com\/product\/yoast-seo-wordpress\/ -->\n<title>Natural Factors Thyro\u00efde Formule, 60 Vcaps - Prix Maroc<\/title>\n<meta name=\"description\" content=\"Achetez Natural Factors Formule pour la sant\u00e9 de la Thyro\u00efde au Maroc. 60 capsules v\u00e9g\u00e9tariennes pour soutenir la fonction thyro\u00efdienne et le m\u00e9tabolisme.\" \/>\n<meta name=\"robots\" content=\"index, follow, max-snippet:-1, max-image-preview:large, max-video-preview:-1\" \/>\n<link rel=\"canonical\" href=\"https:\/\/vitablanca.ma\/en\/product\/natural-factors-formule-pour-la-sante-de-la-thyroide-60-vegetarian-capsules-maroc\/\" \/>\n<meta property=\"og:locale\" content=\"en_US\" \/>\n<meta property=\"og:type\" content=\"article\" \/>\n<meta property=\"og:title\" content=\"Natural Factors Thyro\u00efde Formule, 60 Vcaps - Prix Maroc\" \/>\n<meta property=\"og:description\" content=\"Achetez Natural Factors Formule pour la sant\u00e9 de la Thyro\u00efde au Maroc. 60 capsules v\u00e9g\u00e9tariennes pour soutenir la fonction thyro\u00efdienne et le m\u00e9tabolisme.\" \/>\n<meta property=\"og:url\" content=\"https:\/\/vitablanca.ma\/en\/product\/natural-factors-formule-pour-la-sante-de-la-thyroide-60-vegetarian-capsules-maroc\/\" \/>\n<meta property=\"og:site_name\" content=\"Vitablanca.ma &ndash; Sant&eacute;, vitalit&eacute; et bien-&ecirc;tre pour tous les Marocains\" \/>\n<meta property=\"article:publisher\" content=\"https:\/\/www.facebook.com\/profile.php?id=61576678196717\" \/>\n<meta property=\"article:modified_time\" content=\"2025-09-21T20:33:51+00:00\" \/>\n<meta property=\"og:image\" content=\"https:\/\/vitablanca.ma\/wp-content\/uploads\/2025\/06\/natural-factors-formule-pour-la-sante-de-la-thyroide-60-vegetarian-c-1.jpg\" \/>\n\t<meta property=\"og:image:width\" content=\"680\" \/>\n\t<meta property=\"og:image:height\" content=\"680\" \/>\n\t<meta property=\"og:image:type\" content=\"image\/jpeg\" \/>\n<meta name=\"twitter:card\" content=\"summary_large_image\" \/>\n<meta name=\"twitter:label1\" content=\"Est. reading time\" \/>\n\t<meta name=\"twitter:data1\" content=\"2 minutes\" \/>\n<script type=\"application\/ld+json\" class=\"yoast-schema-graph\">{\"@context\":\"https:\\\/\\\/schema.org\",\"@graph\":[{\"@type\":[\"WebPage\",\"ItemPage\"],\"@id\":\"https:\\\/\\\/vitablanca.ma\\\/produit\\\/natural-factors-formule-pour-la-sante-de-la-thyroide-60-vegetarian-capsules-maroc\\\/\",\"url\":\"https:\\\/\\\/vitablanca.ma\\\/produit\\\/natural-factors-formule-pour-la-sante-de-la-thyroide-60-vegetarian-capsules-maroc\\\/\",\"name\":\"Natural Factors Thyro\u00efde Formule, 60 Vcaps - Prix Maroc\",\"isPartOf\":{\"@id\":\"https:\\\/\\\/vitablanca.ma\\\/#website\"},\"primaryImageOfPage\":{\"@id\":\"https:\\\/\\\/vitablanca.ma\\\/produit\\\/natural-factors-formule-pour-la-sante-de-la-thyroide-60-vegetarian-capsules-maroc\\\/#primaryimage\"},\"image\":{\"@id\":\"https:\\\/\\\/vitablanca.ma\\\/produit\\\/natural-factors-formule-pour-la-sante-de-la-thyroide-60-vegetarian-capsules-maroc\\\/#primaryimage\"},\"thumbnailUrl\":\"https:\\\/\\\/vitablanca.ma\\\/wp-content\\\/uploads\\\/2025\\\/06\\\/natural-factors-formule-pour-la-sante-de-la-thyroide-60-vegetarian-c-1.jpg\",\"datePublished\":\"2025-06-19T01:17:22+00:00\",\"dateModified\":\"2025-09-21T20:33:51+00:00\",\"description\":\"Achetez Natural Factors Formule pour la sant\u00e9 de la Thyro\u00efde au Maroc. 60 capsules v\u00e9g\u00e9tariennes pour soutenir la fonction thyro\u00efdienne et le m\u00e9tabolisme.\",\"breadcrumb\":{\"@id\":\"https:\\\/\\\/vitablanca.ma\\\/produit\\\/natural-factors-formule-pour-la-sante-de-la-thyroide-60-vegetarian-capsules-maroc\\\/#breadcrumb\"},\"inLanguage\":\"en-US\",\"potentialAction\":[{\"@type\":\"ReadAction\",\"target\":[\"https:\\\/\\\/vitablanca.ma\\\/produit\\\/natural-factors-formule-pour-la-sante-de-la-thyroide-60-vegetarian-capsules-maroc\\\/\"]}]},{\"@type\":\"ImageObject\",\"inLanguage\":\"en-US\",\"@id\":\"https:\\\/\\\/vitablanca.ma\\\/produit\\\/natural-factors-formule-pour-la-sante-de-la-thyroide-60-vegetarian-capsules-maroc\\\/#primaryimage\",\"url\":\"https:\\\/\\\/vitablanca.ma\\\/wp-content\\\/uploads\\\/2025\\\/06\\\/natural-factors-formule-pour-la-sante-de-la-thyroide-60-vegetarian-c-1.jpg\",\"contentUrl\":\"https:\\\/\\\/vitablanca.ma\\\/wp-content\\\/uploads\\\/2025\\\/06\\\/natural-factors-formule-pour-la-sante-de-la-thyroide-60-vegetarian-c-1.jpg\",\"width\":680,\"height\":680},{\"@type\":\"BreadcrumbList\",\"@id\":\"https:\\\/\\\/vitablanca.ma\\\/produit\\\/natural-factors-formule-pour-la-sante-de-la-thyroide-60-vegetarian-capsules-maroc\\\/#breadcrumb\",\"itemListElement\":[{\"@type\":\"ListItem\",\"position\":1,\"name\":\"Home\",\"item\":\"https:\\\/\\\/vitablanca.ma\\\/\"},{\"@type\":\"ListItem\",\"position\":2,\"name\":\"Tous Les Produits\",\"item\":\"https:\\\/\\\/vitablanca.ma\\\/tous-les-produits\\\/\"},{\"@type\":\"ListItem\",\"position\":3,\"name\":\"Natural Factors Formule pour la sant\u00e9 de la thyro\u00efde 60 Vegetarian Capsules\"}]},{\"@type\":\"WebSite\",\"@id\":\"https:\\\/\\\/vitablanca.ma\\\/#website\",\"url\":\"https:\\\/\\\/vitablanca.ma\\\/\",\"name\":\"VitaBlanca.ma | Compl\u00e9ments alimentaires, sant\u00e9 & beaut\u00e9 au Maroc\",\"description\":\"vendre vitamines et compl\u00e9ments premium des USA &amp; Canada, Nouvelle Z\u00e9lande,Maroc (NOW Foods, Solgar, Manuka). Livraison rapide partout au Maroc.\",\"publisher\":{\"@id\":\"https:\\\/\\\/vitablanca.ma\\\/#organization\"},\"alternateName\":\"VitaBlanca.ma\",\"potentialAction\":[{\"@type\":\"SearchAction\",\"target\":{\"@type\":\"EntryPoint\",\"urlTemplate\":\"https:\\\/\\\/vitablanca.ma\\\/?s={search_term_string}\"},\"query-input\":{\"@type\":\"PropertyValueSpecification\",\"valueRequired\":true,\"valueName\":\"search_term_string\"}}],\"inLanguage\":\"en-US\"},{\"@type\":\"Organization\",\"@id\":\"https:\\\/\\\/vitablanca.ma\\\/#organization\",\"name\":\"VitaBlanca\",\"url\":\"https:\\\/\\\/vitablanca.ma\\\/\",\"logo\":{\"@type\":\"ImageObject\",\"inLanguage\":\"en-US\",\"@id\":\"https:\\\/\\\/vitablanca.ma\\\/#\\\/schema\\\/logo\\\/image\\\/\",\"url\":\"https:\\\/\\\/vitablanca.ma\\\/wp-content\\\/uploads\\\/2025\\\/05\\\/cropped-vitablanca.png\",\"contentUrl\":\"https:\\\/\\\/vitablanca.ma\\\/wp-content\\\/uploads\\\/2025\\\/05\\\/cropped-vitablanca.png\",\"width\":360,\"height\":67,\"caption\":\"VitaBlanca\"},\"image\":{\"@id\":\"https:\\\/\\\/vitablanca.ma\\\/#\\\/schema\\\/logo\\\/image\\\/\"},\"sameAs\":[\"https:\\\/\\\/www.facebook.com\\\/profile.php?id=61576678196717\",\"https:\\\/\\\/www.tiktok.com\\\/@vitablanca.ma\",\"https:\\\/\\\/www.instagram.com\\\/vitablanca.ma\\\/\"]}]}<\/script>\n<!-- \/ Yoast SEO plugin. -->","yoast_head_json":{"title":"Natural Factors Thyroid Formula, 60 Vcaps - Price Morocco","description":"Buy Natural Factors Thyroid Health Formula in Morocco. 60 vegetarian capsules to support thyroid function and metabolism.","robots":{"index":"index","follow":"follow","max-snippet":"max-snippet:-1","max-image-preview":"max-image-preview:large","max-video-preview":"max-video-preview:-1"},"canonical":"https:\/\/vitablanca.ma\/en\/product\/natural-factors-formule-pour-la-sante-de-la-thyroide-60-vegetarian-capsules-maroc\/","og_locale":"en_US","og_type":"article","og_title":"Natural Factors Thyro\u00efde Formule, 60 Vcaps - Prix Maroc","og_description":"Achetez Natural Factors Formule pour la sant\u00e9 de la Thyro\u00efde au Maroc. 60 capsules v\u00e9g\u00e9tariennes pour soutenir la fonction thyro\u00efdienne et le m\u00e9tabolisme.","og_url":"https:\/\/vitablanca.ma\/en\/product\/natural-factors-formule-pour-la-sante-de-la-thyroide-60-vegetarian-capsules-maroc\/","og_site_name":"Vitablanca.ma &ndash; Sant&eacute;, vitalit&eacute; et bien-&ecirc;tre pour tous les Marocains","article_publisher":"https:\/\/www.facebook.com\/profile.php?id=61576678196717","article_modified_time":"2025-09-21T20:33:51+00:00","og_image":[{"width":680,"height":680,"url":"https:\/\/vitablanca.ma\/wp-content\/uploads\/2025\/06\/natural-factors-formule-pour-la-sante-de-la-thyroide-60-vegetarian-c-1.jpg","type":"image\/jpeg"}],"twitter_card":"summary_large_image","twitter_misc":{"Est. reading time":"2 minutes"},"schema":{"@context":"https:\/\/schema.org","@graph":[{"@type":["WebPage","ItemPage"],"@id":"https:\/\/vitablanca.ma\/produit\/natural-factors-formule-pour-la-sante-de-la-thyroide-60-vegetarian-capsules-maroc\/","url":"https:\/\/vitablanca.ma\/produit\/natural-factors-formule-pour-la-sante-de-la-thyroide-60-vegetarian-capsules-maroc\/","name":"Natural Factors Thyroid Formula, 60 Vcaps - Price Morocco","isPartOf":{"@id":"https:\/\/vitablanca.ma\/#website"},"primaryImageOfPage":{"@id":"https:\/\/vitablanca.ma\/produit\/natural-factors-formule-pour-la-sante-de-la-thyroide-60-vegetarian-capsules-maroc\/#primaryimage"},"image":{"@id":"https:\/\/vitablanca.ma\/produit\/natural-factors-formule-pour-la-sante-de-la-thyroide-60-vegetarian-capsules-maroc\/#primaryimage"},"thumbnailUrl":"https:\/\/vitablanca.ma\/wp-content\/uploads\/2025\/06\/natural-factors-formule-pour-la-sante-de-la-thyroide-60-vegetarian-c-1.jpg","datePublished":"2025-06-19T01:17:22+00:00","dateModified":"2025-09-21T20:33:51+00:00","description":"Buy Natural Factors Thyroid Health Formula in Morocco. 60 vegetarian capsules to support thyroid function and metabolism.","breadcrumb":{"@id":"https:\/\/vitablanca.ma\/produit\/natural-factors-formule-pour-la-sante-de-la-thyroide-60-vegetarian-capsules-maroc\/#breadcrumb"},"inLanguage":"en-US","potentialAction":[{"@type":"ReadAction","target":["https:\/\/vitablanca.ma\/produit\/natural-factors-formule-pour-la-sante-de-la-thyroide-60-vegetarian-capsules-maroc\/"]}]},{"@type":"ImageObject","inLanguage":"en-US","@id":"https:\/\/vitablanca.ma\/produit\/natural-factors-formule-pour-la-sante-de-la-thyroide-60-vegetarian-capsules-maroc\/#primaryimage","url":"https:\/\/vitablanca.ma\/wp-content\/uploads\/2025\/06\/natural-factors-formule-pour-la-sante-de-la-thyroide-60-vegetarian-c-1.jpg","contentUrl":"https:\/\/vitablanca.ma\/wp-content\/uploads\/2025\/06\/natural-factors-formule-pour-la-sante-de-la-thyroide-60-vegetarian-c-1.jpg","width":680,"height":680},{"@type":"BreadcrumbList","@id":"https:\/\/vitablanca.ma\/produit\/natural-factors-formule-pour-la-sante-de-la-thyroide-60-vegetarian-capsules-maroc\/#breadcrumb","itemListElement":[{"@type":"ListItem","position":1,"name":"Home","item":"https:\/\/vitablanca.ma\/"},{"@type":"ListItem","position":2,"name":"Tous Les Produits","item":"https:\/\/vitablanca.ma\/tous-les-produits\/"},{"@type":"ListItem","position":3,"name":"Natural Factors Formule pour la sant\u00e9 de la thyro\u00efde 60 Vegetarian Capsules"}]},{"@type":"WebSite","@id":"https:\/\/vitablanca.ma\/#website","url":"https:\/\/vitablanca.ma\/","name":"VitaBlanca.ma | Food supplements, health &amp; beauty in Morocco","description":"sell premium vitamins and supplements from USA &amp; Canada, New Zealand, Morocco (NOW Foods, Solgar, Manuka). Fast delivery anywhere in Morocco.","publisher":{"@id":"https:\/\/vitablanca.ma\/#organization"},"alternateName":"VitaBlanca.ma","potentialAction":[{"@type":"SearchAction","target":{"@type":"EntryPoint","urlTemplate":"https:\/\/vitablanca.ma\/?s={search_term_string}"},"query-input":{"@type":"PropertyValueSpecification","valueRequired":true,"valueName":"search_term_string"}}],"inLanguage":"en-US"},{"@type":"Organization","@id":"https:\/\/vitablanca.ma\/#organization","name":"VitaBlanca","url":"https:\/\/vitablanca.ma\/","logo":{"@type":"ImageObject","inLanguage":"en-US","@id":"https:\/\/vitablanca.ma\/#\/schema\/logo\/image\/","url":"https:\/\/vitablanca.ma\/wp-content\/uploads\/2025\/05\/cropped-vitablanca.png","contentUrl":"https:\/\/vitablanca.ma\/wp-content\/uploads\/2025\/05\/cropped-vitablanca.png","width":360,"height":67,"caption":"VitaBlanca"},"image":{"@id":"https:\/\/vitablanca.ma\/#\/schema\/logo\/image\/"},"sameAs":["https:\/\/www.facebook.com\/profile.php?id=61576678196717","https:\/\/www.tiktok.com\/@vitablanca.ma","https:\/\/www.instagram.com\/vitablanca.ma\/"]}]}},"jetpack_sharing_enabled":true,"_links":{"self":[{"href":"https:\/\/vitablanca.ma\/en\/wp-json\/wp\/v2\/product\/22767","targetHints":{"allow":["GET"]}}],"collection":[{"href":"https:\/\/vitablanca.ma\/en\/wp-json\/wp\/v2\/product"}],"about":[{"href":"https:\/\/vitablanca.ma\/en\/wp-json\/wp\/v2\/types\/product"}],"wp:featuredmedia":[{"embeddable":true,"href":"https:\/\/vitablanca.ma\/en\/wp-json\/wp\/v2\/media\/22770"}],"wp:attachment":[{"href":"https:\/\/vitablanca.ma\/en\/wp-json\/wp\/v2\/media?parent=22767"}],"wp:term":[{"taxonomy":"product_brand","embeddable":true,"href":"https:\/\/vitablanca.ma\/en\/wp-json\/wp\/v2\/product_brand?post=22767"},{"taxonomy":"product_cat","embeddable":true,"href":"https:\/\/vitablanca.ma\/en\/wp-json\/wp\/v2\/product_cat?post=22767"},{"taxonomy":"product_tag","embeddable":true,"href":"https:\/\/vitablanca.ma\/en\/wp-json\/wp\/v2\/product_tag?post=22767"}],"curies":[{"name":"wp","href":"https:\/\/api.w.org\/{rel}","templated":true}]}}