{"id":22700,"date":"2025-06-15T17:28:59","date_gmt":"2025-06-15T17:28:59","guid":{"rendered":"https:\/\/vitablanca.ma\/?post_type=product&#038;p=22700"},"modified":"2025-12-03T19:18:44","modified_gmt":"2025-12-03T19:18:44","slug":"solaray-extrait-de-graine-de-chardon-marie-un-jour-350-mg-60-vegcaps-maroc","status":"publish","type":"product","link":"https:\/\/vitablanca.ma\/en\/product\/solaray-extrait-de-graine-de-chardon-marie-un-jour-350-mg-60-vegcaps-maroc\/","title":{"rendered":"Solaray Milk Thistle Seed Extract, One Day, 350 mg, 60 VegCaps"},"content":{"rendered":"<p>Milk thistle is a biennial plant associated with a medieval legend. It is reputed to treat gallstones, liver failure, and heavy periods. It is particularly known for its beneficial effects on liver cirrhosis and its hepatoprotective properties.<\/p>\n\n\n\n<p>Liver action: Treats liver cirrhosis and slows its progression. Certain substances in milk thistle have hepatoprotective properties. Also treats liver failure, gallstones, and heavy periods. Helps rebuild damaged cells to restore their metabolic capacity. Soothes digestive cramps, antispasmodic. Antidepressant.<\/p>\n\n\n\n<p>Liver disorders, liver-related diseases, digestive disorders. Milk thistle, above all, helps form a hepatoprotective complex.<\/p>\n\n\n\n<p>Other demonstrated therapeutic indications<\/p>\n\n\n\n<p>Very diverse indications such as actions against diabetes. Also used against depression.<\/p>\n\n\n\n<p>Milk thistle was used since ancient times and then in the Middle Ages to treat liver problems, particularly biliary and liver disorders. Later, in the 19th century, it was used to treat certain menstrual disorders, such as heavy periods, but also varicose veins and congestion of the gallbladder and kidneys. Today, it is used to combat liver failure.<a href=\"https:\/\/www.jumia.ma\/customer\/account\/login\/?tkWl=SO243DV1FW8URNAFAMZ-35091808&amp;return=%2Fsolaray-extrait-de-graine-de-chardon-marie-un-jour-350-mg-60-vegcaps-38846178.html\"><\/a><\/p>","protected":false},"excerpt":{"rendered":"<ul>\n<li>Food supplement<\/li>\n<li>Silybum Marianum<\/li>\n<li>80% silymarin<\/li>\n<li>350 mg per capsule<\/li>\n<li>Guaranteed power<\/li>\n<li>Lab Verified<\/li>\n<li>GMO-free<\/li>\n<li>100% vegan<\/li>\n<li>Native to the Mediterranean region, milk thistle has been used medicinally for over 3,000 years.<\/li>\n<\/ul>","protected":false},"featured_media":22704,"template":"","meta":{"om_disable_all_campaigns":false},"product_brand":[673],"product_cat":[18,2837,3366,104,19],"product_tag":[2838,2835,2843,2836,1000,2445,2833,2839,2832,2834,2841,1847,2842],"class_list":{"0":"post-22700","1":"product","2":"type-product","3":"status-publish","4":"has-post-thumbnail","6":"product_brand-solaray-maroc-prix","7":"product_cat-beaute-sante","8":"product_cat-chardon","9":"product_cat-complements-alimentaires-au-maroc-vitablanca","10":"product_cat-supplements-a-base-de-plantes","11":"product_cat-vitamines-supplements-dietetiques","12":"product_tag-chardon-marie-foie-digestion","13":"product_tag-chardon-marie-solaray-maroc","14":"product_tag-chardon-marie-vegcaps-maroc","15":"product_tag-complement-foie-digestion","16":"product_tag-complement-hepatique","17":"product_tag-detox-foie-maroc","18":"product_tag-detox-foie-naturel","19":"product_tag-extrait-chardon-marie-350mg-maroc","20":"product_tag-silymarine","21":"product_tag-solaray-chardon-marie-350-mg","22":"product_tag-solaray-chardon-marie-maroc","23":"product_tag-solaray-maroc","24":"product_tag-soutien-hepatique-maroc","26":"first","27":"instock","28":"sale","29":"taxable","30":"shipping-taxable","31":"purchasable","32":"product-type-simple"},"yoast_head":"<!-- This site is optimized with the Yoast SEO plugin v27.4 - https:\/\/yoast.com\/product\/yoast-seo-wordpress\/ -->\n<title>Solaray Chardon Marie Extrait 350 mg, 60 VegCaps - Maroc Prix<\/title>\n<meta name=\"description\" content=\"Achetez Solaray Extrait de Chardon-Marie 350 mg au Maroc. 60 VegCaps pour un soutien h\u00e9patique et une d\u00e9toxification quotidienne. Livraison rapide.\" \/>\n<meta name=\"robots\" content=\"index, follow, max-snippet:-1, max-image-preview:large, max-video-preview:-1\" \/>\n<link rel=\"canonical\" href=\"https:\/\/vitablanca.ma\/en\/product\/solaray-extrait-de-graine-de-chardon-marie-un-jour-350-mg-60-vegcaps-maroc\/\" \/>\n<meta property=\"og:locale\" content=\"en_US\" \/>\n<meta property=\"og:type\" content=\"article\" \/>\n<meta property=\"og:title\" content=\"Solaray Chardon Marie Extrait 350 mg, 60 VegCaps - Maroc Prix\" \/>\n<meta property=\"og:description\" content=\"Achetez Solaray Extrait de Chardon-Marie 350 mg au Maroc. 60 VegCaps pour un soutien h\u00e9patique et une d\u00e9toxification quotidienne. Livraison rapide.\" \/>\n<meta property=\"og:url\" content=\"https:\/\/vitablanca.ma\/en\/product\/solaray-extrait-de-graine-de-chardon-marie-un-jour-350-mg-60-vegcaps-maroc\/\" \/>\n<meta property=\"og:site_name\" content=\"Vitablanca.ma &ndash; Sant&eacute;, vitalit&eacute; et bien-&ecirc;tre pour tous les Marocains\" \/>\n<meta property=\"article:publisher\" content=\"https:\/\/www.facebook.com\/profile.php?id=61576678196717\" \/>\n<meta property=\"article:modified_time\" content=\"2025-12-03T19:18:44+00:00\" \/>\n<meta property=\"og:image\" content=\"https:\/\/vitablanca.ma\/wp-content\/uploads\/2025\/06\/solaray-extrait-de-graine-de-chardon-marie-un-jour-350-mg-60-1-1.jpg\" \/>\n\t<meta property=\"og:image:width\" content=\"700\" \/>\n\t<meta property=\"og:image:height\" content=\"700\" \/>\n\t<meta property=\"og:image:type\" content=\"image\/jpeg\" \/>\n<meta name=\"twitter:card\" content=\"summary_large_image\" \/>\n<meta name=\"twitter:label1\" content=\"Est. reading time\" \/>\n\t<meta name=\"twitter:data1\" content=\"2 minutes\" \/>\n<script type=\"application\/ld+json\" class=\"yoast-schema-graph\">{\"@context\":\"https:\\\/\\\/schema.org\",\"@graph\":[{\"@type\":[\"WebPage\",\"ItemPage\"],\"@id\":\"https:\\\/\\\/vitablanca.ma\\\/produit\\\/solaray-extrait-de-graine-de-chardon-marie-un-jour-350-mg-60-vegcaps-maroc\\\/\",\"url\":\"https:\\\/\\\/vitablanca.ma\\\/produit\\\/solaray-extrait-de-graine-de-chardon-marie-un-jour-350-mg-60-vegcaps-maroc\\\/\",\"name\":\"Solaray Chardon Marie Extrait 350 mg, 60 VegCaps - Maroc Prix\",\"isPartOf\":{\"@id\":\"https:\\\/\\\/vitablanca.ma\\\/#website\"},\"primaryImageOfPage\":{\"@id\":\"https:\\\/\\\/vitablanca.ma\\\/produit\\\/solaray-extrait-de-graine-de-chardon-marie-un-jour-350-mg-60-vegcaps-maroc\\\/#primaryimage\"},\"image\":{\"@id\":\"https:\\\/\\\/vitablanca.ma\\\/produit\\\/solaray-extrait-de-graine-de-chardon-marie-un-jour-350-mg-60-vegcaps-maroc\\\/#primaryimage\"},\"thumbnailUrl\":\"https:\\\/\\\/vitablanca.ma\\\/wp-content\\\/uploads\\\/2025\\\/06\\\/solaray-extrait-de-graine-de-chardon-marie-un-jour-350-mg-60-1-1.jpg\",\"datePublished\":\"2025-06-15T17:28:59+00:00\",\"dateModified\":\"2025-12-03T19:18:44+00:00\",\"description\":\"Achetez Solaray Extrait de Chardon-Marie 350 mg au Maroc. 60 VegCaps pour un soutien h\u00e9patique et une d\u00e9toxification quotidienne. Livraison rapide.\",\"breadcrumb\":{\"@id\":\"https:\\\/\\\/vitablanca.ma\\\/produit\\\/solaray-extrait-de-graine-de-chardon-marie-un-jour-350-mg-60-vegcaps-maroc\\\/#breadcrumb\"},\"inLanguage\":\"en-US\",\"potentialAction\":[{\"@type\":\"ReadAction\",\"target\":[\"https:\\\/\\\/vitablanca.ma\\\/produit\\\/solaray-extrait-de-graine-de-chardon-marie-un-jour-350-mg-60-vegcaps-maroc\\\/\"]}]},{\"@type\":\"ImageObject\",\"inLanguage\":\"en-US\",\"@id\":\"https:\\\/\\\/vitablanca.ma\\\/produit\\\/solaray-extrait-de-graine-de-chardon-marie-un-jour-350-mg-60-vegcaps-maroc\\\/#primaryimage\",\"url\":\"https:\\\/\\\/vitablanca.ma\\\/wp-content\\\/uploads\\\/2025\\\/06\\\/solaray-extrait-de-graine-de-chardon-marie-un-jour-350-mg-60-1-1.jpg\",\"contentUrl\":\"https:\\\/\\\/vitablanca.ma\\\/wp-content\\\/uploads\\\/2025\\\/06\\\/solaray-extrait-de-graine-de-chardon-marie-un-jour-350-mg-60-1-1.jpg\",\"width\":700,\"height\":700},{\"@type\":\"BreadcrumbList\",\"@id\":\"https:\\\/\\\/vitablanca.ma\\\/produit\\\/solaray-extrait-de-graine-de-chardon-marie-un-jour-350-mg-60-vegcaps-maroc\\\/#breadcrumb\",\"itemListElement\":[{\"@type\":\"ListItem\",\"position\":1,\"name\":\"Home\",\"item\":\"https:\\\/\\\/vitablanca.ma\\\/\"},{\"@type\":\"ListItem\",\"position\":2,\"name\":\"Tous Les Produits\",\"item\":\"https:\\\/\\\/vitablanca.ma\\\/tous-les-produits\\\/\"},{\"@type\":\"ListItem\",\"position\":3,\"name\":\"Solaray extrait de graine de chardon-Marie, un jour, 350 mg, 60 VegCaps\"}]},{\"@type\":\"WebSite\",\"@id\":\"https:\\\/\\\/vitablanca.ma\\\/#website\",\"url\":\"https:\\\/\\\/vitablanca.ma\\\/\",\"name\":\"VitaBlanca.ma | Compl\u00e9ments alimentaires, sant\u00e9 & beaut\u00e9 au Maroc\",\"description\":\"vendre vitamines et compl\u00e9ments premium des USA &amp; Canada, Nouvelle Z\u00e9lande,Maroc (NOW Foods, Solgar, Manuka). Livraison rapide partout au Maroc.\",\"publisher\":{\"@id\":\"https:\\\/\\\/vitablanca.ma\\\/#organization\"},\"alternateName\":\"VitaBlanca.ma\",\"potentialAction\":[{\"@type\":\"SearchAction\",\"target\":{\"@type\":\"EntryPoint\",\"urlTemplate\":\"https:\\\/\\\/vitablanca.ma\\\/?s={search_term_string}\"},\"query-input\":{\"@type\":\"PropertyValueSpecification\",\"valueRequired\":true,\"valueName\":\"search_term_string\"}}],\"inLanguage\":\"en-US\"},{\"@type\":\"Organization\",\"@id\":\"https:\\\/\\\/vitablanca.ma\\\/#organization\",\"name\":\"VitaBlanca\",\"url\":\"https:\\\/\\\/vitablanca.ma\\\/\",\"logo\":{\"@type\":\"ImageObject\",\"inLanguage\":\"en-US\",\"@id\":\"https:\\\/\\\/vitablanca.ma\\\/#\\\/schema\\\/logo\\\/image\\\/\",\"url\":\"https:\\\/\\\/vitablanca.ma\\\/wp-content\\\/uploads\\\/2025\\\/05\\\/cropped-vitablanca.png\",\"contentUrl\":\"https:\\\/\\\/vitablanca.ma\\\/wp-content\\\/uploads\\\/2025\\\/05\\\/cropped-vitablanca.png\",\"width\":360,\"height\":67,\"caption\":\"VitaBlanca\"},\"image\":{\"@id\":\"https:\\\/\\\/vitablanca.ma\\\/#\\\/schema\\\/logo\\\/image\\\/\"},\"sameAs\":[\"https:\\\/\\\/www.facebook.com\\\/profile.php?id=61576678196717\",\"https:\\\/\\\/www.tiktok.com\\\/@vitablanca.ma\",\"https:\\\/\\\/www.instagram.com\\\/vitablanca.ma\\\/\"]}]}<\/script>\n<!-- \/ Yoast SEO plugin. -->","yoast_head_json":{"title":"Solaray Milk Thistle Extract 350 mg, 60 VegCaps - Morocco Price","description":"Buy Solaray Milk Thistle Extract 350 mg in Morocco. 60 VegCaps for liver support and daily detoxification. Fast delivery.","robots":{"index":"index","follow":"follow","max-snippet":"max-snippet:-1","max-image-preview":"max-image-preview:large","max-video-preview":"max-video-preview:-1"},"canonical":"https:\/\/vitablanca.ma\/en\/product\/solaray-extrait-de-graine-de-chardon-marie-un-jour-350-mg-60-vegcaps-maroc\/","og_locale":"en_US","og_type":"article","og_title":"Solaray Chardon Marie Extrait 350 mg, 60 VegCaps - Maroc Prix","og_description":"Achetez Solaray Extrait de Chardon-Marie 350 mg au Maroc. 60 VegCaps pour un soutien h\u00e9patique et une d\u00e9toxification quotidienne. Livraison rapide.","og_url":"https:\/\/vitablanca.ma\/en\/product\/solaray-extrait-de-graine-de-chardon-marie-un-jour-350-mg-60-vegcaps-maroc\/","og_site_name":"Vitablanca.ma &ndash; Sant&eacute;, vitalit&eacute; et bien-&ecirc;tre pour tous les Marocains","article_publisher":"https:\/\/www.facebook.com\/profile.php?id=61576678196717","article_modified_time":"2025-12-03T19:18:44+00:00","og_image":[{"width":700,"height":700,"url":"https:\/\/vitablanca.ma\/wp-content\/uploads\/2025\/06\/solaray-extrait-de-graine-de-chardon-marie-un-jour-350-mg-60-1-1.jpg","type":"image\/jpeg"}],"twitter_card":"summary_large_image","twitter_misc":{"Est. reading time":"2 minutes"},"schema":{"@context":"https:\/\/schema.org","@graph":[{"@type":["WebPage","ItemPage"],"@id":"https:\/\/vitablanca.ma\/produit\/solaray-extrait-de-graine-de-chardon-marie-un-jour-350-mg-60-vegcaps-maroc\/","url":"https:\/\/vitablanca.ma\/produit\/solaray-extrait-de-graine-de-chardon-marie-un-jour-350-mg-60-vegcaps-maroc\/","name":"Solaray Milk Thistle Extract 350 mg, 60 VegCaps - Morocco Price","isPartOf":{"@id":"https:\/\/vitablanca.ma\/#website"},"primaryImageOfPage":{"@id":"https:\/\/vitablanca.ma\/produit\/solaray-extrait-de-graine-de-chardon-marie-un-jour-350-mg-60-vegcaps-maroc\/#primaryimage"},"image":{"@id":"https:\/\/vitablanca.ma\/produit\/solaray-extrait-de-graine-de-chardon-marie-un-jour-350-mg-60-vegcaps-maroc\/#primaryimage"},"thumbnailUrl":"https:\/\/vitablanca.ma\/wp-content\/uploads\/2025\/06\/solaray-extrait-de-graine-de-chardon-marie-un-jour-350-mg-60-1-1.jpg","datePublished":"2025-06-15T17:28:59+00:00","dateModified":"2025-12-03T19:18:44+00:00","description":"Buy Solaray Milk Thistle Extract 350 mg in Morocco. 60 VegCaps for liver support and daily detoxification. Fast delivery.","breadcrumb":{"@id":"https:\/\/vitablanca.ma\/produit\/solaray-extrait-de-graine-de-chardon-marie-un-jour-350-mg-60-vegcaps-maroc\/#breadcrumb"},"inLanguage":"en-US","potentialAction":[{"@type":"ReadAction","target":["https:\/\/vitablanca.ma\/produit\/solaray-extrait-de-graine-de-chardon-marie-un-jour-350-mg-60-vegcaps-maroc\/"]}]},{"@type":"ImageObject","inLanguage":"en-US","@id":"https:\/\/vitablanca.ma\/produit\/solaray-extrait-de-graine-de-chardon-marie-un-jour-350-mg-60-vegcaps-maroc\/#primaryimage","url":"https:\/\/vitablanca.ma\/wp-content\/uploads\/2025\/06\/solaray-extrait-de-graine-de-chardon-marie-un-jour-350-mg-60-1-1.jpg","contentUrl":"https:\/\/vitablanca.ma\/wp-content\/uploads\/2025\/06\/solaray-extrait-de-graine-de-chardon-marie-un-jour-350-mg-60-1-1.jpg","width":700,"height":700},{"@type":"BreadcrumbList","@id":"https:\/\/vitablanca.ma\/produit\/solaray-extrait-de-graine-de-chardon-marie-un-jour-350-mg-60-vegcaps-maroc\/#breadcrumb","itemListElement":[{"@type":"ListItem","position":1,"name":"Home","item":"https:\/\/vitablanca.ma\/"},{"@type":"ListItem","position":2,"name":"Tous Les Produits","item":"https:\/\/vitablanca.ma\/tous-les-produits\/"},{"@type":"ListItem","position":3,"name":"Solaray extrait de graine de chardon-Marie, un jour, 350 mg, 60 VegCaps"}]},{"@type":"WebSite","@id":"https:\/\/vitablanca.ma\/#website","url":"https:\/\/vitablanca.ma\/","name":"VitaBlanca.ma | Food supplements, health &amp; beauty in Morocco","description":"sell premium vitamins and supplements from USA &amp; Canada, New Zealand, Morocco (NOW Foods, Solgar, Manuka). Fast delivery anywhere in Morocco.","publisher":{"@id":"https:\/\/vitablanca.ma\/#organization"},"alternateName":"VitaBlanca.ma","potentialAction":[{"@type":"SearchAction","target":{"@type":"EntryPoint","urlTemplate":"https:\/\/vitablanca.ma\/?s={search_term_string}"},"query-input":{"@type":"PropertyValueSpecification","valueRequired":true,"valueName":"search_term_string"}}],"inLanguage":"en-US"},{"@type":"Organization","@id":"https:\/\/vitablanca.ma\/#organization","name":"VitaBlanca","url":"https:\/\/vitablanca.ma\/","logo":{"@type":"ImageObject","inLanguage":"en-US","@id":"https:\/\/vitablanca.ma\/#\/schema\/logo\/image\/","url":"https:\/\/vitablanca.ma\/wp-content\/uploads\/2025\/05\/cropped-vitablanca.png","contentUrl":"https:\/\/vitablanca.ma\/wp-content\/uploads\/2025\/05\/cropped-vitablanca.png","width":360,"height":67,"caption":"VitaBlanca"},"image":{"@id":"https:\/\/vitablanca.ma\/#\/schema\/logo\/image\/"},"sameAs":["https:\/\/www.facebook.com\/profile.php?id=61576678196717","https:\/\/www.tiktok.com\/@vitablanca.ma","https:\/\/www.instagram.com\/vitablanca.ma\/"]}]}},"jetpack_sharing_enabled":true,"_links":{"self":[{"href":"https:\/\/vitablanca.ma\/en\/wp-json\/wp\/v2\/product\/22700","targetHints":{"allow":["GET"]}}],"collection":[{"href":"https:\/\/vitablanca.ma\/en\/wp-json\/wp\/v2\/product"}],"about":[{"href":"https:\/\/vitablanca.ma\/en\/wp-json\/wp\/v2\/types\/product"}],"wp:featuredmedia":[{"embeddable":true,"href":"https:\/\/vitablanca.ma\/en\/wp-json\/wp\/v2\/media\/22704"}],"wp:attachment":[{"href":"https:\/\/vitablanca.ma\/en\/wp-json\/wp\/v2\/media?parent=22700"}],"wp:term":[{"taxonomy":"product_brand","embeddable":true,"href":"https:\/\/vitablanca.ma\/en\/wp-json\/wp\/v2\/product_brand?post=22700"},{"taxonomy":"product_cat","embeddable":true,"href":"https:\/\/vitablanca.ma\/en\/wp-json\/wp\/v2\/product_cat?post=22700"},{"taxonomy":"product_tag","embeddable":true,"href":"https:\/\/vitablanca.ma\/en\/wp-json\/wp\/v2\/product_tag?post=22700"}],"curies":[{"name":"wp","href":"https:\/\/api.w.org\/{rel}","templated":true}]}}