{"id":22678,"date":"2025-06-13T19:29:17","date_gmt":"2025-06-13T19:29:17","guid":{"rendered":"https:\/\/vitablanca.ma\/?post_type=product&#038;p=22678"},"modified":"2026-02-06T16:48:00","modified_gmt":"2026-02-06T16:48:00","slug":"solaray-champignons-cordyceps-fermentes-cultive-bio-500-mg-60-gelules-vegetales-maroc","status":"publish","type":"product","link":"https:\/\/vitablanca.ma\/en\/product\/solaray-champignons-cordyceps-fermentes-cultive-bio-500-mg-60-gelules-vegetales-maroc\/","title":{"rendered":"Solaray Organic fermented cordyceps mushrooms 500 mg. - 60 vegetarian capsules."},"content":{"rendered":"<p>Les champignons de culture biologique Solaray sont 100% v\u00e9g\u00e9taliens, sans excipient et ne contiennent pas de charges ni d\u2019ingr\u00e9dients suppl\u00e9mentaires. La biomasse de myc\u00e9lium de champignon biologique est cultiv\u00e9e sur de l\u2019avoine enti\u00e8re biologique sans gluten puis ferment\u00e9e. Un myc\u00e9lium est la partie v\u00e9g\u00e9tative d\u2019un champignon. C\u2019est gr\u00e2ce \u00e0 cette substance semblable \u00e0 une racine que le champignon absorbe les nutriments.<\/p>","protected":false},"excerpt":{"rendered":"<ul>\n<li>Gluten free<\/li>\n<li>GMO-free<\/li>\n<li>100% vegan<\/li>\n<li>Food supplement<\/li>\n<li>Cordyceps Militaris<\/li>\n<li>500 mg per capsule<\/li>\n<li>Mushroom<\/li>\n<li>Lab Verified<\/li>\n<\/ul>","protected":false},"featured_media":22679,"template":"","meta":{"om_disable_all_campaigns":false},"product_brand":[673],"product_cat":[18,3366,104,19],"product_tag":[2829,820,2830,2828,768,2827,2831,1847],"class_list":{"0":"post-22678","1":"product","2":"type-product","3":"status-publish","4":"has-post-thumbnail","6":"product_brand-solaray-maroc-prix","7":"product_cat-beaute-sante","8":"product_cat-complements-alimentaires-au-maroc-vitablanca","9":"product_cat-supplements-a-base-de-plantes","10":"product_cat-vitamines-supplements-dietetiques","11":"product_tag-champignons-medicinaux-bio","12":"product_tag-complement-immunite","13":"product_tag-cordyceps-maroc","14":"product_tag-endurance-physique","15":"product_tag-energie-naturelle","16":"product_tag-produit-naturel-vitalite","17":"product_tag-solaray","18":"product_tag-solaray-maroc","20":"first","21":"instock","22":"taxable","23":"shipping-taxable","24":"purchasable","25":"product-type-simple"},"yoast_head":"<!-- This site is optimized with the Yoast SEO plugin v27.5 - https:\/\/yoast.com\/product\/yoast-seo-wordpress\/ -->\n<title>Solaray Champignons cordyceps ferment\u00e9s 500 mg - Prix Maroc<\/title>\n<meta name=\"description\" content=\"Achetez Solaray Cordyceps Ferment\u00e9s Bio 500 mg au Maroc. 60 g\u00e9lules pour l&#039;\u00e9nergie, l&#039;immunit\u00e9 et la vitalit\u00e9. Cultiv\u00e9 biologique, qualit\u00e9 premium.\" \/>\n<meta name=\"robots\" content=\"index, follow, max-snippet:-1, max-image-preview:large, max-video-preview:-1\" \/>\n<link rel=\"canonical\" href=\"https:\/\/vitablanca.ma\/en\/product\/solaray-champignons-cordyceps-fermentes-cultive-bio-500-mg-60-gelules-vegetales-maroc\/\" \/>\n<meta property=\"og:locale\" content=\"en_US\" \/>\n<meta property=\"og:type\" content=\"article\" \/>\n<meta property=\"og:title\" content=\"Solaray Champignons cordyceps ferment\u00e9s 500 mg - Prix Maroc\" \/>\n<meta property=\"og:description\" content=\"Achetez Solaray Cordyceps Ferment\u00e9s Bio 500 mg au Maroc. 60 g\u00e9lules pour l&#039;\u00e9nergie, l&#039;immunit\u00e9 et la vitalit\u00e9. Cultiv\u00e9 biologique, qualit\u00e9 premium.\" \/>\n<meta property=\"og:url\" content=\"https:\/\/vitablanca.ma\/en\/product\/solaray-champignons-cordyceps-fermentes-cultive-bio-500-mg-60-gelules-vegetales-maroc\/\" \/>\n<meta property=\"og:site_name\" content=\"Vitablanca.ma &ndash; Sant&eacute;, vitalit&eacute; et bien-&ecirc;tre pour tous les Marocains\" \/>\n<meta property=\"article:publisher\" content=\"https:\/\/www.facebook.com\/profile.php?id=61576678196717\" \/>\n<meta property=\"article:modified_time\" content=\"2026-02-06T16:48:00+00:00\" \/>\n<meta property=\"og:image\" content=\"https:\/\/vitablanca.ma\/wp-content\/uploads\/2025\/06\/solaray-champignons-cordyceps-fermentes-cultive-bio-500-mg.-60-gelules-.jpg\" \/>\n\t<meta property=\"og:image:width\" content=\"680\" \/>\n\t<meta property=\"og:image:height\" content=\"680\" \/>\n\t<meta property=\"og:image:type\" content=\"image\/jpeg\" \/>\n<meta name=\"twitter:card\" content=\"summary_large_image\" \/>\n<meta name=\"twitter:label1\" content=\"Est. reading time\" \/>\n\t<meta name=\"twitter:data1\" content=\"1 minute\" \/>\n<script type=\"application\/ld+json\" class=\"yoast-schema-graph\">{\"@context\":\"https:\\\/\\\/schema.org\",\"@graph\":[{\"@type\":[\"WebPage\",\"ItemPage\"],\"@id\":\"https:\\\/\\\/vitablanca.ma\\\/produit\\\/solaray-champignons-cordyceps-fermentes-cultive-bio-500-mg-60-gelules-vegetales-maroc\\\/\",\"url\":\"https:\\\/\\\/vitablanca.ma\\\/produit\\\/solaray-champignons-cordyceps-fermentes-cultive-bio-500-mg-60-gelules-vegetales-maroc\\\/\",\"name\":\"Solaray Champignons cordyceps ferment\u00e9s 500 mg - Prix Maroc\",\"isPartOf\":{\"@id\":\"https:\\\/\\\/vitablanca.ma\\\/#website\"},\"primaryImageOfPage\":{\"@id\":\"https:\\\/\\\/vitablanca.ma\\\/produit\\\/solaray-champignons-cordyceps-fermentes-cultive-bio-500-mg-60-gelules-vegetales-maroc\\\/#primaryimage\"},\"image\":{\"@id\":\"https:\\\/\\\/vitablanca.ma\\\/produit\\\/solaray-champignons-cordyceps-fermentes-cultive-bio-500-mg-60-gelules-vegetales-maroc\\\/#primaryimage\"},\"thumbnailUrl\":\"https:\\\/\\\/vitablanca.ma\\\/wp-content\\\/uploads\\\/2025\\\/06\\\/solaray-champignons-cordyceps-fermentes-cultive-bio-500-mg.-60-gelules-.jpg\",\"datePublished\":\"2025-06-13T19:29:17+00:00\",\"dateModified\":\"2026-02-06T16:48:00+00:00\",\"description\":\"Achetez Solaray Cordyceps Ferment\u00e9s Bio 500 mg au Maroc. 60 g\u00e9lules pour l'\u00e9nergie, l'immunit\u00e9 et la vitalit\u00e9. Cultiv\u00e9 biologique, qualit\u00e9 premium.\",\"breadcrumb\":{\"@id\":\"https:\\\/\\\/vitablanca.ma\\\/produit\\\/solaray-champignons-cordyceps-fermentes-cultive-bio-500-mg-60-gelules-vegetales-maroc\\\/#breadcrumb\"},\"inLanguage\":\"en-US\",\"potentialAction\":[{\"@type\":\"ReadAction\",\"target\":[\"https:\\\/\\\/vitablanca.ma\\\/produit\\\/solaray-champignons-cordyceps-fermentes-cultive-bio-500-mg-60-gelules-vegetales-maroc\\\/\"]}]},{\"@type\":\"ImageObject\",\"inLanguage\":\"en-US\",\"@id\":\"https:\\\/\\\/vitablanca.ma\\\/produit\\\/solaray-champignons-cordyceps-fermentes-cultive-bio-500-mg-60-gelules-vegetales-maroc\\\/#primaryimage\",\"url\":\"https:\\\/\\\/vitablanca.ma\\\/wp-content\\\/uploads\\\/2025\\\/06\\\/solaray-champignons-cordyceps-fermentes-cultive-bio-500-mg.-60-gelules-.jpg\",\"contentUrl\":\"https:\\\/\\\/vitablanca.ma\\\/wp-content\\\/uploads\\\/2025\\\/06\\\/solaray-champignons-cordyceps-fermentes-cultive-bio-500-mg.-60-gelules-.jpg\",\"width\":680,\"height\":680},{\"@type\":\"BreadcrumbList\",\"@id\":\"https:\\\/\\\/vitablanca.ma\\\/produit\\\/solaray-champignons-cordyceps-fermentes-cultive-bio-500-mg-60-gelules-vegetales-maroc\\\/#breadcrumb\",\"itemListElement\":[{\"@type\":\"ListItem\",\"position\":1,\"name\":\"Home\",\"item\":\"https:\\\/\\\/vitablanca.ma\\\/\"},{\"@type\":\"ListItem\",\"position\":2,\"name\":\"Tous Les Produits\",\"item\":\"https:\\\/\\\/vitablanca.ma\\\/tous-les-produits\\\/\"},{\"@type\":\"ListItem\",\"position\":3,\"name\":\"Solaray Champignons cordyceps ferment\u00e9s Cultiv\u00e9 bio 500 mg. &#8211; 60 G\u00e9lules v\u00e9g\u00e9tales.\"}]},{\"@type\":\"WebSite\",\"@id\":\"https:\\\/\\\/vitablanca.ma\\\/#website\",\"url\":\"https:\\\/\\\/vitablanca.ma\\\/\",\"name\":\"VitaBlanca.ma | Compl\u00e9ments alimentaires, sant\u00e9 & beaut\u00e9 au Maroc\",\"description\":\"vendre vitamines et compl\u00e9ments premium des USA &amp; Canada, Nouvelle Z\u00e9lande,Maroc (NOW Foods, Solgar, Manuka). Livraison rapide partout au Maroc.\",\"publisher\":{\"@id\":\"https:\\\/\\\/vitablanca.ma\\\/#organization\"},\"alternateName\":\"VitaBlanca.ma\",\"potentialAction\":[{\"@type\":\"SearchAction\",\"target\":{\"@type\":\"EntryPoint\",\"urlTemplate\":\"https:\\\/\\\/vitablanca.ma\\\/?s={search_term_string}\"},\"query-input\":{\"@type\":\"PropertyValueSpecification\",\"valueRequired\":true,\"valueName\":\"search_term_string\"}}],\"inLanguage\":\"en-US\"},{\"@type\":\"Organization\",\"@id\":\"https:\\\/\\\/vitablanca.ma\\\/#organization\",\"name\":\"VitaBlanca\",\"url\":\"https:\\\/\\\/vitablanca.ma\\\/\",\"logo\":{\"@type\":\"ImageObject\",\"inLanguage\":\"en-US\",\"@id\":\"https:\\\/\\\/vitablanca.ma\\\/#\\\/schema\\\/logo\\\/image\\\/\",\"url\":\"https:\\\/\\\/vitablanca.ma\\\/wp-content\\\/uploads\\\/2025\\\/05\\\/cropped-vitablanca.png\",\"contentUrl\":\"https:\\\/\\\/vitablanca.ma\\\/wp-content\\\/uploads\\\/2025\\\/05\\\/cropped-vitablanca.png\",\"width\":360,\"height\":67,\"caption\":\"VitaBlanca\"},\"image\":{\"@id\":\"https:\\\/\\\/vitablanca.ma\\\/#\\\/schema\\\/logo\\\/image\\\/\"},\"sameAs\":[\"https:\\\/\\\/www.facebook.com\\\/profile.php?id=61576678196717\",\"https:\\\/\\\/www.tiktok.com\\\/@vitablanca.ma\",\"https:\\\/\\\/www.instagram.com\\\/vitablanca.ma\\\/\"]}]}<\/script>\n<!-- \/ Yoast SEO plugin. -->","yoast_head_json":{"title":"Solaray Fermented Cordyceps Mushrooms 500 mg - Price Morocco","description":"Buy Solaray Organic Fermented Cordyceps 500 mg in Morocco. 60 capsules for energy, immunity, and vitality. Organically grown, premium quality.","robots":{"index":"index","follow":"follow","max-snippet":"max-snippet:-1","max-image-preview":"max-image-preview:large","max-video-preview":"max-video-preview:-1"},"canonical":"https:\/\/vitablanca.ma\/en\/product\/solaray-champignons-cordyceps-fermentes-cultive-bio-500-mg-60-gelules-vegetales-maroc\/","og_locale":"en_US","og_type":"article","og_title":"Solaray Champignons cordyceps ferment\u00e9s 500 mg - Prix Maroc","og_description":"Achetez Solaray Cordyceps Ferment\u00e9s Bio 500 mg au Maroc. 60 g\u00e9lules pour l'\u00e9nergie, l'immunit\u00e9 et la vitalit\u00e9. Cultiv\u00e9 biologique, qualit\u00e9 premium.","og_url":"https:\/\/vitablanca.ma\/en\/product\/solaray-champignons-cordyceps-fermentes-cultive-bio-500-mg-60-gelules-vegetales-maroc\/","og_site_name":"Vitablanca.ma &ndash; Sant&eacute;, vitalit&eacute; et bien-&ecirc;tre pour tous les Marocains","article_publisher":"https:\/\/www.facebook.com\/profile.php?id=61576678196717","article_modified_time":"2026-02-06T16:48:00+00:00","og_image":[{"width":680,"height":680,"url":"https:\/\/vitablanca.ma\/wp-content\/uploads\/2025\/06\/solaray-champignons-cordyceps-fermentes-cultive-bio-500-mg.-60-gelules-.jpg","type":"image\/jpeg"}],"twitter_card":"summary_large_image","twitter_misc":{"Est. reading time":"1 minute"},"schema":{"@context":"https:\/\/schema.org","@graph":[{"@type":["WebPage","ItemPage"],"@id":"https:\/\/vitablanca.ma\/produit\/solaray-champignons-cordyceps-fermentes-cultive-bio-500-mg-60-gelules-vegetales-maroc\/","url":"https:\/\/vitablanca.ma\/produit\/solaray-champignons-cordyceps-fermentes-cultive-bio-500-mg-60-gelules-vegetales-maroc\/","name":"Solaray Fermented Cordyceps Mushrooms 500 mg - Price Morocco","isPartOf":{"@id":"https:\/\/vitablanca.ma\/#website"},"primaryImageOfPage":{"@id":"https:\/\/vitablanca.ma\/produit\/solaray-champignons-cordyceps-fermentes-cultive-bio-500-mg-60-gelules-vegetales-maroc\/#primaryimage"},"image":{"@id":"https:\/\/vitablanca.ma\/produit\/solaray-champignons-cordyceps-fermentes-cultive-bio-500-mg-60-gelules-vegetales-maroc\/#primaryimage"},"thumbnailUrl":"https:\/\/vitablanca.ma\/wp-content\/uploads\/2025\/06\/solaray-champignons-cordyceps-fermentes-cultive-bio-500-mg.-60-gelules-.jpg","datePublished":"2025-06-13T19:29:17+00:00","dateModified":"2026-02-06T16:48:00+00:00","description":"Buy Solaray Organic Fermented Cordyceps 500 mg in Morocco. 60 capsules for energy, immunity, and vitality. Organically grown, premium quality.","breadcrumb":{"@id":"https:\/\/vitablanca.ma\/produit\/solaray-champignons-cordyceps-fermentes-cultive-bio-500-mg-60-gelules-vegetales-maroc\/#breadcrumb"},"inLanguage":"en-US","potentialAction":[{"@type":"ReadAction","target":["https:\/\/vitablanca.ma\/produit\/solaray-champignons-cordyceps-fermentes-cultive-bio-500-mg-60-gelules-vegetales-maroc\/"]}]},{"@type":"ImageObject","inLanguage":"en-US","@id":"https:\/\/vitablanca.ma\/produit\/solaray-champignons-cordyceps-fermentes-cultive-bio-500-mg-60-gelules-vegetales-maroc\/#primaryimage","url":"https:\/\/vitablanca.ma\/wp-content\/uploads\/2025\/06\/solaray-champignons-cordyceps-fermentes-cultive-bio-500-mg.-60-gelules-.jpg","contentUrl":"https:\/\/vitablanca.ma\/wp-content\/uploads\/2025\/06\/solaray-champignons-cordyceps-fermentes-cultive-bio-500-mg.-60-gelules-.jpg","width":680,"height":680},{"@type":"BreadcrumbList","@id":"https:\/\/vitablanca.ma\/produit\/solaray-champignons-cordyceps-fermentes-cultive-bio-500-mg-60-gelules-vegetales-maroc\/#breadcrumb","itemListElement":[{"@type":"ListItem","position":1,"name":"Home","item":"https:\/\/vitablanca.ma\/"},{"@type":"ListItem","position":2,"name":"Tous Les Produits","item":"https:\/\/vitablanca.ma\/tous-les-produits\/"},{"@type":"ListItem","position":3,"name":"Solaray Champignons cordyceps ferment\u00e9s Cultiv\u00e9 bio 500 mg. &#8211; 60 G\u00e9lules v\u00e9g\u00e9tales."}]},{"@type":"WebSite","@id":"https:\/\/vitablanca.ma\/#website","url":"https:\/\/vitablanca.ma\/","name":"VitaBlanca.ma | Food supplements, health &amp; beauty in Morocco","description":"sell premium vitamins and supplements from USA &amp; Canada, New Zealand, Morocco (NOW Foods, Solgar, Manuka). Fast delivery anywhere in Morocco.","publisher":{"@id":"https:\/\/vitablanca.ma\/#organization"},"alternateName":"VitaBlanca.ma","potentialAction":[{"@type":"SearchAction","target":{"@type":"EntryPoint","urlTemplate":"https:\/\/vitablanca.ma\/?s={search_term_string}"},"query-input":{"@type":"PropertyValueSpecification","valueRequired":true,"valueName":"search_term_string"}}],"inLanguage":"en-US"},{"@type":"Organization","@id":"https:\/\/vitablanca.ma\/#organization","name":"VitaBlanca","url":"https:\/\/vitablanca.ma\/","logo":{"@type":"ImageObject","inLanguage":"en-US","@id":"https:\/\/vitablanca.ma\/#\/schema\/logo\/image\/","url":"https:\/\/vitablanca.ma\/wp-content\/uploads\/2025\/05\/cropped-vitablanca.png","contentUrl":"https:\/\/vitablanca.ma\/wp-content\/uploads\/2025\/05\/cropped-vitablanca.png","width":360,"height":67,"caption":"VitaBlanca"},"image":{"@id":"https:\/\/vitablanca.ma\/#\/schema\/logo\/image\/"},"sameAs":["https:\/\/www.facebook.com\/profile.php?id=61576678196717","https:\/\/www.tiktok.com\/@vitablanca.ma","https:\/\/www.instagram.com\/vitablanca.ma\/"]}]}},"jetpack_sharing_enabled":true,"_links":{"self":[{"href":"https:\/\/vitablanca.ma\/en\/wp-json\/wp\/v2\/product\/22678","targetHints":{"allow":["GET"]}}],"collection":[{"href":"https:\/\/vitablanca.ma\/en\/wp-json\/wp\/v2\/product"}],"about":[{"href":"https:\/\/vitablanca.ma\/en\/wp-json\/wp\/v2\/types\/product"}],"wp:featuredmedia":[{"embeddable":true,"href":"https:\/\/vitablanca.ma\/en\/wp-json\/wp\/v2\/media\/22679"}],"wp:attachment":[{"href":"https:\/\/vitablanca.ma\/en\/wp-json\/wp\/v2\/media?parent=22678"}],"wp:term":[{"taxonomy":"product_brand","embeddable":true,"href":"https:\/\/vitablanca.ma\/en\/wp-json\/wp\/v2\/product_brand?post=22678"},{"taxonomy":"product_cat","embeddable":true,"href":"https:\/\/vitablanca.ma\/en\/wp-json\/wp\/v2\/product_cat?post=22678"},{"taxonomy":"product_tag","embeddable":true,"href":"https:\/\/vitablanca.ma\/en\/wp-json\/wp\/v2\/product_tag?post=22678"}],"curies":[{"name":"wp","href":"https:\/\/api.w.org\/{rel}","templated":true}]}}