{"id":22675,"date":"2025-06-13T19:18:20","date_gmt":"2025-06-13T19:18:20","guid":{"rendered":"https:\/\/vitablanca.ma\/?post_type=product&#038;p=22675"},"modified":"2025-08-30T20:56:31","modified_gmt":"2025-08-30T20:56:31","slug":"solaray-extrait-de-gomme-de-mastic-1000-mg-45-capsules-vegetales-maroc","status":"publish","type":"product","link":"https:\/\/vitablanca.ma\/en\/product\/solaray-extrait-de-gomme-de-mastic-1000-mg-45-capsules-vegetales-maroc\/","title":{"rendered":"Solaray mastic gum extract, 1000 mg, 45 vegetarian capsules"},"content":{"rendered":"<p>La gomme de mastic, aussi parfois appel\u00e9e gomme arabique, est une r\u00e9sine obtenue \u00e0 partir d\u2019arbres \u00e0 mastic. Les cultures m\u00e9diterran\u00e9ennes ont toujours utilis\u00e9 la gomme de mastic pour ses bienfaits gastro-intestinaux.<\/p>\n\n\n\n<p>Mastic Gum from Solaray is a nutritional supplement based on mastic (Pistacia lentiscus<a href=\"https:\/\/www.jumia.ma\/customer\/account\/login\/?tkWl=SO243DV1MG0IBNAFAMZ-35091819&return=%2Fsolaray-extrait-de-gomme-de-mastic-1000-mg-45-capsules-vegetales-38846189.html\"><\/a><\/p>","protected":false},"excerpt":{"rendered":"<ul>\n<li>Food supplement<\/li>\n<li>Pistacia Lentiscus<\/li>\n<li>Guaranteed power<\/li>\n<li>Lab Verified<\/li>\n<li>Mastic gum, also sometimes called gum arabic, is a resin obtained from mastic trees.<\/li>\n<li>\u00a0Mediterranean cultures have always used mastic gum for its gastrointestinal benefits.<\/li>\n<\/ul>","protected":false},"featured_media":22677,"template":"","meta":{"om_disable_all_campaigns":false},"product_brand":[673],"product_cat":[18,3366,20,19],"product_tag":[2822,1759,2825,2824,2831,1847,2823,2826],"class_list":{"0":"post-22675","1":"product","2":"type-product","3":"status-publish","4":"has-post-thumbnail","6":"product_brand-solaray-maroc-prix","7":"product_cat-beaute-sante","8":"product_cat-complements-alimentaires-au-maroc-vitablanca","9":"product_cat-supplements","10":"product_cat-vitamines-supplements-dietetiques","11":"product_tag-brulures-destomac-naturel","12":"product_tag-digestion","13":"product_tag-gomme-de-mastic-maroc","14":"product_tag-helicobacter-pylori-complement","15":"product_tag-solaray","16":"product_tag-solaray-maroc","17":"product_tag-solaray-mastic-gum","18":"product_tag-ulcere-traitement-naturel","20":"first","21":"instock","22":"taxable","23":"shipping-taxable","24":"purchasable","25":"product-type-simple"},"yoast_head":"<!-- This site is optimized with the Yoast SEO plugin v27.5 - https:\/\/yoast.com\/product\/yoast-seo-wordpress\/ -->\n<title>Solaray Gomme de Mastic 1000 mg, 45 Capsules - Maroc Prix<\/title>\n<meta name=\"description\" content=\"Achetez Solaray mastic gum Extrait de Gomme de Mastic 1000 mg au Maroc. 45 capsules v\u00e9g\u00e9tales pour la sant\u00e9 digestive et gastrique. Soutien naturel.\" \/>\n<meta name=\"robots\" content=\"index, follow, max-snippet:-1, max-image-preview:large, max-video-preview:-1\" \/>\n<link rel=\"canonical\" href=\"https:\/\/vitablanca.ma\/en\/product\/solaray-extrait-de-gomme-de-mastic-1000-mg-45-capsules-vegetales-maroc\/\" \/>\n<meta property=\"og:locale\" content=\"en_US\" \/>\n<meta property=\"og:type\" content=\"article\" \/>\n<meta property=\"og:title\" content=\"Solaray Gomme de Mastic 1000 mg, 45 Capsules - Maroc Prix\" \/>\n<meta property=\"og:description\" content=\"Achetez Solaray mastic gum Extrait de Gomme de Mastic 1000 mg au Maroc. 45 capsules v\u00e9g\u00e9tales pour la sant\u00e9 digestive et gastrique. Soutien naturel.\" \/>\n<meta property=\"og:url\" content=\"https:\/\/vitablanca.ma\/en\/product\/solaray-extrait-de-gomme-de-mastic-1000-mg-45-capsules-vegetales-maroc\/\" \/>\n<meta property=\"og:site_name\" content=\"Vitablanca.ma &ndash; Sant&eacute;, vitalit&eacute; et bien-&ecirc;tre pour tous les Marocains\" \/>\n<meta property=\"article:publisher\" content=\"https:\/\/www.facebook.com\/profile.php?id=61576678196717\" \/>\n<meta property=\"article:modified_time\" content=\"2025-08-30T20:56:31+00:00\" \/>\n<meta property=\"og:image\" content=\"https:\/\/vitablanca.ma\/wp-content\/uploads\/2025\/06\/solaray-extrait-de-gomme-de-mastic-1000-mg-45-capsules-vegetales.jpg\" \/>\n\t<meta property=\"og:image:width\" content=\"680\" \/>\n\t<meta property=\"og:image:height\" content=\"680\" \/>\n\t<meta property=\"og:image:type\" content=\"image\/jpeg\" \/>\n<meta name=\"twitter:card\" content=\"summary_large_image\" \/>\n<meta name=\"twitter:label1\" content=\"Est. reading time\" \/>\n\t<meta name=\"twitter:data1\" content=\"1 minute\" \/>\n<script type=\"application\/ld+json\" class=\"yoast-schema-graph\">{\"@context\":\"https:\\\/\\\/schema.org\",\"@graph\":[{\"@type\":[\"WebPage\",\"ItemPage\"],\"@id\":\"https:\\\/\\\/vitablanca.ma\\\/produit\\\/solaray-extrait-de-gomme-de-mastic-1000-mg-45-capsules-vegetales-maroc\\\/\",\"url\":\"https:\\\/\\\/vitablanca.ma\\\/produit\\\/solaray-extrait-de-gomme-de-mastic-1000-mg-45-capsules-vegetales-maroc\\\/\",\"name\":\"Solaray Gomme de Mastic 1000 mg, 45 Capsules - Maroc Prix\",\"isPartOf\":{\"@id\":\"https:\\\/\\\/vitablanca.ma\\\/#website\"},\"primaryImageOfPage\":{\"@id\":\"https:\\\/\\\/vitablanca.ma\\\/produit\\\/solaray-extrait-de-gomme-de-mastic-1000-mg-45-capsules-vegetales-maroc\\\/#primaryimage\"},\"image\":{\"@id\":\"https:\\\/\\\/vitablanca.ma\\\/produit\\\/solaray-extrait-de-gomme-de-mastic-1000-mg-45-capsules-vegetales-maroc\\\/#primaryimage\"},\"thumbnailUrl\":\"https:\\\/\\\/vitablanca.ma\\\/wp-content\\\/uploads\\\/2025\\\/06\\\/solaray-extrait-de-gomme-de-mastic-1000-mg-45-capsules-vegetales.jpg\",\"datePublished\":\"2025-06-13T19:18:20+00:00\",\"dateModified\":\"2025-08-30T20:56:31+00:00\",\"description\":\"Achetez Solaray mastic gum Extrait de Gomme de Mastic 1000 mg au Maroc. 45 capsules v\u00e9g\u00e9tales pour la sant\u00e9 digestive et gastrique. Soutien naturel.\",\"breadcrumb\":{\"@id\":\"https:\\\/\\\/vitablanca.ma\\\/produit\\\/solaray-extrait-de-gomme-de-mastic-1000-mg-45-capsules-vegetales-maroc\\\/#breadcrumb\"},\"inLanguage\":\"en-US\",\"potentialAction\":[{\"@type\":\"ReadAction\",\"target\":[\"https:\\\/\\\/vitablanca.ma\\\/produit\\\/solaray-extrait-de-gomme-de-mastic-1000-mg-45-capsules-vegetales-maroc\\\/\"]}]},{\"@type\":\"ImageObject\",\"inLanguage\":\"en-US\",\"@id\":\"https:\\\/\\\/vitablanca.ma\\\/produit\\\/solaray-extrait-de-gomme-de-mastic-1000-mg-45-capsules-vegetales-maroc\\\/#primaryimage\",\"url\":\"https:\\\/\\\/vitablanca.ma\\\/wp-content\\\/uploads\\\/2025\\\/06\\\/solaray-extrait-de-gomme-de-mastic-1000-mg-45-capsules-vegetales.jpg\",\"contentUrl\":\"https:\\\/\\\/vitablanca.ma\\\/wp-content\\\/uploads\\\/2025\\\/06\\\/solaray-extrait-de-gomme-de-mastic-1000-mg-45-capsules-vegetales.jpg\",\"width\":680,\"height\":680},{\"@type\":\"BreadcrumbList\",\"@id\":\"https:\\\/\\\/vitablanca.ma\\\/produit\\\/solaray-extrait-de-gomme-de-mastic-1000-mg-45-capsules-vegetales-maroc\\\/#breadcrumb\",\"itemListElement\":[{\"@type\":\"ListItem\",\"position\":1,\"name\":\"Home\",\"item\":\"https:\\\/\\\/vitablanca.ma\\\/\"},{\"@type\":\"ListItem\",\"position\":2,\"name\":\"Tous Les Produits\",\"item\":\"https:\\\/\\\/vitablanca.ma\\\/tous-les-produits\\\/\"},{\"@type\":\"ListItem\",\"position\":3,\"name\":\"Solaray extrait de gomme de mastic, 1000 mg, 45 capsules v\u00e9g\u00e9tales\"}]},{\"@type\":\"WebSite\",\"@id\":\"https:\\\/\\\/vitablanca.ma\\\/#website\",\"url\":\"https:\\\/\\\/vitablanca.ma\\\/\",\"name\":\"VitaBlanca.ma | Compl\u00e9ments alimentaires, sant\u00e9 & beaut\u00e9 au Maroc\",\"description\":\"vendre vitamines et compl\u00e9ments premium des USA &amp; Canada, Nouvelle Z\u00e9lande,Maroc (NOW Foods, Solgar, Manuka). Livraison rapide partout au Maroc.\",\"publisher\":{\"@id\":\"https:\\\/\\\/vitablanca.ma\\\/#organization\"},\"alternateName\":\"VitaBlanca.ma\",\"potentialAction\":[{\"@type\":\"SearchAction\",\"target\":{\"@type\":\"EntryPoint\",\"urlTemplate\":\"https:\\\/\\\/vitablanca.ma\\\/?s={search_term_string}\"},\"query-input\":{\"@type\":\"PropertyValueSpecification\",\"valueRequired\":true,\"valueName\":\"search_term_string\"}}],\"inLanguage\":\"en-US\"},{\"@type\":\"Organization\",\"@id\":\"https:\\\/\\\/vitablanca.ma\\\/#organization\",\"name\":\"VitaBlanca\",\"url\":\"https:\\\/\\\/vitablanca.ma\\\/\",\"logo\":{\"@type\":\"ImageObject\",\"inLanguage\":\"en-US\",\"@id\":\"https:\\\/\\\/vitablanca.ma\\\/#\\\/schema\\\/logo\\\/image\\\/\",\"url\":\"https:\\\/\\\/vitablanca.ma\\\/wp-content\\\/uploads\\\/2025\\\/05\\\/cropped-vitablanca.png\",\"contentUrl\":\"https:\\\/\\\/vitablanca.ma\\\/wp-content\\\/uploads\\\/2025\\\/05\\\/cropped-vitablanca.png\",\"width\":360,\"height\":67,\"caption\":\"VitaBlanca\"},\"image\":{\"@id\":\"https:\\\/\\\/vitablanca.ma\\\/#\\\/schema\\\/logo\\\/image\\\/\"},\"sameAs\":[\"https:\\\/\\\/www.facebook.com\\\/profile.php?id=61576678196717\",\"https:\\\/\\\/www.tiktok.com\\\/@vitablanca.ma\",\"https:\\\/\\\/www.instagram.com\\\/vitablanca.ma\\\/\"]}]}<\/script>\n<!-- \/ Yoast SEO plugin. -->","yoast_head_json":{"title":"Solaray Mastic Gum 1000 mg, 45 Capsules - Morocco Price","description":"Buy Solaray Mastic Gum Extract 1000 mg in Morocco. 45 vegetarian capsules for digestive and gastric health. Natural support.","robots":{"index":"index","follow":"follow","max-snippet":"max-snippet:-1","max-image-preview":"max-image-preview:large","max-video-preview":"max-video-preview:-1"},"canonical":"https:\/\/vitablanca.ma\/en\/product\/solaray-extrait-de-gomme-de-mastic-1000-mg-45-capsules-vegetales-maroc\/","og_locale":"en_US","og_type":"article","og_title":"Solaray Gomme de Mastic 1000 mg, 45 Capsules - Maroc Prix","og_description":"Achetez Solaray mastic gum Extrait de Gomme de Mastic 1000 mg au Maroc. 45 capsules v\u00e9g\u00e9tales pour la sant\u00e9 digestive et gastrique. Soutien naturel.","og_url":"https:\/\/vitablanca.ma\/en\/product\/solaray-extrait-de-gomme-de-mastic-1000-mg-45-capsules-vegetales-maroc\/","og_site_name":"Vitablanca.ma &ndash; Sant&eacute;, vitalit&eacute; et bien-&ecirc;tre pour tous les Marocains","article_publisher":"https:\/\/www.facebook.com\/profile.php?id=61576678196717","article_modified_time":"2025-08-30T20:56:31+00:00","og_image":[{"width":680,"height":680,"url":"https:\/\/vitablanca.ma\/wp-content\/uploads\/2025\/06\/solaray-extrait-de-gomme-de-mastic-1000-mg-45-capsules-vegetales.jpg","type":"image\/jpeg"}],"twitter_card":"summary_large_image","twitter_misc":{"Est. reading time":"1 minute"},"schema":{"@context":"https:\/\/schema.org","@graph":[{"@type":["WebPage","ItemPage"],"@id":"https:\/\/vitablanca.ma\/produit\/solaray-extrait-de-gomme-de-mastic-1000-mg-45-capsules-vegetales-maroc\/","url":"https:\/\/vitablanca.ma\/produit\/solaray-extrait-de-gomme-de-mastic-1000-mg-45-capsules-vegetales-maroc\/","name":"Solaray Mastic Gum 1000 mg, 45 Capsules - Morocco Price","isPartOf":{"@id":"https:\/\/vitablanca.ma\/#website"},"primaryImageOfPage":{"@id":"https:\/\/vitablanca.ma\/produit\/solaray-extrait-de-gomme-de-mastic-1000-mg-45-capsules-vegetales-maroc\/#primaryimage"},"image":{"@id":"https:\/\/vitablanca.ma\/produit\/solaray-extrait-de-gomme-de-mastic-1000-mg-45-capsules-vegetales-maroc\/#primaryimage"},"thumbnailUrl":"https:\/\/vitablanca.ma\/wp-content\/uploads\/2025\/06\/solaray-extrait-de-gomme-de-mastic-1000-mg-45-capsules-vegetales.jpg","datePublished":"2025-06-13T19:18:20+00:00","dateModified":"2025-08-30T20:56:31+00:00","description":"Buy Solaray Mastic Gum Extract 1000 mg in Morocco. 45 vegetarian capsules for digestive and gastric health. Natural support.","breadcrumb":{"@id":"https:\/\/vitablanca.ma\/produit\/solaray-extrait-de-gomme-de-mastic-1000-mg-45-capsules-vegetales-maroc\/#breadcrumb"},"inLanguage":"en-US","potentialAction":[{"@type":"ReadAction","target":["https:\/\/vitablanca.ma\/produit\/solaray-extrait-de-gomme-de-mastic-1000-mg-45-capsules-vegetales-maroc\/"]}]},{"@type":"ImageObject","inLanguage":"en-US","@id":"https:\/\/vitablanca.ma\/produit\/solaray-extrait-de-gomme-de-mastic-1000-mg-45-capsules-vegetales-maroc\/#primaryimage","url":"https:\/\/vitablanca.ma\/wp-content\/uploads\/2025\/06\/solaray-extrait-de-gomme-de-mastic-1000-mg-45-capsules-vegetales.jpg","contentUrl":"https:\/\/vitablanca.ma\/wp-content\/uploads\/2025\/06\/solaray-extrait-de-gomme-de-mastic-1000-mg-45-capsules-vegetales.jpg","width":680,"height":680},{"@type":"BreadcrumbList","@id":"https:\/\/vitablanca.ma\/produit\/solaray-extrait-de-gomme-de-mastic-1000-mg-45-capsules-vegetales-maroc\/#breadcrumb","itemListElement":[{"@type":"ListItem","position":1,"name":"Home","item":"https:\/\/vitablanca.ma\/"},{"@type":"ListItem","position":2,"name":"Tous Les Produits","item":"https:\/\/vitablanca.ma\/tous-les-produits\/"},{"@type":"ListItem","position":3,"name":"Solaray extrait de gomme de mastic, 1000 mg, 45 capsules v\u00e9g\u00e9tales"}]},{"@type":"WebSite","@id":"https:\/\/vitablanca.ma\/#website","url":"https:\/\/vitablanca.ma\/","name":"VitaBlanca.ma | Food supplements, health &amp; beauty in Morocco","description":"sell premium vitamins and supplements from USA &amp; Canada, New Zealand, Morocco (NOW Foods, Solgar, Manuka). Fast delivery anywhere in Morocco.","publisher":{"@id":"https:\/\/vitablanca.ma\/#organization"},"alternateName":"VitaBlanca.ma","potentialAction":[{"@type":"SearchAction","target":{"@type":"EntryPoint","urlTemplate":"https:\/\/vitablanca.ma\/?s={search_term_string}"},"query-input":{"@type":"PropertyValueSpecification","valueRequired":true,"valueName":"search_term_string"}}],"inLanguage":"en-US"},{"@type":"Organization","@id":"https:\/\/vitablanca.ma\/#organization","name":"VitaBlanca","url":"https:\/\/vitablanca.ma\/","logo":{"@type":"ImageObject","inLanguage":"en-US","@id":"https:\/\/vitablanca.ma\/#\/schema\/logo\/image\/","url":"https:\/\/vitablanca.ma\/wp-content\/uploads\/2025\/05\/cropped-vitablanca.png","contentUrl":"https:\/\/vitablanca.ma\/wp-content\/uploads\/2025\/05\/cropped-vitablanca.png","width":360,"height":67,"caption":"VitaBlanca"},"image":{"@id":"https:\/\/vitablanca.ma\/#\/schema\/logo\/image\/"},"sameAs":["https:\/\/www.facebook.com\/profile.php?id=61576678196717","https:\/\/www.tiktok.com\/@vitablanca.ma","https:\/\/www.instagram.com\/vitablanca.ma\/"]}]}},"jetpack_sharing_enabled":true,"_links":{"self":[{"href":"https:\/\/vitablanca.ma\/en\/wp-json\/wp\/v2\/product\/22675","targetHints":{"allow":["GET"]}}],"collection":[{"href":"https:\/\/vitablanca.ma\/en\/wp-json\/wp\/v2\/product"}],"about":[{"href":"https:\/\/vitablanca.ma\/en\/wp-json\/wp\/v2\/types\/product"}],"wp:featuredmedia":[{"embeddable":true,"href":"https:\/\/vitablanca.ma\/en\/wp-json\/wp\/v2\/media\/22677"}],"wp:attachment":[{"href":"https:\/\/vitablanca.ma\/en\/wp-json\/wp\/v2\/media?parent=22675"}],"wp:term":[{"taxonomy":"product_brand","embeddable":true,"href":"https:\/\/vitablanca.ma\/en\/wp-json\/wp\/v2\/product_brand?post=22675"},{"taxonomy":"product_cat","embeddable":true,"href":"https:\/\/vitablanca.ma\/en\/wp-json\/wp\/v2\/product_cat?post=22675"},{"taxonomy":"product_tag","embeddable":true,"href":"https:\/\/vitablanca.ma\/en\/wp-json\/wp\/v2\/product_tag?post=22675"}],"curies":[{"name":"wp","href":"https:\/\/api.w.org\/{rel}","templated":true}]}}