{"id":22672,"date":"2025-06-13T19:12:01","date_gmt":"2025-06-13T19:12:01","guid":{"rendered":"https:\/\/vitablanca.ma\/?post_type=product&#038;p=22672"},"modified":"2026-02-06T16:48:01","modified_gmt":"2026-02-06T16:48:01","slug":"solaray-uva-ursi-460-mg-100-gelules-vegetales-maroc","status":"publish","type":"product","link":"https:\/\/vitablanca.ma\/en\/product\/solaray-uva-ursi-460-mg-100-gelules-vegetales-maroc\/","title":{"rendered":"Solaray Uva ursi 460 mg. - 100 vegetarian capsules"},"content":{"rendered":"<p>Originaire d\u2019Europe, Uva Ursi, parfois \u00e9galement appel\u00e9e busserole, est un petit arbuste aux feuilles persistantes et aux baies rouges comestibles. Uva Ursi a une longue histoire d\u2019utilisation \u00e0 travers le monde depuis le 2\u00e8me si\u00e8cle. La feuille d\u2019Uva Ursi fournir un soutien nutritif pour un fonctionnement normal et sain des voies urinaires.<\/p>\n\n\n\n<p><a href=\"https:\/\/www.jumia.ma\/customer\/account\/login\/?tkWl=SO243DV0BE8I7NAFAMZ-35251441&return=%2Fuva-ursi-460-mg.-100-gelules-vegetales-solaray-mpg1326018.html\"><\/a><\/p>","protected":false},"excerpt":{"rendered":"<ul>\n<li>GMO-free<\/li>\n<li>100% vegan<\/li>\n<li>Food supplement<\/li>\n<li>Arctostaphylos Uva-Ursi<\/li>\n<li>460 mg per capsule<\/li>\n<li>Whole leaf<\/li>\n<li>Lab Verified<\/li>\n<li>Native to Europe, Uva Ursi, sometimes also called bearberry, is a small shrub with evergreen leaves and edible red berries.<\/li>\n<\/ul>","protected":false},"featured_media":22674,"template":"","meta":{"om_disable_all_campaigns":false},"product_brand":[673],"product_cat":[18,3366,20,19],"product_tag":[2818,2817,2821,2816,2820,2831,2815,2819],"class_list":{"0":"post-22672","1":"product","2":"type-product","3":"status-publish","4":"has-post-thumbnail","6":"product_brand-solaray-maroc-prix","7":"product_cat-beaute-sante","8":"product_cat-complements-alimentaires-au-maroc-vitablanca","9":"product_cat-supplements","10":"product_cat-vitamines-supplements-dietetiques","11":"product_tag-busserole-complement-alimentaire","12":"product_tag-cystite-traitement-naturel","13":"product_tag-infection-urinaire-naturelle","14":"product_tag-plante-pour-reins","15":"product_tag-sante-vessie","16":"product_tag-solaray","17":"product_tag-solaray-uva-ursi","18":"product_tag-uva-ursi-maroc","20":"first","21":"instock","22":"taxable","23":"shipping-taxable","24":"purchasable","25":"product-type-simple"},"yoast_head":"<!-- This site is optimized with the Yoast SEO plugin v27.5 - https:\/\/yoast.com\/product\/yoast-seo-wordpress\/ -->\n<title>Solaray Uva ursi 460 mg. - 100 G\u00e9lules v\u00e9g\u00e9tales - Maroc Prix<\/title>\n<meta name=\"description\" content=\"Achetez Solaray Uva Ursi 460 mg au Maroc. 100 g\u00e9lules v\u00e9g\u00e9tales pour le soutien urinaire et la sant\u00e9 des voies urinaires. Rem\u00e8de naturel. Livraison rapide.\" \/>\n<meta name=\"robots\" content=\"index, follow, max-snippet:-1, max-image-preview:large, max-video-preview:-1\" \/>\n<link rel=\"canonical\" href=\"https:\/\/vitablanca.ma\/en\/product\/solaray-uva-ursi-460-mg-100-gelules-vegetales-maroc\/\" \/>\n<meta property=\"og:locale\" content=\"en_US\" \/>\n<meta property=\"og:type\" content=\"article\" \/>\n<meta property=\"og:title\" content=\"Solaray Uva ursi 460 mg. - 100 G\u00e9lules v\u00e9g\u00e9tales - Maroc Prix\" \/>\n<meta property=\"og:description\" content=\"Achetez Solaray Uva Ursi 460 mg au Maroc. 100 g\u00e9lules v\u00e9g\u00e9tales pour le soutien urinaire et la sant\u00e9 des voies urinaires. Rem\u00e8de naturel. Livraison rapide.\" \/>\n<meta property=\"og:url\" content=\"https:\/\/vitablanca.ma\/en\/product\/solaray-uva-ursi-460-mg-100-gelules-vegetales-maroc\/\" \/>\n<meta property=\"og:site_name\" content=\"Vitablanca.ma &ndash; Sant&eacute;, vitalit&eacute; et bien-&ecirc;tre pour tous les Marocains\" \/>\n<meta property=\"article:publisher\" content=\"https:\/\/www.facebook.com\/profile.php?id=61576678196717\" \/>\n<meta property=\"article:modified_time\" content=\"2026-02-06T16:48:01+00:00\" \/>\n<meta property=\"og:image\" content=\"https:\/\/vitablanca.ma\/wp-content\/uploads\/2025\/06\/uva-ursi-460-mg.-100-gelules-vegetales-solaray-.jpg\" \/>\n\t<meta property=\"og:image:width\" content=\"680\" \/>\n\t<meta property=\"og:image:height\" content=\"680\" \/>\n\t<meta property=\"og:image:type\" content=\"image\/jpeg\" \/>\n<meta name=\"twitter:card\" content=\"summary_large_image\" \/>\n<meta name=\"twitter:label1\" content=\"Est. reading time\" \/>\n\t<meta name=\"twitter:data1\" content=\"1 minute\" \/>\n<script type=\"application\/ld+json\" class=\"yoast-schema-graph\">{\"@context\":\"https:\\\/\\\/schema.org\",\"@graph\":[{\"@type\":[\"WebPage\",\"ItemPage\"],\"@id\":\"https:\\\/\\\/vitablanca.ma\\\/produit\\\/solaray-uva-ursi-460-mg-100-gelules-vegetales-maroc\\\/\",\"url\":\"https:\\\/\\\/vitablanca.ma\\\/produit\\\/solaray-uva-ursi-460-mg-100-gelules-vegetales-maroc\\\/\",\"name\":\"Solaray Uva ursi 460 mg. - 100 G\u00e9lules v\u00e9g\u00e9tales - Maroc Prix\",\"isPartOf\":{\"@id\":\"https:\\\/\\\/vitablanca.ma\\\/#website\"},\"primaryImageOfPage\":{\"@id\":\"https:\\\/\\\/vitablanca.ma\\\/produit\\\/solaray-uva-ursi-460-mg-100-gelules-vegetales-maroc\\\/#primaryimage\"},\"image\":{\"@id\":\"https:\\\/\\\/vitablanca.ma\\\/produit\\\/solaray-uva-ursi-460-mg-100-gelules-vegetales-maroc\\\/#primaryimage\"},\"thumbnailUrl\":\"https:\\\/\\\/vitablanca.ma\\\/wp-content\\\/uploads\\\/2025\\\/06\\\/uva-ursi-460-mg.-100-gelules-vegetales-solaray-.jpg\",\"datePublished\":\"2025-06-13T19:12:01+00:00\",\"dateModified\":\"2026-02-06T16:48:01+00:00\",\"description\":\"Achetez Solaray Uva Ursi 460 mg au Maroc. 100 g\u00e9lules v\u00e9g\u00e9tales pour le soutien urinaire et la sant\u00e9 des voies urinaires. Rem\u00e8de naturel. Livraison rapide.\",\"breadcrumb\":{\"@id\":\"https:\\\/\\\/vitablanca.ma\\\/produit\\\/solaray-uva-ursi-460-mg-100-gelules-vegetales-maroc\\\/#breadcrumb\"},\"inLanguage\":\"en-US\",\"potentialAction\":[{\"@type\":\"ReadAction\",\"target\":[\"https:\\\/\\\/vitablanca.ma\\\/produit\\\/solaray-uva-ursi-460-mg-100-gelules-vegetales-maroc\\\/\"]}]},{\"@type\":\"ImageObject\",\"inLanguage\":\"en-US\",\"@id\":\"https:\\\/\\\/vitablanca.ma\\\/produit\\\/solaray-uva-ursi-460-mg-100-gelules-vegetales-maroc\\\/#primaryimage\",\"url\":\"https:\\\/\\\/vitablanca.ma\\\/wp-content\\\/uploads\\\/2025\\\/06\\\/uva-ursi-460-mg.-100-gelules-vegetales-solaray-.jpg\",\"contentUrl\":\"https:\\\/\\\/vitablanca.ma\\\/wp-content\\\/uploads\\\/2025\\\/06\\\/uva-ursi-460-mg.-100-gelules-vegetales-solaray-.jpg\",\"width\":680,\"height\":680},{\"@type\":\"BreadcrumbList\",\"@id\":\"https:\\\/\\\/vitablanca.ma\\\/produit\\\/solaray-uva-ursi-460-mg-100-gelules-vegetales-maroc\\\/#breadcrumb\",\"itemListElement\":[{\"@type\":\"ListItem\",\"position\":1,\"name\":\"Home\",\"item\":\"https:\\\/\\\/vitablanca.ma\\\/\"},{\"@type\":\"ListItem\",\"position\":2,\"name\":\"Tous Les Produits\",\"item\":\"https:\\\/\\\/vitablanca.ma\\\/tous-les-produits\\\/\"},{\"@type\":\"ListItem\",\"position\":3,\"name\":\"Solaray Uva ursi 460 mg. &#8211; 100 G\u00e9lules v\u00e9g\u00e9tales\"}]},{\"@type\":\"WebSite\",\"@id\":\"https:\\\/\\\/vitablanca.ma\\\/#website\",\"url\":\"https:\\\/\\\/vitablanca.ma\\\/\",\"name\":\"VitaBlanca.ma | Compl\u00e9ments alimentaires, sant\u00e9 & beaut\u00e9 au Maroc\",\"description\":\"vendre vitamines et compl\u00e9ments premium des USA &amp; Canada, Nouvelle Z\u00e9lande,Maroc (NOW Foods, Solgar, Manuka). Livraison rapide partout au Maroc.\",\"publisher\":{\"@id\":\"https:\\\/\\\/vitablanca.ma\\\/#organization\"},\"alternateName\":\"VitaBlanca.ma\",\"potentialAction\":[{\"@type\":\"SearchAction\",\"target\":{\"@type\":\"EntryPoint\",\"urlTemplate\":\"https:\\\/\\\/vitablanca.ma\\\/?s={search_term_string}\"},\"query-input\":{\"@type\":\"PropertyValueSpecification\",\"valueRequired\":true,\"valueName\":\"search_term_string\"}}],\"inLanguage\":\"en-US\"},{\"@type\":\"Organization\",\"@id\":\"https:\\\/\\\/vitablanca.ma\\\/#organization\",\"name\":\"VitaBlanca\",\"url\":\"https:\\\/\\\/vitablanca.ma\\\/\",\"logo\":{\"@type\":\"ImageObject\",\"inLanguage\":\"en-US\",\"@id\":\"https:\\\/\\\/vitablanca.ma\\\/#\\\/schema\\\/logo\\\/image\\\/\",\"url\":\"https:\\\/\\\/vitablanca.ma\\\/wp-content\\\/uploads\\\/2025\\\/05\\\/cropped-vitablanca.png\",\"contentUrl\":\"https:\\\/\\\/vitablanca.ma\\\/wp-content\\\/uploads\\\/2025\\\/05\\\/cropped-vitablanca.png\",\"width\":360,\"height\":67,\"caption\":\"VitaBlanca\"},\"image\":{\"@id\":\"https:\\\/\\\/vitablanca.ma\\\/#\\\/schema\\\/logo\\\/image\\\/\"},\"sameAs\":[\"https:\\\/\\\/www.facebook.com\\\/profile.php?id=61576678196717\",\"https:\\\/\\\/www.tiktok.com\\\/@vitablanca.ma\",\"https:\\\/\\\/www.instagram.com\\\/vitablanca.ma\\\/\"]}]}<\/script>\n<!-- \/ Yoast SEO plugin. -->","yoast_head_json":{"title":"Solaray Uva ursi 460 mg - 100 Vegetable Capsules - Morocco Price","description":"Buy Solaray Uva Ursi 460 mg in Morocco. 100 vegetarian capsules for urinary support and urinary tract health. Natural remedy. Fast delivery.","robots":{"index":"index","follow":"follow","max-snippet":"max-snippet:-1","max-image-preview":"max-image-preview:large","max-video-preview":"max-video-preview:-1"},"canonical":"https:\/\/vitablanca.ma\/en\/product\/solaray-uva-ursi-460-mg-100-gelules-vegetales-maroc\/","og_locale":"en_US","og_type":"article","og_title":"Solaray Uva ursi 460 mg. - 100 G\u00e9lules v\u00e9g\u00e9tales - Maroc Prix","og_description":"Achetez Solaray Uva Ursi 460 mg au Maroc. 100 g\u00e9lules v\u00e9g\u00e9tales pour le soutien urinaire et la sant\u00e9 des voies urinaires. Rem\u00e8de naturel. Livraison rapide.","og_url":"https:\/\/vitablanca.ma\/en\/product\/solaray-uva-ursi-460-mg-100-gelules-vegetales-maroc\/","og_site_name":"Vitablanca.ma &ndash; Sant&eacute;, vitalit&eacute; et bien-&ecirc;tre pour tous les Marocains","article_publisher":"https:\/\/www.facebook.com\/profile.php?id=61576678196717","article_modified_time":"2026-02-06T16:48:01+00:00","og_image":[{"width":680,"height":680,"url":"https:\/\/vitablanca.ma\/wp-content\/uploads\/2025\/06\/uva-ursi-460-mg.-100-gelules-vegetales-solaray-.jpg","type":"image\/jpeg"}],"twitter_card":"summary_large_image","twitter_misc":{"Est. reading time":"1 minute"},"schema":{"@context":"https:\/\/schema.org","@graph":[{"@type":["WebPage","ItemPage"],"@id":"https:\/\/vitablanca.ma\/produit\/solaray-uva-ursi-460-mg-100-gelules-vegetales-maroc\/","url":"https:\/\/vitablanca.ma\/produit\/solaray-uva-ursi-460-mg-100-gelules-vegetales-maroc\/","name":"Solaray Uva ursi 460 mg - 100 Vegetable Capsules - Morocco Price","isPartOf":{"@id":"https:\/\/vitablanca.ma\/#website"},"primaryImageOfPage":{"@id":"https:\/\/vitablanca.ma\/produit\/solaray-uva-ursi-460-mg-100-gelules-vegetales-maroc\/#primaryimage"},"image":{"@id":"https:\/\/vitablanca.ma\/produit\/solaray-uva-ursi-460-mg-100-gelules-vegetales-maroc\/#primaryimage"},"thumbnailUrl":"https:\/\/vitablanca.ma\/wp-content\/uploads\/2025\/06\/uva-ursi-460-mg.-100-gelules-vegetales-solaray-.jpg","datePublished":"2025-06-13T19:12:01+00:00","dateModified":"2026-02-06T16:48:01+00:00","description":"Buy Solaray Uva Ursi 460 mg in Morocco. 100 vegetarian capsules for urinary support and urinary tract health. Natural remedy. Fast delivery.","breadcrumb":{"@id":"https:\/\/vitablanca.ma\/produit\/solaray-uva-ursi-460-mg-100-gelules-vegetales-maroc\/#breadcrumb"},"inLanguage":"en-US","potentialAction":[{"@type":"ReadAction","target":["https:\/\/vitablanca.ma\/produit\/solaray-uva-ursi-460-mg-100-gelules-vegetales-maroc\/"]}]},{"@type":"ImageObject","inLanguage":"en-US","@id":"https:\/\/vitablanca.ma\/produit\/solaray-uva-ursi-460-mg-100-gelules-vegetales-maroc\/#primaryimage","url":"https:\/\/vitablanca.ma\/wp-content\/uploads\/2025\/06\/uva-ursi-460-mg.-100-gelules-vegetales-solaray-.jpg","contentUrl":"https:\/\/vitablanca.ma\/wp-content\/uploads\/2025\/06\/uva-ursi-460-mg.-100-gelules-vegetales-solaray-.jpg","width":680,"height":680},{"@type":"BreadcrumbList","@id":"https:\/\/vitablanca.ma\/produit\/solaray-uva-ursi-460-mg-100-gelules-vegetales-maroc\/#breadcrumb","itemListElement":[{"@type":"ListItem","position":1,"name":"Home","item":"https:\/\/vitablanca.ma\/"},{"@type":"ListItem","position":2,"name":"Tous Les Produits","item":"https:\/\/vitablanca.ma\/tous-les-produits\/"},{"@type":"ListItem","position":3,"name":"Solaray Uva ursi 460 mg. &#8211; 100 G\u00e9lules v\u00e9g\u00e9tales"}]},{"@type":"WebSite","@id":"https:\/\/vitablanca.ma\/#website","url":"https:\/\/vitablanca.ma\/","name":"VitaBlanca.ma | Food supplements, health &amp; beauty in Morocco","description":"sell premium vitamins and supplements from USA &amp; Canada, New Zealand, Morocco (NOW Foods, Solgar, Manuka). Fast delivery anywhere in Morocco.","publisher":{"@id":"https:\/\/vitablanca.ma\/#organization"},"alternateName":"VitaBlanca.ma","potentialAction":[{"@type":"SearchAction","target":{"@type":"EntryPoint","urlTemplate":"https:\/\/vitablanca.ma\/?s={search_term_string}"},"query-input":{"@type":"PropertyValueSpecification","valueRequired":true,"valueName":"search_term_string"}}],"inLanguage":"en-US"},{"@type":"Organization","@id":"https:\/\/vitablanca.ma\/#organization","name":"VitaBlanca","url":"https:\/\/vitablanca.ma\/","logo":{"@type":"ImageObject","inLanguage":"en-US","@id":"https:\/\/vitablanca.ma\/#\/schema\/logo\/image\/","url":"https:\/\/vitablanca.ma\/wp-content\/uploads\/2025\/05\/cropped-vitablanca.png","contentUrl":"https:\/\/vitablanca.ma\/wp-content\/uploads\/2025\/05\/cropped-vitablanca.png","width":360,"height":67,"caption":"VitaBlanca"},"image":{"@id":"https:\/\/vitablanca.ma\/#\/schema\/logo\/image\/"},"sameAs":["https:\/\/www.facebook.com\/profile.php?id=61576678196717","https:\/\/www.tiktok.com\/@vitablanca.ma","https:\/\/www.instagram.com\/vitablanca.ma\/"]}]}},"jetpack_sharing_enabled":true,"_links":{"self":[{"href":"https:\/\/vitablanca.ma\/en\/wp-json\/wp\/v2\/product\/22672","targetHints":{"allow":["GET"]}}],"collection":[{"href":"https:\/\/vitablanca.ma\/en\/wp-json\/wp\/v2\/product"}],"about":[{"href":"https:\/\/vitablanca.ma\/en\/wp-json\/wp\/v2\/types\/product"}],"wp:featuredmedia":[{"embeddable":true,"href":"https:\/\/vitablanca.ma\/en\/wp-json\/wp\/v2\/media\/22674"}],"wp:attachment":[{"href":"https:\/\/vitablanca.ma\/en\/wp-json\/wp\/v2\/media?parent=22672"}],"wp:term":[{"taxonomy":"product_brand","embeddable":true,"href":"https:\/\/vitablanca.ma\/en\/wp-json\/wp\/v2\/product_brand?post=22672"},{"taxonomy":"product_cat","embeddable":true,"href":"https:\/\/vitablanca.ma\/en\/wp-json\/wp\/v2\/product_cat?post=22672"},{"taxonomy":"product_tag","embeddable":true,"href":"https:\/\/vitablanca.ma\/en\/wp-json\/wp\/v2\/product_tag?post=22672"}],"curies":[{"name":"wp","href":"https:\/\/api.w.org\/{rel}","templated":true}]}}