{"id":22669,"date":"2025-06-13T19:03:48","date_gmt":"2025-06-13T19:03:48","guid":{"rendered":"https:\/\/vitablanca.ma\/?post_type=product&#038;p=22669"},"modified":"2025-12-03T19:21:55","modified_gmt":"2025-12-03T19:21:55","slug":"natrol-ecorce-de-yohimbe-500-mg-90-capsules-maroc","status":"publish","type":"product","link":"https:\/\/vitablanca.ma\/en\/product\/natrol-ecorce-de-yohimbe-500-mg-90-capsules-maroc\/","title":{"rendered":"Natrol Yohimbe Bark 500 mg, 90 Capsules"},"content":{"rendered":"<p>Natural Herbs for Men&#039;s Sexual Health and Vitality<\/p>\n\n\n\n<p>Natrol Yohimbe Barke 500 mg is a natural herb that is beneficial for men&#039;s health.<\/p>\n\n\n\n<p>Natrol Yohimbe soutient la puissance et le pouvoir masculins avec une poudre d\u2019herbe enti\u00e8re utilis\u00e9e depuis des ann\u00e9es pour soutenir la vitalit\u00e9 de l\u2019homme. Natrol Yohimbe est d\u00e9riv\u00e9 d\u2019une \u00e9corce de conif\u00e8re ouest-africaine. Natrol Yohimbe est utilis\u00e9 depuis des si\u00e8cles pour am\u00e9liorer la sant\u00e9 des hommes. Natrol offre les avantages de cette plante centenaire dans un compl\u00e9ment alimentaire facile \u00e0 utiliser, qui peut vous aider \u00e0 vivre plus jeune.<a href=\"https:\/\/www.jumia.ma\/customer\/account\/login\/?tkWl=NA025DV1DB2ULNAFAMZ-35353141&return=%2Fnatrol-ecorce-de-yohimbe-500-mg-90-capsules-39081828.html%3Fseller_product%3D1\"><\/a><\/p>","protected":false},"excerpt":{"rendered":"<ul>\n<li>Men&#039;s health<\/li>\n<li>Natural Herbs for Men&#039;s Sexual Health and Vitality<\/li>\n<li>Food supplement<\/li>\n<li>Natrol Yohimbe Barke 500 mg is a natural herb that is beneficial for men&#039;s health.<\/li>\n<li>Increases sexual vigor.<\/li>\n<li>Product derived from the bark of the yohimbe tree, which grows mainly in West Africa.<\/li>\n<\/ul>","protected":false},"featured_media":22670,"template":"","meta":{"om_disable_all_campaigns":false},"product_brand":[2357],"product_cat":[18,3366,20,19],"product_tag":[2811,2813,2810,2814,2808,2812,2809],"class_list":{"0":"post-22669","1":"product","2":"type-product","3":"status-publish","4":"has-post-thumbnail","6":"product_brand-natrol-prix-maroc","7":"product_cat-beaute-sante","8":"product_cat-complements-alimentaires-au-maroc-vitablanca","9":"product_cat-supplements","10":"product_cat-vitamines-supplements-dietetiques","11":"product_tag-aphrodisiaque-naturel","12":"product_tag-circulation-sanguine","13":"product_tag-libido-homme","14":"product_tag-natrol-yohimbe-500mg","15":"product_tag-stimulant-sexuel-naturel","16":"product_tag-vitalite-masculine","17":"product_tag-yohimbe-maroc","19":"first","20":"instock","21":"sale","22":"taxable","23":"shipping-taxable","24":"purchasable","25":"product-type-simple"},"yoast_head":"<!-- This site is optimized with the Yoast SEO plugin v27.5 - https:\/\/yoast.com\/product\/yoast-seo-wordpress\/ -->\n<title>Natrol \u00c9corce de yohimbe 500 mg, 90 capsules - Maroc Prix<\/title>\n<meta name=\"description\" content=\"Achetez Natrol \u00c9corce de Yohimbe 500 mg au Maroc. 90 capsules pour le soutien \u00e9nerg\u00e9tique et la performance. Traditionnellement utilis\u00e9.\" \/>\n<meta name=\"robots\" content=\"index, follow, max-snippet:-1, max-image-preview:large, max-video-preview:-1\" \/>\n<link rel=\"canonical\" href=\"https:\/\/vitablanca.ma\/en\/product\/natrol-ecorce-de-yohimbe-500-mg-90-capsules-maroc\/\" \/>\n<meta property=\"og:locale\" content=\"en_US\" \/>\n<meta property=\"og:type\" content=\"article\" \/>\n<meta property=\"og:title\" content=\"Natrol \u00c9corce de yohimbe 500 mg, 90 capsules - Maroc Prix\" \/>\n<meta property=\"og:description\" content=\"Achetez Natrol \u00c9corce de Yohimbe 500 mg au Maroc. 90 capsules pour le soutien \u00e9nerg\u00e9tique et la performance. Traditionnellement utilis\u00e9.\" \/>\n<meta property=\"og:url\" content=\"https:\/\/vitablanca.ma\/en\/product\/natrol-ecorce-de-yohimbe-500-mg-90-capsules-maroc\/\" \/>\n<meta property=\"og:site_name\" content=\"Vitablanca.ma &ndash; Sant&eacute;, vitalit&eacute; et bien-&ecirc;tre pour tous les Marocains\" \/>\n<meta property=\"article:publisher\" content=\"https:\/\/www.facebook.com\/profile.php?id=61576678196717\" \/>\n<meta property=\"article:modified_time\" content=\"2025-12-03T19:21:55+00:00\" \/>\n<meta property=\"og:image\" content=\"https:\/\/vitablanca.ma\/wp-content\/uploads\/2025\/06\/natrol-ecorce-de-yohimbe-500-mg-90-capsules-1-1.jpg\" \/>\n\t<meta property=\"og:image:width\" content=\"680\" \/>\n\t<meta property=\"og:image:height\" content=\"680\" \/>\n\t<meta property=\"og:image:type\" content=\"image\/jpeg\" \/>\n<meta name=\"twitter:card\" content=\"summary_large_image\" \/>\n<meta name=\"twitter:label1\" content=\"Est. reading time\" \/>\n\t<meta name=\"twitter:data1\" content=\"1 minute\" \/>\n<script type=\"application\/ld+json\" class=\"yoast-schema-graph\">{\"@context\":\"https:\\\/\\\/schema.org\",\"@graph\":[{\"@type\":[\"WebPage\",\"ItemPage\"],\"@id\":\"https:\\\/\\\/vitablanca.ma\\\/produit\\\/natrol-ecorce-de-yohimbe-500-mg-90-capsules-maroc\\\/\",\"url\":\"https:\\\/\\\/vitablanca.ma\\\/produit\\\/natrol-ecorce-de-yohimbe-500-mg-90-capsules-maroc\\\/\",\"name\":\"Natrol \u00c9corce de yohimbe 500 mg, 90 capsules - Maroc Prix\",\"isPartOf\":{\"@id\":\"https:\\\/\\\/vitablanca.ma\\\/#website\"},\"primaryImageOfPage\":{\"@id\":\"https:\\\/\\\/vitablanca.ma\\\/produit\\\/natrol-ecorce-de-yohimbe-500-mg-90-capsules-maroc\\\/#primaryimage\"},\"image\":{\"@id\":\"https:\\\/\\\/vitablanca.ma\\\/produit\\\/natrol-ecorce-de-yohimbe-500-mg-90-capsules-maroc\\\/#primaryimage\"},\"thumbnailUrl\":\"https:\\\/\\\/vitablanca.ma\\\/wp-content\\\/uploads\\\/2025\\\/06\\\/natrol-ecorce-de-yohimbe-500-mg-90-capsules-1-1.jpg\",\"datePublished\":\"2025-06-13T19:03:48+00:00\",\"dateModified\":\"2025-12-03T19:21:55+00:00\",\"description\":\"Achetez Natrol \u00c9corce de Yohimbe 500 mg au Maroc. 90 capsules pour le soutien \u00e9nerg\u00e9tique et la performance. Traditionnellement utilis\u00e9.\",\"breadcrumb\":{\"@id\":\"https:\\\/\\\/vitablanca.ma\\\/produit\\\/natrol-ecorce-de-yohimbe-500-mg-90-capsules-maroc\\\/#breadcrumb\"},\"inLanguage\":\"en-US\",\"potentialAction\":[{\"@type\":\"ReadAction\",\"target\":[\"https:\\\/\\\/vitablanca.ma\\\/produit\\\/natrol-ecorce-de-yohimbe-500-mg-90-capsules-maroc\\\/\"]}]},{\"@type\":\"ImageObject\",\"inLanguage\":\"en-US\",\"@id\":\"https:\\\/\\\/vitablanca.ma\\\/produit\\\/natrol-ecorce-de-yohimbe-500-mg-90-capsules-maroc\\\/#primaryimage\",\"url\":\"https:\\\/\\\/vitablanca.ma\\\/wp-content\\\/uploads\\\/2025\\\/06\\\/natrol-ecorce-de-yohimbe-500-mg-90-capsules-1-1.jpg\",\"contentUrl\":\"https:\\\/\\\/vitablanca.ma\\\/wp-content\\\/uploads\\\/2025\\\/06\\\/natrol-ecorce-de-yohimbe-500-mg-90-capsules-1-1.jpg\",\"width\":680,\"height\":680},{\"@type\":\"BreadcrumbList\",\"@id\":\"https:\\\/\\\/vitablanca.ma\\\/produit\\\/natrol-ecorce-de-yohimbe-500-mg-90-capsules-maroc\\\/#breadcrumb\",\"itemListElement\":[{\"@type\":\"ListItem\",\"position\":1,\"name\":\"Home\",\"item\":\"https:\\\/\\\/vitablanca.ma\\\/\"},{\"@type\":\"ListItem\",\"position\":2,\"name\":\"Tous Les Produits\",\"item\":\"https:\\\/\\\/vitablanca.ma\\\/tous-les-produits\\\/\"},{\"@type\":\"ListItem\",\"position\":3,\"name\":\"Natrol \u00c9corce de yohimbe 500 mg, 90 capsules\"}]},{\"@type\":\"WebSite\",\"@id\":\"https:\\\/\\\/vitablanca.ma\\\/#website\",\"url\":\"https:\\\/\\\/vitablanca.ma\\\/\",\"name\":\"VitaBlanca.ma | Compl\u00e9ments alimentaires, sant\u00e9 & beaut\u00e9 au Maroc\",\"description\":\"vendre vitamines et compl\u00e9ments premium des USA &amp; Canada, Nouvelle Z\u00e9lande,Maroc (NOW Foods, Solgar, Manuka). Livraison rapide partout au Maroc.\",\"publisher\":{\"@id\":\"https:\\\/\\\/vitablanca.ma\\\/#organization\"},\"alternateName\":\"VitaBlanca.ma\",\"potentialAction\":[{\"@type\":\"SearchAction\",\"target\":{\"@type\":\"EntryPoint\",\"urlTemplate\":\"https:\\\/\\\/vitablanca.ma\\\/?s={search_term_string}\"},\"query-input\":{\"@type\":\"PropertyValueSpecification\",\"valueRequired\":true,\"valueName\":\"search_term_string\"}}],\"inLanguage\":\"en-US\"},{\"@type\":\"Organization\",\"@id\":\"https:\\\/\\\/vitablanca.ma\\\/#organization\",\"name\":\"VitaBlanca\",\"url\":\"https:\\\/\\\/vitablanca.ma\\\/\",\"logo\":{\"@type\":\"ImageObject\",\"inLanguage\":\"en-US\",\"@id\":\"https:\\\/\\\/vitablanca.ma\\\/#\\\/schema\\\/logo\\\/image\\\/\",\"url\":\"https:\\\/\\\/vitablanca.ma\\\/wp-content\\\/uploads\\\/2025\\\/05\\\/cropped-vitablanca.png\",\"contentUrl\":\"https:\\\/\\\/vitablanca.ma\\\/wp-content\\\/uploads\\\/2025\\\/05\\\/cropped-vitablanca.png\",\"width\":360,\"height\":67,\"caption\":\"VitaBlanca\"},\"image\":{\"@id\":\"https:\\\/\\\/vitablanca.ma\\\/#\\\/schema\\\/logo\\\/image\\\/\"},\"sameAs\":[\"https:\\\/\\\/www.facebook.com\\\/profile.php?id=61576678196717\",\"https:\\\/\\\/www.tiktok.com\\\/@vitablanca.ma\",\"https:\\\/\\\/www.instagram.com\\\/vitablanca.ma\\\/\"]}]}<\/script>\n<!-- \/ Yoast SEO plugin. -->","yoast_head_json":{"title":"Natrol Yohimbe Bark 500 mg, 90 Capsules - Morocco Price","description":"Buy Natrol Yohimbe Bark 500 mg in Morocco. 90 capsules for energy and performance support. Traditionally used.","robots":{"index":"index","follow":"follow","max-snippet":"max-snippet:-1","max-image-preview":"max-image-preview:large","max-video-preview":"max-video-preview:-1"},"canonical":"https:\/\/vitablanca.ma\/en\/product\/natrol-ecorce-de-yohimbe-500-mg-90-capsules-maroc\/","og_locale":"en_US","og_type":"article","og_title":"Natrol \u00c9corce de yohimbe 500 mg, 90 capsules - Maroc Prix","og_description":"Achetez Natrol \u00c9corce de Yohimbe 500 mg au Maroc. 90 capsules pour le soutien \u00e9nerg\u00e9tique et la performance. Traditionnellement utilis\u00e9.","og_url":"https:\/\/vitablanca.ma\/en\/product\/natrol-ecorce-de-yohimbe-500-mg-90-capsules-maroc\/","og_site_name":"Vitablanca.ma &ndash; Sant&eacute;, vitalit&eacute; et bien-&ecirc;tre pour tous les Marocains","article_publisher":"https:\/\/www.facebook.com\/profile.php?id=61576678196717","article_modified_time":"2025-12-03T19:21:55+00:00","og_image":[{"width":680,"height":680,"url":"https:\/\/vitablanca.ma\/wp-content\/uploads\/2025\/06\/natrol-ecorce-de-yohimbe-500-mg-90-capsules-1-1.jpg","type":"image\/jpeg"}],"twitter_card":"summary_large_image","twitter_misc":{"Est. reading time":"1 minute"},"schema":{"@context":"https:\/\/schema.org","@graph":[{"@type":["WebPage","ItemPage"],"@id":"https:\/\/vitablanca.ma\/produit\/natrol-ecorce-de-yohimbe-500-mg-90-capsules-maroc\/","url":"https:\/\/vitablanca.ma\/produit\/natrol-ecorce-de-yohimbe-500-mg-90-capsules-maroc\/","name":"Natrol Yohimbe Bark 500 mg, 90 Capsules - Morocco Price","isPartOf":{"@id":"https:\/\/vitablanca.ma\/#website"},"primaryImageOfPage":{"@id":"https:\/\/vitablanca.ma\/produit\/natrol-ecorce-de-yohimbe-500-mg-90-capsules-maroc\/#primaryimage"},"image":{"@id":"https:\/\/vitablanca.ma\/produit\/natrol-ecorce-de-yohimbe-500-mg-90-capsules-maroc\/#primaryimage"},"thumbnailUrl":"https:\/\/vitablanca.ma\/wp-content\/uploads\/2025\/06\/natrol-ecorce-de-yohimbe-500-mg-90-capsules-1-1.jpg","datePublished":"2025-06-13T19:03:48+00:00","dateModified":"2025-12-03T19:21:55+00:00","description":"Buy Natrol Yohimbe Bark 500 mg in Morocco. 90 capsules for energy and performance support. Traditionally used.","breadcrumb":{"@id":"https:\/\/vitablanca.ma\/produit\/natrol-ecorce-de-yohimbe-500-mg-90-capsules-maroc\/#breadcrumb"},"inLanguage":"en-US","potentialAction":[{"@type":"ReadAction","target":["https:\/\/vitablanca.ma\/produit\/natrol-ecorce-de-yohimbe-500-mg-90-capsules-maroc\/"]}]},{"@type":"ImageObject","inLanguage":"en-US","@id":"https:\/\/vitablanca.ma\/produit\/natrol-ecorce-de-yohimbe-500-mg-90-capsules-maroc\/#primaryimage","url":"https:\/\/vitablanca.ma\/wp-content\/uploads\/2025\/06\/natrol-ecorce-de-yohimbe-500-mg-90-capsules-1-1.jpg","contentUrl":"https:\/\/vitablanca.ma\/wp-content\/uploads\/2025\/06\/natrol-ecorce-de-yohimbe-500-mg-90-capsules-1-1.jpg","width":680,"height":680},{"@type":"BreadcrumbList","@id":"https:\/\/vitablanca.ma\/produit\/natrol-ecorce-de-yohimbe-500-mg-90-capsules-maroc\/#breadcrumb","itemListElement":[{"@type":"ListItem","position":1,"name":"Home","item":"https:\/\/vitablanca.ma\/"},{"@type":"ListItem","position":2,"name":"Tous Les Produits","item":"https:\/\/vitablanca.ma\/tous-les-produits\/"},{"@type":"ListItem","position":3,"name":"Natrol \u00c9corce de yohimbe 500 mg, 90 capsules"}]},{"@type":"WebSite","@id":"https:\/\/vitablanca.ma\/#website","url":"https:\/\/vitablanca.ma\/","name":"VitaBlanca.ma | Food supplements, health &amp; beauty in Morocco","description":"sell premium vitamins and supplements from USA &amp; Canada, New Zealand, Morocco (NOW Foods, Solgar, Manuka). Fast delivery anywhere in Morocco.","publisher":{"@id":"https:\/\/vitablanca.ma\/#organization"},"alternateName":"VitaBlanca.ma","potentialAction":[{"@type":"SearchAction","target":{"@type":"EntryPoint","urlTemplate":"https:\/\/vitablanca.ma\/?s={search_term_string}"},"query-input":{"@type":"PropertyValueSpecification","valueRequired":true,"valueName":"search_term_string"}}],"inLanguage":"en-US"},{"@type":"Organization","@id":"https:\/\/vitablanca.ma\/#organization","name":"VitaBlanca","url":"https:\/\/vitablanca.ma\/","logo":{"@type":"ImageObject","inLanguage":"en-US","@id":"https:\/\/vitablanca.ma\/#\/schema\/logo\/image\/","url":"https:\/\/vitablanca.ma\/wp-content\/uploads\/2025\/05\/cropped-vitablanca.png","contentUrl":"https:\/\/vitablanca.ma\/wp-content\/uploads\/2025\/05\/cropped-vitablanca.png","width":360,"height":67,"caption":"VitaBlanca"},"image":{"@id":"https:\/\/vitablanca.ma\/#\/schema\/logo\/image\/"},"sameAs":["https:\/\/www.facebook.com\/profile.php?id=61576678196717","https:\/\/www.tiktok.com\/@vitablanca.ma","https:\/\/www.instagram.com\/vitablanca.ma\/"]}]}},"jetpack_sharing_enabled":true,"_links":{"self":[{"href":"https:\/\/vitablanca.ma\/en\/wp-json\/wp\/v2\/product\/22669","targetHints":{"allow":["GET"]}}],"collection":[{"href":"https:\/\/vitablanca.ma\/en\/wp-json\/wp\/v2\/product"}],"about":[{"href":"https:\/\/vitablanca.ma\/en\/wp-json\/wp\/v2\/types\/product"}],"wp:featuredmedia":[{"embeddable":true,"href":"https:\/\/vitablanca.ma\/en\/wp-json\/wp\/v2\/media\/22670"}],"wp:attachment":[{"href":"https:\/\/vitablanca.ma\/en\/wp-json\/wp\/v2\/media?parent=22669"}],"wp:term":[{"taxonomy":"product_brand","embeddable":true,"href":"https:\/\/vitablanca.ma\/en\/wp-json\/wp\/v2\/product_brand?post=22669"},{"taxonomy":"product_cat","embeddable":true,"href":"https:\/\/vitablanca.ma\/en\/wp-json\/wp\/v2\/product_cat?post=22669"},{"taxonomy":"product_tag","embeddable":true,"href":"https:\/\/vitablanca.ma\/en\/wp-json\/wp\/v2\/product_tag?post=22669"}],"curies":[{"name":"wp","href":"https:\/\/api.w.org\/{rel}","templated":true}]}}